{"id":408490,"date":"2025-07-01T11:48:44","date_gmt":"2025-07-01T10:48:44","guid":{"rendered":"https:\/\/www.purejewels.com\/?post_type=product&#038;p=408490"},"modified":"2026-04-29T12:05:24","modified_gmt":"2026-04-29T11:05:24","slug":"armreif-aus-22-karat-gold-mit-rhodiniertem-blattmuster","status":"publish","type":"product","link":"https:\/\/www.purejewels.com\/de\/product\/22ct-gold-bangle-with-rhodium-leaf-design\/","title":{"rendered":"Armreif aus 22 Karat Gold mit Rhodium-Blatt-Design"},"content":{"rendered":"<p data-start=\"619\" data-end=\"943\">Zelebrieren Sie Eleganz mit dem Armreif aus 22-kar\u00e4tigem Gold mit Rhodium-Blattmotiv - ein zartes und zugleich bedeutungsvolles St\u00fcck, das von der nat\u00fcrlichen Sch\u00f6nheit von Blattmotiven inspiriert ist. Der aus reinem 22-kar\u00e4tigem Gold handgefertigte Armreif weist ein sich wiederholendes Blattmuster auf, das durch schimmernde Rhodium-Details aufgewertet wird, die einen sanften Kontrast bilden und das Design zum Leben erwecken.<\/p>\n<p data-start=\"945\" data-end=\"1240\">Sein schlankes Profil macht es einfach, ihn f\u00fcr einen raffinierten Alltagslook allein zu tragen oder mit anderen Armreifen f\u00fcr ein festlicheres Ensemble zu kombinieren. Dieser Armreif wurde mit Bedacht f\u00fcr Frauen entworfen, die sowohl Tradition als auch subtile Raffinesse sch\u00e4tzen. Er ist ideal f\u00fcr Hochzeiten, als Geschenk oder einfach, um Ihre eigene Reise zu ehren.<\/p>\n<p data-start=\"1242\" data-end=\"1294\">Auch in weiteren Gr\u00f6\u00dfen erh\u00e4ltlich - bitte anfragen.<\/p>","protected":false},"excerpt":{"rendered":"<p>Dieser Armreif aus strahlendem 22-kar\u00e4tigem Gold zeigt eine anmutige Ranke aus rhodinierten Bl\u00e4ttern, die Wachstum und Sch\u00f6nheit symbolisieren. Leicht und raffiniert, ist er eine zeitlose Erg\u00e4nzung f\u00fcr jede Schmucksammlung.<\/p>\n<ul>\n<li><strong>Material:<\/strong> 22ct Gold<\/li>\n<li><strong>Wahrzeichen:\u00a0<\/strong>Britisches G\u00fctesiegel<\/li>\n<li><strong>Bruttogewicht: <\/strong>12,80 Gramm<\/li>\n<li><strong>Armreif Gr\u00f6\u00dfe:<\/strong> 2.6 (Weitere Gr\u00f6\u00dfen auf Anfrage)<\/li>\n<li><strong>Breite:<\/strong> 3,5 mm<\/li>\n<li><strong>SKU: <\/strong>47212, 47211<\/li>\n<\/ul>\n<p><strong><br \/>\nPreis und Lieferung:\u00a0<\/strong>Inklusive Mehrwertsteuer und Lieferkosten<br \/>\n<strong><a href=\"https:\/\/www.purejewels.com\/de\/ruckgabepolitik\/\">R\u00fcckgabepolitik<\/a><\/strong><\/p>","protected":false},"featured_media":408492,"comment_status":"closed","ping_status":"closed","template":"","meta":{"_eb_attr":"","_crsspst_to_jayantr4sg-hostcom":true},"product_brand":[],"product_cat":[6179,5270,1233,1229,6151,1657,1573,1574,5349],"product_tag":[],"class_list":{"0":"post-408490","1":"product","2":"type-product","3":"status-publish","4":"has-post-thumbnail","6":"product_cat-1-tola-gold-jewellery","7":"product_cat-daily-wear-bangles","8":"product_cat-gold-bangles","9":"product_cat-22ct-gold-jewellery","10":"product_cat-plated-gold-bangles","11":"product_cat-single-bangle","12":"product_cat-wedding-gifts","13":"product_cat-womens-jewellery","14":"product_cat-yellow-gold-jewellery","16":"first","17":"instock","18":"taxable","19":"shipping-taxable","20":"purchasable","21":"product-type-simple","22":"add-to-wishlist-before_image"},"yoast_head":"<!-- This site is optimized with the Yoast SEO plugin v27.5 - https:\/\/yoast.com\/product\/yoast-seo-wordpress\/ -->\n<title>22ct Gold Bangle with Leaf Design | Indian Jewellery for Women<\/title>\n<meta name=\"description\" content=\"Shop the 22ct Gold Bangle with Rhodium Leaf Design. A refined Indian gold bangle for women with a leaf motif and white rhodium finish. Available in multiple sizes.\" \/>\n<meta name=\"robots\" content=\"index, follow, max-snippet:-1, max-image-preview:large, max-video-preview:-1\" \/>\n<link rel=\"canonical\" href=\"https:\/\/www.purejewels.com\/de\/produkt-2\/armreif-aus-22-karat-gold-mit-rhodiniertem-blattmuster\/\" \/>\n<meta property=\"og:locale\" content=\"de_DE\" \/>\n<meta property=\"og:type\" content=\"article\" \/>\n<meta property=\"og:title\" content=\"22ct Gold Bangle with Leaf Design | Indian Jewellery for Women\" \/>\n<meta property=\"og:description\" content=\"Shop the 22ct Gold Bangle with Rhodium Leaf Design. A refined Indian gold bangle for women with a leaf motif and white rhodium finish. Available in multiple sizes.\" \/>\n<meta property=\"og:url\" content=\"https:\/\/www.purejewels.com\/de\/produkt-2\/armreif-aus-22-karat-gold-mit-rhodiniertem-blattmuster\/\" \/>\n<meta property=\"og:site_name\" content=\"PureJewels UK\" \/>\n<meta property=\"article:modified_time\" content=\"2026-04-29T11:05:24+00:00\" \/>\n<meta property=\"og:image\" content=\"https:\/\/static.purejewels.com\/wp-content\/uploads\/2025\/08\/SKU-47212-47213.jpg\" \/>\n\t<meta property=\"og:image:width\" content=\"1000\" \/>\n\t<meta property=\"og:image:height\" content=\"1000\" \/>\n\t<meta property=\"og:image:type\" content=\"image\/jpeg\" \/>\n<meta name=\"twitter:card\" content=\"summary_large_image\" \/>\n<meta name=\"twitter:label1\" content=\"Gesch\u00e4tzte Lesezeit\" \/>\n\t<meta name=\"twitter:data1\" content=\"1\u00a0Minute\" \/>\n<script type=\"application\/ld+json\" class=\"yoast-schema-graph\">{\"@context\":\"https:\\\/\\\/schema.org\",\"@graph\":[{\"@type\":[\"WebPage\",\"ItemPage\"],\"@id\":\"https:\\\/\\\/www.purejewels.com\\\/product\\\/22ct-gold-bangle-with-rhodium-leaf-design\\\/\",\"url\":\"https:\\\/\\\/www.purejewels.com\\\/product\\\/22ct-gold-bangle-with-rhodium-leaf-design\\\/\",\"name\":\"22ct Gold Bangle with Leaf Design | Indian Jewellery for Women\",\"isPartOf\":{\"@id\":\"https:\\\/\\\/www.purejewels.com\\\/#website\"},\"primaryImageOfPage\":{\"@id\":\"https:\\\/\\\/www.purejewels.com\\\/product\\\/22ct-gold-bangle-with-rhodium-leaf-design\\\/#primaryimage\"},\"image\":{\"@id\":\"https:\\\/\\\/www.purejewels.com\\\/product\\\/22ct-gold-bangle-with-rhodium-leaf-design\\\/#primaryimage\"},\"thumbnailUrl\":\"https:\\\/\\\/static.purejewels.com\\\/wp-content\\\/uploads\\\/2025\\\/08\\\/SKU-47212-47213.jpg\",\"datePublished\":\"2025-07-01T10:48:44+00:00\",\"dateModified\":\"2026-04-29T11:05:24+00:00\",\"description\":\"Shop the 22ct Gold Bangle with Rhodium Leaf Design. A refined Indian gold bangle for women with a leaf motif and white rhodium finish. Available in multiple sizes.\",\"breadcrumb\":{\"@id\":\"https:\\\/\\\/www.purejewels.com\\\/product\\\/22ct-gold-bangle-with-rhodium-leaf-design\\\/#breadcrumb\"},\"inLanguage\":\"de\",\"potentialAction\":[{\"@type\":\"ReadAction\",\"target\":[\"https:\\\/\\\/www.purejewels.com\\\/product\\\/22ct-gold-bangle-with-rhodium-leaf-design\\\/\"]}]},{\"@type\":\"ImageObject\",\"inLanguage\":\"de\",\"@id\":\"https:\\\/\\\/www.purejewels.com\\\/product\\\/22ct-gold-bangle-with-rhodium-leaf-design\\\/#primaryimage\",\"url\":\"https:\\\/\\\/static.purejewels.com\\\/wp-content\\\/uploads\\\/2025\\\/08\\\/SKU-47212-47213.jpg\",\"contentUrl\":\"https:\\\/\\\/static.purejewels.com\\\/wp-content\\\/uploads\\\/2025\\\/08\\\/SKU-47212-47213.jpg\",\"width\":1000,\"height\":1000,\"caption\":\"47212\"},{\"@type\":\"BreadcrumbList\",\"@id\":\"https:\\\/\\\/www.purejewels.com\\\/product\\\/22ct-gold-bangle-with-rhodium-leaf-design\\\/#breadcrumb\",\"itemListElement\":[{\"@type\":\"ListItem\",\"position\":1,\"name\":\"Home\",\"item\":\"https:\\\/\\\/www.purejewels.com\\\/\"},{\"@type\":\"ListItem\",\"position\":2,\"name\":\"Shop\",\"item\":\"https:\\\/\\\/www.purejewels.com\\\/shop\\\/\"},{\"@type\":\"ListItem\",\"position\":3,\"name\":\"22ct Gold Bangle with Rhodium Leaf Design\"}]},{\"@type\":\"WebSite\",\"@id\":\"https:\\\/\\\/www.purejewels.com\\\/#website\",\"url\":\"https:\\\/\\\/www.purejewels.com\\\/\",\"name\":\"PureJewels UK\",\"description\":\"Share the Love\",\"publisher\":{\"@id\":\"https:\\\/\\\/www.purejewels.com\\\/#organization\"},\"potentialAction\":[{\"@type\":\"SearchAction\",\"target\":{\"@type\":\"EntryPoint\",\"urlTemplate\":\"https:\\\/\\\/www.purejewels.com\\\/?s={search_term_string}\"},\"query-input\":{\"@type\":\"PropertyValueSpecification\",\"valueRequired\":true,\"valueName\":\"search_term_string\"}}],\"inLanguage\":\"de\"},{\"@type\":\"Organization\",\"@id\":\"https:\\\/\\\/www.purejewels.com\\\/#organization\",\"name\":\"PureJewels UK\",\"url\":\"https:\\\/\\\/www.purejewels.com\\\/\",\"logo\":{\"@type\":\"ImageObject\",\"inLanguage\":\"de\",\"@id\":\"https:\\\/\\\/www.purejewels.com\\\/#\\\/schema\\\/logo\\\/image\\\/\",\"url\":\"https:\\\/\\\/static.purejewels.com\\\/wp-content\\\/uploads\\\/2020\\\/11\\\/Logo-PJ-New-1.png\",\"contentUrl\":\"https:\\\/\\\/static.purejewels.com\\\/wp-content\\\/uploads\\\/2020\\\/11\\\/Logo-PJ-New-1.png\",\"width\":150,\"height\":80,\"caption\":\"PureJewels UK\"},\"image\":{\"@id\":\"https:\\\/\\\/www.purejewels.com\\\/#\\\/schema\\\/logo\\\/image\\\/\"}}]}<\/script>\n<!-- \/ Yoast SEO plugin. -->","yoast_head_json":{"title":"22ct Gold Armreif mit Blatt Design | Indischer Schmuck f\u00fcr Frauen","description":"Shoppen Sie den Armreif aus 22 Karat Gold mit Rhodium-Blattmotiv. Ein raffinierter Armreif aus indischem Gold f\u00fcr Damen mit einem Blattmotiv und wei\u00dfer Rhodiumoberfl\u00e4che. Erh\u00e4ltlich in verschiedenen Gr\u00f6\u00dfen.","robots":{"index":"index","follow":"follow","max-snippet":"max-snippet:-1","max-image-preview":"max-image-preview:large","max-video-preview":"max-video-preview:-1"},"canonical":"https:\/\/www.purejewels.com\/de\/produkt-2\/armreif-aus-22-karat-gold-mit-rhodiniertem-blattmuster\/","og_locale":"de_DE","og_type":"article","og_title":"22ct Gold Bangle with Leaf Design | Indian Jewellery for Women","og_description":"Shop the 22ct Gold Bangle with Rhodium Leaf Design. A refined Indian gold bangle for women with a leaf motif and white rhodium finish. Available in multiple sizes.","og_url":"https:\/\/www.purejewels.com\/de\/produkt-2\/armreif-aus-22-karat-gold-mit-rhodiniertem-blattmuster\/","og_site_name":"PureJewels UK","article_modified_time":"2026-04-29T11:05:24+00:00","og_image":[{"width":1000,"height":1000,"url":"https:\/\/static.purejewels.com\/wp-content\/uploads\/2025\/08\/SKU-47212-47213.jpg","type":"image\/jpeg"}],"twitter_card":"summary_large_image","twitter_misc":{"Gesch\u00e4tzte Lesezeit":"1\u00a0Minute"},"schema":{"@context":"https:\/\/schema.org","@graph":[{"@type":["WebPage","ItemPage"],"@id":"https:\/\/www.purejewels.com\/product\/22ct-gold-bangle-with-rhodium-leaf-design\/","url":"https:\/\/www.purejewels.com\/product\/22ct-gold-bangle-with-rhodium-leaf-design\/","name":"22ct Gold Armreif mit Blatt Design | Indischer Schmuck f\u00fcr Frauen","isPartOf":{"@id":"https:\/\/www.purejewels.com\/#website"},"primaryImageOfPage":{"@id":"https:\/\/www.purejewels.com\/product\/22ct-gold-bangle-with-rhodium-leaf-design\/#primaryimage"},"image":{"@id":"https:\/\/www.purejewels.com\/product\/22ct-gold-bangle-with-rhodium-leaf-design\/#primaryimage"},"thumbnailUrl":"https:\/\/static.purejewels.com\/wp-content\/uploads\/2025\/08\/SKU-47212-47213.jpg","datePublished":"2025-07-01T10:48:44+00:00","dateModified":"2026-04-29T11:05:24+00:00","description":"Shoppen Sie den Armreif aus 22 Karat Gold mit Rhodium-Blattmotiv. Ein raffinierter Armreif aus indischem Gold f\u00fcr Damen mit einem Blattmotiv und wei\u00dfer Rhodiumoberfl\u00e4che. Erh\u00e4ltlich in verschiedenen Gr\u00f6\u00dfen.","breadcrumb":{"@id":"https:\/\/www.purejewels.com\/product\/22ct-gold-bangle-with-rhodium-leaf-design\/#breadcrumb"},"inLanguage":"de","potentialAction":[{"@type":"ReadAction","target":["https:\/\/www.purejewels.com\/product\/22ct-gold-bangle-with-rhodium-leaf-design\/"]}]},{"@type":"ImageObject","inLanguage":"de","@id":"https:\/\/www.purejewels.com\/product\/22ct-gold-bangle-with-rhodium-leaf-design\/#primaryimage","url":"https:\/\/static.purejewels.com\/wp-content\/uploads\/2025\/08\/SKU-47212-47213.jpg","contentUrl":"https:\/\/static.purejewels.com\/wp-content\/uploads\/2025\/08\/SKU-47212-47213.jpg","width":1000,"height":1000,"caption":"47212"},{"@type":"BreadcrumbList","@id":"https:\/\/www.purejewels.com\/product\/22ct-gold-bangle-with-rhodium-leaf-design\/#breadcrumb","itemListElement":[{"@type":"ListItem","position":1,"name":"Home","item":"https:\/\/www.purejewels.com\/"},{"@type":"ListItem","position":2,"name":"Shop","item":"https:\/\/www.purejewels.com\/shop\/"},{"@type":"ListItem","position":3,"name":"22ct Gold Bangle with Rhodium Leaf Design"}]},{"@type":"WebSite","@id":"https:\/\/www.purejewels.com\/#website","url":"https:\/\/www.purejewels.com\/","name":"PureJewels UK","description":"Teile die Liebe","publisher":{"@id":"https:\/\/www.purejewels.com\/#organization"},"potentialAction":[{"@type":"SearchAction","target":{"@type":"EntryPoint","urlTemplate":"https:\/\/www.purejewels.com\/?s={search_term_string}"},"query-input":{"@type":"PropertyValueSpecification","valueRequired":true,"valueName":"search_term_string"}}],"inLanguage":"de"},{"@type":"Organization","@id":"https:\/\/www.purejewels.com\/#organization","name":"PureJewels UK","url":"https:\/\/www.purejewels.com\/","logo":{"@type":"ImageObject","inLanguage":"de","@id":"https:\/\/www.purejewels.com\/#\/schema\/logo\/image\/","url":"https:\/\/static.purejewels.com\/wp-content\/uploads\/2020\/11\/Logo-PJ-New-1.png","contentUrl":"https:\/\/static.purejewels.com\/wp-content\/uploads\/2020\/11\/Logo-PJ-New-1.png","width":150,"height":80,"caption":"PureJewels UK"},"image":{"@id":"https:\/\/www.purejewels.com\/#\/schema\/logo\/image\/"}}]}},"_links":{"self":[{"href":"https:\/\/www.purejewels.com\/de\/wp-json\/wp\/v2\/product\/408490","targetHints":{"allow":["GET"]}}],"collection":[{"href":"https:\/\/www.purejewels.com\/de\/wp-json\/wp\/v2\/product"}],"about":[{"href":"https:\/\/www.purejewels.com\/de\/wp-json\/wp\/v2\/types\/product"}],"replies":[{"embeddable":true,"href":"https:\/\/www.purejewels.com\/de\/wp-json\/wp\/v2\/comments?post=408490"}],"version-history":[{"count":2,"href":"https:\/\/www.purejewels.com\/de\/wp-json\/wp\/v2\/product\/408490\/revisions"}],"predecessor-version":[{"id":425514,"href":"https:\/\/www.purejewels.com\/de\/wp-json\/wp\/v2\/product\/408490\/revisions\/425514"}],"wp:featuredmedia":[{"embeddable":true,"href":"https:\/\/www.purejewels.com\/de\/wp-json\/wp\/v2\/media\/408492"}],"wp:attachment":[{"href":"https:\/\/www.purejewels.com\/de\/wp-json\/wp\/v2\/media?parent=408490"}],"wp:term":[{"taxonomy":"product_brand","embeddable":true,"href":"https:\/\/www.purejewels.com\/de\/wp-json\/wp\/v2\/product_brand?post=408490"},{"taxonomy":"product_cat","embeddable":true,"href":"https:\/\/www.purejewels.com\/de\/wp-json\/wp\/v2\/product_cat?post=408490"},{"taxonomy":"product_tag","embeddable":true,"href":"https:\/\/www.purejewels.com\/de\/wp-json\/wp\/v2\/product_tag?post=408490"}],"curies":[{"name":"wp","href":"https:\/\/api.w.org\/{rel}","templated":true}]}}