{"id":408511,"date":"2025-07-27T13:25:35","date_gmt":"2025-07-27T12:25:35","guid":{"rendered":"https:\/\/www.purejewels.com\/?post_type=product&#038;p=408511"},"modified":"2026-02-18T06:18:08","modified_gmt":"2026-02-18T06:18:08","slug":"22ct-sunrise-goldring-mit-blauem-saphir-52477","status":"publish","type":"product","link":"https:\/\/www.purejewels.com\/de\/product\/22ct-sunrise-gold-ring-with-blue-sapphire-52477\/","title":{"rendered":"22ct Sunrise Goldring mit blauem Saphir"},"content":{"rendered":"<p>Inspiriert von der Poesie der Bewegung und der Kraft der Form, umschlie\u00dft dieser 22-kar\u00e4tige Sunrise Gold Twist Ring einen nat\u00fcrlichen, erhitzten blauen Saphir mit einem Gewicht von 0,87 Karat, der in ein flie\u00dfendes, skulpturales Band eingefasst ist.<\/p>\n<p>Das in unserem Londoner Atelier handgefertigte Twist-Motiv symbolisiert Transformation und Kontinuit\u00e4t - eine visuelle Metapher f\u00fcr den sich entwickelnden Weg des Lebens. Der blaue Saphir, sanft erhitzt, schimmert mit Tiefe und Klarheit und wird seit langem mit Weisheit und Intuition assoziiert.<\/p>\n<p>Dieser Ring ist aus unserem exklusiven Sunrise Gold gefertigt, einer firmeneigenen Mischung aus 22-kar\u00e4tigem Gold, das einen warmen, goldenen Farbton ausstrahlt, und spricht diejenigen an, die Handwerkskunst und stille Symbolik sch\u00e4tzen. Ideal als bedeutungsvolles Geschenk oder als zuk\u00fcnftiges Erbst\u00fcck.<\/p>","protected":false},"excerpt":{"rendered":"<p>Dieser skulpturale Ring aus 22-kar\u00e4tigem Sunrise Gold ist mit einem 0,87-kar\u00e4tigen, nat\u00fcrlichen, erhitzten blauen Saphir geschm\u00fcckt - elegant, symbolisch und zeitlos.<\/p>\n<p><strong>Material:<\/strong>\u00a022ct Sonnenaufgang Gold<strong><br \/>\nWahrzeichen:\u00a0<\/strong>Britisches G\u00fctesiegel<br \/>\n<strong>Saphir Gewicht:<\/strong> 0,87ct<br \/>\n<strong>Stein: <\/strong>Blauer Saphir<br \/>\n<strong>Breite:<\/strong> 1,5 mm<br \/>\n<strong>Gr\u00f6\u00dfe:<\/strong> N<br \/>\n<strong>Bruttogewicht: <\/strong>2.3 Gms<strong><br \/>\nSKU: <\/strong>52477<\/p>\n<p><strong>Preis und Lieferung: <\/strong>Inklusive Mehrwertsteuer und Lieferkosten<strong><br \/>\n<a href=\"https:\/\/www.purejewels.com\/de\/ruckgabepolitik\/\">R\u00fcckgabepolitik<\/a><\/strong><\/p>","protected":false},"featured_media":410932,"comment_status":"closed","ping_status":"closed","template":"","meta":{"_eb_attr":"","_crsspst_to_jayantr4sg-hostcom":false},"product_brand":[],"product_cat":[1791,236,5699,1229,1235,1783,1786,5752,6081,1574,5747],"product_tag":[64],"class_list":{"0":"post-408511","1":"product","2":"type-product","3":"status-publish","4":"has-post-thumbnail","6":"product_cat-anniversary-gifts","7":"product_cat-collections","8":"product_cat-coloured-gemstone-jewellery","9":"product_cat-22ct-gold-jewellery","10":"product_cat-gold-rings","11":"product_cat-ladies-rings","12":"product_cat-occasional-wear-rings","13":"product_cat-gold-sapphire-jewellery","14":"product_cat-sunrise-gold","15":"product_cat-womens-jewellery","16":"product_cat-mantra-collection","17":"product_tag-rings","19":"first","20":"outofstock","21":"taxable","22":"shipping-taxable","23":"product-type-simple","24":"add-to-wishlist-before_image"},"yoast_head":"<!-- This site is optimized with the Yoast SEO plugin v27.3 - https:\/\/yoast.com\/product\/yoast-seo-wordpress\/ -->\n<title>22ct Sunrise Gold Twist Ring with Blue Sapphire | PureJewels<\/title>\n<meta name=\"description\" content=\"Discover refined elegance with our 22ct Sunrise Gold Twist Ring, set with a natural heated 0.87ct blue sapphire. Free delivery across the UK\" \/>\n<meta name=\"robots\" content=\"index, follow, max-snippet:-1, max-image-preview:large, max-video-preview:-1\" \/>\n<link rel=\"canonical\" href=\"https:\/\/www.purejewels.com\/de\/produkt-2\/22ct-sunrise-goldring-mit-blauem-saphir-52477\/\" \/>\n<meta property=\"og:locale\" content=\"de_DE\" \/>\n<meta property=\"og:type\" content=\"article\" \/>\n<meta property=\"og:title\" content=\"22ct Sunrise Gold Twist Ring with Blue Sapphire | PureJewels\" \/>\n<meta property=\"og:description\" content=\"Discover refined elegance with our 22ct Sunrise Gold Twist Ring, set with a natural heated 0.87ct blue sapphire. Free delivery across the UK\" \/>\n<meta property=\"og:url\" content=\"https:\/\/www.purejewels.com\/de\/produkt-2\/22ct-sunrise-goldring-mit-blauem-saphir-52477\/\" \/>\n<meta property=\"og:site_name\" content=\"PureJewels UK\" \/>\n<meta property=\"article:modified_time\" content=\"2026-02-18T06:18:08+00:00\" \/>\n<meta property=\"og:image\" content=\"https:\/\/static.purejewels.com\/wp-content\/uploads\/2025\/07\/SKU-52477.1_Blue-sapphire-1.jpg\" \/>\n\t<meta property=\"og:image:width\" content=\"1000\" \/>\n\t<meta property=\"og:image:height\" content=\"1000\" \/>\n\t<meta property=\"og:image:type\" content=\"image\/jpeg\" \/>\n<meta name=\"twitter:card\" content=\"summary_large_image\" \/>\n<meta name=\"twitter:label1\" content=\"Gesch\u00e4tzte Lesezeit\" \/>\n\t<meta name=\"twitter:data1\" content=\"1\u00a0Minute\" \/>\n<script type=\"application\/ld+json\" class=\"yoast-schema-graph\">{\"@context\":\"https:\\\/\\\/schema.org\",\"@graph\":[{\"@type\":[\"WebPage\",\"ItemPage\"],\"@id\":\"https:\\\/\\\/www.purejewels.com\\\/product\\\/22ct-sunrise-gold-ring-with-blue-sapphire-52477\\\/\",\"url\":\"https:\\\/\\\/www.purejewels.com\\\/product\\\/22ct-sunrise-gold-ring-with-blue-sapphire-52477\\\/\",\"name\":\"22ct Sunrise Gold Twist Ring with Blue Sapphire | PureJewels\",\"isPartOf\":{\"@id\":\"https:\\\/\\\/www.purejewels.com\\\/#website\"},\"primaryImageOfPage\":{\"@id\":\"https:\\\/\\\/www.purejewels.com\\\/product\\\/22ct-sunrise-gold-ring-with-blue-sapphire-52477\\\/#primaryimage\"},\"image\":{\"@id\":\"https:\\\/\\\/www.purejewels.com\\\/product\\\/22ct-sunrise-gold-ring-with-blue-sapphire-52477\\\/#primaryimage\"},\"thumbnailUrl\":\"https:\\\/\\\/static.purejewels.com\\\/wp-content\\\/uploads\\\/2025\\\/07\\\/SKU-52477.1_Blue-sapphire-1.jpg\",\"datePublished\":\"2025-07-27T12:25:35+00:00\",\"dateModified\":\"2026-02-18T06:18:08+00:00\",\"description\":\"Discover refined elegance with our 22ct Sunrise Gold Twist Ring, set with a natural heated 0.87ct blue sapphire. Free delivery across the UK\",\"breadcrumb\":{\"@id\":\"https:\\\/\\\/www.purejewels.com\\\/product\\\/22ct-sunrise-gold-ring-with-blue-sapphire-52477\\\/#breadcrumb\"},\"inLanguage\":\"de\",\"potentialAction\":[{\"@type\":\"ReadAction\",\"target\":[\"https:\\\/\\\/www.purejewels.com\\\/product\\\/22ct-sunrise-gold-ring-with-blue-sapphire-52477\\\/\"]}]},{\"@type\":\"ImageObject\",\"inLanguage\":\"de\",\"@id\":\"https:\\\/\\\/www.purejewels.com\\\/product\\\/22ct-sunrise-gold-ring-with-blue-sapphire-52477\\\/#primaryimage\",\"url\":\"https:\\\/\\\/static.purejewels.com\\\/wp-content\\\/uploads\\\/2025\\\/07\\\/SKU-52477.1_Blue-sapphire-1.jpg\",\"contentUrl\":\"https:\\\/\\\/static.purejewels.com\\\/wp-content\\\/uploads\\\/2025\\\/07\\\/SKU-52477.1_Blue-sapphire-1.jpg\",\"width\":1000,\"height\":1000,\"caption\":\"22ct Sunrise Gold Ring with Blue Sapphire\"},{\"@type\":\"BreadcrumbList\",\"@id\":\"https:\\\/\\\/www.purejewels.com\\\/product\\\/22ct-sunrise-gold-ring-with-blue-sapphire-52477\\\/#breadcrumb\",\"itemListElement\":[{\"@type\":\"ListItem\",\"position\":1,\"name\":\"Home\",\"item\":\"https:\\\/\\\/www.purejewels.com\\\/\"},{\"@type\":\"ListItem\",\"position\":2,\"name\":\"Shop\",\"item\":\"https:\\\/\\\/www.purejewels.com\\\/shop\\\/\"},{\"@type\":\"ListItem\",\"position\":3,\"name\":\"22ct Sunrise Gold Ring with Blue Sapphire\"}]},{\"@type\":\"WebSite\",\"@id\":\"https:\\\/\\\/www.purejewels.com\\\/#website\",\"url\":\"https:\\\/\\\/www.purejewels.com\\\/\",\"name\":\"PureJewels UK\",\"description\":\"Share the Love\",\"publisher\":{\"@id\":\"https:\\\/\\\/www.purejewels.com\\\/#organization\"},\"potentialAction\":[{\"@type\":\"SearchAction\",\"target\":{\"@type\":\"EntryPoint\",\"urlTemplate\":\"https:\\\/\\\/www.purejewels.com\\\/?s={search_term_string}\"},\"query-input\":{\"@type\":\"PropertyValueSpecification\",\"valueRequired\":true,\"valueName\":\"search_term_string\"}}],\"inLanguage\":\"de\"},{\"@type\":\"Organization\",\"@id\":\"https:\\\/\\\/www.purejewels.com\\\/#organization\",\"name\":\"PureJewels UK\",\"url\":\"https:\\\/\\\/www.purejewels.com\\\/\",\"logo\":{\"@type\":\"ImageObject\",\"inLanguage\":\"de\",\"@id\":\"https:\\\/\\\/www.purejewels.com\\\/#\\\/schema\\\/logo\\\/image\\\/\",\"url\":\"https:\\\/\\\/static.purejewels.com\\\/wp-content\\\/uploads\\\/2020\\\/11\\\/Logo-PJ-New-1.png\",\"contentUrl\":\"https:\\\/\\\/static.purejewels.com\\\/wp-content\\\/uploads\\\/2020\\\/11\\\/Logo-PJ-New-1.png\",\"width\":150,\"height\":80,\"caption\":\"PureJewels UK\"},\"image\":{\"@id\":\"https:\\\/\\\/www.purejewels.com\\\/#\\\/schema\\\/logo\\\/image\\\/\"}}]}<\/script>\n<!-- \/ Yoast SEO plugin. -->","yoast_head_json":{"title":"22ct Sunrise Gold Twist Ring mit blauem Saphir | PureJewels","description":"Entdecken Sie raffinierte Eleganz mit unserem 22-kar\u00e4tigen Sunrise Gold Twist Ring, besetzt mit einem nat\u00fcrlichen, erhitzten blauen Saphir von 0,87 Karat. Kostenlose Lieferung in ganz Gro\u00dfbritannien","robots":{"index":"index","follow":"follow","max-snippet":"max-snippet:-1","max-image-preview":"max-image-preview:large","max-video-preview":"max-video-preview:-1"},"canonical":"https:\/\/www.purejewels.com\/de\/produkt-2\/22ct-sunrise-goldring-mit-blauem-saphir-52477\/","og_locale":"de_DE","og_type":"article","og_title":"22ct Sunrise Gold Twist Ring with Blue Sapphire | PureJewels","og_description":"Discover refined elegance with our 22ct Sunrise Gold Twist Ring, set with a natural heated 0.87ct blue sapphire. Free delivery across the UK","og_url":"https:\/\/www.purejewels.com\/de\/produkt-2\/22ct-sunrise-goldring-mit-blauem-saphir-52477\/","og_site_name":"PureJewels UK","article_modified_time":"2026-02-18T06:18:08+00:00","og_image":[{"width":1000,"height":1000,"url":"https:\/\/static.purejewels.com\/wp-content\/uploads\/2025\/07\/SKU-52477.1_Blue-sapphire-1.jpg","type":"image\/jpeg"}],"twitter_card":"summary_large_image","twitter_misc":{"Gesch\u00e4tzte Lesezeit":"1\u00a0Minute"},"schema":{"@context":"https:\/\/schema.org","@graph":[{"@type":["WebPage","ItemPage"],"@id":"https:\/\/www.purejewels.com\/product\/22ct-sunrise-gold-ring-with-blue-sapphire-52477\/","url":"https:\/\/www.purejewels.com\/product\/22ct-sunrise-gold-ring-with-blue-sapphire-52477\/","name":"22ct Sunrise Gold Twist Ring mit blauem Saphir | PureJewels","isPartOf":{"@id":"https:\/\/www.purejewels.com\/#website"},"primaryImageOfPage":{"@id":"https:\/\/www.purejewels.com\/product\/22ct-sunrise-gold-ring-with-blue-sapphire-52477\/#primaryimage"},"image":{"@id":"https:\/\/www.purejewels.com\/product\/22ct-sunrise-gold-ring-with-blue-sapphire-52477\/#primaryimage"},"thumbnailUrl":"https:\/\/static.purejewels.com\/wp-content\/uploads\/2025\/07\/SKU-52477.1_Blue-sapphire-1.jpg","datePublished":"2025-07-27T12:25:35+00:00","dateModified":"2026-02-18T06:18:08+00:00","description":"Entdecken Sie raffinierte Eleganz mit unserem 22-kar\u00e4tigen Sunrise Gold Twist Ring, besetzt mit einem nat\u00fcrlichen, erhitzten blauen Saphir von 0,87 Karat. Kostenlose Lieferung in ganz Gro\u00dfbritannien","breadcrumb":{"@id":"https:\/\/www.purejewels.com\/product\/22ct-sunrise-gold-ring-with-blue-sapphire-52477\/#breadcrumb"},"inLanguage":"de","potentialAction":[{"@type":"ReadAction","target":["https:\/\/www.purejewels.com\/product\/22ct-sunrise-gold-ring-with-blue-sapphire-52477\/"]}]},{"@type":"ImageObject","inLanguage":"de","@id":"https:\/\/www.purejewels.com\/product\/22ct-sunrise-gold-ring-with-blue-sapphire-52477\/#primaryimage","url":"https:\/\/static.purejewels.com\/wp-content\/uploads\/2025\/07\/SKU-52477.1_Blue-sapphire-1.jpg","contentUrl":"https:\/\/static.purejewels.com\/wp-content\/uploads\/2025\/07\/SKU-52477.1_Blue-sapphire-1.jpg","width":1000,"height":1000,"caption":"22ct Sunrise Gold Ring with Blue Sapphire"},{"@type":"BreadcrumbList","@id":"https:\/\/www.purejewels.com\/product\/22ct-sunrise-gold-ring-with-blue-sapphire-52477\/#breadcrumb","itemListElement":[{"@type":"ListItem","position":1,"name":"Home","item":"https:\/\/www.purejewels.com\/"},{"@type":"ListItem","position":2,"name":"Shop","item":"https:\/\/www.purejewels.com\/shop\/"},{"@type":"ListItem","position":3,"name":"22ct Sunrise Gold Ring with Blue Sapphire"}]},{"@type":"WebSite","@id":"https:\/\/www.purejewels.com\/#website","url":"https:\/\/www.purejewels.com\/","name":"PureJewels UK","description":"Teile die Liebe","publisher":{"@id":"https:\/\/www.purejewels.com\/#organization"},"potentialAction":[{"@type":"SearchAction","target":{"@type":"EntryPoint","urlTemplate":"https:\/\/www.purejewels.com\/?s={search_term_string}"},"query-input":{"@type":"PropertyValueSpecification","valueRequired":true,"valueName":"search_term_string"}}],"inLanguage":"de"},{"@type":"Organization","@id":"https:\/\/www.purejewels.com\/#organization","name":"PureJewels UK","url":"https:\/\/www.purejewels.com\/","logo":{"@type":"ImageObject","inLanguage":"de","@id":"https:\/\/www.purejewels.com\/#\/schema\/logo\/image\/","url":"https:\/\/static.purejewels.com\/wp-content\/uploads\/2020\/11\/Logo-PJ-New-1.png","contentUrl":"https:\/\/static.purejewels.com\/wp-content\/uploads\/2020\/11\/Logo-PJ-New-1.png","width":150,"height":80,"caption":"PureJewels UK"},"image":{"@id":"https:\/\/www.purejewels.com\/#\/schema\/logo\/image\/"}}]}},"_links":{"self":[{"href":"https:\/\/www.purejewels.com\/de\/wp-json\/wp\/v2\/product\/408511","targetHints":{"allow":["GET"]}}],"collection":[{"href":"https:\/\/www.purejewels.com\/de\/wp-json\/wp\/v2\/product"}],"about":[{"href":"https:\/\/www.purejewels.com\/de\/wp-json\/wp\/v2\/types\/product"}],"replies":[{"embeddable":true,"href":"https:\/\/www.purejewels.com\/de\/wp-json\/wp\/v2\/comments?post=408511"}],"version-history":[{"count":2,"href":"https:\/\/www.purejewels.com\/de\/wp-json\/wp\/v2\/product\/408511\/revisions"}],"predecessor-version":[{"id":408518,"href":"https:\/\/www.purejewels.com\/de\/wp-json\/wp\/v2\/product\/408511\/revisions\/408518"}],"wp:featuredmedia":[{"embeddable":true,"href":"https:\/\/www.purejewels.com\/de\/wp-json\/wp\/v2\/media\/410932"}],"wp:attachment":[{"href":"https:\/\/www.purejewels.com\/de\/wp-json\/wp\/v2\/media?parent=408511"}],"wp:term":[{"taxonomy":"product_brand","embeddable":true,"href":"https:\/\/www.purejewels.com\/de\/wp-json\/wp\/v2\/product_brand?post=408511"},{"taxonomy":"product_cat","embeddable":true,"href":"https:\/\/www.purejewels.com\/de\/wp-json\/wp\/v2\/product_cat?post=408511"},{"taxonomy":"product_tag","embeddable":true,"href":"https:\/\/www.purejewels.com\/de\/wp-json\/wp\/v2\/product_tag?post=408511"}],"curies":[{"name":"wp","href":"https:\/\/api.w.org\/{rel}","templated":true}]}}