{"id":408521,"date":"2025-06-01T14:00:27","date_gmt":"2025-06-01T13:00:27","guid":{"rendered":"https:\/\/www.purejewels.com\/?post_type=product&#038;p=408521"},"modified":"2026-04-30T11:02:42","modified_gmt":"2026-04-30T10:02:42","slug":"22ct-elchi-samen-poncha-7-zoll","status":"publish","type":"product","link":"https:\/\/www.purejewels.com\/de\/product\/22ct-elchi-seed-poncha-7-inches\/","title":{"rendered":"22ct Sunrise Gold Elchi Samen Poncha | 7 Zoll"},"content":{"rendered":"<p>Die Elchi Seed Poncha ist eine elegante Handkette aus 22 Karat Sunrise Gold, die die stille Sch\u00f6nheit der t\u00e4glichen Rituale widerspiegelt. Inspiriert von der Kardamomschote - die zum Aromatisieren von indischem Tee und S\u00fc\u00dfigkeiten verwendet wird - ist jedes samenf\u00f6rmige Element sorgf\u00e4ltig geformt, um W\u00e4rme, Tradition und pers\u00f6nliche Bedeutung zu zelebrieren. Mit einer feinen Kette, die Handgelenk und Finger miteinander verbindet, ist dieses 7-Zoll-St\u00fcck leicht und doch ausdrucksstark. Es wurde f\u00fcr diejenigen entworfen, die das Erbe sch\u00e4tzen, das in jede Geste eingewoben ist. Tragen Sie es als Zeichen eines festlichen Moments oder als Erbst\u00fcck von allt\u00e4glicher Sch\u00f6nheit.<\/p>","protected":false},"excerpt":{"rendered":"<p>Diese zarte und doch aussagekr\u00e4ftige Poncha aus 22 Karat Sonnenaufgangsgold ist von der Kardamomschote inspiriert, die in indischen Ritualen und Traditionen seit langem gesch\u00e4tzt wird, und zeigt die Form von Elchi-Samen. Sie schmiegt sich anmutig an die Hand und ist eine zeitlose Hommage an Kultur, Handwerkskunst und allt\u00e4gliche Sch\u00f6nheit.<\/p>\n<p><strong>Material:<\/strong>\u00a022ct Sonnenaufgang Gold<strong><br \/>\nWahrzeichen:\u00a0<\/strong>Britisches G\u00fctesiegel<strong><br \/>\n<\/strong><strong>Bruttogewicht: <\/strong>5,75 Gramm<br \/>\n<strong>L\u00e4nge:<\/strong> 7 Zoll<br \/>\n<strong>SKU:<\/strong> 51809, 55039<\/p>\n<p><strong>Preis und Lieferung<\/strong>: Inklusive Mehrwertsteuer und Lieferkosten<br \/>\n<a href=\"https:\/\/www.purejewels.com\/de\/ruckgabepolitik\/\">R\u00fcckgabepolitik<\/a><\/p>","protected":false},"featured_media":408524,"comment_status":"closed","ping_status":"closed","template":"","meta":{"_eb_attr":"","_crsspst_to_jayantr4sg-hostcom":false},"product_brand":[],"product_cat":[1791,6009,1793,5701,5848,1229,1718,6081,1573,1574,5349],"product_tag":[1430],"class_list":{"0":"post-408521","1":"product","2":"type-product","3":"status-publish","4":"has-post-thumbnail","6":"product_cat-anniversary-gifts","7":"product_cat-bracelet-poncha","8":"product_cat-diwali-gifts","9":"product_cat-eid-jewellery","10":"product_cat-elchi-collection","11":"product_cat-22ct-gold-jewellery","12":"product_cat-ladies-poncha","13":"product_cat-sunrise-gold","14":"product_cat-wedding-gifts","15":"product_cat-womens-jewellery","16":"product_cat-yellow-gold-jewellery","17":"product_tag-diwali-gift","19":"first","20":"instock","21":"taxable","22":"shipping-taxable","23":"purchasable","24":"product-type-simple","25":"add-to-wishlist-before_image"},"yoast_head":"<!-- This site is optimized with the Yoast SEO plugin v27.5 - https:\/\/yoast.com\/product\/yoast-seo-wordpress\/ -->\n<title>22ct Elchi Seed Poncha in Gold | PureJewels London UK<\/title>\n<meta name=\"description\" content=\"Shop the 22ct Elchi Seed Poncha from PureJewels. Featuring sculpted cardamom-inspired seeds, this handcrafted gold hand chain celebrates rituals.\" \/>\n<meta name=\"robots\" content=\"index, follow, max-snippet:-1, max-image-preview:large, max-video-preview:-1\" \/>\n<link rel=\"canonical\" href=\"https:\/\/www.purejewels.com\/de\/produkt-2\/22ct-elchi-samen-poncha-7-zoll\/\" \/>\n<meta property=\"og:locale\" content=\"de_DE\" \/>\n<meta property=\"og:type\" content=\"article\" \/>\n<meta property=\"og:title\" content=\"22ct Elchi Seed Poncha in Gold | PureJewels London UK\" \/>\n<meta property=\"og:description\" content=\"Shop the 22ct Elchi Seed Poncha from PureJewels. Featuring sculpted cardamom-inspired seeds, this handcrafted gold hand chain celebrates rituals.\" \/>\n<meta property=\"og:url\" content=\"https:\/\/www.purejewels.com\/de\/produkt-2\/22ct-elchi-samen-poncha-7-zoll\/\" \/>\n<meta property=\"og:site_name\" content=\"PureJewels UK\" \/>\n<meta property=\"article:modified_time\" content=\"2026-04-30T10:02:42+00:00\" \/>\n<meta property=\"og:image\" content=\"https:\/\/static.purejewels.com\/wp-content\/uploads\/2025\/08\/SKU-51809.jpg\" \/>\n\t<meta property=\"og:image:width\" content=\"1000\" \/>\n\t<meta property=\"og:image:height\" content=\"1000\" \/>\n\t<meta property=\"og:image:type\" content=\"image\/jpeg\" \/>\n<meta name=\"twitter:card\" content=\"summary_large_image\" \/>\n<meta name=\"twitter:label1\" content=\"Gesch\u00e4tzte Lesezeit\" \/>\n\t<meta name=\"twitter:data1\" content=\"1\u00a0Minute\" \/>\n<script type=\"application\/ld+json\" class=\"yoast-schema-graph\">{\"@context\":\"https:\\\/\\\/schema.org\",\"@graph\":[{\"@type\":[\"WebPage\",\"ItemPage\"],\"@id\":\"https:\\\/\\\/www.purejewels.com\\\/product\\\/22ct-elchi-seed-poncha-7-inches\\\/\",\"url\":\"https:\\\/\\\/www.purejewels.com\\\/product\\\/22ct-elchi-seed-poncha-7-inches\\\/\",\"name\":\"22ct Elchi Seed Poncha in Gold | PureJewels London UK\",\"isPartOf\":{\"@id\":\"https:\\\/\\\/www.purejewels.com\\\/#website\"},\"primaryImageOfPage\":{\"@id\":\"https:\\\/\\\/www.purejewels.com\\\/product\\\/22ct-elchi-seed-poncha-7-inches\\\/#primaryimage\"},\"image\":{\"@id\":\"https:\\\/\\\/www.purejewels.com\\\/product\\\/22ct-elchi-seed-poncha-7-inches\\\/#primaryimage\"},\"thumbnailUrl\":\"https:\\\/\\\/static.purejewels.com\\\/wp-content\\\/uploads\\\/2025\\\/08\\\/SKU-51809.jpg\",\"datePublished\":\"2025-06-01T13:00:27+00:00\",\"dateModified\":\"2026-04-30T10:02:42+00:00\",\"description\":\"Shop the 22ct Elchi Seed Poncha from PureJewels. Featuring sculpted cardamom-inspired seeds, this handcrafted gold hand chain celebrates rituals.\",\"breadcrumb\":{\"@id\":\"https:\\\/\\\/www.purejewels.com\\\/product\\\/22ct-elchi-seed-poncha-7-inches\\\/#breadcrumb\"},\"inLanguage\":\"de\",\"potentialAction\":[{\"@type\":\"ReadAction\",\"target\":[\"https:\\\/\\\/www.purejewels.com\\\/product\\\/22ct-elchi-seed-poncha-7-inches\\\/\"]}]},{\"@type\":\"ImageObject\",\"inLanguage\":\"de\",\"@id\":\"https:\\\/\\\/www.purejewels.com\\\/product\\\/22ct-elchi-seed-poncha-7-inches\\\/#primaryimage\",\"url\":\"https:\\\/\\\/static.purejewels.com\\\/wp-content\\\/uploads\\\/2025\\\/08\\\/SKU-51809.jpg\",\"contentUrl\":\"https:\\\/\\\/static.purejewels.com\\\/wp-content\\\/uploads\\\/2025\\\/08\\\/SKU-51809.jpg\",\"width\":1000,\"height\":1000},{\"@type\":\"BreadcrumbList\",\"@id\":\"https:\\\/\\\/www.purejewels.com\\\/product\\\/22ct-elchi-seed-poncha-7-inches\\\/#breadcrumb\",\"itemListElement\":[{\"@type\":\"ListItem\",\"position\":1,\"name\":\"Home\",\"item\":\"https:\\\/\\\/www.purejewels.com\\\/\"},{\"@type\":\"ListItem\",\"position\":2,\"name\":\"Shop\",\"item\":\"https:\\\/\\\/www.purejewels.com\\\/shop\\\/\"},{\"@type\":\"ListItem\",\"position\":3,\"name\":\"22ct Sunrise Gold Elchi Seed Poncha | 7 Inches\"}]},{\"@type\":\"WebSite\",\"@id\":\"https:\\\/\\\/www.purejewels.com\\\/#website\",\"url\":\"https:\\\/\\\/www.purejewels.com\\\/\",\"name\":\"PureJewels UK\",\"description\":\"Share the Love\",\"publisher\":{\"@id\":\"https:\\\/\\\/www.purejewels.com\\\/#organization\"},\"potentialAction\":[{\"@type\":\"SearchAction\",\"target\":{\"@type\":\"EntryPoint\",\"urlTemplate\":\"https:\\\/\\\/www.purejewels.com\\\/?s={search_term_string}\"},\"query-input\":{\"@type\":\"PropertyValueSpecification\",\"valueRequired\":true,\"valueName\":\"search_term_string\"}}],\"inLanguage\":\"de\"},{\"@type\":\"Organization\",\"@id\":\"https:\\\/\\\/www.purejewels.com\\\/#organization\",\"name\":\"PureJewels UK\",\"url\":\"https:\\\/\\\/www.purejewels.com\\\/\",\"logo\":{\"@type\":\"ImageObject\",\"inLanguage\":\"de\",\"@id\":\"https:\\\/\\\/www.purejewels.com\\\/#\\\/schema\\\/logo\\\/image\\\/\",\"url\":\"https:\\\/\\\/static.purejewels.com\\\/wp-content\\\/uploads\\\/2020\\\/11\\\/Logo-PJ-New-1.png\",\"contentUrl\":\"https:\\\/\\\/static.purejewels.com\\\/wp-content\\\/uploads\\\/2020\\\/11\\\/Logo-PJ-New-1.png\",\"width\":150,\"height\":80,\"caption\":\"PureJewels UK\"},\"image\":{\"@id\":\"https:\\\/\\\/www.purejewels.com\\\/#\\\/schema\\\/logo\\\/image\\\/\"}}]}<\/script>\n<!-- \/ Yoast SEO plugin. -->","yoast_head_json":{"title":"22ct Elchi Samen Poncha in Gold | PureJewels London UK","description":"Kaufen Sie die 22ct Elchi Seed Poncha von PureJewels. Diese handgefertigte Goldkette mit skulptierten Kardamomsamen zelebriert Rituale.","robots":{"index":"index","follow":"follow","max-snippet":"max-snippet:-1","max-image-preview":"max-image-preview:large","max-video-preview":"max-video-preview:-1"},"canonical":"https:\/\/www.purejewels.com\/de\/produkt-2\/22ct-elchi-samen-poncha-7-zoll\/","og_locale":"de_DE","og_type":"article","og_title":"22ct Elchi Seed Poncha in Gold | PureJewels London UK","og_description":"Shop the 22ct Elchi Seed Poncha from PureJewels. Featuring sculpted cardamom-inspired seeds, this handcrafted gold hand chain celebrates rituals.","og_url":"https:\/\/www.purejewels.com\/de\/produkt-2\/22ct-elchi-samen-poncha-7-zoll\/","og_site_name":"PureJewels UK","article_modified_time":"2026-04-30T10:02:42+00:00","og_image":[{"width":1000,"height":1000,"url":"https:\/\/static.purejewels.com\/wp-content\/uploads\/2025\/08\/SKU-51809.jpg","type":"image\/jpeg"}],"twitter_card":"summary_large_image","twitter_misc":{"Gesch\u00e4tzte Lesezeit":"1\u00a0Minute"},"schema":{"@context":"https:\/\/schema.org","@graph":[{"@type":["WebPage","ItemPage"],"@id":"https:\/\/www.purejewels.com\/product\/22ct-elchi-seed-poncha-7-inches\/","url":"https:\/\/www.purejewels.com\/product\/22ct-elchi-seed-poncha-7-inches\/","name":"22ct Elchi Samen Poncha in Gold | PureJewels London UK","isPartOf":{"@id":"https:\/\/www.purejewels.com\/#website"},"primaryImageOfPage":{"@id":"https:\/\/www.purejewels.com\/product\/22ct-elchi-seed-poncha-7-inches\/#primaryimage"},"image":{"@id":"https:\/\/www.purejewels.com\/product\/22ct-elchi-seed-poncha-7-inches\/#primaryimage"},"thumbnailUrl":"https:\/\/static.purejewels.com\/wp-content\/uploads\/2025\/08\/SKU-51809.jpg","datePublished":"2025-06-01T13:00:27+00:00","dateModified":"2026-04-30T10:02:42+00:00","description":"Kaufen Sie die 22ct Elchi Seed Poncha von PureJewels. Diese handgefertigte Goldkette mit skulptierten Kardamomsamen zelebriert Rituale.","breadcrumb":{"@id":"https:\/\/www.purejewels.com\/product\/22ct-elchi-seed-poncha-7-inches\/#breadcrumb"},"inLanguage":"de","potentialAction":[{"@type":"ReadAction","target":["https:\/\/www.purejewels.com\/product\/22ct-elchi-seed-poncha-7-inches\/"]}]},{"@type":"ImageObject","inLanguage":"de","@id":"https:\/\/www.purejewels.com\/product\/22ct-elchi-seed-poncha-7-inches\/#primaryimage","url":"https:\/\/static.purejewels.com\/wp-content\/uploads\/2025\/08\/SKU-51809.jpg","contentUrl":"https:\/\/static.purejewels.com\/wp-content\/uploads\/2025\/08\/SKU-51809.jpg","width":1000,"height":1000},{"@type":"BreadcrumbList","@id":"https:\/\/www.purejewels.com\/product\/22ct-elchi-seed-poncha-7-inches\/#breadcrumb","itemListElement":[{"@type":"ListItem","position":1,"name":"Home","item":"https:\/\/www.purejewels.com\/"},{"@type":"ListItem","position":2,"name":"Shop","item":"https:\/\/www.purejewels.com\/shop\/"},{"@type":"ListItem","position":3,"name":"22ct Sunrise Gold Elchi Seed Poncha | 7 Inches"}]},{"@type":"WebSite","@id":"https:\/\/www.purejewels.com\/#website","url":"https:\/\/www.purejewels.com\/","name":"PureJewels UK","description":"Teile die Liebe","publisher":{"@id":"https:\/\/www.purejewels.com\/#organization"},"potentialAction":[{"@type":"SearchAction","target":{"@type":"EntryPoint","urlTemplate":"https:\/\/www.purejewels.com\/?s={search_term_string}"},"query-input":{"@type":"PropertyValueSpecification","valueRequired":true,"valueName":"search_term_string"}}],"inLanguage":"de"},{"@type":"Organization","@id":"https:\/\/www.purejewels.com\/#organization","name":"PureJewels UK","url":"https:\/\/www.purejewels.com\/","logo":{"@type":"ImageObject","inLanguage":"de","@id":"https:\/\/www.purejewels.com\/#\/schema\/logo\/image\/","url":"https:\/\/static.purejewels.com\/wp-content\/uploads\/2020\/11\/Logo-PJ-New-1.png","contentUrl":"https:\/\/static.purejewels.com\/wp-content\/uploads\/2020\/11\/Logo-PJ-New-1.png","width":150,"height":80,"caption":"PureJewels UK"},"image":{"@id":"https:\/\/www.purejewels.com\/#\/schema\/logo\/image\/"}}]}},"_links":{"self":[{"href":"https:\/\/www.purejewels.com\/de\/wp-json\/wp\/v2\/product\/408521","targetHints":{"allow":["GET"]}}],"collection":[{"href":"https:\/\/www.purejewels.com\/de\/wp-json\/wp\/v2\/product"}],"about":[{"href":"https:\/\/www.purejewels.com\/de\/wp-json\/wp\/v2\/types\/product"}],"replies":[{"embeddable":true,"href":"https:\/\/www.purejewels.com\/de\/wp-json\/wp\/v2\/comments?post=408521"}],"version-history":[{"count":3,"href":"https:\/\/www.purejewels.com\/de\/wp-json\/wp\/v2\/product\/408521\/revisions"}],"predecessor-version":[{"id":426985,"href":"https:\/\/www.purejewels.com\/de\/wp-json\/wp\/v2\/product\/408521\/revisions\/426985"}],"wp:featuredmedia":[{"embeddable":true,"href":"https:\/\/www.purejewels.com\/de\/wp-json\/wp\/v2\/media\/408524"}],"wp:attachment":[{"href":"https:\/\/www.purejewels.com\/de\/wp-json\/wp\/v2\/media?parent=408521"}],"wp:term":[{"taxonomy":"product_brand","embeddable":true,"href":"https:\/\/www.purejewels.com\/de\/wp-json\/wp\/v2\/product_brand?post=408521"},{"taxonomy":"product_cat","embeddable":true,"href":"https:\/\/www.purejewels.com\/de\/wp-json\/wp\/v2\/product_cat?post=408521"},{"taxonomy":"product_tag","embeddable":true,"href":"https:\/\/www.purejewels.com\/de\/wp-json\/wp\/v2\/product_tag?post=408521"}],"curies":[{"name":"wp","href":"https:\/\/api.w.org\/{rel}","templated":true}]}}