{"id":4086,"date":"2017-07-19T13:24:19","date_gmt":"2017-07-19T12:24:19","guid":{"rendered":"http:\/\/new.purejewels.com\/product\/christian-bauer-wedding-ring-0273648\/"},"modified":"2020-12-21T17:54:21","modified_gmt":"2020-12-21T17:54:21","slug":"christian-bauer-trauring-0273648","status":"publish","type":"product","link":"https:\/\/www.purejewels.com\/de\/product\/christian-bauer-wedding-ring-0273648\/","title":{"rendered":"Christian Bauer Herren Ehering"},"content":{"rendered":"<h2><strong>Christian Bauer Ehering<\/strong><\/h2>\n<p>Hier ist die Gelegenheit, ein <a href=\"https:\/\/www.purejewels.com\/de\/product-category\/wedding-rings-bands\/wedding-bands\/christian-bauer-brands\/\">Christian Bauer<\/a> Ehering zu einem au\u00dfergew\u00f6hnlichen Preis.  Dieser minimalistische Ehering mit einem stilvollen, abgeschr\u00e4gten Kontrast ist aus gl\u00e4nzendem Palladium gefertigt - dem aufstrebenden Cousin des Platins.  Entworfen und gefertigt von den weltber\u00fchmten Kunsthandwerkern von Christian Bauer, wurde er mit einer geb\u00fcrsteten Oberfl\u00e4che und einer polierten Kante versehen.  Dies ist unser Lieblings-Ehering von Christian Bauer f\u00fcr einen dezenten, raffinierten Look - und ideal, wenn Sie auf der Suche nach Luxus in einer niedrigeren Preisklasse sind.<\/p>\n<ul>\n<li>Autorisierter Christian Bauer UK-Fachh\u00e4ndler in London<\/li>\n<li>Christian Bauer Ehering - 0273648<\/li>\n<li>Ausf\u00fchrung: Mattiert mit poliertem Rand<\/li>\n<li>Metall: Palladium<\/li>\n<li>Abgebildete Fingergr\u00f6\u00dfe: N<\/li>\n<li>Verf\u00fcgbare Gr\u00f6\u00dfe N,S<\/li>\n<li>Kann auf Bestellung in Ihrer Fingergr\u00f6\u00dfe angefertigt werden.<\/li>\n<li>Breite: 6,5 mm<\/li>\n<\/ul>\n<h2><strong>Herstellung Ihrer Christian Bauer Trauringe<\/strong><\/h2>\n<p>Alle Trauringe von Christian Bauer werden in der Firmenzentrale hergestellt, die inmitten der Natur in der N\u00e4he des Welzheimer Waldes in Deutschland liegt.  Das markante, umweltfreundliche Geb\u00e4ude verf\u00fcgt \u00fcber ein eigenes Wasseraufbereitungssystem und effiziente Technologie, die es dem Unternehmen erm\u00f6glicht, mit minimalen Auswirkungen auf die Umwelt zu arbeiten.<\/p>\n<p>Wenn Sie selbst eine Umweltinvestition haben, dann wird es Sie freuen, dass Christian Bauer <a href=\"https:\/\/www.purejewels.com\/de\/product\/mens-22ct-gold-wedding-ring-33852\/\">Eheringe<\/a> werden nur aus zuvor abgebauten Metallen hergestellt.  Vor kurzem hat das Unternehmen seine Kollektion um eine begrenzte Anzahl von Palladium-Trauringen erweitert.  Palladium - ein Metall aus der gleichen Gruppe wie Platin - ist viel seltener als Silber und Gold.  Es ist weicher als Platin und hat einen au\u00dfergew\u00f6hnlichen nat\u00fcrlichen Glanz.<\/p>\n<p>Ihr Palladium-Ehering wird von einem Team von Juwelieren geformt, abgeschr\u00e4gt und poliert, um ein perfektes Finish zu gew\u00e4hrleisten.  Zum Schluss wird er mit der deutschen Tanne gestempelt:  Christian Bauers traditionelles Zeichen f\u00fcr h\u00f6chste Qualit\u00e4t.<\/p>","protected":false},"excerpt":{"rendered":"<p>Christian Bauer Hochzeitsband Hier ist die Gelegenheit, eine Christian Bauer Hochzeitsband zu einem au\u00dfergew\u00f6hnlichen Preis zu besitzen.  Diese<\/p>","protected":false},"featured_media":315602,"comment_status":"open","ping_status":"closed","template":"","meta":{"_eb_attr":"","_crsspst_to_jayantr4sg-hostcom":false},"product_brand":[],"product_cat":[238,236,1229,229],"product_tag":[],"class_list":{"0":"post-4086","1":"product","2":"type-product","3":"status-publish","4":"has-post-thumbnail","6":"product_cat-christian-bauer-brands","7":"product_cat-collections","8":"product_cat-22ct-gold-jewellery","9":"product_cat-wedding-bands","11":"first","12":"outofstock","13":"taxable","14":"shipping-taxable","15":"product-type-simple","16":"add-to-wishlist-before_image"},"yoast_head":"<!-- This site is optimized with the Yoast SEO plugin v27.5 - https:\/\/yoast.com\/product\/yoast-seo-wordpress\/ -->\n<title>Christian Bauer Mens Wedding Ring - \u00a31000.00.00 (SKU:273648-9200N)<\/title>\n<meta name=\"robots\" content=\"index, follow, max-snippet:-1, max-image-preview:large, max-video-preview:-1\" \/>\n<link rel=\"canonical\" href=\"https:\/\/www.purejewels.com\/de\/produkt-2\/christian-bauer-trauring-0273648\/\" \/>\n<meta property=\"og:locale\" content=\"de_DE\" \/>\n<meta property=\"og:type\" content=\"article\" \/>\n<meta property=\"og:title\" content=\"Christian Bauer Mens Wedding Ring - \u00a31000.00.00 (SKU:273648-9200N)\" \/>\n<meta property=\"og:description\" content=\"Christian Bauer wedding band Here is an opportunity to own a Christian Bauer wedding band at an exceptional price.\u00a0 This\" \/>\n<meta property=\"og:url\" content=\"https:\/\/www.purejewels.com\/de\/produkt-2\/christian-bauer-trauring-0273648\/\" \/>\n<meta property=\"og:site_name\" content=\"PureJewels UK\" \/>\n<meta property=\"article:modified_time\" content=\"2020-12-21T17:54:21+00:00\" \/>\n<meta property=\"og:image\" content=\"https:\/\/www.purejewels.com\/wp-content\/uploads\/2020\/07\/137217289.jpg\" \/>\n\t<meta property=\"og:image:width\" content=\"960\" \/>\n\t<meta property=\"og:image:height\" content=\"960\" \/>\n\t<meta property=\"og:image:type\" content=\"image\/jpeg\" \/>\n<meta name=\"twitter:card\" content=\"summary_large_image\" \/>\n<meta name=\"twitter:label1\" content=\"Gesch\u00e4tzte Lesezeit\" \/>\n\t<meta name=\"twitter:data1\" content=\"1\u00a0Minute\" \/>\n<script type=\"application\/ld+json\" class=\"yoast-schema-graph\">{\"@context\":\"https:\\\/\\\/schema.org\",\"@graph\":[{\"@type\":[\"WebPage\",\"ItemPage\"],\"@id\":\"https:\\\/\\\/www.purejewels.com\\\/product\\\/christian-bauer-wedding-ring-0273648\\\/\",\"url\":\"https:\\\/\\\/www.purejewels.com\\\/product\\\/christian-bauer-wedding-ring-0273648\\\/\",\"name\":\"Christian Bauer Mens Wedding Ring - \u00a31000.00.00 (SKU:273648-9200N)\",\"isPartOf\":{\"@id\":\"https:\\\/\\\/www.purejewels.com\\\/#website\"},\"primaryImageOfPage\":{\"@id\":\"https:\\\/\\\/www.purejewels.com\\\/product\\\/christian-bauer-wedding-ring-0273648\\\/#primaryimage\"},\"image\":{\"@id\":\"https:\\\/\\\/www.purejewels.com\\\/product\\\/christian-bauer-wedding-ring-0273648\\\/#primaryimage\"},\"thumbnailUrl\":\"https:\\\/\\\/static.purejewels.com\\\/wp-content\\\/uploads\\\/2020\\\/07\\\/137217289.jpg\",\"datePublished\":\"2017-07-19T12:24:19+00:00\",\"dateModified\":\"2020-12-21T17:54:21+00:00\",\"breadcrumb\":{\"@id\":\"https:\\\/\\\/www.purejewels.com\\\/product\\\/christian-bauer-wedding-ring-0273648\\\/#breadcrumb\"},\"inLanguage\":\"de\",\"potentialAction\":[{\"@type\":\"ReadAction\",\"target\":[\"https:\\\/\\\/www.purejewels.com\\\/product\\\/christian-bauer-wedding-ring-0273648\\\/\"]}]},{\"@type\":\"ImageObject\",\"inLanguage\":\"de\",\"@id\":\"https:\\\/\\\/www.purejewels.com\\\/product\\\/christian-bauer-wedding-ring-0273648\\\/#primaryimage\",\"url\":\"https:\\\/\\\/static.purejewels.com\\\/wp-content\\\/uploads\\\/2020\\\/07\\\/137217289.jpg\",\"contentUrl\":\"https:\\\/\\\/static.purejewels.com\\\/wp-content\\\/uploads\\\/2020\\\/07\\\/137217289.jpg\",\"width\":960,\"height\":960},{\"@type\":\"BreadcrumbList\",\"@id\":\"https:\\\/\\\/www.purejewels.com\\\/product\\\/christian-bauer-wedding-ring-0273648\\\/#breadcrumb\",\"itemListElement\":[{\"@type\":\"ListItem\",\"position\":1,\"name\":\"Home\",\"item\":\"https:\\\/\\\/www.purejewels.com\\\/\"},{\"@type\":\"ListItem\",\"position\":2,\"name\":\"Shop\",\"item\":\"https:\\\/\\\/www.purejewels.com\\\/shop\\\/\"},{\"@type\":\"ListItem\",\"position\":3,\"name\":\"Christian Bauer Mens Wedding Ring\"}]},{\"@type\":\"WebSite\",\"@id\":\"https:\\\/\\\/www.purejewels.com\\\/#website\",\"url\":\"https:\\\/\\\/www.purejewels.com\\\/\",\"name\":\"PureJewels UK\",\"description\":\"Share the Love\",\"publisher\":{\"@id\":\"https:\\\/\\\/www.purejewels.com\\\/#organization\"},\"potentialAction\":[{\"@type\":\"SearchAction\",\"target\":{\"@type\":\"EntryPoint\",\"urlTemplate\":\"https:\\\/\\\/www.purejewels.com\\\/?s={search_term_string}\"},\"query-input\":{\"@type\":\"PropertyValueSpecification\",\"valueRequired\":true,\"valueName\":\"search_term_string\"}}],\"inLanguage\":\"de\"},{\"@type\":\"Organization\",\"@id\":\"https:\\\/\\\/www.purejewels.com\\\/#organization\",\"name\":\"PureJewels UK\",\"url\":\"https:\\\/\\\/www.purejewels.com\\\/\",\"logo\":{\"@type\":\"ImageObject\",\"inLanguage\":\"de\",\"@id\":\"https:\\\/\\\/www.purejewels.com\\\/#\\\/schema\\\/logo\\\/image\\\/\",\"url\":\"https:\\\/\\\/static.purejewels.com\\\/wp-content\\\/uploads\\\/2020\\\/11\\\/Logo-PJ-New-1.png\",\"contentUrl\":\"https:\\\/\\\/static.purejewels.com\\\/wp-content\\\/uploads\\\/2020\\\/11\\\/Logo-PJ-New-1.png\",\"width\":150,\"height\":80,\"caption\":\"PureJewels UK\"},\"image\":{\"@id\":\"https:\\\/\\\/www.purejewels.com\\\/#\\\/schema\\\/logo\\\/image\\\/\"}}]}<\/script>\n<!-- \/ Yoast SEO plugin. -->","yoast_head_json":{"title":"Christian Bauer Herren Ehering - \u00a31000.00.00 (SKU:273648-9200N)","robots":{"index":"index","follow":"follow","max-snippet":"max-snippet:-1","max-image-preview":"max-image-preview:large","max-video-preview":"max-video-preview:-1"},"canonical":"https:\/\/www.purejewels.com\/de\/produkt-2\/christian-bauer-trauring-0273648\/","og_locale":"de_DE","og_type":"article","og_title":"Christian Bauer Mens Wedding Ring - \u00a31000.00.00 (SKU:273648-9200N)","og_description":"Christian Bauer wedding band Here is an opportunity to own a Christian Bauer wedding band at an exceptional price.\u00a0 This","og_url":"https:\/\/www.purejewels.com\/de\/produkt-2\/christian-bauer-trauring-0273648\/","og_site_name":"PureJewels UK","article_modified_time":"2020-12-21T17:54:21+00:00","og_image":[{"width":960,"height":960,"url":"https:\/\/www.purejewels.com\/wp-content\/uploads\/2020\/07\/137217289.jpg","type":"image\/jpeg"}],"twitter_card":"summary_large_image","twitter_misc":{"Gesch\u00e4tzte Lesezeit":"1\u00a0Minute"},"schema":{"@context":"https:\/\/schema.org","@graph":[{"@type":["WebPage","ItemPage"],"@id":"https:\/\/www.purejewels.com\/product\/christian-bauer-wedding-ring-0273648\/","url":"https:\/\/www.purejewels.com\/product\/christian-bauer-wedding-ring-0273648\/","name":"Christian Bauer Herren Ehering - \u00a31000.00.00 (SKU:273648-9200N)","isPartOf":{"@id":"https:\/\/www.purejewels.com\/#website"},"primaryImageOfPage":{"@id":"https:\/\/www.purejewels.com\/product\/christian-bauer-wedding-ring-0273648\/#primaryimage"},"image":{"@id":"https:\/\/www.purejewels.com\/product\/christian-bauer-wedding-ring-0273648\/#primaryimage"},"thumbnailUrl":"https:\/\/static.purejewels.com\/wp-content\/uploads\/2020\/07\/137217289.jpg","datePublished":"2017-07-19T12:24:19+00:00","dateModified":"2020-12-21T17:54:21+00:00","breadcrumb":{"@id":"https:\/\/www.purejewels.com\/product\/christian-bauer-wedding-ring-0273648\/#breadcrumb"},"inLanguage":"de","potentialAction":[{"@type":"ReadAction","target":["https:\/\/www.purejewels.com\/product\/christian-bauer-wedding-ring-0273648\/"]}]},{"@type":"ImageObject","inLanguage":"de","@id":"https:\/\/www.purejewels.com\/product\/christian-bauer-wedding-ring-0273648\/#primaryimage","url":"https:\/\/static.purejewels.com\/wp-content\/uploads\/2020\/07\/137217289.jpg","contentUrl":"https:\/\/static.purejewels.com\/wp-content\/uploads\/2020\/07\/137217289.jpg","width":960,"height":960},{"@type":"BreadcrumbList","@id":"https:\/\/www.purejewels.com\/product\/christian-bauer-wedding-ring-0273648\/#breadcrumb","itemListElement":[{"@type":"ListItem","position":1,"name":"Home","item":"https:\/\/www.purejewels.com\/"},{"@type":"ListItem","position":2,"name":"Shop","item":"https:\/\/www.purejewels.com\/shop\/"},{"@type":"ListItem","position":3,"name":"Christian Bauer Mens Wedding Ring"}]},{"@type":"WebSite","@id":"https:\/\/www.purejewels.com\/#website","url":"https:\/\/www.purejewels.com\/","name":"PureJewels UK","description":"Teile die Liebe","publisher":{"@id":"https:\/\/www.purejewels.com\/#organization"},"potentialAction":[{"@type":"SearchAction","target":{"@type":"EntryPoint","urlTemplate":"https:\/\/www.purejewels.com\/?s={search_term_string}"},"query-input":{"@type":"PropertyValueSpecification","valueRequired":true,"valueName":"search_term_string"}}],"inLanguage":"de"},{"@type":"Organization","@id":"https:\/\/www.purejewels.com\/#organization","name":"PureJewels UK","url":"https:\/\/www.purejewels.com\/","logo":{"@type":"ImageObject","inLanguage":"de","@id":"https:\/\/www.purejewels.com\/#\/schema\/logo\/image\/","url":"https:\/\/static.purejewels.com\/wp-content\/uploads\/2020\/11\/Logo-PJ-New-1.png","contentUrl":"https:\/\/static.purejewels.com\/wp-content\/uploads\/2020\/11\/Logo-PJ-New-1.png","width":150,"height":80,"caption":"PureJewels UK"},"image":{"@id":"https:\/\/www.purejewels.com\/#\/schema\/logo\/image\/"}}]}},"_links":{"self":[{"href":"https:\/\/www.purejewels.com\/de\/wp-json\/wp\/v2\/product\/4086","targetHints":{"allow":["GET"]}}],"collection":[{"href":"https:\/\/www.purejewels.com\/de\/wp-json\/wp\/v2\/product"}],"about":[{"href":"https:\/\/www.purejewels.com\/de\/wp-json\/wp\/v2\/types\/product"}],"replies":[{"embeddable":true,"href":"https:\/\/www.purejewels.com\/de\/wp-json\/wp\/v2\/comments?post=4086"}],"version-history":[{"count":0,"href":"https:\/\/www.purejewels.com\/de\/wp-json\/wp\/v2\/product\/4086\/revisions"}],"wp:featuredmedia":[{"embeddable":true,"href":"https:\/\/www.purejewels.com\/de\/wp-json\/wp\/v2\/media\/315602"}],"wp:attachment":[{"href":"https:\/\/www.purejewels.com\/de\/wp-json\/wp\/v2\/media?parent=4086"}],"wp:term":[{"taxonomy":"product_brand","embeddable":true,"href":"https:\/\/www.purejewels.com\/de\/wp-json\/wp\/v2\/product_brand?post=4086"},{"taxonomy":"product_cat","embeddable":true,"href":"https:\/\/www.purejewels.com\/de\/wp-json\/wp\/v2\/product_cat?post=4086"},{"taxonomy":"product_tag","embeddable":true,"href":"https:\/\/www.purejewels.com\/de\/wp-json\/wp\/v2\/product_tag?post=4086"}],"curies":[{"name":"wp","href":"https:\/\/api.w.org\/{rel}","templated":true}]}}