{"id":408907,"date":"2025-09-14T05:51:00","date_gmt":"2025-09-14T04:51:00","guid":{"rendered":"https:\/\/www.purejewels.com\/?post_type=product&#038;p=408907"},"modified":"2026-05-14T05:38:42","modified_gmt":"2026-05-14T04:38:42","slug":"22-karat-gold-perlenarmreif-mit-munzmuster-52529","status":"publish","type":"product","link":"https:\/\/www.purejewels.com\/de\/product\/22ct-gold-beaded-coin-pattern-bangle-52529\/","title":{"rendered":"22ct Gold Beaded Coin Pattern Armreif"},"content":{"rendered":"<p data-start=\"97\" data-end=\"339\"><strong data-start=\"97\" data-end=\"107\">Gestaltung<\/strong><br data-start=\"107\" data-end=\"110\" \/>Dieser Armreif hat ein durchgehendes M\u00fcnzmuster aus Perlen, das eine rhythmische Silhouette schafft, die sowohl klassisch als auch modern ist. Seine klaren Linien und verspielten Details verleihen ihm eine stilvolle Vielseitigkeit, mit der er jedes Outfit aufwertet.<\/p>\n<p data-start=\"341\" data-end=\"573\"><strong data-start=\"341\" data-end=\"358\">Handwerkliches K\u00f6nnen<\/strong><br data-start=\"358\" data-end=\"361\" \/>Der handgefertigte Armreif aus 22 Karat Gelbgold, der in London gestempelt wurde, ist in Gr\u00f6\u00dfe 2,6 erh\u00e4ltlich. Er kann auf Bestellung in jeder Gr\u00f6\u00dfe angefertigt werden und spiegelt sowohl Pr\u00e4zision als auch Anpassungsf\u00e4higkeit im Design wider.<\/p>\n<p data-start=\"575\" data-end=\"810\"><strong data-start=\"575\" data-end=\"586\">Styling<\/strong><br data-start=\"586\" data-end=\"589\" \/>Ein vielseitiges Accessoire, das sich wunderbar mit traditioneller Kleidung, festlichen Looks oder modernen Ensembles kombinieren l\u00e4sst. Sein schickes, von M\u00fcnzen inspiriertes Design verleiht ihm einen trendigen Touch und macht es ideal f\u00fcr Lagenlooks oder als Einzelst\u00fcck.<\/p>","protected":false},"excerpt":{"rendered":"<p data-start=\"291\" data-end=\"500\">Dieser zarte und unverwechselbare Armreif aus 22-kar\u00e4tigem Gold zeigt ein anmutiges, von M\u00fcnzen inspiriertes Motiv mit Perlendetails. Er ist leicht und dennoch charaktervoll und eignet sich perfekt zum \u00dcberziehen oder f\u00fcr den eleganten Alltag.<\/p>\n<ul>\n<li><strong>Material:<\/strong> 22ct Gold (91,6% reines Gold)<\/li>\n<li><strong>Wahrzeichen:\u00a0<\/strong>Britisches G\u00fctesiegel<\/li>\n<li><strong>Bruttogewicht: <\/strong>12.20 Gms<\/li>\n<li><strong>Armreif Gr\u00f6\u00dfe:<\/strong> 2.6 (Weitere Gr\u00f6\u00dfen auf Anfrage)<\/li>\n<li><strong>SKU: <\/strong>52529,52530<\/li>\n<\/ul>\n<p><strong><br \/>\nPreis und Lieferung:\u00a0<\/strong>Inklusive Mehrwertsteuer und Lieferkosten<br \/>\n<em><strong>Anmerkung:<\/strong> Der angegebene Preis gilt f\u00fcr einen einzelnen Armreif.<\/em><br \/>\n<strong><a href=\"https:\/\/www.purejewels.com\/de\/ruckgabepolitik\/\">R\u00fcckgabepolitik<\/a><\/strong><\/p>","protected":false},"featured_media":408910,"comment_status":"closed","ping_status":"closed","template":"","meta":{"_eb_attr":"","_crsspst_to_jayantr4sg-hostcom":true},"product_brand":[],"product_cat":[5270,5701,1233,1229,1657,1573,1574,5349],"product_tag":[],"class_list":{"0":"post-408907","1":"product","2":"type-product","3":"status-publish","4":"has-post-thumbnail","6":"product_cat-daily-wear-bangles","7":"product_cat-eid-jewellery","8":"product_cat-gold-bangles","9":"product_cat-22ct-gold-jewellery","10":"product_cat-single-bangle","11":"product_cat-wedding-gifts","12":"product_cat-womens-jewellery","13":"product_cat-yellow-gold-jewellery","15":"first","16":"outofstock","17":"taxable","18":"shipping-taxable","19":"product-type-simple","20":"add-to-wishlist-before_image"},"yoast_head":"<!-- This site is optimized with the Yoast SEO plugin v27.6 - https:\/\/yoast.com\/product\/yoast-seo-wordpress\/ -->\n<title>Gold Beaded Coin Pattern Bangle \u2013 Lightweight Bangle Design<\/title>\n<meta name=\"description\" content=\"Discover our 22ct Gold Beaded Coin Bangle, a lightweight and hallmarked piece perfect for everyday wear or gifting. Shop PureJewels online.\" \/>\n<meta name=\"robots\" content=\"index, follow, max-snippet:-1, max-image-preview:large, max-video-preview:-1\" \/>\n<link rel=\"canonical\" href=\"https:\/\/www.purejewels.com\/de\/produkt-2\/22-karat-gold-perlenarmreif-mit-munzmuster-52529\/\" \/>\n<meta property=\"og:locale\" content=\"de_DE\" \/>\n<meta property=\"og:type\" content=\"article\" \/>\n<meta property=\"og:title\" content=\"Gold Beaded Coin Pattern Bangle \u2013 Lightweight Bangle Design\" \/>\n<meta property=\"og:description\" content=\"Discover our 22ct Gold Beaded Coin Bangle, a lightweight and hallmarked piece perfect for everyday wear or gifting. Shop PureJewels online.\" \/>\n<meta property=\"og:url\" content=\"https:\/\/www.purejewels.com\/de\/produkt-2\/22-karat-gold-perlenarmreif-mit-munzmuster-52529\/\" \/>\n<meta property=\"og:site_name\" content=\"PureJewels UK\" \/>\n<meta property=\"article:modified_time\" content=\"2026-05-14T04:38:42+00:00\" \/>\n<meta property=\"og:image\" content=\"https:\/\/static.purejewels.com\/wp-content\/uploads\/2025\/08\/SKU-52529.jpg\" \/>\n\t<meta property=\"og:image:width\" content=\"1000\" \/>\n\t<meta property=\"og:image:height\" content=\"1000\" \/>\n\t<meta property=\"og:image:type\" content=\"image\/jpeg\" \/>\n<meta name=\"twitter:card\" content=\"summary_large_image\" \/>\n<meta name=\"twitter:label1\" content=\"Gesch\u00e4tzte Lesezeit\" \/>\n\t<meta name=\"twitter:data1\" content=\"1\u00a0Minute\" \/>\n<script type=\"application\/ld+json\" class=\"yoast-schema-graph\">{\"@context\":\"https:\\\/\\\/schema.org\",\"@graph\":[{\"@type\":[\"WebPage\",\"ItemPage\"],\"@id\":\"https:\\\/\\\/www.purejewels.com\\\/product\\\/22ct-gold-beaded-coin-pattern-bangle-52529\\\/\",\"url\":\"https:\\\/\\\/www.purejewels.com\\\/product\\\/22ct-gold-beaded-coin-pattern-bangle-52529\\\/\",\"name\":\"Gold Beaded Coin Pattern Bangle \u2013 Lightweight Bangle Design\",\"isPartOf\":{\"@id\":\"https:\\\/\\\/www.purejewels.com\\\/#website\"},\"primaryImageOfPage\":{\"@id\":\"https:\\\/\\\/www.purejewels.com\\\/product\\\/22ct-gold-beaded-coin-pattern-bangle-52529\\\/#primaryimage\"},\"image\":{\"@id\":\"https:\\\/\\\/www.purejewels.com\\\/product\\\/22ct-gold-beaded-coin-pattern-bangle-52529\\\/#primaryimage\"},\"thumbnailUrl\":\"https:\\\/\\\/static.purejewels.com\\\/wp-content\\\/uploads\\\/2025\\\/08\\\/SKU-52529.jpg\",\"datePublished\":\"2025-09-14T04:51:00+00:00\",\"dateModified\":\"2026-05-14T04:38:42+00:00\",\"description\":\"Discover our 22ct Gold Beaded Coin Bangle, a lightweight and hallmarked piece perfect for everyday wear or gifting. Shop PureJewels online.\",\"breadcrumb\":{\"@id\":\"https:\\\/\\\/www.purejewels.com\\\/product\\\/22ct-gold-beaded-coin-pattern-bangle-52529\\\/#breadcrumb\"},\"inLanguage\":\"de\",\"potentialAction\":[{\"@type\":\"ReadAction\",\"target\":[\"https:\\\/\\\/www.purejewels.com\\\/product\\\/22ct-gold-beaded-coin-pattern-bangle-52529\\\/\"]}]},{\"@type\":\"ImageObject\",\"inLanguage\":\"de\",\"@id\":\"https:\\\/\\\/www.purejewels.com\\\/product\\\/22ct-gold-beaded-coin-pattern-bangle-52529\\\/#primaryimage\",\"url\":\"https:\\\/\\\/static.purejewels.com\\\/wp-content\\\/uploads\\\/2025\\\/08\\\/SKU-52529.jpg\",\"contentUrl\":\"https:\\\/\\\/static.purejewels.com\\\/wp-content\\\/uploads\\\/2025\\\/08\\\/SKU-52529.jpg\",\"width\":1000,\"height\":1000,\"caption\":\"52529\"},{\"@type\":\"BreadcrumbList\",\"@id\":\"https:\\\/\\\/www.purejewels.com\\\/product\\\/22ct-gold-beaded-coin-pattern-bangle-52529\\\/#breadcrumb\",\"itemListElement\":[{\"@type\":\"ListItem\",\"position\":1,\"name\":\"Home\",\"item\":\"https:\\\/\\\/www.purejewels.com\\\/\"},{\"@type\":\"ListItem\",\"position\":2,\"name\":\"Shop\",\"item\":\"https:\\\/\\\/www.purejewels.com\\\/shop\\\/\"},{\"@type\":\"ListItem\",\"position\":3,\"name\":\"22ct Gold Beaded Coin Pattern Bangle\"}]},{\"@type\":\"WebSite\",\"@id\":\"https:\\\/\\\/www.purejewels.com\\\/#website\",\"url\":\"https:\\\/\\\/www.purejewels.com\\\/\",\"name\":\"PureJewels UK\",\"description\":\"Share the Love\",\"publisher\":{\"@id\":\"https:\\\/\\\/www.purejewels.com\\\/#organization\"},\"potentialAction\":[{\"@type\":\"SearchAction\",\"target\":{\"@type\":\"EntryPoint\",\"urlTemplate\":\"https:\\\/\\\/www.purejewels.com\\\/?s={search_term_string}\"},\"query-input\":{\"@type\":\"PropertyValueSpecification\",\"valueRequired\":true,\"valueName\":\"search_term_string\"}}],\"inLanguage\":\"de\"},{\"@type\":\"Organization\",\"@id\":\"https:\\\/\\\/www.purejewels.com\\\/#organization\",\"name\":\"PureJewels UK\",\"url\":\"https:\\\/\\\/www.purejewels.com\\\/\",\"logo\":{\"@type\":\"ImageObject\",\"inLanguage\":\"de\",\"@id\":\"https:\\\/\\\/www.purejewels.com\\\/#\\\/schema\\\/logo\\\/image\\\/\",\"url\":\"https:\\\/\\\/static.purejewels.com\\\/wp-content\\\/uploads\\\/2020\\\/11\\\/Logo-PJ-New-1.png\",\"contentUrl\":\"https:\\\/\\\/static.purejewels.com\\\/wp-content\\\/uploads\\\/2020\\\/11\\\/Logo-PJ-New-1.png\",\"width\":150,\"height\":80,\"caption\":\"PureJewels UK\"},\"image\":{\"@id\":\"https:\\\/\\\/www.purejewels.com\\\/#\\\/schema\\\/logo\\\/image\\\/\"}}]}<\/script>\n<!-- \/ Yoast SEO plugin. -->","yoast_head_json":{"title":"Gold Beaded Coin Pattern Armreif - Leichter Armreif Design","description":"Entdecken Sie unsere 22ct Gold Beaded Coin Bangle, ein leichtes und gepunztes St\u00fcck perfekt f\u00fcr den Alltag oder als Geschenk. Kaufen Sie PureJewels online.","robots":{"index":"index","follow":"follow","max-snippet":"max-snippet:-1","max-image-preview":"max-image-preview:large","max-video-preview":"max-video-preview:-1"},"canonical":"https:\/\/www.purejewels.com\/de\/produkt-2\/22-karat-gold-perlenarmreif-mit-munzmuster-52529\/","og_locale":"de_DE","og_type":"article","og_title":"Gold Beaded Coin Pattern Bangle \u2013 Lightweight Bangle Design","og_description":"Discover our 22ct Gold Beaded Coin Bangle, a lightweight and hallmarked piece perfect for everyday wear or gifting. Shop PureJewels online.","og_url":"https:\/\/www.purejewels.com\/de\/produkt-2\/22-karat-gold-perlenarmreif-mit-munzmuster-52529\/","og_site_name":"PureJewels UK","article_modified_time":"2026-05-14T04:38:42+00:00","og_image":[{"width":1000,"height":1000,"url":"https:\/\/static.purejewels.com\/wp-content\/uploads\/2025\/08\/SKU-52529.jpg","type":"image\/jpeg"}],"twitter_card":"summary_large_image","twitter_misc":{"Gesch\u00e4tzte Lesezeit":"1\u00a0Minute"},"schema":{"@context":"https:\/\/schema.org","@graph":[{"@type":["WebPage","ItemPage"],"@id":"https:\/\/www.purejewels.com\/product\/22ct-gold-beaded-coin-pattern-bangle-52529\/","url":"https:\/\/www.purejewels.com\/product\/22ct-gold-beaded-coin-pattern-bangle-52529\/","name":"Gold Beaded Coin Pattern Armreif - Leichter Armreif Design","isPartOf":{"@id":"https:\/\/www.purejewels.com\/#website"},"primaryImageOfPage":{"@id":"https:\/\/www.purejewels.com\/product\/22ct-gold-beaded-coin-pattern-bangle-52529\/#primaryimage"},"image":{"@id":"https:\/\/www.purejewels.com\/product\/22ct-gold-beaded-coin-pattern-bangle-52529\/#primaryimage"},"thumbnailUrl":"https:\/\/static.purejewels.com\/wp-content\/uploads\/2025\/08\/SKU-52529.jpg","datePublished":"2025-09-14T04:51:00+00:00","dateModified":"2026-05-14T04:38:42+00:00","description":"Entdecken Sie unsere 22ct Gold Beaded Coin Bangle, ein leichtes und gepunztes St\u00fcck perfekt f\u00fcr den Alltag oder als Geschenk. Kaufen Sie PureJewels online.","breadcrumb":{"@id":"https:\/\/www.purejewels.com\/product\/22ct-gold-beaded-coin-pattern-bangle-52529\/#breadcrumb"},"inLanguage":"de","potentialAction":[{"@type":"ReadAction","target":["https:\/\/www.purejewels.com\/product\/22ct-gold-beaded-coin-pattern-bangle-52529\/"]}]},{"@type":"ImageObject","inLanguage":"de","@id":"https:\/\/www.purejewels.com\/product\/22ct-gold-beaded-coin-pattern-bangle-52529\/#primaryimage","url":"https:\/\/static.purejewels.com\/wp-content\/uploads\/2025\/08\/SKU-52529.jpg","contentUrl":"https:\/\/static.purejewels.com\/wp-content\/uploads\/2025\/08\/SKU-52529.jpg","width":1000,"height":1000,"caption":"52529"},{"@type":"BreadcrumbList","@id":"https:\/\/www.purejewels.com\/product\/22ct-gold-beaded-coin-pattern-bangle-52529\/#breadcrumb","itemListElement":[{"@type":"ListItem","position":1,"name":"Home","item":"https:\/\/www.purejewels.com\/"},{"@type":"ListItem","position":2,"name":"Shop","item":"https:\/\/www.purejewels.com\/shop\/"},{"@type":"ListItem","position":3,"name":"22ct Gold Beaded Coin Pattern Bangle"}]},{"@type":"WebSite","@id":"https:\/\/www.purejewels.com\/#website","url":"https:\/\/www.purejewels.com\/","name":"PureJewels UK","description":"Teile die Liebe","publisher":{"@id":"https:\/\/www.purejewels.com\/#organization"},"potentialAction":[{"@type":"SearchAction","target":{"@type":"EntryPoint","urlTemplate":"https:\/\/www.purejewels.com\/?s={search_term_string}"},"query-input":{"@type":"PropertyValueSpecification","valueRequired":true,"valueName":"search_term_string"}}],"inLanguage":"de"},{"@type":"Organization","@id":"https:\/\/www.purejewels.com\/#organization","name":"PureJewels UK","url":"https:\/\/www.purejewels.com\/","logo":{"@type":"ImageObject","inLanguage":"de","@id":"https:\/\/www.purejewels.com\/#\/schema\/logo\/image\/","url":"https:\/\/static.purejewels.com\/wp-content\/uploads\/2020\/11\/Logo-PJ-New-1.png","contentUrl":"https:\/\/static.purejewels.com\/wp-content\/uploads\/2020\/11\/Logo-PJ-New-1.png","width":150,"height":80,"caption":"PureJewels UK"},"image":{"@id":"https:\/\/www.purejewels.com\/#\/schema\/logo\/image\/"}}]}},"_links":{"self":[{"href":"https:\/\/www.purejewels.com\/de\/wp-json\/wp\/v2\/product\/408907","targetHints":{"allow":["GET"]}}],"collection":[{"href":"https:\/\/www.purejewels.com\/de\/wp-json\/wp\/v2\/product"}],"about":[{"href":"https:\/\/www.purejewels.com\/de\/wp-json\/wp\/v2\/types\/product"}],"replies":[{"embeddable":true,"href":"https:\/\/www.purejewels.com\/de\/wp-json\/wp\/v2\/comments?post=408907"}],"version-history":[{"count":4,"href":"https:\/\/www.purejewels.com\/de\/wp-json\/wp\/v2\/product\/408907\/revisions"}],"predecessor-version":[{"id":426865,"href":"https:\/\/www.purejewels.com\/de\/wp-json\/wp\/v2\/product\/408907\/revisions\/426865"}],"wp:featuredmedia":[{"embeddable":true,"href":"https:\/\/www.purejewels.com\/de\/wp-json\/wp\/v2\/media\/408910"}],"wp:attachment":[{"href":"https:\/\/www.purejewels.com\/de\/wp-json\/wp\/v2\/media?parent=408907"}],"wp:term":[{"taxonomy":"product_brand","embeddable":true,"href":"https:\/\/www.purejewels.com\/de\/wp-json\/wp\/v2\/product_brand?post=408907"},{"taxonomy":"product_cat","embeddable":true,"href":"https:\/\/www.purejewels.com\/de\/wp-json\/wp\/v2\/product_cat?post=408907"},{"taxonomy":"product_tag","embeddable":true,"href":"https:\/\/www.purejewels.com\/de\/wp-json\/wp\/v2\/product_tag?post=408907"}],"curies":[{"name":"wp","href":"https:\/\/api.w.org\/{rel}","templated":true}]}}