{"id":408913,"date":"2025-07-04T06:09:29","date_gmt":"2025-07-04T05:09:29","guid":{"rendered":"https:\/\/www.purejewels.com\/?post_type=product&#038;p=408913"},"modified":"2026-01-10T16:15:11","modified_gmt":"2026-01-10T16:15:11","slug":"schlanker-armreif-aus-22-karat-gold-mit-strukturiertem-rand-52532","status":"publish","type":"product","link":"https:\/\/www.purejewels.com\/de\/product\/22ct-gold-textured-edge-slim-bangle-52532\/","title":{"rendered":"22ct Gold Textured Edge Slim Armreif"},"content":{"rendered":"<p data-start=\"545\" data-end=\"845\">Diese <strong data-start=\"592\" data-end=\"631\">22ct Gold Textured Edge Slim Armreif<\/strong> ist eine anmutige Erg\u00e4nzung f\u00fcr jede Schmuckgarderobe - raffiniert, vielseitig und mit exquisiten Details. Mit einem Gewicht von 11,2 Gramm ist er perfekt f\u00fcr alle, die die Sch\u00f6nheit der Schlichtheit und des durchdachten Designs zu sch\u00e4tzen wissen.<\/p>\n<p data-start=\"847\" data-end=\"1126\">Durch sein schlankes Profil ist er ideal zum Stapeln oder als Einzelst\u00fcck zu tragen, w\u00e4hrend der zart geriffelte Rand einen sanften Schimmer und taktilen Charme verleiht. Der aus hochreinem 22-kar\u00e4tigem Gelbgold gefertigte und vom London Assay Office gepunzte Armreif verbindet traditionellen Wert mit moderner Eleganz.<\/p>\n<p data-start=\"1128\" data-end=\"1220\">Ob geschenkt oder selbst ausgesucht, er tr\u00e4gt das PureJewels-G\u00fctesiegel f\u00fcr zeitlose Handwerkskunst.<\/p>\n<ul>\n<li data-start=\"1249\" data-end=\"1280\">\n<p data-start=\"1251\" data-end=\"1280\"><strong data-start=\"1251\" data-end=\"1261\">Metall:<\/strong> 22ct Gelbgold<\/p>\n<\/li>\n<li data-start=\"1281\" data-end=\"1317\">\n<p data-start=\"1283\" data-end=\"1317\"><strong data-start=\"1283\" data-end=\"1294\">Gewicht:<\/strong> 11,2 Gramm (ca.)<\/p>\n<\/li>\n<li data-start=\"1318\" data-end=\"1367\">\n<p data-start=\"1320\" data-end=\"1367\"><strong data-start=\"1320\" data-end=\"1329\">Gr\u00f6\u00dfe:<\/strong> 2,6 (Innendurchmesser ca. 60,2 mm)<\/p>\n<\/li>\n<li data-start=\"1368\" data-end=\"1412\">\n<p data-start=\"1370\" data-end=\"1412\"><strong data-start=\"1370\" data-end=\"1381\">Entwurf:<\/strong> Schlank mit fein strukturiertem Rand<\/p>\n<\/li>\n<li data-start=\"1413\" data-end=\"1468\">\n<p data-start=\"1415\" data-end=\"1468\"><strong data-start=\"1415\" data-end=\"1426\">Beenden:<\/strong> Hochglanzpolierter K\u00f6rper mit definierten Details<\/p>\n<\/li>\n<li data-start=\"1469\" data-end=\"1512\">\n<p data-start=\"1471\" data-end=\"1512\"><strong data-start=\"1471\" data-end=\"1484\">Wahrzeichen:<\/strong> Britisches G\u00fctesiegel<\/p>\n<\/li>\n<li data-start=\"1513\" data-end=\"1566\">\n<p data-start=\"1515\" data-end=\"1566\"><strong data-start=\"1515\" data-end=\"1529\">Verpackung:<\/strong> Luxuri\u00f6se PureJewels Pr\u00e4sentationsbox<\/p>\n<\/li>\n<\/ul>","protected":false},"excerpt":{"rendered":"<p data-start=\"291\" data-end=\"500\">Ein zeitloser Armreif aus reichhaltigem 22-kar\u00e4tigem Gold, der sich sowohl f\u00fcr den Alltag als auch als wertvolles Geschenk eignet. Dieser massive Armreif mit glatter Oberfl\u00e4che spiegelt PureJewels' Engagement f\u00fcr traditionelle Handwerkskunst und dauerhafte Sch\u00f6nheit wider.<\/p>\n<ul>\n<li><strong>Material:<\/strong> 22ct Gold<\/li>\n<li><strong>Wahrzeichen:\u00a0<\/strong>Britisches G\u00fctesiegel<\/li>\n<li><strong>Bruttogewicht: <\/strong>11.20 Gms<\/li>\n<li><strong>Armreif Gr\u00f6\u00dfe: <\/strong>2.6 (Weitere Gr\u00f6\u00dfen auf Anfrage)<\/li>\n<li><strong>Breite:<\/strong> 3mm<\/li>\n<li><strong>SKU: <\/strong>52532<\/li>\n<\/ul>\n<p><strong><br \/>\nPreis und Lieferung:\u00a0<\/strong>Inklusive Mehrwertsteuer und Lieferkosten<br \/>\n<strong><a href=\"https:\/\/www.purejewels.com\/de\/ruckgabepolitik\/\">R\u00fcckgabepolitik<\/a><\/strong><\/p>","protected":false},"featured_media":408916,"comment_status":"closed","ping_status":"closed","template":"","meta":{"_eb_attr":"","_crsspst_to_jayantr4sg-hostcom":true},"product_brand":[],"product_cat":[5270,1233,1229,1657,1573,1574,5349],"product_tag":[],"class_list":{"0":"post-408913","1":"product","2":"type-product","3":"status-publish","4":"has-post-thumbnail","6":"product_cat-daily-wear-bangles","7":"product_cat-gold-bangles","8":"product_cat-22ct-gold-jewellery","9":"product_cat-single-bangle","10":"product_cat-wedding-gifts","11":"product_cat-womens-jewellery","12":"product_cat-yellow-gold-jewellery","14":"first","15":"outofstock","16":"taxable","17":"shipping-taxable","18":"product-type-simple","19":"add-to-wishlist-before_image"},"yoast_head":"<!-- This site is optimized with the Yoast SEO plugin v27.5 - https:\/\/yoast.com\/product\/yoast-seo-wordpress\/ -->\n<title>22ct Gold Textured Edge Slim Bangle | PureJewels UK<\/title>\n<meta name=\"description\" content=\"Shop the 22ct Gold Slim Bangle with textured edge \u2013 11.2g, size 2.6. A refined piece for elegant stacking or everyday wear. Hallmarked &amp; crafted to perfection.\" \/>\n<meta name=\"robots\" content=\"index, follow, max-snippet:-1, max-image-preview:large, max-video-preview:-1\" \/>\n<link rel=\"canonical\" href=\"https:\/\/www.purejewels.com\/de\/produkt-2\/schlanker-armreif-aus-22-karat-gold-mit-strukturiertem-rand-52532\/\" \/>\n<meta property=\"og:locale\" content=\"de_DE\" \/>\n<meta property=\"og:type\" content=\"article\" \/>\n<meta property=\"og:title\" content=\"22ct Gold Textured Edge Slim Bangle | PureJewels UK\" \/>\n<meta property=\"og:description\" content=\"Shop the 22ct Gold Slim Bangle with textured edge \u2013 11.2g, size 2.6. A refined piece for elegant stacking or everyday wear. Hallmarked &amp; crafted to perfection.\" \/>\n<meta property=\"og:url\" content=\"https:\/\/www.purejewels.com\/de\/produkt-2\/schlanker-armreif-aus-22-karat-gold-mit-strukturiertem-rand-52532\/\" \/>\n<meta property=\"og:site_name\" content=\"PureJewels UK\" \/>\n<meta property=\"article:modified_time\" content=\"2026-01-10T16:15:11+00:00\" \/>\n<meta property=\"og:image\" content=\"https:\/\/www.purejewels.com\/wp-content\/uploads\/2025\/08\/SKU-52532.jpg\" \/>\n\t<meta property=\"og:image:width\" content=\"1000\" \/>\n\t<meta property=\"og:image:height\" content=\"1000\" \/>\n\t<meta property=\"og:image:type\" content=\"image\/jpeg\" \/>\n<meta name=\"twitter:card\" content=\"summary_large_image\" \/>\n<meta name=\"twitter:label1\" content=\"Gesch\u00e4tzte Lesezeit\" \/>\n\t<meta name=\"twitter:data1\" content=\"1\u00a0Minute\" \/>\n<script type=\"application\/ld+json\" class=\"yoast-schema-graph\">{\"@context\":\"https:\\\/\\\/schema.org\",\"@graph\":[{\"@type\":[\"WebPage\",\"ItemPage\"],\"@id\":\"https:\\\/\\\/www.purejewels.com\\\/product\\\/22ct-gold-textured-edge-slim-bangle-52532\\\/\",\"url\":\"https:\\\/\\\/www.purejewels.com\\\/product\\\/22ct-gold-textured-edge-slim-bangle-52532\\\/\",\"name\":\"22ct Gold Textured Edge Slim Bangle | PureJewels UK\",\"isPartOf\":{\"@id\":\"https:\\\/\\\/www.purejewels.com\\\/#website\"},\"primaryImageOfPage\":{\"@id\":\"https:\\\/\\\/www.purejewels.com\\\/product\\\/22ct-gold-textured-edge-slim-bangle-52532\\\/#primaryimage\"},\"image\":{\"@id\":\"https:\\\/\\\/www.purejewels.com\\\/product\\\/22ct-gold-textured-edge-slim-bangle-52532\\\/#primaryimage\"},\"thumbnailUrl\":\"https:\\\/\\\/static.purejewels.com\\\/wp-content\\\/uploads\\\/2025\\\/08\\\/SKU-52532.jpg\",\"datePublished\":\"2025-07-04T05:09:29+00:00\",\"dateModified\":\"2026-01-10T16:15:11+00:00\",\"description\":\"Shop the 22ct Gold Slim Bangle with textured edge \u2013 11.2g, size 2.6. A refined piece for elegant stacking or everyday wear. Hallmarked & crafted to perfection.\",\"breadcrumb\":{\"@id\":\"https:\\\/\\\/www.purejewels.com\\\/product\\\/22ct-gold-textured-edge-slim-bangle-52532\\\/#breadcrumb\"},\"inLanguage\":\"de\",\"potentialAction\":[{\"@type\":\"ReadAction\",\"target\":[\"https:\\\/\\\/www.purejewels.com\\\/product\\\/22ct-gold-textured-edge-slim-bangle-52532\\\/\"]}]},{\"@type\":\"ImageObject\",\"inLanguage\":\"de\",\"@id\":\"https:\\\/\\\/www.purejewels.com\\\/product\\\/22ct-gold-textured-edge-slim-bangle-52532\\\/#primaryimage\",\"url\":\"https:\\\/\\\/static.purejewels.com\\\/wp-content\\\/uploads\\\/2025\\\/08\\\/SKU-52532.jpg\",\"contentUrl\":\"https:\\\/\\\/static.purejewels.com\\\/wp-content\\\/uploads\\\/2025\\\/08\\\/SKU-52532.jpg\",\"width\":1000,\"height\":1000,\"caption\":\"52532\"},{\"@type\":\"BreadcrumbList\",\"@id\":\"https:\\\/\\\/www.purejewels.com\\\/product\\\/22ct-gold-textured-edge-slim-bangle-52532\\\/#breadcrumb\",\"itemListElement\":[{\"@type\":\"ListItem\",\"position\":1,\"name\":\"Home\",\"item\":\"https:\\\/\\\/www.purejewels.com\\\/\"},{\"@type\":\"ListItem\",\"position\":2,\"name\":\"Shop\",\"item\":\"https:\\\/\\\/www.purejewels.com\\\/shop\\\/\"},{\"@type\":\"ListItem\",\"position\":3,\"name\":\"22ct Gold Textured Edge Slim Bangle\"}]},{\"@type\":\"WebSite\",\"@id\":\"https:\\\/\\\/www.purejewels.com\\\/#website\",\"url\":\"https:\\\/\\\/www.purejewels.com\\\/\",\"name\":\"PureJewels UK\",\"description\":\"Share the Love\",\"publisher\":{\"@id\":\"https:\\\/\\\/www.purejewels.com\\\/#organization\"},\"potentialAction\":[{\"@type\":\"SearchAction\",\"target\":{\"@type\":\"EntryPoint\",\"urlTemplate\":\"https:\\\/\\\/www.purejewels.com\\\/?s={search_term_string}\"},\"query-input\":{\"@type\":\"PropertyValueSpecification\",\"valueRequired\":true,\"valueName\":\"search_term_string\"}}],\"inLanguage\":\"de\"},{\"@type\":\"Organization\",\"@id\":\"https:\\\/\\\/www.purejewels.com\\\/#organization\",\"name\":\"PureJewels UK\",\"url\":\"https:\\\/\\\/www.purejewels.com\\\/\",\"logo\":{\"@type\":\"ImageObject\",\"inLanguage\":\"de\",\"@id\":\"https:\\\/\\\/www.purejewels.com\\\/#\\\/schema\\\/logo\\\/image\\\/\",\"url\":\"https:\\\/\\\/static.purejewels.com\\\/wp-content\\\/uploads\\\/2020\\\/11\\\/Logo-PJ-New-1.png\",\"contentUrl\":\"https:\\\/\\\/static.purejewels.com\\\/wp-content\\\/uploads\\\/2020\\\/11\\\/Logo-PJ-New-1.png\",\"width\":150,\"height\":80,\"caption\":\"PureJewels UK\"},\"image\":{\"@id\":\"https:\\\/\\\/www.purejewels.com\\\/#\\\/schema\\\/logo\\\/image\\\/\"}}]}<\/script>\n<!-- \/ Yoast SEO plugin. -->","yoast_head_json":{"title":"22ct Gold texturierte Kante schlanke Armreif | PureJewels UK","description":"Shoppen Sie den 22ct Gold Slim Bangle mit strukturiertem Rand - 11,2 g, Gr\u00f6\u00dfe 2,6. Ein raffiniertes St\u00fcck f\u00fcr elegantes Stapeln oder t\u00e4gliches Tragen. Gepunzt und in Handarbeit zur Perfektion gebracht.","robots":{"index":"index","follow":"follow","max-snippet":"max-snippet:-1","max-image-preview":"max-image-preview:large","max-video-preview":"max-video-preview:-1"},"canonical":"https:\/\/www.purejewels.com\/de\/produkt-2\/schlanker-armreif-aus-22-karat-gold-mit-strukturiertem-rand-52532\/","og_locale":"de_DE","og_type":"article","og_title":"22ct Gold Textured Edge Slim Bangle | PureJewels UK","og_description":"Shop the 22ct Gold Slim Bangle with textured edge \u2013 11.2g, size 2.6. A refined piece for elegant stacking or everyday wear. Hallmarked & crafted to perfection.","og_url":"https:\/\/www.purejewels.com\/de\/produkt-2\/schlanker-armreif-aus-22-karat-gold-mit-strukturiertem-rand-52532\/","og_site_name":"PureJewels UK","article_modified_time":"2026-01-10T16:15:11+00:00","og_image":[{"width":1000,"height":1000,"url":"https:\/\/www.purejewels.com\/wp-content\/uploads\/2025\/08\/SKU-52532.jpg","type":"image\/jpeg"}],"twitter_card":"summary_large_image","twitter_misc":{"Gesch\u00e4tzte Lesezeit":"1\u00a0Minute"},"schema":{"@context":"https:\/\/schema.org","@graph":[{"@type":["WebPage","ItemPage"],"@id":"https:\/\/www.purejewels.com\/product\/22ct-gold-textured-edge-slim-bangle-52532\/","url":"https:\/\/www.purejewels.com\/product\/22ct-gold-textured-edge-slim-bangle-52532\/","name":"22ct Gold texturierte Kante schlanke Armreif | PureJewels UK","isPartOf":{"@id":"https:\/\/www.purejewels.com\/#website"},"primaryImageOfPage":{"@id":"https:\/\/www.purejewels.com\/product\/22ct-gold-textured-edge-slim-bangle-52532\/#primaryimage"},"image":{"@id":"https:\/\/www.purejewels.com\/product\/22ct-gold-textured-edge-slim-bangle-52532\/#primaryimage"},"thumbnailUrl":"https:\/\/static.purejewels.com\/wp-content\/uploads\/2025\/08\/SKU-52532.jpg","datePublished":"2025-07-04T05:09:29+00:00","dateModified":"2026-01-10T16:15:11+00:00","description":"Shoppen Sie den 22ct Gold Slim Bangle mit strukturiertem Rand - 11,2 g, Gr\u00f6\u00dfe 2,6. Ein raffiniertes St\u00fcck f\u00fcr elegantes Stapeln oder t\u00e4gliches Tragen. Gepunzt und in Handarbeit zur Perfektion gebracht.","breadcrumb":{"@id":"https:\/\/www.purejewels.com\/product\/22ct-gold-textured-edge-slim-bangle-52532\/#breadcrumb"},"inLanguage":"de","potentialAction":[{"@type":"ReadAction","target":["https:\/\/www.purejewels.com\/product\/22ct-gold-textured-edge-slim-bangle-52532\/"]}]},{"@type":"ImageObject","inLanguage":"de","@id":"https:\/\/www.purejewels.com\/product\/22ct-gold-textured-edge-slim-bangle-52532\/#primaryimage","url":"https:\/\/static.purejewels.com\/wp-content\/uploads\/2025\/08\/SKU-52532.jpg","contentUrl":"https:\/\/static.purejewels.com\/wp-content\/uploads\/2025\/08\/SKU-52532.jpg","width":1000,"height":1000,"caption":"52532"},{"@type":"BreadcrumbList","@id":"https:\/\/www.purejewels.com\/product\/22ct-gold-textured-edge-slim-bangle-52532\/#breadcrumb","itemListElement":[{"@type":"ListItem","position":1,"name":"Home","item":"https:\/\/www.purejewels.com\/"},{"@type":"ListItem","position":2,"name":"Shop","item":"https:\/\/www.purejewels.com\/shop\/"},{"@type":"ListItem","position":3,"name":"22ct Gold Textured Edge Slim Bangle"}]},{"@type":"WebSite","@id":"https:\/\/www.purejewels.com\/#website","url":"https:\/\/www.purejewels.com\/","name":"PureJewels UK","description":"Teile die Liebe","publisher":{"@id":"https:\/\/www.purejewels.com\/#organization"},"potentialAction":[{"@type":"SearchAction","target":{"@type":"EntryPoint","urlTemplate":"https:\/\/www.purejewels.com\/?s={search_term_string}"},"query-input":{"@type":"PropertyValueSpecification","valueRequired":true,"valueName":"search_term_string"}}],"inLanguage":"de"},{"@type":"Organization","@id":"https:\/\/www.purejewels.com\/#organization","name":"PureJewels UK","url":"https:\/\/www.purejewels.com\/","logo":{"@type":"ImageObject","inLanguage":"de","@id":"https:\/\/www.purejewels.com\/#\/schema\/logo\/image\/","url":"https:\/\/static.purejewels.com\/wp-content\/uploads\/2020\/11\/Logo-PJ-New-1.png","contentUrl":"https:\/\/static.purejewels.com\/wp-content\/uploads\/2020\/11\/Logo-PJ-New-1.png","width":150,"height":80,"caption":"PureJewels UK"},"image":{"@id":"https:\/\/www.purejewels.com\/#\/schema\/logo\/image\/"}}]}},"_links":{"self":[{"href":"https:\/\/www.purejewels.com\/de\/wp-json\/wp\/v2\/product\/408913","targetHints":{"allow":["GET"]}}],"collection":[{"href":"https:\/\/www.purejewels.com\/de\/wp-json\/wp\/v2\/product"}],"about":[{"href":"https:\/\/www.purejewels.com\/de\/wp-json\/wp\/v2\/types\/product"}],"replies":[{"embeddable":true,"href":"https:\/\/www.purejewels.com\/de\/wp-json\/wp\/v2\/comments?post=408913"}],"version-history":[{"count":3,"href":"https:\/\/www.purejewels.com\/de\/wp-json\/wp\/v2\/product\/408913\/revisions"}],"predecessor-version":[{"id":408982,"href":"https:\/\/www.purejewels.com\/de\/wp-json\/wp\/v2\/product\/408913\/revisions\/408982"}],"wp:featuredmedia":[{"embeddable":true,"href":"https:\/\/www.purejewels.com\/de\/wp-json\/wp\/v2\/media\/408916"}],"wp:attachment":[{"href":"https:\/\/www.purejewels.com\/de\/wp-json\/wp\/v2\/media?parent=408913"}],"wp:term":[{"taxonomy":"product_brand","embeddable":true,"href":"https:\/\/www.purejewels.com\/de\/wp-json\/wp\/v2\/product_brand?post=408913"},{"taxonomy":"product_cat","embeddable":true,"href":"https:\/\/www.purejewels.com\/de\/wp-json\/wp\/v2\/product_cat?post=408913"},{"taxonomy":"product_tag","embeddable":true,"href":"https:\/\/www.purejewels.com\/de\/wp-json\/wp\/v2\/product_tag?post=408913"}],"curies":[{"name":"wp","href":"https:\/\/api.w.org\/{rel}","templated":true}]}}