{"id":408931,"date":"2025-07-04T07:17:28","date_gmt":"2025-07-04T06:17:28","guid":{"rendered":"https:\/\/www.purejewels.com\/?post_type=product&#038;p=408931"},"modified":"2026-03-10T06:38:54","modified_gmt":"2026-03-10T06:38:54","slug":"zweilagiger-armreif-aus-22-karat-gold-mit-weisen-perlenakzenten-52023","status":"publish","type":"product","link":"https:\/\/www.purejewels.com\/de\/product\/22ct-gold-twin-layer-bangle-with-white-bead-accents-52023\/","title":{"rendered":"22ct Gold Twin Layer Armreif mit wei\u00dfen Perlen Akzente"},"content":{"rendered":"<p data-start=\"554\" data-end=\"914\">Diese <strong data-start=\"609\" data-end=\"645\">22ct Gold Twin Layer Armreif<\/strong>\u00a0zeichnet sich durch ein flie\u00dfendes, offenes Design mit sanft geschwungenen Goldstr\u00e4ngen aus, die von schimmernden wei\u00dfen Perlenspitzen akzentuiert werden. Die Armreifen sind aus hochreinem 22-Karat-Gold gefertigt und wiegen ca. 6,4 Gramm (pro Paar). Sie sind perfekt f\u00fcr alle, die auf Minimalismus mit Pfiff stehen.<\/p>\n<p data-start=\"916\" data-end=\"1240\">Die kontrastierenden wei\u00dfen Perlendetails verleihen ihnen einen modernen, skulpturalen Touch und machen sie vielseitig einsetzbar, sowohl tags\u00fcber als auch abends. Mit einer Gr\u00f6\u00dfe von 2,6 bieten sie eine bequeme Passform mit leichter Leichtigkeit. Ob einzeln getragen f\u00fcr subtilen Charme oder gestapelt f\u00fcr ein gewagtes Statement, sie spiegeln PureJewels' charakteristische Mischung aus Kunstfertigkeit und Innovation wider.<\/p>","protected":false},"excerpt":{"rendered":"<p data-start=\"291\" data-end=\"500\">Ein eleganter und moderner Armreif aus 22-kar\u00e4tigem Gold mit doppellagigen Kurven, die mit polierten wei\u00dfen Perlen (Rhodium-Finish) verziert sind. Leicht und elegant - perfekt f\u00fcr modernes Stapeln oder als Einzelst\u00fcck.<\/p>\n<ul>\n<li><strong>Material:<\/strong> 22ct Gold<\/li>\n<li><strong>Wahrzeichen:\u00a0<\/strong>Britisches G\u00fctesiegel<\/li>\n<li><strong>Bruttogewicht: <\/strong>6,40 Gramm<\/li>\n<li><strong>Armreif Gr\u00f6\u00dfe: <\/strong>2.6 (Weitere Gr\u00f6\u00dfen auf Anfrage)<\/li>\n<li><strong>SKU: <\/strong>52023, 50979<\/li>\n<\/ul>\n<p><strong><br \/>\nPreis und Lieferung:\u00a0<\/strong>Inklusive Mehrwertsteuer und Lieferkosten<br \/>\n<strong><a href=\"https:\/\/www.purejewels.com\/de\/ruckgabepolitik\/\">R\u00fcckgabepolitik<\/a><\/strong><\/p>","protected":false},"featured_media":408933,"comment_status":"closed","ping_status":"closed","template":"","meta":{"_eb_attr":"","_crsspst_to_jayantr4sg-hostcom":true},"product_brand":[],"product_cat":[5701,1233,1229,5271,1657,1573,1574,5349],"product_tag":[],"class_list":{"0":"post-408931","1":"product","2":"type-product","3":"status-publish","4":"has-post-thumbnail","6":"product_cat-eid-jewellery","7":"product_cat-gold-bangles","8":"product_cat-22ct-gold-jewellery","9":"product_cat-occasion-wear-bangles","10":"product_cat-single-bangle","11":"product_cat-wedding-gifts","12":"product_cat-womens-jewellery","13":"product_cat-yellow-gold-jewellery","15":"first","16":"instock","17":"taxable","18":"shipping-taxable","19":"purchasable","20":"product-type-simple","21":"add-to-wishlist-before_image"},"yoast_head":"<!-- This site is optimized with the Yoast SEO plugin v27.5 - https:\/\/yoast.com\/product\/yoast-seo-wordpress\/ -->\n<title>Shop 22ct Gold Twin Layer Bangle Pair with White Bead Accents<\/title>\n<meta name=\"description\" content=\"Shop this 22ct Gold Bangle Pair featuring twin layers and white bead tips. Lightweight, hallmarked and perfect for modern elegance. Available online at PureJewels.\" \/>\n<meta name=\"robots\" content=\"index, follow, max-snippet:-1, max-image-preview:large, max-video-preview:-1\" \/>\n<link rel=\"canonical\" href=\"https:\/\/www.purejewels.com\/de\/produkt-2\/zweilagiger-armreif-aus-22-karat-gold-mit-weisen-perlenakzenten-52023\/\" \/>\n<meta property=\"og:locale\" content=\"de_DE\" \/>\n<meta property=\"og:type\" content=\"article\" \/>\n<meta property=\"og:title\" content=\"Shop 22ct Gold Twin Layer Bangle Pair with White Bead Accents\" \/>\n<meta property=\"og:description\" content=\"Shop this 22ct Gold Bangle Pair featuring twin layers and white bead tips. Lightweight, hallmarked and perfect for modern elegance. Available online at PureJewels.\" \/>\n<meta property=\"og:url\" content=\"https:\/\/www.purejewels.com\/de\/produkt-2\/zweilagiger-armreif-aus-22-karat-gold-mit-weisen-perlenakzenten-52023\/\" \/>\n<meta property=\"og:site_name\" content=\"PureJewels UK\" \/>\n<meta property=\"article:modified_time\" content=\"2026-03-10T06:38:54+00:00\" \/>\n<meta property=\"og:image\" content=\"https:\/\/static.purejewels.com\/wp-content\/uploads\/2025\/08\/SKU-52023.jpg\" \/>\n\t<meta property=\"og:image:width\" content=\"1000\" \/>\n\t<meta property=\"og:image:height\" content=\"1000\" \/>\n\t<meta property=\"og:image:type\" content=\"image\/jpeg\" \/>\n<meta name=\"twitter:card\" content=\"summary_large_image\" \/>\n<meta name=\"twitter:label1\" content=\"Gesch\u00e4tzte Lesezeit\" \/>\n\t<meta name=\"twitter:data1\" content=\"1\u00a0Minute\" \/>\n<script type=\"application\/ld+json\" class=\"yoast-schema-graph\">{\"@context\":\"https:\\\/\\\/schema.org\",\"@graph\":[{\"@type\":[\"WebPage\",\"ItemPage\"],\"@id\":\"https:\\\/\\\/www.purejewels.com\\\/product\\\/22ct-gold-twin-layer-bangle-with-white-bead-accents-52023\\\/\",\"url\":\"https:\\\/\\\/www.purejewels.com\\\/product\\\/22ct-gold-twin-layer-bangle-with-white-bead-accents-52023\\\/\",\"name\":\"Shop 22ct Gold Twin Layer Bangle Pair with White Bead Accents\",\"isPartOf\":{\"@id\":\"https:\\\/\\\/www.purejewels.com\\\/#website\"},\"primaryImageOfPage\":{\"@id\":\"https:\\\/\\\/www.purejewels.com\\\/product\\\/22ct-gold-twin-layer-bangle-with-white-bead-accents-52023\\\/#primaryimage\"},\"image\":{\"@id\":\"https:\\\/\\\/www.purejewels.com\\\/product\\\/22ct-gold-twin-layer-bangle-with-white-bead-accents-52023\\\/#primaryimage\"},\"thumbnailUrl\":\"https:\\\/\\\/static.purejewels.com\\\/wp-content\\\/uploads\\\/2025\\\/08\\\/SKU-52023.jpg\",\"datePublished\":\"2025-07-04T06:17:28+00:00\",\"dateModified\":\"2026-03-10T06:38:54+00:00\",\"description\":\"Shop this 22ct Gold Bangle Pair featuring twin layers and white bead tips. Lightweight, hallmarked and perfect for modern elegance. Available online at PureJewels.\",\"breadcrumb\":{\"@id\":\"https:\\\/\\\/www.purejewels.com\\\/product\\\/22ct-gold-twin-layer-bangle-with-white-bead-accents-52023\\\/#breadcrumb\"},\"inLanguage\":\"de\",\"potentialAction\":[{\"@type\":\"ReadAction\",\"target\":[\"https:\\\/\\\/www.purejewels.com\\\/product\\\/22ct-gold-twin-layer-bangle-with-white-bead-accents-52023\\\/\"]}]},{\"@type\":\"ImageObject\",\"inLanguage\":\"de\",\"@id\":\"https:\\\/\\\/www.purejewels.com\\\/product\\\/22ct-gold-twin-layer-bangle-with-white-bead-accents-52023\\\/#primaryimage\",\"url\":\"https:\\\/\\\/static.purejewels.com\\\/wp-content\\\/uploads\\\/2025\\\/08\\\/SKU-52023.jpg\",\"contentUrl\":\"https:\\\/\\\/static.purejewels.com\\\/wp-content\\\/uploads\\\/2025\\\/08\\\/SKU-52023.jpg\",\"width\":1000,\"height\":1000,\"caption\":\"52023\"},{\"@type\":\"BreadcrumbList\",\"@id\":\"https:\\\/\\\/www.purejewels.com\\\/product\\\/22ct-gold-twin-layer-bangle-with-white-bead-accents-52023\\\/#breadcrumb\",\"itemListElement\":[{\"@type\":\"ListItem\",\"position\":1,\"name\":\"Home\",\"item\":\"https:\\\/\\\/www.purejewels.com\\\/\"},{\"@type\":\"ListItem\",\"position\":2,\"name\":\"Shop\",\"item\":\"https:\\\/\\\/www.purejewels.com\\\/shop\\\/\"},{\"@type\":\"ListItem\",\"position\":3,\"name\":\"22ct Gold Twin Layer Bangle with White Bead Accents\"}]},{\"@type\":\"WebSite\",\"@id\":\"https:\\\/\\\/www.purejewels.com\\\/#website\",\"url\":\"https:\\\/\\\/www.purejewels.com\\\/\",\"name\":\"PureJewels UK\",\"description\":\"Share the Love\",\"publisher\":{\"@id\":\"https:\\\/\\\/www.purejewels.com\\\/#organization\"},\"potentialAction\":[{\"@type\":\"SearchAction\",\"target\":{\"@type\":\"EntryPoint\",\"urlTemplate\":\"https:\\\/\\\/www.purejewels.com\\\/?s={search_term_string}\"},\"query-input\":{\"@type\":\"PropertyValueSpecification\",\"valueRequired\":true,\"valueName\":\"search_term_string\"}}],\"inLanguage\":\"de\"},{\"@type\":\"Organization\",\"@id\":\"https:\\\/\\\/www.purejewels.com\\\/#organization\",\"name\":\"PureJewels UK\",\"url\":\"https:\\\/\\\/www.purejewels.com\\\/\",\"logo\":{\"@type\":\"ImageObject\",\"inLanguage\":\"de\",\"@id\":\"https:\\\/\\\/www.purejewels.com\\\/#\\\/schema\\\/logo\\\/image\\\/\",\"url\":\"https:\\\/\\\/static.purejewels.com\\\/wp-content\\\/uploads\\\/2020\\\/11\\\/Logo-PJ-New-1.png\",\"contentUrl\":\"https:\\\/\\\/static.purejewels.com\\\/wp-content\\\/uploads\\\/2020\\\/11\\\/Logo-PJ-New-1.png\",\"width\":150,\"height\":80,\"caption\":\"PureJewels UK\"},\"image\":{\"@id\":\"https:\\\/\\\/www.purejewels.com\\\/#\\\/schema\\\/logo\\\/image\\\/\"}}]}<\/script>\n<!-- \/ Yoast SEO plugin. -->","yoast_head_json":{"title":"Shop 22ct Gold Twin Layer Armreif Paar mit wei\u00dfen Perlen Akzente","description":"Shoppen Sie dieses Armreifenpaar aus 22 Karat Gold mit zwei Lagen und wei\u00dfen Perlenspitzen. Leicht, gepunzt und perfekt f\u00fcr moderne Eleganz. Online erh\u00e4ltlich bei PureJewels.","robots":{"index":"index","follow":"follow","max-snippet":"max-snippet:-1","max-image-preview":"max-image-preview:large","max-video-preview":"max-video-preview:-1"},"canonical":"https:\/\/www.purejewels.com\/de\/produkt-2\/zweilagiger-armreif-aus-22-karat-gold-mit-weisen-perlenakzenten-52023\/","og_locale":"de_DE","og_type":"article","og_title":"Shop 22ct Gold Twin Layer Bangle Pair with White Bead Accents","og_description":"Shop this 22ct Gold Bangle Pair featuring twin layers and white bead tips. Lightweight, hallmarked and perfect for modern elegance. Available online at PureJewels.","og_url":"https:\/\/www.purejewels.com\/de\/produkt-2\/zweilagiger-armreif-aus-22-karat-gold-mit-weisen-perlenakzenten-52023\/","og_site_name":"PureJewels UK","article_modified_time":"2026-03-10T06:38:54+00:00","og_image":[{"width":1000,"height":1000,"url":"https:\/\/static.purejewels.com\/wp-content\/uploads\/2025\/08\/SKU-52023.jpg","type":"image\/jpeg"}],"twitter_card":"summary_large_image","twitter_misc":{"Gesch\u00e4tzte Lesezeit":"1\u00a0Minute"},"schema":{"@context":"https:\/\/schema.org","@graph":[{"@type":["WebPage","ItemPage"],"@id":"https:\/\/www.purejewels.com\/product\/22ct-gold-twin-layer-bangle-with-white-bead-accents-52023\/","url":"https:\/\/www.purejewels.com\/product\/22ct-gold-twin-layer-bangle-with-white-bead-accents-52023\/","name":"Shop 22ct Gold Twin Layer Armreif Paar mit wei\u00dfen Perlen Akzente","isPartOf":{"@id":"https:\/\/www.purejewels.com\/#website"},"primaryImageOfPage":{"@id":"https:\/\/www.purejewels.com\/product\/22ct-gold-twin-layer-bangle-with-white-bead-accents-52023\/#primaryimage"},"image":{"@id":"https:\/\/www.purejewels.com\/product\/22ct-gold-twin-layer-bangle-with-white-bead-accents-52023\/#primaryimage"},"thumbnailUrl":"https:\/\/static.purejewels.com\/wp-content\/uploads\/2025\/08\/SKU-52023.jpg","datePublished":"2025-07-04T06:17:28+00:00","dateModified":"2026-03-10T06:38:54+00:00","description":"Shoppen Sie dieses Armreifenpaar aus 22 Karat Gold mit zwei Lagen und wei\u00dfen Perlenspitzen. Leicht, gepunzt und perfekt f\u00fcr moderne Eleganz. Online erh\u00e4ltlich bei PureJewels.","breadcrumb":{"@id":"https:\/\/www.purejewels.com\/product\/22ct-gold-twin-layer-bangle-with-white-bead-accents-52023\/#breadcrumb"},"inLanguage":"de","potentialAction":[{"@type":"ReadAction","target":["https:\/\/www.purejewels.com\/product\/22ct-gold-twin-layer-bangle-with-white-bead-accents-52023\/"]}]},{"@type":"ImageObject","inLanguage":"de","@id":"https:\/\/www.purejewels.com\/product\/22ct-gold-twin-layer-bangle-with-white-bead-accents-52023\/#primaryimage","url":"https:\/\/static.purejewels.com\/wp-content\/uploads\/2025\/08\/SKU-52023.jpg","contentUrl":"https:\/\/static.purejewels.com\/wp-content\/uploads\/2025\/08\/SKU-52023.jpg","width":1000,"height":1000,"caption":"52023"},{"@type":"BreadcrumbList","@id":"https:\/\/www.purejewels.com\/product\/22ct-gold-twin-layer-bangle-with-white-bead-accents-52023\/#breadcrumb","itemListElement":[{"@type":"ListItem","position":1,"name":"Home","item":"https:\/\/www.purejewels.com\/"},{"@type":"ListItem","position":2,"name":"Shop","item":"https:\/\/www.purejewels.com\/shop\/"},{"@type":"ListItem","position":3,"name":"22ct Gold Twin Layer Bangle with White Bead Accents"}]},{"@type":"WebSite","@id":"https:\/\/www.purejewels.com\/#website","url":"https:\/\/www.purejewels.com\/","name":"PureJewels UK","description":"Teile die Liebe","publisher":{"@id":"https:\/\/www.purejewels.com\/#organization"},"potentialAction":[{"@type":"SearchAction","target":{"@type":"EntryPoint","urlTemplate":"https:\/\/www.purejewels.com\/?s={search_term_string}"},"query-input":{"@type":"PropertyValueSpecification","valueRequired":true,"valueName":"search_term_string"}}],"inLanguage":"de"},{"@type":"Organization","@id":"https:\/\/www.purejewels.com\/#organization","name":"PureJewels UK","url":"https:\/\/www.purejewels.com\/","logo":{"@type":"ImageObject","inLanguage":"de","@id":"https:\/\/www.purejewels.com\/#\/schema\/logo\/image\/","url":"https:\/\/static.purejewels.com\/wp-content\/uploads\/2020\/11\/Logo-PJ-New-1.png","contentUrl":"https:\/\/static.purejewels.com\/wp-content\/uploads\/2020\/11\/Logo-PJ-New-1.png","width":150,"height":80,"caption":"PureJewels UK"},"image":{"@id":"https:\/\/www.purejewels.com\/#\/schema\/logo\/image\/"}}]}},"_links":{"self":[{"href":"https:\/\/www.purejewels.com\/de\/wp-json\/wp\/v2\/product\/408931","targetHints":{"allow":["GET"]}}],"collection":[{"href":"https:\/\/www.purejewels.com\/de\/wp-json\/wp\/v2\/product"}],"about":[{"href":"https:\/\/www.purejewels.com\/de\/wp-json\/wp\/v2\/types\/product"}],"replies":[{"embeddable":true,"href":"https:\/\/www.purejewels.com\/de\/wp-json\/wp\/v2\/comments?post=408931"}],"version-history":[{"count":4,"href":"https:\/\/www.purejewels.com\/de\/wp-json\/wp\/v2\/product\/408931\/revisions"}],"predecessor-version":[{"id":429184,"href":"https:\/\/www.purejewels.com\/de\/wp-json\/wp\/v2\/product\/408931\/revisions\/429184"}],"wp:featuredmedia":[{"embeddable":true,"href":"https:\/\/www.purejewels.com\/de\/wp-json\/wp\/v2\/media\/408933"}],"wp:attachment":[{"href":"https:\/\/www.purejewels.com\/de\/wp-json\/wp\/v2\/media?parent=408931"}],"wp:term":[{"taxonomy":"product_brand","embeddable":true,"href":"https:\/\/www.purejewels.com\/de\/wp-json\/wp\/v2\/product_brand?post=408931"},{"taxonomy":"product_cat","embeddable":true,"href":"https:\/\/www.purejewels.com\/de\/wp-json\/wp\/v2\/product_cat?post=408931"},{"taxonomy":"product_tag","embeddable":true,"href":"https:\/\/www.purejewels.com\/de\/wp-json\/wp\/v2\/product_tag?post=408931"}],"curies":[{"name":"wp","href":"https:\/\/api.w.org\/{rel}","templated":true}]}}