{"id":408937,"date":"2025-07-04T07:34:12","date_gmt":"2025-07-04T06:34:12","guid":{"rendered":"https:\/\/www.purejewels.com\/?post_type=product&#038;p=408937"},"modified":"2026-01-10T16:15:12","modified_gmt":"2026-01-10T16:15:12","slug":"flacher-armreif-aus-22-karat-gold-49870","status":"publish","type":"product","link":"https:\/\/www.purejewels.com\/de\/product\/22ct-gold-flat-court-bangle-49870\/","title":{"rendered":"Flacher Armreif aus 22ct Gold"},"content":{"rendered":"<p data-start=\"494\" data-end=\"857\">Diese <strong data-start=\"528\" data-end=\"559\">Flacher Armreif aus 22ct Gold<\/strong> ist mit Pr\u00e4zision und Eleganz gefertigt und f\u00fcr alle gedacht, die dezenten Luxus zu sch\u00e4tzen wissen. Mit einem Gewicht von 6,1 Gramm und einer Gr\u00f6\u00dfe von 2,5 bietet das flache Au\u00dfenprofil eine schlanke und moderne \u00c4sthetik, w\u00e4hrend die sanft geschwungene Innenkante (Court-Form) einen weichen, bequemen Sitz f\u00fcr das t\u00e4gliche Tragen gew\u00e4hrleistet.<\/p>\n<p data-start=\"859\" data-end=\"1133\">Ob allein getragen oder mit anderen Armreifen kombiniert, dieses St\u00fcck ist eine vielseitige Erg\u00e4nzung f\u00fcr jede Schmucksammlung. Der Armreif wurde vom London Assay Office mit dem Punzierungszeichen versehen und steht damit f\u00fcr das PureJewels-Versprechen von Authentizit\u00e4t, Handwerkskunst und dauerhaftem Wert.<\/p>\n<ul>\n<li data-start=\"1162\" data-end=\"1193\">\n<p data-start=\"1164\" data-end=\"1193\"><strong data-start=\"1164\" data-end=\"1174\">Metall:<\/strong> 22ct Gelbgold<\/p>\n<\/li>\n<li data-start=\"1194\" data-end=\"1229\">\n<p data-start=\"1196\" data-end=\"1229\"><strong data-start=\"1196\" data-end=\"1207\">Gewicht:<\/strong> 6,1 Gramm (ca.)<\/p>\n<\/li>\n<li data-start=\"1230\" data-end=\"1279\">\n<p data-start=\"1232\" data-end=\"1279\"><strong data-start=\"1232\" data-end=\"1241\">Gr\u00f6\u00dfe:<\/strong> 2,5 (Innendurchmesser ca. 59,1mm)<\/p>\n<\/li>\n<li data-start=\"1280\" data-end=\"1344\">\n<p data-start=\"1282\" data-end=\"1344\"><strong data-start=\"1282\" data-end=\"1293\">Entwurf:<\/strong> Flaches Hofprofil - au\u00dfen flach, innen gew\u00f6lbt<\/p>\n<\/li>\n<li data-start=\"1345\" data-end=\"1372\">\n<p data-start=\"1347\" data-end=\"1372\"><strong data-start=\"1347\" data-end=\"1358\">Beenden:<\/strong> Hochglanzpoliert<\/p>\n<\/li>\n<li data-start=\"1417\" data-end=\"1483\">\n<p data-start=\"1419\" data-end=\"1483\"><strong data-start=\"1419\" data-end=\"1433\">Verpackung:<\/strong> Geliefert in PureJewels' luxuri\u00f6ser Pr\u00e4sentationsbox<\/p>\n<\/li>\n<\/ul>","protected":false},"excerpt":{"rendered":"<p data-start=\"291\" data-end=\"500\">Dieser flache Armreif aus 22-kar\u00e4tigem Gold hat ein klares, poliertes Profil mit einer abgerundeten Innenw\u00f6lbung f\u00fcr t\u00e4glichen Komfort. Leicht, stapelbar und zeitlos.<\/p>\n<ul>\n<li><strong>Material:<\/strong> 22ct Gold<\/li>\n<li><strong>Wahrzeichen:\u00a0<\/strong>Britisches G\u00fctesiegel<\/li>\n<li><strong>Bruttogewicht: <\/strong>6.10 Gms<\/li>\n<li><strong>Armreif Gr\u00f6\u00dfe: <\/strong>2,5 (Weitere Gr\u00f6\u00dfen auf Anfrage)<\/li>\n<li><strong>Breite:<\/strong> 2mm<\/li>\n<li><strong>SKU: <\/strong>49870<\/li>\n<\/ul>\n<p><strong><br \/>\nPreis und Lieferung:\u00a0<\/strong>Inklusive Mehrwertsteuer und Lieferkosten<br \/>\n<strong><a href=\"https:\/\/www.purejewels.com\/de\/ruckgabepolitik\/\">R\u00fcckgabepolitik<\/a><\/strong><\/p>","protected":false},"featured_media":408943,"comment_status":"closed","ping_status":"closed","template":"","meta":{"_eb_attr":"","_crsspst_to_jayantr4sg-hostcom":true},"product_brand":[],"product_cat":[5270,1233,1229,1657,1573,1574,5349],"product_tag":[],"class_list":{"0":"post-408937","1":"product","2":"type-product","3":"status-publish","4":"has-post-thumbnail","6":"product_cat-daily-wear-bangles","7":"product_cat-gold-bangles","8":"product_cat-22ct-gold-jewellery","9":"product_cat-single-bangle","10":"product_cat-wedding-gifts","11":"product_cat-womens-jewellery","12":"product_cat-yellow-gold-jewellery","14":"first","15":"outofstock","16":"taxable","17":"shipping-taxable","18":"product-type-simple","19":"add-to-wishlist-before_image"},"yoast_head":"<!-- This site is optimized with the Yoast SEO plugin v27.5 - https:\/\/yoast.com\/product\/yoast-seo-wordpress\/ -->\n<title>22ct Gold Flat Court Bangle \u2013 6.1g | PureJewels UK<\/title>\n<meta name=\"description\" content=\"Explore this 22ct Gold Flat Court Bangle \u2013 6.1g, size 2.5. Elegant, lightweight, and hallmarked for authenticity. A timeless essential from PureJewels.\" \/>\n<meta name=\"robots\" content=\"index, follow, max-snippet:-1, max-image-preview:large, max-video-preview:-1\" \/>\n<link rel=\"canonical\" href=\"https:\/\/www.purejewels.com\/de\/produkt-2\/flacher-armreif-aus-22-karat-gold-49870\/\" \/>\n<meta property=\"og:locale\" content=\"de_DE\" \/>\n<meta property=\"og:type\" content=\"article\" \/>\n<meta property=\"og:title\" content=\"22ct Gold Flat Court Bangle \u2013 6.1g | PureJewels UK\" \/>\n<meta property=\"og:description\" content=\"Explore this 22ct Gold Flat Court Bangle \u2013 6.1g, size 2.5. Elegant, lightweight, and hallmarked for authenticity. A timeless essential from PureJewels.\" \/>\n<meta property=\"og:url\" content=\"https:\/\/www.purejewels.com\/de\/produkt-2\/flacher-armreif-aus-22-karat-gold-49870\/\" \/>\n<meta property=\"og:site_name\" content=\"PureJewels UK\" \/>\n<meta property=\"article:modified_time\" content=\"2026-01-10T16:15:12+00:00\" \/>\n<meta property=\"og:image\" content=\"https:\/\/www.purejewels.com\/wp-content\/uploads\/2025\/08\/SKU-49870.jpg\" \/>\n\t<meta property=\"og:image:width\" content=\"1000\" \/>\n\t<meta property=\"og:image:height\" content=\"1000\" \/>\n\t<meta property=\"og:image:type\" content=\"image\/jpeg\" \/>\n<meta name=\"twitter:card\" content=\"summary_large_image\" \/>\n<meta name=\"twitter:label1\" content=\"Gesch\u00e4tzte Lesezeit\" \/>\n\t<meta name=\"twitter:data1\" content=\"1\u00a0Minute\" \/>\n<script type=\"application\/ld+json\" class=\"yoast-schema-graph\">{\"@context\":\"https:\\\/\\\/schema.org\",\"@graph\":[{\"@type\":[\"WebPage\",\"ItemPage\"],\"@id\":\"https:\\\/\\\/www.purejewels.com\\\/product\\\/22ct-gold-flat-court-bangle-49870\\\/\",\"url\":\"https:\\\/\\\/www.purejewels.com\\\/product\\\/22ct-gold-flat-court-bangle-49870\\\/\",\"name\":\"22ct Gold Flat Court Bangle \u2013 6.1g | PureJewels UK\",\"isPartOf\":{\"@id\":\"https:\\\/\\\/www.purejewels.com\\\/#website\"},\"primaryImageOfPage\":{\"@id\":\"https:\\\/\\\/www.purejewels.com\\\/product\\\/22ct-gold-flat-court-bangle-49870\\\/#primaryimage\"},\"image\":{\"@id\":\"https:\\\/\\\/www.purejewels.com\\\/product\\\/22ct-gold-flat-court-bangle-49870\\\/#primaryimage\"},\"thumbnailUrl\":\"https:\\\/\\\/static.purejewels.com\\\/wp-content\\\/uploads\\\/2025\\\/08\\\/SKU-49870.jpg\",\"datePublished\":\"2025-07-04T06:34:12+00:00\",\"dateModified\":\"2026-01-10T16:15:12+00:00\",\"description\":\"Explore this 22ct Gold Flat Court Bangle \u2013 6.1g, size 2.5. Elegant, lightweight, and hallmarked for authenticity. A timeless essential from PureJewels.\",\"breadcrumb\":{\"@id\":\"https:\\\/\\\/www.purejewels.com\\\/product\\\/22ct-gold-flat-court-bangle-49870\\\/#breadcrumb\"},\"inLanguage\":\"de\",\"potentialAction\":[{\"@type\":\"ReadAction\",\"target\":[\"https:\\\/\\\/www.purejewels.com\\\/product\\\/22ct-gold-flat-court-bangle-49870\\\/\"]}]},{\"@type\":\"ImageObject\",\"inLanguage\":\"de\",\"@id\":\"https:\\\/\\\/www.purejewels.com\\\/product\\\/22ct-gold-flat-court-bangle-49870\\\/#primaryimage\",\"url\":\"https:\\\/\\\/static.purejewels.com\\\/wp-content\\\/uploads\\\/2025\\\/08\\\/SKU-49870.jpg\",\"contentUrl\":\"https:\\\/\\\/static.purejewels.com\\\/wp-content\\\/uploads\\\/2025\\\/08\\\/SKU-49870.jpg\",\"width\":1000,\"height\":1000,\"caption\":\"49870\"},{\"@type\":\"BreadcrumbList\",\"@id\":\"https:\\\/\\\/www.purejewels.com\\\/product\\\/22ct-gold-flat-court-bangle-49870\\\/#breadcrumb\",\"itemListElement\":[{\"@type\":\"ListItem\",\"position\":1,\"name\":\"Home\",\"item\":\"https:\\\/\\\/www.purejewels.com\\\/\"},{\"@type\":\"ListItem\",\"position\":2,\"name\":\"Shop\",\"item\":\"https:\\\/\\\/www.purejewels.com\\\/shop\\\/\"},{\"@type\":\"ListItem\",\"position\":3,\"name\":\"22ct Gold Flat Court Bangle\"}]},{\"@type\":\"WebSite\",\"@id\":\"https:\\\/\\\/www.purejewels.com\\\/#website\",\"url\":\"https:\\\/\\\/www.purejewels.com\\\/\",\"name\":\"PureJewels UK\",\"description\":\"Share the Love\",\"publisher\":{\"@id\":\"https:\\\/\\\/www.purejewels.com\\\/#organization\"},\"potentialAction\":[{\"@type\":\"SearchAction\",\"target\":{\"@type\":\"EntryPoint\",\"urlTemplate\":\"https:\\\/\\\/www.purejewels.com\\\/?s={search_term_string}\"},\"query-input\":{\"@type\":\"PropertyValueSpecification\",\"valueRequired\":true,\"valueName\":\"search_term_string\"}}],\"inLanguage\":\"de\"},{\"@type\":\"Organization\",\"@id\":\"https:\\\/\\\/www.purejewels.com\\\/#organization\",\"name\":\"PureJewels UK\",\"url\":\"https:\\\/\\\/www.purejewels.com\\\/\",\"logo\":{\"@type\":\"ImageObject\",\"inLanguage\":\"de\",\"@id\":\"https:\\\/\\\/www.purejewels.com\\\/#\\\/schema\\\/logo\\\/image\\\/\",\"url\":\"https:\\\/\\\/static.purejewels.com\\\/wp-content\\\/uploads\\\/2020\\\/11\\\/Logo-PJ-New-1.png\",\"contentUrl\":\"https:\\\/\\\/static.purejewels.com\\\/wp-content\\\/uploads\\\/2020\\\/11\\\/Logo-PJ-New-1.png\",\"width\":150,\"height\":80,\"caption\":\"PureJewels UK\"},\"image\":{\"@id\":\"https:\\\/\\\/www.purejewels.com\\\/#\\\/schema\\\/logo\\\/image\\\/\"}}]}<\/script>\n<!-- \/ Yoast SEO plugin. -->","yoast_head_json":{"title":"22ct Gold flache Gericht Armreif - 6.1g | PureJewels UK","description":"Entdecken Sie diesen flachen Armreif aus 22 Karat Gold - 6,1 g, Gr\u00f6\u00dfe 2,5. Elegant, leicht und f\u00fcr die Echtheit gepunzt. Ein zeitloses Essential von PureJewels.","robots":{"index":"index","follow":"follow","max-snippet":"max-snippet:-1","max-image-preview":"max-image-preview:large","max-video-preview":"max-video-preview:-1"},"canonical":"https:\/\/www.purejewels.com\/de\/produkt-2\/flacher-armreif-aus-22-karat-gold-49870\/","og_locale":"de_DE","og_type":"article","og_title":"22ct Gold Flat Court Bangle \u2013 6.1g | PureJewels UK","og_description":"Explore this 22ct Gold Flat Court Bangle \u2013 6.1g, size 2.5. Elegant, lightweight, and hallmarked for authenticity. A timeless essential from PureJewels.","og_url":"https:\/\/www.purejewels.com\/de\/produkt-2\/flacher-armreif-aus-22-karat-gold-49870\/","og_site_name":"PureJewels UK","article_modified_time":"2026-01-10T16:15:12+00:00","og_image":[{"width":1000,"height":1000,"url":"https:\/\/www.purejewels.com\/wp-content\/uploads\/2025\/08\/SKU-49870.jpg","type":"image\/jpeg"}],"twitter_card":"summary_large_image","twitter_misc":{"Gesch\u00e4tzte Lesezeit":"1\u00a0Minute"},"schema":{"@context":"https:\/\/schema.org","@graph":[{"@type":["WebPage","ItemPage"],"@id":"https:\/\/www.purejewels.com\/product\/22ct-gold-flat-court-bangle-49870\/","url":"https:\/\/www.purejewels.com\/product\/22ct-gold-flat-court-bangle-49870\/","name":"22ct Gold flache Gericht Armreif - 6.1g | PureJewels UK","isPartOf":{"@id":"https:\/\/www.purejewels.com\/#website"},"primaryImageOfPage":{"@id":"https:\/\/www.purejewels.com\/product\/22ct-gold-flat-court-bangle-49870\/#primaryimage"},"image":{"@id":"https:\/\/www.purejewels.com\/product\/22ct-gold-flat-court-bangle-49870\/#primaryimage"},"thumbnailUrl":"https:\/\/static.purejewels.com\/wp-content\/uploads\/2025\/08\/SKU-49870.jpg","datePublished":"2025-07-04T06:34:12+00:00","dateModified":"2026-01-10T16:15:12+00:00","description":"Entdecken Sie diesen flachen Armreif aus 22 Karat Gold - 6,1 g, Gr\u00f6\u00dfe 2,5. Elegant, leicht und f\u00fcr die Echtheit gepunzt. Ein zeitloses Essential von PureJewels.","breadcrumb":{"@id":"https:\/\/www.purejewels.com\/product\/22ct-gold-flat-court-bangle-49870\/#breadcrumb"},"inLanguage":"de","potentialAction":[{"@type":"ReadAction","target":["https:\/\/www.purejewels.com\/product\/22ct-gold-flat-court-bangle-49870\/"]}]},{"@type":"ImageObject","inLanguage":"de","@id":"https:\/\/www.purejewels.com\/product\/22ct-gold-flat-court-bangle-49870\/#primaryimage","url":"https:\/\/static.purejewels.com\/wp-content\/uploads\/2025\/08\/SKU-49870.jpg","contentUrl":"https:\/\/static.purejewels.com\/wp-content\/uploads\/2025\/08\/SKU-49870.jpg","width":1000,"height":1000,"caption":"49870"},{"@type":"BreadcrumbList","@id":"https:\/\/www.purejewels.com\/product\/22ct-gold-flat-court-bangle-49870\/#breadcrumb","itemListElement":[{"@type":"ListItem","position":1,"name":"Home","item":"https:\/\/www.purejewels.com\/"},{"@type":"ListItem","position":2,"name":"Shop","item":"https:\/\/www.purejewels.com\/shop\/"},{"@type":"ListItem","position":3,"name":"22ct Gold Flat Court Bangle"}]},{"@type":"WebSite","@id":"https:\/\/www.purejewels.com\/#website","url":"https:\/\/www.purejewels.com\/","name":"PureJewels UK","description":"Teile die Liebe","publisher":{"@id":"https:\/\/www.purejewels.com\/#organization"},"potentialAction":[{"@type":"SearchAction","target":{"@type":"EntryPoint","urlTemplate":"https:\/\/www.purejewels.com\/?s={search_term_string}"},"query-input":{"@type":"PropertyValueSpecification","valueRequired":true,"valueName":"search_term_string"}}],"inLanguage":"de"},{"@type":"Organization","@id":"https:\/\/www.purejewels.com\/#organization","name":"PureJewels UK","url":"https:\/\/www.purejewels.com\/","logo":{"@type":"ImageObject","inLanguage":"de","@id":"https:\/\/www.purejewels.com\/#\/schema\/logo\/image\/","url":"https:\/\/static.purejewels.com\/wp-content\/uploads\/2020\/11\/Logo-PJ-New-1.png","contentUrl":"https:\/\/static.purejewels.com\/wp-content\/uploads\/2020\/11\/Logo-PJ-New-1.png","width":150,"height":80,"caption":"PureJewels UK"},"image":{"@id":"https:\/\/www.purejewels.com\/#\/schema\/logo\/image\/"}}]}},"_links":{"self":[{"href":"https:\/\/www.purejewels.com\/de\/wp-json\/wp\/v2\/product\/408937","targetHints":{"allow":["GET"]}}],"collection":[{"href":"https:\/\/www.purejewels.com\/de\/wp-json\/wp\/v2\/product"}],"about":[{"href":"https:\/\/www.purejewels.com\/de\/wp-json\/wp\/v2\/types\/product"}],"replies":[{"embeddable":true,"href":"https:\/\/www.purejewels.com\/de\/wp-json\/wp\/v2\/comments?post=408937"}],"version-history":[{"count":4,"href":"https:\/\/www.purejewels.com\/de\/wp-json\/wp\/v2\/product\/408937\/revisions"}],"predecessor-version":[{"id":409354,"href":"https:\/\/www.purejewels.com\/de\/wp-json\/wp\/v2\/product\/408937\/revisions\/409354"}],"wp:featuredmedia":[{"embeddable":true,"href":"https:\/\/www.purejewels.com\/de\/wp-json\/wp\/v2\/media\/408943"}],"wp:attachment":[{"href":"https:\/\/www.purejewels.com\/de\/wp-json\/wp\/v2\/media?parent=408937"}],"wp:term":[{"taxonomy":"product_brand","embeddable":true,"href":"https:\/\/www.purejewels.com\/de\/wp-json\/wp\/v2\/product_brand?post=408937"},{"taxonomy":"product_cat","embeddable":true,"href":"https:\/\/www.purejewels.com\/de\/wp-json\/wp\/v2\/product_cat?post=408937"},{"taxonomy":"product_tag","embeddable":true,"href":"https:\/\/www.purejewels.com\/de\/wp-json\/wp\/v2\/product_tag?post=408937"}],"curies":[{"name":"wp","href":"https:\/\/api.w.org\/{rel}","templated":true}]}}