{"id":408949,"date":"2025-07-31T07:53:47","date_gmt":"2025-07-31T06:53:47","guid":{"rendered":"https:\/\/www.purejewels.com\/?post_type=product&#038;p=408949"},"modified":"2026-04-29T16:12:18","modified_gmt":"2026-04-29T15:12:18","slug":"22ct-gold-blau-emaille-floral-kada-mit-schraube-49553","status":"publish","type":"product","link":"https:\/\/www.purejewels.com\/de\/product\/22ct-gold-blue-enamel-floral-kada-with-screw-49553\/","title":{"rendered":"22ct Gold Blau Emaille Floral Kada mit Schraube"},"content":{"rendered":"<p data-start=\"536\" data-end=\"894\">Diese <strong data-start=\"573\" data-end=\"610\">22ct Gold Blau Emaille Floral Kada<\/strong> ist ein strahlendes St\u00fcck aus unserer <strong data-start=\"639\" data-end=\"662\">Kollektion Maharani<\/strong>und erinnert an die Pracht k\u00f6niglicher indischer Ornamente. Das aus hochreinem 22-kar\u00e4tigem Gelbgold gefertigte Design mit einem Gewicht von 30,2 Gramm wird durch von Hand aufgetragene blaue Emaille zum Leben erweckt, die von pr\u00e4chtigen Blumenmotiven in Rot und Elfenbein eingefasst wird.<\/p>\n<p data-start=\"896\" data-end=\"1144\">Das breite 16,2-mm-Profil der Kada wird von filigranen Akzenten eingerahmt und mit einem traditionellen Schraubverschluss gesichert - eine Anspielung auf klassische Handwerkskunst. Mit einer Gr\u00f6\u00dfe von 2,4 bietet sie einen sicheren und k\u00f6niglichen Sitz und eignet sich perfekt f\u00fcr besondere Anl\u00e4sse oder zum Verschenken von Erbst\u00fccken.<\/p>\n<p data-start=\"1146\" data-end=\"1253\">Diese Kada ist ein Fest der Kunstfertigkeit, der Kultur und der k\u00f6niglichen Anmut - ein St\u00fcck, das \u00fcber Generationen hinweg in Ehren gehalten wird.<\/p>\n<ul>\n<li data-start=\"1465\" data-end=\"1496\">\n<p data-start=\"1467\" data-end=\"1496\"><strong data-start=\"1467\" data-end=\"1477\">Metall:<\/strong> 22ct Gelbgold<\/p>\n<\/li>\n<li data-start=\"1497\" data-end=\"1526\">\n<p data-start=\"1499\" data-end=\"1526\"><strong data-start=\"1499\" data-end=\"1514\">Sammlung: <\/strong>Maharani<\/p>\n<\/li>\n<li data-start=\"1527\" data-end=\"1588\">\n<p data-start=\"1529\" data-end=\"1588\"><strong data-start=\"1529\" data-end=\"1540\">Beenden:<\/strong> Hochglanzpoliert mit mehrfarbigen Emaille-Details<\/p>\n<\/li>\n<li data-start=\"1589\" data-end=\"1654\">\n<p data-start=\"1591\" data-end=\"1654\"><strong data-start=\"1591\" data-end=\"1602\">Entwurf:<\/strong> Blauer Emailsockel mit roten und elfenbeinfarbenen Blumenmotiven<\/p>\n<\/li>\n<li data-start=\"1655\" data-end=\"1676\">\n<p data-start=\"1657\" data-end=\"1676\"><strong data-start=\"1657\" data-end=\"1667\">Breite:<\/strong> 16,2 mm<\/p>\n<\/li>\n<li data-start=\"1677\" data-end=\"1713\">\n<p data-start=\"1679\" data-end=\"1713\"><strong data-start=\"1679\" data-end=\"1690\">Gewicht:<\/strong> 30,2 Gramm (ca.)<\/p>\n<\/li>\n<li data-start=\"1714\" data-end=\"1763\">\n<p data-start=\"1716\" data-end=\"1763\"><strong data-start=\"1716\" data-end=\"1725\">Gr\u00f6\u00dfe:<\/strong> 2,4 (Innendurchmesser ca. 57,2 mm)<\/p>\n<\/li>\n<li data-start=\"1764\" data-end=\"1796\">\n<p data-start=\"1766\" data-end=\"1796\"><strong data-start=\"1766\" data-end=\"1778\">Schlie\u00dfung:<\/strong> Schraubbefestigung<\/p>\n<\/li>\n<li data-start=\"1797\" data-end=\"1840\">\n<p data-start=\"1799\" data-end=\"1840\"><strong data-start=\"1799\" data-end=\"1812\">Wahrzeichen:<\/strong> Britisches G\u00fctesiegel<\/p>\n<\/li>\n<li data-start=\"1841\" data-end=\"1896\">\n<p data-start=\"1843\" data-end=\"1896\"><strong data-start=\"1843\" data-end=\"1857\">Verpackung:<\/strong> Pr\u00e4sentiert in einer PureJewels Luxus-Box<\/p>\n<\/li>\n<\/ul>","protected":false},"excerpt":{"rendered":"<p data-start=\"291\" data-end=\"500\">Dieses handgefertigte Kada aus 22 Karat Gold aus unserer Maharani-Kollektion zeichnet sich durch tiefblaue Emaille und k\u00f6nigliche Blumendetails aus. Ein zeitloser Schatz, der mit einem traditionellen Schraubverschluss geschlossen wird.<\/p>\n<ul>\n<li><strong>Material:<\/strong> 22ct Gold<\/li>\n<li><strong>Wahrzeichen:\u00a0<\/strong>Britisches G\u00fctesiegel<\/li>\n<li><strong>Bruttogewicht: <\/strong>30.20 Gms<\/li>\n<li><strong>Armreif Gr\u00f6\u00dfe: <\/strong>2.4 (Weitere Gr\u00f6\u00dfen auf Anfrage)<\/li>\n<li><strong>SKU: <\/strong>49553, 49554<\/li>\n<li><strong>Geeignet f\u00fcr:<\/strong> Brautmode<\/li>\n<\/ul>\n<p><strong>Preis und Lieferung:\u00a0<\/strong>Inklusive Mehrwertsteuer und Lieferkosten<br \/>\n<strong><a href=\"https:\/\/www.purejewels.com\/de\/ruckgabepolitik\/\">R\u00fcckgabepolitik<\/a><\/strong><\/p>","protected":false},"featured_media":408953,"comment_status":"closed","ping_status":"closed","template":"","meta":{"_eb_attr":"","_crsspst_to_jayantr4sg-hostcom":false},"product_brand":[],"product_cat":[236,1233,1229,5878,5875,5271,1657,1574,5349],"product_tag":[],"class_list":{"0":"post-408949","1":"product","2":"type-product","3":"status-publish","4":"has-post-thumbnail","6":"product_cat-collections","7":"product_cat-gold-bangles","8":"product_cat-22ct-gold-jewellery","9":"product_cat-maharani-bangles","10":"product_cat-maharani-collection","11":"product_cat-occasion-wear-bangles","12":"product_cat-single-bangle","13":"product_cat-womens-jewellery","14":"product_cat-yellow-gold-jewellery","16":"first","17":"instock","18":"taxable","19":"shipping-taxable","20":"purchasable","21":"product-type-simple","22":"add-to-wishlist-before_image"},"yoast_head":"<!-- This site is optimized with the Yoast SEO plugin v27.6 - https:\/\/yoast.com\/product\/yoast-seo-wordpress\/ -->\n<title>22ct Gold Blue Enamel Floral Kada with Screw | PureJewels UK<\/title>\n<meta name=\"description\" content=\"22ct Gold Blue Enamel Floral Kada with screw clasp. Handcrafted, hallmarked, and richly adorned. Shop timeless artistry at PureJewels.\" \/>\n<meta name=\"robots\" content=\"index, follow, max-snippet:-1, max-image-preview:large, max-video-preview:-1\" \/>\n<link rel=\"canonical\" href=\"https:\/\/www.purejewels.com\/de\/produkt-2\/22ct-gold-blau-emaille-floral-kada-mit-schraube-49553\/\" \/>\n<meta property=\"og:locale\" content=\"de_DE\" \/>\n<meta property=\"og:type\" content=\"article\" \/>\n<meta property=\"og:title\" content=\"22ct Gold Blue Enamel Floral Kada with Screw | PureJewels UK\" \/>\n<meta property=\"og:description\" content=\"22ct Gold Blue Enamel Floral Kada with screw clasp. Handcrafted, hallmarked, and richly adorned. Shop timeless artistry at PureJewels.\" \/>\n<meta property=\"og:url\" content=\"https:\/\/www.purejewels.com\/de\/produkt-2\/22ct-gold-blau-emaille-floral-kada-mit-schraube-49553\/\" \/>\n<meta property=\"og:site_name\" content=\"PureJewels UK\" \/>\n<meta property=\"article:modified_time\" content=\"2026-04-29T15:12:18+00:00\" \/>\n<meta property=\"og:image\" content=\"https:\/\/static.purejewels.com\/wp-content\/uploads\/2025\/08\/SKU-49553.jpg\" \/>\n\t<meta property=\"og:image:width\" content=\"1000\" \/>\n\t<meta property=\"og:image:height\" content=\"1000\" \/>\n\t<meta property=\"og:image:type\" content=\"image\/jpeg\" \/>\n<meta name=\"twitter:card\" content=\"summary_large_image\" \/>\n<meta name=\"twitter:label1\" content=\"Gesch\u00e4tzte Lesezeit\" \/>\n\t<meta name=\"twitter:data1\" content=\"1\u00a0Minute\" \/>\n<script type=\"application\/ld+json\" class=\"yoast-schema-graph\">{\"@context\":\"https:\\\/\\\/schema.org\",\"@graph\":[{\"@type\":[\"WebPage\",\"ItemPage\"],\"@id\":\"https:\\\/\\\/www.purejewels.com\\\/product\\\/22ct-gold-blue-enamel-floral-kada-with-screw-49553\\\/\",\"url\":\"https:\\\/\\\/www.purejewels.com\\\/product\\\/22ct-gold-blue-enamel-floral-kada-with-screw-49553\\\/\",\"name\":\"22ct Gold Blue Enamel Floral Kada with Screw | PureJewels UK\",\"isPartOf\":{\"@id\":\"https:\\\/\\\/www.purejewels.com\\\/#website\"},\"primaryImageOfPage\":{\"@id\":\"https:\\\/\\\/www.purejewels.com\\\/product\\\/22ct-gold-blue-enamel-floral-kada-with-screw-49553\\\/#primaryimage\"},\"image\":{\"@id\":\"https:\\\/\\\/www.purejewels.com\\\/product\\\/22ct-gold-blue-enamel-floral-kada-with-screw-49553\\\/#primaryimage\"},\"thumbnailUrl\":\"https:\\\/\\\/static.purejewels.com\\\/wp-content\\\/uploads\\\/2025\\\/08\\\/SKU-49553.jpg\",\"datePublished\":\"2025-07-31T06:53:47+00:00\",\"dateModified\":\"2026-04-29T15:12:18+00:00\",\"description\":\"22ct Gold Blue Enamel Floral Kada with screw clasp. Handcrafted, hallmarked, and richly adorned. Shop timeless artistry at PureJewels.\",\"breadcrumb\":{\"@id\":\"https:\\\/\\\/www.purejewels.com\\\/product\\\/22ct-gold-blue-enamel-floral-kada-with-screw-49553\\\/#breadcrumb\"},\"inLanguage\":\"de\",\"potentialAction\":[{\"@type\":\"ReadAction\",\"target\":[\"https:\\\/\\\/www.purejewels.com\\\/product\\\/22ct-gold-blue-enamel-floral-kada-with-screw-49553\\\/\"]}]},{\"@type\":\"ImageObject\",\"inLanguage\":\"de\",\"@id\":\"https:\\\/\\\/www.purejewels.com\\\/product\\\/22ct-gold-blue-enamel-floral-kada-with-screw-49553\\\/#primaryimage\",\"url\":\"https:\\\/\\\/static.purejewels.com\\\/wp-content\\\/uploads\\\/2025\\\/08\\\/SKU-49553.jpg\",\"contentUrl\":\"https:\\\/\\\/static.purejewels.com\\\/wp-content\\\/uploads\\\/2025\\\/08\\\/SKU-49553.jpg\",\"width\":1000,\"height\":1000,\"caption\":\"49553\"},{\"@type\":\"BreadcrumbList\",\"@id\":\"https:\\\/\\\/www.purejewels.com\\\/product\\\/22ct-gold-blue-enamel-floral-kada-with-screw-49553\\\/#breadcrumb\",\"itemListElement\":[{\"@type\":\"ListItem\",\"position\":1,\"name\":\"Home\",\"item\":\"https:\\\/\\\/www.purejewels.com\\\/\"},{\"@type\":\"ListItem\",\"position\":2,\"name\":\"Shop\",\"item\":\"https:\\\/\\\/www.purejewels.com\\\/shop\\\/\"},{\"@type\":\"ListItem\",\"position\":3,\"name\":\"22ct Gold Blue Enamel Floral Kada with Screw\"}]},{\"@type\":\"WebSite\",\"@id\":\"https:\\\/\\\/www.purejewels.com\\\/#website\",\"url\":\"https:\\\/\\\/www.purejewels.com\\\/\",\"name\":\"PureJewels UK\",\"description\":\"Share the Love\",\"publisher\":{\"@id\":\"https:\\\/\\\/www.purejewels.com\\\/#organization\"},\"potentialAction\":[{\"@type\":\"SearchAction\",\"target\":{\"@type\":\"EntryPoint\",\"urlTemplate\":\"https:\\\/\\\/www.purejewels.com\\\/?s={search_term_string}\"},\"query-input\":{\"@type\":\"PropertyValueSpecification\",\"valueRequired\":true,\"valueName\":\"search_term_string\"}}],\"inLanguage\":\"de\"},{\"@type\":\"Organization\",\"@id\":\"https:\\\/\\\/www.purejewels.com\\\/#organization\",\"name\":\"PureJewels UK\",\"url\":\"https:\\\/\\\/www.purejewels.com\\\/\",\"logo\":{\"@type\":\"ImageObject\",\"inLanguage\":\"de\",\"@id\":\"https:\\\/\\\/www.purejewels.com\\\/#\\\/schema\\\/logo\\\/image\\\/\",\"url\":\"https:\\\/\\\/static.purejewels.com\\\/wp-content\\\/uploads\\\/2020\\\/11\\\/Logo-PJ-New-1.png\",\"contentUrl\":\"https:\\\/\\\/static.purejewels.com\\\/wp-content\\\/uploads\\\/2020\\\/11\\\/Logo-PJ-New-1.png\",\"width\":150,\"height\":80,\"caption\":\"PureJewels UK\"},\"image\":{\"@id\":\"https:\\\/\\\/www.purejewels.com\\\/#\\\/schema\\\/logo\\\/image\\\/\"}}]}<\/script>\n<!-- \/ Yoast SEO plugin. -->","yoast_head_json":{"title":"22ct Gold Blau Emaille Floral Kada mit Schraube | PureJewels UK","description":"22ct Gold Blau Emaille Floral Kada mit Schraubverschluss. Handgefertigt, gepunzt und reichlich verziert. Kaufen Sie zeitlose Kunstfertigkeit bei PureJewels.","robots":{"index":"index","follow":"follow","max-snippet":"max-snippet:-1","max-image-preview":"max-image-preview:large","max-video-preview":"max-video-preview:-1"},"canonical":"https:\/\/www.purejewels.com\/de\/produkt-2\/22ct-gold-blau-emaille-floral-kada-mit-schraube-49553\/","og_locale":"de_DE","og_type":"article","og_title":"22ct Gold Blue Enamel Floral Kada with Screw | PureJewels UK","og_description":"22ct Gold Blue Enamel Floral Kada with screw clasp. Handcrafted, hallmarked, and richly adorned. Shop timeless artistry at PureJewels.","og_url":"https:\/\/www.purejewels.com\/de\/produkt-2\/22ct-gold-blau-emaille-floral-kada-mit-schraube-49553\/","og_site_name":"PureJewels UK","article_modified_time":"2026-04-29T15:12:18+00:00","og_image":[{"width":1000,"height":1000,"url":"https:\/\/static.purejewels.com\/wp-content\/uploads\/2025\/08\/SKU-49553.jpg","type":"image\/jpeg"}],"twitter_card":"summary_large_image","twitter_misc":{"Gesch\u00e4tzte Lesezeit":"1\u00a0Minute"},"schema":{"@context":"https:\/\/schema.org","@graph":[{"@type":["WebPage","ItemPage"],"@id":"https:\/\/www.purejewels.com\/product\/22ct-gold-blue-enamel-floral-kada-with-screw-49553\/","url":"https:\/\/www.purejewels.com\/product\/22ct-gold-blue-enamel-floral-kada-with-screw-49553\/","name":"22ct Gold Blau Emaille Floral Kada mit Schraube | PureJewels UK","isPartOf":{"@id":"https:\/\/www.purejewels.com\/#website"},"primaryImageOfPage":{"@id":"https:\/\/www.purejewels.com\/product\/22ct-gold-blue-enamel-floral-kada-with-screw-49553\/#primaryimage"},"image":{"@id":"https:\/\/www.purejewels.com\/product\/22ct-gold-blue-enamel-floral-kada-with-screw-49553\/#primaryimage"},"thumbnailUrl":"https:\/\/static.purejewels.com\/wp-content\/uploads\/2025\/08\/SKU-49553.jpg","datePublished":"2025-07-31T06:53:47+00:00","dateModified":"2026-04-29T15:12:18+00:00","description":"22ct Gold Blau Emaille Floral Kada mit Schraubverschluss. Handgefertigt, gepunzt und reichlich verziert. Kaufen Sie zeitlose Kunstfertigkeit bei PureJewels.","breadcrumb":{"@id":"https:\/\/www.purejewels.com\/product\/22ct-gold-blue-enamel-floral-kada-with-screw-49553\/#breadcrumb"},"inLanguage":"de","potentialAction":[{"@type":"ReadAction","target":["https:\/\/www.purejewels.com\/product\/22ct-gold-blue-enamel-floral-kada-with-screw-49553\/"]}]},{"@type":"ImageObject","inLanguage":"de","@id":"https:\/\/www.purejewels.com\/product\/22ct-gold-blue-enamel-floral-kada-with-screw-49553\/#primaryimage","url":"https:\/\/static.purejewels.com\/wp-content\/uploads\/2025\/08\/SKU-49553.jpg","contentUrl":"https:\/\/static.purejewels.com\/wp-content\/uploads\/2025\/08\/SKU-49553.jpg","width":1000,"height":1000,"caption":"49553"},{"@type":"BreadcrumbList","@id":"https:\/\/www.purejewels.com\/product\/22ct-gold-blue-enamel-floral-kada-with-screw-49553\/#breadcrumb","itemListElement":[{"@type":"ListItem","position":1,"name":"Home","item":"https:\/\/www.purejewels.com\/"},{"@type":"ListItem","position":2,"name":"Shop","item":"https:\/\/www.purejewels.com\/shop\/"},{"@type":"ListItem","position":3,"name":"22ct Gold Blue Enamel Floral Kada with Screw"}]},{"@type":"WebSite","@id":"https:\/\/www.purejewels.com\/#website","url":"https:\/\/www.purejewels.com\/","name":"PureJewels UK","description":"Teile die Liebe","publisher":{"@id":"https:\/\/www.purejewels.com\/#organization"},"potentialAction":[{"@type":"SearchAction","target":{"@type":"EntryPoint","urlTemplate":"https:\/\/www.purejewels.com\/?s={search_term_string}"},"query-input":{"@type":"PropertyValueSpecification","valueRequired":true,"valueName":"search_term_string"}}],"inLanguage":"de"},{"@type":"Organization","@id":"https:\/\/www.purejewels.com\/#organization","name":"PureJewels UK","url":"https:\/\/www.purejewels.com\/","logo":{"@type":"ImageObject","inLanguage":"de","@id":"https:\/\/www.purejewels.com\/#\/schema\/logo\/image\/","url":"https:\/\/static.purejewels.com\/wp-content\/uploads\/2020\/11\/Logo-PJ-New-1.png","contentUrl":"https:\/\/static.purejewels.com\/wp-content\/uploads\/2020\/11\/Logo-PJ-New-1.png","width":150,"height":80,"caption":"PureJewels UK"},"image":{"@id":"https:\/\/www.purejewels.com\/#\/schema\/logo\/image\/"}}]}},"_links":{"self":[{"href":"https:\/\/www.purejewels.com\/de\/wp-json\/wp\/v2\/product\/408949","targetHints":{"allow":["GET"]}}],"collection":[{"href":"https:\/\/www.purejewels.com\/de\/wp-json\/wp\/v2\/product"}],"about":[{"href":"https:\/\/www.purejewels.com\/de\/wp-json\/wp\/v2\/types\/product"}],"replies":[{"embeddable":true,"href":"https:\/\/www.purejewels.com\/de\/wp-json\/wp\/v2\/comments?post=408949"}],"version-history":[{"count":2,"href":"https:\/\/www.purejewels.com\/de\/wp-json\/wp\/v2\/product\/408949\/revisions"}],"predecessor-version":[{"id":408977,"href":"https:\/\/www.purejewels.com\/de\/wp-json\/wp\/v2\/product\/408949\/revisions\/408977"}],"wp:featuredmedia":[{"embeddable":true,"href":"https:\/\/www.purejewels.com\/de\/wp-json\/wp\/v2\/media\/408953"}],"wp:attachment":[{"href":"https:\/\/www.purejewels.com\/de\/wp-json\/wp\/v2\/media?parent=408949"}],"wp:term":[{"taxonomy":"product_brand","embeddable":true,"href":"https:\/\/www.purejewels.com\/de\/wp-json\/wp\/v2\/product_brand?post=408949"},{"taxonomy":"product_cat","embeddable":true,"href":"https:\/\/www.purejewels.com\/de\/wp-json\/wp\/v2\/product_cat?post=408949"},{"taxonomy":"product_tag","embeddable":true,"href":"https:\/\/www.purejewels.com\/de\/wp-json\/wp\/v2\/product_tag?post=408949"}],"curies":[{"name":"wp","href":"https:\/\/api.w.org\/{rel}","templated":true}]}}