{"id":408966,"date":"2025-08-01T08:53:01","date_gmt":"2025-08-01T07:53:01","guid":{"rendered":"https:\/\/www.purejewels.com\/?post_type=product&#038;p=408966"},"modified":"2026-02-06T09:44:44","modified_gmt":"2026-02-06T09:44:44","slug":"rosetten-cluster-armreif-grose-2-4","status":"publish","type":"product","link":"https:\/\/www.purejewels.com\/de\/product\/rosette-cluster-bangle-size-2-4\/","title":{"rendered":"Rosette Cluster Armreif | Gr\u00f6\u00dfe 2.4"},"content":{"rendered":"<p data-start=\"460\" data-end=\"901\">Zelebrieren Sie Handwerkskunst in voller Bl\u00fcte mit dem Rosette Cluster Armreif, handgefertigt aus 22 Karat Sunrise Gold. Jedes Blumenmotiv wird mit Hilfe traditioneller Pr\u00e4getechniken geformt - ein Verfahren, das zarte Muster in die Oberfl\u00e4che pr\u00e4gt und f\u00fcr scharfe Definition und Textur sorgt. Die dicht geschichteten Blumen vermitteln ein Gef\u00fchl von Gemeinschaft und Widerstandsf\u00e4higkeit und verk\u00f6rpern den Geist der Rosettes-Kollektion, die pers\u00f6nliche Meilensteine und gemeinsame Verm\u00e4chtnisse ehrt.<\/p>\n<p data-start=\"903\" data-end=\"1158\">Dieser Armreif, der sowohl f\u00fcr festliche Anl\u00e4sse als auch f\u00fcr Hochzeiten geeignet ist, bleibt dank seiner luftigen Innenstruktur auch bei l\u00e4ngerem Tragen leicht und bequem.<\/p>","protected":false},"excerpt":{"rendered":"<p>Dieser 9,5 mm gro\u00dfe Armreif aus 22 Karat Sunrise Gold ist handgefertigt und zeigt ein lebendiges Geflecht aus Blumenmotiven, die durch traditionelle Pr\u00e4gung entstanden sind. Mit einem sicheren Schraubverschluss ist sie eine elegante Hommage an das Erbe und die Handwerkskunst.<\/p>\n<p><strong>Material:<\/strong> 22ct Sonnenaufgang Gold<br \/>\n<strong>Wahrzeichen:<\/strong> Britisches G\u00fctesiegel<br \/>\n<strong>SKU:<\/strong> 52063, 52361<br \/>\n<strong>Gewicht:<\/strong> 23,7 Gms<br \/>\n<strong>Gr\u00f6\u00dfe des Armreifs:<\/strong> 2.4 (Weitere Gr\u00f6\u00dfen bitte anfragen)<br \/>\n<strong>Breite:<\/strong> 9,5 mm<\/p>\n<p><strong>Preis und Lieferung:<\/strong>\u00a0Inklusive Mehrwertsteuer und Lieferkosten<br \/>\n<a href=\"https:\/\/www.purejewels.com\/de\/ruckgabepolitik\/\"><strong>R\u00fcckgabepolitik<\/strong><\/a><\/p>","protected":false},"featured_media":408970,"comment_status":"closed","ping_status":"closed","template":"","meta":{"_eb_attr":"","_crsspst_to_jayantr4sg-hostcom":false},"product_brand":[],"product_cat":[1791,236,1233,1229,5271,5273,1656,1573,1574,5349],"product_tag":[],"class_list":{"0":"post-408966","1":"product","2":"type-product","3":"status-publish","4":"has-post-thumbnail","6":"product_cat-anniversary-gifts","7":"product_cat-collections","8":"product_cat-gold-bangles","9":"product_cat-22ct-gold-jewellery","10":"product_cat-occasion-wear-bangles","11":"product_cat-22ct-gold-poncha-bracelet","12":"product_cat-rosettes-collections","13":"product_cat-wedding-gifts","14":"product_cat-womens-jewellery","15":"product_cat-yellow-gold-jewellery","17":"first","18":"outofstock","19":"taxable","20":"shipping-taxable","21":"product-type-simple","22":"add-to-wishlist-before_image"},"yoast_head":"<!-- This site is optimized with the Yoast SEO plugin v27.6 - https:\/\/yoast.com\/product\/yoast-seo-wordpress\/ -->\n<title>Rosette Cluster Bangle in 22ct Gold | Size 2.4 | PureJewels UK<\/title>\n<meta name=\"description\" content=\"Shop the Rosette Cluster Bangle from PureJewels\u2019 Rosettes Collection. Featuring hand-stamped floral motifs, this 22ct gold bangle celebrates heritage in radiant form.\" \/>\n<meta name=\"robots\" content=\"index, follow, max-snippet:-1, max-image-preview:large, max-video-preview:-1\" \/>\n<link rel=\"canonical\" href=\"https:\/\/www.purejewels.com\/de\/produkt-2\/rosetten-cluster-armreif-grose-2-4\/\" \/>\n<meta property=\"og:locale\" content=\"de_DE\" \/>\n<meta property=\"og:type\" content=\"article\" \/>\n<meta property=\"og:title\" content=\"Rosette Cluster Bangle in 22ct Gold | Size 2.4 | PureJewels UK\" \/>\n<meta property=\"og:description\" content=\"Shop the Rosette Cluster Bangle from PureJewels\u2019 Rosettes Collection. Featuring hand-stamped floral motifs, this 22ct gold bangle celebrates heritage in radiant form.\" \/>\n<meta property=\"og:url\" content=\"https:\/\/www.purejewels.com\/de\/produkt-2\/rosetten-cluster-armreif-grose-2-4\/\" \/>\n<meta property=\"og:site_name\" content=\"PureJewels UK\" \/>\n<meta property=\"article:modified_time\" content=\"2026-02-06T09:44:44+00:00\" \/>\n<meta property=\"og:image\" content=\"https:\/\/static.purejewels.com\/wp-content\/uploads\/2025\/08\/SKU-52063.jpg\" \/>\n\t<meta property=\"og:image:width\" content=\"1000\" \/>\n\t<meta property=\"og:image:height\" content=\"1000\" \/>\n\t<meta property=\"og:image:type\" content=\"image\/jpeg\" \/>\n<meta name=\"twitter:card\" content=\"summary_large_image\" \/>\n<meta name=\"twitter:label1\" content=\"Gesch\u00e4tzte Lesezeit\" \/>\n\t<meta name=\"twitter:data1\" content=\"1\u00a0Minute\" \/>\n<script type=\"application\/ld+json\" class=\"yoast-schema-graph\">{\"@context\":\"https:\\\/\\\/schema.org\",\"@graph\":[{\"@type\":[\"WebPage\",\"ItemPage\"],\"@id\":\"https:\\\/\\\/www.purejewels.com\\\/product\\\/rosette-cluster-bangle-size-2-4\\\/\",\"url\":\"https:\\\/\\\/www.purejewels.com\\\/product\\\/rosette-cluster-bangle-size-2-4\\\/\",\"name\":\"Rosette Cluster Bangle in 22ct Gold | Size 2.4 | PureJewels UK\",\"isPartOf\":{\"@id\":\"https:\\\/\\\/www.purejewels.com\\\/#website\"},\"primaryImageOfPage\":{\"@id\":\"https:\\\/\\\/www.purejewels.com\\\/product\\\/rosette-cluster-bangle-size-2-4\\\/#primaryimage\"},\"image\":{\"@id\":\"https:\\\/\\\/www.purejewels.com\\\/product\\\/rosette-cluster-bangle-size-2-4\\\/#primaryimage\"},\"thumbnailUrl\":\"https:\\\/\\\/static.purejewels.com\\\/wp-content\\\/uploads\\\/2025\\\/08\\\/SKU-52063.jpg\",\"datePublished\":\"2025-08-01T07:53:01+00:00\",\"dateModified\":\"2026-02-06T09:44:44+00:00\",\"description\":\"Shop the Rosette Cluster Bangle from PureJewels\u2019 Rosettes Collection. Featuring hand-stamped floral motifs, this 22ct gold bangle celebrates heritage in radiant form.\",\"breadcrumb\":{\"@id\":\"https:\\\/\\\/www.purejewels.com\\\/product\\\/rosette-cluster-bangle-size-2-4\\\/#breadcrumb\"},\"inLanguage\":\"de\",\"potentialAction\":[{\"@type\":\"ReadAction\",\"target\":[\"https:\\\/\\\/www.purejewels.com\\\/product\\\/rosette-cluster-bangle-size-2-4\\\/\"]}]},{\"@type\":\"ImageObject\",\"inLanguage\":\"de\",\"@id\":\"https:\\\/\\\/www.purejewels.com\\\/product\\\/rosette-cluster-bangle-size-2-4\\\/#primaryimage\",\"url\":\"https:\\\/\\\/static.purejewels.com\\\/wp-content\\\/uploads\\\/2025\\\/08\\\/SKU-52063.jpg\",\"contentUrl\":\"https:\\\/\\\/static.purejewels.com\\\/wp-content\\\/uploads\\\/2025\\\/08\\\/SKU-52063.jpg\",\"width\":1000,\"height\":1000,\"caption\":\"Rosette Cluster Bangle | Size 2.4\"},{\"@type\":\"BreadcrumbList\",\"@id\":\"https:\\\/\\\/www.purejewels.com\\\/product\\\/rosette-cluster-bangle-size-2-4\\\/#breadcrumb\",\"itemListElement\":[{\"@type\":\"ListItem\",\"position\":1,\"name\":\"Home\",\"item\":\"https:\\\/\\\/www.purejewels.com\\\/\"},{\"@type\":\"ListItem\",\"position\":2,\"name\":\"Shop\",\"item\":\"https:\\\/\\\/www.purejewels.com\\\/shop\\\/\"},{\"@type\":\"ListItem\",\"position\":3,\"name\":\"Rosette Cluster Bangle | Size 2.4\"}]},{\"@type\":\"WebSite\",\"@id\":\"https:\\\/\\\/www.purejewels.com\\\/#website\",\"url\":\"https:\\\/\\\/www.purejewels.com\\\/\",\"name\":\"PureJewels UK\",\"description\":\"Share the Love\",\"publisher\":{\"@id\":\"https:\\\/\\\/www.purejewels.com\\\/#organization\"},\"potentialAction\":[{\"@type\":\"SearchAction\",\"target\":{\"@type\":\"EntryPoint\",\"urlTemplate\":\"https:\\\/\\\/www.purejewels.com\\\/?s={search_term_string}\"},\"query-input\":{\"@type\":\"PropertyValueSpecification\",\"valueRequired\":true,\"valueName\":\"search_term_string\"}}],\"inLanguage\":\"de\"},{\"@type\":\"Organization\",\"@id\":\"https:\\\/\\\/www.purejewels.com\\\/#organization\",\"name\":\"PureJewels UK\",\"url\":\"https:\\\/\\\/www.purejewels.com\\\/\",\"logo\":{\"@type\":\"ImageObject\",\"inLanguage\":\"de\",\"@id\":\"https:\\\/\\\/www.purejewels.com\\\/#\\\/schema\\\/logo\\\/image\\\/\",\"url\":\"https:\\\/\\\/static.purejewels.com\\\/wp-content\\\/uploads\\\/2020\\\/11\\\/Logo-PJ-New-1.png\",\"contentUrl\":\"https:\\\/\\\/static.purejewels.com\\\/wp-content\\\/uploads\\\/2020\\\/11\\\/Logo-PJ-New-1.png\",\"width\":150,\"height\":80,\"caption\":\"PureJewels UK\"},\"image\":{\"@id\":\"https:\\\/\\\/www.purejewels.com\\\/#\\\/schema\\\/logo\\\/image\\\/\"}}]}<\/script>\n<!-- \/ Yoast SEO plugin. -->","yoast_head_json":{"title":"Rosette Cluster Armreif in 22ct Gold | Gr\u00f6\u00dfe 2.4 | PureJewels UK","description":"Kaufen Sie den Rosette Cluster Armreif aus der Rosettes Kollektion von PureJewels. Mit handgepr\u00e4gten Blumenmotiven zelebriert dieser Armreif aus 22 Karat Gold das Erbe in strahlender Form.","robots":{"index":"index","follow":"follow","max-snippet":"max-snippet:-1","max-image-preview":"max-image-preview:large","max-video-preview":"max-video-preview:-1"},"canonical":"https:\/\/www.purejewels.com\/de\/produkt-2\/rosetten-cluster-armreif-grose-2-4\/","og_locale":"de_DE","og_type":"article","og_title":"Rosette Cluster Bangle in 22ct Gold | Size 2.4 | PureJewels UK","og_description":"Shop the Rosette Cluster Bangle from PureJewels\u2019 Rosettes Collection. Featuring hand-stamped floral motifs, this 22ct gold bangle celebrates heritage in radiant form.","og_url":"https:\/\/www.purejewels.com\/de\/produkt-2\/rosetten-cluster-armreif-grose-2-4\/","og_site_name":"PureJewels UK","article_modified_time":"2026-02-06T09:44:44+00:00","og_image":[{"width":1000,"height":1000,"url":"https:\/\/static.purejewels.com\/wp-content\/uploads\/2025\/08\/SKU-52063.jpg","type":"image\/jpeg"}],"twitter_card":"summary_large_image","twitter_misc":{"Gesch\u00e4tzte Lesezeit":"1\u00a0Minute"},"schema":{"@context":"https:\/\/schema.org","@graph":[{"@type":["WebPage","ItemPage"],"@id":"https:\/\/www.purejewels.com\/product\/rosette-cluster-bangle-size-2-4\/","url":"https:\/\/www.purejewels.com\/product\/rosette-cluster-bangle-size-2-4\/","name":"Rosette Cluster Armreif in 22ct Gold | Gr\u00f6\u00dfe 2.4 | PureJewels UK","isPartOf":{"@id":"https:\/\/www.purejewels.com\/#website"},"primaryImageOfPage":{"@id":"https:\/\/www.purejewels.com\/product\/rosette-cluster-bangle-size-2-4\/#primaryimage"},"image":{"@id":"https:\/\/www.purejewels.com\/product\/rosette-cluster-bangle-size-2-4\/#primaryimage"},"thumbnailUrl":"https:\/\/static.purejewels.com\/wp-content\/uploads\/2025\/08\/SKU-52063.jpg","datePublished":"2025-08-01T07:53:01+00:00","dateModified":"2026-02-06T09:44:44+00:00","description":"Kaufen Sie den Rosette Cluster Armreif aus der Rosettes Kollektion von PureJewels. Mit handgepr\u00e4gten Blumenmotiven zelebriert dieser Armreif aus 22 Karat Gold das Erbe in strahlender Form.","breadcrumb":{"@id":"https:\/\/www.purejewels.com\/product\/rosette-cluster-bangle-size-2-4\/#breadcrumb"},"inLanguage":"de","potentialAction":[{"@type":"ReadAction","target":["https:\/\/www.purejewels.com\/product\/rosette-cluster-bangle-size-2-4\/"]}]},{"@type":"ImageObject","inLanguage":"de","@id":"https:\/\/www.purejewels.com\/product\/rosette-cluster-bangle-size-2-4\/#primaryimage","url":"https:\/\/static.purejewels.com\/wp-content\/uploads\/2025\/08\/SKU-52063.jpg","contentUrl":"https:\/\/static.purejewels.com\/wp-content\/uploads\/2025\/08\/SKU-52063.jpg","width":1000,"height":1000,"caption":"Rosette Cluster Bangle | Size 2.4"},{"@type":"BreadcrumbList","@id":"https:\/\/www.purejewels.com\/product\/rosette-cluster-bangle-size-2-4\/#breadcrumb","itemListElement":[{"@type":"ListItem","position":1,"name":"Home","item":"https:\/\/www.purejewels.com\/"},{"@type":"ListItem","position":2,"name":"Shop","item":"https:\/\/www.purejewels.com\/shop\/"},{"@type":"ListItem","position":3,"name":"Rosette Cluster Bangle | Size 2.4"}]},{"@type":"WebSite","@id":"https:\/\/www.purejewels.com\/#website","url":"https:\/\/www.purejewels.com\/","name":"PureJewels UK","description":"Teile die Liebe","publisher":{"@id":"https:\/\/www.purejewels.com\/#organization"},"potentialAction":[{"@type":"SearchAction","target":{"@type":"EntryPoint","urlTemplate":"https:\/\/www.purejewels.com\/?s={search_term_string}"},"query-input":{"@type":"PropertyValueSpecification","valueRequired":true,"valueName":"search_term_string"}}],"inLanguage":"de"},{"@type":"Organization","@id":"https:\/\/www.purejewels.com\/#organization","name":"PureJewels UK","url":"https:\/\/www.purejewels.com\/","logo":{"@type":"ImageObject","inLanguage":"de","@id":"https:\/\/www.purejewels.com\/#\/schema\/logo\/image\/","url":"https:\/\/static.purejewels.com\/wp-content\/uploads\/2020\/11\/Logo-PJ-New-1.png","contentUrl":"https:\/\/static.purejewels.com\/wp-content\/uploads\/2020\/11\/Logo-PJ-New-1.png","width":150,"height":80,"caption":"PureJewels UK"},"image":{"@id":"https:\/\/www.purejewels.com\/#\/schema\/logo\/image\/"}}]}},"_links":{"self":[{"href":"https:\/\/www.purejewels.com\/de\/wp-json\/wp\/v2\/product\/408966","targetHints":{"allow":["GET"]}}],"collection":[{"href":"https:\/\/www.purejewels.com\/de\/wp-json\/wp\/v2\/product"}],"about":[{"href":"https:\/\/www.purejewels.com\/de\/wp-json\/wp\/v2\/types\/product"}],"replies":[{"embeddable":true,"href":"https:\/\/www.purejewels.com\/de\/wp-json\/wp\/v2\/comments?post=408966"}],"version-history":[{"count":2,"href":"https:\/\/www.purejewels.com\/de\/wp-json\/wp\/v2\/product\/408966\/revisions"}],"predecessor-version":[{"id":421120,"href":"https:\/\/www.purejewels.com\/de\/wp-json\/wp\/v2\/product\/408966\/revisions\/421120"}],"wp:featuredmedia":[{"embeddable":true,"href":"https:\/\/www.purejewels.com\/de\/wp-json\/wp\/v2\/media\/408970"}],"wp:attachment":[{"href":"https:\/\/www.purejewels.com\/de\/wp-json\/wp\/v2\/media?parent=408966"}],"wp:term":[{"taxonomy":"product_brand","embeddable":true,"href":"https:\/\/www.purejewels.com\/de\/wp-json\/wp\/v2\/product_brand?post=408966"},{"taxonomy":"product_cat","embeddable":true,"href":"https:\/\/www.purejewels.com\/de\/wp-json\/wp\/v2\/product_cat?post=408966"},{"taxonomy":"product_tag","embeddable":true,"href":"https:\/\/www.purejewels.com\/de\/wp-json\/wp\/v2\/product_tag?post=408966"}],"curies":[{"name":"wp","href":"https:\/\/api.w.org\/{rel}","templated":true}]}}