{"id":408993,"date":"2025-07-02T11:17:47","date_gmt":"2025-07-02T10:17:47","guid":{"rendered":"https:\/\/www.purejewels.com\/?post_type=product&#038;p=408993"},"modified":"2026-01-29T09:15:08","modified_gmt":"2026-01-29T09:15:08","slug":"n-initial-anhanger-aus-22-karat-gold-48442","status":"publish","type":"product","link":"https:\/\/www.purejewels.com\/de\/product\/n-initial-pendant-in-22ct-gold-48442\/","title":{"rendered":"N Initial-Anh\u00e4nger aus 22 Karat Gold"},"content":{"rendered":"<p>Der Anh\u00e4nger mit der Initiale N aus 22-kar\u00e4tigem Gold ist ein raffiniertes Statement der Identit\u00e4t, das mit Absicht entworfen wurde und das pers\u00f6nliche Erbe ehrt. Ob Sie ihn f\u00fcr Ihren eigenen Namen, die Initialen eines geliebten Menschen oder f\u00fcr eine gesch\u00e4tzte Erinnerung w\u00e4hlen, dieser Anh\u00e4nger ist ein tragbares Symbol f\u00fcr Verbindung und Bedeutung.<\/p>\n<p>Der Buchstabe \"N\" wurde sorgf\u00e4ltig aus gepunztem 22-kar\u00e4tigem Gold gefertigt und mit flie\u00dfenden Linien und eleganten Kurven geformt. Er spiegelt die Designsprache von PureJewels wider, die in der Tradition verwurzelt ist und mit moderner Anmut neu interpretiert wurde. Jeder Strich ist zu einem sanften Schimmer poliert, der W\u00e4rme und Raffinesse ausstrahlt.<\/p>","protected":false},"excerpt":{"rendered":"<p>Der aus 22-kar\u00e4tigem Gold gefertigte Anh\u00e4nger mit der Initiale N ist eine anmutige Hommage an die Individualit\u00e4t. Er ist ein bedeutungsvolles Andenken von zeitloser Eleganz, das Sie am Herzen tragen sollten.<\/p>\n<p><strong>Material:<\/strong>\u00a022ct Gold<strong><br \/>\nWahrzeichen:\u00a0<\/strong>Britisches G\u00fctesiegel<strong><br \/>\n<\/strong><strong>Bruttogewicht: <\/strong>0,90 Gramm<br \/>\n<strong>SKU: <\/strong>48442<\/p>\n<p><strong>Preis und Lieferung<\/strong>: Inklusive Mehrwertsteuer und Lieferkosten<br \/>\n<strong>Hinweis<\/strong>: Die Kette ist nicht enthalten<\/p>\n<p><a href=\"https:\/\/www.purejewels.com\/de\/ruckgabepolitik\/\">R\u00fcckgabepolitik<\/a><\/p>","protected":false},"featured_media":409019,"comment_status":"closed","ping_status":"closed","template":"","meta":{"_eb_attr":"","_crsspst_to_jayantr4sg-hostcom":true},"product_brand":[],"product_cat":[1791,1793,1792,1229,1255,6122,5598,5342,1767,1768,6051,6120,1569,1573,1574,5349],"product_tag":[],"class_list":{"0":"post-408993","1":"product","2":"type-product","3":"status-publish","4":"has-post-thumbnail","6":"product_cat-anniversary-gifts","7":"product_cat-diwali-gifts","8":"product_cat-festival-gifts","9":"product_cat-22ct-gold-jewellery","10":"product_cat-gold-pendants","11":"product_cat-initial","12":"product_cat-initial-pendant","13":"product_cat-jewellery-under-250","14":"product_cat-ladies-pendants","15":"product_cat-mens-pendants","16":"product_cat-personalised-pendant","17":"product_cat-shop-by-style","18":"product_cat-valentine-day-gifts","19":"product_cat-wedding-gifts","20":"product_cat-womens-jewellery","21":"product_cat-yellow-gold-jewellery","23":"first","24":"instock","25":"taxable","26":"shipping-taxable","27":"purchasable","28":"product-type-simple","29":"add-to-wishlist-before_image"},"yoast_head":"<!-- This site is optimized with the Yoast SEO plugin v27.4 - https:\/\/yoast.com\/product\/yoast-seo-wordpress\/ -->\n<title>N Initial Pendant in 22ct Gold | PureJewels London<\/title>\n<meta name=\"description\" content=\"Celebrate your name or a loved one with our N Initial Pendant, handcrafted in radiant 22ct gold. A timeless expression of identity and artistry by PureJewels.\" \/>\n<meta name=\"robots\" content=\"index, follow, max-snippet:-1, max-image-preview:large, max-video-preview:-1\" \/>\n<link rel=\"canonical\" href=\"https:\/\/www.purejewels.com\/de\/produkt-2\/n-initial-anhanger-aus-22-karat-gold-48442\/\" \/>\n<meta property=\"og:locale\" content=\"de_DE\" \/>\n<meta property=\"og:type\" content=\"article\" \/>\n<meta property=\"og:title\" content=\"N Initial Pendant in 22ct Gold | PureJewels London\" \/>\n<meta property=\"og:description\" content=\"Celebrate your name or a loved one with our N Initial Pendant, handcrafted in radiant 22ct gold. A timeless expression of identity and artistry by PureJewels.\" \/>\n<meta property=\"og:url\" content=\"https:\/\/www.purejewels.com\/de\/produkt-2\/n-initial-anhanger-aus-22-karat-gold-48442\/\" \/>\n<meta property=\"og:site_name\" content=\"PureJewels UK\" \/>\n<meta property=\"article:modified_time\" content=\"2026-01-29T09:15:08+00:00\" \/>\n<meta property=\"og:image\" content=\"https:\/\/static.purejewels.com\/wp-content\/uploads\/2025\/08\/SKU-48442.jpg\" \/>\n\t<meta property=\"og:image:width\" content=\"1000\" \/>\n\t<meta property=\"og:image:height\" content=\"1000\" \/>\n\t<meta property=\"og:image:type\" content=\"image\/jpeg\" \/>\n<meta name=\"twitter:card\" content=\"summary_large_image\" \/>\n<meta name=\"twitter:label1\" content=\"Gesch\u00e4tzte Lesezeit\" \/>\n\t<meta name=\"twitter:data1\" content=\"1\u00a0Minute\" \/>\n<script type=\"application\/ld+json\" class=\"yoast-schema-graph\">{\"@context\":\"https:\\\/\\\/schema.org\",\"@graph\":[{\"@type\":[\"WebPage\",\"ItemPage\"],\"@id\":\"https:\\\/\\\/www.purejewels.com\\\/product\\\/n-initial-pendant-in-22ct-gold-48442\\\/\",\"url\":\"https:\\\/\\\/www.purejewels.com\\\/product\\\/n-initial-pendant-in-22ct-gold-48442\\\/\",\"name\":\"N Initial Pendant in 22ct Gold | PureJewels London\",\"isPartOf\":{\"@id\":\"https:\\\/\\\/www.purejewels.com\\\/#website\"},\"primaryImageOfPage\":{\"@id\":\"https:\\\/\\\/www.purejewels.com\\\/product\\\/n-initial-pendant-in-22ct-gold-48442\\\/#primaryimage\"},\"image\":{\"@id\":\"https:\\\/\\\/www.purejewels.com\\\/product\\\/n-initial-pendant-in-22ct-gold-48442\\\/#primaryimage\"},\"thumbnailUrl\":\"https:\\\/\\\/static.purejewels.com\\\/wp-content\\\/uploads\\\/2025\\\/08\\\/SKU-48442.jpg\",\"datePublished\":\"2025-07-02T10:17:47+00:00\",\"dateModified\":\"2026-01-29T09:15:08+00:00\",\"description\":\"Celebrate your name or a loved one with our N Initial Pendant, handcrafted in radiant 22ct gold. A timeless expression of identity and artistry by PureJewels.\",\"breadcrumb\":{\"@id\":\"https:\\\/\\\/www.purejewels.com\\\/product\\\/n-initial-pendant-in-22ct-gold-48442\\\/#breadcrumb\"},\"inLanguage\":\"de\",\"potentialAction\":[{\"@type\":\"ReadAction\",\"target\":[\"https:\\\/\\\/www.purejewels.com\\\/product\\\/n-initial-pendant-in-22ct-gold-48442\\\/\"]}]},{\"@type\":\"ImageObject\",\"inLanguage\":\"de\",\"@id\":\"https:\\\/\\\/www.purejewels.com\\\/product\\\/n-initial-pendant-in-22ct-gold-48442\\\/#primaryimage\",\"url\":\"https:\\\/\\\/static.purejewels.com\\\/wp-content\\\/uploads\\\/2025\\\/08\\\/SKU-48442.jpg\",\"contentUrl\":\"https:\\\/\\\/static.purejewels.com\\\/wp-content\\\/uploads\\\/2025\\\/08\\\/SKU-48442.jpg\",\"width\":1000,\"height\":1000,\"caption\":\"Stacked from 6 images. Method=B (R=8,S=4)\"},{\"@type\":\"BreadcrumbList\",\"@id\":\"https:\\\/\\\/www.purejewels.com\\\/product\\\/n-initial-pendant-in-22ct-gold-48442\\\/#breadcrumb\",\"itemListElement\":[{\"@type\":\"ListItem\",\"position\":1,\"name\":\"Home\",\"item\":\"https:\\\/\\\/www.purejewels.com\\\/\"},{\"@type\":\"ListItem\",\"position\":2,\"name\":\"Shop\",\"item\":\"https:\\\/\\\/www.purejewels.com\\\/shop\\\/\"},{\"@type\":\"ListItem\",\"position\":3,\"name\":\"N Initial Pendant in 22ct Gold\"}]},{\"@type\":\"WebSite\",\"@id\":\"https:\\\/\\\/www.purejewels.com\\\/#website\",\"url\":\"https:\\\/\\\/www.purejewels.com\\\/\",\"name\":\"PureJewels UK\",\"description\":\"Share the Love\",\"publisher\":{\"@id\":\"https:\\\/\\\/www.purejewels.com\\\/#organization\"},\"potentialAction\":[{\"@type\":\"SearchAction\",\"target\":{\"@type\":\"EntryPoint\",\"urlTemplate\":\"https:\\\/\\\/www.purejewels.com\\\/?s={search_term_string}\"},\"query-input\":{\"@type\":\"PropertyValueSpecification\",\"valueRequired\":true,\"valueName\":\"search_term_string\"}}],\"inLanguage\":\"de\"},{\"@type\":\"Organization\",\"@id\":\"https:\\\/\\\/www.purejewels.com\\\/#organization\",\"name\":\"PureJewels UK\",\"url\":\"https:\\\/\\\/www.purejewels.com\\\/\",\"logo\":{\"@type\":\"ImageObject\",\"inLanguage\":\"de\",\"@id\":\"https:\\\/\\\/www.purejewels.com\\\/#\\\/schema\\\/logo\\\/image\\\/\",\"url\":\"https:\\\/\\\/static.purejewels.com\\\/wp-content\\\/uploads\\\/2020\\\/11\\\/Logo-PJ-New-1.png\",\"contentUrl\":\"https:\\\/\\\/static.purejewels.com\\\/wp-content\\\/uploads\\\/2020\\\/11\\\/Logo-PJ-New-1.png\",\"width\":150,\"height\":80,\"caption\":\"PureJewels UK\"},\"image\":{\"@id\":\"https:\\\/\\\/www.purejewels.com\\\/#\\\/schema\\\/logo\\\/image\\\/\"}}]}<\/script>\n<!-- \/ Yoast SEO plugin. -->","yoast_head_json":{"title":"N Initial-Anh\u00e4nger in 22ct Gold | PureJewels London","description":"Zelebrieren Sie Ihren Namen oder einen geliebten Menschen mit unserem Anh\u00e4nger mit der Initiale N, handgefertigt aus strahlendem 22-kar\u00e4tigem Gold. Ein zeitloser Ausdruck von Identit\u00e4t und Kunstfertigkeit von PureJewels.","robots":{"index":"index","follow":"follow","max-snippet":"max-snippet:-1","max-image-preview":"max-image-preview:large","max-video-preview":"max-video-preview:-1"},"canonical":"https:\/\/www.purejewels.com\/de\/produkt-2\/n-initial-anhanger-aus-22-karat-gold-48442\/","og_locale":"de_DE","og_type":"article","og_title":"N Initial Pendant in 22ct Gold | PureJewels London","og_description":"Celebrate your name or a loved one with our N Initial Pendant, handcrafted in radiant 22ct gold. A timeless expression of identity and artistry by PureJewels.","og_url":"https:\/\/www.purejewels.com\/de\/produkt-2\/n-initial-anhanger-aus-22-karat-gold-48442\/","og_site_name":"PureJewels UK","article_modified_time":"2026-01-29T09:15:08+00:00","og_image":[{"width":1000,"height":1000,"url":"https:\/\/static.purejewels.com\/wp-content\/uploads\/2025\/08\/SKU-48442.jpg","type":"image\/jpeg"}],"twitter_card":"summary_large_image","twitter_misc":{"Gesch\u00e4tzte Lesezeit":"1\u00a0Minute"},"schema":{"@context":"https:\/\/schema.org","@graph":[{"@type":["WebPage","ItemPage"],"@id":"https:\/\/www.purejewels.com\/product\/n-initial-pendant-in-22ct-gold-48442\/","url":"https:\/\/www.purejewels.com\/product\/n-initial-pendant-in-22ct-gold-48442\/","name":"N Initial-Anh\u00e4nger in 22ct Gold | PureJewels London","isPartOf":{"@id":"https:\/\/www.purejewels.com\/#website"},"primaryImageOfPage":{"@id":"https:\/\/www.purejewels.com\/product\/n-initial-pendant-in-22ct-gold-48442\/#primaryimage"},"image":{"@id":"https:\/\/www.purejewels.com\/product\/n-initial-pendant-in-22ct-gold-48442\/#primaryimage"},"thumbnailUrl":"https:\/\/static.purejewels.com\/wp-content\/uploads\/2025\/08\/SKU-48442.jpg","datePublished":"2025-07-02T10:17:47+00:00","dateModified":"2026-01-29T09:15:08+00:00","description":"Zelebrieren Sie Ihren Namen oder einen geliebten Menschen mit unserem Anh\u00e4nger mit der Initiale N, handgefertigt aus strahlendem 22-kar\u00e4tigem Gold. Ein zeitloser Ausdruck von Identit\u00e4t und Kunstfertigkeit von PureJewels.","breadcrumb":{"@id":"https:\/\/www.purejewels.com\/product\/n-initial-pendant-in-22ct-gold-48442\/#breadcrumb"},"inLanguage":"de","potentialAction":[{"@type":"ReadAction","target":["https:\/\/www.purejewels.com\/product\/n-initial-pendant-in-22ct-gold-48442\/"]}]},{"@type":"ImageObject","inLanguage":"de","@id":"https:\/\/www.purejewels.com\/product\/n-initial-pendant-in-22ct-gold-48442\/#primaryimage","url":"https:\/\/static.purejewels.com\/wp-content\/uploads\/2025\/08\/SKU-48442.jpg","contentUrl":"https:\/\/static.purejewels.com\/wp-content\/uploads\/2025\/08\/SKU-48442.jpg","width":1000,"height":1000,"caption":"Stacked from 6 images. Method=B (R=8,S=4)"},{"@type":"BreadcrumbList","@id":"https:\/\/www.purejewels.com\/product\/n-initial-pendant-in-22ct-gold-48442\/#breadcrumb","itemListElement":[{"@type":"ListItem","position":1,"name":"Home","item":"https:\/\/www.purejewels.com\/"},{"@type":"ListItem","position":2,"name":"Shop","item":"https:\/\/www.purejewels.com\/shop\/"},{"@type":"ListItem","position":3,"name":"N Initial Pendant in 22ct Gold"}]},{"@type":"WebSite","@id":"https:\/\/www.purejewels.com\/#website","url":"https:\/\/www.purejewels.com\/","name":"PureJewels UK","description":"Teile die Liebe","publisher":{"@id":"https:\/\/www.purejewels.com\/#organization"},"potentialAction":[{"@type":"SearchAction","target":{"@type":"EntryPoint","urlTemplate":"https:\/\/www.purejewels.com\/?s={search_term_string}"},"query-input":{"@type":"PropertyValueSpecification","valueRequired":true,"valueName":"search_term_string"}}],"inLanguage":"de"},{"@type":"Organization","@id":"https:\/\/www.purejewels.com\/#organization","name":"PureJewels UK","url":"https:\/\/www.purejewels.com\/","logo":{"@type":"ImageObject","inLanguage":"de","@id":"https:\/\/www.purejewels.com\/#\/schema\/logo\/image\/","url":"https:\/\/static.purejewels.com\/wp-content\/uploads\/2020\/11\/Logo-PJ-New-1.png","contentUrl":"https:\/\/static.purejewels.com\/wp-content\/uploads\/2020\/11\/Logo-PJ-New-1.png","width":150,"height":80,"caption":"PureJewels UK"},"image":{"@id":"https:\/\/www.purejewels.com\/#\/schema\/logo\/image\/"}}]}},"_links":{"self":[{"href":"https:\/\/www.purejewels.com\/de\/wp-json\/wp\/v2\/product\/408993","targetHints":{"allow":["GET"]}}],"collection":[{"href":"https:\/\/www.purejewels.com\/de\/wp-json\/wp\/v2\/product"}],"about":[{"href":"https:\/\/www.purejewels.com\/de\/wp-json\/wp\/v2\/types\/product"}],"replies":[{"embeddable":true,"href":"https:\/\/www.purejewels.com\/de\/wp-json\/wp\/v2\/comments?post=408993"}],"version-history":[{"count":1,"href":"https:\/\/www.purejewels.com\/de\/wp-json\/wp\/v2\/product\/408993\/revisions"}],"predecessor-version":[{"id":409021,"href":"https:\/\/www.purejewels.com\/de\/wp-json\/wp\/v2\/product\/408993\/revisions\/409021"}],"wp:featuredmedia":[{"embeddable":true,"href":"https:\/\/www.purejewels.com\/de\/wp-json\/wp\/v2\/media\/409019"}],"wp:attachment":[{"href":"https:\/\/www.purejewels.com\/de\/wp-json\/wp\/v2\/media?parent=408993"}],"wp:term":[{"taxonomy":"product_brand","embeddable":true,"href":"https:\/\/www.purejewels.com\/de\/wp-json\/wp\/v2\/product_brand?post=408993"},{"taxonomy":"product_cat","embeddable":true,"href":"https:\/\/www.purejewels.com\/de\/wp-json\/wp\/v2\/product_cat?post=408993"},{"taxonomy":"product_tag","embeddable":true,"href":"https:\/\/www.purejewels.com\/de\/wp-json\/wp\/v2\/product_tag?post=408993"}],"curies":[{"name":"wp","href":"https:\/\/api.w.org\/{rel}","templated":true}]}}