{"id":409339,"date":"2025-07-23T10:57:16","date_gmt":"2025-07-23T09:57:16","guid":{"rendered":"https:\/\/www.purejewels.com\/?post_type=product&#038;p=409339"},"modified":"2026-03-17T12:54:34","modified_gmt":"2026-03-17T12:54:34","slug":"222ct-gold-perlen-mangalsutra-20-zoll-50800","status":"publish","type":"product","link":"https:\/\/www.purejewels.com\/de\/product\/222ct-gold-beaded-mangalsutra-20-inches-50800\/","title":{"rendered":"222ct Gold Perlen Mangalsutra | 20 Zentimeter"},"content":{"rendered":"<p>Die Mangalsutra mit Perlen aus 22 Karat Gelbgold ist ein zeitloses Schmuckst\u00fcck, das heilige Traditionen ehrt und gleichzeitig raffinierte Schlichtheit verk\u00f6rpert - ein Fest der Liebe und des kulturellen Erbes. Mit abwechselnd poliertem Gold und schwarzen Perlen ist diese 20-Zoll-Halskette symbolisch und auff\u00e4llig zugleich.<\/p>\n<p>Jede Perle wird sorgf\u00e4ltig aus gepunztem 22-kar\u00e4tigem Gold gefertigt und spiegelt das Engagement von PureJewels f\u00fcr Reinheit und Handwerkskunst wider. Das traditionelle Mangalsutra-Design wurde hier mit sanfter Symmetrie und schlichter Eleganz neu interpretiert, was es ideal f\u00fcr den modernen Alltag macht und gleichzeitig seine tiefen spirituellen Wurzeln bewahrt.<\/p>","protected":false},"excerpt":{"rendered":"<p>Dieses Mangalsutra aus 22-kar\u00e4tigem Gelbgold ist ein Symbol der heiligen Tradition. Es besteht aus abwechselnd goldenen und schwarzen Perlen, die f\u00fcr zeitlose Sch\u00f6nheit und dauerhafte Anmut stehen.<\/p>\n<p><strong>Material:<\/strong> 22ct Gelbgold<br \/>\n<strong>Wahrzeichen:<\/strong>\u00a0Britisches G\u00fctesiegel<br \/>\n<strong>Bruttogewicht:\u00a0<\/strong> 7,8 Gramm<br \/>\n<strong>L\u00e4nge:<\/strong> 20 Zoll<br \/>\n<strong>SKU:<\/strong> 50800<\/p>\n<p><strong>Preis und Lieferung:\u00a0<\/strong>Inklusive Mehrwertsteuer und Lieferkosten<strong><br \/>\n<a href=\"https:\/\/www.purejewels.com\/de\/ruckgabepolitik\/\">R\u00fcckgabepolitik<\/a><\/strong><\/p>","protected":false},"featured_media":409340,"comment_status":"closed","ping_status":"closed","template":"","meta":{"_eb_attr":"","_crsspst_to_jayantr4sg-hostcom":false},"product_brand":[],"product_cat":[1791,1559,1775,1793,1792,1229,1284,1573],"product_tag":[],"class_list":{"0":"post-409339","1":"product","2":"type-product","3":"status-publish","4":"has-post-thumbnail","6":"product_cat-anniversary-gifts","7":"product_cat-birthday-gifts","8":"product_cat-daily-wear-mangalsutras","9":"product_cat-diwali-gifts","10":"product_cat-festival-gifts","11":"product_cat-22ct-gold-jewellery","12":"product_cat-gold-mangalsutras","13":"product_cat-wedding-gifts","15":"first","16":"outofstock","17":"taxable","18":"shipping-taxable","19":"product-type-simple","20":"add-to-wishlist-before_image"},"yoast_head":"<!-- This site is optimized with the Yoast SEO plugin v27.5 - https:\/\/yoast.com\/product\/yoast-seo-wordpress\/ -->\n<title>22ct Gold Beaded Mangalsutra | Online at PureJewels UK<\/title>\n<meta name=\"description\" content=\"Classic 22ct Yellow Gold Mangalsutra with alternating gold and black beads. 20 inches of timeless elegance, handcrafted by PureJewels in London.\" \/>\n<meta name=\"robots\" content=\"index, follow, max-snippet:-1, max-image-preview:large, max-video-preview:-1\" \/>\n<link rel=\"canonical\" href=\"https:\/\/www.purejewels.com\/de\/produkt-2\/222ct-gold-perlen-mangalsutra-20-zoll-50800\/\" \/>\n<meta property=\"og:locale\" content=\"de_DE\" \/>\n<meta property=\"og:type\" content=\"article\" \/>\n<meta property=\"og:title\" content=\"22ct Gold Beaded Mangalsutra | Online at PureJewels UK\" \/>\n<meta property=\"og:description\" content=\"Classic 22ct Yellow Gold Mangalsutra with alternating gold and black beads. 20 inches of timeless elegance, handcrafted by PureJewels in London.\" \/>\n<meta property=\"og:url\" content=\"https:\/\/www.purejewels.com\/de\/produkt-2\/222ct-gold-perlen-mangalsutra-20-zoll-50800\/\" \/>\n<meta property=\"og:site_name\" content=\"PureJewels UK\" \/>\n<meta property=\"article:modified_time\" content=\"2026-03-17T12:54:34+00:00\" \/>\n<meta property=\"og:image\" content=\"https:\/\/static.purejewels.com\/wp-content\/uploads\/2025\/08\/SKU-50800.jpg\" \/>\n\t<meta property=\"og:image:width\" content=\"1000\" \/>\n\t<meta property=\"og:image:height\" content=\"1000\" \/>\n\t<meta property=\"og:image:type\" content=\"image\/jpeg\" \/>\n<meta name=\"twitter:card\" content=\"summary_large_image\" \/>\n<meta name=\"twitter:label1\" content=\"Gesch\u00e4tzte Lesezeit\" \/>\n\t<meta name=\"twitter:data1\" content=\"1\u00a0Minute\" \/>\n<script type=\"application\/ld+json\" class=\"yoast-schema-graph\">{\"@context\":\"https:\\\/\\\/schema.org\",\"@graph\":[{\"@type\":[\"WebPage\",\"ItemPage\"],\"@id\":\"https:\\\/\\\/www.purejewels.com\\\/product\\\/222ct-gold-beaded-mangalsutra-20-inches-50800\\\/\",\"url\":\"https:\\\/\\\/www.purejewels.com\\\/product\\\/222ct-gold-beaded-mangalsutra-20-inches-50800\\\/\",\"name\":\"22ct Gold Beaded Mangalsutra | Online at PureJewels UK\",\"isPartOf\":{\"@id\":\"https:\\\/\\\/www.purejewels.com\\\/#website\"},\"primaryImageOfPage\":{\"@id\":\"https:\\\/\\\/www.purejewels.com\\\/product\\\/222ct-gold-beaded-mangalsutra-20-inches-50800\\\/#primaryimage\"},\"image\":{\"@id\":\"https:\\\/\\\/www.purejewels.com\\\/product\\\/222ct-gold-beaded-mangalsutra-20-inches-50800\\\/#primaryimage\"},\"thumbnailUrl\":\"https:\\\/\\\/static.purejewels.com\\\/wp-content\\\/uploads\\\/2025\\\/08\\\/SKU-50800.jpg\",\"datePublished\":\"2025-07-23T09:57:16+00:00\",\"dateModified\":\"2026-03-17T12:54:34+00:00\",\"description\":\"Classic 22ct Yellow Gold Mangalsutra with alternating gold and black beads. 20 inches of timeless elegance, handcrafted by PureJewels in London.\",\"breadcrumb\":{\"@id\":\"https:\\\/\\\/www.purejewels.com\\\/product\\\/222ct-gold-beaded-mangalsutra-20-inches-50800\\\/#breadcrumb\"},\"inLanguage\":\"de\",\"potentialAction\":[{\"@type\":\"ReadAction\",\"target\":[\"https:\\\/\\\/www.purejewels.com\\\/product\\\/222ct-gold-beaded-mangalsutra-20-inches-50800\\\/\"]}]},{\"@type\":\"ImageObject\",\"inLanguage\":\"de\",\"@id\":\"https:\\\/\\\/www.purejewels.com\\\/product\\\/222ct-gold-beaded-mangalsutra-20-inches-50800\\\/#primaryimage\",\"url\":\"https:\\\/\\\/static.purejewels.com\\\/wp-content\\\/uploads\\\/2025\\\/08\\\/SKU-50800.jpg\",\"contentUrl\":\"https:\\\/\\\/static.purejewels.com\\\/wp-content\\\/uploads\\\/2025\\\/08\\\/SKU-50800.jpg\",\"width\":1000,\"height\":1000,\"caption\":\"Stacked from 5 images. Method=B (R=8,S=4)\"},{\"@type\":\"BreadcrumbList\",\"@id\":\"https:\\\/\\\/www.purejewels.com\\\/product\\\/222ct-gold-beaded-mangalsutra-20-inches-50800\\\/#breadcrumb\",\"itemListElement\":[{\"@type\":\"ListItem\",\"position\":1,\"name\":\"Home\",\"item\":\"https:\\\/\\\/www.purejewels.com\\\/\"},{\"@type\":\"ListItem\",\"position\":2,\"name\":\"Shop\",\"item\":\"https:\\\/\\\/www.purejewels.com\\\/shop\\\/\"},{\"@type\":\"ListItem\",\"position\":3,\"name\":\"222ct Gold Beaded Mangalsutra | 20 Inches\"}]},{\"@type\":\"WebSite\",\"@id\":\"https:\\\/\\\/www.purejewels.com\\\/#website\",\"url\":\"https:\\\/\\\/www.purejewels.com\\\/\",\"name\":\"PureJewels UK\",\"description\":\"Share the Love\",\"publisher\":{\"@id\":\"https:\\\/\\\/www.purejewels.com\\\/#organization\"},\"potentialAction\":[{\"@type\":\"SearchAction\",\"target\":{\"@type\":\"EntryPoint\",\"urlTemplate\":\"https:\\\/\\\/www.purejewels.com\\\/?s={search_term_string}\"},\"query-input\":{\"@type\":\"PropertyValueSpecification\",\"valueRequired\":true,\"valueName\":\"search_term_string\"}}],\"inLanguage\":\"de\"},{\"@type\":\"Organization\",\"@id\":\"https:\\\/\\\/www.purejewels.com\\\/#organization\",\"name\":\"PureJewels UK\",\"url\":\"https:\\\/\\\/www.purejewels.com\\\/\",\"logo\":{\"@type\":\"ImageObject\",\"inLanguage\":\"de\",\"@id\":\"https:\\\/\\\/www.purejewels.com\\\/#\\\/schema\\\/logo\\\/image\\\/\",\"url\":\"https:\\\/\\\/static.purejewels.com\\\/wp-content\\\/uploads\\\/2020\\\/11\\\/Logo-PJ-New-1.png\",\"contentUrl\":\"https:\\\/\\\/static.purejewels.com\\\/wp-content\\\/uploads\\\/2020\\\/11\\\/Logo-PJ-New-1.png\",\"width\":150,\"height\":80,\"caption\":\"PureJewels UK\"},\"image\":{\"@id\":\"https:\\\/\\\/www.purejewels.com\\\/#\\\/schema\\\/logo\\\/image\\\/\"}}]}<\/script>\n<!-- \/ Yoast SEO plugin. -->","yoast_head_json":{"title":"22ct Gold Perlen Mangalsutra | Online bei PureJewels UK","description":"Klassische Mangalsutra aus 22 Karat Gelbgold mit abwechselnd goldenen und schwarzen Perlen. 20 Zoll zeitlose Eleganz, handgefertigt von PureJewels in London.","robots":{"index":"index","follow":"follow","max-snippet":"max-snippet:-1","max-image-preview":"max-image-preview:large","max-video-preview":"max-video-preview:-1"},"canonical":"https:\/\/www.purejewels.com\/de\/produkt-2\/222ct-gold-perlen-mangalsutra-20-zoll-50800\/","og_locale":"de_DE","og_type":"article","og_title":"22ct Gold Beaded Mangalsutra | Online at PureJewels UK","og_description":"Classic 22ct Yellow Gold Mangalsutra with alternating gold and black beads. 20 inches of timeless elegance, handcrafted by PureJewels in London.","og_url":"https:\/\/www.purejewels.com\/de\/produkt-2\/222ct-gold-perlen-mangalsutra-20-zoll-50800\/","og_site_name":"PureJewels UK","article_modified_time":"2026-03-17T12:54:34+00:00","og_image":[{"width":1000,"height":1000,"url":"https:\/\/static.purejewels.com\/wp-content\/uploads\/2025\/08\/SKU-50800.jpg","type":"image\/jpeg"}],"twitter_card":"summary_large_image","twitter_misc":{"Gesch\u00e4tzte Lesezeit":"1\u00a0Minute"},"schema":{"@context":"https:\/\/schema.org","@graph":[{"@type":["WebPage","ItemPage"],"@id":"https:\/\/www.purejewels.com\/product\/222ct-gold-beaded-mangalsutra-20-inches-50800\/","url":"https:\/\/www.purejewels.com\/product\/222ct-gold-beaded-mangalsutra-20-inches-50800\/","name":"22ct Gold Perlen Mangalsutra | Online bei PureJewels UK","isPartOf":{"@id":"https:\/\/www.purejewels.com\/#website"},"primaryImageOfPage":{"@id":"https:\/\/www.purejewels.com\/product\/222ct-gold-beaded-mangalsutra-20-inches-50800\/#primaryimage"},"image":{"@id":"https:\/\/www.purejewels.com\/product\/222ct-gold-beaded-mangalsutra-20-inches-50800\/#primaryimage"},"thumbnailUrl":"https:\/\/static.purejewels.com\/wp-content\/uploads\/2025\/08\/SKU-50800.jpg","datePublished":"2025-07-23T09:57:16+00:00","dateModified":"2026-03-17T12:54:34+00:00","description":"Klassische Mangalsutra aus 22 Karat Gelbgold mit abwechselnd goldenen und schwarzen Perlen. 20 Zoll zeitlose Eleganz, handgefertigt von PureJewels in London.","breadcrumb":{"@id":"https:\/\/www.purejewels.com\/product\/222ct-gold-beaded-mangalsutra-20-inches-50800\/#breadcrumb"},"inLanguage":"de","potentialAction":[{"@type":"ReadAction","target":["https:\/\/www.purejewels.com\/product\/222ct-gold-beaded-mangalsutra-20-inches-50800\/"]}]},{"@type":"ImageObject","inLanguage":"de","@id":"https:\/\/www.purejewels.com\/product\/222ct-gold-beaded-mangalsutra-20-inches-50800\/#primaryimage","url":"https:\/\/static.purejewels.com\/wp-content\/uploads\/2025\/08\/SKU-50800.jpg","contentUrl":"https:\/\/static.purejewels.com\/wp-content\/uploads\/2025\/08\/SKU-50800.jpg","width":1000,"height":1000,"caption":"Stacked from 5 images. Method=B (R=8,S=4)"},{"@type":"BreadcrumbList","@id":"https:\/\/www.purejewels.com\/product\/222ct-gold-beaded-mangalsutra-20-inches-50800\/#breadcrumb","itemListElement":[{"@type":"ListItem","position":1,"name":"Home","item":"https:\/\/www.purejewels.com\/"},{"@type":"ListItem","position":2,"name":"Shop","item":"https:\/\/www.purejewels.com\/shop\/"},{"@type":"ListItem","position":3,"name":"222ct Gold Beaded Mangalsutra | 20 Inches"}]},{"@type":"WebSite","@id":"https:\/\/www.purejewels.com\/#website","url":"https:\/\/www.purejewels.com\/","name":"PureJewels UK","description":"Teile die Liebe","publisher":{"@id":"https:\/\/www.purejewels.com\/#organization"},"potentialAction":[{"@type":"SearchAction","target":{"@type":"EntryPoint","urlTemplate":"https:\/\/www.purejewels.com\/?s={search_term_string}"},"query-input":{"@type":"PropertyValueSpecification","valueRequired":true,"valueName":"search_term_string"}}],"inLanguage":"de"},{"@type":"Organization","@id":"https:\/\/www.purejewels.com\/#organization","name":"PureJewels UK","url":"https:\/\/www.purejewels.com\/","logo":{"@type":"ImageObject","inLanguage":"de","@id":"https:\/\/www.purejewels.com\/#\/schema\/logo\/image\/","url":"https:\/\/static.purejewels.com\/wp-content\/uploads\/2020\/11\/Logo-PJ-New-1.png","contentUrl":"https:\/\/static.purejewels.com\/wp-content\/uploads\/2020\/11\/Logo-PJ-New-1.png","width":150,"height":80,"caption":"PureJewels UK"},"image":{"@id":"https:\/\/www.purejewels.com\/#\/schema\/logo\/image\/"}}]}},"_links":{"self":[{"href":"https:\/\/www.purejewels.com\/de\/wp-json\/wp\/v2\/product\/409339","targetHints":{"allow":["GET"]}}],"collection":[{"href":"https:\/\/www.purejewels.com\/de\/wp-json\/wp\/v2\/product"}],"about":[{"href":"https:\/\/www.purejewels.com\/de\/wp-json\/wp\/v2\/types\/product"}],"replies":[{"embeddable":true,"href":"https:\/\/www.purejewels.com\/de\/wp-json\/wp\/v2\/comments?post=409339"}],"version-history":[{"count":1,"href":"https:\/\/www.purejewels.com\/de\/wp-json\/wp\/v2\/product\/409339\/revisions"}],"predecessor-version":[{"id":409342,"href":"https:\/\/www.purejewels.com\/de\/wp-json\/wp\/v2\/product\/409339\/revisions\/409342"}],"wp:featuredmedia":[{"embeddable":true,"href":"https:\/\/www.purejewels.com\/de\/wp-json\/wp\/v2\/media\/409340"}],"wp:attachment":[{"href":"https:\/\/www.purejewels.com\/de\/wp-json\/wp\/v2\/media?parent=409339"}],"wp:term":[{"taxonomy":"product_brand","embeddable":true,"href":"https:\/\/www.purejewels.com\/de\/wp-json\/wp\/v2\/product_brand?post=409339"},{"taxonomy":"product_cat","embeddable":true,"href":"https:\/\/www.purejewels.com\/de\/wp-json\/wp\/v2\/product_cat?post=409339"},{"taxonomy":"product_tag","embeddable":true,"href":"https:\/\/www.purejewels.com\/de\/wp-json\/wp\/v2\/product_tag?post=409339"}],"curies":[{"name":"wp","href":"https:\/\/api.w.org\/{rel}","templated":true}]}}