{"id":409350,"date":"2025-07-21T11:31:45","date_gmt":"2025-07-21T10:31:45","guid":{"rendered":"https:\/\/www.purejewels.com\/?post_type=product&#038;p=409350"},"modified":"2026-01-21T08:49:18","modified_gmt":"2026-01-21T08:49:18","slug":"22ct-gold-armari-mangalsutra-18-zoll-47945","status":"publish","type":"product","link":"https:\/\/www.purejewels.com\/de\/product\/22ct-gold-armari-mangalsutra-18-inches-47945\/","title":{"rendered":"22ct Gold Armari MangalSutra | 18 Zoll"},"content":{"rendered":"<p data-start=\"121\" data-end=\"572\">Zeitlos im Geiste und reich an Symbolik, ist die 22ct Gold Armari Mangalsutra - 18 Inches eine strahlende Hommage an heilige Bindungen und kulturelles Erbe. Die Mangalsutra aus gepunztem 22-kar\u00e4tigem Gold besteht aus detailliert gearbeiteten Goldperlen im Armari-Stil, die mit einer raffinierten schwarzen Perlenkette verwoben sind - ein harmonisches Gleichgewicht aus St\u00e4rke und Eleganz. Er eignet sich perfekt als pers\u00f6nlicher Schatz oder als durchdachtes Diwali-Geschenk und verk\u00f6rpert sowohl Erbe als auch Festlichkeit.<\/p>\n<p data-start=\"574\" data-end=\"838\">Jede einzelne Goldperle ist mit traditionellen Mustern versehen, die die Kunstfertigkeit der \u00f6stlichen Goldschmiedekunst widerspiegeln und gleichzeitig f\u00fcr die moderne Frau vielseitig sind. Die L\u00e4nge von 18 Zentimetern ist ideal f\u00fcr das t\u00e4gliche Tragen - sie umrahmt das Dekollet\u00e9 elegant und beh\u00e4lt gleichzeitig ihre zeremonielle Essenz.<\/p>","protected":false},"excerpt":{"rendered":"<p>Ein wiedergeborener Klassiker - die Armari Mangalsutra aus 22-kar\u00e4tigem Gold vereint strukturierte Goldperlen und traditionelle schwarze Glieder in einem 18-Zoll-Design, das voller Bedeutung und Sch\u00f6nheit ist.<\/p>\n<p><strong>Material:<\/strong> 22ct Gold<br \/>\n<strong>Wahrzeichen:<\/strong>\u00a0Britisches G\u00fctesiegel<br \/>\n<strong>Wulstbreite in der Mitte :<\/strong>\u00a05 mm<br \/>\n<strong>Bruttogewicht:\u00a0<\/strong> 7,72 Gramm<br \/>\n<strong>L\u00e4nge:<\/strong>\u00a018 Zoll<br \/>\n<strong>SKU:<\/strong> 47945<\/p>\n<p><strong>Preis und Lieferung:\u00a0<\/strong>Inklusive Mehrwertsteuer und Lieferkosten<strong><br \/>\n<a href=\"https:\/\/www.purejewels.com\/de\/ruckgabepolitik\/\">R\u00fcckgabepolitik<\/a><\/strong><\/p>","protected":false},"featured_media":409352,"comment_status":"closed","ping_status":"closed","template":"","meta":{"_eb_attr":"","_crsspst_to_jayantr4sg-hostcom":false},"product_brand":[],"product_cat":[1791,245,6133,236,1775,1793,1229,1284,1776,1573,1574],"product_tag":[],"class_list":{"0":"post-409350","1":"product","2":"type-product","3":"status-publish","4":"has-post-thumbnail","6":"product_cat-anniversary-gifts","7":"product_cat-armari-collections","8":"product_cat-armari-mangalsutra","9":"product_cat-collections","10":"product_cat-daily-wear-mangalsutras","11":"product_cat-diwali-gifts","12":"product_cat-22ct-gold-jewellery","13":"product_cat-gold-mangalsutras","14":"product_cat-occasional-wear-mangalsutras","15":"product_cat-wedding-gifts","16":"product_cat-womens-jewellery","18":"first","19":"outofstock","20":"taxable","21":"shipping-taxable","22":"product-type-simple","23":"add-to-wishlist-before_image"},"yoast_head":"<!-- This site is optimized with the Yoast SEO plugin v27.5 - https:\/\/yoast.com\/product\/yoast-seo-wordpress\/ -->\n<title>22ct Gold Armari Traditional Mangalsutra | PureJewels UK<\/title>\n<meta name=\"description\" content=\"Elegant 22ct Gold Armari Mangalsutra featuring textured gold beads and black detailing. 18 inches of heritage-inspired craftsmanship, exclusively by PureJewels.\" \/>\n<meta name=\"robots\" content=\"index, follow, max-snippet:-1, max-image-preview:large, max-video-preview:-1\" \/>\n<link rel=\"canonical\" href=\"https:\/\/www.purejewels.com\/de\/produkt-2\/22ct-gold-armari-mangalsutra-18-zoll-47945\/\" \/>\n<meta property=\"og:locale\" content=\"de_DE\" \/>\n<meta property=\"og:type\" content=\"article\" \/>\n<meta property=\"og:title\" content=\"22ct Gold Armari Traditional Mangalsutra | PureJewels UK\" \/>\n<meta property=\"og:description\" content=\"Elegant 22ct Gold Armari Mangalsutra featuring textured gold beads and black detailing. 18 inches of heritage-inspired craftsmanship, exclusively by PureJewels.\" \/>\n<meta property=\"og:url\" content=\"https:\/\/www.purejewels.com\/de\/produkt-2\/22ct-gold-armari-mangalsutra-18-zoll-47945\/\" \/>\n<meta property=\"og:site_name\" content=\"PureJewels UK\" \/>\n<meta property=\"article:modified_time\" content=\"2026-01-21T08:49:18+00:00\" \/>\n<meta property=\"og:image\" content=\"https:\/\/static.purejewels.com\/wp-content\/uploads\/2025\/08\/SKU-47945.jpg\" \/>\n\t<meta property=\"og:image:width\" content=\"1000\" \/>\n\t<meta property=\"og:image:height\" content=\"1000\" \/>\n\t<meta property=\"og:image:type\" content=\"image\/jpeg\" \/>\n<meta name=\"twitter:card\" content=\"summary_large_image\" \/>\n<meta name=\"twitter:label1\" content=\"Gesch\u00e4tzte Lesezeit\" \/>\n\t<meta name=\"twitter:data1\" content=\"1\u00a0Minute\" \/>\n<script type=\"application\/ld+json\" class=\"yoast-schema-graph\">{\"@context\":\"https:\\\/\\\/schema.org\",\"@graph\":[{\"@type\":[\"WebPage\",\"ItemPage\"],\"@id\":\"https:\\\/\\\/www.purejewels.com\\\/product\\\/22ct-gold-armari-mangalsutra-18-inches-47945\\\/\",\"url\":\"https:\\\/\\\/www.purejewels.com\\\/product\\\/22ct-gold-armari-mangalsutra-18-inches-47945\\\/\",\"name\":\"22ct Gold Armari Traditional Mangalsutra | PureJewels UK\",\"isPartOf\":{\"@id\":\"https:\\\/\\\/www.purejewels.com\\\/#website\"},\"primaryImageOfPage\":{\"@id\":\"https:\\\/\\\/www.purejewels.com\\\/product\\\/22ct-gold-armari-mangalsutra-18-inches-47945\\\/#primaryimage\"},\"image\":{\"@id\":\"https:\\\/\\\/www.purejewels.com\\\/product\\\/22ct-gold-armari-mangalsutra-18-inches-47945\\\/#primaryimage\"},\"thumbnailUrl\":\"https:\\\/\\\/static.purejewels.com\\\/wp-content\\\/uploads\\\/2025\\\/08\\\/SKU-47945.jpg\",\"datePublished\":\"2025-07-21T10:31:45+00:00\",\"dateModified\":\"2026-01-21T08:49:18+00:00\",\"description\":\"Elegant 22ct Gold Armari Mangalsutra featuring textured gold beads and black detailing. 18 inches of heritage-inspired craftsmanship, exclusively by PureJewels.\",\"breadcrumb\":{\"@id\":\"https:\\\/\\\/www.purejewels.com\\\/product\\\/22ct-gold-armari-mangalsutra-18-inches-47945\\\/#breadcrumb\"},\"inLanguage\":\"de\",\"potentialAction\":[{\"@type\":\"ReadAction\",\"target\":[\"https:\\\/\\\/www.purejewels.com\\\/product\\\/22ct-gold-armari-mangalsutra-18-inches-47945\\\/\"]}]},{\"@type\":\"ImageObject\",\"inLanguage\":\"de\",\"@id\":\"https:\\\/\\\/www.purejewels.com\\\/product\\\/22ct-gold-armari-mangalsutra-18-inches-47945\\\/#primaryimage\",\"url\":\"https:\\\/\\\/static.purejewels.com\\\/wp-content\\\/uploads\\\/2025\\\/08\\\/SKU-47945.jpg\",\"contentUrl\":\"https:\\\/\\\/static.purejewels.com\\\/wp-content\\\/uploads\\\/2025\\\/08\\\/SKU-47945.jpg\",\"width\":1000,\"height\":1000,\"caption\":\"Stacked from 5 images. Method=B (R=8,S=4)\"},{\"@type\":\"BreadcrumbList\",\"@id\":\"https:\\\/\\\/www.purejewels.com\\\/product\\\/22ct-gold-armari-mangalsutra-18-inches-47945\\\/#breadcrumb\",\"itemListElement\":[{\"@type\":\"ListItem\",\"position\":1,\"name\":\"Home\",\"item\":\"https:\\\/\\\/www.purejewels.com\\\/\"},{\"@type\":\"ListItem\",\"position\":2,\"name\":\"Shop\",\"item\":\"https:\\\/\\\/www.purejewels.com\\\/shop\\\/\"},{\"@type\":\"ListItem\",\"position\":3,\"name\":\"22ct Gold Armari MangalSutra | 18 Inches\"}]},{\"@type\":\"WebSite\",\"@id\":\"https:\\\/\\\/www.purejewels.com\\\/#website\",\"url\":\"https:\\\/\\\/www.purejewels.com\\\/\",\"name\":\"PureJewels UK\",\"description\":\"Share the Love\",\"publisher\":{\"@id\":\"https:\\\/\\\/www.purejewels.com\\\/#organization\"},\"potentialAction\":[{\"@type\":\"SearchAction\",\"target\":{\"@type\":\"EntryPoint\",\"urlTemplate\":\"https:\\\/\\\/www.purejewels.com\\\/?s={search_term_string}\"},\"query-input\":{\"@type\":\"PropertyValueSpecification\",\"valueRequired\":true,\"valueName\":\"search_term_string\"}}],\"inLanguage\":\"de\"},{\"@type\":\"Organization\",\"@id\":\"https:\\\/\\\/www.purejewels.com\\\/#organization\",\"name\":\"PureJewels UK\",\"url\":\"https:\\\/\\\/www.purejewels.com\\\/\",\"logo\":{\"@type\":\"ImageObject\",\"inLanguage\":\"de\",\"@id\":\"https:\\\/\\\/www.purejewels.com\\\/#\\\/schema\\\/logo\\\/image\\\/\",\"url\":\"https:\\\/\\\/static.purejewels.com\\\/wp-content\\\/uploads\\\/2020\\\/11\\\/Logo-PJ-New-1.png\",\"contentUrl\":\"https:\\\/\\\/static.purejewels.com\\\/wp-content\\\/uploads\\\/2020\\\/11\\\/Logo-PJ-New-1.png\",\"width\":150,\"height\":80,\"caption\":\"PureJewels UK\"},\"image\":{\"@id\":\"https:\\\/\\\/www.purejewels.com\\\/#\\\/schema\\\/logo\\\/image\\\/\"}}]}<\/script>\n<!-- \/ Yoast SEO plugin. -->","yoast_head_json":{"title":"22ct Gold Armari Traditionelle Mangalsutra | PureJewels UK","description":"Elegante 22ct Gold Armari Mangalsutra mit texturierten Goldperlen und schwarzen Details. 18 Zentimeter von historisch inspirierter Handwerkskunst, exklusiv von PureJewels.","robots":{"index":"index","follow":"follow","max-snippet":"max-snippet:-1","max-image-preview":"max-image-preview:large","max-video-preview":"max-video-preview:-1"},"canonical":"https:\/\/www.purejewels.com\/de\/produkt-2\/22ct-gold-armari-mangalsutra-18-zoll-47945\/","og_locale":"de_DE","og_type":"article","og_title":"22ct Gold Armari Traditional Mangalsutra | PureJewels UK","og_description":"Elegant 22ct Gold Armari Mangalsutra featuring textured gold beads and black detailing. 18 inches of heritage-inspired craftsmanship, exclusively by PureJewels.","og_url":"https:\/\/www.purejewels.com\/de\/produkt-2\/22ct-gold-armari-mangalsutra-18-zoll-47945\/","og_site_name":"PureJewels UK","article_modified_time":"2026-01-21T08:49:18+00:00","og_image":[{"width":1000,"height":1000,"url":"https:\/\/static.purejewels.com\/wp-content\/uploads\/2025\/08\/SKU-47945.jpg","type":"image\/jpeg"}],"twitter_card":"summary_large_image","twitter_misc":{"Gesch\u00e4tzte Lesezeit":"1\u00a0Minute"},"schema":{"@context":"https:\/\/schema.org","@graph":[{"@type":["WebPage","ItemPage"],"@id":"https:\/\/www.purejewels.com\/product\/22ct-gold-armari-mangalsutra-18-inches-47945\/","url":"https:\/\/www.purejewels.com\/product\/22ct-gold-armari-mangalsutra-18-inches-47945\/","name":"22ct Gold Armari Traditionelle Mangalsutra | PureJewels UK","isPartOf":{"@id":"https:\/\/www.purejewels.com\/#website"},"primaryImageOfPage":{"@id":"https:\/\/www.purejewels.com\/product\/22ct-gold-armari-mangalsutra-18-inches-47945\/#primaryimage"},"image":{"@id":"https:\/\/www.purejewels.com\/product\/22ct-gold-armari-mangalsutra-18-inches-47945\/#primaryimage"},"thumbnailUrl":"https:\/\/static.purejewels.com\/wp-content\/uploads\/2025\/08\/SKU-47945.jpg","datePublished":"2025-07-21T10:31:45+00:00","dateModified":"2026-01-21T08:49:18+00:00","description":"Elegante 22ct Gold Armari Mangalsutra mit texturierten Goldperlen und schwarzen Details. 18 Zentimeter von historisch inspirierter Handwerkskunst, exklusiv von PureJewels.","breadcrumb":{"@id":"https:\/\/www.purejewels.com\/product\/22ct-gold-armari-mangalsutra-18-inches-47945\/#breadcrumb"},"inLanguage":"de","potentialAction":[{"@type":"ReadAction","target":["https:\/\/www.purejewels.com\/product\/22ct-gold-armari-mangalsutra-18-inches-47945\/"]}]},{"@type":"ImageObject","inLanguage":"de","@id":"https:\/\/www.purejewels.com\/product\/22ct-gold-armari-mangalsutra-18-inches-47945\/#primaryimage","url":"https:\/\/static.purejewels.com\/wp-content\/uploads\/2025\/08\/SKU-47945.jpg","contentUrl":"https:\/\/static.purejewels.com\/wp-content\/uploads\/2025\/08\/SKU-47945.jpg","width":1000,"height":1000,"caption":"Stacked from 5 images. Method=B (R=8,S=4)"},{"@type":"BreadcrumbList","@id":"https:\/\/www.purejewels.com\/product\/22ct-gold-armari-mangalsutra-18-inches-47945\/#breadcrumb","itemListElement":[{"@type":"ListItem","position":1,"name":"Home","item":"https:\/\/www.purejewels.com\/"},{"@type":"ListItem","position":2,"name":"Shop","item":"https:\/\/www.purejewels.com\/shop\/"},{"@type":"ListItem","position":3,"name":"22ct Gold Armari MangalSutra | 18 Inches"}]},{"@type":"WebSite","@id":"https:\/\/www.purejewels.com\/#website","url":"https:\/\/www.purejewels.com\/","name":"PureJewels UK","description":"Teile die Liebe","publisher":{"@id":"https:\/\/www.purejewels.com\/#organization"},"potentialAction":[{"@type":"SearchAction","target":{"@type":"EntryPoint","urlTemplate":"https:\/\/www.purejewels.com\/?s={search_term_string}"},"query-input":{"@type":"PropertyValueSpecification","valueRequired":true,"valueName":"search_term_string"}}],"inLanguage":"de"},{"@type":"Organization","@id":"https:\/\/www.purejewels.com\/#organization","name":"PureJewels UK","url":"https:\/\/www.purejewels.com\/","logo":{"@type":"ImageObject","inLanguage":"de","@id":"https:\/\/www.purejewels.com\/#\/schema\/logo\/image\/","url":"https:\/\/static.purejewels.com\/wp-content\/uploads\/2020\/11\/Logo-PJ-New-1.png","contentUrl":"https:\/\/static.purejewels.com\/wp-content\/uploads\/2020\/11\/Logo-PJ-New-1.png","width":150,"height":80,"caption":"PureJewels UK"},"image":{"@id":"https:\/\/www.purejewels.com\/#\/schema\/logo\/image\/"}}]}},"_links":{"self":[{"href":"https:\/\/www.purejewels.com\/de\/wp-json\/wp\/v2\/product\/409350","targetHints":{"allow":["GET"]}}],"collection":[{"href":"https:\/\/www.purejewels.com\/de\/wp-json\/wp\/v2\/product"}],"about":[{"href":"https:\/\/www.purejewels.com\/de\/wp-json\/wp\/v2\/types\/product"}],"replies":[{"embeddable":true,"href":"https:\/\/www.purejewels.com\/de\/wp-json\/wp\/v2\/comments?post=409350"}],"version-history":[{"count":2,"href":"https:\/\/www.purejewels.com\/de\/wp-json\/wp\/v2\/product\/409350\/revisions"}],"predecessor-version":[{"id":415644,"href":"https:\/\/www.purejewels.com\/de\/wp-json\/wp\/v2\/product\/409350\/revisions\/415644"}],"wp:featuredmedia":[{"embeddable":true,"href":"https:\/\/www.purejewels.com\/de\/wp-json\/wp\/v2\/media\/409352"}],"wp:attachment":[{"href":"https:\/\/www.purejewels.com\/de\/wp-json\/wp\/v2\/media?parent=409350"}],"wp:term":[{"taxonomy":"product_brand","embeddable":true,"href":"https:\/\/www.purejewels.com\/de\/wp-json\/wp\/v2\/product_brand?post=409350"},{"taxonomy":"product_cat","embeddable":true,"href":"https:\/\/www.purejewels.com\/de\/wp-json\/wp\/v2\/product_cat?post=409350"},{"taxonomy":"product_tag","embeddable":true,"href":"https:\/\/www.purejewels.com\/de\/wp-json\/wp\/v2\/product_tag?post=409350"}],"curies":[{"name":"wp","href":"https:\/\/api.w.org\/{rel}","templated":true}]}}