{"id":409383,"date":"2025-01-05T12:58:47","date_gmt":"2025-01-05T12:58:47","guid":{"rendered":"https:\/\/www.purejewels.com\/?post_type=product&#038;p=409383"},"modified":"2026-01-07T06:42:04","modified_gmt":"2026-01-07T06:42:04","slug":"eleganter-halo-verlobungsring-aus-18-karat-gold-49768","status":"publish","type":"product","link":"https:\/\/www.purejewels.com\/de\/product\/elegant-halo-engagement-ring-in-18ct-gold-49768\/","title":{"rendered":"Eleganter Halo-Verlobungsring aus 18 Karat Gold"},"content":{"rendered":"<p>Zeitlos und raffiniert, die <em data-start=\"451\" data-end=\"494\">Eleganter Halo-Verlobungsring aus 18 Karat Gold<\/em> ist ein klassischer Ausdruck der Hingabe. In seinem Zentrum liegt ein runder Brillant, der von einem funkelnden Halo aus pr\u00e4zisionsgefassten Steinen von insgesamt 0,25 Karat akzentuiert wird. Der Halo unterstreicht die nat\u00fcrliche Brillanz des zentralen Diamanten, w\u00e4hrend die Fassung aus 18 Karat Gelbgold ihm W\u00e4rme und Anmut verleiht. Dieses ausgewogene Design bietet sowohl Raffinesse als auch sentimentalen Charme - eine perfekte Wahl f\u00fcr einen Heiratsantrag, einen Jahrestag oder ein pers\u00f6nliches Fest der Liebe. Jeder Ring ist gepunzt und wird von einem Diamantzertifikat begleitet, das die Echtheit und den Seelenfrieden garantiert.<\/p>","protected":false},"excerpt":{"rendered":"<p data-start=\"254\" data-end=\"490\">Ein strahlender runder Diamant bildet das Herzst\u00fcck dieses Halo-Rings, der von einem zarten Rahmen aus kleineren Diamanten umgeben ist. Dieses elegante Design aus 18 Karat Gelbgold spiegelt zeitlose Liebe und strahlende Sch\u00f6nheit wider.<\/p>\n<p data-start=\"254\" data-end=\"490\"><strong>Material:<\/strong> 18ct Gold<strong><br \/>\nWahrzeichen:\u00a0<\/strong>Britisches G\u00fctesiegel<br \/>\n<strong>Zertifizierung:<\/strong> GIA-zertifiziert<strong><br \/>\nGewicht des nat\u00fcrlichen Diamanten: <\/strong>0,33ct gesamt<br \/>\n<strong>Farbe des Diamanten:<\/strong> G-H<br \/>\n<strong>Diamant-Reinheit:<\/strong> VS<br \/>\n<strong>Bruttogewicht:<\/strong> 3.23 Gms<br \/>\n<strong>Nettogewicht:<\/strong> 3.18 Gms<br \/>\n<strong>Ringgr\u00f6\u00dfe:<\/strong> I<br \/>\n<strong>SKU:<\/strong> 49768<br \/>\n<strong>Angemessenheit:<\/strong> T\u00e4gliches Tragen<\/p>\n<p data-start=\"254\" data-end=\"490\"><strong>Preis und Lieferung: <\/strong>Inklusive Mehrwertsteuer und Lieferkosten<br \/>\n<strong>Garantie:<\/strong> kostenloser Valet-Service und Schwachstellenkontrollen<br \/>\n<a href=\"https:\/\/www.purejewels.com\/de\/ruckgabepolitik\/\">R\u00fcckgabepolitik<\/a><\/p>","protected":false},"featured_media":409388,"comment_status":"closed","ping_status":"closed","template":"","meta":{"_eb_attr":"","_crsspst_to_jayantr4sg-hostcom":true},"product_brand":[],"product_cat":[5679,6085,1679,1791,1559,5457,5460,1796,1783,6042,1569,1574],"product_tag":[],"class_list":{"0":"post-409383","1":"product","2":"type-product","3":"status-publish","4":"has-post-thumbnail","6":"product_cat-18ct-gold-jewellery","7":"product_cat-18ct-gold-ring","8":"product_cat-18ct-gold-rings","9":"product_cat-anniversary-gifts","10":"product_cat-birthday-gifts","11":"product_cat-diamond-jewellery","12":"product_cat-diamond-ring","13":"product_cat-diamond-rings","14":"product_cat-ladies-rings","15":"product_cat-solitaire-ring","16":"product_cat-valentine-day-gifts","17":"product_cat-womens-jewellery","19":"first","20":"outofstock","21":"featured","22":"taxable","23":"shipping-taxable","24":"product-type-simple","25":"add-to-wishlist-before_image"},"yoast_head":"<!-- This site is optimized with the Yoast SEO plugin v27.6 - https:\/\/yoast.com\/product\/yoast-seo-wordpress\/ -->\n<title>Elegant Halo Engagement Ring | 18ct Gold Diamond Ring<\/title>\n<meta name=\"description\" content=\"Discover the Elegant Halo Engagement Ring by PureJewels, crafted in 18ct yellow gold with 0.25ct diamonds. A timeless design celebrating brilliance and commitment.\" \/>\n<meta name=\"robots\" content=\"index, follow, max-snippet:-1, max-image-preview:large, max-video-preview:-1\" \/>\n<link rel=\"canonical\" href=\"https:\/\/www.purejewels.com\/de\/produkt-2\/eleganter-halo-verlobungsring-aus-18-karat-gold-49768\/\" \/>\n<meta property=\"og:locale\" content=\"de_DE\" \/>\n<meta property=\"og:type\" content=\"article\" \/>\n<meta property=\"og:title\" content=\"Elegant Halo Engagement Ring | 18ct Gold Diamond Ring\" \/>\n<meta property=\"og:description\" content=\"Discover the Elegant Halo Engagement Ring by PureJewels, crafted in 18ct yellow gold with 0.25ct diamonds. A timeless design celebrating brilliance and commitment.\" \/>\n<meta property=\"og:url\" content=\"https:\/\/www.purejewels.com\/de\/produkt-2\/eleganter-halo-verlobungsring-aus-18-karat-gold-49768\/\" \/>\n<meta property=\"og:site_name\" content=\"PureJewels UK\" \/>\n<meta property=\"article:modified_time\" content=\"2026-01-07T06:42:04+00:00\" \/>\n<meta property=\"og:image\" content=\"https:\/\/www.purejewels.com\/wp-content\/uploads\/2025\/08\/SKU-49768-51515-51514.-1.jpg\" \/>\n\t<meta property=\"og:image:width\" content=\"1000\" \/>\n\t<meta property=\"og:image:height\" content=\"1000\" \/>\n\t<meta property=\"og:image:type\" content=\"image\/jpeg\" \/>\n<meta name=\"twitter:card\" content=\"summary_large_image\" \/>\n<script type=\"application\/ld+json\" class=\"yoast-schema-graph\">{\"@context\":\"https:\\\/\\\/schema.org\",\"@graph\":[{\"@type\":[\"WebPage\",\"ItemPage\"],\"@id\":\"https:\\\/\\\/www.purejewels.com\\\/product\\\/elegant-halo-engagement-ring-in-18ct-gold-49768\\\/\",\"url\":\"https:\\\/\\\/www.purejewels.com\\\/product\\\/elegant-halo-engagement-ring-in-18ct-gold-49768\\\/\",\"name\":\"Elegant Halo Engagement Ring | 18ct Gold Diamond Ring\",\"isPartOf\":{\"@id\":\"https:\\\/\\\/www.purejewels.com\\\/#website\"},\"primaryImageOfPage\":{\"@id\":\"https:\\\/\\\/www.purejewels.com\\\/product\\\/elegant-halo-engagement-ring-in-18ct-gold-49768\\\/#primaryimage\"},\"image\":{\"@id\":\"https:\\\/\\\/www.purejewels.com\\\/product\\\/elegant-halo-engagement-ring-in-18ct-gold-49768\\\/#primaryimage\"},\"thumbnailUrl\":\"https:\\\/\\\/static.purejewels.com\\\/wp-content\\\/uploads\\\/2025\\\/08\\\/SKU-49768-51515-51514.-1.jpg\",\"datePublished\":\"2025-01-05T12:58:47+00:00\",\"dateModified\":\"2026-01-07T06:42:04+00:00\",\"description\":\"Discover the Elegant Halo Engagement Ring by PureJewels, crafted in 18ct yellow gold with 0.25ct diamonds. A timeless design celebrating brilliance and commitment.\",\"breadcrumb\":{\"@id\":\"https:\\\/\\\/www.purejewels.com\\\/product\\\/elegant-halo-engagement-ring-in-18ct-gold-49768\\\/#breadcrumb\"},\"inLanguage\":\"de\",\"potentialAction\":[{\"@type\":\"ReadAction\",\"target\":[\"https:\\\/\\\/www.purejewels.com\\\/product\\\/elegant-halo-engagement-ring-in-18ct-gold-49768\\\/\"]}]},{\"@type\":\"ImageObject\",\"inLanguage\":\"de\",\"@id\":\"https:\\\/\\\/www.purejewels.com\\\/product\\\/elegant-halo-engagement-ring-in-18ct-gold-49768\\\/#primaryimage\",\"url\":\"https:\\\/\\\/static.purejewels.com\\\/wp-content\\\/uploads\\\/2025\\\/08\\\/SKU-49768-51515-51514.-1.jpg\",\"contentUrl\":\"https:\\\/\\\/static.purejewels.com\\\/wp-content\\\/uploads\\\/2025\\\/08\\\/SKU-49768-51515-51514.-1.jpg\",\"width\":1000,\"height\":1000,\"caption\":\"Elegant Halo Engagement Ring in 18ct Gold\"},{\"@type\":\"BreadcrumbList\",\"@id\":\"https:\\\/\\\/www.purejewels.com\\\/product\\\/elegant-halo-engagement-ring-in-18ct-gold-49768\\\/#breadcrumb\",\"itemListElement\":[{\"@type\":\"ListItem\",\"position\":1,\"name\":\"Home\",\"item\":\"https:\\\/\\\/www.purejewels.com\\\/\"},{\"@type\":\"ListItem\",\"position\":2,\"name\":\"Shop\",\"item\":\"https:\\\/\\\/www.purejewels.com\\\/shop\\\/\"},{\"@type\":\"ListItem\",\"position\":3,\"name\":\"Elegant Halo Engagement Ring in 18ct Gold\"}]},{\"@type\":\"WebSite\",\"@id\":\"https:\\\/\\\/www.purejewels.com\\\/#website\",\"url\":\"https:\\\/\\\/www.purejewels.com\\\/\",\"name\":\"PureJewels UK\",\"description\":\"Share the Love\",\"publisher\":{\"@id\":\"https:\\\/\\\/www.purejewels.com\\\/#organization\"},\"potentialAction\":[{\"@type\":\"SearchAction\",\"target\":{\"@type\":\"EntryPoint\",\"urlTemplate\":\"https:\\\/\\\/www.purejewels.com\\\/?s={search_term_string}\"},\"query-input\":{\"@type\":\"PropertyValueSpecification\",\"valueRequired\":true,\"valueName\":\"search_term_string\"}}],\"inLanguage\":\"de\"},{\"@type\":\"Organization\",\"@id\":\"https:\\\/\\\/www.purejewels.com\\\/#organization\",\"name\":\"PureJewels UK\",\"url\":\"https:\\\/\\\/www.purejewels.com\\\/\",\"logo\":{\"@type\":\"ImageObject\",\"inLanguage\":\"de\",\"@id\":\"https:\\\/\\\/www.purejewels.com\\\/#\\\/schema\\\/logo\\\/image\\\/\",\"url\":\"https:\\\/\\\/static.purejewels.com\\\/wp-content\\\/uploads\\\/2020\\\/11\\\/Logo-PJ-New-1.png\",\"contentUrl\":\"https:\\\/\\\/static.purejewels.com\\\/wp-content\\\/uploads\\\/2020\\\/11\\\/Logo-PJ-New-1.png\",\"width\":150,\"height\":80,\"caption\":\"PureJewels UK\"},\"image\":{\"@id\":\"https:\\\/\\\/www.purejewels.com\\\/#\\\/schema\\\/logo\\\/image\\\/\"}}]}<\/script>\n<!-- \/ Yoast SEO plugin. -->","yoast_head_json":{"title":"Eleganter Halo-Verlobungsring | 18ct Gold Diamantring","description":"Entdecken Sie den eleganten Halo-Verlobungsring von PureJewels, gefertigt aus 18 Karat Gelbgold mit 0,25 Karat Diamanten. Ein zeitloses Design, das Brillanz und Engagement zelebriert.","robots":{"index":"index","follow":"follow","max-snippet":"max-snippet:-1","max-image-preview":"max-image-preview:large","max-video-preview":"max-video-preview:-1"},"canonical":"https:\/\/www.purejewels.com\/de\/produkt-2\/eleganter-halo-verlobungsring-aus-18-karat-gold-49768\/","og_locale":"de_DE","og_type":"article","og_title":"Elegant Halo Engagement Ring | 18ct Gold Diamond Ring","og_description":"Discover the Elegant Halo Engagement Ring by PureJewels, crafted in 18ct yellow gold with 0.25ct diamonds. A timeless design celebrating brilliance and commitment.","og_url":"https:\/\/www.purejewels.com\/de\/produkt-2\/eleganter-halo-verlobungsring-aus-18-karat-gold-49768\/","og_site_name":"PureJewels UK","article_modified_time":"2026-01-07T06:42:04+00:00","og_image":[{"width":1000,"height":1000,"url":"https:\/\/www.purejewels.com\/wp-content\/uploads\/2025\/08\/SKU-49768-51515-51514.-1.jpg","type":"image\/jpeg"}],"twitter_card":"summary_large_image","schema":{"@context":"https:\/\/schema.org","@graph":[{"@type":["WebPage","ItemPage"],"@id":"https:\/\/www.purejewels.com\/product\/elegant-halo-engagement-ring-in-18ct-gold-49768\/","url":"https:\/\/www.purejewels.com\/product\/elegant-halo-engagement-ring-in-18ct-gold-49768\/","name":"Eleganter Halo-Verlobungsring | 18ct Gold Diamantring","isPartOf":{"@id":"https:\/\/www.purejewels.com\/#website"},"primaryImageOfPage":{"@id":"https:\/\/www.purejewels.com\/product\/elegant-halo-engagement-ring-in-18ct-gold-49768\/#primaryimage"},"image":{"@id":"https:\/\/www.purejewels.com\/product\/elegant-halo-engagement-ring-in-18ct-gold-49768\/#primaryimage"},"thumbnailUrl":"https:\/\/static.purejewels.com\/wp-content\/uploads\/2025\/08\/SKU-49768-51515-51514.-1.jpg","datePublished":"2025-01-05T12:58:47+00:00","dateModified":"2026-01-07T06:42:04+00:00","description":"Entdecken Sie den eleganten Halo-Verlobungsring von PureJewels, gefertigt aus 18 Karat Gelbgold mit 0,25 Karat Diamanten. Ein zeitloses Design, das Brillanz und Engagement zelebriert.","breadcrumb":{"@id":"https:\/\/www.purejewels.com\/product\/elegant-halo-engagement-ring-in-18ct-gold-49768\/#breadcrumb"},"inLanguage":"de","potentialAction":[{"@type":"ReadAction","target":["https:\/\/www.purejewels.com\/product\/elegant-halo-engagement-ring-in-18ct-gold-49768\/"]}]},{"@type":"ImageObject","inLanguage":"de","@id":"https:\/\/www.purejewels.com\/product\/elegant-halo-engagement-ring-in-18ct-gold-49768\/#primaryimage","url":"https:\/\/static.purejewels.com\/wp-content\/uploads\/2025\/08\/SKU-49768-51515-51514.-1.jpg","contentUrl":"https:\/\/static.purejewels.com\/wp-content\/uploads\/2025\/08\/SKU-49768-51515-51514.-1.jpg","width":1000,"height":1000,"caption":"Elegant Halo Engagement Ring in 18ct Gold"},{"@type":"BreadcrumbList","@id":"https:\/\/www.purejewels.com\/product\/elegant-halo-engagement-ring-in-18ct-gold-49768\/#breadcrumb","itemListElement":[{"@type":"ListItem","position":1,"name":"Home","item":"https:\/\/www.purejewels.com\/"},{"@type":"ListItem","position":2,"name":"Shop","item":"https:\/\/www.purejewels.com\/shop\/"},{"@type":"ListItem","position":3,"name":"Elegant Halo Engagement Ring in 18ct Gold"}]},{"@type":"WebSite","@id":"https:\/\/www.purejewels.com\/#website","url":"https:\/\/www.purejewels.com\/","name":"PureJewels UK","description":"Teile die Liebe","publisher":{"@id":"https:\/\/www.purejewels.com\/#organization"},"potentialAction":[{"@type":"SearchAction","target":{"@type":"EntryPoint","urlTemplate":"https:\/\/www.purejewels.com\/?s={search_term_string}"},"query-input":{"@type":"PropertyValueSpecification","valueRequired":true,"valueName":"search_term_string"}}],"inLanguage":"de"},{"@type":"Organization","@id":"https:\/\/www.purejewels.com\/#organization","name":"PureJewels UK","url":"https:\/\/www.purejewels.com\/","logo":{"@type":"ImageObject","inLanguage":"de","@id":"https:\/\/www.purejewels.com\/#\/schema\/logo\/image\/","url":"https:\/\/static.purejewels.com\/wp-content\/uploads\/2020\/11\/Logo-PJ-New-1.png","contentUrl":"https:\/\/static.purejewels.com\/wp-content\/uploads\/2020\/11\/Logo-PJ-New-1.png","width":150,"height":80,"caption":"PureJewels UK"},"image":{"@id":"https:\/\/www.purejewels.com\/#\/schema\/logo\/image\/"}}]}},"_links":{"self":[{"href":"https:\/\/www.purejewels.com\/de\/wp-json\/wp\/v2\/product\/409383","targetHints":{"allow":["GET"]}}],"collection":[{"href":"https:\/\/www.purejewels.com\/de\/wp-json\/wp\/v2\/product"}],"about":[{"href":"https:\/\/www.purejewels.com\/de\/wp-json\/wp\/v2\/types\/product"}],"replies":[{"embeddable":true,"href":"https:\/\/www.purejewels.com\/de\/wp-json\/wp\/v2\/comments?post=409383"}],"version-history":[{"count":3,"href":"https:\/\/www.purejewels.com\/de\/wp-json\/wp\/v2\/product\/409383\/revisions"}],"predecessor-version":[{"id":409621,"href":"https:\/\/www.purejewels.com\/de\/wp-json\/wp\/v2\/product\/409383\/revisions\/409621"}],"wp:featuredmedia":[{"embeddable":true,"href":"https:\/\/www.purejewels.com\/de\/wp-json\/wp\/v2\/media\/409388"}],"wp:attachment":[{"href":"https:\/\/www.purejewels.com\/de\/wp-json\/wp\/v2\/media?parent=409383"}],"wp:term":[{"taxonomy":"product_brand","embeddable":true,"href":"https:\/\/www.purejewels.com\/de\/wp-json\/wp\/v2\/product_brand?post=409383"},{"taxonomy":"product_cat","embeddable":true,"href":"https:\/\/www.purejewels.com\/de\/wp-json\/wp\/v2\/product_cat?post=409383"},{"taxonomy":"product_tag","embeddable":true,"href":"https:\/\/www.purejewels.com\/de\/wp-json\/wp\/v2\/product_tag?post=409383"}],"curies":[{"name":"wp","href":"https:\/\/api.w.org\/{rel}","templated":true}]}}