{"id":409385,"date":"2025-07-19T13:03:40","date_gmt":"2025-07-19T12:03:40","guid":{"rendered":"https:\/\/www.purejewels.com\/?post_type=product&#038;p=409385"},"modified":"2026-01-21T08:49:42","modified_gmt":"2026-01-21T08:49:42","slug":"22ct-gold-armari-floral-design-mangalsutra-18-zoll-48020","status":"publish","type":"product","link":"https:\/\/www.purejewels.com\/de\/product\/22ct-gold-armari-floral-design-mangalsutra-18-inches-48020\/","title":{"rendered":"22ct Gold Armari Floral Design Mangalsutra | 18 Zentimeter"},"content":{"rendered":"<p>Die Armari Mangalsutra aus 22-kar\u00e4tigem Gold ist ein zeitloser Ausdruck von Engagement und Tradition und verbindet traditionelle Handwerkskunst mit dauerhafter Symbolik. Dieses St\u00fcck zeigt ein wundersch\u00f6n detailliertes florales Mittelst\u00fcck, das im charakteristischen Armari-Stil gefertigt ist - verziert, elegant und reich an kultureller Bedeutung.<\/p>\n<p>An einer 18 Zoll langen Mangalsutra-Kette aus schwarzer und goldener Perlenschnur aufgereiht, ehrt das Design heilige Br\u00e4uche und bietet gleichzeitig eine raffinierte \u00c4sthetik, die sich sowohl f\u00fcr Zeremonien als auch f\u00fcr das t\u00e4gliche Tragen eignet. Das florale Motiv, umrahmt von zarter Filigranit\u00e4t, erinnert an alte Kunstfertigkeit und wirkt gleichzeitig anmutig modern.<\/p>\n<p>Diese Mangalsutra aus gepunztem 22-kar\u00e4tigem Gold ist eine strahlende Hommage an die ewige Liebe und spirituelle Einheit - perfekt f\u00fcr Br\u00e4ute, Jahrestage oder als Geschenk mit Absicht.<\/p>","protected":false},"excerpt":{"rendered":"<p>Diese Armari Mangalsutra aus 22 Karat Gold zeigt ein handgefertigtes florales Mittelst\u00fcck an einer schwarz-goldenen Perlenkette - symbolisch, elegant und tief in der Tradition verwurzelt.<\/p>\n<p><strong>Material:<\/strong> 22ct Gold<br \/>\n<strong>Wahrzeichen:<\/strong>\u00a0Britisches G\u00fctesiegel<br \/>\n<strong>Bruttogewicht:\u00a0<\/strong> 9.6 Gms<br \/>\n<strong>L\u00e4nge:<\/strong>\u00a018 Zoll<br \/>\n<strong>SKU:<\/strong> 48020<\/p>\n<p><strong>Preis und Lieferung:\u00a0<\/strong>Inklusive Mehrwertsteuer und Lieferkosten<strong><br \/>\n<a href=\"https:\/\/www.purejewels.com\/de\/ruckgabepolitik\/\">R\u00fcckgabepolitik<\/a><\/strong><\/p>","protected":false},"featured_media":409391,"comment_status":"closed","ping_status":"closed","template":"","meta":{"_eb_attr":"","_crsspst_to_jayantr4sg-hostcom":false},"product_brand":[],"product_cat":[1791,245,6133,236,1775,1229,1284,1776,1573,1574],"product_tag":[],"class_list":{"0":"post-409385","1":"product","2":"type-product","3":"status-publish","4":"has-post-thumbnail","6":"product_cat-anniversary-gifts","7":"product_cat-armari-collections","8":"product_cat-armari-mangalsutra","9":"product_cat-collections","10":"product_cat-daily-wear-mangalsutras","11":"product_cat-22ct-gold-jewellery","12":"product_cat-gold-mangalsutras","13":"product_cat-occasional-wear-mangalsutras","14":"product_cat-wedding-gifts","15":"product_cat-womens-jewellery","17":"first","18":"outofstock","19":"taxable","20":"shipping-taxable","21":"product-type-simple","22":"add-to-wishlist-before_image"},"yoast_head":"<!-- This site is optimized with the Yoast SEO plugin v27.6 - https:\/\/yoast.com\/product\/yoast-seo-wordpress\/ -->\n<title>22ct Gold Armari Mangalsutra | Floral Mangalsutra | PureJewels<\/title>\n<meta name=\"description\" content=\"Traditional 22ct Gold Armari Mangalsutra featuring an ornate floral centrepiece and black-gold beaded chain. A timeless symbol of sacred union by PureJewels.\" \/>\n<meta name=\"robots\" content=\"index, follow, max-snippet:-1, max-image-preview:large, max-video-preview:-1\" \/>\n<link rel=\"canonical\" href=\"https:\/\/www.purejewels.com\/de\/produkt-2\/22ct-gold-armari-floral-design-mangalsutra-18-zoll-48020\/\" \/>\n<meta property=\"og:locale\" content=\"de_DE\" \/>\n<meta property=\"og:type\" content=\"article\" \/>\n<meta property=\"og:title\" content=\"22ct Gold Armari Mangalsutra | Floral Mangalsutra | PureJewels\" \/>\n<meta property=\"og:description\" content=\"Traditional 22ct Gold Armari Mangalsutra featuring an ornate floral centrepiece and black-gold beaded chain. A timeless symbol of sacred union by PureJewels.\" \/>\n<meta property=\"og:url\" content=\"https:\/\/www.purejewels.com\/de\/produkt-2\/22ct-gold-armari-floral-design-mangalsutra-18-zoll-48020\/\" \/>\n<meta property=\"og:site_name\" content=\"PureJewels UK\" \/>\n<meta property=\"article:modified_time\" content=\"2026-01-21T08:49:42+00:00\" \/>\n<meta property=\"og:image\" content=\"https:\/\/static.purejewels.com\/wp-content\/uploads\/2025\/08\/SKU-48020.jpg\" \/>\n\t<meta property=\"og:image:width\" content=\"1000\" \/>\n\t<meta property=\"og:image:height\" content=\"1000\" \/>\n\t<meta property=\"og:image:type\" content=\"image\/jpeg\" \/>\n<meta name=\"twitter:card\" content=\"summary_large_image\" \/>\n<meta name=\"twitter:label1\" content=\"Gesch\u00e4tzte Lesezeit\" \/>\n\t<meta name=\"twitter:data1\" content=\"1\u00a0Minute\" \/>\n<script type=\"application\/ld+json\" class=\"yoast-schema-graph\">{\"@context\":\"https:\\\/\\\/schema.org\",\"@graph\":[{\"@type\":[\"WebPage\",\"ItemPage\"],\"@id\":\"https:\\\/\\\/www.purejewels.com\\\/product\\\/22ct-gold-armari-floral-design-mangalsutra-18-inches-48020\\\/\",\"url\":\"https:\\\/\\\/www.purejewels.com\\\/product\\\/22ct-gold-armari-floral-design-mangalsutra-18-inches-48020\\\/\",\"name\":\"22ct Gold Armari Mangalsutra | Floral Mangalsutra | PureJewels\",\"isPartOf\":{\"@id\":\"https:\\\/\\\/www.purejewels.com\\\/#website\"},\"primaryImageOfPage\":{\"@id\":\"https:\\\/\\\/www.purejewels.com\\\/product\\\/22ct-gold-armari-floral-design-mangalsutra-18-inches-48020\\\/#primaryimage\"},\"image\":{\"@id\":\"https:\\\/\\\/www.purejewels.com\\\/product\\\/22ct-gold-armari-floral-design-mangalsutra-18-inches-48020\\\/#primaryimage\"},\"thumbnailUrl\":\"https:\\\/\\\/static.purejewels.com\\\/wp-content\\\/uploads\\\/2025\\\/08\\\/SKU-48020.jpg\",\"datePublished\":\"2025-07-19T12:03:40+00:00\",\"dateModified\":\"2026-01-21T08:49:42+00:00\",\"description\":\"Traditional 22ct Gold Armari Mangalsutra featuring an ornate floral centrepiece and black-gold beaded chain. A timeless symbol of sacred union by PureJewels.\",\"breadcrumb\":{\"@id\":\"https:\\\/\\\/www.purejewels.com\\\/product\\\/22ct-gold-armari-floral-design-mangalsutra-18-inches-48020\\\/#breadcrumb\"},\"inLanguage\":\"de\",\"potentialAction\":[{\"@type\":\"ReadAction\",\"target\":[\"https:\\\/\\\/www.purejewels.com\\\/product\\\/22ct-gold-armari-floral-design-mangalsutra-18-inches-48020\\\/\"]}]},{\"@type\":\"ImageObject\",\"inLanguage\":\"de\",\"@id\":\"https:\\\/\\\/www.purejewels.com\\\/product\\\/22ct-gold-armari-floral-design-mangalsutra-18-inches-48020\\\/#primaryimage\",\"url\":\"https:\\\/\\\/static.purejewels.com\\\/wp-content\\\/uploads\\\/2025\\\/08\\\/SKU-48020.jpg\",\"contentUrl\":\"https:\\\/\\\/static.purejewels.com\\\/wp-content\\\/uploads\\\/2025\\\/08\\\/SKU-48020.jpg\",\"width\":1000,\"height\":1000,\"caption\":\"Stacked from 5 images. Method=B (R=8,S=4)\"},{\"@type\":\"BreadcrumbList\",\"@id\":\"https:\\\/\\\/www.purejewels.com\\\/product\\\/22ct-gold-armari-floral-design-mangalsutra-18-inches-48020\\\/#breadcrumb\",\"itemListElement\":[{\"@type\":\"ListItem\",\"position\":1,\"name\":\"Home\",\"item\":\"https:\\\/\\\/www.purejewels.com\\\/\"},{\"@type\":\"ListItem\",\"position\":2,\"name\":\"Shop\",\"item\":\"https:\\\/\\\/www.purejewels.com\\\/shop\\\/\"},{\"@type\":\"ListItem\",\"position\":3,\"name\":\"22ct Gold Armari Floral Design Mangalsutra | 18 Inches\"}]},{\"@type\":\"WebSite\",\"@id\":\"https:\\\/\\\/www.purejewels.com\\\/#website\",\"url\":\"https:\\\/\\\/www.purejewels.com\\\/\",\"name\":\"PureJewels UK\",\"description\":\"Share the Love\",\"publisher\":{\"@id\":\"https:\\\/\\\/www.purejewels.com\\\/#organization\"},\"potentialAction\":[{\"@type\":\"SearchAction\",\"target\":{\"@type\":\"EntryPoint\",\"urlTemplate\":\"https:\\\/\\\/www.purejewels.com\\\/?s={search_term_string}\"},\"query-input\":{\"@type\":\"PropertyValueSpecification\",\"valueRequired\":true,\"valueName\":\"search_term_string\"}}],\"inLanguage\":\"de\"},{\"@type\":\"Organization\",\"@id\":\"https:\\\/\\\/www.purejewels.com\\\/#organization\",\"name\":\"PureJewels UK\",\"url\":\"https:\\\/\\\/www.purejewels.com\\\/\",\"logo\":{\"@type\":\"ImageObject\",\"inLanguage\":\"de\",\"@id\":\"https:\\\/\\\/www.purejewels.com\\\/#\\\/schema\\\/logo\\\/image\\\/\",\"url\":\"https:\\\/\\\/static.purejewels.com\\\/wp-content\\\/uploads\\\/2020\\\/11\\\/Logo-PJ-New-1.png\",\"contentUrl\":\"https:\\\/\\\/static.purejewels.com\\\/wp-content\\\/uploads\\\/2020\\\/11\\\/Logo-PJ-New-1.png\",\"width\":150,\"height\":80,\"caption\":\"PureJewels UK\"},\"image\":{\"@id\":\"https:\\\/\\\/www.purejewels.com\\\/#\\\/schema\\\/logo\\\/image\\\/\"}}]}<\/script>\n<!-- \/ Yoast SEO plugin. -->","yoast_head_json":{"title":"22ct Gold Armari Mangalsutra | Floral Mangalsutra | PureJewels","description":"Traditionelle 22ct Gold Armari Mangalsutra mit einem verschn\u00f6rkelten floralen Mittelst\u00fcck und schwarz-goldener Perlenkette. Ein zeitloses Symbol der heiligen Vereinigung von PureJewels.","robots":{"index":"index","follow":"follow","max-snippet":"max-snippet:-1","max-image-preview":"max-image-preview:large","max-video-preview":"max-video-preview:-1"},"canonical":"https:\/\/www.purejewels.com\/de\/produkt-2\/22ct-gold-armari-floral-design-mangalsutra-18-zoll-48020\/","og_locale":"de_DE","og_type":"article","og_title":"22ct Gold Armari Mangalsutra | Floral Mangalsutra | PureJewels","og_description":"Traditional 22ct Gold Armari Mangalsutra featuring an ornate floral centrepiece and black-gold beaded chain. A timeless symbol of sacred union by PureJewels.","og_url":"https:\/\/www.purejewels.com\/de\/produkt-2\/22ct-gold-armari-floral-design-mangalsutra-18-zoll-48020\/","og_site_name":"PureJewels UK","article_modified_time":"2026-01-21T08:49:42+00:00","og_image":[{"width":1000,"height":1000,"url":"https:\/\/static.purejewels.com\/wp-content\/uploads\/2025\/08\/SKU-48020.jpg","type":"image\/jpeg"}],"twitter_card":"summary_large_image","twitter_misc":{"Gesch\u00e4tzte Lesezeit":"1\u00a0Minute"},"schema":{"@context":"https:\/\/schema.org","@graph":[{"@type":["WebPage","ItemPage"],"@id":"https:\/\/www.purejewels.com\/product\/22ct-gold-armari-floral-design-mangalsutra-18-inches-48020\/","url":"https:\/\/www.purejewels.com\/product\/22ct-gold-armari-floral-design-mangalsutra-18-inches-48020\/","name":"22ct Gold Armari Mangalsutra | Floral Mangalsutra | PureJewels","isPartOf":{"@id":"https:\/\/www.purejewels.com\/#website"},"primaryImageOfPage":{"@id":"https:\/\/www.purejewels.com\/product\/22ct-gold-armari-floral-design-mangalsutra-18-inches-48020\/#primaryimage"},"image":{"@id":"https:\/\/www.purejewels.com\/product\/22ct-gold-armari-floral-design-mangalsutra-18-inches-48020\/#primaryimage"},"thumbnailUrl":"https:\/\/static.purejewels.com\/wp-content\/uploads\/2025\/08\/SKU-48020.jpg","datePublished":"2025-07-19T12:03:40+00:00","dateModified":"2026-01-21T08:49:42+00:00","description":"Traditionelle 22ct Gold Armari Mangalsutra mit einem verschn\u00f6rkelten floralen Mittelst\u00fcck und schwarz-goldener Perlenkette. Ein zeitloses Symbol der heiligen Vereinigung von PureJewels.","breadcrumb":{"@id":"https:\/\/www.purejewels.com\/product\/22ct-gold-armari-floral-design-mangalsutra-18-inches-48020\/#breadcrumb"},"inLanguage":"de","potentialAction":[{"@type":"ReadAction","target":["https:\/\/www.purejewels.com\/product\/22ct-gold-armari-floral-design-mangalsutra-18-inches-48020\/"]}]},{"@type":"ImageObject","inLanguage":"de","@id":"https:\/\/www.purejewels.com\/product\/22ct-gold-armari-floral-design-mangalsutra-18-inches-48020\/#primaryimage","url":"https:\/\/static.purejewels.com\/wp-content\/uploads\/2025\/08\/SKU-48020.jpg","contentUrl":"https:\/\/static.purejewels.com\/wp-content\/uploads\/2025\/08\/SKU-48020.jpg","width":1000,"height":1000,"caption":"Stacked from 5 images. Method=B (R=8,S=4)"},{"@type":"BreadcrumbList","@id":"https:\/\/www.purejewels.com\/product\/22ct-gold-armari-floral-design-mangalsutra-18-inches-48020\/#breadcrumb","itemListElement":[{"@type":"ListItem","position":1,"name":"Home","item":"https:\/\/www.purejewels.com\/"},{"@type":"ListItem","position":2,"name":"Shop","item":"https:\/\/www.purejewels.com\/shop\/"},{"@type":"ListItem","position":3,"name":"22ct Gold Armari Floral Design Mangalsutra | 18 Inches"}]},{"@type":"WebSite","@id":"https:\/\/www.purejewels.com\/#website","url":"https:\/\/www.purejewels.com\/","name":"PureJewels UK","description":"Teile die Liebe","publisher":{"@id":"https:\/\/www.purejewels.com\/#organization"},"potentialAction":[{"@type":"SearchAction","target":{"@type":"EntryPoint","urlTemplate":"https:\/\/www.purejewels.com\/?s={search_term_string}"},"query-input":{"@type":"PropertyValueSpecification","valueRequired":true,"valueName":"search_term_string"}}],"inLanguage":"de"},{"@type":"Organization","@id":"https:\/\/www.purejewels.com\/#organization","name":"PureJewels UK","url":"https:\/\/www.purejewels.com\/","logo":{"@type":"ImageObject","inLanguage":"de","@id":"https:\/\/www.purejewels.com\/#\/schema\/logo\/image\/","url":"https:\/\/static.purejewels.com\/wp-content\/uploads\/2020\/11\/Logo-PJ-New-1.png","contentUrl":"https:\/\/static.purejewels.com\/wp-content\/uploads\/2020\/11\/Logo-PJ-New-1.png","width":150,"height":80,"caption":"PureJewels UK"},"image":{"@id":"https:\/\/www.purejewels.com\/#\/schema\/logo\/image\/"}}]}},"_links":{"self":[{"href":"https:\/\/www.purejewels.com\/de\/wp-json\/wp\/v2\/product\/409385","targetHints":{"allow":["GET"]}}],"collection":[{"href":"https:\/\/www.purejewels.com\/de\/wp-json\/wp\/v2\/product"}],"about":[{"href":"https:\/\/www.purejewels.com\/de\/wp-json\/wp\/v2\/types\/product"}],"replies":[{"embeddable":true,"href":"https:\/\/www.purejewels.com\/de\/wp-json\/wp\/v2\/comments?post=409385"}],"version-history":[{"count":1,"href":"https:\/\/www.purejewels.com\/de\/wp-json\/wp\/v2\/product\/409385\/revisions"}],"predecessor-version":[{"id":409393,"href":"https:\/\/www.purejewels.com\/de\/wp-json\/wp\/v2\/product\/409385\/revisions\/409393"}],"wp:featuredmedia":[{"embeddable":true,"href":"https:\/\/www.purejewels.com\/de\/wp-json\/wp\/v2\/media\/409391"}],"wp:attachment":[{"href":"https:\/\/www.purejewels.com\/de\/wp-json\/wp\/v2\/media?parent=409385"}],"wp:term":[{"taxonomy":"product_brand","embeddable":true,"href":"https:\/\/www.purejewels.com\/de\/wp-json\/wp\/v2\/product_brand?post=409385"},{"taxonomy":"product_cat","embeddable":true,"href":"https:\/\/www.purejewels.com\/de\/wp-json\/wp\/v2\/product_cat?post=409385"},{"taxonomy":"product_tag","embeddable":true,"href":"https:\/\/www.purejewels.com\/de\/wp-json\/wp\/v2\/product_tag?post=409385"}],"curies":[{"name":"wp","href":"https:\/\/api.w.org\/{rel}","templated":true}]}}