{"id":4094,"date":"2017-07-19T13:24:25","date_gmt":"2017-07-19T12:24:25","guid":{"rendered":"http:\/\/new.purejewels.com\/product\/wedding-ring-8\/"},"modified":"2025-12-10T08:13:28","modified_gmt":"2025-12-10T08:13:28","slug":"ehering-201","status":"publish","type":"product","link":"https:\/\/www.purejewels.com\/de\/product\/wedding-ring-201\/","title":{"rendered":"Klassischer Ehering aus Platin"},"content":{"rendered":"<p data-start=\"601\" data-end=\"900\"><strong data-start=\"601\" data-end=\"619\">Designkonzept<\/strong><br data-start=\"619\" data-end=\"622\" \/>Der klassische Platin-Ehering ist zur\u00fcckhaltend und best\u00e4ndig und verk\u00f6rpert durch seine klare Silhouette und seine raffinierte Verarbeitung zeitlose Liebe. Das polierte Mittelband wird durch eine detaillierte Gravur an den R\u00e4ndern dezent hervorgehoben und schafft so eine elegante Balance zwischen Tradition und zeitgen\u00f6ssischem Design.<\/p>\n<p data-start=\"902\" data-end=\"1218\"><strong data-start=\"902\" data-end=\"919\">Handwerkliches K\u00f6nnen<\/strong><br data-start=\"919\" data-end=\"922\" \/>Dieses 4 mm breite Band aus hochreinem Platin wurde sorgf\u00e4ltig von Hand gefertigt und verf\u00fcgt \u00fcber eine glatte, spiegel\u00e4hnliche Politur. Die gravierte Kante verleiht ihm zus\u00e4tzliche Dimension, ohne seine Schlichtheit zu beeintr\u00e4chtigen. Es ist hypoallergen, punziert und au\u00dfergew\u00f6hnlich strapazierf\u00e4hig und eignet sich f\u00fcr den t\u00e4glichen Gebrauch und ein Leben lang.<\/p>\n<p data-start=\"1220\" data-end=\"1462\"><strong data-start=\"1220\" data-end=\"1237\">Styling-Ideen<\/strong><br data-start=\"1237\" data-end=\"1240\" \/>Dieser Platinring passt sowohl f\u00fcr M\u00e4nner als auch f\u00fcr Frauen und kann solo oder zusammen mit einem Diamantring getragen werden, um ihm zus\u00e4tzliche Brillanz zu verleihen. Durch seine klare Verarbeitung eignet er sich auch ideal f\u00fcr Gravuren \u2013 sei es ein Datum, ein Name oder ein pers\u00f6nliches Gel\u00fcbde.<\/p>","protected":false},"excerpt":{"rendered":"<p>Dieser klassische 4-mm-Ehering aus hochwertigem Platin verf\u00fcgt \u00fcber eine polierte Oberfl\u00e4che mit aufwendigen Kantenverzierungen. Ein zeitloses Symbol der Verbundenheit, das sowohl auf Langlebigkeit als auch auf Eleganz ausgelegt ist.<\/p>\n<p>Ausf\u00fchrung: Poliert<br \/>\nMetall: Platin<br \/>\nFingergr\u00f6\u00dfe:J<br \/>\nBreite: 4 mm<\/p>","protected":false},"featured_media":4095,"comment_status":"closed","ping_status":"closed","template":"","meta":{"_eb_attr":"","_crsspst_to_jayantr4sg-hostcom":false},"product_brand":[],"product_cat":[1798],"product_tag":[],"class_list":{"0":"post-4094","1":"product","2":"type-product","3":"status-publish","4":"has-post-thumbnail","6":"product_cat-platinum-rings","8":"first","9":"outofstock","10":"taxable","11":"shipping-taxable","12":"product-type-simple","13":"add-to-wishlist-before_image"},"yoast_head":"<!-- This site is optimized with the Yoast SEO plugin v27.3 - https:\/\/yoast.com\/product\/yoast-seo-wordpress\/ -->\n<title>Timeless Platinum Band with Polished Finish \u2013 4mm Width<\/title>\n<meta name=\"description\" content=\"This classic 4mm platinum wedding ring features a sleek polished finish and fine edge detailing. A refined, handcrafted band for lasting elegance.\" \/>\n<meta name=\"robots\" content=\"index, follow, max-snippet:-1, max-image-preview:large, max-video-preview:-1\" \/>\n<link rel=\"canonical\" href=\"https:\/\/www.purejewels.com\/de\/produkt-2\/ehering-201\/\" \/>\n<meta property=\"og:locale\" content=\"de_DE\" \/>\n<meta property=\"og:type\" content=\"article\" \/>\n<meta property=\"og:title\" content=\"Timeless Platinum Band with Polished Finish \u2013 4mm Width\" \/>\n<meta property=\"og:description\" content=\"This classic 4mm platinum wedding ring features a sleek polished finish and fine edge detailing. A refined, handcrafted band for lasting elegance.\" \/>\n<meta property=\"og:url\" content=\"https:\/\/www.purejewels.com\/de\/produkt-2\/ehering-201\/\" \/>\n<meta property=\"og:site_name\" content=\"PureJewels UK\" \/>\n<meta property=\"article:modified_time\" content=\"2025-12-10T08:13:28+00:00\" \/>\n<meta property=\"og:image\" content=\"https:\/\/static.purejewels.com\/wp-content\/uploads\/2017\/07\/020104000007_xl-2.jpg\" \/>\n\t<meta property=\"og:image:width\" content=\"960\" \/>\n\t<meta property=\"og:image:height\" content=\"960\" \/>\n\t<meta property=\"og:image:type\" content=\"image\/jpeg\" \/>\n<meta name=\"twitter:card\" content=\"summary_large_image\" \/>\n<meta name=\"twitter:label1\" content=\"Gesch\u00e4tzte Lesezeit\" \/>\n\t<meta name=\"twitter:data1\" content=\"1\u00a0Minute\" \/>\n<script type=\"application\/ld+json\" class=\"yoast-schema-graph\">{\"@context\":\"https:\\\/\\\/schema.org\",\"@graph\":[{\"@type\":[\"WebPage\",\"ItemPage\"],\"@id\":\"https:\\\/\\\/www.purejewels.com\\\/product\\\/wedding-ring-201\\\/\",\"url\":\"https:\\\/\\\/www.purejewels.com\\\/product\\\/wedding-ring-201\\\/\",\"name\":\"Timeless Platinum Band with Polished Finish \u2013 4mm Width\",\"isPartOf\":{\"@id\":\"https:\\\/\\\/www.purejewels.com\\\/#website\"},\"primaryImageOfPage\":{\"@id\":\"https:\\\/\\\/www.purejewels.com\\\/product\\\/wedding-ring-201\\\/#primaryimage\"},\"image\":{\"@id\":\"https:\\\/\\\/www.purejewels.com\\\/product\\\/wedding-ring-201\\\/#primaryimage\"},\"thumbnailUrl\":\"https:\\\/\\\/static.purejewels.com\\\/wp-content\\\/uploads\\\/2017\\\/07\\\/020104000007_xl-2.jpg\",\"datePublished\":\"2017-07-19T12:24:25+00:00\",\"dateModified\":\"2025-12-10T08:13:28+00:00\",\"description\":\"This classic 4mm platinum wedding ring features a sleek polished finish and fine edge detailing. A refined, handcrafted band for lasting elegance.\",\"breadcrumb\":{\"@id\":\"https:\\\/\\\/www.purejewels.com\\\/product\\\/wedding-ring-201\\\/#breadcrumb\"},\"inLanguage\":\"de\",\"potentialAction\":[{\"@type\":\"ReadAction\",\"target\":[\"https:\\\/\\\/www.purejewels.com\\\/product\\\/wedding-ring-201\\\/\"]}]},{\"@type\":\"ImageObject\",\"inLanguage\":\"de\",\"@id\":\"https:\\\/\\\/www.purejewels.com\\\/product\\\/wedding-ring-201\\\/#primaryimage\",\"url\":\"https:\\\/\\\/static.purejewels.com\\\/wp-content\\\/uploads\\\/2017\\\/07\\\/020104000007_xl-2.jpg\",\"contentUrl\":\"https:\\\/\\\/static.purejewels.com\\\/wp-content\\\/uploads\\\/2017\\\/07\\\/020104000007_xl-2.jpg\",\"width\":960,\"height\":960,\"caption\":\"Classic Platinum Wedding Ring\"},{\"@type\":\"BreadcrumbList\",\"@id\":\"https:\\\/\\\/www.purejewels.com\\\/product\\\/wedding-ring-201\\\/#breadcrumb\",\"itemListElement\":[{\"@type\":\"ListItem\",\"position\":1,\"name\":\"Home\",\"item\":\"https:\\\/\\\/www.purejewels.com\\\/\"},{\"@type\":\"ListItem\",\"position\":2,\"name\":\"Shop\",\"item\":\"https:\\\/\\\/www.purejewels.com\\\/shop\\\/\"},{\"@type\":\"ListItem\",\"position\":3,\"name\":\"Classic Platinum Wedding Ring\"}]},{\"@type\":\"WebSite\",\"@id\":\"https:\\\/\\\/www.purejewels.com\\\/#website\",\"url\":\"https:\\\/\\\/www.purejewels.com\\\/\",\"name\":\"PureJewels UK\",\"description\":\"Share the Love\",\"publisher\":{\"@id\":\"https:\\\/\\\/www.purejewels.com\\\/#organization\"},\"potentialAction\":[{\"@type\":\"SearchAction\",\"target\":{\"@type\":\"EntryPoint\",\"urlTemplate\":\"https:\\\/\\\/www.purejewels.com\\\/?s={search_term_string}\"},\"query-input\":{\"@type\":\"PropertyValueSpecification\",\"valueRequired\":true,\"valueName\":\"search_term_string\"}}],\"inLanguage\":\"de\"},{\"@type\":\"Organization\",\"@id\":\"https:\\\/\\\/www.purejewels.com\\\/#organization\",\"name\":\"PureJewels UK\",\"url\":\"https:\\\/\\\/www.purejewels.com\\\/\",\"logo\":{\"@type\":\"ImageObject\",\"inLanguage\":\"de\",\"@id\":\"https:\\\/\\\/www.purejewels.com\\\/#\\\/schema\\\/logo\\\/image\\\/\",\"url\":\"https:\\\/\\\/static.purejewels.com\\\/wp-content\\\/uploads\\\/2020\\\/11\\\/Logo-PJ-New-1.png\",\"contentUrl\":\"https:\\\/\\\/static.purejewels.com\\\/wp-content\\\/uploads\\\/2020\\\/11\\\/Logo-PJ-New-1.png\",\"width\":150,\"height\":80,\"caption\":\"PureJewels UK\"},\"image\":{\"@id\":\"https:\\\/\\\/www.purejewels.com\\\/#\\\/schema\\\/logo\\\/image\\\/\"}}]}<\/script>\n<!-- \/ Yoast SEO plugin. -->","yoast_head_json":{"title":"Zeitloses Platinband mit polierter Oberfl\u00e4che \u2013 4 mm Breite","description":"Dieser klassische 4-mm-Ehering aus Platin besticht durch seine glatte, polierte Oberfl\u00e4che und feine Kantenverzierungen. Ein raffiniertes, handgefertigtes Band f\u00fcr zeitlose Eleganz.","robots":{"index":"index","follow":"follow","max-snippet":"max-snippet:-1","max-image-preview":"max-image-preview:large","max-video-preview":"max-video-preview:-1"},"canonical":"https:\/\/www.purejewels.com\/de\/produkt-2\/ehering-201\/","og_locale":"de_DE","og_type":"article","og_title":"Timeless Platinum Band with Polished Finish \u2013 4mm Width","og_description":"This classic 4mm platinum wedding ring features a sleek polished finish and fine edge detailing. A refined, handcrafted band for lasting elegance.","og_url":"https:\/\/www.purejewels.com\/de\/produkt-2\/ehering-201\/","og_site_name":"PureJewels UK","article_modified_time":"2025-12-10T08:13:28+00:00","og_image":[{"width":960,"height":960,"url":"https:\/\/static.purejewels.com\/wp-content\/uploads\/2017\/07\/020104000007_xl-2.jpg","type":"image\/jpeg"}],"twitter_card":"summary_large_image","twitter_misc":{"Gesch\u00e4tzte Lesezeit":"1\u00a0Minute"},"schema":{"@context":"https:\/\/schema.org","@graph":[{"@type":["WebPage","ItemPage"],"@id":"https:\/\/www.purejewels.com\/product\/wedding-ring-201\/","url":"https:\/\/www.purejewels.com\/product\/wedding-ring-201\/","name":"Zeitloses Platinband mit polierter Oberfl\u00e4che \u2013 4 mm Breite","isPartOf":{"@id":"https:\/\/www.purejewels.com\/#website"},"primaryImageOfPage":{"@id":"https:\/\/www.purejewels.com\/product\/wedding-ring-201\/#primaryimage"},"image":{"@id":"https:\/\/www.purejewels.com\/product\/wedding-ring-201\/#primaryimage"},"thumbnailUrl":"https:\/\/static.purejewels.com\/wp-content\/uploads\/2017\/07\/020104000007_xl-2.jpg","datePublished":"2017-07-19T12:24:25+00:00","dateModified":"2025-12-10T08:13:28+00:00","description":"Dieser klassische 4-mm-Ehering aus Platin besticht durch seine glatte, polierte Oberfl\u00e4che und feine Kantenverzierungen. Ein raffiniertes, handgefertigtes Band f\u00fcr zeitlose Eleganz.","breadcrumb":{"@id":"https:\/\/www.purejewels.com\/product\/wedding-ring-201\/#breadcrumb"},"inLanguage":"de","potentialAction":[{"@type":"ReadAction","target":["https:\/\/www.purejewels.com\/product\/wedding-ring-201\/"]}]},{"@type":"ImageObject","inLanguage":"de","@id":"https:\/\/www.purejewels.com\/product\/wedding-ring-201\/#primaryimage","url":"https:\/\/static.purejewels.com\/wp-content\/uploads\/2017\/07\/020104000007_xl-2.jpg","contentUrl":"https:\/\/static.purejewels.com\/wp-content\/uploads\/2017\/07\/020104000007_xl-2.jpg","width":960,"height":960,"caption":"Classic Platinum Wedding Ring"},{"@type":"BreadcrumbList","@id":"https:\/\/www.purejewels.com\/product\/wedding-ring-201\/#breadcrumb","itemListElement":[{"@type":"ListItem","position":1,"name":"Home","item":"https:\/\/www.purejewels.com\/"},{"@type":"ListItem","position":2,"name":"Shop","item":"https:\/\/www.purejewels.com\/shop\/"},{"@type":"ListItem","position":3,"name":"Classic Platinum Wedding Ring"}]},{"@type":"WebSite","@id":"https:\/\/www.purejewels.com\/#website","url":"https:\/\/www.purejewels.com\/","name":"PureJewels UK","description":"Teile die Liebe","publisher":{"@id":"https:\/\/www.purejewels.com\/#organization"},"potentialAction":[{"@type":"SearchAction","target":{"@type":"EntryPoint","urlTemplate":"https:\/\/www.purejewels.com\/?s={search_term_string}"},"query-input":{"@type":"PropertyValueSpecification","valueRequired":true,"valueName":"search_term_string"}}],"inLanguage":"de"},{"@type":"Organization","@id":"https:\/\/www.purejewels.com\/#organization","name":"PureJewels UK","url":"https:\/\/www.purejewels.com\/","logo":{"@type":"ImageObject","inLanguage":"de","@id":"https:\/\/www.purejewels.com\/#\/schema\/logo\/image\/","url":"https:\/\/static.purejewels.com\/wp-content\/uploads\/2020\/11\/Logo-PJ-New-1.png","contentUrl":"https:\/\/static.purejewels.com\/wp-content\/uploads\/2020\/11\/Logo-PJ-New-1.png","width":150,"height":80,"caption":"PureJewels UK"},"image":{"@id":"https:\/\/www.purejewels.com\/#\/schema\/logo\/image\/"}}]}},"_links":{"self":[{"href":"https:\/\/www.purejewels.com\/de\/wp-json\/wp\/v2\/product\/4094","targetHints":{"allow":["GET"]}}],"collection":[{"href":"https:\/\/www.purejewels.com\/de\/wp-json\/wp\/v2\/product"}],"about":[{"href":"https:\/\/www.purejewels.com\/de\/wp-json\/wp\/v2\/types\/product"}],"replies":[{"embeddable":true,"href":"https:\/\/www.purejewels.com\/de\/wp-json\/wp\/v2\/comments?post=4094"}],"version-history":[{"count":3,"href":"https:\/\/www.purejewels.com\/de\/wp-json\/wp\/v2\/product\/4094\/revisions"}],"predecessor-version":[{"id":422822,"href":"https:\/\/www.purejewels.com\/de\/wp-json\/wp\/v2\/product\/4094\/revisions\/422822"}],"wp:featuredmedia":[{"embeddable":true,"href":"https:\/\/www.purejewels.com\/de\/wp-json\/wp\/v2\/media\/4095"}],"wp:attachment":[{"href":"https:\/\/www.purejewels.com\/de\/wp-json\/wp\/v2\/media?parent=4094"}],"wp:term":[{"taxonomy":"product_brand","embeddable":true,"href":"https:\/\/www.purejewels.com\/de\/wp-json\/wp\/v2\/product_brand?post=4094"},{"taxonomy":"product_cat","embeddable":true,"href":"https:\/\/www.purejewels.com\/de\/wp-json\/wp\/v2\/product_cat?post=4094"},{"taxonomy":"product_tag","embeddable":true,"href":"https:\/\/www.purejewels.com\/de\/wp-json\/wp\/v2\/product_tag?post=4094"}],"curies":[{"name":"wp","href":"https:\/\/api.w.org\/{rel}","templated":true}]}}