{"id":409563,"date":"2025-06-06T05:25:04","date_gmt":"2025-06-06T04:25:04","guid":{"rendered":"https:\/\/www.purejewels.com\/?post_type=product&#038;p=409563"},"modified":"2026-02-09T10:13:31","modified_gmt":"2026-02-09T10:13:31","slug":"lotusknospenring-52644","status":"publish","type":"product","link":"https:\/\/www.purejewels.com\/de\/product\/lotus-bud-ring-52644\/","title":{"rendered":"Lotus Knospe Verlobungsring 0,58ct"},"content":{"rendered":"<p data-start=\"623\" data-end=\"902\">Von der <strong data-start=\"632\" data-end=\"652\">Lotus-Kollektion<\/strong>die <strong data-start=\"658\" data-end=\"694\">Lotusknospen-Ring<\/strong> verk\u00f6rpert raffinierte Schlichtheit und tiefgr\u00fcndige Symbolik. Das schlanke Band aus 18 Karat Gelbgold erhebt sich sanft und umschlie\u00dft einen einzelnen runden Brillanten von 0,58 Karat - sein Funkeln erinnert an den Morgentau auf einer Lotusbl\u00fcte.<\/p>\n<p data-start=\"904\" data-end=\"1196\">Mit einer <strong data-start=\"912\" data-end=\"924\">H Farbe<\/strong> und <strong data-start=\"929\" data-end=\"957\">Innerlich fehlerfrei (IF)<\/strong> Klarheit f\u00e4ngt der Diamant das Licht mit au\u00dfergew\u00f6hnlichem Feuer und Glanz ein, was ihn zu einem wahrhaft seltenen Schatz macht. Die Solit\u00e4rfassung ist eine Hommage an die Reinheit und Unverw\u00fcstlichkeit der Lotusknospe, ein zeitloses Symbol f\u00fcr Sch\u00f6nheit, die aus ruhigen Gew\u00e4ssern aufsteigt.<\/p>\n<p data-start=\"1198\" data-end=\"1375\">Dieses St\u00fcck, das sich perfekt als Verlobungsring, als Geschenk zu einem wichtigen Ereignis oder als pers\u00f6nliches Andenken eignet, wurde sorgf\u00e4ltig gefertigt und mit einem Echtheitsstempel versehen - ein Schmuckst\u00fcck, das \u00fcber Generationen hinweg in Ehren gehalten wird.<\/p>","protected":false},"excerpt":{"rendered":"<p class=\"\" data-start=\"0\" data-end=\"289\">Dieser anmutige Solit\u00e4rring aus der Lotus-Kollektion ist aus warmem 18-kar\u00e4tigem Gelbgold gefertigt und mit einem runden Brillanten von 0,58 Karat besetzt. Mit einem Farbgrad von H und lupenreiner Klarheit (IF) strahlt er Reinheit und Brillanz aus. Inspiriert von der Gelassenheit einer Lotusknospe, ist das Design zeitlos, elegant und perfekt, um die kostbarsten Momente des Lebens zu markieren.<\/p>\n<p><strong>Material:<\/strong> 18ct Gelbgold<br \/>\n<strong><strong>Wahrzeichen: <\/strong><\/strong>Britisches G\u00fctesiegel<strong><strong><br \/>\n<\/strong><\/strong><strong><strong>Stein: <\/strong><\/strong>Nat\u00fcrlicher Diamant<strong><strong><br \/>\n<\/strong><\/strong><strong><strong>Wird mit Zertifikat geliefert:\u00a0<\/strong><\/strong>ja<strong><strong><br \/>\n<strong>Gewicht der Diamanten: <\/strong><\/strong><\/strong>0,58ct<br \/>\n<b>Farbe des Diamanten:\u00a0<\/b>H<br \/>\n<b>Diamant-Reinheit:\u00a0<\/b>IF - Internally Flawless<strong><strong><strong><strong><strong><br \/>\n<strong>Ringgr\u00f6\u00dfe: <\/strong><\/strong><\/strong><\/strong><\/strong><\/strong>J (andere Gr\u00f6\u00dfen auf Anfrage erh\u00e4ltlich)<br \/>\n<strong>SKU: <\/strong>52644<\/p>\n<p><strong>Preis und Lieferung:<\/strong>\u00a0Inklusive Mehrwertsteuer und Lieferkosten<br \/>\n<strong>Garantie:<\/strong>\u00a0kostenloser Valet-Service und Schwachstellenkontrollen<br \/>\n<strong>Anmerkung:\u00a0<\/strong>Dieser Ring ist in allen Fingergr\u00f6\u00dfen erh\u00e4ltlich. Bitte\u00a0<strong id=\"btn_TawkLink\">sich melden\u00a0<\/strong>um die perfekte Passform f\u00fcr Sie zu bestellen.<br \/>\n<a href=\"https:\/\/www.purejewels.com\/de\/ruckgabepolitik\/\">R\u00fcckgabepolitik<\/a><\/p>","protected":false},"featured_media":409571,"comment_status":"closed","ping_status":"closed","template":"","meta":{"_eb_attr":"","_crsspst_to_jayantr4sg-hostcom":false},"product_brand":[],"product_cat":[1791,5457,5460,1796,231,1235,1633,6050,6042,1569,226,1574],"product_tag":[5963,5941,5962],"class_list":{"0":"post-409563","1":"product","2":"type-product","3":"status-publish","4":"has-post-thumbnail","6":"product_cat-anniversary-gifts","7":"product_cat-diamond-jewellery","8":"product_cat-diamond-ring","9":"product_cat-diamond-rings","10":"product_cat-engagement-rings","11":"product_cat-gold-rings","12":"product_cat-lotus-collections","13":"product_cat-lotus-ring","14":"product_cat-solitaire-ring","15":"product_cat-valentine-day-gifts","16":"product_cat-wedding-rings-bands","17":"product_cat-womens-jewellery","18":"product_tag-diamond","19":"product_tag-ring","20":"product_tag-solitaire","22":"first","23":"instock","24":"taxable","25":"shipping-taxable","26":"purchasable","27":"product-type-simple","28":"add-to-wishlist-before_image"},"yoast_head":"<!-- This site is optimized with the Yoast SEO plugin v27.4 - https:\/\/yoast.com\/product\/yoast-seo-wordpress\/ -->\n<title>Lotus Pure Diamond Engagement Ring | PureJewels London<\/title>\n<meta name=\"description\" content=\"Discover the Lotus Pure Ring by PureJewels, featuring a 0.58ct GIA-certified diamond in a minimalist lotus-inspired setting. Crafted in 18ct yellow gold.\" \/>\n<meta name=\"robots\" content=\"index, follow, max-snippet:-1, max-image-preview:large, max-video-preview:-1\" \/>\n<link rel=\"canonical\" href=\"https:\/\/www.purejewels.com\/de\/produkt-2\/lotusknospenring-52644\/\" \/>\n<meta property=\"og:locale\" content=\"de_DE\" \/>\n<meta property=\"og:type\" content=\"article\" \/>\n<meta property=\"og:title\" content=\"Lotus Pure Diamond Engagement Ring | PureJewels London\" \/>\n<meta property=\"og:description\" content=\"Discover the Lotus Pure Ring by PureJewels, featuring a 0.58ct GIA-certified diamond in a minimalist lotus-inspired setting. Crafted in 18ct yellow gold.\" \/>\n<meta property=\"og:url\" content=\"https:\/\/www.purejewels.com\/de\/produkt-2\/lotusknospenring-52644\/\" \/>\n<meta property=\"og:site_name\" content=\"PureJewels UK\" \/>\n<meta property=\"article:modified_time\" content=\"2026-02-09T10:13:31+00:00\" \/>\n<meta property=\"og:image\" content=\"https:\/\/static.purejewels.com\/wp-content\/uploads\/2025\/08\/SKU-47901-44923.jpg\" \/>\n\t<meta property=\"og:image:width\" content=\"1000\" \/>\n\t<meta property=\"og:image:height\" content=\"1000\" \/>\n\t<meta property=\"og:image:type\" content=\"image\/jpeg\" \/>\n<meta name=\"twitter:card\" content=\"summary_large_image\" \/>\n<meta name=\"twitter:label1\" content=\"Gesch\u00e4tzte Lesezeit\" \/>\n\t<meta name=\"twitter:data1\" content=\"1\u00a0Minute\" \/>\n<script type=\"application\/ld+json\" class=\"yoast-schema-graph\">{\"@context\":\"https:\\\/\\\/schema.org\",\"@graph\":[{\"@type\":[\"WebPage\",\"ItemPage\"],\"@id\":\"https:\\\/\\\/www.purejewels.com\\\/product\\\/lotus-bud-ring-52644\\\/\",\"url\":\"https:\\\/\\\/www.purejewels.com\\\/product\\\/lotus-bud-ring-52644\\\/\",\"name\":\"Lotus Pure Diamond Engagement Ring | PureJewels London\",\"isPartOf\":{\"@id\":\"https:\\\/\\\/www.purejewels.com\\\/#website\"},\"primaryImageOfPage\":{\"@id\":\"https:\\\/\\\/www.purejewels.com\\\/product\\\/lotus-bud-ring-52644\\\/#primaryimage\"},\"image\":{\"@id\":\"https:\\\/\\\/www.purejewels.com\\\/product\\\/lotus-bud-ring-52644\\\/#primaryimage\"},\"thumbnailUrl\":\"https:\\\/\\\/static.purejewels.com\\\/wp-content\\\/uploads\\\/2025\\\/08\\\/SKU-47901-44923.jpg\",\"datePublished\":\"2025-06-06T04:25:04+00:00\",\"dateModified\":\"2026-02-09T10:13:31+00:00\",\"description\":\"Discover the Lotus Pure Ring by PureJewels, featuring a 0.58ct GIA-certified diamond in a minimalist lotus-inspired setting. Crafted in 18ct yellow gold.\",\"breadcrumb\":{\"@id\":\"https:\\\/\\\/www.purejewels.com\\\/product\\\/lotus-bud-ring-52644\\\/#breadcrumb\"},\"inLanguage\":\"de\",\"potentialAction\":[{\"@type\":\"ReadAction\",\"target\":[\"https:\\\/\\\/www.purejewels.com\\\/product\\\/lotus-bud-ring-52644\\\/\"]}]},{\"@type\":\"ImageObject\",\"inLanguage\":\"de\",\"@id\":\"https:\\\/\\\/www.purejewels.com\\\/product\\\/lotus-bud-ring-52644\\\/#primaryimage\",\"url\":\"https:\\\/\\\/static.purejewels.com\\\/wp-content\\\/uploads\\\/2025\\\/08\\\/SKU-47901-44923.jpg\",\"contentUrl\":\"https:\\\/\\\/static.purejewels.com\\\/wp-content\\\/uploads\\\/2025\\\/08\\\/SKU-47901-44923.jpg\",\"width\":1000,\"height\":1000,\"caption\":\"Lotus Pure Diamond Engagement Ring\"},{\"@type\":\"BreadcrumbList\",\"@id\":\"https:\\\/\\\/www.purejewels.com\\\/product\\\/lotus-bud-ring-52644\\\/#breadcrumb\",\"itemListElement\":[{\"@type\":\"ListItem\",\"position\":1,\"name\":\"Home\",\"item\":\"https:\\\/\\\/www.purejewels.com\\\/\"},{\"@type\":\"ListItem\",\"position\":2,\"name\":\"Shop\",\"item\":\"https:\\\/\\\/www.purejewels.com\\\/shop\\\/\"},{\"@type\":\"ListItem\",\"position\":3,\"name\":\"Lotus Bud Engagement Ring 0.58ct\"}]},{\"@type\":\"WebSite\",\"@id\":\"https:\\\/\\\/www.purejewels.com\\\/#website\",\"url\":\"https:\\\/\\\/www.purejewels.com\\\/\",\"name\":\"PureJewels UK\",\"description\":\"Share the Love\",\"publisher\":{\"@id\":\"https:\\\/\\\/www.purejewels.com\\\/#organization\"},\"potentialAction\":[{\"@type\":\"SearchAction\",\"target\":{\"@type\":\"EntryPoint\",\"urlTemplate\":\"https:\\\/\\\/www.purejewels.com\\\/?s={search_term_string}\"},\"query-input\":{\"@type\":\"PropertyValueSpecification\",\"valueRequired\":true,\"valueName\":\"search_term_string\"}}],\"inLanguage\":\"de\"},{\"@type\":\"Organization\",\"@id\":\"https:\\\/\\\/www.purejewels.com\\\/#organization\",\"name\":\"PureJewels UK\",\"url\":\"https:\\\/\\\/www.purejewels.com\\\/\",\"logo\":{\"@type\":\"ImageObject\",\"inLanguage\":\"de\",\"@id\":\"https:\\\/\\\/www.purejewels.com\\\/#\\\/schema\\\/logo\\\/image\\\/\",\"url\":\"https:\\\/\\\/static.purejewels.com\\\/wp-content\\\/uploads\\\/2020\\\/11\\\/Logo-PJ-New-1.png\",\"contentUrl\":\"https:\\\/\\\/static.purejewels.com\\\/wp-content\\\/uploads\\\/2020\\\/11\\\/Logo-PJ-New-1.png\",\"width\":150,\"height\":80,\"caption\":\"PureJewels UK\"},\"image\":{\"@id\":\"https:\\\/\\\/www.purejewels.com\\\/#\\\/schema\\\/logo\\\/image\\\/\"}}]}<\/script>\n<!-- \/ Yoast SEO plugin. -->","yoast_head_json":{"title":"Lotus Pure Diamant Verlobungsring | PureJewels London","description":"Entdecken Sie den Lotus Pure Ring von PureJewels mit einem 0,58ct GIA-zertifizierten Diamanten in einer minimalistischen, von einem Lotus inspirierten Fassung. Gefertigt aus 18 Karat Gelbgold.","robots":{"index":"index","follow":"follow","max-snippet":"max-snippet:-1","max-image-preview":"max-image-preview:large","max-video-preview":"max-video-preview:-1"},"canonical":"https:\/\/www.purejewels.com\/de\/produkt-2\/lotusknospenring-52644\/","og_locale":"de_DE","og_type":"article","og_title":"Lotus Pure Diamond Engagement Ring | PureJewels London","og_description":"Discover the Lotus Pure Ring by PureJewels, featuring a 0.58ct GIA-certified diamond in a minimalist lotus-inspired setting. Crafted in 18ct yellow gold.","og_url":"https:\/\/www.purejewels.com\/de\/produkt-2\/lotusknospenring-52644\/","og_site_name":"PureJewels UK","article_modified_time":"2026-02-09T10:13:31+00:00","og_image":[{"width":1000,"height":1000,"url":"https:\/\/static.purejewels.com\/wp-content\/uploads\/2025\/08\/SKU-47901-44923.jpg","type":"image\/jpeg"}],"twitter_card":"summary_large_image","twitter_misc":{"Gesch\u00e4tzte Lesezeit":"1\u00a0Minute"},"schema":{"@context":"https:\/\/schema.org","@graph":[{"@type":["WebPage","ItemPage"],"@id":"https:\/\/www.purejewels.com\/product\/lotus-bud-ring-52644\/","url":"https:\/\/www.purejewels.com\/product\/lotus-bud-ring-52644\/","name":"Lotus Pure Diamant Verlobungsring | PureJewels London","isPartOf":{"@id":"https:\/\/www.purejewels.com\/#website"},"primaryImageOfPage":{"@id":"https:\/\/www.purejewels.com\/product\/lotus-bud-ring-52644\/#primaryimage"},"image":{"@id":"https:\/\/www.purejewels.com\/product\/lotus-bud-ring-52644\/#primaryimage"},"thumbnailUrl":"https:\/\/static.purejewels.com\/wp-content\/uploads\/2025\/08\/SKU-47901-44923.jpg","datePublished":"2025-06-06T04:25:04+00:00","dateModified":"2026-02-09T10:13:31+00:00","description":"Entdecken Sie den Lotus Pure Ring von PureJewels mit einem 0,58ct GIA-zertifizierten Diamanten in einer minimalistischen, von einem Lotus inspirierten Fassung. Gefertigt aus 18 Karat Gelbgold.","breadcrumb":{"@id":"https:\/\/www.purejewels.com\/product\/lotus-bud-ring-52644\/#breadcrumb"},"inLanguage":"de","potentialAction":[{"@type":"ReadAction","target":["https:\/\/www.purejewels.com\/product\/lotus-bud-ring-52644\/"]}]},{"@type":"ImageObject","inLanguage":"de","@id":"https:\/\/www.purejewels.com\/product\/lotus-bud-ring-52644\/#primaryimage","url":"https:\/\/static.purejewels.com\/wp-content\/uploads\/2025\/08\/SKU-47901-44923.jpg","contentUrl":"https:\/\/static.purejewels.com\/wp-content\/uploads\/2025\/08\/SKU-47901-44923.jpg","width":1000,"height":1000,"caption":"Lotus Pure Diamond Engagement Ring"},{"@type":"BreadcrumbList","@id":"https:\/\/www.purejewels.com\/product\/lotus-bud-ring-52644\/#breadcrumb","itemListElement":[{"@type":"ListItem","position":1,"name":"Home","item":"https:\/\/www.purejewels.com\/"},{"@type":"ListItem","position":2,"name":"Shop","item":"https:\/\/www.purejewels.com\/shop\/"},{"@type":"ListItem","position":3,"name":"Lotus Bud Engagement Ring 0.58ct"}]},{"@type":"WebSite","@id":"https:\/\/www.purejewels.com\/#website","url":"https:\/\/www.purejewels.com\/","name":"PureJewels UK","description":"Teile die Liebe","publisher":{"@id":"https:\/\/www.purejewels.com\/#organization"},"potentialAction":[{"@type":"SearchAction","target":{"@type":"EntryPoint","urlTemplate":"https:\/\/www.purejewels.com\/?s={search_term_string}"},"query-input":{"@type":"PropertyValueSpecification","valueRequired":true,"valueName":"search_term_string"}}],"inLanguage":"de"},{"@type":"Organization","@id":"https:\/\/www.purejewels.com\/#organization","name":"PureJewels UK","url":"https:\/\/www.purejewels.com\/","logo":{"@type":"ImageObject","inLanguage":"de","@id":"https:\/\/www.purejewels.com\/#\/schema\/logo\/image\/","url":"https:\/\/static.purejewels.com\/wp-content\/uploads\/2020\/11\/Logo-PJ-New-1.png","contentUrl":"https:\/\/static.purejewels.com\/wp-content\/uploads\/2020\/11\/Logo-PJ-New-1.png","width":150,"height":80,"caption":"PureJewels UK"},"image":{"@id":"https:\/\/www.purejewels.com\/#\/schema\/logo\/image\/"}}]}},"_links":{"self":[{"href":"https:\/\/www.purejewels.com\/de\/wp-json\/wp\/v2\/product\/409563","targetHints":{"allow":["GET"]}}],"collection":[{"href":"https:\/\/www.purejewels.com\/de\/wp-json\/wp\/v2\/product"}],"about":[{"href":"https:\/\/www.purejewels.com\/de\/wp-json\/wp\/v2\/types\/product"}],"replies":[{"embeddable":true,"href":"https:\/\/www.purejewels.com\/de\/wp-json\/wp\/v2\/comments?post=409563"}],"version-history":[{"count":4,"href":"https:\/\/www.purejewels.com\/de\/wp-json\/wp\/v2\/product\/409563\/revisions"}],"predecessor-version":[{"id":411354,"href":"https:\/\/www.purejewels.com\/de\/wp-json\/wp\/v2\/product\/409563\/revisions\/411354"}],"wp:featuredmedia":[{"embeddable":true,"href":"https:\/\/www.purejewels.com\/de\/wp-json\/wp\/v2\/media\/409571"}],"wp:attachment":[{"href":"https:\/\/www.purejewels.com\/de\/wp-json\/wp\/v2\/media?parent=409563"}],"wp:term":[{"taxonomy":"product_brand","embeddable":true,"href":"https:\/\/www.purejewels.com\/de\/wp-json\/wp\/v2\/product_brand?post=409563"},{"taxonomy":"product_cat","embeddable":true,"href":"https:\/\/www.purejewels.com\/de\/wp-json\/wp\/v2\/product_cat?post=409563"},{"taxonomy":"product_tag","embeddable":true,"href":"https:\/\/www.purejewels.com\/de\/wp-json\/wp\/v2\/product_tag?post=409563"}],"curies":[{"name":"wp","href":"https:\/\/api.w.org\/{rel}","templated":true}]}}