{"id":409578,"date":"2025-05-06T06:06:15","date_gmt":"2025-05-06T05:06:15","guid":{"rendered":"https:\/\/www.purejewels.com\/?post_type=product&#038;p=409578"},"modified":"2026-03-30T10:21:59","modified_gmt":"2026-03-30T09:21:59","slug":"lotus-grace-diamant-verlobungsring-aus-18-kt-gold-52645","status":"publish","type":"product","link":"https:\/\/www.purejewels.com\/de\/product\/lotus-grace-diamond-engagement-ring-in-18ct-gold-52645\/","title":{"rendered":"Lotus Knospe Verlobungsring 0,72ct"},"content":{"rendered":"<p data-start=\"598\" data-end=\"960\">Die von Gelassenheit und Raffinesse gepr\u00e4gte <strong data-start=\"635\" data-end=\"674\">Lotus Anmut <a href=\"https:\/\/www.purejewels.com\/de\/produkt-kategorie\/eheringe-ringe\/verlobungsringe\/\">Diamant-Verlobungsring<\/a><\/strong> ist inspiriert von der ruhigen Sch\u00f6nheit der Lotusblume - ein Symbol f\u00fcr Liebe, Erneuerung und stille St\u00e4rke. Dieses elegante Schmuckst\u00fcck wurde in sorgf\u00e4ltiger Handarbeit aus 18 Karat Gelbgold gefertigt und mit einem GIA-zertifizierten Diamanten im Brillantschliff von 0,72 Karat besetzt, der aufgrund seiner Farbe I und seiner seltenen lupenreinen Reinheit ausgew\u00e4hlt wurde.<\/p>\n<p data-start=\"962\" data-end=\"1201\">Die Fassung erhebt sich sanft, um den Diamanten in vier anmutigen Zinken zu umarmen, die von oben betrachtet eine subtile Lotussilhouette bilden. Die raffinierte W\u00f6lbung sorgt f\u00fcr einen bequemen Sitz und unterstreicht das nat\u00fcrliche Lichtspiel des zentralen Steins.<\/p>\n<p data-start=\"1203\" data-end=\"1395\">Ob f\u00fcr einen Heiratsantrag oder einen bedeutenden Meilenstein, dieser Ring ist so gestaltet, dass er zu einem gesch\u00e4tzten Erbst\u00fcck wird - er feiert die Reise der Liebe mit Schlichtheit, Brillanz und Anmut.<\/p>","protected":false},"excerpt":{"rendered":"<p class=\"\" data-start=\"0\" data-end=\"289\">Der Lotus Grace Ring besticht durch zeitlose Sch\u00f6nheit mit einem GIA-zertifizierten Diamanten von 0,72 Karat und lupenreiner Reinheit. Die skulpturale Silhouette des Rings aus 18-kar\u00e4tigem Gold zeugt von Reinheit, Eleganz und Engagement.<\/p>\n<p><strong>Material:<\/strong>\u00a018ct Gelbgold<br \/>\n<strong>Wahrzeichen:\u00a0<\/strong>Britisches G\u00fctesiegel<strong><br \/>\n<\/strong><strong>Stein:\u00a0<\/strong>Nat\u00fcrlicher Diamant<strong><br \/>\n<\/strong><strong>Wird mit Zertifikat geliefert:\u00a0<\/strong>ja<strong><br \/>\nGewicht der Diamanten:\u00a0<\/strong>0,72ct<br \/>\n<b>Farbe des Diamanten: <\/b>I<br \/>\n<b>Diamant-Reinheit:\u00a0<\/b>IF - Internally Flawless<strong><br \/>\nRinggr\u00f6\u00dfe: <\/strong>M(Andere Gr\u00f6\u00dfen auf Anfrage erh\u00e4ltlich)<br \/>\n<strong>SKU: <\/strong>52645<\/p>\n<p><strong>Preis und Lieferung:<\/strong>\u00a0Inklusive Mehrwertsteuer und Lieferkosten<br \/>\n<strong>Garantie:<\/strong>\u00a0kostenloser Valet-Service und Schwachstellenkontrollen<br \/>\n<strong>Anmerkung:\u00a0<\/strong>Dieser Ring ist in allen Fingergr\u00f6\u00dfen erh\u00e4ltlich. Bitte\u00a0<strong id=\"btn_TawkLink\">sich melden\u00a0<\/strong>um die perfekte Passform f\u00fcr Sie zu bestellen.<br \/>\n<a href=\"https:\/\/www.purejewels.com\/de\/ruckgabepolitik\/\">R\u00fcckgabepolitik<\/a><\/p>","protected":false},"featured_media":409579,"comment_status":"closed","ping_status":"closed","template":"","meta":{"_eb_attr":"","_crsspst_to_jayantr4sg-hostcom":false},"product_brand":[],"product_cat":[1791,5457,5460,1796,231,1235,1633,6050,6042,1569,226,1574],"product_tag":[5963,5941,5962],"class_list":{"0":"post-409578","1":"product","2":"type-product","3":"status-publish","4":"has-post-thumbnail","6":"product_cat-anniversary-gifts","7":"product_cat-diamond-jewellery","8":"product_cat-diamond-ring","9":"product_cat-diamond-rings","10":"product_cat-engagement-rings","11":"product_cat-gold-rings","12":"product_cat-lotus-collections","13":"product_cat-lotus-ring","14":"product_cat-solitaire-ring","15":"product_cat-valentine-day-gifts","16":"product_cat-wedding-rings-bands","17":"product_cat-womens-jewellery","18":"product_tag-diamond","19":"product_tag-ring","20":"product_tag-solitaire","22":"first","23":"instock","24":"taxable","25":"shipping-taxable","26":"purchasable","27":"product-type-simple","28":"add-to-wishlist-before_image"},"yoast_head":"<!-- This site is optimized with the Yoast SEO plugin v27.4 - https:\/\/yoast.com\/product\/yoast-seo-wordpress\/ -->\n<title>Lotus Grace Diamond Engagement Ring | PureJewels UK<\/title>\n<meta name=\"description\" content=\"Celebrate love with the Lotus Grace Engagement Ring by PureJewels. Featuring a 0.72ct GIA diamond in a lotus-inspired 18ct gold setting.\" \/>\n<meta name=\"robots\" content=\"index, follow, max-snippet:-1, max-image-preview:large, max-video-preview:-1\" \/>\n<link rel=\"canonical\" href=\"https:\/\/www.purejewels.com\/de\/produkt-2\/lotus-grace-diamant-verlobungsring-aus-18-kt-gold-52645\/\" \/>\n<meta property=\"og:locale\" content=\"de_DE\" \/>\n<meta property=\"og:type\" content=\"article\" \/>\n<meta property=\"og:title\" content=\"Lotus Grace Diamond Engagement Ring | PureJewels UK\" \/>\n<meta property=\"og:description\" content=\"Celebrate love with the Lotus Grace Engagement Ring by PureJewels. Featuring a 0.72ct GIA diamond in a lotus-inspired 18ct gold setting.\" \/>\n<meta property=\"og:url\" content=\"https:\/\/www.purejewels.com\/de\/produkt-2\/lotus-grace-diamant-verlobungsring-aus-18-kt-gold-52645\/\" \/>\n<meta property=\"og:site_name\" content=\"PureJewels UK\" \/>\n<meta property=\"article:modified_time\" content=\"2026-03-30T09:21:59+00:00\" \/>\n<meta property=\"og:image\" content=\"https:\/\/static.purejewels.com\/wp-content\/uploads\/2025\/08\/SKU-42995-47901-2.jpg\" \/>\n\t<meta property=\"og:image:width\" content=\"1000\" \/>\n\t<meta property=\"og:image:height\" content=\"1000\" \/>\n\t<meta property=\"og:image:type\" content=\"image\/jpeg\" \/>\n<meta name=\"twitter:card\" content=\"summary_large_image\" \/>\n<meta name=\"twitter:label1\" content=\"Gesch\u00e4tzte Lesezeit\" \/>\n\t<meta name=\"twitter:data1\" content=\"1\u00a0Minute\" \/>\n<script type=\"application\/ld+json\" class=\"yoast-schema-graph\">{\"@context\":\"https:\\\/\\\/schema.org\",\"@graph\":[{\"@type\":[\"WebPage\",\"ItemPage\"],\"@id\":\"https:\\\/\\\/www.purejewels.com\\\/product\\\/lotus-grace-diamond-engagement-ring-in-18ct-gold-52645\\\/\",\"url\":\"https:\\\/\\\/www.purejewels.com\\\/product\\\/lotus-grace-diamond-engagement-ring-in-18ct-gold-52645\\\/\",\"name\":\"Lotus Grace Diamond Engagement Ring | PureJewels UK\",\"isPartOf\":{\"@id\":\"https:\\\/\\\/www.purejewels.com\\\/#website\"},\"primaryImageOfPage\":{\"@id\":\"https:\\\/\\\/www.purejewels.com\\\/product\\\/lotus-grace-diamond-engagement-ring-in-18ct-gold-52645\\\/#primaryimage\"},\"image\":{\"@id\":\"https:\\\/\\\/www.purejewels.com\\\/product\\\/lotus-grace-diamond-engagement-ring-in-18ct-gold-52645\\\/#primaryimage\"},\"thumbnailUrl\":\"https:\\\/\\\/static.purejewels.com\\\/wp-content\\\/uploads\\\/2025\\\/08\\\/SKU-42995-47901-2.jpg\",\"datePublished\":\"2025-05-06T05:06:15+00:00\",\"dateModified\":\"2026-03-30T09:21:59+00:00\",\"description\":\"Celebrate love with the Lotus Grace Engagement Ring by PureJewels. Featuring a 0.72ct GIA diamond in a lotus-inspired 18ct gold setting.\",\"breadcrumb\":{\"@id\":\"https:\\\/\\\/www.purejewels.com\\\/product\\\/lotus-grace-diamond-engagement-ring-in-18ct-gold-52645\\\/#breadcrumb\"},\"inLanguage\":\"de\",\"potentialAction\":[{\"@type\":\"ReadAction\",\"target\":[\"https:\\\/\\\/www.purejewels.com\\\/product\\\/lotus-grace-diamond-engagement-ring-in-18ct-gold-52645\\\/\"]}]},{\"@type\":\"ImageObject\",\"inLanguage\":\"de\",\"@id\":\"https:\\\/\\\/www.purejewels.com\\\/product\\\/lotus-grace-diamond-engagement-ring-in-18ct-gold-52645\\\/#primaryimage\",\"url\":\"https:\\\/\\\/static.purejewels.com\\\/wp-content\\\/uploads\\\/2025\\\/08\\\/SKU-42995-47901-2.jpg\",\"contentUrl\":\"https:\\\/\\\/static.purejewels.com\\\/wp-content\\\/uploads\\\/2025\\\/08\\\/SKU-42995-47901-2.jpg\",\"width\":1000,\"height\":1000,\"caption\":\"Lotus Grace Diamond Engagement Ring in 18ct Gold\"},{\"@type\":\"BreadcrumbList\",\"@id\":\"https:\\\/\\\/www.purejewels.com\\\/product\\\/lotus-grace-diamond-engagement-ring-in-18ct-gold-52645\\\/#breadcrumb\",\"itemListElement\":[{\"@type\":\"ListItem\",\"position\":1,\"name\":\"Home\",\"item\":\"https:\\\/\\\/www.purejewels.com\\\/\"},{\"@type\":\"ListItem\",\"position\":2,\"name\":\"Shop\",\"item\":\"https:\\\/\\\/www.purejewels.com\\\/shop\\\/\"},{\"@type\":\"ListItem\",\"position\":3,\"name\":\"Lotus Bud Engagement Ring 0.72ct\"}]},{\"@type\":\"WebSite\",\"@id\":\"https:\\\/\\\/www.purejewels.com\\\/#website\",\"url\":\"https:\\\/\\\/www.purejewels.com\\\/\",\"name\":\"PureJewels UK\",\"description\":\"Share the Love\",\"publisher\":{\"@id\":\"https:\\\/\\\/www.purejewels.com\\\/#organization\"},\"potentialAction\":[{\"@type\":\"SearchAction\",\"target\":{\"@type\":\"EntryPoint\",\"urlTemplate\":\"https:\\\/\\\/www.purejewels.com\\\/?s={search_term_string}\"},\"query-input\":{\"@type\":\"PropertyValueSpecification\",\"valueRequired\":true,\"valueName\":\"search_term_string\"}}],\"inLanguage\":\"de\"},{\"@type\":\"Organization\",\"@id\":\"https:\\\/\\\/www.purejewels.com\\\/#organization\",\"name\":\"PureJewels UK\",\"url\":\"https:\\\/\\\/www.purejewels.com\\\/\",\"logo\":{\"@type\":\"ImageObject\",\"inLanguage\":\"de\",\"@id\":\"https:\\\/\\\/www.purejewels.com\\\/#\\\/schema\\\/logo\\\/image\\\/\",\"url\":\"https:\\\/\\\/static.purejewels.com\\\/wp-content\\\/uploads\\\/2020\\\/11\\\/Logo-PJ-New-1.png\",\"contentUrl\":\"https:\\\/\\\/static.purejewels.com\\\/wp-content\\\/uploads\\\/2020\\\/11\\\/Logo-PJ-New-1.png\",\"width\":150,\"height\":80,\"caption\":\"PureJewels UK\"},\"image\":{\"@id\":\"https:\\\/\\\/www.purejewels.com\\\/#\\\/schema\\\/logo\\\/image\\\/\"}}]}<\/script>\n<!-- \/ Yoast SEO plugin. -->","yoast_head_json":{"title":"Lotus Grace Diamant Verlobungsring | PureJewels UK","description":"Feiern Sie die Liebe mit dem Lotus Grace Verlobungsring von PureJewels. Ausgestattet mit einem 0,72ct GIA Diamant in einer Lotus-inspirierten 18ct Goldfassung.","robots":{"index":"index","follow":"follow","max-snippet":"max-snippet:-1","max-image-preview":"max-image-preview:large","max-video-preview":"max-video-preview:-1"},"canonical":"https:\/\/www.purejewels.com\/de\/produkt-2\/lotus-grace-diamant-verlobungsring-aus-18-kt-gold-52645\/","og_locale":"de_DE","og_type":"article","og_title":"Lotus Grace Diamond Engagement Ring | PureJewels UK","og_description":"Celebrate love with the Lotus Grace Engagement Ring by PureJewels. Featuring a 0.72ct GIA diamond in a lotus-inspired 18ct gold setting.","og_url":"https:\/\/www.purejewels.com\/de\/produkt-2\/lotus-grace-diamant-verlobungsring-aus-18-kt-gold-52645\/","og_site_name":"PureJewels UK","article_modified_time":"2026-03-30T09:21:59+00:00","og_image":[{"width":1000,"height":1000,"url":"https:\/\/static.purejewels.com\/wp-content\/uploads\/2025\/08\/SKU-42995-47901-2.jpg","type":"image\/jpeg"}],"twitter_card":"summary_large_image","twitter_misc":{"Gesch\u00e4tzte Lesezeit":"1\u00a0Minute"},"schema":{"@context":"https:\/\/schema.org","@graph":[{"@type":["WebPage","ItemPage"],"@id":"https:\/\/www.purejewels.com\/product\/lotus-grace-diamond-engagement-ring-in-18ct-gold-52645\/","url":"https:\/\/www.purejewels.com\/product\/lotus-grace-diamond-engagement-ring-in-18ct-gold-52645\/","name":"Lotus Grace Diamant Verlobungsring | PureJewels UK","isPartOf":{"@id":"https:\/\/www.purejewels.com\/#website"},"primaryImageOfPage":{"@id":"https:\/\/www.purejewels.com\/product\/lotus-grace-diamond-engagement-ring-in-18ct-gold-52645\/#primaryimage"},"image":{"@id":"https:\/\/www.purejewels.com\/product\/lotus-grace-diamond-engagement-ring-in-18ct-gold-52645\/#primaryimage"},"thumbnailUrl":"https:\/\/static.purejewels.com\/wp-content\/uploads\/2025\/08\/SKU-42995-47901-2.jpg","datePublished":"2025-05-06T05:06:15+00:00","dateModified":"2026-03-30T09:21:59+00:00","description":"Feiern Sie die Liebe mit dem Lotus Grace Verlobungsring von PureJewels. Ausgestattet mit einem 0,72ct GIA Diamant in einer Lotus-inspirierten 18ct Goldfassung.","breadcrumb":{"@id":"https:\/\/www.purejewels.com\/product\/lotus-grace-diamond-engagement-ring-in-18ct-gold-52645\/#breadcrumb"},"inLanguage":"de","potentialAction":[{"@type":"ReadAction","target":["https:\/\/www.purejewels.com\/product\/lotus-grace-diamond-engagement-ring-in-18ct-gold-52645\/"]}]},{"@type":"ImageObject","inLanguage":"de","@id":"https:\/\/www.purejewels.com\/product\/lotus-grace-diamond-engagement-ring-in-18ct-gold-52645\/#primaryimage","url":"https:\/\/static.purejewels.com\/wp-content\/uploads\/2025\/08\/SKU-42995-47901-2.jpg","contentUrl":"https:\/\/static.purejewels.com\/wp-content\/uploads\/2025\/08\/SKU-42995-47901-2.jpg","width":1000,"height":1000,"caption":"Lotus Grace Diamond Engagement Ring in 18ct Gold"},{"@type":"BreadcrumbList","@id":"https:\/\/www.purejewels.com\/product\/lotus-grace-diamond-engagement-ring-in-18ct-gold-52645\/#breadcrumb","itemListElement":[{"@type":"ListItem","position":1,"name":"Home","item":"https:\/\/www.purejewels.com\/"},{"@type":"ListItem","position":2,"name":"Shop","item":"https:\/\/www.purejewels.com\/shop\/"},{"@type":"ListItem","position":3,"name":"Lotus Bud Engagement Ring 0.72ct"}]},{"@type":"WebSite","@id":"https:\/\/www.purejewels.com\/#website","url":"https:\/\/www.purejewels.com\/","name":"PureJewels UK","description":"Teile die Liebe","publisher":{"@id":"https:\/\/www.purejewels.com\/#organization"},"potentialAction":[{"@type":"SearchAction","target":{"@type":"EntryPoint","urlTemplate":"https:\/\/www.purejewels.com\/?s={search_term_string}"},"query-input":{"@type":"PropertyValueSpecification","valueRequired":true,"valueName":"search_term_string"}}],"inLanguage":"de"},{"@type":"Organization","@id":"https:\/\/www.purejewels.com\/#organization","name":"PureJewels UK","url":"https:\/\/www.purejewels.com\/","logo":{"@type":"ImageObject","inLanguage":"de","@id":"https:\/\/www.purejewels.com\/#\/schema\/logo\/image\/","url":"https:\/\/static.purejewels.com\/wp-content\/uploads\/2020\/11\/Logo-PJ-New-1.png","contentUrl":"https:\/\/static.purejewels.com\/wp-content\/uploads\/2020\/11\/Logo-PJ-New-1.png","width":150,"height":80,"caption":"PureJewels UK"},"image":{"@id":"https:\/\/www.purejewels.com\/#\/schema\/logo\/image\/"}}]}},"_links":{"self":[{"href":"https:\/\/www.purejewels.com\/de\/wp-json\/wp\/v2\/product\/409578","targetHints":{"allow":["GET"]}}],"collection":[{"href":"https:\/\/www.purejewels.com\/de\/wp-json\/wp\/v2\/product"}],"about":[{"href":"https:\/\/www.purejewels.com\/de\/wp-json\/wp\/v2\/types\/product"}],"replies":[{"embeddable":true,"href":"https:\/\/www.purejewels.com\/de\/wp-json\/wp\/v2\/comments?post=409578"}],"version-history":[{"count":5,"href":"https:\/\/www.purejewels.com\/de\/wp-json\/wp\/v2\/product\/409578\/revisions"}],"predecessor-version":[{"id":427801,"href":"https:\/\/www.purejewels.com\/de\/wp-json\/wp\/v2\/product\/409578\/revisions\/427801"}],"wp:featuredmedia":[{"embeddable":true,"href":"https:\/\/www.purejewels.com\/de\/wp-json\/wp\/v2\/media\/409579"}],"wp:attachment":[{"href":"https:\/\/www.purejewels.com\/de\/wp-json\/wp\/v2\/media?parent=409578"}],"wp:term":[{"taxonomy":"product_brand","embeddable":true,"href":"https:\/\/www.purejewels.com\/de\/wp-json\/wp\/v2\/product_brand?post=409578"},{"taxonomy":"product_cat","embeddable":true,"href":"https:\/\/www.purejewels.com\/de\/wp-json\/wp\/v2\/product_cat?post=409578"},{"taxonomy":"product_tag","embeddable":true,"href":"https:\/\/www.purejewels.com\/de\/wp-json\/wp\/v2\/product_tag?post=409578"}],"curies":[{"name":"wp","href":"https:\/\/api.w.org\/{rel}","templated":true}]}}