{"id":409586,"date":"2025-07-25T06:35:09","date_gmt":"2025-07-25T05:35:09","guid":{"rendered":"https:\/\/www.purejewels.com\/?post_type=product&#038;p=409586"},"modified":"2026-01-07T10:40:46","modified_gmt":"2026-01-07T10:40:46","slug":"diamant-mangalsutra-18ct-weisgold-18zoll-48640","status":"publish","type":"product","link":"https:\/\/www.purejewels.com\/de\/product\/diamond-mangalsutra-18ct-white-gold-18inches-48640\/","title":{"rendered":"Diamant-Mangalsutra 18ct Wei\u00dfgold | 18 Zentimeter"},"content":{"rendered":"<p data-start=\"802\" data-end=\"985\">Ein Fest der Liebe, der Anmut und des Erbes - diese <strong data-start=\"852\" data-end=\"891\">18ct Wei\u00dfgold Diamant Mangalsutra<\/strong> ist ein exquisites Design f\u00fcr die Frau von heute, die Tradition mit modernem Flair verbindet.<\/p>\n<p data-start=\"987\" data-end=\"1273\">Sein Herzst\u00fcck ist ein strahlender <strong data-start=\"1015\" data-end=\"1045\">0,20-Karat-Diamanten-Cluster<\/strong>Das runde Halo-Design symbolisiert Einheit und ewige Hingabe. In leuchtendem Wei\u00dfgold gefasst und mit Rhodium veredelt, reflektiert das Schmuckst\u00fcck das Licht mit subtiler Brillanz und bewahrt gleichzeitig Best\u00e4ndigkeit und Raffinesse.<\/p>\n<p data-start=\"1275\" data-end=\"1538\">Die klassische schwarze Perlenkette des Mangalsutra wird durch den Glanz von Diamanten fein ausbalanciert, wodurch ein bedeutungsvolles und zugleich m\u00fchelos elegantes Schmuckst\u00fcck entsteht. Ideal f\u00fcr das t\u00e4gliche Tragen oder feierliche Momente, dient es als zeitloses Emblem der Liebe und Tradition.<\/p>\n<p data-start=\"1540\" data-end=\"1668\">Jede Kreation von PureJewels wird mit gro\u00dfer Ehrfurcht vor der Handwerkskunst und Ihrer einzigartigen Reise hergestellt - und dieses St\u00fcck ist da keine Ausnahme.<\/p>","protected":false},"excerpt":{"rendered":"<p>Anmutig und strahlend pr\u00e4sentiert sich diese Mangalsutra aus 18 Karat Wei\u00dfgold mit einem 0,20-Karat-Diamantencluster in einem Halo-Kreis-Motiv. Ein modernes Erbst\u00fcck in zeitlosem Stil.<\/p>\n<p><strong>Material:<\/strong> 18ct Wei\u00dfgold<br \/>\n<strong>Wahrzeichen:<\/strong>\u00a0Britisches G\u00fctesiegel<br \/>\n<strong>Bruttogewicht:\u00a0<\/strong> 5,05 Gramm<br \/>\n<strong>L\u00e4nge:<\/strong> 18 Zoll<br \/>\n<strong>SKU:<\/strong> 48640<br \/>\n<b>Beenden:\u00a0<\/b>Rhodium<br \/>\n<b>Gewicht des nat\u00fcrlichen Diamanten:\u00a0<\/b>0,20ct<br \/>\n<b>Stein:\u00a0<\/b>Diamant<br \/>\n<b>Farbe des Diamanten: <\/b>G<br \/>\n<b>Diamant-Reinheit:\u00a0<\/b>VVS - sehr sehr kleine Einschl\u00fcsse<br \/>\n<strong>Wird mit Zertifikat geliefert:<\/strong> Ja<\/p>\n<p><strong>Preis und Lieferung:\u00a0<\/strong>Inklusive Mehrwertsteuer und Lieferkosten<strong><br \/>\n<a href=\"https:\/\/www.purejewels.com\/de\/ruckgabepolitik\/\">R\u00fcckgabepolitik<\/a><\/strong><\/p>","protected":false},"featured_media":409590,"comment_status":"closed","ping_status":"closed","template":"","meta":{"_eb_attr":"","_crsspst_to_jayantr4sg-hostcom":true},"product_brand":[],"product_cat":[5679,6087,1791,1559,1775,5457,5461,1793,1284,1776,1573],"product_tag":[],"class_list":{"0":"post-409586","1":"product","2":"type-product","3":"status-publish","4":"has-post-thumbnail","6":"product_cat-18ct-gold-jewellery","7":"product_cat-18ct-gold-managlsutra","8":"product_cat-anniversary-gifts","9":"product_cat-birthday-gifts","10":"product_cat-daily-wear-mangalsutras","11":"product_cat-diamond-jewellery","12":"product_cat-diamond-mangalsutras","13":"product_cat-diwali-gifts","14":"product_cat-gold-mangalsutras","15":"product_cat-occasional-wear-mangalsutras","16":"product_cat-wedding-gifts","18":"first","19":"instock","20":"taxable","21":"shipping-taxable","22":"purchasable","23":"product-type-simple","24":"add-to-wishlist-before_image"},"yoast_head":"<!-- This site is optimized with the Yoast SEO plugin v27.3 - https:\/\/yoast.com\/product\/yoast-seo-wordpress\/ -->\n<title>18ct White Gold Diamond Mangalsutra | 0.20ct | PureJewels<\/title>\n<meta name=\"description\" content=\"Discover elegance with our 18ct white gold mangalsutra featuring 0.20ct diamonds. Symbolic, graceful, and crafted with heritage precision. A PureJewels classic.\" \/>\n<meta name=\"robots\" content=\"index, follow, max-snippet:-1, max-image-preview:large, max-video-preview:-1\" \/>\n<link rel=\"canonical\" href=\"https:\/\/www.purejewels.com\/de\/produkt-2\/diamant-mangalsutra-18ct-weisgold-18zoll-48640\/\" \/>\n<meta property=\"og:locale\" content=\"de_DE\" \/>\n<meta property=\"og:type\" content=\"article\" \/>\n<meta property=\"og:title\" content=\"18ct White Gold Diamond Mangalsutra | 0.20ct | PureJewels\" \/>\n<meta property=\"og:description\" content=\"Discover elegance with our 18ct white gold mangalsutra featuring 0.20ct diamonds. Symbolic, graceful, and crafted with heritage precision. A PureJewels classic.\" \/>\n<meta property=\"og:url\" content=\"https:\/\/www.purejewels.com\/de\/produkt-2\/diamant-mangalsutra-18ct-weisgold-18zoll-48640\/\" \/>\n<meta property=\"og:site_name\" content=\"PureJewels UK\" \/>\n<meta property=\"article:modified_time\" content=\"2026-01-07T10:40:46+00:00\" \/>\n<meta property=\"og:image\" content=\"https:\/\/www.purejewels.com\/wp-content\/uploads\/2025\/08\/SKU-48640-1.jpg\" \/>\n\t<meta property=\"og:image:width\" content=\"1000\" \/>\n\t<meta property=\"og:image:height\" content=\"1000\" \/>\n\t<meta property=\"og:image:type\" content=\"image\/jpeg\" \/>\n<meta name=\"twitter:card\" content=\"summary_large_image\" \/>\n<meta name=\"twitter:label1\" content=\"Gesch\u00e4tzte Lesezeit\" \/>\n\t<meta name=\"twitter:data1\" content=\"1\u00a0Minute\" \/>\n<script type=\"application\/ld+json\" class=\"yoast-schema-graph\">{\"@context\":\"https:\\\/\\\/schema.org\",\"@graph\":[{\"@type\":[\"WebPage\",\"ItemPage\"],\"@id\":\"https:\\\/\\\/www.purejewels.com\\\/product\\\/diamond-mangalsutra-18ct-white-gold-18inches-48640\\\/\",\"url\":\"https:\\\/\\\/www.purejewels.com\\\/product\\\/diamond-mangalsutra-18ct-white-gold-18inches-48640\\\/\",\"name\":\"18ct White Gold Diamond Mangalsutra | 0.20ct | PureJewels\",\"isPartOf\":{\"@id\":\"https:\\\/\\\/www.purejewels.com\\\/#website\"},\"primaryImageOfPage\":{\"@id\":\"https:\\\/\\\/www.purejewels.com\\\/product\\\/diamond-mangalsutra-18ct-white-gold-18inches-48640\\\/#primaryimage\"},\"image\":{\"@id\":\"https:\\\/\\\/www.purejewels.com\\\/product\\\/diamond-mangalsutra-18ct-white-gold-18inches-48640\\\/#primaryimage\"},\"thumbnailUrl\":\"https:\\\/\\\/static.purejewels.com\\\/wp-content\\\/uploads\\\/2025\\\/08\\\/SKU-48640-1.jpg\",\"datePublished\":\"2025-07-25T05:35:09+00:00\",\"dateModified\":\"2026-01-07T10:40:46+00:00\",\"description\":\"Discover elegance with our 18ct white gold mangalsutra featuring 0.20ct diamonds. Symbolic, graceful, and crafted with heritage precision. A PureJewels classic.\",\"breadcrumb\":{\"@id\":\"https:\\\/\\\/www.purejewels.com\\\/product\\\/diamond-mangalsutra-18ct-white-gold-18inches-48640\\\/#breadcrumb\"},\"inLanguage\":\"de\",\"potentialAction\":[{\"@type\":\"ReadAction\",\"target\":[\"https:\\\/\\\/www.purejewels.com\\\/product\\\/diamond-mangalsutra-18ct-white-gold-18inches-48640\\\/\"]}]},{\"@type\":\"ImageObject\",\"inLanguage\":\"de\",\"@id\":\"https:\\\/\\\/www.purejewels.com\\\/product\\\/diamond-mangalsutra-18ct-white-gold-18inches-48640\\\/#primaryimage\",\"url\":\"https:\\\/\\\/static.purejewels.com\\\/wp-content\\\/uploads\\\/2025\\\/08\\\/SKU-48640-1.jpg\",\"contentUrl\":\"https:\\\/\\\/static.purejewels.com\\\/wp-content\\\/uploads\\\/2025\\\/08\\\/SKU-48640-1.jpg\",\"width\":1000,\"height\":1000,\"caption\":\"Stacked from 6 images. Method=B (R=8,S=4)\"},{\"@type\":\"BreadcrumbList\",\"@id\":\"https:\\\/\\\/www.purejewels.com\\\/product\\\/diamond-mangalsutra-18ct-white-gold-18inches-48640\\\/#breadcrumb\",\"itemListElement\":[{\"@type\":\"ListItem\",\"position\":1,\"name\":\"Home\",\"item\":\"https:\\\/\\\/www.purejewels.com\\\/\"},{\"@type\":\"ListItem\",\"position\":2,\"name\":\"Shop\",\"item\":\"https:\\\/\\\/www.purejewels.com\\\/shop\\\/\"},{\"@type\":\"ListItem\",\"position\":3,\"name\":\"Diamond Mangalsutra 18ct White Gold | 18 Inches\"}]},{\"@type\":\"WebSite\",\"@id\":\"https:\\\/\\\/www.purejewels.com\\\/#website\",\"url\":\"https:\\\/\\\/www.purejewels.com\\\/\",\"name\":\"PureJewels UK\",\"description\":\"Share the Love\",\"publisher\":{\"@id\":\"https:\\\/\\\/www.purejewels.com\\\/#organization\"},\"potentialAction\":[{\"@type\":\"SearchAction\",\"target\":{\"@type\":\"EntryPoint\",\"urlTemplate\":\"https:\\\/\\\/www.purejewels.com\\\/?s={search_term_string}\"},\"query-input\":{\"@type\":\"PropertyValueSpecification\",\"valueRequired\":true,\"valueName\":\"search_term_string\"}}],\"inLanguage\":\"de\"},{\"@type\":\"Organization\",\"@id\":\"https:\\\/\\\/www.purejewels.com\\\/#organization\",\"name\":\"PureJewels UK\",\"url\":\"https:\\\/\\\/www.purejewels.com\\\/\",\"logo\":{\"@type\":\"ImageObject\",\"inLanguage\":\"de\",\"@id\":\"https:\\\/\\\/www.purejewels.com\\\/#\\\/schema\\\/logo\\\/image\\\/\",\"url\":\"https:\\\/\\\/static.purejewels.com\\\/wp-content\\\/uploads\\\/2020\\\/11\\\/Logo-PJ-New-1.png\",\"contentUrl\":\"https:\\\/\\\/static.purejewels.com\\\/wp-content\\\/uploads\\\/2020\\\/11\\\/Logo-PJ-New-1.png\",\"width\":150,\"height\":80,\"caption\":\"PureJewels UK\"},\"image\":{\"@id\":\"https:\\\/\\\/www.purejewels.com\\\/#\\\/schema\\\/logo\\\/image\\\/\"}}]}<\/script>\n<!-- \/ Yoast SEO plugin. -->","yoast_head_json":{"title":"18ct Wei\u00dfgold Diamant Mangalsutra | 0.20ct | PureJewels","description":"Entdecken Sie Eleganz mit unserer Mangalsutra aus 18 Karat Wei\u00dfgold mit 0,20 Karat Diamanten. Symbolisch, anmutig und mit traditioneller Pr\u00e4zision gefertigt. Ein PureJewels-Klassiker.","robots":{"index":"index","follow":"follow","max-snippet":"max-snippet:-1","max-image-preview":"max-image-preview:large","max-video-preview":"max-video-preview:-1"},"canonical":"https:\/\/www.purejewels.com\/de\/produkt-2\/diamant-mangalsutra-18ct-weisgold-18zoll-48640\/","og_locale":"de_DE","og_type":"article","og_title":"18ct White Gold Diamond Mangalsutra | 0.20ct | PureJewels","og_description":"Discover elegance with our 18ct white gold mangalsutra featuring 0.20ct diamonds. Symbolic, graceful, and crafted with heritage precision. A PureJewels classic.","og_url":"https:\/\/www.purejewels.com\/de\/produkt-2\/diamant-mangalsutra-18ct-weisgold-18zoll-48640\/","og_site_name":"PureJewels UK","article_modified_time":"2026-01-07T10:40:46+00:00","og_image":[{"width":1000,"height":1000,"url":"https:\/\/www.purejewels.com\/wp-content\/uploads\/2025\/08\/SKU-48640-1.jpg","type":"image\/jpeg"}],"twitter_card":"summary_large_image","twitter_misc":{"Gesch\u00e4tzte Lesezeit":"1\u00a0Minute"},"schema":{"@context":"https:\/\/schema.org","@graph":[{"@type":["WebPage","ItemPage"],"@id":"https:\/\/www.purejewels.com\/product\/diamond-mangalsutra-18ct-white-gold-18inches-48640\/","url":"https:\/\/www.purejewels.com\/product\/diamond-mangalsutra-18ct-white-gold-18inches-48640\/","name":"18ct Wei\u00dfgold Diamant Mangalsutra | 0.20ct | PureJewels","isPartOf":{"@id":"https:\/\/www.purejewels.com\/#website"},"primaryImageOfPage":{"@id":"https:\/\/www.purejewels.com\/product\/diamond-mangalsutra-18ct-white-gold-18inches-48640\/#primaryimage"},"image":{"@id":"https:\/\/www.purejewels.com\/product\/diamond-mangalsutra-18ct-white-gold-18inches-48640\/#primaryimage"},"thumbnailUrl":"https:\/\/static.purejewels.com\/wp-content\/uploads\/2025\/08\/SKU-48640-1.jpg","datePublished":"2025-07-25T05:35:09+00:00","dateModified":"2026-01-07T10:40:46+00:00","description":"Entdecken Sie Eleganz mit unserer Mangalsutra aus 18 Karat Wei\u00dfgold mit 0,20 Karat Diamanten. Symbolisch, anmutig und mit traditioneller Pr\u00e4zision gefertigt. Ein PureJewels-Klassiker.","breadcrumb":{"@id":"https:\/\/www.purejewels.com\/product\/diamond-mangalsutra-18ct-white-gold-18inches-48640\/#breadcrumb"},"inLanguage":"de","potentialAction":[{"@type":"ReadAction","target":["https:\/\/www.purejewels.com\/product\/diamond-mangalsutra-18ct-white-gold-18inches-48640\/"]}]},{"@type":"ImageObject","inLanguage":"de","@id":"https:\/\/www.purejewels.com\/product\/diamond-mangalsutra-18ct-white-gold-18inches-48640\/#primaryimage","url":"https:\/\/static.purejewels.com\/wp-content\/uploads\/2025\/08\/SKU-48640-1.jpg","contentUrl":"https:\/\/static.purejewels.com\/wp-content\/uploads\/2025\/08\/SKU-48640-1.jpg","width":1000,"height":1000,"caption":"Stacked from 6 images. Method=B (R=8,S=4)"},{"@type":"BreadcrumbList","@id":"https:\/\/www.purejewels.com\/product\/diamond-mangalsutra-18ct-white-gold-18inches-48640\/#breadcrumb","itemListElement":[{"@type":"ListItem","position":1,"name":"Home","item":"https:\/\/www.purejewels.com\/"},{"@type":"ListItem","position":2,"name":"Shop","item":"https:\/\/www.purejewels.com\/shop\/"},{"@type":"ListItem","position":3,"name":"Diamond Mangalsutra 18ct White Gold | 18 Inches"}]},{"@type":"WebSite","@id":"https:\/\/www.purejewels.com\/#website","url":"https:\/\/www.purejewels.com\/","name":"PureJewels UK","description":"Teile die Liebe","publisher":{"@id":"https:\/\/www.purejewels.com\/#organization"},"potentialAction":[{"@type":"SearchAction","target":{"@type":"EntryPoint","urlTemplate":"https:\/\/www.purejewels.com\/?s={search_term_string}"},"query-input":{"@type":"PropertyValueSpecification","valueRequired":true,"valueName":"search_term_string"}}],"inLanguage":"de"},{"@type":"Organization","@id":"https:\/\/www.purejewels.com\/#organization","name":"PureJewels UK","url":"https:\/\/www.purejewels.com\/","logo":{"@type":"ImageObject","inLanguage":"de","@id":"https:\/\/www.purejewels.com\/#\/schema\/logo\/image\/","url":"https:\/\/static.purejewels.com\/wp-content\/uploads\/2020\/11\/Logo-PJ-New-1.png","contentUrl":"https:\/\/static.purejewels.com\/wp-content\/uploads\/2020\/11\/Logo-PJ-New-1.png","width":150,"height":80,"caption":"PureJewels UK"},"image":{"@id":"https:\/\/www.purejewels.com\/#\/schema\/logo\/image\/"}}]}},"_links":{"self":[{"href":"https:\/\/www.purejewels.com\/de\/wp-json\/wp\/v2\/product\/409586","targetHints":{"allow":["GET"]}}],"collection":[{"href":"https:\/\/www.purejewels.com\/de\/wp-json\/wp\/v2\/product"}],"about":[{"href":"https:\/\/www.purejewels.com\/de\/wp-json\/wp\/v2\/types\/product"}],"replies":[{"embeddable":true,"href":"https:\/\/www.purejewels.com\/de\/wp-json\/wp\/v2\/comments?post=409586"}],"version-history":[{"count":4,"href":"https:\/\/www.purejewels.com\/de\/wp-json\/wp\/v2\/product\/409586\/revisions"}],"predecessor-version":[{"id":410208,"href":"https:\/\/www.purejewels.com\/de\/wp-json\/wp\/v2\/product\/409586\/revisions\/410208"}],"wp:featuredmedia":[{"embeddable":true,"href":"https:\/\/www.purejewels.com\/de\/wp-json\/wp\/v2\/media\/409590"}],"wp:attachment":[{"href":"https:\/\/www.purejewels.com\/de\/wp-json\/wp\/v2\/media?parent=409586"}],"wp:term":[{"taxonomy":"product_brand","embeddable":true,"href":"https:\/\/www.purejewels.com\/de\/wp-json\/wp\/v2\/product_brand?post=409586"},{"taxonomy":"product_cat","embeddable":true,"href":"https:\/\/www.purejewels.com\/de\/wp-json\/wp\/v2\/product_cat?post=409586"},{"taxonomy":"product_tag","embeddable":true,"href":"https:\/\/www.purejewels.com\/de\/wp-json\/wp\/v2\/product_tag?post=409586"}],"curies":[{"name":"wp","href":"https:\/\/api.w.org\/{rel}","templated":true}]}}