{"id":409598,"date":"2025-07-28T06:49:51","date_gmt":"2025-07-28T05:49:51","guid":{"rendered":"https:\/\/www.purejewels.com\/?post_type=product&#038;p=409598"},"modified":"2026-01-07T10:40:46","modified_gmt":"2026-01-07T10:40:46","slug":"18ct-gelbgold-diamant-mangalsutra-18-zoll-48636","status":"publish","type":"product","link":"https:\/\/www.purejewels.com\/de\/product\/18ct-yellow-gold-diamond-mangalsutra-18-inches-48636\/","title":{"rendered":"18ct Gelbgold Diamant Mangalsutra | 18 Zentimeter"},"content":{"rendered":"<p data-start=\"796\" data-end=\"974\">Ein raffiniertes Symbol der ewigen Vereinigung, das <strong data-start=\"836\" data-end=\"876\">18ct Gelbgold Diamant Mangalsutra<\/strong> ist eine harmonische Mischung aus historischem Erbe und zeitgen\u00f6ssischer Eleganz, die mit Sorgfalt von <strong data-start=\"959\" data-end=\"973\">PureJewels<\/strong>.<\/p>\n<p data-start=\"976\" data-end=\"1331\">An einer traditionellen schwarzen Perlenkette aufgeh\u00e4ngt, zeigt der Anh\u00e4nger ein <strong data-start=\"1047\" data-end=\"1107\">brillantes Kreismotiv gepaart mit einer anmutigen Tr\u00e4ne<\/strong>, beide geschm\u00fcckt mit <strong data-start=\"1127\" data-end=\"1165\">0,27ct funkelnde runde Diamanten<\/strong>. Jeder Diamant ist so pr\u00e4zise gefasst, dass er bei jeder Bewegung das Licht einf\u00e4ngt, w\u00e4hrend das warme Gl\u00fchen der <strong data-start=\"1258\" data-end=\"1278\">18 Karat Gelbgold<\/strong> bietet einen reichen Kontrast, der die Brillanz verst\u00e4rkt.<\/p>\n<p data-start=\"1333\" data-end=\"1596\">Messung <strong data-start=\"1343\" data-end=\"1356\">18 Zoll<\/strong> Mit seiner L\u00e4nge sitzt das Schmuckst\u00fcck perfekt am Dekollet\u00e9 und eignet sich sowohl f\u00fcr feierliche Anl\u00e4sse als auch f\u00fcr den Alltag. Mit seinem bedeutungsvollen Design und seiner zeitlosen Anziehungskraft ist dieses Mangalsutra mehr als ein Schmuckst\u00fcck - es ist ein Kapitel in Ihrer Geschichte.<\/p>","protected":false},"excerpt":{"rendered":"<p>Eine leuchtende Mangalsutra aus 18 Karat Gelbgold mit 0,27 Karat Brillanten in einer Tropfen- und Halo-Anordnung. Eleganz mit Tradition.<\/p>\n<p><strong>Material:<\/strong> 18ct Gelbgold<br \/>\n<strong>Wahrzeichen:<\/strong>\u00a0Britisches G\u00fctesiegel<br \/>\n<strong>Bruttogewicht:\u00a0<\/strong> 5,2 Gms<br \/>\n<strong>L\u00e4nge:<\/strong>\u00a018 Zoll<br \/>\n<strong>SKU:<\/strong> 48636<br \/>\n<b>Gewicht des nat\u00fcrlichen Diamanten: <\/b>0,27ct<br \/>\n<b>Stein:\u00a0<\/b>Diamant<br \/>\n<b>Farbe des Diamanten:\u00a0<\/b>G<br \/>\n<b>Diamant-Reinheit:\u00a0<\/b>VVS - sehr sehr kleine Einschl\u00fcsse<br \/>\n<strong>Wird mit Zertifikat geliefert:<\/strong>\u00a0Ja<\/p>\n<p><strong>Preis und Lieferung:\u00a0<\/strong>Inklusive Mehrwertsteuer und Lieferkosten<strong><br \/>\n<a href=\"https:\/\/www.purejewels.com\/de\/ruckgabepolitik\/\">R\u00fcckgabepolitik<\/a><\/strong><\/p>","protected":false},"featured_media":409645,"comment_status":"closed","ping_status":"closed","template":"","meta":{"_eb_attr":"","_crsspst_to_jayantr4sg-hostcom":true},"product_brand":[],"product_cat":[5679,6087,1791,1559,1775,5457,5461,1793,1284,1776,1573],"product_tag":[],"class_list":{"0":"post-409598","1":"product","2":"type-product","3":"status-publish","4":"has-post-thumbnail","6":"product_cat-18ct-gold-jewellery","7":"product_cat-18ct-gold-managlsutra","8":"product_cat-anniversary-gifts","9":"product_cat-birthday-gifts","10":"product_cat-daily-wear-mangalsutras","11":"product_cat-diamond-jewellery","12":"product_cat-diamond-mangalsutras","13":"product_cat-diwali-gifts","14":"product_cat-gold-mangalsutras","15":"product_cat-occasional-wear-mangalsutras","16":"product_cat-wedding-gifts","18":"first","19":"instock","20":"taxable","21":"shipping-taxable","22":"purchasable","23":"product-type-simple","24":"add-to-wishlist-before_image"},"yoast_head":"<!-- This site is optimized with the Yoast SEO plugin v27.5 - https:\/\/yoast.com\/product\/yoast-seo-wordpress\/ -->\n<title>18ct Yellow Gold Diamond Mangalsutra | 0.27ct | PureJewels<\/title>\n<meta name=\"description\" content=\"Gracefully crafted in 18ct yellow gold, this PureJewels mangalsutra features 0.27ct of brilliant diamonds in a drop and circle design. Elegant, symbolic, timeless.\" \/>\n<meta name=\"robots\" content=\"index, follow, max-snippet:-1, max-image-preview:large, max-video-preview:-1\" \/>\n<link rel=\"canonical\" href=\"https:\/\/www.purejewels.com\/de\/produkt-2\/18ct-gelbgold-diamant-mangalsutra-18-zoll-48636\/\" \/>\n<meta property=\"og:locale\" content=\"de_DE\" \/>\n<meta property=\"og:type\" content=\"article\" \/>\n<meta property=\"og:title\" content=\"18ct Yellow Gold Diamond Mangalsutra | 0.27ct | PureJewels\" \/>\n<meta property=\"og:description\" content=\"Gracefully crafted in 18ct yellow gold, this PureJewels mangalsutra features 0.27ct of brilliant diamonds in a drop and circle design. Elegant, symbolic, timeless.\" \/>\n<meta property=\"og:url\" content=\"https:\/\/www.purejewels.com\/de\/produkt-2\/18ct-gelbgold-diamant-mangalsutra-18-zoll-48636\/\" \/>\n<meta property=\"og:site_name\" content=\"PureJewels UK\" \/>\n<meta property=\"article:modified_time\" content=\"2026-01-07T10:40:46+00:00\" \/>\n<meta property=\"og:image\" content=\"https:\/\/www.purejewels.com\/wp-content\/uploads\/2025\/08\/SKU-48636.jpg\" \/>\n\t<meta property=\"og:image:width\" content=\"1000\" \/>\n\t<meta property=\"og:image:height\" content=\"1000\" \/>\n\t<meta property=\"og:image:type\" content=\"image\/jpeg\" \/>\n<meta name=\"twitter:card\" content=\"summary_large_image\" \/>\n<meta name=\"twitter:label1\" content=\"Gesch\u00e4tzte Lesezeit\" \/>\n\t<meta name=\"twitter:data1\" content=\"1\u00a0Minute\" \/>\n<script type=\"application\/ld+json\" class=\"yoast-schema-graph\">{\"@context\":\"https:\\\/\\\/schema.org\",\"@graph\":[{\"@type\":[\"WebPage\",\"ItemPage\"],\"@id\":\"https:\\\/\\\/www.purejewels.com\\\/product\\\/18ct-yellow-gold-diamond-mangalsutra-18-inches-48636\\\/\",\"url\":\"https:\\\/\\\/www.purejewels.com\\\/product\\\/18ct-yellow-gold-diamond-mangalsutra-18-inches-48636\\\/\",\"name\":\"18ct Yellow Gold Diamond Mangalsutra | 0.27ct | PureJewels\",\"isPartOf\":{\"@id\":\"https:\\\/\\\/www.purejewels.com\\\/#website\"},\"primaryImageOfPage\":{\"@id\":\"https:\\\/\\\/www.purejewels.com\\\/product\\\/18ct-yellow-gold-diamond-mangalsutra-18-inches-48636\\\/#primaryimage\"},\"image\":{\"@id\":\"https:\\\/\\\/www.purejewels.com\\\/product\\\/18ct-yellow-gold-diamond-mangalsutra-18-inches-48636\\\/#primaryimage\"},\"thumbnailUrl\":\"https:\\\/\\\/static.purejewels.com\\\/wp-content\\\/uploads\\\/2025\\\/08\\\/SKU-48636.jpg\",\"datePublished\":\"2025-07-28T05:49:51+00:00\",\"dateModified\":\"2026-01-07T10:40:46+00:00\",\"description\":\"Gracefully crafted in 18ct yellow gold, this PureJewels mangalsutra features 0.27ct of brilliant diamonds in a drop and circle design. Elegant, symbolic, timeless.\",\"breadcrumb\":{\"@id\":\"https:\\\/\\\/www.purejewels.com\\\/product\\\/18ct-yellow-gold-diamond-mangalsutra-18-inches-48636\\\/#breadcrumb\"},\"inLanguage\":\"de\",\"potentialAction\":[{\"@type\":\"ReadAction\",\"target\":[\"https:\\\/\\\/www.purejewels.com\\\/product\\\/18ct-yellow-gold-diamond-mangalsutra-18-inches-48636\\\/\"]}]},{\"@type\":\"ImageObject\",\"inLanguage\":\"de\",\"@id\":\"https:\\\/\\\/www.purejewels.com\\\/product\\\/18ct-yellow-gold-diamond-mangalsutra-18-inches-48636\\\/#primaryimage\",\"url\":\"https:\\\/\\\/static.purejewels.com\\\/wp-content\\\/uploads\\\/2025\\\/08\\\/SKU-48636.jpg\",\"contentUrl\":\"https:\\\/\\\/static.purejewels.com\\\/wp-content\\\/uploads\\\/2025\\\/08\\\/SKU-48636.jpg\",\"width\":1000,\"height\":1000,\"caption\":\"Stacked from 5 images. Method=B (R=8,S=4)\"},{\"@type\":\"BreadcrumbList\",\"@id\":\"https:\\\/\\\/www.purejewels.com\\\/product\\\/18ct-yellow-gold-diamond-mangalsutra-18-inches-48636\\\/#breadcrumb\",\"itemListElement\":[{\"@type\":\"ListItem\",\"position\":1,\"name\":\"Home\",\"item\":\"https:\\\/\\\/www.purejewels.com\\\/\"},{\"@type\":\"ListItem\",\"position\":2,\"name\":\"Shop\",\"item\":\"https:\\\/\\\/www.purejewels.com\\\/shop\\\/\"},{\"@type\":\"ListItem\",\"position\":3,\"name\":\"18ct Yellow Gold Diamond Mangalsutra | 18 Inches\"}]},{\"@type\":\"WebSite\",\"@id\":\"https:\\\/\\\/www.purejewels.com\\\/#website\",\"url\":\"https:\\\/\\\/www.purejewels.com\\\/\",\"name\":\"PureJewels UK\",\"description\":\"Share the Love\",\"publisher\":{\"@id\":\"https:\\\/\\\/www.purejewels.com\\\/#organization\"},\"potentialAction\":[{\"@type\":\"SearchAction\",\"target\":{\"@type\":\"EntryPoint\",\"urlTemplate\":\"https:\\\/\\\/www.purejewels.com\\\/?s={search_term_string}\"},\"query-input\":{\"@type\":\"PropertyValueSpecification\",\"valueRequired\":true,\"valueName\":\"search_term_string\"}}],\"inLanguage\":\"de\"},{\"@type\":\"Organization\",\"@id\":\"https:\\\/\\\/www.purejewels.com\\\/#organization\",\"name\":\"PureJewels UK\",\"url\":\"https:\\\/\\\/www.purejewels.com\\\/\",\"logo\":{\"@type\":\"ImageObject\",\"inLanguage\":\"de\",\"@id\":\"https:\\\/\\\/www.purejewels.com\\\/#\\\/schema\\\/logo\\\/image\\\/\",\"url\":\"https:\\\/\\\/static.purejewels.com\\\/wp-content\\\/uploads\\\/2020\\\/11\\\/Logo-PJ-New-1.png\",\"contentUrl\":\"https:\\\/\\\/static.purejewels.com\\\/wp-content\\\/uploads\\\/2020\\\/11\\\/Logo-PJ-New-1.png\",\"width\":150,\"height\":80,\"caption\":\"PureJewels UK\"},\"image\":{\"@id\":\"https:\\\/\\\/www.purejewels.com\\\/#\\\/schema\\\/logo\\\/image\\\/\"}}]}<\/script>\n<!-- \/ Yoast SEO plugin. -->","yoast_head_json":{"title":"18ct Gelbgold Diamant Mangalsutra | 0.27ct | PureJewels","description":"Diese elegante Mangalsutra von PureJewels ist aus 18 Karat Gelbgold gefertigt und mit 0,27 Karat Brillanten in einem Tropfen- und Kreisdesign besetzt. Elegant, symbolisch, zeitlos.","robots":{"index":"index","follow":"follow","max-snippet":"max-snippet:-1","max-image-preview":"max-image-preview:large","max-video-preview":"max-video-preview:-1"},"canonical":"https:\/\/www.purejewels.com\/de\/produkt-2\/18ct-gelbgold-diamant-mangalsutra-18-zoll-48636\/","og_locale":"de_DE","og_type":"article","og_title":"18ct Yellow Gold Diamond Mangalsutra | 0.27ct | PureJewels","og_description":"Gracefully crafted in 18ct yellow gold, this PureJewels mangalsutra features 0.27ct of brilliant diamonds in a drop and circle design. Elegant, symbolic, timeless.","og_url":"https:\/\/www.purejewels.com\/de\/produkt-2\/18ct-gelbgold-diamant-mangalsutra-18-zoll-48636\/","og_site_name":"PureJewels UK","article_modified_time":"2026-01-07T10:40:46+00:00","og_image":[{"width":1000,"height":1000,"url":"https:\/\/www.purejewels.com\/wp-content\/uploads\/2025\/08\/SKU-48636.jpg","type":"image\/jpeg"}],"twitter_card":"summary_large_image","twitter_misc":{"Gesch\u00e4tzte Lesezeit":"1\u00a0Minute"},"schema":{"@context":"https:\/\/schema.org","@graph":[{"@type":["WebPage","ItemPage"],"@id":"https:\/\/www.purejewels.com\/product\/18ct-yellow-gold-diamond-mangalsutra-18-inches-48636\/","url":"https:\/\/www.purejewels.com\/product\/18ct-yellow-gold-diamond-mangalsutra-18-inches-48636\/","name":"18ct Gelbgold Diamant Mangalsutra | 0.27ct | PureJewels","isPartOf":{"@id":"https:\/\/www.purejewels.com\/#website"},"primaryImageOfPage":{"@id":"https:\/\/www.purejewels.com\/product\/18ct-yellow-gold-diamond-mangalsutra-18-inches-48636\/#primaryimage"},"image":{"@id":"https:\/\/www.purejewels.com\/product\/18ct-yellow-gold-diamond-mangalsutra-18-inches-48636\/#primaryimage"},"thumbnailUrl":"https:\/\/static.purejewels.com\/wp-content\/uploads\/2025\/08\/SKU-48636.jpg","datePublished":"2025-07-28T05:49:51+00:00","dateModified":"2026-01-07T10:40:46+00:00","description":"Diese elegante Mangalsutra von PureJewels ist aus 18 Karat Gelbgold gefertigt und mit 0,27 Karat Brillanten in einem Tropfen- und Kreisdesign besetzt. Elegant, symbolisch, zeitlos.","breadcrumb":{"@id":"https:\/\/www.purejewels.com\/product\/18ct-yellow-gold-diamond-mangalsutra-18-inches-48636\/#breadcrumb"},"inLanguage":"de","potentialAction":[{"@type":"ReadAction","target":["https:\/\/www.purejewels.com\/product\/18ct-yellow-gold-diamond-mangalsutra-18-inches-48636\/"]}]},{"@type":"ImageObject","inLanguage":"de","@id":"https:\/\/www.purejewels.com\/product\/18ct-yellow-gold-diamond-mangalsutra-18-inches-48636\/#primaryimage","url":"https:\/\/static.purejewels.com\/wp-content\/uploads\/2025\/08\/SKU-48636.jpg","contentUrl":"https:\/\/static.purejewels.com\/wp-content\/uploads\/2025\/08\/SKU-48636.jpg","width":1000,"height":1000,"caption":"Stacked from 5 images. Method=B (R=8,S=4)"},{"@type":"BreadcrumbList","@id":"https:\/\/www.purejewels.com\/product\/18ct-yellow-gold-diamond-mangalsutra-18-inches-48636\/#breadcrumb","itemListElement":[{"@type":"ListItem","position":1,"name":"Home","item":"https:\/\/www.purejewels.com\/"},{"@type":"ListItem","position":2,"name":"Shop","item":"https:\/\/www.purejewels.com\/shop\/"},{"@type":"ListItem","position":3,"name":"18ct Yellow Gold Diamond Mangalsutra | 18 Inches"}]},{"@type":"WebSite","@id":"https:\/\/www.purejewels.com\/#website","url":"https:\/\/www.purejewels.com\/","name":"PureJewels UK","description":"Teile die Liebe","publisher":{"@id":"https:\/\/www.purejewels.com\/#organization"},"potentialAction":[{"@type":"SearchAction","target":{"@type":"EntryPoint","urlTemplate":"https:\/\/www.purejewels.com\/?s={search_term_string}"},"query-input":{"@type":"PropertyValueSpecification","valueRequired":true,"valueName":"search_term_string"}}],"inLanguage":"de"},{"@type":"Organization","@id":"https:\/\/www.purejewels.com\/#organization","name":"PureJewels UK","url":"https:\/\/www.purejewels.com\/","logo":{"@type":"ImageObject","inLanguage":"de","@id":"https:\/\/www.purejewels.com\/#\/schema\/logo\/image\/","url":"https:\/\/static.purejewels.com\/wp-content\/uploads\/2020\/11\/Logo-PJ-New-1.png","contentUrl":"https:\/\/static.purejewels.com\/wp-content\/uploads\/2020\/11\/Logo-PJ-New-1.png","width":150,"height":80,"caption":"PureJewels UK"},"image":{"@id":"https:\/\/www.purejewels.com\/#\/schema\/logo\/image\/"}}]}},"_links":{"self":[{"href":"https:\/\/www.purejewels.com\/de\/wp-json\/wp\/v2\/product\/409598","targetHints":{"allow":["GET"]}}],"collection":[{"href":"https:\/\/www.purejewels.com\/de\/wp-json\/wp\/v2\/product"}],"about":[{"href":"https:\/\/www.purejewels.com\/de\/wp-json\/wp\/v2\/types\/product"}],"replies":[{"embeddable":true,"href":"https:\/\/www.purejewels.com\/de\/wp-json\/wp\/v2\/comments?post=409598"}],"version-history":[{"count":3,"href":"https:\/\/www.purejewels.com\/de\/wp-json\/wp\/v2\/product\/409598\/revisions"}],"predecessor-version":[{"id":411561,"href":"https:\/\/www.purejewels.com\/de\/wp-json\/wp\/v2\/product\/409598\/revisions\/411561"}],"wp:featuredmedia":[{"embeddable":true,"href":"https:\/\/www.purejewels.com\/de\/wp-json\/wp\/v2\/media\/409645"}],"wp:attachment":[{"href":"https:\/\/www.purejewels.com\/de\/wp-json\/wp\/v2\/media?parent=409598"}],"wp:term":[{"taxonomy":"product_brand","embeddable":true,"href":"https:\/\/www.purejewels.com\/de\/wp-json\/wp\/v2\/product_brand?post=409598"},{"taxonomy":"product_cat","embeddable":true,"href":"https:\/\/www.purejewels.com\/de\/wp-json\/wp\/v2\/product_cat?post=409598"},{"taxonomy":"product_tag","embeddable":true,"href":"https:\/\/www.purejewels.com\/de\/wp-json\/wp\/v2\/product_tag?post=409598"}],"curies":[{"name":"wp","href":"https:\/\/api.w.org\/{rel}","templated":true}]}}