{"id":409652,"date":"2025-07-25T11:11:10","date_gmt":"2025-07-25T10:11:10","guid":{"rendered":"https:\/\/www.purejewels.com\/?post_type=product&#038;p=409652"},"modified":"2026-01-07T10:40:46","modified_gmt":"2026-01-07T10:40:46","slug":"diamant-18ct-gelbgold-mangalsutra-18-zoll-48639","status":"publish","type":"product","link":"https:\/\/www.purejewels.com\/de\/product\/diamond-18ct-yellow-gold-mangalsutra-18-inches-48639\/","title":{"rendered":"Diamant 18ct Gelbgold Mangalsutra | 18 Zentimeter"},"content":{"rendered":"<p data-start=\"795\" data-end=\"1093\">Diese <strong data-start=\"800\" data-end=\"840\">18ct Gelbgold Diamant Mangalsutra<\/strong> von <strong data-start=\"846\" data-end=\"860\">PureJewels<\/strong> ist ein zartes Fest der zeitlosen Eleganz und des kulturellen Reichtums. Es wurde entworfen, um die Tradition mit einer modernen Sensibilit\u00e4t zu ehren, und bietet eine <strong data-start=\"1001\" data-end=\"1032\">strahlender Doppelkreis-Anh\u00e4nger<\/strong>sch\u00f6n verkrustet mit <strong data-start=\"1061\" data-end=\"1092\">0,34ct von Hand gefasste Diamanten<\/strong>.<\/p>\n<p data-start=\"1095\" data-end=\"1363\">Das zentrale Motiv spiegelt Harmonie und Licht wider, w\u00e4hrend ein zierlicher, aufgeh\u00e4ngter Charme f\u00fcr eine sanfte Bewegung und einen modernen Reiz sorgt. Gefertigt aus poliertem <strong data-start=\"1240\" data-end=\"1260\">18 Karat Gelbgold<\/strong>Der Anh\u00e4nger h\u00e4ngt an einer traditionellen schwarzen Perlenkette, die Schutz und ewige Liebe symbolisiert.<\/p>\n<p data-start=\"1365\" data-end=\"1628\">Messung <strong data-start=\"1375\" data-end=\"1388\">18 Zoll<\/strong> in der L\u00e4nge, sitzt dieses St\u00fcck bequem \u00fcber dem Schl\u00fcsselbein - ideal sowohl f\u00fcr den Alltag als auch f\u00fcr bedeutende Anl\u00e4sse. Ein leuchtendes Andenken f\u00fcr die moderne Frau, verwurzelt in der Tradition, zum Leben erweckt mit PureJewels' Hingabe zur Handwerkskunst.<\/p>","protected":false},"excerpt":{"rendered":"<p>Dieses Mangalsutra aus 18 Karat Gelbgold ist mit 0,34 Karat Brillanten in einem strahlenden, kreisf\u00f6rmigen Design mit einem h\u00e4ngenden Anh\u00e4nger besetzt. Anmutig und symbolisch.<\/p>\n<p><strong>Material:<\/strong> 18ct Gelbgold<br \/>\n<strong>Wahrzeichen:<\/strong>\u00a0Britisches G\u00fctesiegel<br \/>\n<strong>Bruttogewicht:\u00a0<\/strong> 5,32 Gramm<br \/>\n<strong>L\u00e4nge:<\/strong>\u00a018 Zoll<br \/>\n<strong>SKU:<\/strong> 48639<br \/>\n<b>Gewicht des nat\u00fcrlichen Diamanten: <\/b>0,34ct<br \/>\n<b>Stein:\u00a0<\/b>Diamant<br \/>\n<b>Farbe des Diamanten:\u00a0<\/b>G<br \/>\n<b>Diamant-Reinheit:\u00a0<\/b>VVS - sehr sehr kleine Einschl\u00fcsse<br \/>\n<strong>Wird mit Zertifikat geliefert:<\/strong> Ja<\/p>\n<p><strong>Preis und Lieferung:\u00a0<\/strong>Inklusive Mehrwertsteuer und Lieferkosten<strong><br \/>\n<a href=\"https:\/\/www.purejewels.com\/de\/ruckgabepolitik\/\">R\u00fcckgabepolitik<\/a><\/strong><\/p>","protected":false},"featured_media":409666,"comment_status":"closed","ping_status":"closed","template":"","meta":{"_eb_attr":"","_crsspst_to_jayantr4sg-hostcom":true},"product_brand":[],"product_cat":[5679,6087,1791,1559,1775,5457,5461,1284,1776,1573],"product_tag":[],"class_list":{"0":"post-409652","1":"product","2":"type-product","3":"status-publish","4":"has-post-thumbnail","6":"product_cat-18ct-gold-jewellery","7":"product_cat-18ct-gold-managlsutra","8":"product_cat-anniversary-gifts","9":"product_cat-birthday-gifts","10":"product_cat-daily-wear-mangalsutras","11":"product_cat-diamond-jewellery","12":"product_cat-diamond-mangalsutras","13":"product_cat-gold-mangalsutras","14":"product_cat-occasional-wear-mangalsutras","15":"product_cat-wedding-gifts","17":"first","18":"instock","19":"taxable","20":"shipping-taxable","21":"purchasable","22":"product-type-simple","23":"add-to-wishlist-before_image"},"yoast_head":"<!-- This site is optimized with the Yoast SEO plugin v27.6 - https:\/\/yoast.com\/product\/yoast-seo-wordpress\/ -->\n<title>18ct Yellow Gold Diamond Mangalsutra | PureJewels<\/title>\n<meta name=\"description\" content=\"Celebrate heritage with PureJewels 18ct yellow gold mangalsutra, featuring 0.34ct of diamonds in a dual-drop design. A graceful expression of timeless love.\" \/>\n<meta name=\"robots\" content=\"index, follow, max-snippet:-1, max-image-preview:large, max-video-preview:-1\" \/>\n<link rel=\"canonical\" href=\"https:\/\/www.purejewels.com\/de\/produkt-2\/diamant-18ct-gelbgold-mangalsutra-18-zoll-48639\/\" \/>\n<meta property=\"og:locale\" content=\"de_DE\" \/>\n<meta property=\"og:type\" content=\"article\" \/>\n<meta property=\"og:title\" content=\"18ct Yellow Gold Diamond Mangalsutra | PureJewels\" \/>\n<meta property=\"og:description\" content=\"Celebrate heritage with PureJewels 18ct yellow gold mangalsutra, featuring 0.34ct of diamonds in a dual-drop design. A graceful expression of timeless love.\" \/>\n<meta property=\"og:url\" content=\"https:\/\/www.purejewels.com\/de\/produkt-2\/diamant-18ct-gelbgold-mangalsutra-18-zoll-48639\/\" \/>\n<meta property=\"og:site_name\" content=\"PureJewels UK\" \/>\n<meta property=\"article:modified_time\" content=\"2026-01-07T10:40:46+00:00\" \/>\n<meta property=\"og:image\" content=\"https:\/\/www.purejewels.com\/wp-content\/uploads\/2025\/08\/SKU-48639-1.jpg\" \/>\n\t<meta property=\"og:image:width\" content=\"1000\" \/>\n\t<meta property=\"og:image:height\" content=\"1000\" \/>\n\t<meta property=\"og:image:type\" content=\"image\/jpeg\" \/>\n<meta name=\"twitter:card\" content=\"summary_large_image\" \/>\n<meta name=\"twitter:label1\" content=\"Gesch\u00e4tzte Lesezeit\" \/>\n\t<meta name=\"twitter:data1\" content=\"1\u00a0Minute\" \/>\n<script type=\"application\/ld+json\" class=\"yoast-schema-graph\">{\"@context\":\"https:\\\/\\\/schema.org\",\"@graph\":[{\"@type\":[\"WebPage\",\"ItemPage\"],\"@id\":\"https:\\\/\\\/www.purejewels.com\\\/product\\\/diamond-18ct-yellow-gold-mangalsutra-18-inches-48639\\\/\",\"url\":\"https:\\\/\\\/www.purejewels.com\\\/product\\\/diamond-18ct-yellow-gold-mangalsutra-18-inches-48639\\\/\",\"name\":\"18ct Yellow Gold Diamond Mangalsutra | PureJewels\",\"isPartOf\":{\"@id\":\"https:\\\/\\\/www.purejewels.com\\\/#website\"},\"primaryImageOfPage\":{\"@id\":\"https:\\\/\\\/www.purejewels.com\\\/product\\\/diamond-18ct-yellow-gold-mangalsutra-18-inches-48639\\\/#primaryimage\"},\"image\":{\"@id\":\"https:\\\/\\\/www.purejewels.com\\\/product\\\/diamond-18ct-yellow-gold-mangalsutra-18-inches-48639\\\/#primaryimage\"},\"thumbnailUrl\":\"https:\\\/\\\/static.purejewels.com\\\/wp-content\\\/uploads\\\/2025\\\/08\\\/SKU-48639-1.jpg\",\"datePublished\":\"2025-07-25T10:11:10+00:00\",\"dateModified\":\"2026-01-07T10:40:46+00:00\",\"description\":\"Celebrate heritage with PureJewels 18ct yellow gold mangalsutra, featuring 0.34ct of diamonds in a dual-drop design. A graceful expression of timeless love.\",\"breadcrumb\":{\"@id\":\"https:\\\/\\\/www.purejewels.com\\\/product\\\/diamond-18ct-yellow-gold-mangalsutra-18-inches-48639\\\/#breadcrumb\"},\"inLanguage\":\"de\",\"potentialAction\":[{\"@type\":\"ReadAction\",\"target\":[\"https:\\\/\\\/www.purejewels.com\\\/product\\\/diamond-18ct-yellow-gold-mangalsutra-18-inches-48639\\\/\"]}]},{\"@type\":\"ImageObject\",\"inLanguage\":\"de\",\"@id\":\"https:\\\/\\\/www.purejewels.com\\\/product\\\/diamond-18ct-yellow-gold-mangalsutra-18-inches-48639\\\/#primaryimage\",\"url\":\"https:\\\/\\\/static.purejewels.com\\\/wp-content\\\/uploads\\\/2025\\\/08\\\/SKU-48639-1.jpg\",\"contentUrl\":\"https:\\\/\\\/static.purejewels.com\\\/wp-content\\\/uploads\\\/2025\\\/08\\\/SKU-48639-1.jpg\",\"width\":1000,\"height\":1000,\"caption\":\"Stacked from 6 images. Method=B (R=8,S=4)\"},{\"@type\":\"BreadcrumbList\",\"@id\":\"https:\\\/\\\/www.purejewels.com\\\/product\\\/diamond-18ct-yellow-gold-mangalsutra-18-inches-48639\\\/#breadcrumb\",\"itemListElement\":[{\"@type\":\"ListItem\",\"position\":1,\"name\":\"Home\",\"item\":\"https:\\\/\\\/www.purejewels.com\\\/\"},{\"@type\":\"ListItem\",\"position\":2,\"name\":\"Shop\",\"item\":\"https:\\\/\\\/www.purejewels.com\\\/shop\\\/\"},{\"@type\":\"ListItem\",\"position\":3,\"name\":\"Diamond 18ct Yellow Gold Mangalsutra | 18 Inches\"}]},{\"@type\":\"WebSite\",\"@id\":\"https:\\\/\\\/www.purejewels.com\\\/#website\",\"url\":\"https:\\\/\\\/www.purejewels.com\\\/\",\"name\":\"PureJewels UK\",\"description\":\"Share the Love\",\"publisher\":{\"@id\":\"https:\\\/\\\/www.purejewels.com\\\/#organization\"},\"potentialAction\":[{\"@type\":\"SearchAction\",\"target\":{\"@type\":\"EntryPoint\",\"urlTemplate\":\"https:\\\/\\\/www.purejewels.com\\\/?s={search_term_string}\"},\"query-input\":{\"@type\":\"PropertyValueSpecification\",\"valueRequired\":true,\"valueName\":\"search_term_string\"}}],\"inLanguage\":\"de\"},{\"@type\":\"Organization\",\"@id\":\"https:\\\/\\\/www.purejewels.com\\\/#organization\",\"name\":\"PureJewels UK\",\"url\":\"https:\\\/\\\/www.purejewels.com\\\/\",\"logo\":{\"@type\":\"ImageObject\",\"inLanguage\":\"de\",\"@id\":\"https:\\\/\\\/www.purejewels.com\\\/#\\\/schema\\\/logo\\\/image\\\/\",\"url\":\"https:\\\/\\\/static.purejewels.com\\\/wp-content\\\/uploads\\\/2020\\\/11\\\/Logo-PJ-New-1.png\",\"contentUrl\":\"https:\\\/\\\/static.purejewels.com\\\/wp-content\\\/uploads\\\/2020\\\/11\\\/Logo-PJ-New-1.png\",\"width\":150,\"height\":80,\"caption\":\"PureJewels UK\"},\"image\":{\"@id\":\"https:\\\/\\\/www.purejewels.com\\\/#\\\/schema\\\/logo\\\/image\\\/\"}}]}<\/script>\n<!-- \/ Yoast SEO plugin. -->","yoast_head_json":{"title":"18ct Gelbgold Diamant Mangalsutra | PureJewels","description":"Feiern Sie das Erbe mit PureJewels Mangalsutra aus 18 Karat Gelbgold mit 0,34 Karat Diamanten in einem Design mit zwei Tropfen. Ein anmutiger Ausdruck der zeitlosen Liebe.","robots":{"index":"index","follow":"follow","max-snippet":"max-snippet:-1","max-image-preview":"max-image-preview:large","max-video-preview":"max-video-preview:-1"},"canonical":"https:\/\/www.purejewels.com\/de\/produkt-2\/diamant-18ct-gelbgold-mangalsutra-18-zoll-48639\/","og_locale":"de_DE","og_type":"article","og_title":"18ct Yellow Gold Diamond Mangalsutra | PureJewels","og_description":"Celebrate heritage with PureJewels 18ct yellow gold mangalsutra, featuring 0.34ct of diamonds in a dual-drop design. A graceful expression of timeless love.","og_url":"https:\/\/www.purejewels.com\/de\/produkt-2\/diamant-18ct-gelbgold-mangalsutra-18-zoll-48639\/","og_site_name":"PureJewels UK","article_modified_time":"2026-01-07T10:40:46+00:00","og_image":[{"width":1000,"height":1000,"url":"https:\/\/www.purejewels.com\/wp-content\/uploads\/2025\/08\/SKU-48639-1.jpg","type":"image\/jpeg"}],"twitter_card":"summary_large_image","twitter_misc":{"Gesch\u00e4tzte Lesezeit":"1\u00a0Minute"},"schema":{"@context":"https:\/\/schema.org","@graph":[{"@type":["WebPage","ItemPage"],"@id":"https:\/\/www.purejewels.com\/product\/diamond-18ct-yellow-gold-mangalsutra-18-inches-48639\/","url":"https:\/\/www.purejewels.com\/product\/diamond-18ct-yellow-gold-mangalsutra-18-inches-48639\/","name":"18ct Gelbgold Diamant Mangalsutra | PureJewels","isPartOf":{"@id":"https:\/\/www.purejewels.com\/#website"},"primaryImageOfPage":{"@id":"https:\/\/www.purejewels.com\/product\/diamond-18ct-yellow-gold-mangalsutra-18-inches-48639\/#primaryimage"},"image":{"@id":"https:\/\/www.purejewels.com\/product\/diamond-18ct-yellow-gold-mangalsutra-18-inches-48639\/#primaryimage"},"thumbnailUrl":"https:\/\/static.purejewels.com\/wp-content\/uploads\/2025\/08\/SKU-48639-1.jpg","datePublished":"2025-07-25T10:11:10+00:00","dateModified":"2026-01-07T10:40:46+00:00","description":"Feiern Sie das Erbe mit PureJewels Mangalsutra aus 18 Karat Gelbgold mit 0,34 Karat Diamanten in einem Design mit zwei Tropfen. Ein anmutiger Ausdruck der zeitlosen Liebe.","breadcrumb":{"@id":"https:\/\/www.purejewels.com\/product\/diamond-18ct-yellow-gold-mangalsutra-18-inches-48639\/#breadcrumb"},"inLanguage":"de","potentialAction":[{"@type":"ReadAction","target":["https:\/\/www.purejewels.com\/product\/diamond-18ct-yellow-gold-mangalsutra-18-inches-48639\/"]}]},{"@type":"ImageObject","inLanguage":"de","@id":"https:\/\/www.purejewels.com\/product\/diamond-18ct-yellow-gold-mangalsutra-18-inches-48639\/#primaryimage","url":"https:\/\/static.purejewels.com\/wp-content\/uploads\/2025\/08\/SKU-48639-1.jpg","contentUrl":"https:\/\/static.purejewels.com\/wp-content\/uploads\/2025\/08\/SKU-48639-1.jpg","width":1000,"height":1000,"caption":"Stacked from 6 images. Method=B (R=8,S=4)"},{"@type":"BreadcrumbList","@id":"https:\/\/www.purejewels.com\/product\/diamond-18ct-yellow-gold-mangalsutra-18-inches-48639\/#breadcrumb","itemListElement":[{"@type":"ListItem","position":1,"name":"Home","item":"https:\/\/www.purejewels.com\/"},{"@type":"ListItem","position":2,"name":"Shop","item":"https:\/\/www.purejewels.com\/shop\/"},{"@type":"ListItem","position":3,"name":"Diamond 18ct Yellow Gold Mangalsutra | 18 Inches"}]},{"@type":"WebSite","@id":"https:\/\/www.purejewels.com\/#website","url":"https:\/\/www.purejewels.com\/","name":"PureJewels UK","description":"Teile die Liebe","publisher":{"@id":"https:\/\/www.purejewels.com\/#organization"},"potentialAction":[{"@type":"SearchAction","target":{"@type":"EntryPoint","urlTemplate":"https:\/\/www.purejewels.com\/?s={search_term_string}"},"query-input":{"@type":"PropertyValueSpecification","valueRequired":true,"valueName":"search_term_string"}}],"inLanguage":"de"},{"@type":"Organization","@id":"https:\/\/www.purejewels.com\/#organization","name":"PureJewels UK","url":"https:\/\/www.purejewels.com\/","logo":{"@type":"ImageObject","inLanguage":"de","@id":"https:\/\/www.purejewels.com\/#\/schema\/logo\/image\/","url":"https:\/\/static.purejewels.com\/wp-content\/uploads\/2020\/11\/Logo-PJ-New-1.png","contentUrl":"https:\/\/static.purejewels.com\/wp-content\/uploads\/2020\/11\/Logo-PJ-New-1.png","width":150,"height":80,"caption":"PureJewels UK"},"image":{"@id":"https:\/\/www.purejewels.com\/#\/schema\/logo\/image\/"}}]}},"_links":{"self":[{"href":"https:\/\/www.purejewels.com\/de\/wp-json\/wp\/v2\/product\/409652","targetHints":{"allow":["GET"]}}],"collection":[{"href":"https:\/\/www.purejewels.com\/de\/wp-json\/wp\/v2\/product"}],"about":[{"href":"https:\/\/www.purejewels.com\/de\/wp-json\/wp\/v2\/types\/product"}],"replies":[{"embeddable":true,"href":"https:\/\/www.purejewels.com\/de\/wp-json\/wp\/v2\/comments?post=409652"}],"version-history":[{"count":2,"href":"https:\/\/www.purejewels.com\/de\/wp-json\/wp\/v2\/product\/409652\/revisions"}],"predecessor-version":[{"id":410209,"href":"https:\/\/www.purejewels.com\/de\/wp-json\/wp\/v2\/product\/409652\/revisions\/410209"}],"wp:featuredmedia":[{"embeddable":true,"href":"https:\/\/www.purejewels.com\/de\/wp-json\/wp\/v2\/media\/409666"}],"wp:attachment":[{"href":"https:\/\/www.purejewels.com\/de\/wp-json\/wp\/v2\/media?parent=409652"}],"wp:term":[{"taxonomy":"product_brand","embeddable":true,"href":"https:\/\/www.purejewels.com\/de\/wp-json\/wp\/v2\/product_brand?post=409652"},{"taxonomy":"product_cat","embeddable":true,"href":"https:\/\/www.purejewels.com\/de\/wp-json\/wp\/v2\/product_cat?post=409652"},{"taxonomy":"product_tag","embeddable":true,"href":"https:\/\/www.purejewels.com\/de\/wp-json\/wp\/v2\/product_tag?post=409652"}],"curies":[{"name":"wp","href":"https:\/\/api.w.org\/{rel}","templated":true}]}}