{"id":409653,"date":"2025-01-06T11:11:59","date_gmt":"2025-01-06T11:11:59","guid":{"rendered":"https:\/\/www.purejewels.com\/?post_type=product&#038;p=409653"},"modified":"2026-02-18T07:15:04","modified_gmt":"2026-02-18T07:15:04","slug":"celeste-kissen-halo-diamant-ring-in-18ct-gold-49761","status":"publish","type":"product","link":"https:\/\/www.purejewels.com\/de\/product\/celeste-cushion-halo-diamond-ring-in-18ct-gold-49761\/","title":{"rendered":"18ct Cushion Halo Diamant Ring"},"content":{"rendered":"<p data-start=\"594\" data-end=\"846\">Die <strong data-start=\"598\" data-end=\"635\">Celeste Cushion Halo Diamantring<\/strong> wurde entworfen, um zu gl\u00e4nzen. In seinem Zentrum ruht ein Diamant im Prinzess-Schliff, der f\u00fcr seine Symmetrie und Brillanz bewundert wird, umgeben von einem kissenf\u00f6rmigen Halo aus runden Brillanten, die seine Ausstrahlung und seinen Charme verst\u00e4rken.<\/p>\n<p data-start=\"848\" data-end=\"1142\">Die vollst\u00e4ndig aus 18-kar\u00e4tigem Gelbgold gefertigte Fassung kontrastiert wundersch\u00f6n mit dem Glanz der Diamanten und schafft ein St\u00fcck, das sowohl modern als auch best\u00e4ndig wirkt. Die sanfte W\u00f6lbung des Bandes und das erh\u00f6hte Profil lassen das Licht frei flie\u00dfen und verst\u00e4rken das Feuer der einzelnen Steine.<\/p>\n<p data-start=\"1144\" data-end=\"1354\">Der Ring Celeste ist die perfekte Wahl f\u00fcr Verlobungen, Jahrestage oder bedeutende Meilensteine. Er ist ein anmutiges Symbol f\u00fcr Hingabe und Licht. Pr\u00e4sentiert in unserer charakteristischen PureJewels-Box, die mit Sorgfalt hergestellt wurde.<\/p>","protected":false},"excerpt":{"rendered":"<p data-start=\"254\" data-end=\"490\">Der Celeste Ring ist ein moderner Klassiker mit einem Diamanten im Prinzess-Schliff, der von einem kissenf\u00f6rmigen Halo aus Brillanten eingerahmt wird. Er ist aus poliertem 18-kar\u00e4tigem Gelbgold gefertigt und strahlt aus jedem Blickwinkel Sch\u00f6nheit aus.<\/p>\n<p><strong>Material:<\/strong>\u00a018ct Gelbgold<br \/>\n<strong>Wahrzeichen:\u00a0<\/strong>Britisches G\u00fctesiegel<strong><br \/>\n<\/strong><strong>Stein:\u00a0<\/strong>Nat\u00fcrlicher Diamant<strong><br \/>\n<\/strong><strong>Wird mit Zertifikat geliefert:\u00a0<\/strong>ja<strong><br \/>\nGewicht der Diamanten:\u00a0<\/strong>0,33ct<br \/>\n<b>Farbe des Diamanten: <\/b>G-H<br \/>\n<b>Diamant-Reinheit: <\/b>VS<br \/>\n<strong>Bruttogewicht:<\/strong>\u00a0 3.36 Gms<br \/>\n<strong>Nettogewicht:<\/strong> 3.29 Gms<br \/>\n<strong>Ringgr\u00f6\u00dfe:<\/strong> I<br \/>\n<strong>SKU: <\/strong>49761<\/p>\n<p><strong>Preis und Lieferung:<\/strong>\u00a0Inklusive Mehrwertsteuer und Lieferkosten<br \/>\n<strong>Garantie:<\/strong>\u00a0kostenloser Valet-Service und Schwachstellenkontrollen<br \/>\n<strong>Anmerkung:\u00a0<\/strong>Dieser Ring ist in allen Fingergr\u00f6\u00dfen erh\u00e4ltlich. Bitte\u00a0<strong id=\"btn_TawkLink\">sich melden\u00a0<\/strong>um die perfekte Passform f\u00fcr Sie zu bestellen.<br \/>\n<a href=\"https:\/\/www.purejewels.com\/de\/ruckgabepolitik\/\">R\u00fcckgabepolitik<\/a><\/p>","protected":false},"featured_media":408184,"comment_status":"closed","ping_status":"closed","template":"","meta":{"_eb_attr":"","_crsspst_to_jayantr4sg-hostcom":false},"product_brand":[],"product_cat":[5679,6085,1679,1791,1559,5457,5460,1796,1783,6042,1569,1574],"product_tag":[],"class_list":{"0":"post-409653","1":"product","2":"type-product","3":"status-publish","4":"has-post-thumbnail","6":"product_cat-18ct-gold-jewellery","7":"product_cat-18ct-gold-ring","8":"product_cat-18ct-gold-rings","9":"product_cat-anniversary-gifts","10":"product_cat-birthday-gifts","11":"product_cat-diamond-jewellery","12":"product_cat-diamond-ring","13":"product_cat-diamond-rings","14":"product_cat-ladies-rings","15":"product_cat-solitaire-ring","16":"product_cat-valentine-day-gifts","17":"product_cat-womens-jewellery","19":"first","20":"instock","21":"featured","22":"taxable","23":"shipping-taxable","24":"purchasable","25":"product-type-simple","26":"add-to-wishlist-before_image"},"yoast_head":"<!-- This site is optimized with the Yoast SEO plugin v27.5 - https:\/\/yoast.com\/product\/yoast-seo-wordpress\/ -->\n<title>Celeste Cushion Halo Diamond Ring \u2013 Princess Cut in 18ct Gold<\/title>\n<meta name=\"description\" content=\"Discover the Celeste Ring by PureJewels, featuring a princess-cut centre and cushion halo of brilliant diamonds in 18ct yellow gold. A timeless design handcrafted with care.\" \/>\n<meta name=\"robots\" content=\"index, follow, max-snippet:-1, max-image-preview:large, max-video-preview:-1\" \/>\n<link rel=\"canonical\" href=\"https:\/\/www.purejewels.com\/de\/produkt-2\/celeste-kissen-halo-diamant-ring-in-18ct-gold-49761\/\" \/>\n<meta property=\"og:locale\" content=\"de_DE\" \/>\n<meta property=\"og:type\" content=\"article\" \/>\n<meta property=\"og:title\" content=\"Celeste Cushion Halo Diamond Ring \u2013 Princess Cut in 18ct Gold\" \/>\n<meta property=\"og:description\" content=\"Discover the Celeste Ring by PureJewels, featuring a princess-cut centre and cushion halo of brilliant diamonds in 18ct yellow gold. A timeless design handcrafted with care.\" \/>\n<meta property=\"og:url\" content=\"https:\/\/www.purejewels.com\/de\/produkt-2\/celeste-kissen-halo-diamant-ring-in-18ct-gold-49761\/\" \/>\n<meta property=\"og:site_name\" content=\"PureJewels UK\" \/>\n<meta property=\"article:modified_time\" content=\"2026-02-18T07:15:04+00:00\" \/>\n<meta property=\"og:image\" content=\"https:\/\/static.purejewels.com\/wp-content\/uploads\/2025\/07\/SKU-49761-49757-49759-1.jpg\" \/>\n\t<meta property=\"og:image:width\" content=\"1000\" \/>\n\t<meta property=\"og:image:height\" content=\"1000\" \/>\n\t<meta property=\"og:image:type\" content=\"image\/jpeg\" \/>\n<meta name=\"twitter:card\" content=\"summary_large_image\" \/>\n<meta name=\"twitter:label1\" content=\"Gesch\u00e4tzte Lesezeit\" \/>\n\t<meta name=\"twitter:data1\" content=\"1\u00a0Minute\" \/>\n<script type=\"application\/ld+json\" class=\"yoast-schema-graph\">{\"@context\":\"https:\\\/\\\/schema.org\",\"@graph\":[{\"@type\":[\"WebPage\",\"ItemPage\"],\"@id\":\"https:\\\/\\\/www.purejewels.com\\\/product\\\/celeste-cushion-halo-diamond-ring-in-18ct-gold-49761\\\/\",\"url\":\"https:\\\/\\\/www.purejewels.com\\\/product\\\/celeste-cushion-halo-diamond-ring-in-18ct-gold-49761\\\/\",\"name\":\"Celeste Cushion Halo Diamond Ring \u2013 Princess Cut in 18ct Gold\",\"isPartOf\":{\"@id\":\"https:\\\/\\\/www.purejewels.com\\\/#website\"},\"primaryImageOfPage\":{\"@id\":\"https:\\\/\\\/www.purejewels.com\\\/product\\\/celeste-cushion-halo-diamond-ring-in-18ct-gold-49761\\\/#primaryimage\"},\"image\":{\"@id\":\"https:\\\/\\\/www.purejewels.com\\\/product\\\/celeste-cushion-halo-diamond-ring-in-18ct-gold-49761\\\/#primaryimage\"},\"thumbnailUrl\":\"https:\\\/\\\/static.purejewels.com\\\/wp-content\\\/uploads\\\/2025\\\/07\\\/SKU-49761-49757-49759-1.jpg\",\"datePublished\":\"2025-01-06T11:11:59+00:00\",\"dateModified\":\"2026-02-18T07:15:04+00:00\",\"description\":\"Discover the Celeste Ring by PureJewels, featuring a princess-cut centre and cushion halo of brilliant diamonds in 18ct yellow gold. A timeless design handcrafted with care.\",\"breadcrumb\":{\"@id\":\"https:\\\/\\\/www.purejewels.com\\\/product\\\/celeste-cushion-halo-diamond-ring-in-18ct-gold-49761\\\/#breadcrumb\"},\"inLanguage\":\"de\",\"potentialAction\":[{\"@type\":\"ReadAction\",\"target\":[\"https:\\\/\\\/www.purejewels.com\\\/product\\\/celeste-cushion-halo-diamond-ring-in-18ct-gold-49761\\\/\"]}]},{\"@type\":\"ImageObject\",\"inLanguage\":\"de\",\"@id\":\"https:\\\/\\\/www.purejewels.com\\\/product\\\/celeste-cushion-halo-diamond-ring-in-18ct-gold-49761\\\/#primaryimage\",\"url\":\"https:\\\/\\\/static.purejewels.com\\\/wp-content\\\/uploads\\\/2025\\\/07\\\/SKU-49761-49757-49759-1.jpg\",\"contentUrl\":\"https:\\\/\\\/static.purejewels.com\\\/wp-content\\\/uploads\\\/2025\\\/07\\\/SKU-49761-49757-49759-1.jpg\",\"width\":1000,\"height\":1000,\"caption\":\"Stacked from 8 images. Method=B (R=8,S=4)\"},{\"@type\":\"BreadcrumbList\",\"@id\":\"https:\\\/\\\/www.purejewels.com\\\/product\\\/celeste-cushion-halo-diamond-ring-in-18ct-gold-49761\\\/#breadcrumb\",\"itemListElement\":[{\"@type\":\"ListItem\",\"position\":1,\"name\":\"Home\",\"item\":\"https:\\\/\\\/www.purejewels.com\\\/\"},{\"@type\":\"ListItem\",\"position\":2,\"name\":\"Shop\",\"item\":\"https:\\\/\\\/www.purejewels.com\\\/shop\\\/\"},{\"@type\":\"ListItem\",\"position\":3,\"name\":\"18ct Cushion Halo Diamond Ring\"}]},{\"@type\":\"WebSite\",\"@id\":\"https:\\\/\\\/www.purejewels.com\\\/#website\",\"url\":\"https:\\\/\\\/www.purejewels.com\\\/\",\"name\":\"PureJewels UK\",\"description\":\"Share the Love\",\"publisher\":{\"@id\":\"https:\\\/\\\/www.purejewels.com\\\/#organization\"},\"potentialAction\":[{\"@type\":\"SearchAction\",\"target\":{\"@type\":\"EntryPoint\",\"urlTemplate\":\"https:\\\/\\\/www.purejewels.com\\\/?s={search_term_string}\"},\"query-input\":{\"@type\":\"PropertyValueSpecification\",\"valueRequired\":true,\"valueName\":\"search_term_string\"}}],\"inLanguage\":\"de\"},{\"@type\":\"Organization\",\"@id\":\"https:\\\/\\\/www.purejewels.com\\\/#organization\",\"name\":\"PureJewels UK\",\"url\":\"https:\\\/\\\/www.purejewels.com\\\/\",\"logo\":{\"@type\":\"ImageObject\",\"inLanguage\":\"de\",\"@id\":\"https:\\\/\\\/www.purejewels.com\\\/#\\\/schema\\\/logo\\\/image\\\/\",\"url\":\"https:\\\/\\\/static.purejewels.com\\\/wp-content\\\/uploads\\\/2020\\\/11\\\/Logo-PJ-New-1.png\",\"contentUrl\":\"https:\\\/\\\/static.purejewels.com\\\/wp-content\\\/uploads\\\/2020\\\/11\\\/Logo-PJ-New-1.png\",\"width\":150,\"height\":80,\"caption\":\"PureJewels UK\"},\"image\":{\"@id\":\"https:\\\/\\\/www.purejewels.com\\\/#\\\/schema\\\/logo\\\/image\\\/\"}}]}<\/script>\n<!-- \/ Yoast SEO plugin. -->","yoast_head_json":{"title":"Celeste Cushion Halo Diamantring - Prinzessinnenschliff in 18ct Gold","description":"Entdecken Sie den Celeste Ring von PureJewels mit einem Zentrum im Prinzess-Schliff und einem kissenf\u00f6rmigen Halo aus Brillanten in 18 Karat Gelbgold. Ein zeitloses Design, mit Sorgfalt handgefertigt.","robots":{"index":"index","follow":"follow","max-snippet":"max-snippet:-1","max-image-preview":"max-image-preview:large","max-video-preview":"max-video-preview:-1"},"canonical":"https:\/\/www.purejewels.com\/de\/produkt-2\/celeste-kissen-halo-diamant-ring-in-18ct-gold-49761\/","og_locale":"de_DE","og_type":"article","og_title":"Celeste Cushion Halo Diamond Ring \u2013 Princess Cut in 18ct Gold","og_description":"Discover the Celeste Ring by PureJewels, featuring a princess-cut centre and cushion halo of brilliant diamonds in 18ct yellow gold. A timeless design handcrafted with care.","og_url":"https:\/\/www.purejewels.com\/de\/produkt-2\/celeste-kissen-halo-diamant-ring-in-18ct-gold-49761\/","og_site_name":"PureJewels UK","article_modified_time":"2026-02-18T07:15:04+00:00","og_image":[{"width":1000,"height":1000,"url":"https:\/\/static.purejewels.com\/wp-content\/uploads\/2025\/07\/SKU-49761-49757-49759-1.jpg","type":"image\/jpeg"}],"twitter_card":"summary_large_image","twitter_misc":{"Gesch\u00e4tzte Lesezeit":"1\u00a0Minute"},"schema":{"@context":"https:\/\/schema.org","@graph":[{"@type":["WebPage","ItemPage"],"@id":"https:\/\/www.purejewels.com\/product\/celeste-cushion-halo-diamond-ring-in-18ct-gold-49761\/","url":"https:\/\/www.purejewels.com\/product\/celeste-cushion-halo-diamond-ring-in-18ct-gold-49761\/","name":"Celeste Cushion Halo Diamantring - Prinzessinnenschliff in 18ct Gold","isPartOf":{"@id":"https:\/\/www.purejewels.com\/#website"},"primaryImageOfPage":{"@id":"https:\/\/www.purejewels.com\/product\/celeste-cushion-halo-diamond-ring-in-18ct-gold-49761\/#primaryimage"},"image":{"@id":"https:\/\/www.purejewels.com\/product\/celeste-cushion-halo-diamond-ring-in-18ct-gold-49761\/#primaryimage"},"thumbnailUrl":"https:\/\/static.purejewels.com\/wp-content\/uploads\/2025\/07\/SKU-49761-49757-49759-1.jpg","datePublished":"2025-01-06T11:11:59+00:00","dateModified":"2026-02-18T07:15:04+00:00","description":"Entdecken Sie den Celeste Ring von PureJewels mit einem Zentrum im Prinzess-Schliff und einem kissenf\u00f6rmigen Halo aus Brillanten in 18 Karat Gelbgold. Ein zeitloses Design, mit Sorgfalt handgefertigt.","breadcrumb":{"@id":"https:\/\/www.purejewels.com\/product\/celeste-cushion-halo-diamond-ring-in-18ct-gold-49761\/#breadcrumb"},"inLanguage":"de","potentialAction":[{"@type":"ReadAction","target":["https:\/\/www.purejewels.com\/product\/celeste-cushion-halo-diamond-ring-in-18ct-gold-49761\/"]}]},{"@type":"ImageObject","inLanguage":"de","@id":"https:\/\/www.purejewels.com\/product\/celeste-cushion-halo-diamond-ring-in-18ct-gold-49761\/#primaryimage","url":"https:\/\/static.purejewels.com\/wp-content\/uploads\/2025\/07\/SKU-49761-49757-49759-1.jpg","contentUrl":"https:\/\/static.purejewels.com\/wp-content\/uploads\/2025\/07\/SKU-49761-49757-49759-1.jpg","width":1000,"height":1000,"caption":"Stacked from 8 images. Method=B (R=8,S=4)"},{"@type":"BreadcrumbList","@id":"https:\/\/www.purejewels.com\/product\/celeste-cushion-halo-diamond-ring-in-18ct-gold-49761\/#breadcrumb","itemListElement":[{"@type":"ListItem","position":1,"name":"Home","item":"https:\/\/www.purejewels.com\/"},{"@type":"ListItem","position":2,"name":"Shop","item":"https:\/\/www.purejewels.com\/shop\/"},{"@type":"ListItem","position":3,"name":"18ct Cushion Halo Diamond Ring"}]},{"@type":"WebSite","@id":"https:\/\/www.purejewels.com\/#website","url":"https:\/\/www.purejewels.com\/","name":"PureJewels UK","description":"Teile die Liebe","publisher":{"@id":"https:\/\/www.purejewels.com\/#organization"},"potentialAction":[{"@type":"SearchAction","target":{"@type":"EntryPoint","urlTemplate":"https:\/\/www.purejewels.com\/?s={search_term_string}"},"query-input":{"@type":"PropertyValueSpecification","valueRequired":true,"valueName":"search_term_string"}}],"inLanguage":"de"},{"@type":"Organization","@id":"https:\/\/www.purejewels.com\/#organization","name":"PureJewels UK","url":"https:\/\/www.purejewels.com\/","logo":{"@type":"ImageObject","inLanguage":"de","@id":"https:\/\/www.purejewels.com\/#\/schema\/logo\/image\/","url":"https:\/\/static.purejewels.com\/wp-content\/uploads\/2020\/11\/Logo-PJ-New-1.png","contentUrl":"https:\/\/static.purejewels.com\/wp-content\/uploads\/2020\/11\/Logo-PJ-New-1.png","width":150,"height":80,"caption":"PureJewels UK"},"image":{"@id":"https:\/\/www.purejewels.com\/#\/schema\/logo\/image\/"}}]}},"_links":{"self":[{"href":"https:\/\/www.purejewels.com\/de\/wp-json\/wp\/v2\/product\/409653","targetHints":{"allow":["GET"]}}],"collection":[{"href":"https:\/\/www.purejewels.com\/de\/wp-json\/wp\/v2\/product"}],"about":[{"href":"https:\/\/www.purejewels.com\/de\/wp-json\/wp\/v2\/types\/product"}],"replies":[{"embeddable":true,"href":"https:\/\/www.purejewels.com\/de\/wp-json\/wp\/v2\/comments?post=409653"}],"version-history":[{"count":3,"href":"https:\/\/www.purejewels.com\/de\/wp-json\/wp\/v2\/product\/409653\/revisions"}],"predecessor-version":[{"id":413139,"href":"https:\/\/www.purejewels.com\/de\/wp-json\/wp\/v2\/product\/409653\/revisions\/413139"}],"wp:featuredmedia":[{"embeddable":true,"href":"https:\/\/www.purejewels.com\/de\/wp-json\/wp\/v2\/media\/408184"}],"wp:attachment":[{"href":"https:\/\/www.purejewels.com\/de\/wp-json\/wp\/v2\/media?parent=409653"}],"wp:term":[{"taxonomy":"product_brand","embeddable":true,"href":"https:\/\/www.purejewels.com\/de\/wp-json\/wp\/v2\/product_brand?post=409653"},{"taxonomy":"product_cat","embeddable":true,"href":"https:\/\/www.purejewels.com\/de\/wp-json\/wp\/v2\/product_cat?post=409653"},{"taxonomy":"product_tag","embeddable":true,"href":"https:\/\/www.purejewels.com\/de\/wp-json\/wp\/v2\/product_tag?post=409653"}],"curies":[{"name":"wp","href":"https:\/\/api.w.org\/{rel}","templated":true}]}}