{"id":409963,"date":"2025-07-07T13:55:27","date_gmt":"2025-07-07T12:55:27","guid":{"rendered":"https:\/\/www.purejewels.com\/?post_type=product&#038;p=409963"},"modified":"2026-03-05T10:16:27","modified_gmt":"2026-03-05T10:16:27","slug":"22-karat-gold-mala-stil-halskette-24-traditionelle-perlen-eleganz","status":"publish","type":"product","link":"https:\/\/www.purejewels.com\/de\/product\/22ct-gold-mala-style-necklace-24-traditional-beaded-elegance\/","title":{"rendered":"22ct Indian Mala Style Halskette"},"content":{"rendered":"<p data-start=\"324\" data-end=\"652\">Verwurzelt im Erbe und reich an Symbolik, ist die <strong data-start=\"372\" data-end=\"405\"><a href=\"https:\/\/www.purejewels.com\/de\/produkt-kategorie\/22-karatiger-goldschmuck\/goldketten\/ausgefallene-mala-ketten\/\">22ct Gold Mala<\/a> Stil-Halskette<\/strong> ist ein zeitloser Ausdruck von spiritueller Anmut und raffinierter Kunstfertigkeit. Mit einer L\u00e4nge von 24 Zoll ist diese Longline-Halskette aufwendig mit polierten Goldperlen aufgereiht und erinnert an traditionelle <em data-start=\"591\" data-end=\"597\">mala<\/em> Str\u00e4nge, die in allen Kulturen f\u00fcr Rituale und Verzierungen verwendet werden.<\/p>\n<p data-start=\"654\" data-end=\"903\">Gefertigt in <strong data-start=\"665\" data-end=\"687\">reines 22 Karat Gold<\/strong>Jede Perle spiegelt W\u00e4rme und Reinheit wider und bietet eine k\u00f6nigliche, aber unaufdringliche Pr\u00e4senz. Ob \u00fcbereinandergelegt f\u00fcr eine pr\u00e4chtige Braut oder als Einzelst\u00fcck getragen, diese Halskette zelebriert Tradition mit zeitgen\u00f6ssischer Sensibilit\u00e4t.<\/p>\n<p data-start=\"905\" data-end=\"1009\">G\u00fctesiegel der <strong data-start=\"923\" data-end=\"946\">Londoner Bescheinigungsamt<\/strong>Es ist die Garantie f\u00fcr Qualit\u00e4t und alte Handwerkskunst.<\/p>\n<p data-start=\"1011\" data-end=\"1032\"><strong data-start=\"1011\" data-end=\"1030\">Spezifikationen:<\/strong><\/p>\n<ul>\n<li>Gold Reinheit: 22ct Gold<\/li>\n<li>L\u00e4nge: 24 Zoll<\/li>\n<li>Stil: Mala-inspirierte Perlenkette<\/li>\n<li>Ausf\u00fchrung: Poliert<\/li>\n<li>Punze: London Assay Office<\/li>\n<\/ul>","protected":false},"excerpt":{"rendered":"<div class=\"woocommerce-product-details__short-description\">\n<div class=\"woocommerce-product-details__short-description\">\n<p>Sch\u00f6n <a href=\"https:\/\/www.purejewels.com\/de\/produkt-kategorie\/22-karatiger-goldschmuck\/goldketten\/ausgefallene-mala-ketten\/\">22 Karat Gold Mala<\/a> Halskette mit 91,6% reinem Gold und handpolierten Perlen f\u00fcr einen strahlenden Glanz. Dieses zeitlose Schmuckst\u00fcck aus traditionellem Gelbgold mit einer verstellbaren L\u00e4nge von 24 Zoll bietet Komfort und Vielseitigkeit und eignet sich perfekt f\u00fcr besondere Anl\u00e4sse und dauerhafte Eleganz im Alltag.<\/p>\n<p><strong>Art der Halskette:<\/strong> Lange Mala-Halskette<br \/>\n<strong>SKU:<\/strong> 47094<br \/>\n<strong>Gewicht:<\/strong> 17,50 Gramm<br \/>\n<strong>L\u00e4nge:<\/strong> 24 Zoll (kann angepasst werden)<br \/>\n<strong>Metall:<\/strong> 22ct Gold<br \/>\n<strong>Reinheit:<\/strong> 91.6% reines Gold<br \/>\n<strong>Beenden:<\/strong> Poliert<br \/>\n<strong>Angemessenheit:<\/strong> Besondere Anl\u00e4sse<br \/>\n<strong>Farbe:<\/strong> Traditionelle Gelbgoldfarbe, die bei t\u00e4glichem Gebrauch nicht verblasst oder sich verf\u00e4rbt<\/p>\n<p><strong>Preis und Lieferung:<\/strong> Inklusive Mehrwertsteuer und Lieferkosten<br \/>\n<a href=\"https:\/\/www.purejewels.com\/de\/ruckgabepolitik\/\">R\u00fcckgabepolitik<\/a><\/p>\n<\/div>\n<\/div>","protected":false},"featured_media":409965,"comment_status":"closed","ping_status":"closed","template":"","meta":{"_eb_attr":"","_crsspst_to_jayantr4sg-hostcom":true},"product_brand":[],"product_cat":[1791,236,1792,1790,1253,252,1777,1779,1570,1573,1574,5349],"product_tag":[],"class_list":{"0":"post-409963","1":"product","2":"type-product","3":"status-publish","4":"has-post-thumbnail","6":"product_cat-anniversary-gifts","7":"product_cat-collections","8":"product_cat-festival-gifts","9":"product_cat-for-whom-when","10":"product_cat-gold-necklaces","11":"product_cat-jali-collections","12":"product_cat-long-necklaces","13":"product_cat-mala-style-necklaces","14":"product_cat-mothers-day-gifts","15":"product_cat-wedding-gifts","16":"product_cat-womens-jewellery","17":"product_cat-yellow-gold-jewellery","19":"first","20":"instock","21":"taxable","22":"shipping-taxable","23":"purchasable","24":"product-type-simple","25":"add-to-wishlist-before_image"},"yoast_head":"<!-- This site is optimized with the Yoast SEO plugin v27.5 - https:\/\/yoast.com\/product\/yoast-seo-wordpress\/ -->\n<title>22ct Gold Long Mala Necklace \u2013 24 Inches. Purejewels UK<\/title>\n<meta name=\"description\" content=\"Explore the 22ct Gold Mala Style Necklace \u2013 a 24-inch traditional beaded chain in pure gold. Handcrafted in London and hallmarked for authenticity.\" \/>\n<meta name=\"robots\" content=\"index, follow, max-snippet:-1, max-image-preview:large, max-video-preview:-1\" \/>\n<link rel=\"canonical\" href=\"https:\/\/www.purejewels.com\/de\/produkt-2\/22-karat-gold-mala-stil-halskette-24-traditionelle-perlen-eleganz\/\" \/>\n<meta property=\"og:locale\" content=\"de_DE\" \/>\n<meta property=\"og:type\" content=\"article\" \/>\n<meta property=\"og:title\" content=\"22ct Gold Long Mala Necklace \u2013 24 Inches. Purejewels UK\" \/>\n<meta property=\"og:description\" content=\"Explore the 22ct Gold Mala Style Necklace \u2013 a 24-inch traditional beaded chain in pure gold. Handcrafted in London and hallmarked for authenticity.\" \/>\n<meta property=\"og:url\" content=\"https:\/\/www.purejewels.com\/de\/produkt-2\/22-karat-gold-mala-stil-halskette-24-traditionelle-perlen-eleganz\/\" \/>\n<meta property=\"og:site_name\" content=\"PureJewels UK\" \/>\n<meta property=\"article:modified_time\" content=\"2026-03-05T10:16:27+00:00\" \/>\n<meta property=\"og:image\" content=\"https:\/\/static.purejewels.com\/wp-content\/uploads\/2025\/07\/SKU-47094.jpg\" \/>\n\t<meta property=\"og:image:width\" content=\"1000\" \/>\n\t<meta property=\"og:image:height\" content=\"1000\" \/>\n\t<meta property=\"og:image:type\" content=\"image\/jpeg\" \/>\n<meta name=\"twitter:card\" content=\"summary_large_image\" \/>\n<meta name=\"twitter:label1\" content=\"Gesch\u00e4tzte Lesezeit\" \/>\n\t<meta name=\"twitter:data1\" content=\"1\u00a0Minute\" \/>\n<script type=\"application\/ld+json\" class=\"yoast-schema-graph\">{\"@context\":\"https:\\\/\\\/schema.org\",\"@graph\":[{\"@type\":[\"WebPage\",\"ItemPage\"],\"@id\":\"https:\\\/\\\/www.purejewels.com\\\/product\\\/22ct-gold-mala-style-necklace-24-traditional-beaded-elegance\\\/\",\"url\":\"https:\\\/\\\/www.purejewels.com\\\/product\\\/22ct-gold-mala-style-necklace-24-traditional-beaded-elegance\\\/\",\"name\":\"22ct Gold Long Mala Necklace \u2013 24 Inches. Purejewels UK\",\"isPartOf\":{\"@id\":\"https:\\\/\\\/www.purejewels.com\\\/#website\"},\"primaryImageOfPage\":{\"@id\":\"https:\\\/\\\/www.purejewels.com\\\/product\\\/22ct-gold-mala-style-necklace-24-traditional-beaded-elegance\\\/#primaryimage\"},\"image\":{\"@id\":\"https:\\\/\\\/www.purejewels.com\\\/product\\\/22ct-gold-mala-style-necklace-24-traditional-beaded-elegance\\\/#primaryimage\"},\"thumbnailUrl\":\"https:\\\/\\\/static.purejewels.com\\\/wp-content\\\/uploads\\\/2025\\\/07\\\/SKU-47094.jpg\",\"datePublished\":\"2025-07-07T12:55:27+00:00\",\"dateModified\":\"2026-03-05T10:16:27+00:00\",\"description\":\"Explore the 22ct Gold Mala Style Necklace \u2013 a 24-inch traditional beaded chain in pure gold. Handcrafted in London and hallmarked for authenticity.\",\"breadcrumb\":{\"@id\":\"https:\\\/\\\/www.purejewels.com\\\/product\\\/22ct-gold-mala-style-necklace-24-traditional-beaded-elegance\\\/#breadcrumb\"},\"inLanguage\":\"de\",\"potentialAction\":[{\"@type\":\"ReadAction\",\"target\":[\"https:\\\/\\\/www.purejewels.com\\\/product\\\/22ct-gold-mala-style-necklace-24-traditional-beaded-elegance\\\/\"]}]},{\"@type\":\"ImageObject\",\"inLanguage\":\"de\",\"@id\":\"https:\\\/\\\/www.purejewels.com\\\/product\\\/22ct-gold-mala-style-necklace-24-traditional-beaded-elegance\\\/#primaryimage\",\"url\":\"https:\\\/\\\/static.purejewels.com\\\/wp-content\\\/uploads\\\/2025\\\/07\\\/SKU-47094.jpg\",\"contentUrl\":\"https:\\\/\\\/static.purejewels.com\\\/wp-content\\\/uploads\\\/2025\\\/07\\\/SKU-47094.jpg\",\"width\":1000,\"height\":1000,\"caption\":\"Stacked from 6 images. Method=B (R=8,S=4)\"},{\"@type\":\"BreadcrumbList\",\"@id\":\"https:\\\/\\\/www.purejewels.com\\\/product\\\/22ct-gold-mala-style-necklace-24-traditional-beaded-elegance\\\/#breadcrumb\",\"itemListElement\":[{\"@type\":\"ListItem\",\"position\":1,\"name\":\"Home\",\"item\":\"https:\\\/\\\/www.purejewels.com\\\/\"},{\"@type\":\"ListItem\",\"position\":2,\"name\":\"Shop\",\"item\":\"https:\\\/\\\/www.purejewels.com\\\/shop\\\/\"},{\"@type\":\"ListItem\",\"position\":3,\"name\":\"22ct Indian Mala Style Necklace\"}]},{\"@type\":\"WebSite\",\"@id\":\"https:\\\/\\\/www.purejewels.com\\\/#website\",\"url\":\"https:\\\/\\\/www.purejewels.com\\\/\",\"name\":\"PureJewels UK\",\"description\":\"Share the Love\",\"publisher\":{\"@id\":\"https:\\\/\\\/www.purejewels.com\\\/#organization\"},\"potentialAction\":[{\"@type\":\"SearchAction\",\"target\":{\"@type\":\"EntryPoint\",\"urlTemplate\":\"https:\\\/\\\/www.purejewels.com\\\/?s={search_term_string}\"},\"query-input\":{\"@type\":\"PropertyValueSpecification\",\"valueRequired\":true,\"valueName\":\"search_term_string\"}}],\"inLanguage\":\"de\"},{\"@type\":\"Organization\",\"@id\":\"https:\\\/\\\/www.purejewels.com\\\/#organization\",\"name\":\"PureJewels UK\",\"url\":\"https:\\\/\\\/www.purejewels.com\\\/\",\"logo\":{\"@type\":\"ImageObject\",\"inLanguage\":\"de\",\"@id\":\"https:\\\/\\\/www.purejewels.com\\\/#\\\/schema\\\/logo\\\/image\\\/\",\"url\":\"https:\\\/\\\/static.purejewels.com\\\/wp-content\\\/uploads\\\/2020\\\/11\\\/Logo-PJ-New-1.png\",\"contentUrl\":\"https:\\\/\\\/static.purejewels.com\\\/wp-content\\\/uploads\\\/2020\\\/11\\\/Logo-PJ-New-1.png\",\"width\":150,\"height\":80,\"caption\":\"PureJewels UK\"},\"image\":{\"@id\":\"https:\\\/\\\/www.purejewels.com\\\/#\\\/schema\\\/logo\\\/image\\\/\"}}]}<\/script>\n<!-- \/ Yoast SEO plugin. -->","yoast_head_json":{"title":"22ct Gold Lange Mala Halskette - 24 Zoll. Purejewels UK","description":"Entdecken Sie die 22ct Gold Mala Style Necklace - eine 24 Zoll lange traditionelle Perlenkette aus reinem Gold. Handgefertigt in London und f\u00fcr die Echtheit gepunzt.","robots":{"index":"index","follow":"follow","max-snippet":"max-snippet:-1","max-image-preview":"max-image-preview:large","max-video-preview":"max-video-preview:-1"},"canonical":"https:\/\/www.purejewels.com\/de\/produkt-2\/22-karat-gold-mala-stil-halskette-24-traditionelle-perlen-eleganz\/","og_locale":"de_DE","og_type":"article","og_title":"22ct Gold Long Mala Necklace \u2013 24 Inches. Purejewels UK","og_description":"Explore the 22ct Gold Mala Style Necklace \u2013 a 24-inch traditional beaded chain in pure gold. Handcrafted in London and hallmarked for authenticity.","og_url":"https:\/\/www.purejewels.com\/de\/produkt-2\/22-karat-gold-mala-stil-halskette-24-traditionelle-perlen-eleganz\/","og_site_name":"PureJewels UK","article_modified_time":"2026-03-05T10:16:27+00:00","og_image":[{"width":1000,"height":1000,"url":"https:\/\/static.purejewels.com\/wp-content\/uploads\/2025\/07\/SKU-47094.jpg","type":"image\/jpeg"}],"twitter_card":"summary_large_image","twitter_misc":{"Gesch\u00e4tzte Lesezeit":"1\u00a0Minute"},"schema":{"@context":"https:\/\/schema.org","@graph":[{"@type":["WebPage","ItemPage"],"@id":"https:\/\/www.purejewels.com\/product\/22ct-gold-mala-style-necklace-24-traditional-beaded-elegance\/","url":"https:\/\/www.purejewels.com\/product\/22ct-gold-mala-style-necklace-24-traditional-beaded-elegance\/","name":"22ct Gold Lange Mala Halskette - 24 Zoll. Purejewels UK","isPartOf":{"@id":"https:\/\/www.purejewels.com\/#website"},"primaryImageOfPage":{"@id":"https:\/\/www.purejewels.com\/product\/22ct-gold-mala-style-necklace-24-traditional-beaded-elegance\/#primaryimage"},"image":{"@id":"https:\/\/www.purejewels.com\/product\/22ct-gold-mala-style-necklace-24-traditional-beaded-elegance\/#primaryimage"},"thumbnailUrl":"https:\/\/static.purejewels.com\/wp-content\/uploads\/2025\/07\/SKU-47094.jpg","datePublished":"2025-07-07T12:55:27+00:00","dateModified":"2026-03-05T10:16:27+00:00","description":"Entdecken Sie die 22ct Gold Mala Style Necklace - eine 24 Zoll lange traditionelle Perlenkette aus reinem Gold. Handgefertigt in London und f\u00fcr die Echtheit gepunzt.","breadcrumb":{"@id":"https:\/\/www.purejewels.com\/product\/22ct-gold-mala-style-necklace-24-traditional-beaded-elegance\/#breadcrumb"},"inLanguage":"de","potentialAction":[{"@type":"ReadAction","target":["https:\/\/www.purejewels.com\/product\/22ct-gold-mala-style-necklace-24-traditional-beaded-elegance\/"]}]},{"@type":"ImageObject","inLanguage":"de","@id":"https:\/\/www.purejewels.com\/product\/22ct-gold-mala-style-necklace-24-traditional-beaded-elegance\/#primaryimage","url":"https:\/\/static.purejewels.com\/wp-content\/uploads\/2025\/07\/SKU-47094.jpg","contentUrl":"https:\/\/static.purejewels.com\/wp-content\/uploads\/2025\/07\/SKU-47094.jpg","width":1000,"height":1000,"caption":"Stacked from 6 images. Method=B (R=8,S=4)"},{"@type":"BreadcrumbList","@id":"https:\/\/www.purejewels.com\/product\/22ct-gold-mala-style-necklace-24-traditional-beaded-elegance\/#breadcrumb","itemListElement":[{"@type":"ListItem","position":1,"name":"Home","item":"https:\/\/www.purejewels.com\/"},{"@type":"ListItem","position":2,"name":"Shop","item":"https:\/\/www.purejewels.com\/shop\/"},{"@type":"ListItem","position":3,"name":"22ct Indian Mala Style Necklace"}]},{"@type":"WebSite","@id":"https:\/\/www.purejewels.com\/#website","url":"https:\/\/www.purejewels.com\/","name":"PureJewels UK","description":"Teile die Liebe","publisher":{"@id":"https:\/\/www.purejewels.com\/#organization"},"potentialAction":[{"@type":"SearchAction","target":{"@type":"EntryPoint","urlTemplate":"https:\/\/www.purejewels.com\/?s={search_term_string}"},"query-input":{"@type":"PropertyValueSpecification","valueRequired":true,"valueName":"search_term_string"}}],"inLanguage":"de"},{"@type":"Organization","@id":"https:\/\/www.purejewels.com\/#organization","name":"PureJewels UK","url":"https:\/\/www.purejewels.com\/","logo":{"@type":"ImageObject","inLanguage":"de","@id":"https:\/\/www.purejewels.com\/#\/schema\/logo\/image\/","url":"https:\/\/static.purejewels.com\/wp-content\/uploads\/2020\/11\/Logo-PJ-New-1.png","contentUrl":"https:\/\/static.purejewels.com\/wp-content\/uploads\/2020\/11\/Logo-PJ-New-1.png","width":150,"height":80,"caption":"PureJewels UK"},"image":{"@id":"https:\/\/www.purejewels.com\/#\/schema\/logo\/image\/"}}]}},"_links":{"self":[{"href":"https:\/\/www.purejewels.com\/de\/wp-json\/wp\/v2\/product\/409963","targetHints":{"allow":["GET"]}}],"collection":[{"href":"https:\/\/www.purejewels.com\/de\/wp-json\/wp\/v2\/product"}],"about":[{"href":"https:\/\/www.purejewels.com\/de\/wp-json\/wp\/v2\/types\/product"}],"replies":[{"embeddable":true,"href":"https:\/\/www.purejewels.com\/de\/wp-json\/wp\/v2\/comments?post=409963"}],"version-history":[{"count":4,"href":"https:\/\/www.purejewels.com\/de\/wp-json\/wp\/v2\/product\/409963\/revisions"}],"predecessor-version":[{"id":426654,"href":"https:\/\/www.purejewels.com\/de\/wp-json\/wp\/v2\/product\/409963\/revisions\/426654"}],"wp:featuredmedia":[{"embeddable":true,"href":"https:\/\/www.purejewels.com\/de\/wp-json\/wp\/v2\/media\/409965"}],"wp:attachment":[{"href":"https:\/\/www.purejewels.com\/de\/wp-json\/wp\/v2\/media?parent=409963"}],"wp:term":[{"taxonomy":"product_brand","embeddable":true,"href":"https:\/\/www.purejewels.com\/de\/wp-json\/wp\/v2\/product_brand?post=409963"},{"taxonomy":"product_cat","embeddable":true,"href":"https:\/\/www.purejewels.com\/de\/wp-json\/wp\/v2\/product_cat?post=409963"},{"taxonomy":"product_tag","embeddable":true,"href":"https:\/\/www.purejewels.com\/de\/wp-json\/wp\/v2\/product_tag?post=409963"}],"curies":[{"name":"wp","href":"https:\/\/api.w.org\/{rel}","templated":true}]}}