{"id":409969,"date":"2025-07-07T14:05:52","date_gmt":"2025-07-07T13:05:52","guid":{"rendered":"https:\/\/www.purejewels.com\/?post_type=product&#038;p=409969"},"modified":"2026-05-08T12:08:59","modified_gmt":"2026-05-08T11:08:59","slug":"22ct-gold-perlen-mala-halskette-24-traditionelle-perlen-kette","status":"publish","type":"product","link":"https:\/\/www.purejewels.com\/de\/product\/22ct-gold-bead-mala-necklace-24-traditional-beaded-chain\/","title":{"rendered":"22ct Gold Traditionelle Perlenkette - 24\u2033"},"content":{"rendered":"<p data-start=\"297\" data-end=\"611\">Das mit Ehrfurcht und Pr\u00e4zision gefertigte <strong data-start=\"339\" data-end=\"371\">22ct Gold Perlen Mala Halskette<\/strong> ist eine strahlende Ode an das kulturelle Erbe und zeitloses Design. Dieser 24-Zoll-Strang besteht aus sorgf\u00e4ltig handpolierten Goldperlen, die die Symbolik traditioneller Traditionen widerspiegeln. <em data-start=\"536\" data-end=\"542\">mala<\/em> Schmuck - getragen zur Verehrung, zum Feiern und zum pers\u00f6nlichen Ausdruck.<\/p>\n<p data-start=\"613\" data-end=\"837\">Hergestellt in <strong data-start=\"621\" data-end=\"643\">reines 22 Karat Gold<\/strong>Die Halskette l\u00e4sst sich anmutig und flie\u00dfend tragen und eignet sich sowohl zum \u00dcbereinanderlegen als auch als eigenst\u00e4ndiges Accessoire. Die klassische Form wird durch handwerkliche Verarbeitung und eine glatte, hochgl\u00e4nzende Oberfl\u00e4che aufgewertet.<\/p>\n<p data-start=\"839\" data-end=\"929\">Jedes St\u00fcck ist <strong data-start=\"853\" data-end=\"894\">gepunzt durch das London Assay Office<\/strong>Dadurch werden Reinheit und Authentizit\u00e4t gew\u00e4hrleistet.<\/p>\n<p data-start=\"931\" data-end=\"952\"><strong data-start=\"931\" data-end=\"950\">Spezifikationen:<\/strong><\/p>\n<ul>\n<li>Gold Reinheit: 22ct<\/li>\n<li>L\u00e4nge: 24 Zoll<\/li>\n<li>Stil: Traditionelle Perlenmala<\/li>\n<li>Ausf\u00fchrung: Polierte runde Perlen<\/li>\n<li>Punze: London Assay Office<\/li>\n<\/ul>","protected":false},"excerpt":{"rendered":"<p>Exquisite Mala-Halskette aus 22-kar\u00e4tigem Gold mit einem Gewicht von 19,50 g, mit handpolierten Goldperlen f\u00fcr ein strahlendes Finish. Einstellbare 24-Zoll-L\u00e4nge sorgt f\u00fcr eine perfekte Passform. Gefertigt aus traditionellem Gelbgold mit einem Reinheitsgrad von 91,6% - ideal f\u00fcr besondere Anl\u00e4sse und dauerhafte Eleganz im Alltag.<\/p>\n<p><strong>Art der Halskette:<\/strong> Mala-Halskette<br \/>\n<strong>SKU:<\/strong> 51349<br \/>\n<strong>Gewicht:<\/strong> 19,50 Gramm<br \/>\n<strong>L\u00e4nge:<\/strong> 24 Zoll (kann angepasst werden)<br \/>\n<strong>Metall:<\/strong> 22ct Gold<br \/>\n<strong>Reinheit:<\/strong> 91.6% reines Gold<br \/>\n<strong>Beenden:<\/strong> Handpolierte Goldperlen<br \/>\n<strong>Angemessenheit:<\/strong> Besondere Anl\u00e4sse<br \/>\n<strong>Farbe:<\/strong> Traditionelle Gelbgoldfarbe, die bei t\u00e4glichem Gebrauch nicht verblasst oder sich verf\u00e4rbt<\/p>\n<p><strong>Preis und Lieferung:<\/strong> Inklusive Mehrwertsteuer und Lieferkosten<br \/>\n<a href=\"https:\/\/www.purejewels.com\/de\/ruckgabepolitik\/\">R\u00fcckgabepolitik<\/a><\/p>","protected":false},"featured_media":409970,"comment_status":"closed","ping_status":"closed","template":"","meta":{"_eb_attr":"","_crsspst_to_jayantr4sg-hostcom":true},"product_brand":[],"product_cat":[1791,1792,1229,1253,1779,1570,1573,1574,5349],"product_tag":[],"class_list":{"0":"post-409969","1":"product","2":"type-product","3":"status-publish","4":"has-post-thumbnail","6":"product_cat-anniversary-gifts","7":"product_cat-festival-gifts","8":"product_cat-22ct-gold-jewellery","9":"product_cat-gold-necklaces","10":"product_cat-mala-style-necklaces","11":"product_cat-mothers-day-gifts","12":"product_cat-wedding-gifts","13":"product_cat-womens-jewellery","14":"product_cat-yellow-gold-jewellery","16":"first","17":"outofstock","18":"taxable","19":"shipping-taxable","20":"product-type-simple","21":"add-to-wishlist-before_image"},"yoast_head":"<!-- This site is optimized with the Yoast SEO plugin v27.5 - https:\/\/yoast.com\/product\/yoast-seo-wordpress\/ -->\n<title>22ct Bead Mala Necklace \u2013Traditional Gold Chain | PureJewels UK<\/title>\n<meta name=\"description\" content=\"Shop the 22ct Gold Bead Mala Necklace \u2013 a 24-inch traditional chain made with polished gold beads. Crafted and hallmarked in London.\" \/>\n<meta name=\"robots\" content=\"index, follow, max-snippet:-1, max-image-preview:large, max-video-preview:-1\" \/>\n<link rel=\"canonical\" href=\"https:\/\/www.purejewels.com\/de\/produkt-2\/22ct-gold-perlen-mala-halskette-24-traditionelle-perlen-kette\/\" \/>\n<meta property=\"og:locale\" content=\"de_DE\" \/>\n<meta property=\"og:type\" content=\"article\" \/>\n<meta property=\"og:title\" content=\"22ct Bead Mala Necklace \u2013Traditional Gold Chain | PureJewels UK\" \/>\n<meta property=\"og:description\" content=\"Shop the 22ct Gold Bead Mala Necklace \u2013 a 24-inch traditional chain made with polished gold beads. Crafted and hallmarked in London.\" \/>\n<meta property=\"og:url\" content=\"https:\/\/www.purejewels.com\/de\/produkt-2\/22ct-gold-perlen-mala-halskette-24-traditionelle-perlen-kette\/\" \/>\n<meta property=\"og:site_name\" content=\"PureJewels UK\" \/>\n<meta property=\"article:modified_time\" content=\"2026-05-08T11:08:59+00:00\" \/>\n<meta property=\"og:image\" content=\"https:\/\/static.purejewels.com\/wp-content\/uploads\/2025\/08\/SKU-51349.jpg\" \/>\n\t<meta property=\"og:image:width\" content=\"1000\" \/>\n\t<meta property=\"og:image:height\" content=\"1000\" \/>\n\t<meta property=\"og:image:type\" content=\"image\/jpeg\" \/>\n<meta name=\"twitter:card\" content=\"summary_large_image\" \/>\n<meta name=\"twitter:label1\" content=\"Gesch\u00e4tzte Lesezeit\" \/>\n\t<meta name=\"twitter:data1\" content=\"1\u00a0Minute\" \/>\n<script type=\"application\/ld+json\" class=\"yoast-schema-graph\">{\"@context\":\"https:\\\/\\\/schema.org\",\"@graph\":[{\"@type\":[\"WebPage\",\"ItemPage\"],\"@id\":\"https:\\\/\\\/www.purejewels.com\\\/product\\\/22ct-gold-bead-mala-necklace-24-traditional-beaded-chain\\\/\",\"url\":\"https:\\\/\\\/www.purejewels.com\\\/product\\\/22ct-gold-bead-mala-necklace-24-traditional-beaded-chain\\\/\",\"name\":\"22ct Bead Mala Necklace \u2013Traditional Gold Chain | PureJewels UK\",\"isPartOf\":{\"@id\":\"https:\\\/\\\/www.purejewels.com\\\/#website\"},\"primaryImageOfPage\":{\"@id\":\"https:\\\/\\\/www.purejewels.com\\\/product\\\/22ct-gold-bead-mala-necklace-24-traditional-beaded-chain\\\/#primaryimage\"},\"image\":{\"@id\":\"https:\\\/\\\/www.purejewels.com\\\/product\\\/22ct-gold-bead-mala-necklace-24-traditional-beaded-chain\\\/#primaryimage\"},\"thumbnailUrl\":\"https:\\\/\\\/static.purejewels.com\\\/wp-content\\\/uploads\\\/2025\\\/08\\\/SKU-51349.jpg\",\"datePublished\":\"2025-07-07T13:05:52+00:00\",\"dateModified\":\"2026-05-08T11:08:59+00:00\",\"description\":\"Shop the 22ct Gold Bead Mala Necklace \u2013 a 24-inch traditional chain made with polished gold beads. Crafted and hallmarked in London.\",\"breadcrumb\":{\"@id\":\"https:\\\/\\\/www.purejewels.com\\\/product\\\/22ct-gold-bead-mala-necklace-24-traditional-beaded-chain\\\/#breadcrumb\"},\"inLanguage\":\"de\",\"potentialAction\":[{\"@type\":\"ReadAction\",\"target\":[\"https:\\\/\\\/www.purejewels.com\\\/product\\\/22ct-gold-bead-mala-necklace-24-traditional-beaded-chain\\\/\"]}]},{\"@type\":\"ImageObject\",\"inLanguage\":\"de\",\"@id\":\"https:\\\/\\\/www.purejewels.com\\\/product\\\/22ct-gold-bead-mala-necklace-24-traditional-beaded-chain\\\/#primaryimage\",\"url\":\"https:\\\/\\\/static.purejewels.com\\\/wp-content\\\/uploads\\\/2025\\\/08\\\/SKU-51349.jpg\",\"contentUrl\":\"https:\\\/\\\/static.purejewels.com\\\/wp-content\\\/uploads\\\/2025\\\/08\\\/SKU-51349.jpg\",\"width\":1000,\"height\":1000,\"caption\":\"Stacked from 6 images. Method=B (R=8,S=4)\"},{\"@type\":\"BreadcrumbList\",\"@id\":\"https:\\\/\\\/www.purejewels.com\\\/product\\\/22ct-gold-bead-mala-necklace-24-traditional-beaded-chain\\\/#breadcrumb\",\"itemListElement\":[{\"@type\":\"ListItem\",\"position\":1,\"name\":\"Home\",\"item\":\"https:\\\/\\\/www.purejewels.com\\\/\"},{\"@type\":\"ListItem\",\"position\":2,\"name\":\"Shop\",\"item\":\"https:\\\/\\\/www.purejewels.com\\\/shop\\\/\"},{\"@type\":\"ListItem\",\"position\":3,\"name\":\"22ct Gold Traditional Beaded Necklace \u2013 24&#8243;\"}]},{\"@type\":\"WebSite\",\"@id\":\"https:\\\/\\\/www.purejewels.com\\\/#website\",\"url\":\"https:\\\/\\\/www.purejewels.com\\\/\",\"name\":\"PureJewels UK\",\"description\":\"Share the Love\",\"publisher\":{\"@id\":\"https:\\\/\\\/www.purejewels.com\\\/#organization\"},\"potentialAction\":[{\"@type\":\"SearchAction\",\"target\":{\"@type\":\"EntryPoint\",\"urlTemplate\":\"https:\\\/\\\/www.purejewels.com\\\/?s={search_term_string}\"},\"query-input\":{\"@type\":\"PropertyValueSpecification\",\"valueRequired\":true,\"valueName\":\"search_term_string\"}}],\"inLanguage\":\"de\"},{\"@type\":\"Organization\",\"@id\":\"https:\\\/\\\/www.purejewels.com\\\/#organization\",\"name\":\"PureJewels UK\",\"url\":\"https:\\\/\\\/www.purejewels.com\\\/\",\"logo\":{\"@type\":\"ImageObject\",\"inLanguage\":\"de\",\"@id\":\"https:\\\/\\\/www.purejewels.com\\\/#\\\/schema\\\/logo\\\/image\\\/\",\"url\":\"https:\\\/\\\/static.purejewels.com\\\/wp-content\\\/uploads\\\/2020\\\/11\\\/Logo-PJ-New-1.png\",\"contentUrl\":\"https:\\\/\\\/static.purejewels.com\\\/wp-content\\\/uploads\\\/2020\\\/11\\\/Logo-PJ-New-1.png\",\"width\":150,\"height\":80,\"caption\":\"PureJewels UK\"},\"image\":{\"@id\":\"https:\\\/\\\/www.purejewels.com\\\/#\\\/schema\\\/logo\\\/image\\\/\"}}]}<\/script>\n<!-- \/ Yoast SEO plugin. -->","yoast_head_json":{"title":"22ct Bead Mala Halskette -Traditionelle Goldkette | PureJewels UK","description":"Shoppen Sie die 22ct Gold Bead Mala Necklace - eine traditionelle 24-Zoll-Kette mit polierten Goldperlen. Gefertigt und gestempelt in London.","robots":{"index":"index","follow":"follow","max-snippet":"max-snippet:-1","max-image-preview":"max-image-preview:large","max-video-preview":"max-video-preview:-1"},"canonical":"https:\/\/www.purejewels.com\/de\/produkt-2\/22ct-gold-perlen-mala-halskette-24-traditionelle-perlen-kette\/","og_locale":"de_DE","og_type":"article","og_title":"22ct Bead Mala Necklace \u2013Traditional Gold Chain | PureJewels UK","og_description":"Shop the 22ct Gold Bead Mala Necklace \u2013 a 24-inch traditional chain made with polished gold beads. Crafted and hallmarked in London.","og_url":"https:\/\/www.purejewels.com\/de\/produkt-2\/22ct-gold-perlen-mala-halskette-24-traditionelle-perlen-kette\/","og_site_name":"PureJewels UK","article_modified_time":"2026-05-08T11:08:59+00:00","og_image":[{"width":1000,"height":1000,"url":"https:\/\/static.purejewels.com\/wp-content\/uploads\/2025\/08\/SKU-51349.jpg","type":"image\/jpeg"}],"twitter_card":"summary_large_image","twitter_misc":{"Gesch\u00e4tzte Lesezeit":"1\u00a0Minute"},"schema":{"@context":"https:\/\/schema.org","@graph":[{"@type":["WebPage","ItemPage"],"@id":"https:\/\/www.purejewels.com\/product\/22ct-gold-bead-mala-necklace-24-traditional-beaded-chain\/","url":"https:\/\/www.purejewels.com\/product\/22ct-gold-bead-mala-necklace-24-traditional-beaded-chain\/","name":"22ct Bead Mala Halskette -Traditionelle Goldkette | PureJewels UK","isPartOf":{"@id":"https:\/\/www.purejewels.com\/#website"},"primaryImageOfPage":{"@id":"https:\/\/www.purejewels.com\/product\/22ct-gold-bead-mala-necklace-24-traditional-beaded-chain\/#primaryimage"},"image":{"@id":"https:\/\/www.purejewels.com\/product\/22ct-gold-bead-mala-necklace-24-traditional-beaded-chain\/#primaryimage"},"thumbnailUrl":"https:\/\/static.purejewels.com\/wp-content\/uploads\/2025\/08\/SKU-51349.jpg","datePublished":"2025-07-07T13:05:52+00:00","dateModified":"2026-05-08T11:08:59+00:00","description":"Shoppen Sie die 22ct Gold Bead Mala Necklace - eine traditionelle 24-Zoll-Kette mit polierten Goldperlen. Gefertigt und gestempelt in London.","breadcrumb":{"@id":"https:\/\/www.purejewels.com\/product\/22ct-gold-bead-mala-necklace-24-traditional-beaded-chain\/#breadcrumb"},"inLanguage":"de","potentialAction":[{"@type":"ReadAction","target":["https:\/\/www.purejewels.com\/product\/22ct-gold-bead-mala-necklace-24-traditional-beaded-chain\/"]}]},{"@type":"ImageObject","inLanguage":"de","@id":"https:\/\/www.purejewels.com\/product\/22ct-gold-bead-mala-necklace-24-traditional-beaded-chain\/#primaryimage","url":"https:\/\/static.purejewels.com\/wp-content\/uploads\/2025\/08\/SKU-51349.jpg","contentUrl":"https:\/\/static.purejewels.com\/wp-content\/uploads\/2025\/08\/SKU-51349.jpg","width":1000,"height":1000,"caption":"Stacked from 6 images. Method=B (R=8,S=4)"},{"@type":"BreadcrumbList","@id":"https:\/\/www.purejewels.com\/product\/22ct-gold-bead-mala-necklace-24-traditional-beaded-chain\/#breadcrumb","itemListElement":[{"@type":"ListItem","position":1,"name":"Home","item":"https:\/\/www.purejewels.com\/"},{"@type":"ListItem","position":2,"name":"Shop","item":"https:\/\/www.purejewels.com\/shop\/"},{"@type":"ListItem","position":3,"name":"22ct Gold Traditional Beaded Necklace \u2013 24&#8243;"}]},{"@type":"WebSite","@id":"https:\/\/www.purejewels.com\/#website","url":"https:\/\/www.purejewels.com\/","name":"PureJewels UK","description":"Teile die Liebe","publisher":{"@id":"https:\/\/www.purejewels.com\/#organization"},"potentialAction":[{"@type":"SearchAction","target":{"@type":"EntryPoint","urlTemplate":"https:\/\/www.purejewels.com\/?s={search_term_string}"},"query-input":{"@type":"PropertyValueSpecification","valueRequired":true,"valueName":"search_term_string"}}],"inLanguage":"de"},{"@type":"Organization","@id":"https:\/\/www.purejewels.com\/#organization","name":"PureJewels UK","url":"https:\/\/www.purejewels.com\/","logo":{"@type":"ImageObject","inLanguage":"de","@id":"https:\/\/www.purejewels.com\/#\/schema\/logo\/image\/","url":"https:\/\/static.purejewels.com\/wp-content\/uploads\/2020\/11\/Logo-PJ-New-1.png","contentUrl":"https:\/\/static.purejewels.com\/wp-content\/uploads\/2020\/11\/Logo-PJ-New-1.png","width":150,"height":80,"caption":"PureJewels UK"},"image":{"@id":"https:\/\/www.purejewels.com\/#\/schema\/logo\/image\/"}}]}},"_links":{"self":[{"href":"https:\/\/www.purejewels.com\/de\/wp-json\/wp\/v2\/product\/409969","targetHints":{"allow":["GET"]}}],"collection":[{"href":"https:\/\/www.purejewels.com\/de\/wp-json\/wp\/v2\/product"}],"about":[{"href":"https:\/\/www.purejewels.com\/de\/wp-json\/wp\/v2\/types\/product"}],"replies":[{"embeddable":true,"href":"https:\/\/www.purejewels.com\/de\/wp-json\/wp\/v2\/comments?post=409969"}],"version-history":[{"count":4,"href":"https:\/\/www.purejewels.com\/de\/wp-json\/wp\/v2\/product\/409969\/revisions"}],"predecessor-version":[{"id":410960,"href":"https:\/\/www.purejewels.com\/de\/wp-json\/wp\/v2\/product\/409969\/revisions\/410960"}],"wp:featuredmedia":[{"embeddable":true,"href":"https:\/\/www.purejewels.com\/de\/wp-json\/wp\/v2\/media\/409970"}],"wp:attachment":[{"href":"https:\/\/www.purejewels.com\/de\/wp-json\/wp\/v2\/media?parent=409969"}],"wp:term":[{"taxonomy":"product_brand","embeddable":true,"href":"https:\/\/www.purejewels.com\/de\/wp-json\/wp\/v2\/product_brand?post=409969"},{"taxonomy":"product_cat","embeddable":true,"href":"https:\/\/www.purejewels.com\/de\/wp-json\/wp\/v2\/product_cat?post=409969"},{"taxonomy":"product_tag","embeddable":true,"href":"https:\/\/www.purejewels.com\/de\/wp-json\/wp\/v2\/product_tag?post=409969"}],"curies":[{"name":"wp","href":"https:\/\/api.w.org\/{rel}","templated":true}]}}