{"id":410108,"date":"2025-07-08T04:48:46","date_gmt":"2025-07-08T03:48:46","guid":{"rendered":"https:\/\/www.purejewels.com\/?post_type=product&#038;p=410108"},"modified":"2026-01-30T13:27:08","modified_gmt":"2026-01-30T13:27:08","slug":"dhwani-harmonie-ton-kugel-tropfen-ohrringe-45874","status":"publish","type":"product","link":"https:\/\/www.purejewels.com\/de\/product\/dhwani-harmony-sound-ball-drop-earrings-45874\/","title":{"rendered":"Dhwani Harmony Sound Ball Drop Ohrringe"},"content":{"rendered":"<p data-start=\"219\" data-end=\"509\">Aus der Dhwani-Kollektion von PureJewels kommt ein St\u00fcck, das sowohl ein Erlebnis als auch ein Schmuckst\u00fcck ist. Die <strong data-start=\"325\" data-end=\"368\">Dhwani Harmony Sound Ball Drop Ohrringe<\/strong> sind von der stillen Kraft des Klangs inspiriert - wie eine einzelne Schwingung den Raum durchdringen, den Geist beruhigen und ein Gef\u00fchl der Ausgeglichenheit vermitteln kann.<\/p>\n<p data-start=\"511\" data-end=\"997\">Sorgf\u00e4ltig handgefertigt in reicher <strong data-start=\"544\" data-end=\"565\">22ct Sonnenaufgang Gold<\/strong>Diese Ohrringe beginnen mit einem gitterf\u00f6rmigen Ohrstecker, der an traditionelle indische Jali-Muster erinnert und die Verbindung aller Dinge symbolisiert. Daran h\u00e4ngt eine feine Goldkette, die mit Pr\u00e4zision gekn\u00fcpft ist und sich flie\u00dfend mit der Tr\u00e4gerin bewegt. Entlang der Kette markiert eine skulpturale Mittelperle mit granulierten Details eine rhythmische Pause - wie der gleichm\u00e4\u00dfige Takt einer Melodie -, bevor sie den Blick auf den Mittelpunkt des Schmuckst\u00fccks lenkt: die Klangkugel.<\/p>\n<p data-start=\"511\" data-end=\"997\">Ob als Zeichen der pers\u00f6nlichen Erdung getragen oder als bedeutungsvolles Geschenk verschenkt, die <strong data-start=\"1921\" data-end=\"1964\">Dhwani Harmony Sound Ball Drop Ohrringe<\/strong> sind ein Fest der Sinnesschmuckst\u00fccke, in denen Sch\u00f6nheit, Klang und Emotion in perfektem Rhythmus aufeinandertreffen.<\/p>","protected":false},"excerpt":{"rendered":"<p>Diese handgefertigten Dhwani-Ohrringe aus 22 Karat Gold sind von den Schwingungen des Klangs inspiriert und bestehen aus zarten Ketten, strukturierten Perlen und einer zentralen Klangkugel, die einen sanften Ton von sich gibt. Sie sollen Frieden, Heilung und Harmonie bringen und begleiten Sie bei jeder anmutigen Bewegung.<\/p>\n<p><strong>Material:<\/strong> 22ct Sonnenaufgang Gold<br \/>\n<strong>Reinheit:<\/strong> 91.6% rein<br \/>\n<strong>L\u00e4nge:<\/strong> 2 Zoll<br \/>\n<strong>Wahrzeichen:<\/strong>\u00a0Britisches G\u00fctesiegel<br \/>\n<strong>SKU:<\/strong> 45874<br \/>\n<strong>Bruttogewicht:<\/strong> 5,80 Gramm<\/p>\n<p><strong>Preis und Lieferung:<\/strong>\u00a0Inklusive Mehrwertsteuer und Lieferkosten<br \/>\n<a href=\"https:\/\/www.purejewels.com\/de\/ruckgabepolitik\/\"><strong>R\u00fcckgabepolitik<\/strong><\/a><\/p>","protected":false},"featured_media":410111,"comment_status":"closed","ping_status":"closed","template":"","meta":{"_eb_attr":"","_crsspst_to_jayantr4sg-hostcom":false},"product_brand":[],"product_cat":[1559,236,5633,6182,1793,1685,1792,1790,1254,1229,5347,1570,5353,1575,1569,1574,5349],"product_tag":[],"class_list":{"0":"post-410108","1":"product","2":"type-product","3":"status-publish","4":"has-post-thumbnail","6":"product_cat-birthday-gifts","7":"product_cat-collections","8":"product_cat-dhwani-collection","9":"product_cat-dhwani-earring","10":"product_cat-diwali-gifts","11":"product_cat-drop-earrings","12":"product_cat-festival-gifts","13":"product_cat-for-whom-when","14":"product_cat-gold-earrings","15":"product_cat-22ct-gold-jewellery","16":"product_cat-shop-by-metal","17":"product_cat-mothers-day-gifts","18":"product_cat-shop-by","19":"product_cat-teenage-jewellery","20":"product_cat-valentine-day-gifts","21":"product_cat-womens-jewellery","22":"product_cat-yellow-gold-jewellery","24":"first","25":"instock","26":"taxable","27":"shipping-taxable","28":"purchasable","29":"product-type-simple","30":"add-to-wishlist-before_image"},"yoast_head":"<!-- This site is optimized with the Yoast SEO plugin v27.5 - https:\/\/yoast.com\/product\/yoast-seo-wordpress\/ -->\n<title>Dhwani Sound Ball Drop Earrings | 22ct Gold by PureJewels<\/title>\n<meta name=\"description\" content=\"Shop the Dhwani Harmony Sound Ball Drop Earrings from PureJewels\u2019 Dhwani Collection. Handcrafted in 22ct gold. Free delivery across UK.\" \/>\n<meta name=\"robots\" content=\"index, follow, max-snippet:-1, max-image-preview:large, max-video-preview:-1\" \/>\n<link rel=\"canonical\" href=\"https:\/\/www.purejewels.com\/de\/produkt-2\/dhwani-harmonie-ton-kugel-tropfen-ohrringe-45874\/\" \/>\n<meta property=\"og:locale\" content=\"de_DE\" \/>\n<meta property=\"og:type\" content=\"article\" \/>\n<meta property=\"og:title\" content=\"Dhwani Sound Ball Drop Earrings | 22ct Gold by PureJewels\" \/>\n<meta property=\"og:description\" content=\"Shop the Dhwani Harmony Sound Ball Drop Earrings from PureJewels\u2019 Dhwani Collection. Handcrafted in 22ct gold. Free delivery across UK.\" \/>\n<meta property=\"og:url\" content=\"https:\/\/www.purejewels.com\/de\/produkt-2\/dhwani-harmonie-ton-kugel-tropfen-ohrringe-45874\/\" \/>\n<meta property=\"og:site_name\" content=\"PureJewels UK\" \/>\n<meta property=\"article:modified_time\" content=\"2026-01-30T13:27:08+00:00\" \/>\n<meta property=\"og:image\" content=\"https:\/\/static.purejewels.com\/wp-content\/uploads\/2025\/08\/SKU-45874.jpg\" \/>\n\t<meta property=\"og:image:width\" content=\"1000\" \/>\n\t<meta property=\"og:image:height\" content=\"1000\" \/>\n\t<meta property=\"og:image:type\" content=\"image\/jpeg\" \/>\n<meta name=\"twitter:card\" content=\"summary_large_image\" \/>\n<meta name=\"twitter:label1\" content=\"Gesch\u00e4tzte Lesezeit\" \/>\n\t<meta name=\"twitter:data1\" content=\"1\u00a0Minute\" \/>\n<script type=\"application\/ld+json\" class=\"yoast-schema-graph\">{\"@context\":\"https:\\\/\\\/schema.org\",\"@graph\":[{\"@type\":[\"WebPage\",\"ItemPage\"],\"@id\":\"https:\\\/\\\/www.purejewels.com\\\/product\\\/dhwani-harmony-sound-ball-drop-earrings-45874\\\/\",\"url\":\"https:\\\/\\\/www.purejewels.com\\\/product\\\/dhwani-harmony-sound-ball-drop-earrings-45874\\\/\",\"name\":\"Dhwani Sound Ball Drop Earrings | 22ct Gold by PureJewels\",\"isPartOf\":{\"@id\":\"https:\\\/\\\/www.purejewels.com\\\/#website\"},\"primaryImageOfPage\":{\"@id\":\"https:\\\/\\\/www.purejewels.com\\\/product\\\/dhwani-harmony-sound-ball-drop-earrings-45874\\\/#primaryimage\"},\"image\":{\"@id\":\"https:\\\/\\\/www.purejewels.com\\\/product\\\/dhwani-harmony-sound-ball-drop-earrings-45874\\\/#primaryimage\"},\"thumbnailUrl\":\"https:\\\/\\\/static.purejewels.com\\\/wp-content\\\/uploads\\\/2025\\\/08\\\/SKU-45874.jpg\",\"datePublished\":\"2025-07-08T03:48:46+00:00\",\"dateModified\":\"2026-01-30T13:27:08+00:00\",\"description\":\"Shop the Dhwani Harmony Sound Ball Drop Earrings from PureJewels\u2019 Dhwani Collection. Handcrafted in 22ct gold. Free delivery across UK.\",\"breadcrumb\":{\"@id\":\"https:\\\/\\\/www.purejewels.com\\\/product\\\/dhwani-harmony-sound-ball-drop-earrings-45874\\\/#breadcrumb\"},\"inLanguage\":\"de\",\"potentialAction\":[{\"@type\":\"ReadAction\",\"target\":[\"https:\\\/\\\/www.purejewels.com\\\/product\\\/dhwani-harmony-sound-ball-drop-earrings-45874\\\/\"]}]},{\"@type\":\"ImageObject\",\"inLanguage\":\"de\",\"@id\":\"https:\\\/\\\/www.purejewels.com\\\/product\\\/dhwani-harmony-sound-ball-drop-earrings-45874\\\/#primaryimage\",\"url\":\"https:\\\/\\\/static.purejewels.com\\\/wp-content\\\/uploads\\\/2025\\\/08\\\/SKU-45874.jpg\",\"contentUrl\":\"https:\\\/\\\/static.purejewels.com\\\/wp-content\\\/uploads\\\/2025\\\/08\\\/SKU-45874.jpg\",\"width\":1000,\"height\":1000,\"caption\":\"Dhwani Harmony Sound Ball Drop Earrings\"},{\"@type\":\"BreadcrumbList\",\"@id\":\"https:\\\/\\\/www.purejewels.com\\\/product\\\/dhwani-harmony-sound-ball-drop-earrings-45874\\\/#breadcrumb\",\"itemListElement\":[{\"@type\":\"ListItem\",\"position\":1,\"name\":\"Home\",\"item\":\"https:\\\/\\\/www.purejewels.com\\\/\"},{\"@type\":\"ListItem\",\"position\":2,\"name\":\"Shop\",\"item\":\"https:\\\/\\\/www.purejewels.com\\\/shop\\\/\"},{\"@type\":\"ListItem\",\"position\":3,\"name\":\"Dhwani Harmony Sound Ball Drop Earrings\"}]},{\"@type\":\"WebSite\",\"@id\":\"https:\\\/\\\/www.purejewels.com\\\/#website\",\"url\":\"https:\\\/\\\/www.purejewels.com\\\/\",\"name\":\"PureJewels UK\",\"description\":\"Share the Love\",\"publisher\":{\"@id\":\"https:\\\/\\\/www.purejewels.com\\\/#organization\"},\"potentialAction\":[{\"@type\":\"SearchAction\",\"target\":{\"@type\":\"EntryPoint\",\"urlTemplate\":\"https:\\\/\\\/www.purejewels.com\\\/?s={search_term_string}\"},\"query-input\":{\"@type\":\"PropertyValueSpecification\",\"valueRequired\":true,\"valueName\":\"search_term_string\"}}],\"inLanguage\":\"de\"},{\"@type\":\"Organization\",\"@id\":\"https:\\\/\\\/www.purejewels.com\\\/#organization\",\"name\":\"PureJewels UK\",\"url\":\"https:\\\/\\\/www.purejewels.com\\\/\",\"logo\":{\"@type\":\"ImageObject\",\"inLanguage\":\"de\",\"@id\":\"https:\\\/\\\/www.purejewels.com\\\/#\\\/schema\\\/logo\\\/image\\\/\",\"url\":\"https:\\\/\\\/static.purejewels.com\\\/wp-content\\\/uploads\\\/2020\\\/11\\\/Logo-PJ-New-1.png\",\"contentUrl\":\"https:\\\/\\\/static.purejewels.com\\\/wp-content\\\/uploads\\\/2020\\\/11\\\/Logo-PJ-New-1.png\",\"width\":150,\"height\":80,\"caption\":\"PureJewels UK\"},\"image\":{\"@id\":\"https:\\\/\\\/www.purejewels.com\\\/#\\\/schema\\\/logo\\\/image\\\/\"}}]}<\/script>\n<!-- \/ Yoast SEO plugin. -->","yoast_head_json":{"title":"Dhwani Sound Ball Drop Ohrringe | 22ct Gold von PureJewels","description":"Kaufen Sie die Dhwani Harmony Sound Ball Drop Earrings aus der Dhwani Kollektion von PureJewels. Handgefertigt aus 22 Karat Gold. Kostenlose Lieferung in Gro\u00dfbritannien.","robots":{"index":"index","follow":"follow","max-snippet":"max-snippet:-1","max-image-preview":"max-image-preview:large","max-video-preview":"max-video-preview:-1"},"canonical":"https:\/\/www.purejewels.com\/de\/produkt-2\/dhwani-harmonie-ton-kugel-tropfen-ohrringe-45874\/","og_locale":"de_DE","og_type":"article","og_title":"Dhwani Sound Ball Drop Earrings | 22ct Gold by PureJewels","og_description":"Shop the Dhwani Harmony Sound Ball Drop Earrings from PureJewels\u2019 Dhwani Collection. Handcrafted in 22ct gold. Free delivery across UK.","og_url":"https:\/\/www.purejewels.com\/de\/produkt-2\/dhwani-harmonie-ton-kugel-tropfen-ohrringe-45874\/","og_site_name":"PureJewels UK","article_modified_time":"2026-01-30T13:27:08+00:00","og_image":[{"width":1000,"height":1000,"url":"https:\/\/static.purejewels.com\/wp-content\/uploads\/2025\/08\/SKU-45874.jpg","type":"image\/jpeg"}],"twitter_card":"summary_large_image","twitter_misc":{"Gesch\u00e4tzte Lesezeit":"1\u00a0Minute"},"schema":{"@context":"https:\/\/schema.org","@graph":[{"@type":["WebPage","ItemPage"],"@id":"https:\/\/www.purejewels.com\/product\/dhwani-harmony-sound-ball-drop-earrings-45874\/","url":"https:\/\/www.purejewels.com\/product\/dhwani-harmony-sound-ball-drop-earrings-45874\/","name":"Dhwani Sound Ball Drop Ohrringe | 22ct Gold von PureJewels","isPartOf":{"@id":"https:\/\/www.purejewels.com\/#website"},"primaryImageOfPage":{"@id":"https:\/\/www.purejewels.com\/product\/dhwani-harmony-sound-ball-drop-earrings-45874\/#primaryimage"},"image":{"@id":"https:\/\/www.purejewels.com\/product\/dhwani-harmony-sound-ball-drop-earrings-45874\/#primaryimage"},"thumbnailUrl":"https:\/\/static.purejewels.com\/wp-content\/uploads\/2025\/08\/SKU-45874.jpg","datePublished":"2025-07-08T03:48:46+00:00","dateModified":"2026-01-30T13:27:08+00:00","description":"Kaufen Sie die Dhwani Harmony Sound Ball Drop Earrings aus der Dhwani Kollektion von PureJewels. Handgefertigt aus 22 Karat Gold. Kostenlose Lieferung in Gro\u00dfbritannien.","breadcrumb":{"@id":"https:\/\/www.purejewels.com\/product\/dhwani-harmony-sound-ball-drop-earrings-45874\/#breadcrumb"},"inLanguage":"de","potentialAction":[{"@type":"ReadAction","target":["https:\/\/www.purejewels.com\/product\/dhwani-harmony-sound-ball-drop-earrings-45874\/"]}]},{"@type":"ImageObject","inLanguage":"de","@id":"https:\/\/www.purejewels.com\/product\/dhwani-harmony-sound-ball-drop-earrings-45874\/#primaryimage","url":"https:\/\/static.purejewels.com\/wp-content\/uploads\/2025\/08\/SKU-45874.jpg","contentUrl":"https:\/\/static.purejewels.com\/wp-content\/uploads\/2025\/08\/SKU-45874.jpg","width":1000,"height":1000,"caption":"Dhwani Harmony Sound Ball Drop Earrings"},{"@type":"BreadcrumbList","@id":"https:\/\/www.purejewels.com\/product\/dhwani-harmony-sound-ball-drop-earrings-45874\/#breadcrumb","itemListElement":[{"@type":"ListItem","position":1,"name":"Home","item":"https:\/\/www.purejewels.com\/"},{"@type":"ListItem","position":2,"name":"Shop","item":"https:\/\/www.purejewels.com\/shop\/"},{"@type":"ListItem","position":3,"name":"Dhwani Harmony Sound Ball Drop Earrings"}]},{"@type":"WebSite","@id":"https:\/\/www.purejewels.com\/#website","url":"https:\/\/www.purejewels.com\/","name":"PureJewels UK","description":"Teile die Liebe","publisher":{"@id":"https:\/\/www.purejewels.com\/#organization"},"potentialAction":[{"@type":"SearchAction","target":{"@type":"EntryPoint","urlTemplate":"https:\/\/www.purejewels.com\/?s={search_term_string}"},"query-input":{"@type":"PropertyValueSpecification","valueRequired":true,"valueName":"search_term_string"}}],"inLanguage":"de"},{"@type":"Organization","@id":"https:\/\/www.purejewels.com\/#organization","name":"PureJewels UK","url":"https:\/\/www.purejewels.com\/","logo":{"@type":"ImageObject","inLanguage":"de","@id":"https:\/\/www.purejewels.com\/#\/schema\/logo\/image\/","url":"https:\/\/static.purejewels.com\/wp-content\/uploads\/2020\/11\/Logo-PJ-New-1.png","contentUrl":"https:\/\/static.purejewels.com\/wp-content\/uploads\/2020\/11\/Logo-PJ-New-1.png","width":150,"height":80,"caption":"PureJewels UK"},"image":{"@id":"https:\/\/www.purejewels.com\/#\/schema\/logo\/image\/"}}]}},"_links":{"self":[{"href":"https:\/\/www.purejewels.com\/de\/wp-json\/wp\/v2\/product\/410108","targetHints":{"allow":["GET"]}}],"collection":[{"href":"https:\/\/www.purejewels.com\/de\/wp-json\/wp\/v2\/product"}],"about":[{"href":"https:\/\/www.purejewels.com\/de\/wp-json\/wp\/v2\/types\/product"}],"replies":[{"embeddable":true,"href":"https:\/\/www.purejewels.com\/de\/wp-json\/wp\/v2\/comments?post=410108"}],"version-history":[{"count":3,"href":"https:\/\/www.purejewels.com\/de\/wp-json\/wp\/v2\/product\/410108\/revisions"}],"predecessor-version":[{"id":410115,"href":"https:\/\/www.purejewels.com\/de\/wp-json\/wp\/v2\/product\/410108\/revisions\/410115"}],"wp:featuredmedia":[{"embeddable":true,"href":"https:\/\/www.purejewels.com\/de\/wp-json\/wp\/v2\/media\/410111"}],"wp:attachment":[{"href":"https:\/\/www.purejewels.com\/de\/wp-json\/wp\/v2\/media?parent=410108"}],"wp:term":[{"taxonomy":"product_brand","embeddable":true,"href":"https:\/\/www.purejewels.com\/de\/wp-json\/wp\/v2\/product_brand?post=410108"},{"taxonomy":"product_cat","embeddable":true,"href":"https:\/\/www.purejewels.com\/de\/wp-json\/wp\/v2\/product_cat?post=410108"},{"taxonomy":"product_tag","embeddable":true,"href":"https:\/\/www.purejewels.com\/de\/wp-json\/wp\/v2\/product_tag?post=410108"}],"curies":[{"name":"wp","href":"https:\/\/api.w.org\/{rel}","templated":true}]}}