{"id":410204,"date":"2026-01-08T09:58:34","date_gmt":"2026-01-08T09:58:34","guid":{"rendered":"https:\/\/www.purejewels.com\/?post_type=product&#038;p=410204"},"modified":"2026-04-28T12:30:59","modified_gmt":"2026-04-28T11:30:59","slug":"mandala-munzen-ohrstecker-49590","status":"publish","type":"product","link":"https:\/\/www.purejewels.com\/de\/product\/mandala-coin-stud-earrings-49590\/","title":{"rendered":"Mandala M\u00fcnz-Ohrstecker | 22ct Gold Aiyna Kollektion"},"content":{"rendered":"<p data-start=\"369\" data-end=\"712\">Von PureJewels' <strong data-start=\"409\" data-end=\"429\">Aiyna Kollektion<\/strong>die <strong data-start=\"435\" data-end=\"465\">Mandala-M\u00fcnzen-Ohrstecker<\/strong> fangen die zeitlose Sch\u00f6nheit von Symmetrie und Symbolik ein. Gefertigt aus strahlendem <strong data-start=\"540\" data-end=\"553\">22 Karat Gold<\/strong>Jeder 14 mm gro\u00dfe Ohrstecker ist mit einem zentralen Motiv versehen, das von konzentrischen Schichten aus strukturierten Mustern umrahmt wird und an die meditative Geometrie eines Mandalas erinnert.<\/p>\n<p data-start=\"714\" data-end=\"1077\">Das Design entstammt der traditionellen indischen Kunst, in der Mandalas f\u00fcr Ganzheit, Gleichgewicht und Verbindung stehen. Die feinen Reliefs jedes Ohrrings werden in geschickter Handarbeit hergestellt und verleihen der Oberfl\u00e4che Tiefe und ein subtiles Lichtspiel. Die m\u00fcnzf\u00f6rmige Form bietet eine k\u00fchne und doch elegante Pr\u00e4senz, w\u00e4hrend das Gewicht von 5,2 g einen bequemen Sitz f\u00fcr das ganzt\u00e4gige Tragen gew\u00e4hrleistet.<\/p>\n<p data-start=\"1079\" data-end=\"1381\">Diese Ohrringe sind ein vielseitiges Schmuckst\u00fcck, das sich perfekt eignet, um Ihrem Alltagsstil ein kulturelles Erbe hinzuzuf\u00fcgen oder Ihre Festtagskleidung aufzuwerten. Ob als Geschenk f\u00fcr einen besonderen Anlass oder als pers\u00f6nlicher Talisman, sie spiegeln die Kunstfertigkeit und Bedeutung der Aiyna Collection wider.<\/p>","protected":false},"excerpt":{"rendered":"<p>Kaufen Sie Mandala-M\u00fcnzen-Ohrstecker aus der Aiyna-Kollektion von PureJewels. Handgefertigte 14 mm gro\u00dfe Ohrstecker aus 22-kar\u00e4tigem Gold mit filigranen, von Mandalas inspirierten Details, die kulturelles Erbe mit raffinierter Eleganz verbinden.<\/p>\n<p><strong>Material:<\/strong>\u00a022ct Gelbgold<br \/>\n<strong>Reinheit:<\/strong>\u00a091.6% rein<br \/>\n<strong>Wahrzeichen:<\/strong>\u00a0Britisches G\u00fctesiegel<br \/>\n<strong>SKU:<\/strong> 49590<br \/>\n<strong>Bruttogewicht:<\/strong> 5,20 Gramm<\/p>\n<p><strong>Preis und Lieferung:\u00a0<\/strong>Inklusive Mehrwertsteuer und Lieferkosten<br \/>\n<a href=\"https:\/\/www.purejewels.com\/de\/ruckgabepolitik\/\">R\u00fcckgabepolitik<\/a><\/p>","protected":false},"featured_media":410212,"comment_status":"closed","ping_status":"closed","template":"","meta":{"_eb_attr":"","_crsspst_to_jayantr4sg-hostcom":true},"product_brand":[],"product_cat":[6118,1559,236,1793,5701,1792,1254,1229,1570,1577,1574,5349],"product_tag":[66],"class_list":{"0":"post-410204","1":"product","2":"type-product","3":"status-publish","4":"has-post-thumbnail","6":"product_cat-aiyna-collection","7":"product_cat-birthday-gifts","8":"product_cat-collections","9":"product_cat-diwali-gifts","10":"product_cat-eid-jewellery","11":"product_cat-festival-gifts","12":"product_cat-gold-earrings","13":"product_cat-22ct-gold-jewellery","14":"product_cat-mothers-day-gifts","15":"product_cat-stud-earrings","16":"product_cat-womens-jewellery","17":"product_cat-yellow-gold-jewellery","18":"product_tag-earrings","20":"first","21":"instock","22":"sale","23":"taxable","24":"shipping-taxable","25":"purchasable","26":"product-type-simple","27":"add-to-wishlist-before_image"},"yoast_head":"<!-- This site is optimized with the Yoast SEO plugin v27.5 - https:\/\/yoast.com\/product\/yoast-seo-wordpress\/ -->\n<title>Mandala Coin Stud Earrings | 22ct Gold Jewellery | PureJewels<\/title>\n<meta name=\"description\" content=\"Shop Mandala Coin Stud Earrings from PureJewels\u2019 Aiyna Collection. Handcrafted 14mm studs in 22ct gold with intricate mandala-inspired detailing.\" \/>\n<meta name=\"robots\" content=\"index, follow, max-snippet:-1, max-image-preview:large, max-video-preview:-1\" \/>\n<link rel=\"canonical\" href=\"https:\/\/www.purejewels.com\/de\/produkt-2\/mandala-munzen-ohrstecker-49590\/\" \/>\n<meta property=\"og:locale\" content=\"de_DE\" \/>\n<meta property=\"og:type\" content=\"article\" \/>\n<meta property=\"og:title\" content=\"Mandala Coin Stud Earrings | 22ct Gold Jewellery | PureJewels\" \/>\n<meta property=\"og:description\" content=\"Shop Mandala Coin Stud Earrings from PureJewels\u2019 Aiyna Collection. Handcrafted 14mm studs in 22ct gold with intricate mandala-inspired detailing.\" \/>\n<meta property=\"og:url\" content=\"https:\/\/www.purejewels.com\/de\/produkt-2\/mandala-munzen-ohrstecker-49590\/\" \/>\n<meta property=\"og:site_name\" content=\"PureJewels UK\" \/>\n<meta property=\"article:modified_time\" content=\"2026-04-28T11:30:59+00:00\" \/>\n<meta property=\"og:image\" content=\"https:\/\/static.purejewels.com\/wp-content\/uploads\/2025\/08\/SKU-49590.jpg\" \/>\n\t<meta property=\"og:image:width\" content=\"1000\" \/>\n\t<meta property=\"og:image:height\" content=\"1000\" \/>\n\t<meta property=\"og:image:type\" content=\"image\/jpeg\" \/>\n<meta name=\"twitter:card\" content=\"summary_large_image\" \/>\n<meta name=\"twitter:label1\" content=\"Gesch\u00e4tzte Lesezeit\" \/>\n\t<meta name=\"twitter:data1\" content=\"1\u00a0Minute\" \/>\n<script type=\"application\/ld+json\" class=\"yoast-schema-graph\">{\"@context\":\"https:\\\/\\\/schema.org\",\"@graph\":[{\"@type\":[\"WebPage\",\"ItemPage\"],\"@id\":\"https:\\\/\\\/www.purejewels.com\\\/product\\\/mandala-coin-stud-earrings-49590\\\/\",\"url\":\"https:\\\/\\\/www.purejewels.com\\\/product\\\/mandala-coin-stud-earrings-49590\\\/\",\"name\":\"Mandala Coin Stud Earrings | 22ct Gold Jewellery | PureJewels\",\"isPartOf\":{\"@id\":\"https:\\\/\\\/www.purejewels.com\\\/#website\"},\"primaryImageOfPage\":{\"@id\":\"https:\\\/\\\/www.purejewels.com\\\/product\\\/mandala-coin-stud-earrings-49590\\\/#primaryimage\"},\"image\":{\"@id\":\"https:\\\/\\\/www.purejewels.com\\\/product\\\/mandala-coin-stud-earrings-49590\\\/#primaryimage\"},\"thumbnailUrl\":\"https:\\\/\\\/static.purejewels.com\\\/wp-content\\\/uploads\\\/2025\\\/08\\\/SKU-49590.jpg\",\"datePublished\":\"2026-01-08T09:58:34+00:00\",\"dateModified\":\"2026-04-28T11:30:59+00:00\",\"description\":\"Shop Mandala Coin Stud Earrings from PureJewels\u2019 Aiyna Collection. Handcrafted 14mm studs in 22ct gold with intricate mandala-inspired detailing.\",\"breadcrumb\":{\"@id\":\"https:\\\/\\\/www.purejewels.com\\\/product\\\/mandala-coin-stud-earrings-49590\\\/#breadcrumb\"},\"inLanguage\":\"de\",\"potentialAction\":[{\"@type\":\"ReadAction\",\"target\":[\"https:\\\/\\\/www.purejewels.com\\\/product\\\/mandala-coin-stud-earrings-49590\\\/\"]}]},{\"@type\":\"ImageObject\",\"inLanguage\":\"de\",\"@id\":\"https:\\\/\\\/www.purejewels.com\\\/product\\\/mandala-coin-stud-earrings-49590\\\/#primaryimage\",\"url\":\"https:\\\/\\\/static.purejewels.com\\\/wp-content\\\/uploads\\\/2025\\\/08\\\/SKU-49590.jpg\",\"contentUrl\":\"https:\\\/\\\/static.purejewels.com\\\/wp-content\\\/uploads\\\/2025\\\/08\\\/SKU-49590.jpg\",\"width\":1000,\"height\":1000,\"caption\":\"Mandala Coin Stud Earrings\"},{\"@type\":\"BreadcrumbList\",\"@id\":\"https:\\\/\\\/www.purejewels.com\\\/product\\\/mandala-coin-stud-earrings-49590\\\/#breadcrumb\",\"itemListElement\":[{\"@type\":\"ListItem\",\"position\":1,\"name\":\"Home\",\"item\":\"https:\\\/\\\/www.purejewels.com\\\/\"},{\"@type\":\"ListItem\",\"position\":2,\"name\":\"Shop\",\"item\":\"https:\\\/\\\/www.purejewels.com\\\/shop\\\/\"},{\"@type\":\"ListItem\",\"position\":3,\"name\":\"Mandala Coin Stud Earrings | 22ct Gold Aiyna Collection\"}]},{\"@type\":\"WebSite\",\"@id\":\"https:\\\/\\\/www.purejewels.com\\\/#website\",\"url\":\"https:\\\/\\\/www.purejewels.com\\\/\",\"name\":\"PureJewels UK\",\"description\":\"Share the Love\",\"publisher\":{\"@id\":\"https:\\\/\\\/www.purejewels.com\\\/#organization\"},\"potentialAction\":[{\"@type\":\"SearchAction\",\"target\":{\"@type\":\"EntryPoint\",\"urlTemplate\":\"https:\\\/\\\/www.purejewels.com\\\/?s={search_term_string}\"},\"query-input\":{\"@type\":\"PropertyValueSpecification\",\"valueRequired\":true,\"valueName\":\"search_term_string\"}}],\"inLanguage\":\"de\"},{\"@type\":\"Organization\",\"@id\":\"https:\\\/\\\/www.purejewels.com\\\/#organization\",\"name\":\"PureJewels UK\",\"url\":\"https:\\\/\\\/www.purejewels.com\\\/\",\"logo\":{\"@type\":\"ImageObject\",\"inLanguage\":\"de\",\"@id\":\"https:\\\/\\\/www.purejewels.com\\\/#\\\/schema\\\/logo\\\/image\\\/\",\"url\":\"https:\\\/\\\/static.purejewels.com\\\/wp-content\\\/uploads\\\/2020\\\/11\\\/Logo-PJ-New-1.png\",\"contentUrl\":\"https:\\\/\\\/static.purejewels.com\\\/wp-content\\\/uploads\\\/2020\\\/11\\\/Logo-PJ-New-1.png\",\"width\":150,\"height\":80,\"caption\":\"PureJewels UK\"},\"image\":{\"@id\":\"https:\\\/\\\/www.purejewels.com\\\/#\\\/schema\\\/logo\\\/image\\\/\"}}]}<\/script>\n<!-- \/ Yoast SEO plugin. -->","yoast_head_json":{"title":"Mandala M\u00fcnz-Ohrstecker | 22ct Gold Schmuck | PureJewels","description":"Shoppen Sie Mandala-M\u00fcnzen-Ohrstecker aus der Aiyna-Kollektion von PureJewels. Handgefertigte 14 mm gro\u00dfe Ohrstecker aus 22-kar\u00e4tigem Gold mit komplizierten, von Mandalas inspirierten Details.","robots":{"index":"index","follow":"follow","max-snippet":"max-snippet:-1","max-image-preview":"max-image-preview:large","max-video-preview":"max-video-preview:-1"},"canonical":"https:\/\/www.purejewels.com\/de\/produkt-2\/mandala-munzen-ohrstecker-49590\/","og_locale":"de_DE","og_type":"article","og_title":"Mandala Coin Stud Earrings | 22ct Gold Jewellery | PureJewels","og_description":"Shop Mandala Coin Stud Earrings from PureJewels\u2019 Aiyna Collection. Handcrafted 14mm studs in 22ct gold with intricate mandala-inspired detailing.","og_url":"https:\/\/www.purejewels.com\/de\/produkt-2\/mandala-munzen-ohrstecker-49590\/","og_site_name":"PureJewels UK","article_modified_time":"2026-04-28T11:30:59+00:00","og_image":[{"width":1000,"height":1000,"url":"https:\/\/static.purejewels.com\/wp-content\/uploads\/2025\/08\/SKU-49590.jpg","type":"image\/jpeg"}],"twitter_card":"summary_large_image","twitter_misc":{"Gesch\u00e4tzte Lesezeit":"1\u00a0Minute"},"schema":{"@context":"https:\/\/schema.org","@graph":[{"@type":["WebPage","ItemPage"],"@id":"https:\/\/www.purejewels.com\/product\/mandala-coin-stud-earrings-49590\/","url":"https:\/\/www.purejewels.com\/product\/mandala-coin-stud-earrings-49590\/","name":"Mandala M\u00fcnz-Ohrstecker | 22ct Gold Schmuck | PureJewels","isPartOf":{"@id":"https:\/\/www.purejewels.com\/#website"},"primaryImageOfPage":{"@id":"https:\/\/www.purejewels.com\/product\/mandala-coin-stud-earrings-49590\/#primaryimage"},"image":{"@id":"https:\/\/www.purejewels.com\/product\/mandala-coin-stud-earrings-49590\/#primaryimage"},"thumbnailUrl":"https:\/\/static.purejewels.com\/wp-content\/uploads\/2025\/08\/SKU-49590.jpg","datePublished":"2026-01-08T09:58:34+00:00","dateModified":"2026-04-28T11:30:59+00:00","description":"Shoppen Sie Mandala-M\u00fcnzen-Ohrstecker aus der Aiyna-Kollektion von PureJewels. Handgefertigte 14 mm gro\u00dfe Ohrstecker aus 22-kar\u00e4tigem Gold mit komplizierten, von Mandalas inspirierten Details.","breadcrumb":{"@id":"https:\/\/www.purejewels.com\/product\/mandala-coin-stud-earrings-49590\/#breadcrumb"},"inLanguage":"de","potentialAction":[{"@type":"ReadAction","target":["https:\/\/www.purejewels.com\/product\/mandala-coin-stud-earrings-49590\/"]}]},{"@type":"ImageObject","inLanguage":"de","@id":"https:\/\/www.purejewels.com\/product\/mandala-coin-stud-earrings-49590\/#primaryimage","url":"https:\/\/static.purejewels.com\/wp-content\/uploads\/2025\/08\/SKU-49590.jpg","contentUrl":"https:\/\/static.purejewels.com\/wp-content\/uploads\/2025\/08\/SKU-49590.jpg","width":1000,"height":1000,"caption":"Mandala Coin Stud Earrings"},{"@type":"BreadcrumbList","@id":"https:\/\/www.purejewels.com\/product\/mandala-coin-stud-earrings-49590\/#breadcrumb","itemListElement":[{"@type":"ListItem","position":1,"name":"Home","item":"https:\/\/www.purejewels.com\/"},{"@type":"ListItem","position":2,"name":"Shop","item":"https:\/\/www.purejewels.com\/shop\/"},{"@type":"ListItem","position":3,"name":"Mandala Coin Stud Earrings | 22ct Gold Aiyna Collection"}]},{"@type":"WebSite","@id":"https:\/\/www.purejewels.com\/#website","url":"https:\/\/www.purejewels.com\/","name":"PureJewels UK","description":"Teile die Liebe","publisher":{"@id":"https:\/\/www.purejewels.com\/#organization"},"potentialAction":[{"@type":"SearchAction","target":{"@type":"EntryPoint","urlTemplate":"https:\/\/www.purejewels.com\/?s={search_term_string}"},"query-input":{"@type":"PropertyValueSpecification","valueRequired":true,"valueName":"search_term_string"}}],"inLanguage":"de"},{"@type":"Organization","@id":"https:\/\/www.purejewels.com\/#organization","name":"PureJewels UK","url":"https:\/\/www.purejewels.com\/","logo":{"@type":"ImageObject","inLanguage":"de","@id":"https:\/\/www.purejewels.com\/#\/schema\/logo\/image\/","url":"https:\/\/static.purejewels.com\/wp-content\/uploads\/2020\/11\/Logo-PJ-New-1.png","contentUrl":"https:\/\/static.purejewels.com\/wp-content\/uploads\/2020\/11\/Logo-PJ-New-1.png","width":150,"height":80,"caption":"PureJewels UK"},"image":{"@id":"https:\/\/www.purejewels.com\/#\/schema\/logo\/image\/"}}]}},"_links":{"self":[{"href":"https:\/\/www.purejewels.com\/de\/wp-json\/wp\/v2\/product\/410204","targetHints":{"allow":["GET"]}}],"collection":[{"href":"https:\/\/www.purejewels.com\/de\/wp-json\/wp\/v2\/product"}],"about":[{"href":"https:\/\/www.purejewels.com\/de\/wp-json\/wp\/v2\/types\/product"}],"replies":[{"embeddable":true,"href":"https:\/\/www.purejewels.com\/de\/wp-json\/wp\/v2\/comments?post=410204"}],"version-history":[{"count":1,"href":"https:\/\/www.purejewels.com\/de\/wp-json\/wp\/v2\/product\/410204\/revisions"}],"predecessor-version":[{"id":410215,"href":"https:\/\/www.purejewels.com\/de\/wp-json\/wp\/v2\/product\/410204\/revisions\/410215"}],"wp:featuredmedia":[{"embeddable":true,"href":"https:\/\/www.purejewels.com\/de\/wp-json\/wp\/v2\/media\/410212"}],"wp:attachment":[{"href":"https:\/\/www.purejewels.com\/de\/wp-json\/wp\/v2\/media?parent=410204"}],"wp:term":[{"taxonomy":"product_brand","embeddable":true,"href":"https:\/\/www.purejewels.com\/de\/wp-json\/wp\/v2\/product_brand?post=410204"},{"taxonomy":"product_cat","embeddable":true,"href":"https:\/\/www.purejewels.com\/de\/wp-json\/wp\/v2\/product_cat?post=410204"},{"taxonomy":"product_tag","embeddable":true,"href":"https:\/\/www.purejewels.com\/de\/wp-json\/wp\/v2\/product_tag?post=410204"}],"curies":[{"name":"wp","href":"https:\/\/api.w.org\/{rel}","templated":true}]}}