{"id":410865,"date":"2025-07-12T05:31:00","date_gmt":"2025-07-12T04:31:00","guid":{"rendered":"https:\/\/www.purejewels.com\/?post_type=product&#038;p=410865"},"modified":"2026-04-29T16:11:09","modified_gmt":"2026-04-29T15:11:09","slug":"koniglich-rot-meenakari-gold-kada-49556","status":"publish","type":"product","link":"https:\/\/www.purejewels.com\/de\/product\/royal-red-meenakari-gold-kada-49556\/","title":{"rendered":"K\u00f6nigliches Rot Meenakari Gold Kada"},"content":{"rendered":"<p data-start=\"727\" data-end=\"1211\">Die Royal Red Meenakari Gold Kada strahlt k\u00f6niglichen Charme aus und ist ein Meisterwerk der traditionellen Handwerkskunst. Die 33,4 Gramm schwere Kada aus 22-kar\u00e4tigem Gold hat einen sattroten Emaillegrund, der mit zarten Blumenmustern in Gold und Tiefblau verziert ist. Jedes Detail spiegelt die akribische Kunstfertigkeit unserer Kunsthandwerker wider. Die Kada ist mit einer Reihe fein gearbeiteter goldener Blumenperlen entlang des oberen Randes verziert, die dem komplizierten Design Dimension und Textur verleihen.<\/p>\n<p data-start=\"1213\" data-end=\"1675\">Mit einer Breite von 17,8 mm, einer Gr\u00f6\u00dfe von 2,4 und einem sicheren Schraubverschluss bietet dieses St\u00fcck sowohl Komfort als auch einen raffinierten Sitz. Die lebendige Meenakari-Malerei zelebriert die uralte Kunst der Emaille-Malerei und bildet einen lebhaften Kontrast zum warmen Schimmer des hochreinen Goldes. Ideal f\u00fcr Hochzeiten, festliche Anl\u00e4sse oder als unverwechselbares Sammlerst\u00fcck ist diese Kada eine zeitlose Mischung aus kultureller Kunstfertigkeit und luxuri\u00f6ser Sch\u00f6nheit - geschaffen, um \u00fcber Generationen hinweg in Ehren gehalten zu werden.<\/p>\n<ul>\n<li data-start=\"1465\" data-end=\"1496\">\n<p data-start=\"1467\" data-end=\"1496\"><strong data-start=\"1467\" data-end=\"1477\">Metall:<\/strong> 22ct Gelbgold<\/p>\n<\/li>\n<li data-start=\"1497\" data-end=\"1526\">\n<p data-start=\"1499\" data-end=\"1526\"><strong data-start=\"1499\" data-end=\"1514\">Sammlung: <\/strong>Maharani<\/p>\n<\/li>\n<li data-start=\"1527\" data-end=\"1588\">\n<p data-start=\"1529\" data-end=\"1588\"><strong data-start=\"1529\" data-end=\"1540\">Beenden:<\/strong> Hochglanzpoliert mit mehrfarbigen Emaille-Details<\/p>\n<\/li>\n<li data-start=\"1655\" data-end=\"1676\">\n<p data-start=\"1657\" data-end=\"1676\"><strong data-start=\"1657\" data-end=\"1667\">Breite:<\/strong> 17,8 mm<\/p>\n<\/li>\n<li data-start=\"1677\" data-end=\"1713\">\n<p data-start=\"1679\" data-end=\"1713\"><strong data-start=\"1679\" data-end=\"1690\">Gewicht:<\/strong> 33,4 Gramm (ca.)<\/p>\n<\/li>\n<li data-start=\"1714\" data-end=\"1763\">\n<p data-start=\"1716\" data-end=\"1763\"><strong data-start=\"1716\" data-end=\"1725\">Gr\u00f6\u00dfe:<\/strong> 2,4 (Innendurchmesser ca. 57,2 mm)<\/p>\n<\/li>\n<li data-start=\"1764\" data-end=\"1796\">\n<p data-start=\"1766\" data-end=\"1796\"><strong data-start=\"1766\" data-end=\"1778\">Schlie\u00dfung:<\/strong> Schraubbefestigung<\/p>\n<\/li>\n<li data-start=\"1797\" data-end=\"1840\">\n<p data-start=\"1799\" data-end=\"1840\"><strong data-start=\"1799\" data-end=\"1812\">Wahrzeichen:<\/strong> Britisches G\u00fctesiegel<\/p>\n<\/li>\n<li data-start=\"1841\" data-end=\"1896\">\n<p data-start=\"1843\" data-end=\"1896\"><strong data-start=\"1843\" data-end=\"1857\">Verpackung:<\/strong> Pr\u00e4sentiert in einer PureJewels Luxus-Box<\/p>\n<\/li>\n<\/ul>","protected":false},"excerpt":{"rendered":"<p data-start=\"291\" data-end=\"500\">Diese Royal Red Meenakari Gold Kada ist ein Fest der Tradition und Kunstfertigkeit. Sie ist aus reinem 22-kar\u00e4tigem Gold gefertigt und mit aufw\u00e4ndiger floraler Emaillearbeit verziert. Der tiefrote Hintergrund und die goldenen Details bilden einen auff\u00e4lligen, k\u00f6niglichen Kontrast - perfekt f\u00fcr besondere Anl\u00e4sse oder als wertvolles Erbst\u00fcck.<\/p>\n<ul>\n<li><strong>Material:<\/strong> 22ct Gold<\/li>\n<li><strong>Reinheit: <\/strong>91.6% rein<\/li>\n<li><strong>Wahrzeichen:\u00a0<\/strong>Britisches G\u00fctesiegel<\/li>\n<li><strong>Bruttogewicht: <\/strong>33.40 Gms<\/li>\n<li><strong>Armreif Gr\u00f6\u00dfe: <\/strong>2.4 (Weitere Gr\u00f6\u00dfen auf Anfrage)<\/li>\n<li><strong>SKU: <\/strong>49555, 49556<\/li>\n<li><strong>Geeignet f\u00fcr:<\/strong> Brautmode<\/li>\n<\/ul>\n<p><strong>Preis und Lieferung:\u00a0<\/strong>Inklusive Mehrwertsteuer und Lieferkosten<br \/>\n<strong><a href=\"https:\/\/www.purejewels.com\/de\/ruckgabepolitik\/\">R\u00fcckgabepolitik<\/a><\/strong><\/p>","protected":false},"featured_media":410866,"comment_status":"closed","ping_status":"closed","template":"","meta":{"_eb_attr":"","_crsspst_to_jayantr4sg-hostcom":false},"product_brand":[],"product_cat":[236,1233,1229,5878,5875,5271,1657,1574,5349],"product_tag":[],"class_list":{"0":"post-410865","1":"product","2":"type-product","3":"status-publish","4":"has-post-thumbnail","6":"product_cat-collections","7":"product_cat-gold-bangles","8":"product_cat-22ct-gold-jewellery","9":"product_cat-maharani-bangles","10":"product_cat-maharani-collection","11":"product_cat-occasion-wear-bangles","12":"product_cat-single-bangle","13":"product_cat-womens-jewellery","14":"product_cat-yellow-gold-jewellery","16":"first","17":"instock","18":"taxable","19":"shipping-taxable","20":"purchasable","21":"product-type-simple","22":"add-to-wishlist-before_image"},"yoast_head":"<!-- This site is optimized with the Yoast SEO plugin v27.6 - https:\/\/yoast.com\/product\/yoast-seo-wordpress\/ -->\n<title>Royal Red Meenakari Gold Kada | Size 2.4 | PureJewels UK<\/title>\n<meta name=\"description\" content=\"Shop the Royal Red Meenakari Gold Kada from PureJewels. Handcrafted in 22ct gold with intricate floral enamel work, this kada blends regal artistry with enduring elegance.\" \/>\n<meta name=\"robots\" content=\"index, follow, max-snippet:-1, max-image-preview:large, max-video-preview:-1\" \/>\n<link rel=\"canonical\" href=\"https:\/\/www.purejewels.com\/de\/produkt-2\/koniglich-rot-meenakari-gold-kada-49556\/\" \/>\n<meta property=\"og:locale\" content=\"de_DE\" \/>\n<meta property=\"og:type\" content=\"article\" \/>\n<meta property=\"og:title\" content=\"Royal Red Meenakari Gold Kada | Size 2.4 | PureJewels UK\" \/>\n<meta property=\"og:description\" content=\"Shop the Royal Red Meenakari Gold Kada from PureJewels. Handcrafted in 22ct gold with intricate floral enamel work, this kada blends regal artistry with enduring elegance.\" \/>\n<meta property=\"og:url\" content=\"https:\/\/www.purejewels.com\/de\/produkt-2\/koniglich-rot-meenakari-gold-kada-49556\/\" \/>\n<meta property=\"og:site_name\" content=\"PureJewels UK\" \/>\n<meta property=\"article:modified_time\" content=\"2026-04-29T15:11:09+00:00\" \/>\n<meta property=\"og:image\" content=\"https:\/\/static.purejewels.com\/wp-content\/uploads\/2025\/08\/SKU-49555.jpg\" \/>\n\t<meta property=\"og:image:width\" content=\"1000\" \/>\n\t<meta property=\"og:image:height\" content=\"1000\" \/>\n\t<meta property=\"og:image:type\" content=\"image\/jpeg\" \/>\n<meta name=\"twitter:card\" content=\"summary_large_image\" \/>\n<meta name=\"twitter:label1\" content=\"Gesch\u00e4tzte Lesezeit\" \/>\n\t<meta name=\"twitter:data1\" content=\"2\u00a0Minuten\" \/>\n<script type=\"application\/ld+json\" class=\"yoast-schema-graph\">{\"@context\":\"https:\\\/\\\/schema.org\",\"@graph\":[{\"@type\":[\"WebPage\",\"ItemPage\"],\"@id\":\"https:\\\/\\\/www.purejewels.com\\\/product\\\/royal-red-meenakari-gold-kada-49556\\\/\",\"url\":\"https:\\\/\\\/www.purejewels.com\\\/product\\\/royal-red-meenakari-gold-kada-49556\\\/\",\"name\":\"Royal Red Meenakari Gold Kada | Size 2.4 | PureJewels UK\",\"isPartOf\":{\"@id\":\"https:\\\/\\\/www.purejewels.com\\\/#website\"},\"primaryImageOfPage\":{\"@id\":\"https:\\\/\\\/www.purejewels.com\\\/product\\\/royal-red-meenakari-gold-kada-49556\\\/#primaryimage\"},\"image\":{\"@id\":\"https:\\\/\\\/www.purejewels.com\\\/product\\\/royal-red-meenakari-gold-kada-49556\\\/#primaryimage\"},\"thumbnailUrl\":\"https:\\\/\\\/static.purejewels.com\\\/wp-content\\\/uploads\\\/2025\\\/08\\\/SKU-49555.jpg\",\"datePublished\":\"2025-07-12T04:31:00+00:00\",\"dateModified\":\"2026-04-29T15:11:09+00:00\",\"description\":\"Shop the Royal Red Meenakari Gold Kada from PureJewels. Handcrafted in 22ct gold with intricate floral enamel work, this kada blends regal artistry with enduring elegance.\",\"breadcrumb\":{\"@id\":\"https:\\\/\\\/www.purejewels.com\\\/product\\\/royal-red-meenakari-gold-kada-49556\\\/#breadcrumb\"},\"inLanguage\":\"de\",\"potentialAction\":[{\"@type\":\"ReadAction\",\"target\":[\"https:\\\/\\\/www.purejewels.com\\\/product\\\/royal-red-meenakari-gold-kada-49556\\\/\"]}]},{\"@type\":\"ImageObject\",\"inLanguage\":\"de\",\"@id\":\"https:\\\/\\\/www.purejewels.com\\\/product\\\/royal-red-meenakari-gold-kada-49556\\\/#primaryimage\",\"url\":\"https:\\\/\\\/static.purejewels.com\\\/wp-content\\\/uploads\\\/2025\\\/08\\\/SKU-49555.jpg\",\"contentUrl\":\"https:\\\/\\\/static.purejewels.com\\\/wp-content\\\/uploads\\\/2025\\\/08\\\/SKU-49555.jpg\",\"width\":1000,\"height\":1000,\"caption\":\"Royal Red Meenakari Gold Kada\"},{\"@type\":\"BreadcrumbList\",\"@id\":\"https:\\\/\\\/www.purejewels.com\\\/product\\\/royal-red-meenakari-gold-kada-49556\\\/#breadcrumb\",\"itemListElement\":[{\"@type\":\"ListItem\",\"position\":1,\"name\":\"Home\",\"item\":\"https:\\\/\\\/www.purejewels.com\\\/\"},{\"@type\":\"ListItem\",\"position\":2,\"name\":\"Shop\",\"item\":\"https:\\\/\\\/www.purejewels.com\\\/shop\\\/\"},{\"@type\":\"ListItem\",\"position\":3,\"name\":\"Royal Red Meenakari Gold Kada\"}]},{\"@type\":\"WebSite\",\"@id\":\"https:\\\/\\\/www.purejewels.com\\\/#website\",\"url\":\"https:\\\/\\\/www.purejewels.com\\\/\",\"name\":\"PureJewels UK\",\"description\":\"Share the Love\",\"publisher\":{\"@id\":\"https:\\\/\\\/www.purejewels.com\\\/#organization\"},\"potentialAction\":[{\"@type\":\"SearchAction\",\"target\":{\"@type\":\"EntryPoint\",\"urlTemplate\":\"https:\\\/\\\/www.purejewels.com\\\/?s={search_term_string}\"},\"query-input\":{\"@type\":\"PropertyValueSpecification\",\"valueRequired\":true,\"valueName\":\"search_term_string\"}}],\"inLanguage\":\"de\"},{\"@type\":\"Organization\",\"@id\":\"https:\\\/\\\/www.purejewels.com\\\/#organization\",\"name\":\"PureJewels UK\",\"url\":\"https:\\\/\\\/www.purejewels.com\\\/\",\"logo\":{\"@type\":\"ImageObject\",\"inLanguage\":\"de\",\"@id\":\"https:\\\/\\\/www.purejewels.com\\\/#\\\/schema\\\/logo\\\/image\\\/\",\"url\":\"https:\\\/\\\/static.purejewels.com\\\/wp-content\\\/uploads\\\/2020\\\/11\\\/Logo-PJ-New-1.png\",\"contentUrl\":\"https:\\\/\\\/static.purejewels.com\\\/wp-content\\\/uploads\\\/2020\\\/11\\\/Logo-PJ-New-1.png\",\"width\":150,\"height\":80,\"caption\":\"PureJewels UK\"},\"image\":{\"@id\":\"https:\\\/\\\/www.purejewels.com\\\/#\\\/schema\\\/logo\\\/image\\\/\"}}]}<\/script>\n<!-- \/ Yoast SEO plugin. -->","yoast_head_json":{"title":"Royal Red Meenakari Gold Kada | Gr\u00f6\u00dfe 2.4 | PureJewels UK","description":"Kaufen Sie die Royal Red Meenakari Gold Kada von PureJewels. Handgefertigt aus 22-kar\u00e4tigem Gold mit komplizierter floraler Emaillearbeit, verbindet diese Kada k\u00f6nigliche Kunstfertigkeit mit dauerhafter Eleganz.","robots":{"index":"index","follow":"follow","max-snippet":"max-snippet:-1","max-image-preview":"max-image-preview:large","max-video-preview":"max-video-preview:-1"},"canonical":"https:\/\/www.purejewels.com\/de\/produkt-2\/koniglich-rot-meenakari-gold-kada-49556\/","og_locale":"de_DE","og_type":"article","og_title":"Royal Red Meenakari Gold Kada | Size 2.4 | PureJewels UK","og_description":"Shop the Royal Red Meenakari Gold Kada from PureJewels. Handcrafted in 22ct gold with intricate floral enamel work, this kada blends regal artistry with enduring elegance.","og_url":"https:\/\/www.purejewels.com\/de\/produkt-2\/koniglich-rot-meenakari-gold-kada-49556\/","og_site_name":"PureJewels UK","article_modified_time":"2026-04-29T15:11:09+00:00","og_image":[{"width":1000,"height":1000,"url":"https:\/\/static.purejewels.com\/wp-content\/uploads\/2025\/08\/SKU-49555.jpg","type":"image\/jpeg"}],"twitter_card":"summary_large_image","twitter_misc":{"Gesch\u00e4tzte Lesezeit":"2\u00a0Minuten"},"schema":{"@context":"https:\/\/schema.org","@graph":[{"@type":["WebPage","ItemPage"],"@id":"https:\/\/www.purejewels.com\/product\/royal-red-meenakari-gold-kada-49556\/","url":"https:\/\/www.purejewels.com\/product\/royal-red-meenakari-gold-kada-49556\/","name":"Royal Red Meenakari Gold Kada | Gr\u00f6\u00dfe 2.4 | PureJewels UK","isPartOf":{"@id":"https:\/\/www.purejewels.com\/#website"},"primaryImageOfPage":{"@id":"https:\/\/www.purejewels.com\/product\/royal-red-meenakari-gold-kada-49556\/#primaryimage"},"image":{"@id":"https:\/\/www.purejewels.com\/product\/royal-red-meenakari-gold-kada-49556\/#primaryimage"},"thumbnailUrl":"https:\/\/static.purejewels.com\/wp-content\/uploads\/2025\/08\/SKU-49555.jpg","datePublished":"2025-07-12T04:31:00+00:00","dateModified":"2026-04-29T15:11:09+00:00","description":"Kaufen Sie die Royal Red Meenakari Gold Kada von PureJewels. Handgefertigt aus 22-kar\u00e4tigem Gold mit komplizierter floraler Emaillearbeit, verbindet diese Kada k\u00f6nigliche Kunstfertigkeit mit dauerhafter Eleganz.","breadcrumb":{"@id":"https:\/\/www.purejewels.com\/product\/royal-red-meenakari-gold-kada-49556\/#breadcrumb"},"inLanguage":"de","potentialAction":[{"@type":"ReadAction","target":["https:\/\/www.purejewels.com\/product\/royal-red-meenakari-gold-kada-49556\/"]}]},{"@type":"ImageObject","inLanguage":"de","@id":"https:\/\/www.purejewels.com\/product\/royal-red-meenakari-gold-kada-49556\/#primaryimage","url":"https:\/\/static.purejewels.com\/wp-content\/uploads\/2025\/08\/SKU-49555.jpg","contentUrl":"https:\/\/static.purejewels.com\/wp-content\/uploads\/2025\/08\/SKU-49555.jpg","width":1000,"height":1000,"caption":"Royal Red Meenakari Gold Kada"},{"@type":"BreadcrumbList","@id":"https:\/\/www.purejewels.com\/product\/royal-red-meenakari-gold-kada-49556\/#breadcrumb","itemListElement":[{"@type":"ListItem","position":1,"name":"Home","item":"https:\/\/www.purejewels.com\/"},{"@type":"ListItem","position":2,"name":"Shop","item":"https:\/\/www.purejewels.com\/shop\/"},{"@type":"ListItem","position":3,"name":"Royal Red Meenakari Gold Kada"}]},{"@type":"WebSite","@id":"https:\/\/www.purejewels.com\/#website","url":"https:\/\/www.purejewels.com\/","name":"PureJewels UK","description":"Teile die Liebe","publisher":{"@id":"https:\/\/www.purejewels.com\/#organization"},"potentialAction":[{"@type":"SearchAction","target":{"@type":"EntryPoint","urlTemplate":"https:\/\/www.purejewels.com\/?s={search_term_string}"},"query-input":{"@type":"PropertyValueSpecification","valueRequired":true,"valueName":"search_term_string"}}],"inLanguage":"de"},{"@type":"Organization","@id":"https:\/\/www.purejewels.com\/#organization","name":"PureJewels UK","url":"https:\/\/www.purejewels.com\/","logo":{"@type":"ImageObject","inLanguage":"de","@id":"https:\/\/www.purejewels.com\/#\/schema\/logo\/image\/","url":"https:\/\/static.purejewels.com\/wp-content\/uploads\/2020\/11\/Logo-PJ-New-1.png","contentUrl":"https:\/\/static.purejewels.com\/wp-content\/uploads\/2020\/11\/Logo-PJ-New-1.png","width":150,"height":80,"caption":"PureJewels UK"},"image":{"@id":"https:\/\/www.purejewels.com\/#\/schema\/logo\/image\/"}}]}},"_links":{"self":[{"href":"https:\/\/www.purejewels.com\/de\/wp-json\/wp\/v2\/product\/410865","targetHints":{"allow":["GET"]}}],"collection":[{"href":"https:\/\/www.purejewels.com\/de\/wp-json\/wp\/v2\/product"}],"about":[{"href":"https:\/\/www.purejewels.com\/de\/wp-json\/wp\/v2\/types\/product"}],"replies":[{"embeddable":true,"href":"https:\/\/www.purejewels.com\/de\/wp-json\/wp\/v2\/comments?post=410865"}],"version-history":[{"count":3,"href":"https:\/\/www.purejewels.com\/de\/wp-json\/wp\/v2\/product\/410865\/revisions"}],"predecessor-version":[{"id":428331,"href":"https:\/\/www.purejewels.com\/de\/wp-json\/wp\/v2\/product\/410865\/revisions\/428331"}],"wp:featuredmedia":[{"embeddable":true,"href":"https:\/\/www.purejewels.com\/de\/wp-json\/wp\/v2\/media\/410866"}],"wp:attachment":[{"href":"https:\/\/www.purejewels.com\/de\/wp-json\/wp\/v2\/media?parent=410865"}],"wp:term":[{"taxonomy":"product_brand","embeddable":true,"href":"https:\/\/www.purejewels.com\/de\/wp-json\/wp\/v2\/product_brand?post=410865"},{"taxonomy":"product_cat","embeddable":true,"href":"https:\/\/www.purejewels.com\/de\/wp-json\/wp\/v2\/product_cat?post=410865"},{"taxonomy":"product_tag","embeddable":true,"href":"https:\/\/www.purejewels.com\/de\/wp-json\/wp\/v2\/product_tag?post=410865"}],"curies":[{"name":"wp","href":"https:\/\/api.w.org\/{rel}","templated":true}]}}