{"id":4112,"date":"2017-07-19T13:24:37","date_gmt":"2017-07-19T12:24:37","guid":{"rendered":"http:\/\/new.purejewels.com\/product\/brown-newirth-wedding-ring\/"},"modified":"2025-12-18T07:03:33","modified_gmt":"2025-12-18T07:03:33","slug":"brauner-neugeborenen-ehering","status":"publish","type":"product","link":"https:\/\/www.purejewels.com\/de\/product\/brown-newirth-wedding-ring\/","title":{"rendered":"Brown &amp; Newirth Platin-Diamant-Ehering"},"content":{"rendered":"<p data-start=\"221\" data-end=\"529\">Feiern Sie zeitlose Eleganz mit dem Ehering \u201eBrown &amp; Newirth Platinum Diamond\u201c, einem wahren Symbol f\u00fcr ewige Liebe und raffinierte Handwerkskunst. Dieser handgefertigte Ring aus hochwertigem Platin ist mit einer wundersch\u00f6nen Anordnung wei\u00dfer Diamanten und einem dezenten Hauch von rosa Saphiren besetzt, die der Tradition einen modernen Touch verleihen.<\/p>\n<p data-start=\"531\" data-end=\"826\">Das elegante, polierte Design bietet einen zeitgem\u00e4\u00dfen und dennoch klassischen Look und ist somit ideal f\u00fcr alle, die zur\u00fcckhaltenden Luxus sch\u00e4tzen. Jeder Diamant ist pr\u00e4zise gefasst, um seine Brillanz zur Geltung zu bringen, w\u00e4hrend die seltenen rosa Saphir-Akzente ein romantisches und bedeutungsvolles Detail hinzuf\u00fcgen, das f\u00fcr Liebe, Mitgef\u00fchl und Treue steht.<\/p>\n<p data-start=\"828\" data-end=\"1034\">Dieser vielseitige Ring eignet sich sowohl f\u00fcr M\u00e4nner als auch f\u00fcr Frauen und kann solo, zusammen mit einem Verlobungsring oder f\u00fcr einen modischeren Look auch mit mehreren Ringen kombiniert getragen werden. Er ist mehr als nur ein Ring \u2013 er ist ein Statement f\u00fcrs Leben.<\/p>","protected":false},"excerpt":{"rendered":"<p>Ehering<\/p>\n<p>Ausf\u00fchrung: Matte und polierte Ausf\u00fchrung<br \/>\nSteinfassung: Rubover<br \/>\nMetall: Platin<br \/>\nFingergr\u00f6\u00dfe:L\u00a0<span style=\"display: inline !important; float: none; background-color: transparent; color: #333333; cursor: text; font-family: Georgia,'Times New Roman','Bitstream Charter',Times,serif; font-size: 16px; font-style: normal; font-variant: normal; font-weight: 400; letter-spacing: normal; orphans: 2; text-align: left; text-decoration: none; text-indent: 0px; text-transform: none; -webkit-text-stroke-width: 0px; white-space: normal; word-spacing: 0px;\">kann nach Ihrer Figurgr\u00f6\u00dfe bestellt werden<\/span><br \/>\nBreite: 3,5 mm<\/p>\n<p>Dieser wundersch\u00f6ne Ehering von Brown &amp; Newirth ist aus starkem, gl\u00e4nzendem Platin gefertigt und mit drei Diamanten besetzt, die b\u00fcndig auf der Oberfl\u00e4che liegen (eine praktische Methode f\u00fcr das t\u00e4gliche Tragen). Eine stilvolle, widerstandsf\u00e4hige Wahl f\u00fcr einen unverwechselbaren Ehering. Sie werden ihn anprobieren wollen - also kommen Sie jederzeit in unser Gesch\u00e4ft. Wir freuen uns, diesen und andere Ringe von Brown &amp; Newirth in unserem Ausstellungsraum in der Green Street zu zeigen.<\/p>\n<ul>\n<li>Brown &amp; Newirth ist eine Schmuckwerkstatt mit Sitz im Norden Londons.<\/li>\n<li>Das Unternehmen ist stolz auf seine handgefertigten Trauringe, und jeder Ring von Brown &amp; Newirth durchl\u00e4uft auf seinem Weg durch die Produktion mindestens 12 Paar H\u00e4nde. Die Diamanten werden sorgf\u00e4ltig von Hand gefasst, die Ringe poliert und sorgf\u00e4ltig gepr\u00fcft, bevor sie in unserem Gesch\u00e4ft ankommen.<\/li>\n<li>Kommen Sie vorbei, um die neuesten St\u00fccke von Brown &amp; Newirth zu entdecken und herauszufinden, warum wir glauben, dass sie es wert sind, in unsere Schr\u00e4nke zu kommen.<\/li>\n<\/ul>","protected":false},"featured_media":4113,"comment_status":"closed","ping_status":"closed","template":"","meta":{"_eb_attr":"","_crsspst_to_jayantr4sg-hostcom":false},"product_brand":[],"product_cat":[1660],"product_tag":[],"class_list":{"0":"post-4112","1":"product","2":"type-product","3":"status-publish","4":"has-post-thumbnail","6":"product_cat-newrith-bands","8":"first","9":"outofstock","10":"taxable","11":"shipping-taxable","12":"product-type-simple","13":"add-to-wishlist-before_image"},"yoast_head":"<!-- This site is optimized with the Yoast SEO plugin v27.3 - https:\/\/yoast.com\/product\/yoast-seo-wordpress\/ -->\n<title>Elegant Platinum Diamond Band \u2013 Brown &amp; Newirth<\/title>\n<meta name=\"description\" content=\"Discover the Brown &amp; Newirth platinum diamond wedding ring featuring sparkling diamonds. A timeless symbol of love, handcrafted in the UK.\" \/>\n<meta name=\"robots\" content=\"index, follow, max-snippet:-1, max-image-preview:large, max-video-preview:-1\" \/>\n<link rel=\"canonical\" href=\"https:\/\/www.purejewels.com\/de\/produkt-2\/brauner-neugeborenen-ehering\/\" \/>\n<meta property=\"og:locale\" content=\"de_DE\" \/>\n<meta property=\"og:type\" content=\"article\" \/>\n<meta property=\"og:title\" content=\"Elegant Platinum Diamond Band \u2013 Brown &amp; Newirth\" \/>\n<meta property=\"og:description\" content=\"Discover the Brown &amp; Newirth platinum diamond wedding ring featuring sparkling diamonds. A timeless symbol of love, handcrafted in the UK.\" \/>\n<meta property=\"og:url\" content=\"https:\/\/www.purejewels.com\/de\/produkt-2\/brauner-neugeborenen-ehering\/\" \/>\n<meta property=\"og:site_name\" content=\"PureJewels UK\" \/>\n<meta property=\"article:modified_time\" content=\"2025-12-18T07:03:33+00:00\" \/>\n<meta property=\"og:image\" content=\"https:\/\/static.purejewels.com\/wp-content\/uploads\/2017\/07\/d052_xl-2.jpg\" \/>\n\t<meta property=\"og:image:width\" content=\"960\" \/>\n\t<meta property=\"og:image:height\" content=\"960\" \/>\n\t<meta property=\"og:image:type\" content=\"image\/jpeg\" \/>\n<meta name=\"twitter:card\" content=\"summary_large_image\" \/>\n<meta name=\"twitter:label1\" content=\"Gesch\u00e4tzte Lesezeit\" \/>\n\t<meta name=\"twitter:data1\" content=\"1\u00a0Minute\" \/>\n<script type=\"application\/ld+json\" class=\"yoast-schema-graph\">{\"@context\":\"https:\\\/\\\/schema.org\",\"@graph\":[{\"@type\":[\"WebPage\",\"ItemPage\"],\"@id\":\"https:\\\/\\\/www.purejewels.com\\\/product\\\/brown-newirth-wedding-ring\\\/\",\"url\":\"https:\\\/\\\/www.purejewels.com\\\/product\\\/brown-newirth-wedding-ring\\\/\",\"name\":\"Elegant Platinum Diamond Band \u2013 Brown & Newirth\",\"isPartOf\":{\"@id\":\"https:\\\/\\\/www.purejewels.com\\\/#website\"},\"primaryImageOfPage\":{\"@id\":\"https:\\\/\\\/www.purejewels.com\\\/product\\\/brown-newirth-wedding-ring\\\/#primaryimage\"},\"image\":{\"@id\":\"https:\\\/\\\/www.purejewels.com\\\/product\\\/brown-newirth-wedding-ring\\\/#primaryimage\"},\"thumbnailUrl\":\"https:\\\/\\\/static.purejewels.com\\\/wp-content\\\/uploads\\\/2017\\\/07\\\/d052_xl-2.jpg\",\"datePublished\":\"2017-07-19T12:24:37+00:00\",\"dateModified\":\"2025-12-18T07:03:33+00:00\",\"description\":\"Discover the Brown & Newirth platinum diamond wedding ring featuring sparkling diamonds. A timeless symbol of love, handcrafted in the UK.\",\"breadcrumb\":{\"@id\":\"https:\\\/\\\/www.purejewels.com\\\/product\\\/brown-newirth-wedding-ring\\\/#breadcrumb\"},\"inLanguage\":\"de\",\"potentialAction\":[{\"@type\":\"ReadAction\",\"target\":[\"https:\\\/\\\/www.purejewels.com\\\/product\\\/brown-newirth-wedding-ring\\\/\"]}]},{\"@type\":\"ImageObject\",\"inLanguage\":\"de\",\"@id\":\"https:\\\/\\\/www.purejewels.com\\\/product\\\/brown-newirth-wedding-ring\\\/#primaryimage\",\"url\":\"https:\\\/\\\/static.purejewels.com\\\/wp-content\\\/uploads\\\/2017\\\/07\\\/d052_xl-2.jpg\",\"contentUrl\":\"https:\\\/\\\/static.purejewels.com\\\/wp-content\\\/uploads\\\/2017\\\/07\\\/d052_xl-2.jpg\",\"width\":960,\"height\":960,\"caption\":\"d052_xl.jpg\"},{\"@type\":\"BreadcrumbList\",\"@id\":\"https:\\\/\\\/www.purejewels.com\\\/product\\\/brown-newirth-wedding-ring\\\/#breadcrumb\",\"itemListElement\":[{\"@type\":\"ListItem\",\"position\":1,\"name\":\"Home\",\"item\":\"https:\\\/\\\/www.purejewels.com\\\/\"},{\"@type\":\"ListItem\",\"position\":2,\"name\":\"Shop\",\"item\":\"https:\\\/\\\/www.purejewels.com\\\/shop\\\/\"},{\"@type\":\"ListItem\",\"position\":3,\"name\":\"Brown &#038; Newirth Platinum Diamond Wedding Ring\"}]},{\"@type\":\"WebSite\",\"@id\":\"https:\\\/\\\/www.purejewels.com\\\/#website\",\"url\":\"https:\\\/\\\/www.purejewels.com\\\/\",\"name\":\"PureJewels UK\",\"description\":\"Share the Love\",\"publisher\":{\"@id\":\"https:\\\/\\\/www.purejewels.com\\\/#organization\"},\"potentialAction\":[{\"@type\":\"SearchAction\",\"target\":{\"@type\":\"EntryPoint\",\"urlTemplate\":\"https:\\\/\\\/www.purejewels.com\\\/?s={search_term_string}\"},\"query-input\":{\"@type\":\"PropertyValueSpecification\",\"valueRequired\":true,\"valueName\":\"search_term_string\"}}],\"inLanguage\":\"de\"},{\"@type\":\"Organization\",\"@id\":\"https:\\\/\\\/www.purejewels.com\\\/#organization\",\"name\":\"PureJewels UK\",\"url\":\"https:\\\/\\\/www.purejewels.com\\\/\",\"logo\":{\"@type\":\"ImageObject\",\"inLanguage\":\"de\",\"@id\":\"https:\\\/\\\/www.purejewels.com\\\/#\\\/schema\\\/logo\\\/image\\\/\",\"url\":\"https:\\\/\\\/static.purejewels.com\\\/wp-content\\\/uploads\\\/2020\\\/11\\\/Logo-PJ-New-1.png\",\"contentUrl\":\"https:\\\/\\\/static.purejewels.com\\\/wp-content\\\/uploads\\\/2020\\\/11\\\/Logo-PJ-New-1.png\",\"width\":150,\"height\":80,\"caption\":\"PureJewels UK\"},\"image\":{\"@id\":\"https:\\\/\\\/www.purejewels.com\\\/#\\\/schema\\\/logo\\\/image\\\/\"}}]}<\/script>\n<!-- \/ Yoast SEO plugin. -->","yoast_head_json":{"title":"Elegantes Platin-Diamantband \u2013 Brown &amp; Newirth","description":"Entdecken Sie den Brown &amp; Newirth Platin-Diamant-Ehering mit funkelnden Diamanten. Ein zeitloses Symbol der Liebe, handgefertigt in Gro\u00dfbritannien.","robots":{"index":"index","follow":"follow","max-snippet":"max-snippet:-1","max-image-preview":"max-image-preview:large","max-video-preview":"max-video-preview:-1"},"canonical":"https:\/\/www.purejewels.com\/de\/produkt-2\/brauner-neugeborenen-ehering\/","og_locale":"de_DE","og_type":"article","og_title":"Elegant Platinum Diamond Band \u2013 Brown & Newirth","og_description":"Discover the Brown & Newirth platinum diamond wedding ring featuring sparkling diamonds. A timeless symbol of love, handcrafted in the UK.","og_url":"https:\/\/www.purejewels.com\/de\/produkt-2\/brauner-neugeborenen-ehering\/","og_site_name":"PureJewels UK","article_modified_time":"2025-12-18T07:03:33+00:00","og_image":[{"width":960,"height":960,"url":"https:\/\/static.purejewels.com\/wp-content\/uploads\/2017\/07\/d052_xl-2.jpg","type":"image\/jpeg"}],"twitter_card":"summary_large_image","twitter_misc":{"Gesch\u00e4tzte Lesezeit":"1\u00a0Minute"},"schema":{"@context":"https:\/\/schema.org","@graph":[{"@type":["WebPage","ItemPage"],"@id":"https:\/\/www.purejewels.com\/product\/brown-newirth-wedding-ring\/","url":"https:\/\/www.purejewels.com\/product\/brown-newirth-wedding-ring\/","name":"Elegantes Platin-Diamantband \u2013 Brown &amp; Newirth","isPartOf":{"@id":"https:\/\/www.purejewels.com\/#website"},"primaryImageOfPage":{"@id":"https:\/\/www.purejewels.com\/product\/brown-newirth-wedding-ring\/#primaryimage"},"image":{"@id":"https:\/\/www.purejewels.com\/product\/brown-newirth-wedding-ring\/#primaryimage"},"thumbnailUrl":"https:\/\/static.purejewels.com\/wp-content\/uploads\/2017\/07\/d052_xl-2.jpg","datePublished":"2017-07-19T12:24:37+00:00","dateModified":"2025-12-18T07:03:33+00:00","description":"Entdecken Sie den Brown &amp; Newirth Platin-Diamant-Ehering mit funkelnden Diamanten. Ein zeitloses Symbol der Liebe, handgefertigt in Gro\u00dfbritannien.","breadcrumb":{"@id":"https:\/\/www.purejewels.com\/product\/brown-newirth-wedding-ring\/#breadcrumb"},"inLanguage":"de","potentialAction":[{"@type":"ReadAction","target":["https:\/\/www.purejewels.com\/product\/brown-newirth-wedding-ring\/"]}]},{"@type":"ImageObject","inLanguage":"de","@id":"https:\/\/www.purejewels.com\/product\/brown-newirth-wedding-ring\/#primaryimage","url":"https:\/\/static.purejewels.com\/wp-content\/uploads\/2017\/07\/d052_xl-2.jpg","contentUrl":"https:\/\/static.purejewels.com\/wp-content\/uploads\/2017\/07\/d052_xl-2.jpg","width":960,"height":960,"caption":"d052_xl.jpg"},{"@type":"BreadcrumbList","@id":"https:\/\/www.purejewels.com\/product\/brown-newirth-wedding-ring\/#breadcrumb","itemListElement":[{"@type":"ListItem","position":1,"name":"Home","item":"https:\/\/www.purejewels.com\/"},{"@type":"ListItem","position":2,"name":"Shop","item":"https:\/\/www.purejewels.com\/shop\/"},{"@type":"ListItem","position":3,"name":"Brown &#038; Newirth Platinum Diamond Wedding Ring"}]},{"@type":"WebSite","@id":"https:\/\/www.purejewels.com\/#website","url":"https:\/\/www.purejewels.com\/","name":"PureJewels UK","description":"Teile die Liebe","publisher":{"@id":"https:\/\/www.purejewels.com\/#organization"},"potentialAction":[{"@type":"SearchAction","target":{"@type":"EntryPoint","urlTemplate":"https:\/\/www.purejewels.com\/?s={search_term_string}"},"query-input":{"@type":"PropertyValueSpecification","valueRequired":true,"valueName":"search_term_string"}}],"inLanguage":"de"},{"@type":"Organization","@id":"https:\/\/www.purejewels.com\/#organization","name":"PureJewels UK","url":"https:\/\/www.purejewels.com\/","logo":{"@type":"ImageObject","inLanguage":"de","@id":"https:\/\/www.purejewels.com\/#\/schema\/logo\/image\/","url":"https:\/\/static.purejewels.com\/wp-content\/uploads\/2020\/11\/Logo-PJ-New-1.png","contentUrl":"https:\/\/static.purejewels.com\/wp-content\/uploads\/2020\/11\/Logo-PJ-New-1.png","width":150,"height":80,"caption":"PureJewels UK"},"image":{"@id":"https:\/\/www.purejewels.com\/#\/schema\/logo\/image\/"}}]}},"_links":{"self":[{"href":"https:\/\/www.purejewels.com\/de\/wp-json\/wp\/v2\/product\/4112","targetHints":{"allow":["GET"]}}],"collection":[{"href":"https:\/\/www.purejewels.com\/de\/wp-json\/wp\/v2\/product"}],"about":[{"href":"https:\/\/www.purejewels.com\/de\/wp-json\/wp\/v2\/types\/product"}],"replies":[{"embeddable":true,"href":"https:\/\/www.purejewels.com\/de\/wp-json\/wp\/v2\/comments?post=4112"}],"version-history":[{"count":2,"href":"https:\/\/www.purejewels.com\/de\/wp-json\/wp\/v2\/product\/4112\/revisions"}],"predecessor-version":[{"id":423385,"href":"https:\/\/www.purejewels.com\/de\/wp-json\/wp\/v2\/product\/4112\/revisions\/423385"}],"wp:featuredmedia":[{"embeddable":true,"href":"https:\/\/www.purejewels.com\/de\/wp-json\/wp\/v2\/media\/4113"}],"wp:attachment":[{"href":"https:\/\/www.purejewels.com\/de\/wp-json\/wp\/v2\/media?parent=4112"}],"wp:term":[{"taxonomy":"product_brand","embeddable":true,"href":"https:\/\/www.purejewels.com\/de\/wp-json\/wp\/v2\/product_brand?post=4112"},{"taxonomy":"product_cat","embeddable":true,"href":"https:\/\/www.purejewels.com\/de\/wp-json\/wp\/v2\/product_cat?post=4112"},{"taxonomy":"product_tag","embeddable":true,"href":"https:\/\/www.purejewels.com\/de\/wp-json\/wp\/v2\/product_tag?post=4112"}],"curies":[{"name":"wp","href":"https:\/\/api.w.org\/{rel}","templated":true}]}}