{"id":411524,"date":"2025-07-14T10:16:36","date_gmt":"2025-07-14T09:16:36","guid":{"rendered":"https:\/\/www.purejewels.com\/?post_type=product&#038;p=411524"},"modified":"2026-03-26T05:18:15","modified_gmt":"2026-03-26T05:18:15","slug":"22ct-gold-om-symbol-anhanger-51815","status":"publish","type":"product","link":"https:\/\/www.purejewels.com\/de\/product\/22ct-gold-om-symbol-pendant-51815\/","title":{"rendered":"22ct Gold Om Symbol Anh\u00e4nger"},"content":{"rendered":"<p data-start=\"118\" data-end=\"425\">Dieser Om-Symbol-Anh\u00e4nger aus strahlendem 22-kar\u00e4tigem Gelbgold ist eine anmutige Hommage an eines der heiligsten und universellsten Symbole des Hinduismus. Das \u201cOm\u201d steht f\u00fcr die Essenz des Universums und den ewigen Klang der Sch\u00f6pfung und soll dem Tr\u00e4ger Frieden, Klarheit und spirituelles Gleichgewicht bringen.<\/p>\n<p data-start=\"427\" data-end=\"854\">Die flie\u00dfende Form des Anh\u00e4ngers wurde mit Pr\u00e4zision geformt und bietet eine glatte, polierte Oberfl\u00e4che, die die W\u00e4rme und den Glanz von hochreinem Gold einf\u00e4ngt. Mit 1,2 g ist er leicht genug f\u00fcr das t\u00e4gliche Tragen, aber dennoch bedeutungsvoll f\u00fcr besondere Anl\u00e4sse. Die sichere Schlaufe sorgt f\u00fcr Vielseitigkeit und kann mit einer Vielzahl von Kettentypen kombiniert werden. Damit ist sie ideal f\u00fcr pers\u00f6nliche Hingabe, elegantes Styling oder durchdachte Diwali-Geschenkideen.<\/p>\n<p data-start=\"856\" data-end=\"1025\">Dieses vom London Assay Office gepunzte St\u00fcck garantiert Authentizit\u00e4t und Reinheit und spiegelt das Engagement von PureJewels f\u00fcr Tradition, Handwerkskunst und dauerhaften Wert wider.<\/p>\n<p data-start=\"856\" data-end=\"1025\"><span data-sheets-root=\"1\">Verbessern Sie Ihre spirituelle Verbindung mit diesem exquisiten Om-Symbol-Anh\u00e4nger aus 22 Karat Gold, einem Symbol f\u00fcr Frieden und Harmonie. Dieser mit Pr\u00e4zision und Sorgfalt handgefertigte Anh\u00e4nger ist ein zeitloses, spirituelles Schmuckst\u00fcck aus Gold, das eine tiefe Bedeutung und Wichtigkeit hat. Die polierte Oberfl\u00e4che verleiht diesem heiligen Symbol einen Hauch von Eleganz und macht es perfekt f\u00fcr das t\u00e4gliche Tragen oder besondere Anl\u00e4sse.<\/span><\/p>\n<p>Dieser Anh\u00e4nger aus 22-kar\u00e4tigem Gold mit einem Reinheitsgrad von 91,6% ist ein Symbol f\u00fcr g\u00f6ttliche Verbindung und inneren Frieden. Die britische Punzierung garantiert seine Echtheit und Qualit\u00e4t, w\u00e4hrend das leichte Design ihn den ganzen Tag \u00fcber angenehm zu tragen macht. Egal, ob Sie ihn wegen seiner pers\u00f6nlichen spirituellen Bedeutung tragen oder ihn einem geliebten Menschen mit Segensw\u00fcnschen schenken, dieser Om-Symbol-Anh\u00e4nger ist eine sch\u00f6ne und sinnvolle Wahl.<\/p>\n<p>Erg\u00e4nzen Sie noch heute Ihre Sammlung mit diesem Om-Symbol-Anh\u00e4nger aus 22 Karat Gold und sp\u00fcren Sie die spirituelle Energie, die er bei jedem Tragen ausstrahlt. Mit kostenloser Lieferung, sicheren Online-Zahlungen und einer 30-t\u00e4gigen Geld-zur\u00fcck-Garantie k\u00f6nnen Sie mit Vertrauen und Seelenfrieden einkaufen.<\/p>","protected":false},"excerpt":{"rendered":"<p data-start=\"45\" data-end=\"265\">Dieser 22-kar\u00e4tige Goldanh\u00e4nger mit Om-Symbol ist ein zeitloses Symbol f\u00fcr Spiritualit\u00e4t und verk\u00f6rpert Frieden, Harmonie und g\u00f6ttliche Verbindung. Handgefertigt aus reinem Gold mit einer polierten Oberfl\u00e4che ist er ein bedeutungsvolles St\u00fcck, das man am Herzen tr\u00e4gt oder mit Segensw\u00fcnschen verschenkt.<\/p>\n<p><strong>Material:<\/strong>\u00a022ct Gold<strong><br \/>\nReinheit: <\/strong>91.6% rein<strong><br \/>\nWahrzeichen:\u00a0<\/strong>Britisches G\u00fctesiegel<strong><br \/>\n<\/strong><strong>Bruttogewicht: <\/strong>1.00 Gramm<strong><br \/>\nSKU: <\/strong>51815, 51816, 53462<\/p>\n<p><strong>Preis und Lieferung: <\/strong>Der Kettenpreis ist nicht inbegriffen, inklusive Mehrwertsteuer und Versandkosten.<strong><br \/>\n<a href=\"https:\/\/www.purejewels.com\/de\/ruckgabepolitik\/\">R\u00fcckgabepolitik<\/a><\/strong><\/p>","protected":false},"featured_media":411526,"comment_status":"closed","ping_status":"closed","template":"","meta":{"_eb_attr":"","_crsspst_to_jayantr4sg-hostcom":true},"product_brand":[],"product_cat":[1576,1793,1571,1790,1229,1255,5342,1767,1572,1768,5600,5338,1701,5349],"product_tag":[],"class_list":{"0":"post-411524","1":"product","2":"type-product","3":"status-publish","4":"has-post-thumbnail","6":"product_cat-childrens-jewellery","7":"product_cat-diwali-gifts","8":"product_cat-fathers-day-gifts","9":"product_cat-for-whom-when","10":"product_cat-22ct-gold-jewellery","11":"product_cat-gold-pendants","12":"product_cat-jewellery-under-250","13":"product_cat-ladies-pendants","14":"product_cat-mens-jewellery","15":"product_cat-mens-pendants","16":"product_cat-om-pendants","17":"product_cat-shop-by-price","18":"product_cat-religious-pendants","19":"product_cat-yellow-gold-jewellery","21":"first","22":"instock","23":"taxable","24":"shipping-taxable","25":"purchasable","26":"product-type-simple","27":"add-to-wishlist-before_image"},"yoast_head":"<!-- This site is optimized with the Yoast SEO plugin v27.4 - https:\/\/yoast.com\/product\/yoast-seo-wordpress\/ -->\n<title>22ct Gold Om Symbol Pendant | Spiritual Gold Jewellery UK<\/title>\n<meta name=\"description\" content=\"Discover the 22ct Gold Om Symbol Pendant \u2013 a sacred emblem of peace, harmony, and creation. Hallmarked, handcrafted, and perfect for daily wear or gifting.\" \/>\n<meta name=\"robots\" content=\"index, follow, max-snippet:-1, max-image-preview:large, max-video-preview:-1\" \/>\n<link rel=\"canonical\" href=\"https:\/\/www.purejewels.com\/de\/produkt-2\/22ct-gold-om-symbol-anhanger-51815\/\" \/>\n<meta property=\"og:locale\" content=\"de_DE\" \/>\n<meta property=\"og:type\" content=\"article\" \/>\n<meta property=\"og:title\" content=\"22ct Gold Om Symbol Pendant | Spiritual Gold Jewellery UK\" \/>\n<meta property=\"og:description\" content=\"Discover the 22ct Gold Om Symbol Pendant \u2013 a sacred emblem of peace, harmony, and creation. Hallmarked, handcrafted, and perfect for daily wear or gifting.\" \/>\n<meta property=\"og:url\" content=\"https:\/\/www.purejewels.com\/de\/produkt-2\/22ct-gold-om-symbol-anhanger-51815\/\" \/>\n<meta property=\"og:site_name\" content=\"PureJewels UK\" \/>\n<meta property=\"article:modified_time\" content=\"2026-03-26T05:18:15+00:00\" \/>\n<meta property=\"og:image\" content=\"https:\/\/static.purejewels.com\/wp-content\/uploads\/2025\/08\/SKU-51815.jpg\" \/>\n\t<meta property=\"og:image:width\" content=\"1000\" \/>\n\t<meta property=\"og:image:height\" content=\"1000\" \/>\n\t<meta property=\"og:image:type\" content=\"image\/jpeg\" \/>\n<meta name=\"twitter:card\" content=\"summary_large_image\" \/>\n<meta name=\"twitter:label1\" content=\"Gesch\u00e4tzte Lesezeit\" \/>\n\t<meta name=\"twitter:data1\" content=\"2\u00a0Minuten\" \/>\n<script type=\"application\/ld+json\" class=\"yoast-schema-graph\">{\"@context\":\"https:\\\/\\\/schema.org\",\"@graph\":[{\"@type\":[\"WebPage\",\"ItemPage\"],\"@id\":\"https:\\\/\\\/www.purejewels.com\\\/product\\\/22ct-gold-om-symbol-pendant-51815\\\/\",\"url\":\"https:\\\/\\\/www.purejewels.com\\\/product\\\/22ct-gold-om-symbol-pendant-51815\\\/\",\"name\":\"22ct Gold Om Symbol Pendant | Spiritual Gold Jewellery UK\",\"isPartOf\":{\"@id\":\"https:\\\/\\\/www.purejewels.com\\\/#website\"},\"primaryImageOfPage\":{\"@id\":\"https:\\\/\\\/www.purejewels.com\\\/product\\\/22ct-gold-om-symbol-pendant-51815\\\/#primaryimage\"},\"image\":{\"@id\":\"https:\\\/\\\/www.purejewels.com\\\/product\\\/22ct-gold-om-symbol-pendant-51815\\\/#primaryimage\"},\"thumbnailUrl\":\"https:\\\/\\\/static.purejewels.com\\\/wp-content\\\/uploads\\\/2025\\\/08\\\/SKU-51815.jpg\",\"datePublished\":\"2025-07-14T09:16:36+00:00\",\"dateModified\":\"2026-03-26T05:18:15+00:00\",\"description\":\"Discover the 22ct Gold Om Symbol Pendant \u2013 a sacred emblem of peace, harmony, and creation. Hallmarked, handcrafted, and perfect for daily wear or gifting.\",\"breadcrumb\":{\"@id\":\"https:\\\/\\\/www.purejewels.com\\\/product\\\/22ct-gold-om-symbol-pendant-51815\\\/#breadcrumb\"},\"inLanguage\":\"de\",\"potentialAction\":[{\"@type\":\"ReadAction\",\"target\":[\"https:\\\/\\\/www.purejewels.com\\\/product\\\/22ct-gold-om-symbol-pendant-51815\\\/\"]}]},{\"@type\":\"ImageObject\",\"inLanguage\":\"de\",\"@id\":\"https:\\\/\\\/www.purejewels.com\\\/product\\\/22ct-gold-om-symbol-pendant-51815\\\/#primaryimage\",\"url\":\"https:\\\/\\\/static.purejewels.com\\\/wp-content\\\/uploads\\\/2025\\\/08\\\/SKU-51815.jpg\",\"contentUrl\":\"https:\\\/\\\/static.purejewels.com\\\/wp-content\\\/uploads\\\/2025\\\/08\\\/SKU-51815.jpg\",\"width\":1000,\"height\":1000,\"caption\":\"22ct Gold Om Symbol Pendant\"},{\"@type\":\"BreadcrumbList\",\"@id\":\"https:\\\/\\\/www.purejewels.com\\\/product\\\/22ct-gold-om-symbol-pendant-51815\\\/#breadcrumb\",\"itemListElement\":[{\"@type\":\"ListItem\",\"position\":1,\"name\":\"Home\",\"item\":\"https:\\\/\\\/www.purejewels.com\\\/\"},{\"@type\":\"ListItem\",\"position\":2,\"name\":\"Shop\",\"item\":\"https:\\\/\\\/www.purejewels.com\\\/shop\\\/\"},{\"@type\":\"ListItem\",\"position\":3,\"name\":\"22ct Gold Om Symbol Pendant\"}]},{\"@type\":\"WebSite\",\"@id\":\"https:\\\/\\\/www.purejewels.com\\\/#website\",\"url\":\"https:\\\/\\\/www.purejewels.com\\\/\",\"name\":\"PureJewels UK\",\"description\":\"Share the Love\",\"publisher\":{\"@id\":\"https:\\\/\\\/www.purejewels.com\\\/#organization\"},\"potentialAction\":[{\"@type\":\"SearchAction\",\"target\":{\"@type\":\"EntryPoint\",\"urlTemplate\":\"https:\\\/\\\/www.purejewels.com\\\/?s={search_term_string}\"},\"query-input\":{\"@type\":\"PropertyValueSpecification\",\"valueRequired\":true,\"valueName\":\"search_term_string\"}}],\"inLanguage\":\"de\"},{\"@type\":\"Organization\",\"@id\":\"https:\\\/\\\/www.purejewels.com\\\/#organization\",\"name\":\"PureJewels UK\",\"url\":\"https:\\\/\\\/www.purejewels.com\\\/\",\"logo\":{\"@type\":\"ImageObject\",\"inLanguage\":\"de\",\"@id\":\"https:\\\/\\\/www.purejewels.com\\\/#\\\/schema\\\/logo\\\/image\\\/\",\"url\":\"https:\\\/\\\/static.purejewels.com\\\/wp-content\\\/uploads\\\/2020\\\/11\\\/Logo-PJ-New-1.png\",\"contentUrl\":\"https:\\\/\\\/static.purejewels.com\\\/wp-content\\\/uploads\\\/2020\\\/11\\\/Logo-PJ-New-1.png\",\"width\":150,\"height\":80,\"caption\":\"PureJewels UK\"},\"image\":{\"@id\":\"https:\\\/\\\/www.purejewels.com\\\/#\\\/schema\\\/logo\\\/image\\\/\"}}]}<\/script>\n<!-- \/ Yoast SEO plugin. -->","yoast_head_json":{"title":"22ct Gold Om Symbol Anh\u00e4nger | Spiritueller Goldschmuck UK","description":"Entdecken Sie den Om-Symbol-Anh\u00e4nger aus 22 Karat Gold - ein heiliges Emblem f\u00fcr Frieden, Harmonie und Sch\u00f6pfung. Gepunzt, handgefertigt und perfekt f\u00fcr den t\u00e4glichen Gebrauch oder zum Verschenken.","robots":{"index":"index","follow":"follow","max-snippet":"max-snippet:-1","max-image-preview":"max-image-preview:large","max-video-preview":"max-video-preview:-1"},"canonical":"https:\/\/www.purejewels.com\/de\/produkt-2\/22ct-gold-om-symbol-anhanger-51815\/","og_locale":"de_DE","og_type":"article","og_title":"22ct Gold Om Symbol Pendant | Spiritual Gold Jewellery UK","og_description":"Discover the 22ct Gold Om Symbol Pendant \u2013 a sacred emblem of peace, harmony, and creation. Hallmarked, handcrafted, and perfect for daily wear or gifting.","og_url":"https:\/\/www.purejewels.com\/de\/produkt-2\/22ct-gold-om-symbol-anhanger-51815\/","og_site_name":"PureJewels UK","article_modified_time":"2026-03-26T05:18:15+00:00","og_image":[{"width":1000,"height":1000,"url":"https:\/\/static.purejewels.com\/wp-content\/uploads\/2025\/08\/SKU-51815.jpg","type":"image\/jpeg"}],"twitter_card":"summary_large_image","twitter_misc":{"Gesch\u00e4tzte Lesezeit":"2\u00a0Minuten"},"schema":{"@context":"https:\/\/schema.org","@graph":[{"@type":["WebPage","ItemPage"],"@id":"https:\/\/www.purejewels.com\/product\/22ct-gold-om-symbol-pendant-51815\/","url":"https:\/\/www.purejewels.com\/product\/22ct-gold-om-symbol-pendant-51815\/","name":"22ct Gold Om Symbol Anh\u00e4nger | Spiritueller Goldschmuck UK","isPartOf":{"@id":"https:\/\/www.purejewels.com\/#website"},"primaryImageOfPage":{"@id":"https:\/\/www.purejewels.com\/product\/22ct-gold-om-symbol-pendant-51815\/#primaryimage"},"image":{"@id":"https:\/\/www.purejewels.com\/product\/22ct-gold-om-symbol-pendant-51815\/#primaryimage"},"thumbnailUrl":"https:\/\/static.purejewels.com\/wp-content\/uploads\/2025\/08\/SKU-51815.jpg","datePublished":"2025-07-14T09:16:36+00:00","dateModified":"2026-03-26T05:18:15+00:00","description":"Entdecken Sie den Om-Symbol-Anh\u00e4nger aus 22 Karat Gold - ein heiliges Emblem f\u00fcr Frieden, Harmonie und Sch\u00f6pfung. Gepunzt, handgefertigt und perfekt f\u00fcr den t\u00e4glichen Gebrauch oder zum Verschenken.","breadcrumb":{"@id":"https:\/\/www.purejewels.com\/product\/22ct-gold-om-symbol-pendant-51815\/#breadcrumb"},"inLanguage":"de","potentialAction":[{"@type":"ReadAction","target":["https:\/\/www.purejewels.com\/product\/22ct-gold-om-symbol-pendant-51815\/"]}]},{"@type":"ImageObject","inLanguage":"de","@id":"https:\/\/www.purejewels.com\/product\/22ct-gold-om-symbol-pendant-51815\/#primaryimage","url":"https:\/\/static.purejewels.com\/wp-content\/uploads\/2025\/08\/SKU-51815.jpg","contentUrl":"https:\/\/static.purejewels.com\/wp-content\/uploads\/2025\/08\/SKU-51815.jpg","width":1000,"height":1000,"caption":"22ct Gold Om Symbol Pendant"},{"@type":"BreadcrumbList","@id":"https:\/\/www.purejewels.com\/product\/22ct-gold-om-symbol-pendant-51815\/#breadcrumb","itemListElement":[{"@type":"ListItem","position":1,"name":"Home","item":"https:\/\/www.purejewels.com\/"},{"@type":"ListItem","position":2,"name":"Shop","item":"https:\/\/www.purejewels.com\/shop\/"},{"@type":"ListItem","position":3,"name":"22ct Gold Om Symbol Pendant"}]},{"@type":"WebSite","@id":"https:\/\/www.purejewels.com\/#website","url":"https:\/\/www.purejewels.com\/","name":"PureJewels UK","description":"Teile die Liebe","publisher":{"@id":"https:\/\/www.purejewels.com\/#organization"},"potentialAction":[{"@type":"SearchAction","target":{"@type":"EntryPoint","urlTemplate":"https:\/\/www.purejewels.com\/?s={search_term_string}"},"query-input":{"@type":"PropertyValueSpecification","valueRequired":true,"valueName":"search_term_string"}}],"inLanguage":"de"},{"@type":"Organization","@id":"https:\/\/www.purejewels.com\/#organization","name":"PureJewels UK","url":"https:\/\/www.purejewels.com\/","logo":{"@type":"ImageObject","inLanguage":"de","@id":"https:\/\/www.purejewels.com\/#\/schema\/logo\/image\/","url":"https:\/\/static.purejewels.com\/wp-content\/uploads\/2020\/11\/Logo-PJ-New-1.png","contentUrl":"https:\/\/static.purejewels.com\/wp-content\/uploads\/2020\/11\/Logo-PJ-New-1.png","width":150,"height":80,"caption":"PureJewels UK"},"image":{"@id":"https:\/\/www.purejewels.com\/#\/schema\/logo\/image\/"}}]}},"_links":{"self":[{"href":"https:\/\/www.purejewels.com\/de\/wp-json\/wp\/v2\/product\/411524","targetHints":{"allow":["GET"]}}],"collection":[{"href":"https:\/\/www.purejewels.com\/de\/wp-json\/wp\/v2\/product"}],"about":[{"href":"https:\/\/www.purejewels.com\/de\/wp-json\/wp\/v2\/types\/product"}],"replies":[{"embeddable":true,"href":"https:\/\/www.purejewels.com\/de\/wp-json\/wp\/v2\/comments?post=411524"}],"version-history":[{"count":5,"href":"https:\/\/www.purejewels.com\/de\/wp-json\/wp\/v2\/product\/411524\/revisions"}],"predecessor-version":[{"id":427637,"href":"https:\/\/www.purejewels.com\/de\/wp-json\/wp\/v2\/product\/411524\/revisions\/427637"}],"wp:featuredmedia":[{"embeddable":true,"href":"https:\/\/www.purejewels.com\/de\/wp-json\/wp\/v2\/media\/411526"}],"wp:attachment":[{"href":"https:\/\/www.purejewels.com\/de\/wp-json\/wp\/v2\/media?parent=411524"}],"wp:term":[{"taxonomy":"product_brand","embeddable":true,"href":"https:\/\/www.purejewels.com\/de\/wp-json\/wp\/v2\/product_brand?post=411524"},{"taxonomy":"product_cat","embeddable":true,"href":"https:\/\/www.purejewels.com\/de\/wp-json\/wp\/v2\/product_cat?post=411524"},{"taxonomy":"product_tag","embeddable":true,"href":"https:\/\/www.purejewels.com\/de\/wp-json\/wp\/v2\/product_tag?post=411524"}],"curies":[{"name":"wp","href":"https:\/\/api.w.org\/{rel}","templated":true}]}}