{"id":411539,"date":"2025-06-14T12:24:49","date_gmt":"2025-06-14T11:24:49","guid":{"rendered":"https:\/\/www.purejewels.com\/?post_type=product&#038;p=411539"},"modified":"2026-03-27T06:14:16","modified_gmt":"2026-03-27T06:14:16","slug":"gottlicher-22ct-gold-om-anhanger-51817","status":"publish","type":"product","link":"https:\/\/www.purejewels.com\/de\/product\/divine-22ct-gold-om-pendant-51817\/","title":{"rendered":"Divine 22ct Gold Om-Anh\u00e4nger"},"content":{"rendered":"<p data-start=\"412\" data-end=\"644\">Das aus reinem 22 Karat Gelbgold gefertigte <strong data-start=\"454\" data-end=\"475\">G\u00f6ttlicher Om-Anh\u00e4nger<\/strong> verk\u00f6rpert eines der heiligsten Symbole des Hinduismus. Das Om - das als Klang des Universums gilt - steht f\u00fcr die Essenz der Sch\u00f6pfung, des Gleichgewichts und des spirituellen Erwachens.<\/p>\n<p data-start=\"646\" data-end=\"1024\">Die flie\u00dfende Form dieses Anh\u00e4ngers ist mit anmutigen Kurven gestaltet, jedes Detail ist auf Perfektion poliert, um einen leuchtenden goldenen Schimmer zu erzeugen. Mit einem Gewicht von 1,8 g ist er leicht genug f\u00fcr das t\u00e4gliche Tragen, aber dennoch substanziell genug, um Pr\u00e4senz und Bedeutung zu zeigen. Sein vielseitiges Design passt zu einer Vielzahl von Kettenstilen und macht ihn zu einem Schmuckst\u00fcck, das sich m\u00fchelos von der t\u00e4glichen Andacht bis hin zu feierlichen Anl\u00e4ssen tragen l\u00e4sst.<\/p>\n<p data-start=\"1026\" data-end=\"1183\">G\u00fctesiegel der <strong data-start=\"1044\" data-end=\"1067\">Londoner Bescheinigungsamt<\/strong>Dieser Anh\u00e4nger ist ein Garant f\u00fcr Authentizit\u00e4t, Reinheit und feine Handwerkskunst - ein Erbst\u00fcck, das man gerne tr\u00e4gt.<\/p>","protected":false},"excerpt":{"rendered":"<p data-start=\"45\" data-end=\"265\">Die <strong data-start=\"124\" data-end=\"155\">Divine 22ct Gold Om-Anh\u00e4nger<\/strong> ist ein strahlendes Emblem des Friedens, der Sch\u00f6pfung und der spirituellen Einheit. Handgefertigt aus reinem Gelbgold mit einer glatten, polierten Oberfl\u00e4che, tr\u00e4gt er eine tiefe Bedeutung und bietet gleichzeitig zeitlose Eleganz f\u00fcr das t\u00e4gliche Tragen oder Verschenken.<\/p>\n<p><strong>Material:<\/strong>\u00a022ct Gold<strong><br \/>\nReinheit: <\/strong>91.6% rein<strong><br \/>\nWahrzeichen:\u00a0<\/strong>Britisches G\u00fctesiegel<strong><br \/>\n<\/strong><strong>Bruttogewicht: <\/strong>1,80 Gramm<strong><br \/>\nSKU: <\/strong>51817<\/p>\n<p><strong>Preis und Lieferung: <\/strong>Der Kettenpreis ist nicht inbegriffen, inklusive Mehrwertsteuer und Versandkosten.<strong><br \/>\n<a href=\"https:\/\/www.purejewels.com\/de\/ruckgabepolitik\/\">R\u00fcckgabepolitik<\/a><\/strong><\/p>","protected":false},"featured_media":411540,"comment_status":"closed","ping_status":"closed","template":"","meta":{"_eb_attr":"","_crsspst_to_jayantr4sg-hostcom":true},"product_brand":[],"product_cat":[1576,1793,1571,1790,1229,1255,5343,1767,1572,1768,5600,5338,1701,5349],"product_tag":[],"class_list":{"0":"post-411539","1":"product","2":"type-product","3":"status-publish","4":"has-post-thumbnail","6":"product_cat-childrens-jewellery","7":"product_cat-diwali-gifts","8":"product_cat-fathers-day-gifts","9":"product_cat-for-whom-when","10":"product_cat-22ct-gold-jewellery","11":"product_cat-gold-pendants","12":"product_cat-jewellery-under-550","13":"product_cat-ladies-pendants","14":"product_cat-mens-jewellery","15":"product_cat-mens-pendants","16":"product_cat-om-pendants","17":"product_cat-shop-by-price","18":"product_cat-religious-pendants","19":"product_cat-yellow-gold-jewellery","21":"first","22":"instock","23":"taxable","24":"shipping-taxable","25":"purchasable","26":"product-type-simple","27":"add-to-wishlist-before_image"},"yoast_head":"<!-- This site is optimized with the Yoast SEO plugin v27.5 - https:\/\/yoast.com\/product\/yoast-seo-wordpress\/ -->\n<title>Divine 22ct Gold Om Pendant | Spiritual Gold Jewellery<\/title>\n<meta name=\"description\" content=\"Discover the Divine 22ct Gold Om Pendant \u2013 a polished symbol of peace and creation. Hallmarked, handcrafted, and perfect for everyday wear or gifting.\" \/>\n<meta name=\"robots\" content=\"index, follow, max-snippet:-1, max-image-preview:large, max-video-preview:-1\" \/>\n<link rel=\"canonical\" href=\"https:\/\/www.purejewels.com\/de\/produkt-2\/gottlicher-22ct-gold-om-anhanger-51817\/\" \/>\n<meta property=\"og:locale\" content=\"de_DE\" \/>\n<meta property=\"og:type\" content=\"article\" \/>\n<meta property=\"og:title\" content=\"Divine 22ct Gold Om Pendant | Spiritual Gold Jewellery\" \/>\n<meta property=\"og:description\" content=\"Discover the Divine 22ct Gold Om Pendant \u2013 a polished symbol of peace and creation. Hallmarked, handcrafted, and perfect for everyday wear or gifting.\" \/>\n<meta property=\"og:url\" content=\"https:\/\/www.purejewels.com\/de\/produkt-2\/gottlicher-22ct-gold-om-anhanger-51817\/\" \/>\n<meta property=\"og:site_name\" content=\"PureJewels UK\" \/>\n<meta property=\"article:modified_time\" content=\"2026-03-27T06:14:16+00:00\" \/>\n<meta property=\"og:image\" content=\"https:\/\/static.purejewels.com\/wp-content\/uploads\/2025\/08\/SKU-51817.jpg\" \/>\n\t<meta property=\"og:image:width\" content=\"1000\" \/>\n\t<meta property=\"og:image:height\" content=\"1000\" \/>\n\t<meta property=\"og:image:type\" content=\"image\/jpeg\" \/>\n<meta name=\"twitter:card\" content=\"summary_large_image\" \/>\n<meta name=\"twitter:label1\" content=\"Gesch\u00e4tzte Lesezeit\" \/>\n\t<meta name=\"twitter:data1\" content=\"1\u00a0Minute\" \/>\n<script type=\"application\/ld+json\" class=\"yoast-schema-graph\">{\"@context\":\"https:\\\/\\\/schema.org\",\"@graph\":[{\"@type\":[\"WebPage\",\"ItemPage\"],\"@id\":\"https:\\\/\\\/www.purejewels.com\\\/product\\\/divine-22ct-gold-om-pendant-51817\\\/\",\"url\":\"https:\\\/\\\/www.purejewels.com\\\/product\\\/divine-22ct-gold-om-pendant-51817\\\/\",\"name\":\"Divine 22ct Gold Om Pendant | Spiritual Gold Jewellery\",\"isPartOf\":{\"@id\":\"https:\\\/\\\/www.purejewels.com\\\/#website\"},\"primaryImageOfPage\":{\"@id\":\"https:\\\/\\\/www.purejewels.com\\\/product\\\/divine-22ct-gold-om-pendant-51817\\\/#primaryimage\"},\"image\":{\"@id\":\"https:\\\/\\\/www.purejewels.com\\\/product\\\/divine-22ct-gold-om-pendant-51817\\\/#primaryimage\"},\"thumbnailUrl\":\"https:\\\/\\\/static.purejewels.com\\\/wp-content\\\/uploads\\\/2025\\\/08\\\/SKU-51817.jpg\",\"datePublished\":\"2025-06-14T11:24:49+00:00\",\"dateModified\":\"2026-03-27T06:14:16+00:00\",\"description\":\"Discover the Divine 22ct Gold Om Pendant \u2013 a polished symbol of peace and creation. Hallmarked, handcrafted, and perfect for everyday wear or gifting.\",\"breadcrumb\":{\"@id\":\"https:\\\/\\\/www.purejewels.com\\\/product\\\/divine-22ct-gold-om-pendant-51817\\\/#breadcrumb\"},\"inLanguage\":\"de\",\"potentialAction\":[{\"@type\":\"ReadAction\",\"target\":[\"https:\\\/\\\/www.purejewels.com\\\/product\\\/divine-22ct-gold-om-pendant-51817\\\/\"]}]},{\"@type\":\"ImageObject\",\"inLanguage\":\"de\",\"@id\":\"https:\\\/\\\/www.purejewels.com\\\/product\\\/divine-22ct-gold-om-pendant-51817\\\/#primaryimage\",\"url\":\"https:\\\/\\\/static.purejewels.com\\\/wp-content\\\/uploads\\\/2025\\\/08\\\/SKU-51817.jpg\",\"contentUrl\":\"https:\\\/\\\/static.purejewels.com\\\/wp-content\\\/uploads\\\/2025\\\/08\\\/SKU-51817.jpg\",\"width\":1000,\"height\":1000,\"caption\":\"Divine 22ct Gold Om Pendant\"},{\"@type\":\"BreadcrumbList\",\"@id\":\"https:\\\/\\\/www.purejewels.com\\\/product\\\/divine-22ct-gold-om-pendant-51817\\\/#breadcrumb\",\"itemListElement\":[{\"@type\":\"ListItem\",\"position\":1,\"name\":\"Home\",\"item\":\"https:\\\/\\\/www.purejewels.com\\\/\"},{\"@type\":\"ListItem\",\"position\":2,\"name\":\"Shop\",\"item\":\"https:\\\/\\\/www.purejewels.com\\\/shop\\\/\"},{\"@type\":\"ListItem\",\"position\":3,\"name\":\"Divine 22ct Gold Om Pendant\"}]},{\"@type\":\"WebSite\",\"@id\":\"https:\\\/\\\/www.purejewels.com\\\/#website\",\"url\":\"https:\\\/\\\/www.purejewels.com\\\/\",\"name\":\"PureJewels UK\",\"description\":\"Share the Love\",\"publisher\":{\"@id\":\"https:\\\/\\\/www.purejewels.com\\\/#organization\"},\"potentialAction\":[{\"@type\":\"SearchAction\",\"target\":{\"@type\":\"EntryPoint\",\"urlTemplate\":\"https:\\\/\\\/www.purejewels.com\\\/?s={search_term_string}\"},\"query-input\":{\"@type\":\"PropertyValueSpecification\",\"valueRequired\":true,\"valueName\":\"search_term_string\"}}],\"inLanguage\":\"de\"},{\"@type\":\"Organization\",\"@id\":\"https:\\\/\\\/www.purejewels.com\\\/#organization\",\"name\":\"PureJewels UK\",\"url\":\"https:\\\/\\\/www.purejewels.com\\\/\",\"logo\":{\"@type\":\"ImageObject\",\"inLanguage\":\"de\",\"@id\":\"https:\\\/\\\/www.purejewels.com\\\/#\\\/schema\\\/logo\\\/image\\\/\",\"url\":\"https:\\\/\\\/static.purejewels.com\\\/wp-content\\\/uploads\\\/2020\\\/11\\\/Logo-PJ-New-1.png\",\"contentUrl\":\"https:\\\/\\\/static.purejewels.com\\\/wp-content\\\/uploads\\\/2020\\\/11\\\/Logo-PJ-New-1.png\",\"width\":150,\"height\":80,\"caption\":\"PureJewels UK\"},\"image\":{\"@id\":\"https:\\\/\\\/www.purejewels.com\\\/#\\\/schema\\\/logo\\\/image\\\/\"}}]}<\/script>\n<!-- \/ Yoast SEO plugin. -->","yoast_head_json":{"title":"G\u00f6ttlicher 22ct Gold Om-Anh\u00e4nger | Spiritueller Goldschmuck","description":"Entdecken Sie den g\u00f6ttlichen Om-Anh\u00e4nger aus 22 Karat Gold - ein poliertes Symbol f\u00fcr Frieden und Sch\u00f6pfung. Gepunzt, handgefertigt und perfekt f\u00fcr das t\u00e4gliche Tragen oder Verschenken.","robots":{"index":"index","follow":"follow","max-snippet":"max-snippet:-1","max-image-preview":"max-image-preview:large","max-video-preview":"max-video-preview:-1"},"canonical":"https:\/\/www.purejewels.com\/de\/produkt-2\/gottlicher-22ct-gold-om-anhanger-51817\/","og_locale":"de_DE","og_type":"article","og_title":"Divine 22ct Gold Om Pendant | Spiritual Gold Jewellery","og_description":"Discover the Divine 22ct Gold Om Pendant \u2013 a polished symbol of peace and creation. Hallmarked, handcrafted, and perfect for everyday wear or gifting.","og_url":"https:\/\/www.purejewels.com\/de\/produkt-2\/gottlicher-22ct-gold-om-anhanger-51817\/","og_site_name":"PureJewels UK","article_modified_time":"2026-03-27T06:14:16+00:00","og_image":[{"width":1000,"height":1000,"url":"https:\/\/static.purejewels.com\/wp-content\/uploads\/2025\/08\/SKU-51817.jpg","type":"image\/jpeg"}],"twitter_card":"summary_large_image","twitter_misc":{"Gesch\u00e4tzte Lesezeit":"1\u00a0Minute"},"schema":{"@context":"https:\/\/schema.org","@graph":[{"@type":["WebPage","ItemPage"],"@id":"https:\/\/www.purejewels.com\/product\/divine-22ct-gold-om-pendant-51817\/","url":"https:\/\/www.purejewels.com\/product\/divine-22ct-gold-om-pendant-51817\/","name":"G\u00f6ttlicher 22ct Gold Om-Anh\u00e4nger | Spiritueller Goldschmuck","isPartOf":{"@id":"https:\/\/www.purejewels.com\/#website"},"primaryImageOfPage":{"@id":"https:\/\/www.purejewels.com\/product\/divine-22ct-gold-om-pendant-51817\/#primaryimage"},"image":{"@id":"https:\/\/www.purejewels.com\/product\/divine-22ct-gold-om-pendant-51817\/#primaryimage"},"thumbnailUrl":"https:\/\/static.purejewels.com\/wp-content\/uploads\/2025\/08\/SKU-51817.jpg","datePublished":"2025-06-14T11:24:49+00:00","dateModified":"2026-03-27T06:14:16+00:00","description":"Entdecken Sie den g\u00f6ttlichen Om-Anh\u00e4nger aus 22 Karat Gold - ein poliertes Symbol f\u00fcr Frieden und Sch\u00f6pfung. Gepunzt, handgefertigt und perfekt f\u00fcr das t\u00e4gliche Tragen oder Verschenken.","breadcrumb":{"@id":"https:\/\/www.purejewels.com\/product\/divine-22ct-gold-om-pendant-51817\/#breadcrumb"},"inLanguage":"de","potentialAction":[{"@type":"ReadAction","target":["https:\/\/www.purejewels.com\/product\/divine-22ct-gold-om-pendant-51817\/"]}]},{"@type":"ImageObject","inLanguage":"de","@id":"https:\/\/www.purejewels.com\/product\/divine-22ct-gold-om-pendant-51817\/#primaryimage","url":"https:\/\/static.purejewels.com\/wp-content\/uploads\/2025\/08\/SKU-51817.jpg","contentUrl":"https:\/\/static.purejewels.com\/wp-content\/uploads\/2025\/08\/SKU-51817.jpg","width":1000,"height":1000,"caption":"Divine 22ct Gold Om Pendant"},{"@type":"BreadcrumbList","@id":"https:\/\/www.purejewels.com\/product\/divine-22ct-gold-om-pendant-51817\/#breadcrumb","itemListElement":[{"@type":"ListItem","position":1,"name":"Home","item":"https:\/\/www.purejewels.com\/"},{"@type":"ListItem","position":2,"name":"Shop","item":"https:\/\/www.purejewels.com\/shop\/"},{"@type":"ListItem","position":3,"name":"Divine 22ct Gold Om Pendant"}]},{"@type":"WebSite","@id":"https:\/\/www.purejewels.com\/#website","url":"https:\/\/www.purejewels.com\/","name":"PureJewels UK","description":"Teile die Liebe","publisher":{"@id":"https:\/\/www.purejewels.com\/#organization"},"potentialAction":[{"@type":"SearchAction","target":{"@type":"EntryPoint","urlTemplate":"https:\/\/www.purejewels.com\/?s={search_term_string}"},"query-input":{"@type":"PropertyValueSpecification","valueRequired":true,"valueName":"search_term_string"}}],"inLanguage":"de"},{"@type":"Organization","@id":"https:\/\/www.purejewels.com\/#organization","name":"PureJewels UK","url":"https:\/\/www.purejewels.com\/","logo":{"@type":"ImageObject","inLanguage":"de","@id":"https:\/\/www.purejewels.com\/#\/schema\/logo\/image\/","url":"https:\/\/static.purejewels.com\/wp-content\/uploads\/2020\/11\/Logo-PJ-New-1.png","contentUrl":"https:\/\/static.purejewels.com\/wp-content\/uploads\/2020\/11\/Logo-PJ-New-1.png","width":150,"height":80,"caption":"PureJewels UK"},"image":{"@id":"https:\/\/www.purejewels.com\/#\/schema\/logo\/image\/"}}]}},"_links":{"self":[{"href":"https:\/\/www.purejewels.com\/de\/wp-json\/wp\/v2\/product\/411539","targetHints":{"allow":["GET"]}}],"collection":[{"href":"https:\/\/www.purejewels.com\/de\/wp-json\/wp\/v2\/product"}],"about":[{"href":"https:\/\/www.purejewels.com\/de\/wp-json\/wp\/v2\/types\/product"}],"replies":[{"embeddable":true,"href":"https:\/\/www.purejewels.com\/de\/wp-json\/wp\/v2\/comments?post=411539"}],"version-history":[{"count":2,"href":"https:\/\/www.purejewels.com\/de\/wp-json\/wp\/v2\/product\/411539\/revisions"}],"predecessor-version":[{"id":426023,"href":"https:\/\/www.purejewels.com\/de\/wp-json\/wp\/v2\/product\/411539\/revisions\/426023"}],"wp:featuredmedia":[{"embeddable":true,"href":"https:\/\/www.purejewels.com\/de\/wp-json\/wp\/v2\/media\/411540"}],"wp:attachment":[{"href":"https:\/\/www.purejewels.com\/de\/wp-json\/wp\/v2\/media?parent=411539"}],"wp:term":[{"taxonomy":"product_brand","embeddable":true,"href":"https:\/\/www.purejewels.com\/de\/wp-json\/wp\/v2\/product_brand?post=411539"},{"taxonomy":"product_cat","embeddable":true,"href":"https:\/\/www.purejewels.com\/de\/wp-json\/wp\/v2\/product_cat?post=411539"},{"taxonomy":"product_tag","embeddable":true,"href":"https:\/\/www.purejewels.com\/de\/wp-json\/wp\/v2\/product_tag?post=411539"}],"curies":[{"name":"wp","href":"https:\/\/api.w.org\/{rel}","templated":true}]}}