{"id":411997,"date":"2025-07-29T09:52:13","date_gmt":"2025-07-29T08:52:13","guid":{"rendered":"https:\/\/www.purejewels.com\/?post_type=product&#038;p=411997"},"modified":"2026-03-19T05:37:08","modified_gmt":"2026-03-19T05:37:08","slug":"22-kt-gelbgold-cz-ring-grose-n-52011","status":"publish","type":"product","link":"https:\/\/www.purejewels.com\/de\/product\/22ct-yellow-gold-cz-ring-size-n-52011\/","title":{"rendered":"22ct Gold Solit\u00e4r CZ Ring"},"content":{"rendered":"<p data-start=\"0\" data-end=\"412\"><strong data-start=\"0\" data-end=\"10\">Gestaltung<\/strong><br data-start=\"10\" data-end=\"13\" \/>Dieser Solit\u00e4r-CZ-Ring aus 22-kar\u00e4tigem Gold hat einen klassischen runden Mittelstein in einer raffinierten Fassung, die das Licht und die Brillanz maximiert. Ein sanft geschwungenes Band mit CZ-Akzenten entlang der Schultern sorgt f\u00fcr subtiles Funkeln und ein ausgewogenes und elegantes Profil. Zeitlos in der Form, f\u00e4ngt er die Romantik eines Solit\u00e4rs mit einer W\u00e4rme ein, die sich am Valentinstag besonders sinnvoll anf\u00fchlt.<\/p>\n<p data-start=\"414\" data-end=\"768\"><strong data-start=\"414\" data-end=\"431\">Handwerkliches K\u00f6nnen<\/strong><br data-start=\"431\" data-end=\"434\" \/>Der aus strahlendem 22-kar\u00e4tigem Gold gefertigte Ring ist sorgf\u00e4ltig verarbeitet, um die sanfte W\u00f6lbung des Bandes und den Glanz des zentralen CZ-Steins hervorzuheben. Jeder Stein ist sicher und pr\u00e4zise gefasst, um dauerhafte Sch\u00f6nheit und t\u00e4gliche Tragbarkeit zu gew\u00e4hrleisten. Der im Vereinigten K\u00f6nigreich gepunzte Ring steht f\u00fcr bew\u00e4hrte Qualit\u00e4t, Authentizit\u00e4t und durchdachte Handwerkskunst.<\/p>\n<p data-start=\"770\" data-end=\"1147\" data-is-last-node=\"\" data-is-only-node=\"\"><strong data-start=\"770\" data-end=\"791\">Styling &amp; Geschenkartikel<\/strong><br data-start=\"791\" data-end=\"794\" \/>Dieser romantische Valentinstagsring ist ein Solit\u00e4r, der sowohl zu Alltagsoutfits als auch zu Abendgarderobe passt. Tragen Sie ihn allein als Liebesbeweis oder kombinieren Sie ihn mit feinen Goldb\u00e4ndern f\u00fcr einen modernen Lagenlook. Er ist ein zeitloses Valentinstagsgeschenk f\u00fcr sie und eignet sich perfekt zum Feiern von Liebe, Meilensteinen und Momenten, die es verdienen, in Erinnerung zu bleiben.<\/p>","protected":false},"excerpt":{"rendered":"<p>Ein 22ct Gelbgold CZ Solitaire Ring in Gr\u00f6\u00dfen, der die reiche W\u00e4rme des Goldes mit dem Funkeln der Zirkonia verbindet.<\/p>\n<p><strong>Material:<\/strong>\u00a022ct Gold<br \/>\n<strong>Wahrzeichen:<\/strong>\u00a0Britisches G\u00fctesiegel<strong><br \/>\n<\/strong><strong>Gewichtsbereich: <\/strong>2,46 Gramm - 2,68 Gramm<br \/>\n<strong>Gr\u00f6\u00dfe:<\/strong> Alle verschiedenen Gr\u00f6\u00dfen<br \/>\n<strong>SKU:<\/strong> 51197, 51198, 51199, 51200<\/p>\n<p><strong>Preis und Lieferung<\/strong>: Inklusive Mehrwertsteuer und Lieferkosten<br \/>\n<a href=\"https:\/\/www.purejewels.com\/de\/ruckgabepolitik\/\">R\u00fcckgabepolitik<\/a><\/p>","protected":false},"featured_media":407646,"comment_status":"closed","ping_status":"closed","template":"","meta":{"_eb_attr":"","_crsspst_to_jayantr4sg-hostcom":false},"product_brand":[],"product_cat":[1791,1559,6152,1785,1235,5343,1783,5347,1786,5338,6042,1569,1573,1574,5349],"product_tag":[64],"class_list":{"0":"post-411997","1":"product","2":"type-product","3":"status-publish","4":"has-post-thumbnail","6":"product_cat-anniversary-gifts","7":"product_cat-birthday-gifts","8":"product_cat-cubic-zirconia-rings","9":"product_cat-daily-wear-rings","10":"product_cat-gold-rings","11":"product_cat-jewellery-under-550","12":"product_cat-ladies-rings","13":"product_cat-shop-by-metal","14":"product_cat-occasional-wear-rings","15":"product_cat-shop-by-price","16":"product_cat-solitaire-ring","17":"product_cat-valentine-day-gifts","18":"product_cat-wedding-gifts","19":"product_cat-womens-jewellery","20":"product_cat-yellow-gold-jewellery","21":"product_tag-rings","23":"first","24":"outofstock","25":"taxable","26":"shipping-taxable","27":"product-type-variable","28":"add-to-wishlist-before_image"},"yoast_head":"<!-- This site is optimized with the Yoast SEO plugin v27.5 - https:\/\/yoast.com\/product\/yoast-seo-wordpress\/ -->\n<title>22ct Yellow Gold CZ Ring | PureJewels London<\/title>\n<meta name=\"description\" content=\"Discover the 22ct Yellow Gold CZ Ring at PureJewels. Crafted in hallmarked gold with sparkling cubic zirconia, perfect for timeless elegance.\" \/>\n<meta name=\"robots\" content=\"index, follow, max-snippet:-1, max-image-preview:large, max-video-preview:-1\" \/>\n<link rel=\"canonical\" href=\"https:\/\/www.purejewels.com\/de\/produkt-2\/22-kt-gelbgold-cz-ring-grose-n-52011\/\" \/>\n<meta property=\"og:locale\" content=\"de_DE\" \/>\n<meta property=\"og:type\" content=\"article\" \/>\n<meta property=\"og:title\" content=\"22ct Yellow Gold CZ Ring | PureJewels London\" \/>\n<meta property=\"og:description\" content=\"Discover the 22ct Yellow Gold CZ Ring at PureJewels. Crafted in hallmarked gold with sparkling cubic zirconia, perfect for timeless elegance.\" \/>\n<meta property=\"og:url\" content=\"https:\/\/www.purejewels.com\/de\/produkt-2\/22-kt-gelbgold-cz-ring-grose-n-52011\/\" \/>\n<meta property=\"og:site_name\" content=\"PureJewels UK\" \/>\n<meta property=\"article:modified_time\" content=\"2026-03-19T05:37:08+00:00\" \/>\n<meta property=\"og:image\" content=\"https:\/\/static.purejewels.com\/wp-content\/uploads\/2025\/07\/SKU-51777.jpg\" \/>\n\t<meta property=\"og:image:width\" content=\"1000\" \/>\n\t<meta property=\"og:image:height\" content=\"1000\" \/>\n\t<meta property=\"og:image:type\" content=\"image\/jpeg\" \/>\n<meta name=\"twitter:card\" content=\"summary_large_image\" \/>\n<meta name=\"twitter:label1\" content=\"Gesch\u00e4tzte Lesezeit\" \/>\n\t<meta name=\"twitter:data1\" content=\"1\u00a0Minute\" \/>\n<script type=\"application\/ld+json\" class=\"yoast-schema-graph\">{\"@context\":\"https:\\\/\\\/schema.org\",\"@graph\":[{\"@type\":[\"WebPage\",\"ItemPage\"],\"@id\":\"https:\\\/\\\/www.purejewels.com\\\/product\\\/22ct-yellow-gold-cz-ring-size-n-52011\\\/\",\"url\":\"https:\\\/\\\/www.purejewels.com\\\/product\\\/22ct-yellow-gold-cz-ring-size-n-52011\\\/\",\"name\":\"22ct Yellow Gold CZ Ring | PureJewels London\",\"isPartOf\":{\"@id\":\"https:\\\/\\\/www.purejewels.com\\\/#website\"},\"primaryImageOfPage\":{\"@id\":\"https:\\\/\\\/www.purejewels.com\\\/product\\\/22ct-yellow-gold-cz-ring-size-n-52011\\\/#primaryimage\"},\"image\":{\"@id\":\"https:\\\/\\\/www.purejewels.com\\\/product\\\/22ct-yellow-gold-cz-ring-size-n-52011\\\/#primaryimage\"},\"thumbnailUrl\":\"https:\\\/\\\/static.purejewels.com\\\/wp-content\\\/uploads\\\/2025\\\/07\\\/SKU-51777.jpg\",\"datePublished\":\"2025-07-29T08:52:13+00:00\",\"dateModified\":\"2026-03-19T05:37:08+00:00\",\"description\":\"Discover the 22ct Yellow Gold CZ Ring at PureJewels. Crafted in hallmarked gold with sparkling cubic zirconia, perfect for timeless elegance.\",\"breadcrumb\":{\"@id\":\"https:\\\/\\\/www.purejewels.com\\\/product\\\/22ct-yellow-gold-cz-ring-size-n-52011\\\/#breadcrumb\"},\"inLanguage\":\"de\",\"potentialAction\":[{\"@type\":\"ReadAction\",\"target\":[\"https:\\\/\\\/www.purejewels.com\\\/product\\\/22ct-yellow-gold-cz-ring-size-n-52011\\\/\"]}]},{\"@type\":\"ImageObject\",\"inLanguage\":\"de\",\"@id\":\"https:\\\/\\\/www.purejewels.com\\\/product\\\/22ct-yellow-gold-cz-ring-size-n-52011\\\/#primaryimage\",\"url\":\"https:\\\/\\\/static.purejewels.com\\\/wp-content\\\/uploads\\\/2025\\\/07\\\/SKU-51777.jpg\",\"contentUrl\":\"https:\\\/\\\/static.purejewels.com\\\/wp-content\\\/uploads\\\/2025\\\/07\\\/SKU-51777.jpg\",\"width\":1000,\"height\":1000,\"caption\":\"Stacked from 5 images. Method=B (R=8,S=4)\"},{\"@type\":\"BreadcrumbList\",\"@id\":\"https:\\\/\\\/www.purejewels.com\\\/product\\\/22ct-yellow-gold-cz-ring-size-n-52011\\\/#breadcrumb\",\"itemListElement\":[{\"@type\":\"ListItem\",\"position\":1,\"name\":\"Home\",\"item\":\"https:\\\/\\\/www.purejewels.com\\\/\"},{\"@type\":\"ListItem\",\"position\":2,\"name\":\"Shop\",\"item\":\"https:\\\/\\\/www.purejewels.com\\\/shop\\\/\"},{\"@type\":\"ListItem\",\"position\":3,\"name\":\"22ct Gold Solitaire CZ Ring\"}]},{\"@type\":\"WebSite\",\"@id\":\"https:\\\/\\\/www.purejewels.com\\\/#website\",\"url\":\"https:\\\/\\\/www.purejewels.com\\\/\",\"name\":\"PureJewels UK\",\"description\":\"Share the Love\",\"publisher\":{\"@id\":\"https:\\\/\\\/www.purejewels.com\\\/#organization\"},\"potentialAction\":[{\"@type\":\"SearchAction\",\"target\":{\"@type\":\"EntryPoint\",\"urlTemplate\":\"https:\\\/\\\/www.purejewels.com\\\/?s={search_term_string}\"},\"query-input\":{\"@type\":\"PropertyValueSpecification\",\"valueRequired\":true,\"valueName\":\"search_term_string\"}}],\"inLanguage\":\"de\"},{\"@type\":\"Organization\",\"@id\":\"https:\\\/\\\/www.purejewels.com\\\/#organization\",\"name\":\"PureJewels UK\",\"url\":\"https:\\\/\\\/www.purejewels.com\\\/\",\"logo\":{\"@type\":\"ImageObject\",\"inLanguage\":\"de\",\"@id\":\"https:\\\/\\\/www.purejewels.com\\\/#\\\/schema\\\/logo\\\/image\\\/\",\"url\":\"https:\\\/\\\/static.purejewels.com\\\/wp-content\\\/uploads\\\/2020\\\/11\\\/Logo-PJ-New-1.png\",\"contentUrl\":\"https:\\\/\\\/static.purejewels.com\\\/wp-content\\\/uploads\\\/2020\\\/11\\\/Logo-PJ-New-1.png\",\"width\":150,\"height\":80,\"caption\":\"PureJewels UK\"},\"image\":{\"@id\":\"https:\\\/\\\/www.purejewels.com\\\/#\\\/schema\\\/logo\\\/image\\\/\"}}]}<\/script>\n<!-- \/ Yoast SEO plugin. -->","yoast_head_json":{"title":"22ct Gelbgold CZ Ring | PureJewels London","description":"Entdecken Sie den 22ct Gelbgold CZ Ring bei PureJewels. Gefertigt in gepunztem Gold mit funkelnden Zirkonia, perfekt f\u00fcr zeitlose Eleganz.","robots":{"index":"index","follow":"follow","max-snippet":"max-snippet:-1","max-image-preview":"max-image-preview:large","max-video-preview":"max-video-preview:-1"},"canonical":"https:\/\/www.purejewels.com\/de\/produkt-2\/22-kt-gelbgold-cz-ring-grose-n-52011\/","og_locale":"de_DE","og_type":"article","og_title":"22ct Yellow Gold CZ Ring | PureJewels London","og_description":"Discover the 22ct Yellow Gold CZ Ring at PureJewels. Crafted in hallmarked gold with sparkling cubic zirconia, perfect for timeless elegance.","og_url":"https:\/\/www.purejewels.com\/de\/produkt-2\/22-kt-gelbgold-cz-ring-grose-n-52011\/","og_site_name":"PureJewels UK","article_modified_time":"2026-03-19T05:37:08+00:00","og_image":[{"width":1000,"height":1000,"url":"https:\/\/static.purejewels.com\/wp-content\/uploads\/2025\/07\/SKU-51777.jpg","type":"image\/jpeg"}],"twitter_card":"summary_large_image","twitter_misc":{"Gesch\u00e4tzte Lesezeit":"1\u00a0Minute"},"schema":{"@context":"https:\/\/schema.org","@graph":[{"@type":["WebPage","ItemPage"],"@id":"https:\/\/www.purejewels.com\/product\/22ct-yellow-gold-cz-ring-size-n-52011\/","url":"https:\/\/www.purejewels.com\/product\/22ct-yellow-gold-cz-ring-size-n-52011\/","name":"22ct Gelbgold CZ Ring | PureJewels London","isPartOf":{"@id":"https:\/\/www.purejewels.com\/#website"},"primaryImageOfPage":{"@id":"https:\/\/www.purejewels.com\/product\/22ct-yellow-gold-cz-ring-size-n-52011\/#primaryimage"},"image":{"@id":"https:\/\/www.purejewels.com\/product\/22ct-yellow-gold-cz-ring-size-n-52011\/#primaryimage"},"thumbnailUrl":"https:\/\/static.purejewels.com\/wp-content\/uploads\/2025\/07\/SKU-51777.jpg","datePublished":"2025-07-29T08:52:13+00:00","dateModified":"2026-03-19T05:37:08+00:00","description":"Entdecken Sie den 22ct Gelbgold CZ Ring bei PureJewels. Gefertigt in gepunztem Gold mit funkelnden Zirkonia, perfekt f\u00fcr zeitlose Eleganz.","breadcrumb":{"@id":"https:\/\/www.purejewels.com\/product\/22ct-yellow-gold-cz-ring-size-n-52011\/#breadcrumb"},"inLanguage":"de","potentialAction":[{"@type":"ReadAction","target":["https:\/\/www.purejewels.com\/product\/22ct-yellow-gold-cz-ring-size-n-52011\/"]}]},{"@type":"ImageObject","inLanguage":"de","@id":"https:\/\/www.purejewels.com\/product\/22ct-yellow-gold-cz-ring-size-n-52011\/#primaryimage","url":"https:\/\/static.purejewels.com\/wp-content\/uploads\/2025\/07\/SKU-51777.jpg","contentUrl":"https:\/\/static.purejewels.com\/wp-content\/uploads\/2025\/07\/SKU-51777.jpg","width":1000,"height":1000,"caption":"Stacked from 5 images. Method=B (R=8,S=4)"},{"@type":"BreadcrumbList","@id":"https:\/\/www.purejewels.com\/product\/22ct-yellow-gold-cz-ring-size-n-52011\/#breadcrumb","itemListElement":[{"@type":"ListItem","position":1,"name":"Home","item":"https:\/\/www.purejewels.com\/"},{"@type":"ListItem","position":2,"name":"Shop","item":"https:\/\/www.purejewels.com\/shop\/"},{"@type":"ListItem","position":3,"name":"22ct Gold Solitaire CZ Ring"}]},{"@type":"WebSite","@id":"https:\/\/www.purejewels.com\/#website","url":"https:\/\/www.purejewels.com\/","name":"PureJewels UK","description":"Teile die Liebe","publisher":{"@id":"https:\/\/www.purejewels.com\/#organization"},"potentialAction":[{"@type":"SearchAction","target":{"@type":"EntryPoint","urlTemplate":"https:\/\/www.purejewels.com\/?s={search_term_string}"},"query-input":{"@type":"PropertyValueSpecification","valueRequired":true,"valueName":"search_term_string"}}],"inLanguage":"de"},{"@type":"Organization","@id":"https:\/\/www.purejewels.com\/#organization","name":"PureJewels UK","url":"https:\/\/www.purejewels.com\/","logo":{"@type":"ImageObject","inLanguage":"de","@id":"https:\/\/www.purejewels.com\/#\/schema\/logo\/image\/","url":"https:\/\/static.purejewels.com\/wp-content\/uploads\/2020\/11\/Logo-PJ-New-1.png","contentUrl":"https:\/\/static.purejewels.com\/wp-content\/uploads\/2020\/11\/Logo-PJ-New-1.png","width":150,"height":80,"caption":"PureJewels UK"},"image":{"@id":"https:\/\/www.purejewels.com\/#\/schema\/logo\/image\/"}}]}},"_links":{"self":[{"href":"https:\/\/www.purejewels.com\/de\/wp-json\/wp\/v2\/product\/411997","targetHints":{"allow":["GET"]}}],"collection":[{"href":"https:\/\/www.purejewels.com\/de\/wp-json\/wp\/v2\/product"}],"about":[{"href":"https:\/\/www.purejewels.com\/de\/wp-json\/wp\/v2\/types\/product"}],"replies":[{"embeddable":true,"href":"https:\/\/www.purejewels.com\/de\/wp-json\/wp\/v2\/comments?post=411997"}],"version-history":[{"count":4,"href":"https:\/\/www.purejewels.com\/de\/wp-json\/wp\/v2\/product\/411997\/revisions"}],"predecessor-version":[{"id":427066,"href":"https:\/\/www.purejewels.com\/de\/wp-json\/wp\/v2\/product\/411997\/revisions\/427066"}],"wp:featuredmedia":[{"embeddable":true,"href":"https:\/\/www.purejewels.com\/de\/wp-json\/wp\/v2\/media\/407646"}],"wp:attachment":[{"href":"https:\/\/www.purejewels.com\/de\/wp-json\/wp\/v2\/media?parent=411997"}],"wp:term":[{"taxonomy":"product_brand","embeddable":true,"href":"https:\/\/www.purejewels.com\/de\/wp-json\/wp\/v2\/product_brand?post=411997"},{"taxonomy":"product_cat","embeddable":true,"href":"https:\/\/www.purejewels.com\/de\/wp-json\/wp\/v2\/product_cat?post=411997"},{"taxonomy":"product_tag","embeddable":true,"href":"https:\/\/www.purejewels.com\/de\/wp-json\/wp\/v2\/product_tag?post=411997"}],"curies":[{"name":"wp","href":"https:\/\/api.w.org\/{rel}","templated":true}]}}