{"id":412009,"date":"2025-06-18T10:42:32","date_gmt":"2025-06-18T09:42:32","guid":{"rendered":"https:\/\/www.purejewels.com\/?post_type=product&#038;p=412009"},"modified":"2026-01-07T06:39:02","modified_gmt":"2026-01-07T06:39:02","slug":"22ct-gold-solitar-ring-mit-cz-grose-j-51197","status":"publish","type":"product","link":"https:\/\/www.purejewels.com\/de\/product\/22ct-gold-solitaire-ring-with-cz-size-j-51197\/","title":{"rendered":"22ct Gold Solit\u00e4r Ring mit CZ | Gr\u00f6\u00dfe J"},"content":{"rendered":"<p>Diese <strong>22ct Gelbgold Solit\u00e4r Ring mit kubischen Zirkonia<\/strong> ist eine beeindruckende Kombination aus zeitloser Eleganz und meisterhafter Handwerkskunst. In der Mitte befindet sich ein leuchtender CZ-Solit\u00e4r, der in Zacken gefasst ist, um seine Brillanz und sein diamantartiges Funkeln zu maximieren. Kleinere CZ-Steine, die das Band akzentuieren, verleihen dem Ring einen Hauch von Strahlkraft und betonen seine anmutige Silhouette.<\/p>\n<p>Dieser handgefertigte Ring aus luxuri\u00f6sem 22-kar\u00e4tigem Gelbgold verbindet Tradition mit moderner Raffinesse. Er eignet sich perfekt als Versprechensring, als Verlobungsring oder als raffiniertes Accessoire und ist vielseitig genug, um sowohl im Alltag als auch zu besonderen Anl\u00e4ssen getragen zu werden.<\/p>\n<p>Jedes Schmuckst\u00fcck von PureJewels ist mit dem Punzierungszeichen der <strong>Londoner Bescheinigungsamt<\/strong>Sie wird in unserer charakteristischen Luxusverpackung pr\u00e4sentiert und ist damit ein ideales Geschenk oder eine wertvolle Erg\u00e4nzung Ihrer pers\u00f6nlichen Sammlung.<\/p>","protected":false},"excerpt":{"rendered":"<p>Erh\u00f6hen Sie Ihren Stil mit diesem exquisiten <strong>22ct Gelbgold Solit\u00e4r Ring mit kubischen Zirkonia<\/strong>Dieser Ring wurde entworfen, um zeitlose Sch\u00f6nheit mit einer modernen Note zu verbinden. Der Ring zeigt einen strahlenden Solit\u00e4r CZ, fachm\u00e4nnisch montiert, um seine Brillanz zu betonen, erg\u00e4nzt durch funkelnde CZ-Akzente entlang des Bandes.<\/p>\n<p><strong>Material:<\/strong>\u00a022ct Gold<br \/>\n<strong>Wahrzeichen:<\/strong>\u00a0Britisches G\u00fctesiegel<strong><br \/>\n<\/strong><strong>Bruttogewicht: <\/strong>2,56 Gramm<br \/>\n<strong>Gr\u00f6\u00dfe:<\/strong> J<br \/>\n<strong>SKU<\/strong>: 51197<\/p>\n<p><strong>Preis und Lieferung<\/strong>: Inklusive Mehrwertsteuer und Lieferkosten<br \/>\n<a href=\"https:\/\/www.purejewels.com\/de\/ruckgabepolitik\/\">R\u00fcckgabepolitik<\/a><\/p>","protected":false},"featured_media":407646,"comment_status":"closed","ping_status":"closed","template":"","meta":{"_eb_attr":"","_crsspst_to_jayantr4sg-hostcom":true},"product_brand":[],"product_cat":[1791,1559,6152,1785,1235,5343,1783,5347,1786,5338,6042,1569,1573,1574,5349],"product_tag":[64],"class_list":{"0":"post-412009","1":"product","2":"type-product","3":"status-publish","4":"has-post-thumbnail","6":"product_cat-anniversary-gifts","7":"product_cat-birthday-gifts","8":"product_cat-cubic-zirconia-rings","9":"product_cat-daily-wear-rings","10":"product_cat-gold-rings","11":"product_cat-jewellery-under-550","12":"product_cat-ladies-rings","13":"product_cat-shop-by-metal","14":"product_cat-occasional-wear-rings","15":"product_cat-shop-by-price","16":"product_cat-solitaire-ring","17":"product_cat-valentine-day-gifts","18":"product_cat-wedding-gifts","19":"product_cat-womens-jewellery","20":"product_cat-yellow-gold-jewellery","21":"product_tag-rings","23":"first","24":"outofstock","25":"taxable","26":"shipping-taxable","27":"product-type-simple","28":"add-to-wishlist-before_image"},"yoast_head":"<!-- This site is optimized with the Yoast SEO plugin v27.5 - https:\/\/yoast.com\/product\/yoast-seo-wordpress\/ -->\n<title>22ct Yellow Gold Solitaire CZ Ring | PureJewels London<\/title>\n<meta name=\"description\" content=\"Shop the 22ct Yellow Gold Solitaire CZ Ring at PureJewels. Featuring a radiant solitaire cubic zirconia with accent stones, crafted in hallmarked gold.\" \/>\n<meta name=\"robots\" content=\"index, follow, max-snippet:-1, max-image-preview:large, max-video-preview:-1\" \/>\n<link rel=\"canonical\" href=\"https:\/\/www.purejewels.com\/de\/produkt-2\/22ct-gold-solitar-ring-mit-cz-grose-j-51197\/\" \/>\n<meta property=\"og:locale\" content=\"de_DE\" \/>\n<meta property=\"og:type\" content=\"article\" \/>\n<meta property=\"og:title\" content=\"22ct Yellow Gold Solitaire CZ Ring | PureJewels London\" \/>\n<meta property=\"og:description\" content=\"Shop the 22ct Yellow Gold Solitaire CZ Ring at PureJewels. Featuring a radiant solitaire cubic zirconia with accent stones, crafted in hallmarked gold.\" \/>\n<meta property=\"og:url\" content=\"https:\/\/www.purejewels.com\/de\/produkt-2\/22ct-gold-solitar-ring-mit-cz-grose-j-51197\/\" \/>\n<meta property=\"og:site_name\" content=\"PureJewels UK\" \/>\n<meta property=\"article:modified_time\" content=\"2026-01-07T06:39:02+00:00\" \/>\n<meta property=\"og:image\" content=\"https:\/\/www.purejewels.com\/wp-content\/uploads\/2025\/07\/SKU-51777.jpg\" \/>\n\t<meta property=\"og:image:width\" content=\"1000\" \/>\n\t<meta property=\"og:image:height\" content=\"1000\" \/>\n\t<meta property=\"og:image:type\" content=\"image\/jpeg\" \/>\n<meta name=\"twitter:card\" content=\"summary_large_image\" \/>\n<meta name=\"twitter:label1\" content=\"Gesch\u00e4tzte Lesezeit\" \/>\n\t<meta name=\"twitter:data1\" content=\"1\u00a0Minute\" \/>\n<script type=\"application\/ld+json\" class=\"yoast-schema-graph\">{\"@context\":\"https:\\\/\\\/schema.org\",\"@graph\":[{\"@type\":[\"WebPage\",\"ItemPage\"],\"@id\":\"https:\\\/\\\/www.purejewels.com\\\/product\\\/22ct-gold-solitaire-ring-with-cz-size-j-51197\\\/\",\"url\":\"https:\\\/\\\/www.purejewels.com\\\/product\\\/22ct-gold-solitaire-ring-with-cz-size-j-51197\\\/\",\"name\":\"22ct Yellow Gold Solitaire CZ Ring | PureJewels London\",\"isPartOf\":{\"@id\":\"https:\\\/\\\/www.purejewels.com\\\/#website\"},\"primaryImageOfPage\":{\"@id\":\"https:\\\/\\\/www.purejewels.com\\\/product\\\/22ct-gold-solitaire-ring-with-cz-size-j-51197\\\/#primaryimage\"},\"image\":{\"@id\":\"https:\\\/\\\/www.purejewels.com\\\/product\\\/22ct-gold-solitaire-ring-with-cz-size-j-51197\\\/#primaryimage\"},\"thumbnailUrl\":\"https:\\\/\\\/static.purejewels.com\\\/wp-content\\\/uploads\\\/2025\\\/07\\\/SKU-51777.jpg\",\"datePublished\":\"2025-06-18T09:42:32+00:00\",\"dateModified\":\"2026-01-07T06:39:02+00:00\",\"description\":\"Shop the 22ct Yellow Gold Solitaire CZ Ring at PureJewels. Featuring a radiant solitaire cubic zirconia with accent stones, crafted in hallmarked gold.\",\"breadcrumb\":{\"@id\":\"https:\\\/\\\/www.purejewels.com\\\/product\\\/22ct-gold-solitaire-ring-with-cz-size-j-51197\\\/#breadcrumb\"},\"inLanguage\":\"de\",\"potentialAction\":[{\"@type\":\"ReadAction\",\"target\":[\"https:\\\/\\\/www.purejewels.com\\\/product\\\/22ct-gold-solitaire-ring-with-cz-size-j-51197\\\/\"]}]},{\"@type\":\"ImageObject\",\"inLanguage\":\"de\",\"@id\":\"https:\\\/\\\/www.purejewels.com\\\/product\\\/22ct-gold-solitaire-ring-with-cz-size-j-51197\\\/#primaryimage\",\"url\":\"https:\\\/\\\/static.purejewels.com\\\/wp-content\\\/uploads\\\/2025\\\/07\\\/SKU-51777.jpg\",\"contentUrl\":\"https:\\\/\\\/static.purejewels.com\\\/wp-content\\\/uploads\\\/2025\\\/07\\\/SKU-51777.jpg\",\"width\":1000,\"height\":1000,\"caption\":\"Stacked from 5 images. Method=B (R=8,S=4)\"},{\"@type\":\"BreadcrumbList\",\"@id\":\"https:\\\/\\\/www.purejewels.com\\\/product\\\/22ct-gold-solitaire-ring-with-cz-size-j-51197\\\/#breadcrumb\",\"itemListElement\":[{\"@type\":\"ListItem\",\"position\":1,\"name\":\"Home\",\"item\":\"https:\\\/\\\/www.purejewels.com\\\/\"},{\"@type\":\"ListItem\",\"position\":2,\"name\":\"Shop\",\"item\":\"https:\\\/\\\/www.purejewels.com\\\/shop\\\/\"},{\"@type\":\"ListItem\",\"position\":3,\"name\":\"22ct Gold Solitaire Ring with CZ | Size J\"}]},{\"@type\":\"WebSite\",\"@id\":\"https:\\\/\\\/www.purejewels.com\\\/#website\",\"url\":\"https:\\\/\\\/www.purejewels.com\\\/\",\"name\":\"PureJewels UK\",\"description\":\"Share the Love\",\"publisher\":{\"@id\":\"https:\\\/\\\/www.purejewels.com\\\/#organization\"},\"potentialAction\":[{\"@type\":\"SearchAction\",\"target\":{\"@type\":\"EntryPoint\",\"urlTemplate\":\"https:\\\/\\\/www.purejewels.com\\\/?s={search_term_string}\"},\"query-input\":{\"@type\":\"PropertyValueSpecification\",\"valueRequired\":true,\"valueName\":\"search_term_string\"}}],\"inLanguage\":\"de\"},{\"@type\":\"Organization\",\"@id\":\"https:\\\/\\\/www.purejewels.com\\\/#organization\",\"name\":\"PureJewels UK\",\"url\":\"https:\\\/\\\/www.purejewels.com\\\/\",\"logo\":{\"@type\":\"ImageObject\",\"inLanguage\":\"de\",\"@id\":\"https:\\\/\\\/www.purejewels.com\\\/#\\\/schema\\\/logo\\\/image\\\/\",\"url\":\"https:\\\/\\\/static.purejewels.com\\\/wp-content\\\/uploads\\\/2020\\\/11\\\/Logo-PJ-New-1.png\",\"contentUrl\":\"https:\\\/\\\/static.purejewels.com\\\/wp-content\\\/uploads\\\/2020\\\/11\\\/Logo-PJ-New-1.png\",\"width\":150,\"height\":80,\"caption\":\"PureJewels UK\"},\"image\":{\"@id\":\"https:\\\/\\\/www.purejewels.com\\\/#\\\/schema\\\/logo\\\/image\\\/\"}}]}<\/script>\n<!-- \/ Yoast SEO plugin. -->","yoast_head_json":{"title":"22ct Gelbgold Solit\u00e4r CZ Ring | PureJewels London","description":"Shop der 22ct Gelbgold Solit\u00e4r CZ Ring bei PureJewels. Mit einem strahlenden Solit\u00e4r Zirkonia mit Akzent Steinen, in Handarbeit gemacht, gepunzt Gold.","robots":{"index":"index","follow":"follow","max-snippet":"max-snippet:-1","max-image-preview":"max-image-preview:large","max-video-preview":"max-video-preview:-1"},"canonical":"https:\/\/www.purejewels.com\/de\/produkt-2\/22ct-gold-solitar-ring-mit-cz-grose-j-51197\/","og_locale":"de_DE","og_type":"article","og_title":"22ct Yellow Gold Solitaire CZ Ring | PureJewels London","og_description":"Shop the 22ct Yellow Gold Solitaire CZ Ring at PureJewels. Featuring a radiant solitaire cubic zirconia with accent stones, crafted in hallmarked gold.","og_url":"https:\/\/www.purejewels.com\/de\/produkt-2\/22ct-gold-solitar-ring-mit-cz-grose-j-51197\/","og_site_name":"PureJewels UK","article_modified_time":"2026-01-07T06:39:02+00:00","og_image":[{"width":1000,"height":1000,"url":"https:\/\/www.purejewels.com\/wp-content\/uploads\/2025\/07\/SKU-51777.jpg","type":"image\/jpeg"}],"twitter_card":"summary_large_image","twitter_misc":{"Gesch\u00e4tzte Lesezeit":"1\u00a0Minute"},"schema":{"@context":"https:\/\/schema.org","@graph":[{"@type":["WebPage","ItemPage"],"@id":"https:\/\/www.purejewels.com\/product\/22ct-gold-solitaire-ring-with-cz-size-j-51197\/","url":"https:\/\/www.purejewels.com\/product\/22ct-gold-solitaire-ring-with-cz-size-j-51197\/","name":"22ct Gelbgold Solit\u00e4r CZ Ring | PureJewels London","isPartOf":{"@id":"https:\/\/www.purejewels.com\/#website"},"primaryImageOfPage":{"@id":"https:\/\/www.purejewels.com\/product\/22ct-gold-solitaire-ring-with-cz-size-j-51197\/#primaryimage"},"image":{"@id":"https:\/\/www.purejewels.com\/product\/22ct-gold-solitaire-ring-with-cz-size-j-51197\/#primaryimage"},"thumbnailUrl":"https:\/\/static.purejewels.com\/wp-content\/uploads\/2025\/07\/SKU-51777.jpg","datePublished":"2025-06-18T09:42:32+00:00","dateModified":"2026-01-07T06:39:02+00:00","description":"Shop der 22ct Gelbgold Solit\u00e4r CZ Ring bei PureJewels. Mit einem strahlenden Solit\u00e4r Zirkonia mit Akzent Steinen, in Handarbeit gemacht, gepunzt Gold.","breadcrumb":{"@id":"https:\/\/www.purejewels.com\/product\/22ct-gold-solitaire-ring-with-cz-size-j-51197\/#breadcrumb"},"inLanguage":"de","potentialAction":[{"@type":"ReadAction","target":["https:\/\/www.purejewels.com\/product\/22ct-gold-solitaire-ring-with-cz-size-j-51197\/"]}]},{"@type":"ImageObject","inLanguage":"de","@id":"https:\/\/www.purejewels.com\/product\/22ct-gold-solitaire-ring-with-cz-size-j-51197\/#primaryimage","url":"https:\/\/static.purejewels.com\/wp-content\/uploads\/2025\/07\/SKU-51777.jpg","contentUrl":"https:\/\/static.purejewels.com\/wp-content\/uploads\/2025\/07\/SKU-51777.jpg","width":1000,"height":1000,"caption":"Stacked from 5 images. Method=B (R=8,S=4)"},{"@type":"BreadcrumbList","@id":"https:\/\/www.purejewels.com\/product\/22ct-gold-solitaire-ring-with-cz-size-j-51197\/#breadcrumb","itemListElement":[{"@type":"ListItem","position":1,"name":"Home","item":"https:\/\/www.purejewels.com\/"},{"@type":"ListItem","position":2,"name":"Shop","item":"https:\/\/www.purejewels.com\/shop\/"},{"@type":"ListItem","position":3,"name":"22ct Gold Solitaire Ring with CZ | Size J"}]},{"@type":"WebSite","@id":"https:\/\/www.purejewels.com\/#website","url":"https:\/\/www.purejewels.com\/","name":"PureJewels UK","description":"Teile die Liebe","publisher":{"@id":"https:\/\/www.purejewels.com\/#organization"},"potentialAction":[{"@type":"SearchAction","target":{"@type":"EntryPoint","urlTemplate":"https:\/\/www.purejewels.com\/?s={search_term_string}"},"query-input":{"@type":"PropertyValueSpecification","valueRequired":true,"valueName":"search_term_string"}}],"inLanguage":"de"},{"@type":"Organization","@id":"https:\/\/www.purejewels.com\/#organization","name":"PureJewels UK","url":"https:\/\/www.purejewels.com\/","logo":{"@type":"ImageObject","inLanguage":"de","@id":"https:\/\/www.purejewels.com\/#\/schema\/logo\/image\/","url":"https:\/\/static.purejewels.com\/wp-content\/uploads\/2020\/11\/Logo-PJ-New-1.png","contentUrl":"https:\/\/static.purejewels.com\/wp-content\/uploads\/2020\/11\/Logo-PJ-New-1.png","width":150,"height":80,"caption":"PureJewels UK"},"image":{"@id":"https:\/\/www.purejewels.com\/#\/schema\/logo\/image\/"}}]}},"_links":{"self":[{"href":"https:\/\/www.purejewels.com\/de\/wp-json\/wp\/v2\/product\/412009","targetHints":{"allow":["GET"]}}],"collection":[{"href":"https:\/\/www.purejewels.com\/de\/wp-json\/wp\/v2\/product"}],"about":[{"href":"https:\/\/www.purejewels.com\/de\/wp-json\/wp\/v2\/types\/product"}],"replies":[{"embeddable":true,"href":"https:\/\/www.purejewels.com\/de\/wp-json\/wp\/v2\/comments?post=412009"}],"version-history":[{"count":1,"href":"https:\/\/www.purejewels.com\/de\/wp-json\/wp\/v2\/product\/412009\/revisions"}],"predecessor-version":[{"id":412010,"href":"https:\/\/www.purejewels.com\/de\/wp-json\/wp\/v2\/product\/412009\/revisions\/412010"}],"wp:featuredmedia":[{"embeddable":true,"href":"https:\/\/www.purejewels.com\/de\/wp-json\/wp\/v2\/media\/407646"}],"wp:attachment":[{"href":"https:\/\/www.purejewels.com\/de\/wp-json\/wp\/v2\/media?parent=412009"}],"wp:term":[{"taxonomy":"product_brand","embeddable":true,"href":"https:\/\/www.purejewels.com\/de\/wp-json\/wp\/v2\/product_brand?post=412009"},{"taxonomy":"product_cat","embeddable":true,"href":"https:\/\/www.purejewels.com\/de\/wp-json\/wp\/v2\/product_cat?post=412009"},{"taxonomy":"product_tag","embeddable":true,"href":"https:\/\/www.purejewels.com\/de\/wp-json\/wp\/v2\/product_tag?post=412009"}],"curies":[{"name":"wp","href":"https:\/\/api.w.org\/{rel}","templated":true}]}}