{"id":412025,"date":"2025-07-18T12:56:01","date_gmt":"2025-07-18T11:56:01","guid":{"rendered":"https:\/\/www.purejewels.com\/?post_type=product&#038;p=412025"},"modified":"2026-01-06T07:30:23","modified_gmt":"2026-01-06T07:30:23","slug":"sacred-flow-om-anhanger","status":"publish","type":"product","link":"https:\/\/www.purejewels.com\/de\/product\/sacred-flow-om-pendant\/","title":{"rendered":"Sacred Flow Om-Anh\u00e4nger"},"content":{"rendered":"<p>Die <strong data-start=\"534\" data-end=\"560\">Sacred Flow Om-Anh\u00e4nger<\/strong> ist ein raffinierter Ausdruck von Glauben und Kunstfertigkeit, handgefertigt in <strong data-start=\"623\" data-end=\"643\">22 Karat Gelbgold<\/strong> mit einem Gewicht von <strong data-start=\"661\" data-end=\"674\">1,9 Gramm<\/strong>. Das Om, ein zeitloses Symbol f\u00fcr innere Harmonie und spirituelle Verbindung, ist hier mit sanften, flie\u00dfenden Kurven geformt, die sowohl Einfachheit als auch Tiefe widerspiegeln. Der auf Hochglanz polierte Anh\u00e4nger strahlt W\u00e4rme und Hingabe aus und eignet sich sowohl f\u00fcr das t\u00e4gliche Tragen als auch f\u00fcr feierliche Anl\u00e4sse.<\/p>\n<p>Sein geringes Gewicht sorgt f\u00fcr Komfort, w\u00e4hrend seine universelle Symbolik ihn zu einem durchdachten Geschenk f\u00fcr seine Lieben macht. Dieser Anh\u00e4nger ist ein dauerhaftes Andenken und vereint Handwerkskunst mit spiritueller Bedeutung.<\/p>","protected":false},"excerpt":{"rendered":"<p data-start=\"45\" data-end=\"265\">Die <strong data-start=\"152\" data-end=\"178\">Sacred Flow Om-Anh\u00e4nger<\/strong>, gefertigt in strahlender <strong data-start=\"199\" data-end=\"219\">22 Karat Gelbgold<\/strong> und Wiegen <strong data-start=\"233\" data-end=\"241\">1.9g<\/strong>verk\u00f6rpert Frieden, Spiritualit\u00e4t und Hingabe. Sein flie\u00dfendes Design f\u00e4ngt die Essenz des ewigen Om ein und macht ihn zu einem bedeutungsvollen St\u00fcck f\u00fcr den Alltag oder als Geschenk. Das leichte, aber symboltr\u00e4chtige Schmuckst\u00fcck l\u00e4sst sich wunderbar mit einer feinen Goldkette kombinieren.<\/p>\n<p><strong>Material:<\/strong>\u00a022ct Gold<strong><br \/>\nReinheit: <\/strong>91.6% rein<strong><br \/>\nWahrzeichen:\u00a0<\/strong>Britisches G\u00fctesiegel<strong><br \/>\n<\/strong><strong>Bruttogewicht: <\/strong>1,90 Gramm<strong><br \/>\nSKU: <\/strong>51820<\/p>\n<p><strong>Preis und Lieferung: <\/strong>Der Kettenpreis ist nicht inbegriffen, inklusive Mehrwertsteuer und Versandkosten.<strong><br \/>\n<a href=\"https:\/\/www.purejewels.com\/de\/ruckgabepolitik\/\">R\u00fcckgabepolitik<\/a><\/strong><\/p>","protected":false},"featured_media":412027,"comment_status":"closed","ping_status":"closed","template":"","meta":{"_eb_attr":"","_crsspst_to_jayantr4sg-hostcom":true},"product_brand":[],"product_cat":[1576,1793,1571,1790,1229,1255,5343,1767,1572,1768,5600,5338,1701,5349],"product_tag":[],"class_list":{"0":"post-412025","1":"product","2":"type-product","3":"status-publish","4":"has-post-thumbnail","6":"product_cat-childrens-jewellery","7":"product_cat-diwali-gifts","8":"product_cat-fathers-day-gifts","9":"product_cat-for-whom-when","10":"product_cat-22ct-gold-jewellery","11":"product_cat-gold-pendants","12":"product_cat-jewellery-under-550","13":"product_cat-ladies-pendants","14":"product_cat-mens-jewellery","15":"product_cat-mens-pendants","16":"product_cat-om-pendants","17":"product_cat-shop-by-price","18":"product_cat-religious-pendants","19":"product_cat-yellow-gold-jewellery","21":"first","22":"outofstock","23":"sale","24":"taxable","25":"shipping-taxable","26":"product-type-simple","27":"add-to-wishlist-before_image"},"yoast_head":"<!-- This site is optimized with the Yoast SEO plugin v27.3 - https:\/\/yoast.com\/product\/yoast-seo-wordpress\/ -->\n<title>Sacred Flow 22ct Gold Om Pendant | PureJewels UK<\/title>\n<meta name=\"description\" content=\"Shop the Sacred Flow Om Pendant from PureJewels. Handcrafted in 22ct yellow gold and weighing 1.9g, this pendant features a flowing Om design.\" \/>\n<meta name=\"robots\" content=\"index, follow, max-snippet:-1, max-image-preview:large, max-video-preview:-1\" \/>\n<link rel=\"canonical\" href=\"https:\/\/www.purejewels.com\/de\/produkt-2\/sacred-flow-om-anhanger\/\" \/>\n<meta property=\"og:locale\" content=\"de_DE\" \/>\n<meta property=\"og:type\" content=\"article\" \/>\n<meta property=\"og:title\" content=\"Sacred Flow 22ct Gold Om Pendant | PureJewels UK\" \/>\n<meta property=\"og:description\" content=\"Shop the Sacred Flow Om Pendant from PureJewels. Handcrafted in 22ct yellow gold and weighing 1.9g, this pendant features a flowing Om design.\" \/>\n<meta property=\"og:url\" content=\"https:\/\/www.purejewels.com\/de\/produkt-2\/sacred-flow-om-anhanger\/\" \/>\n<meta property=\"og:site_name\" content=\"PureJewels UK\" \/>\n<meta property=\"article:modified_time\" content=\"2026-01-06T07:30:23+00:00\" \/>\n<meta property=\"og:image\" content=\"https:\/\/www.purejewels.com\/wp-content\/uploads\/2025\/07\/SKU-51820.jpg\" \/>\n\t<meta property=\"og:image:width\" content=\"1000\" \/>\n\t<meta property=\"og:image:height\" content=\"1000\" \/>\n\t<meta property=\"og:image:type\" content=\"image\/jpeg\" \/>\n<meta name=\"twitter:card\" content=\"summary_large_image\" \/>\n<script type=\"application\/ld+json\" class=\"yoast-schema-graph\">{\"@context\":\"https:\\\/\\\/schema.org\",\"@graph\":[{\"@type\":[\"WebPage\",\"ItemPage\"],\"@id\":\"https:\\\/\\\/www.purejewels.com\\\/product\\\/sacred-flow-om-pendant\\\/\",\"url\":\"https:\\\/\\\/www.purejewels.com\\\/product\\\/sacred-flow-om-pendant\\\/\",\"name\":\"Sacred Flow 22ct Gold Om Pendant | PureJewels UK\",\"isPartOf\":{\"@id\":\"https:\\\/\\\/www.purejewels.com\\\/#website\"},\"primaryImageOfPage\":{\"@id\":\"https:\\\/\\\/www.purejewels.com\\\/product\\\/sacred-flow-om-pendant\\\/#primaryimage\"},\"image\":{\"@id\":\"https:\\\/\\\/www.purejewels.com\\\/product\\\/sacred-flow-om-pendant\\\/#primaryimage\"},\"thumbnailUrl\":\"https:\\\/\\\/static.purejewels.com\\\/wp-content\\\/uploads\\\/2025\\\/07\\\/SKU-51820.jpg\",\"datePublished\":\"2025-07-18T11:56:01+00:00\",\"dateModified\":\"2026-01-06T07:30:23+00:00\",\"description\":\"Shop the Sacred Flow Om Pendant from PureJewels. Handcrafted in 22ct yellow gold and weighing 1.9g, this pendant features a flowing Om design.\",\"breadcrumb\":{\"@id\":\"https:\\\/\\\/www.purejewels.com\\\/product\\\/sacred-flow-om-pendant\\\/#breadcrumb\"},\"inLanguage\":\"de\",\"potentialAction\":[{\"@type\":\"ReadAction\",\"target\":[\"https:\\\/\\\/www.purejewels.com\\\/product\\\/sacred-flow-om-pendant\\\/\"]}]},{\"@type\":\"ImageObject\",\"inLanguage\":\"de\",\"@id\":\"https:\\\/\\\/www.purejewels.com\\\/product\\\/sacred-flow-om-pendant\\\/#primaryimage\",\"url\":\"https:\\\/\\\/static.purejewels.com\\\/wp-content\\\/uploads\\\/2025\\\/07\\\/SKU-51820.jpg\",\"contentUrl\":\"https:\\\/\\\/static.purejewels.com\\\/wp-content\\\/uploads\\\/2025\\\/07\\\/SKU-51820.jpg\",\"width\":1000,\"height\":1000,\"caption\":\"Sacred Flow Om Pendant\"},{\"@type\":\"BreadcrumbList\",\"@id\":\"https:\\\/\\\/www.purejewels.com\\\/product\\\/sacred-flow-om-pendant\\\/#breadcrumb\",\"itemListElement\":[{\"@type\":\"ListItem\",\"position\":1,\"name\":\"Home\",\"item\":\"https:\\\/\\\/www.purejewels.com\\\/\"},{\"@type\":\"ListItem\",\"position\":2,\"name\":\"Shop\",\"item\":\"https:\\\/\\\/www.purejewels.com\\\/shop\\\/\"},{\"@type\":\"ListItem\",\"position\":3,\"name\":\"Sacred Flow Om Pendant\"}]},{\"@type\":\"WebSite\",\"@id\":\"https:\\\/\\\/www.purejewels.com\\\/#website\",\"url\":\"https:\\\/\\\/www.purejewels.com\\\/\",\"name\":\"PureJewels UK\",\"description\":\"Share the Love\",\"publisher\":{\"@id\":\"https:\\\/\\\/www.purejewels.com\\\/#organization\"},\"potentialAction\":[{\"@type\":\"SearchAction\",\"target\":{\"@type\":\"EntryPoint\",\"urlTemplate\":\"https:\\\/\\\/www.purejewels.com\\\/?s={search_term_string}\"},\"query-input\":{\"@type\":\"PropertyValueSpecification\",\"valueRequired\":true,\"valueName\":\"search_term_string\"}}],\"inLanguage\":\"de\"},{\"@type\":\"Organization\",\"@id\":\"https:\\\/\\\/www.purejewels.com\\\/#organization\",\"name\":\"PureJewels UK\",\"url\":\"https:\\\/\\\/www.purejewels.com\\\/\",\"logo\":{\"@type\":\"ImageObject\",\"inLanguage\":\"de\",\"@id\":\"https:\\\/\\\/www.purejewels.com\\\/#\\\/schema\\\/logo\\\/image\\\/\",\"url\":\"https:\\\/\\\/static.purejewels.com\\\/wp-content\\\/uploads\\\/2020\\\/11\\\/Logo-PJ-New-1.png\",\"contentUrl\":\"https:\\\/\\\/static.purejewels.com\\\/wp-content\\\/uploads\\\/2020\\\/11\\\/Logo-PJ-New-1.png\",\"width\":150,\"height\":80,\"caption\":\"PureJewels UK\"},\"image\":{\"@id\":\"https:\\\/\\\/www.purejewels.com\\\/#\\\/schema\\\/logo\\\/image\\\/\"}}]}<\/script>\n<!-- \/ Yoast SEO plugin. -->","yoast_head_json":{"title":"Sacred Flow 22ct Gold Om-Anh\u00e4nger | PureJewels UK","description":"Kaufen Sie den Sacred Flow Om-Anh\u00e4nger von PureJewels. Handgefertigt aus 22 Karat Gelbgold und mit einem Gewicht von 1,9 g, zeigt dieser Anh\u00e4nger ein flie\u00dfendes Om-Design.","robots":{"index":"index","follow":"follow","max-snippet":"max-snippet:-1","max-image-preview":"max-image-preview:large","max-video-preview":"max-video-preview:-1"},"canonical":"https:\/\/www.purejewels.com\/de\/produkt-2\/sacred-flow-om-anhanger\/","og_locale":"de_DE","og_type":"article","og_title":"Sacred Flow 22ct Gold Om Pendant | PureJewels UK","og_description":"Shop the Sacred Flow Om Pendant from PureJewels. Handcrafted in 22ct yellow gold and weighing 1.9g, this pendant features a flowing Om design.","og_url":"https:\/\/www.purejewels.com\/de\/produkt-2\/sacred-flow-om-anhanger\/","og_site_name":"PureJewels UK","article_modified_time":"2026-01-06T07:30:23+00:00","og_image":[{"width":1000,"height":1000,"url":"https:\/\/www.purejewels.com\/wp-content\/uploads\/2025\/07\/SKU-51820.jpg","type":"image\/jpeg"}],"twitter_card":"summary_large_image","schema":{"@context":"https:\/\/schema.org","@graph":[{"@type":["WebPage","ItemPage"],"@id":"https:\/\/www.purejewels.com\/product\/sacred-flow-om-pendant\/","url":"https:\/\/www.purejewels.com\/product\/sacred-flow-om-pendant\/","name":"Sacred Flow 22ct Gold Om-Anh\u00e4nger | PureJewels UK","isPartOf":{"@id":"https:\/\/www.purejewels.com\/#website"},"primaryImageOfPage":{"@id":"https:\/\/www.purejewels.com\/product\/sacred-flow-om-pendant\/#primaryimage"},"image":{"@id":"https:\/\/www.purejewels.com\/product\/sacred-flow-om-pendant\/#primaryimage"},"thumbnailUrl":"https:\/\/static.purejewels.com\/wp-content\/uploads\/2025\/07\/SKU-51820.jpg","datePublished":"2025-07-18T11:56:01+00:00","dateModified":"2026-01-06T07:30:23+00:00","description":"Kaufen Sie den Sacred Flow Om-Anh\u00e4nger von PureJewels. Handgefertigt aus 22 Karat Gelbgold und mit einem Gewicht von 1,9 g, zeigt dieser Anh\u00e4nger ein flie\u00dfendes Om-Design.","breadcrumb":{"@id":"https:\/\/www.purejewels.com\/product\/sacred-flow-om-pendant\/#breadcrumb"},"inLanguage":"de","potentialAction":[{"@type":"ReadAction","target":["https:\/\/www.purejewels.com\/product\/sacred-flow-om-pendant\/"]}]},{"@type":"ImageObject","inLanguage":"de","@id":"https:\/\/www.purejewels.com\/product\/sacred-flow-om-pendant\/#primaryimage","url":"https:\/\/static.purejewels.com\/wp-content\/uploads\/2025\/07\/SKU-51820.jpg","contentUrl":"https:\/\/static.purejewels.com\/wp-content\/uploads\/2025\/07\/SKU-51820.jpg","width":1000,"height":1000,"caption":"Sacred Flow Om Pendant"},{"@type":"BreadcrumbList","@id":"https:\/\/www.purejewels.com\/product\/sacred-flow-om-pendant\/#breadcrumb","itemListElement":[{"@type":"ListItem","position":1,"name":"Home","item":"https:\/\/www.purejewels.com\/"},{"@type":"ListItem","position":2,"name":"Shop","item":"https:\/\/www.purejewels.com\/shop\/"},{"@type":"ListItem","position":3,"name":"Sacred Flow Om Pendant"}]},{"@type":"WebSite","@id":"https:\/\/www.purejewels.com\/#website","url":"https:\/\/www.purejewels.com\/","name":"PureJewels UK","description":"Teile die Liebe","publisher":{"@id":"https:\/\/www.purejewels.com\/#organization"},"potentialAction":[{"@type":"SearchAction","target":{"@type":"EntryPoint","urlTemplate":"https:\/\/www.purejewels.com\/?s={search_term_string}"},"query-input":{"@type":"PropertyValueSpecification","valueRequired":true,"valueName":"search_term_string"}}],"inLanguage":"de"},{"@type":"Organization","@id":"https:\/\/www.purejewels.com\/#organization","name":"PureJewels UK","url":"https:\/\/www.purejewels.com\/","logo":{"@type":"ImageObject","inLanguage":"de","@id":"https:\/\/www.purejewels.com\/#\/schema\/logo\/image\/","url":"https:\/\/static.purejewels.com\/wp-content\/uploads\/2020\/11\/Logo-PJ-New-1.png","contentUrl":"https:\/\/static.purejewels.com\/wp-content\/uploads\/2020\/11\/Logo-PJ-New-1.png","width":150,"height":80,"caption":"PureJewels UK"},"image":{"@id":"https:\/\/www.purejewels.com\/#\/schema\/logo\/image\/"}}]}},"_links":{"self":[{"href":"https:\/\/www.purejewels.com\/de\/wp-json\/wp\/v2\/product\/412025","targetHints":{"allow":["GET"]}}],"collection":[{"href":"https:\/\/www.purejewels.com\/de\/wp-json\/wp\/v2\/product"}],"about":[{"href":"https:\/\/www.purejewels.com\/de\/wp-json\/wp\/v2\/types\/product"}],"replies":[{"embeddable":true,"href":"https:\/\/www.purejewels.com\/de\/wp-json\/wp\/v2\/comments?post=412025"}],"version-history":[{"count":1,"href":"https:\/\/www.purejewels.com\/de\/wp-json\/wp\/v2\/product\/412025\/revisions"}],"predecessor-version":[{"id":412026,"href":"https:\/\/www.purejewels.com\/de\/wp-json\/wp\/v2\/product\/412025\/revisions\/412026"}],"wp:featuredmedia":[{"embeddable":true,"href":"https:\/\/www.purejewels.com\/de\/wp-json\/wp\/v2\/media\/412027"}],"wp:attachment":[{"href":"https:\/\/www.purejewels.com\/de\/wp-json\/wp\/v2\/media?parent=412025"}],"wp:term":[{"taxonomy":"product_brand","embeddable":true,"href":"https:\/\/www.purejewels.com\/de\/wp-json\/wp\/v2\/product_brand?post=412025"},{"taxonomy":"product_cat","embeddable":true,"href":"https:\/\/www.purejewels.com\/de\/wp-json\/wp\/v2\/product_cat?post=412025"},{"taxonomy":"product_tag","embeddable":true,"href":"https:\/\/www.purejewels.com\/de\/wp-json\/wp\/v2\/product_tag?post=412025"}],"curies":[{"name":"wp","href":"https:\/\/api.w.org\/{rel}","templated":true}]}}