{"id":412029,"date":"2025-07-18T13:11:24","date_gmt":"2025-07-18T12:11:24","guid":{"rendered":"https:\/\/www.purejewels.com\/?post_type=product&#038;p=412029"},"modified":"2026-04-24T11:06:01","modified_gmt":"2026-04-24T10:06:01","slug":"gottliche-aura-om-anhanger-51821","status":"publish","type":"product","link":"https:\/\/www.purejewels.com\/de\/product\/divine-aura-om-pendant-51821\/","title":{"rendered":"G\u00f6ttliche Aura Om-Anh\u00e4nger"},"content":{"rendered":"<p>Die <strong data-start=\"478\" data-end=\"504\">G\u00f6ttliche Aura Om-Anh\u00e4nger<\/strong> ist ein zeitloser Ausdruck von Spiritualit\u00e4t, handgefertigt in <strong data-start=\"562\" data-end=\"582\">22 Karat Gelbgold<\/strong> mit einem Gewicht von <strong data-start=\"600\" data-end=\"613\">1,8 Gramm<\/strong>. Das Om, das als der ewige Klang des Universums verehrt wird, ist hier in einer schlanken, flie\u00dfenden Form wiedergegeben, die Ausgeglichenheit, Frieden und St\u00e4rke ausstrahlt. Die polierte Oberfl\u00e4che unterstreicht den nat\u00fcrlichen Glanz des reinen Goldes, w\u00e4hrend das leichte Design f\u00fcr m\u00fchelosen Tragekomfort den ganzen Tag \u00fcber sorgt. Dieser vielseitige und aussagekr\u00e4ftige Anh\u00e4nger kann als t\u00e4gliche Erinnerung an den Glauben getragen oder als durchdachtes Geschenk f\u00fcr liebe Menschen \u00fcberreicht werden. Ein St\u00fcck, das Tradition, Symbolik und raffinierte Handwerkskunst in sich vereint.<\/p>","protected":false},"excerpt":{"rendered":"<p data-start=\"45\" data-end=\"265\">Die <strong data-start=\"153\" data-end=\"179\">G\u00f6ttliche Aura Om-Anh\u00e4nger<\/strong>, gefertigt in strahlender <strong data-start=\"200\" data-end=\"220\">22 Karat Gelbgold<\/strong> und Wiegen <strong data-start=\"234\" data-end=\"242\">1.8g<\/strong>ist ein anmutiges Symbol f\u00fcr Frieden und Hingabe. Sein schlankes, flie\u00dfendes Om-Design f\u00e4ngt die spirituelle Essenz ein und bleibt dabei leicht und vielseitig. Perfekt f\u00fcr das t\u00e4gliche Tragen oder als bedeutungsvolles Geschenk.<\/p>\n<p><strong>Material:<\/strong>\u00a022ct Gold<strong><br \/>\nReinheit: <\/strong>91.6% rein<strong><br \/>\nWahrzeichen:\u00a0<\/strong>Britisches G\u00fctesiegel<strong><br \/>\n<\/strong><strong>Bruttogewicht: <\/strong>1,80 Gramm<strong><br \/>\nSKU: <\/strong>51821<\/p>\n<p><strong>Preis und Lieferung: <\/strong>Der Kettenpreis ist nicht inbegriffen, inklusive Mehrwertsteuer und Versandkosten.<strong><br \/>\n<a href=\"https:\/\/www.purejewels.com\/de\/ruckgabepolitik\/\">R\u00fcckgabepolitik<\/a><\/strong><\/p>","protected":false},"featured_media":412030,"comment_status":"closed","ping_status":"closed","template":"","meta":{"_eb_attr":"","_crsspst_to_jayantr4sg-hostcom":true},"product_brand":[],"product_cat":[1576,1793,1571,1790,1229,1255,5343,1767,1572,1768,5600,5338,1701,5349],"product_tag":[],"class_list":{"0":"post-412029","1":"product","2":"type-product","3":"status-publish","4":"has-post-thumbnail","6":"product_cat-childrens-jewellery","7":"product_cat-diwali-gifts","8":"product_cat-fathers-day-gifts","9":"product_cat-for-whom-when","10":"product_cat-22ct-gold-jewellery","11":"product_cat-gold-pendants","12":"product_cat-jewellery-under-550","13":"product_cat-ladies-pendants","14":"product_cat-mens-jewellery","15":"product_cat-mens-pendants","16":"product_cat-om-pendants","17":"product_cat-shop-by-price","18":"product_cat-religious-pendants","19":"product_cat-yellow-gold-jewellery","21":"first","22":"instock","23":"taxable","24":"shipping-taxable","25":"purchasable","26":"product-type-simple","27":"add-to-wishlist-before_image"},"yoast_head":"<!-- This site is optimized with the Yoast SEO plugin v27.6 - https:\/\/yoast.com\/product\/yoast-seo-wordpress\/ -->\n<title>Divine Aura 22ct Gold Om Pendant | PureJewels UK<\/title>\n<meta name=\"description\" content=\"Shop the Divine Aura Om Pendant from PureJewels. Handcrafted in 22ct yellow gold and weighing 1.8g, this pendant features a sleek design that symbolises peace, devotion.\" \/>\n<meta name=\"robots\" content=\"index, follow, max-snippet:-1, max-image-preview:large, max-video-preview:-1\" \/>\n<link rel=\"canonical\" href=\"https:\/\/www.purejewels.com\/de\/produkt-2\/gottliche-aura-om-anhanger-51821\/\" \/>\n<meta property=\"og:locale\" content=\"de_DE\" \/>\n<meta property=\"og:type\" content=\"article\" \/>\n<meta property=\"og:title\" content=\"Divine Aura 22ct Gold Om Pendant | PureJewels UK\" \/>\n<meta property=\"og:description\" content=\"Shop the Divine Aura Om Pendant from PureJewels. Handcrafted in 22ct yellow gold and weighing 1.8g, this pendant features a sleek design that symbolises peace, devotion.\" \/>\n<meta property=\"og:url\" content=\"https:\/\/www.purejewels.com\/de\/produkt-2\/gottliche-aura-om-anhanger-51821\/\" \/>\n<meta property=\"og:site_name\" content=\"PureJewels UK\" \/>\n<meta property=\"article:modified_time\" content=\"2026-04-24T10:06:01+00:00\" \/>\n<meta property=\"og:image\" content=\"https:\/\/static.purejewels.com\/wp-content\/uploads\/2025\/08\/SKU-51821.jpg\" \/>\n\t<meta property=\"og:image:width\" content=\"1000\" \/>\n\t<meta property=\"og:image:height\" content=\"1000\" \/>\n\t<meta property=\"og:image:type\" content=\"image\/jpeg\" \/>\n<meta name=\"twitter:card\" content=\"summary_large_image\" \/>\n<meta name=\"twitter:label1\" content=\"Gesch\u00e4tzte Lesezeit\" \/>\n\t<meta name=\"twitter:data1\" content=\"1\u00a0Minute\" \/>\n<script type=\"application\/ld+json\" class=\"yoast-schema-graph\">{\"@context\":\"https:\\\/\\\/schema.org\",\"@graph\":[{\"@type\":[\"WebPage\",\"ItemPage\"],\"@id\":\"https:\\\/\\\/www.purejewels.com\\\/product\\\/divine-aura-om-pendant-51821\\\/\",\"url\":\"https:\\\/\\\/www.purejewels.com\\\/product\\\/divine-aura-om-pendant-51821\\\/\",\"name\":\"Divine Aura 22ct Gold Om Pendant | PureJewels UK\",\"isPartOf\":{\"@id\":\"https:\\\/\\\/www.purejewels.com\\\/#website\"},\"primaryImageOfPage\":{\"@id\":\"https:\\\/\\\/www.purejewels.com\\\/product\\\/divine-aura-om-pendant-51821\\\/#primaryimage\"},\"image\":{\"@id\":\"https:\\\/\\\/www.purejewels.com\\\/product\\\/divine-aura-om-pendant-51821\\\/#primaryimage\"},\"thumbnailUrl\":\"https:\\\/\\\/static.purejewels.com\\\/wp-content\\\/uploads\\\/2025\\\/08\\\/SKU-51821.jpg\",\"datePublished\":\"2025-07-18T12:11:24+00:00\",\"dateModified\":\"2026-04-24T10:06:01+00:00\",\"description\":\"Shop the Divine Aura Om Pendant from PureJewels. Handcrafted in 22ct yellow gold and weighing 1.8g, this pendant features a sleek design that symbolises peace, devotion.\",\"breadcrumb\":{\"@id\":\"https:\\\/\\\/www.purejewels.com\\\/product\\\/divine-aura-om-pendant-51821\\\/#breadcrumb\"},\"inLanguage\":\"de\",\"potentialAction\":[{\"@type\":\"ReadAction\",\"target\":[\"https:\\\/\\\/www.purejewels.com\\\/product\\\/divine-aura-om-pendant-51821\\\/\"]}]},{\"@type\":\"ImageObject\",\"inLanguage\":\"de\",\"@id\":\"https:\\\/\\\/www.purejewels.com\\\/product\\\/divine-aura-om-pendant-51821\\\/#primaryimage\",\"url\":\"https:\\\/\\\/static.purejewels.com\\\/wp-content\\\/uploads\\\/2025\\\/08\\\/SKU-51821.jpg\",\"contentUrl\":\"https:\\\/\\\/static.purejewels.com\\\/wp-content\\\/uploads\\\/2025\\\/08\\\/SKU-51821.jpg\",\"width\":1000,\"height\":1000,\"caption\":\"Divine Aura Om Pendant\"},{\"@type\":\"BreadcrumbList\",\"@id\":\"https:\\\/\\\/www.purejewels.com\\\/product\\\/divine-aura-om-pendant-51821\\\/#breadcrumb\",\"itemListElement\":[{\"@type\":\"ListItem\",\"position\":1,\"name\":\"Home\",\"item\":\"https:\\\/\\\/www.purejewels.com\\\/\"},{\"@type\":\"ListItem\",\"position\":2,\"name\":\"Shop\",\"item\":\"https:\\\/\\\/www.purejewels.com\\\/shop\\\/\"},{\"@type\":\"ListItem\",\"position\":3,\"name\":\"Divine Aura Om Pendant\"}]},{\"@type\":\"WebSite\",\"@id\":\"https:\\\/\\\/www.purejewels.com\\\/#website\",\"url\":\"https:\\\/\\\/www.purejewels.com\\\/\",\"name\":\"PureJewels UK\",\"description\":\"Share the Love\",\"publisher\":{\"@id\":\"https:\\\/\\\/www.purejewels.com\\\/#organization\"},\"potentialAction\":[{\"@type\":\"SearchAction\",\"target\":{\"@type\":\"EntryPoint\",\"urlTemplate\":\"https:\\\/\\\/www.purejewels.com\\\/?s={search_term_string}\"},\"query-input\":{\"@type\":\"PropertyValueSpecification\",\"valueRequired\":true,\"valueName\":\"search_term_string\"}}],\"inLanguage\":\"de\"},{\"@type\":\"Organization\",\"@id\":\"https:\\\/\\\/www.purejewels.com\\\/#organization\",\"name\":\"PureJewels UK\",\"url\":\"https:\\\/\\\/www.purejewels.com\\\/\",\"logo\":{\"@type\":\"ImageObject\",\"inLanguage\":\"de\",\"@id\":\"https:\\\/\\\/www.purejewels.com\\\/#\\\/schema\\\/logo\\\/image\\\/\",\"url\":\"https:\\\/\\\/static.purejewels.com\\\/wp-content\\\/uploads\\\/2020\\\/11\\\/Logo-PJ-New-1.png\",\"contentUrl\":\"https:\\\/\\\/static.purejewels.com\\\/wp-content\\\/uploads\\\/2020\\\/11\\\/Logo-PJ-New-1.png\",\"width\":150,\"height\":80,\"caption\":\"PureJewels UK\"},\"image\":{\"@id\":\"https:\\\/\\\/www.purejewels.com\\\/#\\\/schema\\\/logo\\\/image\\\/\"}}]}<\/script>\n<!-- \/ Yoast SEO plugin. -->","yoast_head_json":{"title":"G\u00f6ttliche Aura 22ct Gold Om-Anh\u00e4nger | PureJewels UK","description":"Kaufen Sie den G\u00f6ttlichen Aura Om Anh\u00e4nger von PureJewels. Handgefertigt aus 22 Karat Gelbgold und mit einem Gewicht von 1,8 g, bietet dieser Anh\u00e4nger ein elegantes Design, das Frieden und Hingabe symbolisiert.","robots":{"index":"index","follow":"follow","max-snippet":"max-snippet:-1","max-image-preview":"max-image-preview:large","max-video-preview":"max-video-preview:-1"},"canonical":"https:\/\/www.purejewels.com\/de\/produkt-2\/gottliche-aura-om-anhanger-51821\/","og_locale":"de_DE","og_type":"article","og_title":"Divine Aura 22ct Gold Om Pendant | PureJewels UK","og_description":"Shop the Divine Aura Om Pendant from PureJewels. Handcrafted in 22ct yellow gold and weighing 1.8g, this pendant features a sleek design that symbolises peace, devotion.","og_url":"https:\/\/www.purejewels.com\/de\/produkt-2\/gottliche-aura-om-anhanger-51821\/","og_site_name":"PureJewels UK","article_modified_time":"2026-04-24T10:06:01+00:00","og_image":[{"width":1000,"height":1000,"url":"https:\/\/static.purejewels.com\/wp-content\/uploads\/2025\/08\/SKU-51821.jpg","type":"image\/jpeg"}],"twitter_card":"summary_large_image","twitter_misc":{"Gesch\u00e4tzte Lesezeit":"1\u00a0Minute"},"schema":{"@context":"https:\/\/schema.org","@graph":[{"@type":["WebPage","ItemPage"],"@id":"https:\/\/www.purejewels.com\/product\/divine-aura-om-pendant-51821\/","url":"https:\/\/www.purejewels.com\/product\/divine-aura-om-pendant-51821\/","name":"G\u00f6ttliche Aura 22ct Gold Om-Anh\u00e4nger | PureJewels UK","isPartOf":{"@id":"https:\/\/www.purejewels.com\/#website"},"primaryImageOfPage":{"@id":"https:\/\/www.purejewels.com\/product\/divine-aura-om-pendant-51821\/#primaryimage"},"image":{"@id":"https:\/\/www.purejewels.com\/product\/divine-aura-om-pendant-51821\/#primaryimage"},"thumbnailUrl":"https:\/\/static.purejewels.com\/wp-content\/uploads\/2025\/08\/SKU-51821.jpg","datePublished":"2025-07-18T12:11:24+00:00","dateModified":"2026-04-24T10:06:01+00:00","description":"Kaufen Sie den G\u00f6ttlichen Aura Om Anh\u00e4nger von PureJewels. Handgefertigt aus 22 Karat Gelbgold und mit einem Gewicht von 1,8 g, bietet dieser Anh\u00e4nger ein elegantes Design, das Frieden und Hingabe symbolisiert.","breadcrumb":{"@id":"https:\/\/www.purejewels.com\/product\/divine-aura-om-pendant-51821\/#breadcrumb"},"inLanguage":"de","potentialAction":[{"@type":"ReadAction","target":["https:\/\/www.purejewels.com\/product\/divine-aura-om-pendant-51821\/"]}]},{"@type":"ImageObject","inLanguage":"de","@id":"https:\/\/www.purejewels.com\/product\/divine-aura-om-pendant-51821\/#primaryimage","url":"https:\/\/static.purejewels.com\/wp-content\/uploads\/2025\/08\/SKU-51821.jpg","contentUrl":"https:\/\/static.purejewels.com\/wp-content\/uploads\/2025\/08\/SKU-51821.jpg","width":1000,"height":1000,"caption":"Divine Aura Om Pendant"},{"@type":"BreadcrumbList","@id":"https:\/\/www.purejewels.com\/product\/divine-aura-om-pendant-51821\/#breadcrumb","itemListElement":[{"@type":"ListItem","position":1,"name":"Home","item":"https:\/\/www.purejewels.com\/"},{"@type":"ListItem","position":2,"name":"Shop","item":"https:\/\/www.purejewels.com\/shop\/"},{"@type":"ListItem","position":3,"name":"Divine Aura Om Pendant"}]},{"@type":"WebSite","@id":"https:\/\/www.purejewels.com\/#website","url":"https:\/\/www.purejewels.com\/","name":"PureJewels UK","description":"Teile die Liebe","publisher":{"@id":"https:\/\/www.purejewels.com\/#organization"},"potentialAction":[{"@type":"SearchAction","target":{"@type":"EntryPoint","urlTemplate":"https:\/\/www.purejewels.com\/?s={search_term_string}"},"query-input":{"@type":"PropertyValueSpecification","valueRequired":true,"valueName":"search_term_string"}}],"inLanguage":"de"},{"@type":"Organization","@id":"https:\/\/www.purejewels.com\/#organization","name":"PureJewels UK","url":"https:\/\/www.purejewels.com\/","logo":{"@type":"ImageObject","inLanguage":"de","@id":"https:\/\/www.purejewels.com\/#\/schema\/logo\/image\/","url":"https:\/\/static.purejewels.com\/wp-content\/uploads\/2020\/11\/Logo-PJ-New-1.png","contentUrl":"https:\/\/static.purejewels.com\/wp-content\/uploads\/2020\/11\/Logo-PJ-New-1.png","width":150,"height":80,"caption":"PureJewels UK"},"image":{"@id":"https:\/\/www.purejewels.com\/#\/schema\/logo\/image\/"}}]}},"_links":{"self":[{"href":"https:\/\/www.purejewels.com\/de\/wp-json\/wp\/v2\/product\/412029","targetHints":{"allow":["GET"]}}],"collection":[{"href":"https:\/\/www.purejewels.com\/de\/wp-json\/wp\/v2\/product"}],"about":[{"href":"https:\/\/www.purejewels.com\/de\/wp-json\/wp\/v2\/types\/product"}],"replies":[{"embeddable":true,"href":"https:\/\/www.purejewels.com\/de\/wp-json\/wp\/v2\/comments?post=412029"}],"version-history":[{"count":1,"href":"https:\/\/www.purejewels.com\/de\/wp-json\/wp\/v2\/product\/412029\/revisions"}],"predecessor-version":[{"id":412032,"href":"https:\/\/www.purejewels.com\/de\/wp-json\/wp\/v2\/product\/412029\/revisions\/412032"}],"wp:featuredmedia":[{"embeddable":true,"href":"https:\/\/www.purejewels.com\/de\/wp-json\/wp\/v2\/media\/412030"}],"wp:attachment":[{"href":"https:\/\/www.purejewels.com\/de\/wp-json\/wp\/v2\/media?parent=412029"}],"wp:term":[{"taxonomy":"product_brand","embeddable":true,"href":"https:\/\/www.purejewels.com\/de\/wp-json\/wp\/v2\/product_brand?post=412029"},{"taxonomy":"product_cat","embeddable":true,"href":"https:\/\/www.purejewels.com\/de\/wp-json\/wp\/v2\/product_cat?post=412029"},{"taxonomy":"product_tag","embeddable":true,"href":"https:\/\/www.purejewels.com\/de\/wp-json\/wp\/v2\/product_tag?post=412029"}],"curies":[{"name":"wp","href":"https:\/\/api.w.org\/{rel}","templated":true}]}}