{"id":412136,"date":"2025-07-19T09:26:54","date_gmt":"2025-07-19T08:26:54","guid":{"rendered":"https:\/\/www.purejewels.com\/?post_type=product&#038;p=412136"},"modified":"2026-03-23T04:33:07","modified_gmt":"2026-03-23T04:33:07","slug":"klassisches-band-aus-22-karat-gold-51963","status":"publish","type":"product","link":"https:\/\/www.purejewels.com\/de\/product\/22ct-gold-classic-court-band-51963\/","title":{"rendered":"22ct Gold Klassisches Hofband"},"content":{"rendered":"<p><strong>Gestaltung<\/strong><\/p>\n<p>Dieses klassische Courtband zeichnet sich durch seine ausgewogenen Proportionen und seine schlichte Eleganz aus. Das sanft gerundete Profil bietet eine glatte, kontinuierliche Form, w\u00e4hrend die geb\u00fcrstete Mitte einen sanften Kontrast zu den polierten Kanten bildet. Das schlichte Design spiegelt eine zeitlose \u00c4sthetik wider, die sich gut in den modernen Schmuck f\u00fcr M\u00e4nner einf\u00fcgt.<\/p>\n<p><strong>Handwerkliches K\u00f6nnen<\/strong><\/p>\n<p>Das aus reichhaltigem 22-kar\u00e4tigem Gold gefertigte Band ist so geformt, dass es sowohl langlebig als auch bequem ist. Die gew\u00f6lbte Innenfl\u00e4che sorgt f\u00fcr einen nat\u00fcrlichen Sitz am Finger. Die geb\u00fcrstete Oberfl\u00e4che wurde sorgf\u00e4ltig aufgetragen, um eine subtile Textur zu erzielen, w\u00e4hrend die polierten R\u00e4nder die klare Definition des Rings unterstreichen. Jedes St\u00fcck ist im Vereinigten K\u00f6nigreich gepunzt und garantiert so zertifizierte Reinheit und zuverl\u00e4ssige Handwerkskunst.<\/p>\n<p><strong>Styling &amp; Geschenkartikel<\/strong><\/p>\n<p>Dieser vielseitig einsetzbare Ring eignet sich ideal als Ehering oder als bedeutungsvoller Alltagsschmuck. Sein minimalistisches Design l\u00e4sst sich m\u00fchelos mit anderem M\u00e4nnerschmuck wie Armb\u00e4ndern oder Uhren kombinieren, w\u00e4hrend es gleichzeitig als eigenst\u00e4ndiges Schmuckst\u00fcck eine raffinierte Pr\u00e4senz beibeh\u00e4lt. Er ist eine durchdachte Wahl f\u00fcr Hochzeiten, Jahrestage oder pers\u00f6nliche Meilensteine und steht f\u00fcr Engagement, St\u00e4rke und dauerhaften Stil.<\/p>","protected":false},"excerpt":{"rendered":"<p>Zeitlos und elegant, diese <strong data-start=\"156\" data-end=\"188\">22ct Gold Klassisches Hofband<\/strong> ist aus 5,2 Gramm reinem Gelbgold gefertigt. Sein glattes, geradliniges Profil bietet sowohl Komfort als auch Raffinesse und macht ihn zu einer idealen Wahl f\u00fcr Hochzeiten, Jubil\u00e4en oder als dauerhaften Alltagsring. Er ist mit einem Echtheitszertifikat versehen und spiegelt die Tradition der feinen Handwerkskunst von PureJewels wider.<\/p>\n<p><strong>Material:<\/strong>\u00a022ct Gold<br \/>\n<strong>Reinheit:<\/strong>\u00a091.6% reines Gold<br \/>\n<strong>Wahrzeichen:<\/strong>\u00a0Britisches G\u00fctesiegel<br \/>\n<strong>SKU:<\/strong> 51963<br \/>\n<strong>Bruttogewicht:<\/strong> 5,20 Gramm<br \/>\n<strong>Ringgr\u00f6\u00dfe:<\/strong> P (andere Gr\u00f6\u00dfe bitte anfragen)<br \/>\n<strong>Breite:<\/strong> 5 mm<\/p>\n<p><strong>Preis und Lieferung:<\/strong>\u00a0Inklusive Mehrwertsteuer und Lieferkosten<br \/>\n<a href=\"https:\/\/www.purejewels.com\/de\/ruckgabepolitik\/\"><strong>R\u00fcckgabepolitik<\/strong><\/a><\/p>","protected":false},"featured_media":412149,"comment_status":"closed","ping_status":"closed","template":"","meta":{"_eb_attr":"","_crsspst_to_jayantr4sg-hostcom":true},"product_brand":[],"product_cat":[1640,1784,1235,1783,1572,229,1573,1574,5349],"product_tag":[],"class_list":{"0":"post-412136","1":"product","2":"type-product","3":"status-publish","4":"has-post-thumbnail","6":"product_cat-22ct-gold-bands","7":"product_cat-gents-rings","8":"product_cat-gold-rings","9":"product_cat-ladies-rings","10":"product_cat-mens-jewellery","11":"product_cat-wedding-bands","12":"product_cat-wedding-gifts","13":"product_cat-womens-jewellery","14":"product_cat-yellow-gold-jewellery","16":"first","17":"instock","18":"featured","19":"taxable","20":"shipping-taxable","21":"purchasable","22":"product-type-simple","23":"add-to-wishlist-before_image"},"yoast_head":"<!-- This site is optimized with the Yoast SEO plugin v27.5 - https:\/\/yoast.com\/product\/yoast-seo-wordpress\/ -->\n<title>22ct Gold Classic Court Band \u2013 5.2gms, Size P | PureJewels UK<\/title>\n<meta name=\"description\" content=\"Shop the 22ct Gold Classic Court Band, weighing 5.2gms. A timeless wedding or everyday ring with a smooth court profile, hallmarked for purity.\" \/>\n<meta name=\"robots\" content=\"index, follow, max-snippet:-1, max-image-preview:large, max-video-preview:-1\" \/>\n<link rel=\"canonical\" href=\"https:\/\/www.purejewels.com\/de\/produkt-2\/klassisches-band-aus-22-karat-gold-51963\/\" \/>\n<meta property=\"og:locale\" content=\"de_DE\" \/>\n<meta property=\"og:type\" content=\"article\" \/>\n<meta property=\"og:title\" content=\"22ct Gold Classic Court Band \u2013 5.2gms, Size P | PureJewels UK\" \/>\n<meta property=\"og:description\" content=\"Shop the 22ct Gold Classic Court Band, weighing 5.2gms. A timeless wedding or everyday ring with a smooth court profile, hallmarked for purity.\" \/>\n<meta property=\"og:url\" content=\"https:\/\/www.purejewels.com\/de\/produkt-2\/klassisches-band-aus-22-karat-gold-51963\/\" \/>\n<meta property=\"og:site_name\" content=\"PureJewels UK\" \/>\n<meta property=\"article:modified_time\" content=\"2026-03-23T04:33:07+00:00\" \/>\n<meta property=\"og:image\" content=\"https:\/\/static.purejewels.com\/wp-content\/uploads\/2025\/08\/SKU-51963.jpg\" \/>\n\t<meta property=\"og:image:width\" content=\"1000\" \/>\n\t<meta property=\"og:image:height\" content=\"1000\" \/>\n\t<meta property=\"og:image:type\" content=\"image\/jpeg\" \/>\n<meta name=\"twitter:card\" content=\"summary_large_image\" \/>\n<meta name=\"twitter:label1\" content=\"Gesch\u00e4tzte Lesezeit\" \/>\n\t<meta name=\"twitter:data1\" content=\"1\u00a0Minute\" \/>\n<script type=\"application\/ld+json\" class=\"yoast-schema-graph\">{\"@context\":\"https:\\\/\\\/schema.org\",\"@graph\":[{\"@type\":[\"WebPage\",\"ItemPage\"],\"@id\":\"https:\\\/\\\/www.purejewels.com\\\/product\\\/22ct-gold-classic-court-band-51963\\\/\",\"url\":\"https:\\\/\\\/www.purejewels.com\\\/product\\\/22ct-gold-classic-court-band-51963\\\/\",\"name\":\"22ct Gold Classic Court Band \u2013 5.2gms, Size P | PureJewels UK\",\"isPartOf\":{\"@id\":\"https:\\\/\\\/www.purejewels.com\\\/#website\"},\"primaryImageOfPage\":{\"@id\":\"https:\\\/\\\/www.purejewels.com\\\/product\\\/22ct-gold-classic-court-band-51963\\\/#primaryimage\"},\"image\":{\"@id\":\"https:\\\/\\\/www.purejewels.com\\\/product\\\/22ct-gold-classic-court-band-51963\\\/#primaryimage\"},\"thumbnailUrl\":\"https:\\\/\\\/static.purejewels.com\\\/wp-content\\\/uploads\\\/2025\\\/08\\\/SKU-51963.jpg\",\"datePublished\":\"2025-07-19T08:26:54+00:00\",\"dateModified\":\"2026-03-23T04:33:07+00:00\",\"description\":\"Shop the 22ct Gold Classic Court Band, weighing 5.2gms. A timeless wedding or everyday ring with a smooth court profile, hallmarked for purity.\",\"breadcrumb\":{\"@id\":\"https:\\\/\\\/www.purejewels.com\\\/product\\\/22ct-gold-classic-court-band-51963\\\/#breadcrumb\"},\"inLanguage\":\"de\",\"potentialAction\":[{\"@type\":\"ReadAction\",\"target\":[\"https:\\\/\\\/www.purejewels.com\\\/product\\\/22ct-gold-classic-court-band-51963\\\/\"]}]},{\"@type\":\"ImageObject\",\"inLanguage\":\"de\",\"@id\":\"https:\\\/\\\/www.purejewels.com\\\/product\\\/22ct-gold-classic-court-band-51963\\\/#primaryimage\",\"url\":\"https:\\\/\\\/static.purejewels.com\\\/wp-content\\\/uploads\\\/2025\\\/08\\\/SKU-51963.jpg\",\"contentUrl\":\"https:\\\/\\\/static.purejewels.com\\\/wp-content\\\/uploads\\\/2025\\\/08\\\/SKU-51963.jpg\",\"width\":1000,\"height\":1000,\"caption\":\"22ct Gold Classic Court Band\"},{\"@type\":\"BreadcrumbList\",\"@id\":\"https:\\\/\\\/www.purejewels.com\\\/product\\\/22ct-gold-classic-court-band-51963\\\/#breadcrumb\",\"itemListElement\":[{\"@type\":\"ListItem\",\"position\":1,\"name\":\"Home\",\"item\":\"https:\\\/\\\/www.purejewels.com\\\/\"},{\"@type\":\"ListItem\",\"position\":2,\"name\":\"Shop\",\"item\":\"https:\\\/\\\/www.purejewels.com\\\/shop\\\/\"},{\"@type\":\"ListItem\",\"position\":3,\"name\":\"22ct Gold Classic Court Band\"}]},{\"@type\":\"WebSite\",\"@id\":\"https:\\\/\\\/www.purejewels.com\\\/#website\",\"url\":\"https:\\\/\\\/www.purejewels.com\\\/\",\"name\":\"PureJewels UK\",\"description\":\"Share the Love\",\"publisher\":{\"@id\":\"https:\\\/\\\/www.purejewels.com\\\/#organization\"},\"potentialAction\":[{\"@type\":\"SearchAction\",\"target\":{\"@type\":\"EntryPoint\",\"urlTemplate\":\"https:\\\/\\\/www.purejewels.com\\\/?s={search_term_string}\"},\"query-input\":{\"@type\":\"PropertyValueSpecification\",\"valueRequired\":true,\"valueName\":\"search_term_string\"}}],\"inLanguage\":\"de\"},{\"@type\":\"Organization\",\"@id\":\"https:\\\/\\\/www.purejewels.com\\\/#organization\",\"name\":\"PureJewels UK\",\"url\":\"https:\\\/\\\/www.purejewels.com\\\/\",\"logo\":{\"@type\":\"ImageObject\",\"inLanguage\":\"de\",\"@id\":\"https:\\\/\\\/www.purejewels.com\\\/#\\\/schema\\\/logo\\\/image\\\/\",\"url\":\"https:\\\/\\\/static.purejewels.com\\\/wp-content\\\/uploads\\\/2020\\\/11\\\/Logo-PJ-New-1.png\",\"contentUrl\":\"https:\\\/\\\/static.purejewels.com\\\/wp-content\\\/uploads\\\/2020\\\/11\\\/Logo-PJ-New-1.png\",\"width\":150,\"height\":80,\"caption\":\"PureJewels UK\"},\"image\":{\"@id\":\"https:\\\/\\\/www.purejewels.com\\\/#\\\/schema\\\/logo\\\/image\\\/\"}}]}<\/script>\n<!-- \/ Yoast SEO plugin. -->","yoast_head_json":{"title":"22ct Gold Classic Court Band - 5.2gms, Gr\u00f6\u00dfe P | PureJewels UK","description":"Kaufen Sie das 22ct Gold Classic Court Band mit einem Gewicht von 5,2 g. Ein zeitloser Hochzeits- oder Alltagsring mit einem glatten Court-Profil, f\u00fcr Reinheit gepunzt.","robots":{"index":"index","follow":"follow","max-snippet":"max-snippet:-1","max-image-preview":"max-image-preview:large","max-video-preview":"max-video-preview:-1"},"canonical":"https:\/\/www.purejewels.com\/de\/produkt-2\/klassisches-band-aus-22-karat-gold-51963\/","og_locale":"de_DE","og_type":"article","og_title":"22ct Gold Classic Court Band \u2013 5.2gms, Size P | PureJewels UK","og_description":"Shop the 22ct Gold Classic Court Band, weighing 5.2gms. A timeless wedding or everyday ring with a smooth court profile, hallmarked for purity.","og_url":"https:\/\/www.purejewels.com\/de\/produkt-2\/klassisches-band-aus-22-karat-gold-51963\/","og_site_name":"PureJewels UK","article_modified_time":"2026-03-23T04:33:07+00:00","og_image":[{"width":1000,"height":1000,"url":"https:\/\/static.purejewels.com\/wp-content\/uploads\/2025\/08\/SKU-51963.jpg","type":"image\/jpeg"}],"twitter_card":"summary_large_image","twitter_misc":{"Gesch\u00e4tzte Lesezeit":"1\u00a0Minute"},"schema":{"@context":"https:\/\/schema.org","@graph":[{"@type":["WebPage","ItemPage"],"@id":"https:\/\/www.purejewels.com\/product\/22ct-gold-classic-court-band-51963\/","url":"https:\/\/www.purejewels.com\/product\/22ct-gold-classic-court-band-51963\/","name":"22ct Gold Classic Court Band - 5.2gms, Gr\u00f6\u00dfe P | PureJewels UK","isPartOf":{"@id":"https:\/\/www.purejewels.com\/#website"},"primaryImageOfPage":{"@id":"https:\/\/www.purejewels.com\/product\/22ct-gold-classic-court-band-51963\/#primaryimage"},"image":{"@id":"https:\/\/www.purejewels.com\/product\/22ct-gold-classic-court-band-51963\/#primaryimage"},"thumbnailUrl":"https:\/\/static.purejewels.com\/wp-content\/uploads\/2025\/08\/SKU-51963.jpg","datePublished":"2025-07-19T08:26:54+00:00","dateModified":"2026-03-23T04:33:07+00:00","description":"Kaufen Sie das 22ct Gold Classic Court Band mit einem Gewicht von 5,2 g. Ein zeitloser Hochzeits- oder Alltagsring mit einem glatten Court-Profil, f\u00fcr Reinheit gepunzt.","breadcrumb":{"@id":"https:\/\/www.purejewels.com\/product\/22ct-gold-classic-court-band-51963\/#breadcrumb"},"inLanguage":"de","potentialAction":[{"@type":"ReadAction","target":["https:\/\/www.purejewels.com\/product\/22ct-gold-classic-court-band-51963\/"]}]},{"@type":"ImageObject","inLanguage":"de","@id":"https:\/\/www.purejewels.com\/product\/22ct-gold-classic-court-band-51963\/#primaryimage","url":"https:\/\/static.purejewels.com\/wp-content\/uploads\/2025\/08\/SKU-51963.jpg","contentUrl":"https:\/\/static.purejewels.com\/wp-content\/uploads\/2025\/08\/SKU-51963.jpg","width":1000,"height":1000,"caption":"22ct Gold Classic Court Band"},{"@type":"BreadcrumbList","@id":"https:\/\/www.purejewels.com\/product\/22ct-gold-classic-court-band-51963\/#breadcrumb","itemListElement":[{"@type":"ListItem","position":1,"name":"Home","item":"https:\/\/www.purejewels.com\/"},{"@type":"ListItem","position":2,"name":"Shop","item":"https:\/\/www.purejewels.com\/shop\/"},{"@type":"ListItem","position":3,"name":"22ct Gold Classic Court Band"}]},{"@type":"WebSite","@id":"https:\/\/www.purejewels.com\/#website","url":"https:\/\/www.purejewels.com\/","name":"PureJewels UK","description":"Teile die Liebe","publisher":{"@id":"https:\/\/www.purejewels.com\/#organization"},"potentialAction":[{"@type":"SearchAction","target":{"@type":"EntryPoint","urlTemplate":"https:\/\/www.purejewels.com\/?s={search_term_string}"},"query-input":{"@type":"PropertyValueSpecification","valueRequired":true,"valueName":"search_term_string"}}],"inLanguage":"de"},{"@type":"Organization","@id":"https:\/\/www.purejewels.com\/#organization","name":"PureJewels UK","url":"https:\/\/www.purejewels.com\/","logo":{"@type":"ImageObject","inLanguage":"de","@id":"https:\/\/www.purejewels.com\/#\/schema\/logo\/image\/","url":"https:\/\/static.purejewels.com\/wp-content\/uploads\/2020\/11\/Logo-PJ-New-1.png","contentUrl":"https:\/\/static.purejewels.com\/wp-content\/uploads\/2020\/11\/Logo-PJ-New-1.png","width":150,"height":80,"caption":"PureJewels UK"},"image":{"@id":"https:\/\/www.purejewels.com\/#\/schema\/logo\/image\/"}}]}},"_links":{"self":[{"href":"https:\/\/www.purejewels.com\/de\/wp-json\/wp\/v2\/product\/412136","targetHints":{"allow":["GET"]}}],"collection":[{"href":"https:\/\/www.purejewels.com\/de\/wp-json\/wp\/v2\/product"}],"about":[{"href":"https:\/\/www.purejewels.com\/de\/wp-json\/wp\/v2\/types\/product"}],"replies":[{"embeddable":true,"href":"https:\/\/www.purejewels.com\/de\/wp-json\/wp\/v2\/comments?post=412136"}],"version-history":[{"count":3,"href":"https:\/\/www.purejewels.com\/de\/wp-json\/wp\/v2\/product\/412136\/revisions"}],"predecessor-version":[{"id":427430,"href":"https:\/\/www.purejewels.com\/de\/wp-json\/wp\/v2\/product\/412136\/revisions\/427430"}],"wp:featuredmedia":[{"embeddable":true,"href":"https:\/\/www.purejewels.com\/de\/wp-json\/wp\/v2\/media\/412149"}],"wp:attachment":[{"href":"https:\/\/www.purejewels.com\/de\/wp-json\/wp\/v2\/media?parent=412136"}],"wp:term":[{"taxonomy":"product_brand","embeddable":true,"href":"https:\/\/www.purejewels.com\/de\/wp-json\/wp\/v2\/product_brand?post=412136"},{"taxonomy":"product_cat","embeddable":true,"href":"https:\/\/www.purejewels.com\/de\/wp-json\/wp\/v2\/product_cat?post=412136"},{"taxonomy":"product_tag","embeddable":true,"href":"https:\/\/www.purejewels.com\/de\/wp-json\/wp\/v2\/product_tag?post=412136"}],"curies":[{"name":"wp","href":"https:\/\/api.w.org\/{rel}","templated":true}]}}