{"id":4126,"date":"2017-07-19T13:24:47","date_gmt":"2017-07-19T12:24:47","guid":{"rendered":"http:\/\/new.purejewels.com\/product\/brown-newirth-diamond-wedding-ring-2\/"},"modified":"2021-12-16T17:27:36","modified_gmt":"2021-12-16T17:27:36","slug":"brauner-neugeborenen-diamant-trauring-2","status":"publish","type":"product","link":"https:\/\/www.purejewels.com\/de\/product\/brown-newirth-diamond-wedding-ring-2\/","title":{"rendered":"Braun &amp; Newirth Diamant-Trauring"},"content":{"rendered":"<p>Ehering<\/p>\n<p>Ausf\u00fchrung: Polierte Oberfl\u00e4che<br \/>\nSteinfassung: B\u00fcndig<br \/>\nMetall: Platin<br \/>\nDiamanten: 0,13cts<br \/>\nFingergr\u00f6\u00dfe:J<br \/>\nBreite: 3 mm<\/p>\n<p>Dieser wundersch\u00f6ne Ehering von Brown &amp; Newirth ist aus starkem, gl\u00e4nzendem Platin gefertigt und mit drei Diamanten besetzt, die b\u00fcndig auf der Oberfl\u00e4che liegen (eine praktische Methode f\u00fcr das t\u00e4gliche Tragen). Eine stilvolle, widerstandsf\u00e4hige Wahl f\u00fcr einen unverwechselbaren Ehering. Sie werden ihn anprobieren wollen - also kommen Sie jederzeit in unser Gesch\u00e4ft. Wir freuen uns, Ihnen diesen und andere <a href=\"https:\/\/www.purejewels.com\/de\/product-category\/22ct-gold-jewellery\/gold-rings\/\">Ringe<\/a> von Brown &amp; Newirth in unserem Ausstellungsraum in der Green Street.<\/p>\n<ul>\n<li>Brown &amp; Newirth ist eine Schmuckwerkstatt mit Sitz im Norden Londons.<\/li>\n<li>Das Unternehmen ist stolz auf seine handgefertigten Trauringe, und jeder Ring von Brown &amp; Newirth durchl\u00e4uft auf seinem Weg durch die Produktion mindestens 12 Paar H\u00e4nde. Die Diamanten werden sorgf\u00e4ltig von Hand gefasst, die Ringe poliert und sorgf\u00e4ltig gepr\u00fcft, bevor sie in unserem Gesch\u00e4ft ankommen.<\/li>\n<li>Kommen Sie vorbei, um die neuesten St\u00fccke von Brown &amp; Newirth zu entdecken und herauszufinden, warum wir glauben, dass sie es wert sind, in unsere Schr\u00e4nke zu kommen.<\/li>\n<\/ul>","protected":false},"excerpt":{"rendered":"<p>Ehering<\/p>\n<p>Ausf\u00fchrung: Polierte Oberfl\u00e4che<br \/>\nSteinfassung: B\u00fcndig<br \/>\nMetall: Platin<br \/>\nDiamanten: 0,13cts<br \/>\nFingergr\u00f6\u00dfe:J<br \/>\nBreite: 3 mm<\/p>\n<p>Dieser wundersch\u00f6ne Ehering von Brown &amp; Newirth ist aus starkem, gl\u00e4nzendem Platin gefertigt und mit drei Diamanten besetzt, die b\u00fcndig auf der Oberfl\u00e4che liegen (eine praktische Methode f\u00fcr das t\u00e4gliche Tragen). Eine stilvolle, widerstandsf\u00e4hige Wahl f\u00fcr einen unverwechselbaren Ehering. Sie werden ihn anprobieren wollen - also kommen Sie jederzeit in unser Gesch\u00e4ft. Wir freuen uns, diesen und andere Ringe von Brown &amp; Newirth in unserem Ausstellungsraum in der Green Street zu zeigen.<\/p>\n<ul>\n<li>Brown &amp; Newirth ist eine Schmuckwerkstatt mit Sitz im Norden Londons.<\/li>\n<li>Das Unternehmen ist stolz auf seine handgefertigten Trauringe, und jeder Ring von Brown &amp; Newirth durchl\u00e4uft auf seinem Weg durch die Produktion mindestens 12 Paar H\u00e4nde. Die Diamanten werden sorgf\u00e4ltig von Hand gefasst, die Ringe poliert und sorgf\u00e4ltig gepr\u00fcft, bevor sie in unserem Gesch\u00e4ft ankommen.<\/li>\n<li>Kommen Sie vorbei, um die neuesten St\u00fccke von Brown &amp; Newirth zu entdecken und herauszufinden, warum wir glauben, dass sie es wert sind, in unsere Schr\u00e4nke zu kommen.<\/li>\n<\/ul>","protected":false},"featured_media":4127,"comment_status":"closed","ping_status":"closed","template":"","meta":{"_eb_attr":"","_crsspst_to_jayantr4sg-hostcom":false},"product_brand":[],"product_cat":[1572,1660,1800,1574],"product_tag":[],"class_list":{"0":"post-4126","1":"product","2":"type-product","3":"status-publish","4":"has-post-thumbnail","6":"product_cat-mens-jewellery","7":"product_cat-newrith-bands","8":"product_cat-platinum-bands","9":"product_cat-womens-jewellery","11":"first","12":"outofstock","13":"taxable","14":"shipping-taxable","15":"product-type-simple","16":"add-to-wishlist-before_image"},"yoast_head":"<!-- This site is optimized with the Yoast SEO plugin v27.3 - https:\/\/yoast.com\/product\/yoast-seo-wordpress\/ -->\n<title>Brown &amp; Newirth Diamond Wedding Ring from PureJewels.com<\/title>\n<meta name=\"robots\" content=\"index, follow, max-snippet:-1, max-image-preview:large, max-video-preview:-1\" \/>\n<link rel=\"canonical\" href=\"https:\/\/www.purejewels.com\/de\/produkt-2\/brauner-neugeborenen-diamant-trauring-2\/\" \/>\n<meta property=\"og:locale\" content=\"de_DE\" \/>\n<meta property=\"og:type\" content=\"article\" \/>\n<meta property=\"og:title\" content=\"Brown &amp; Newirth Diamond Wedding Ring from PureJewels.com\" \/>\n<meta property=\"og:description\" content=\"Wedding Ring  Finish: Polished Finish Stone Setting: Flush Metal: Platinum Diamonds: 0.13cts Finger Size:J Width: 3mm  Crafted with artistry for you to wear with pride... this beautiful Brown &amp; Newirth wedding ring is fashioned from strong, glossy platinum and inlaid with three diamonds that lie flush to the surface (a practical method for everyday wear). A stylish, hardwearing choice for a distinctive wedding ring. You&#039;ll want to try this on - so come along to the store any time. We are delighted to show this and other rings by Brown &amp; Newirth in our showroom in Green Street.   Brown &amp; Newirth is a jewellery workshop based in north London.  The company prides itself on hand-crafting wedding rings, and every Brown &amp; Newirth ring will pass through at least 12 pairs of hands on its journey through production. Diamonds are carefully hand-set, and rings and polished and painstakingly checked before they even arrive in our store.  Come in to discover the latest pieces from Brown &amp; Newirth, and find out why we think they&#039;re worth putting in our cabinets.\" \/>\n<meta property=\"og:url\" content=\"https:\/\/www.purejewels.com\/de\/produkt-2\/brauner-neugeborenen-diamant-trauring-2\/\" \/>\n<meta property=\"og:site_name\" content=\"PureJewels UK\" \/>\n<meta property=\"article:modified_time\" content=\"2021-12-16T17:27:36+00:00\" \/>\n<meta property=\"og:image\" content=\"https:\/\/www.purejewels.com\/wp-content\/uploads\/2017\/07\/d141_xl-2.jpg\" \/>\n\t<meta property=\"og:image:width\" content=\"960\" \/>\n\t<meta property=\"og:image:height\" content=\"960\" \/>\n\t<meta property=\"og:image:type\" content=\"image\/jpeg\" \/>\n<meta name=\"twitter:card\" content=\"summary_large_image\" \/>\n<meta name=\"twitter:label1\" content=\"Gesch\u00e4tzte Lesezeit\" \/>\n\t<meta name=\"twitter:data1\" content=\"1\u00a0Minute\" \/>\n<script type=\"application\/ld+json\" class=\"yoast-schema-graph\">{\"@context\":\"https:\\\/\\\/schema.org\",\"@graph\":[{\"@type\":[\"WebPage\",\"ItemPage\"],\"@id\":\"https:\\\/\\\/www.purejewels.com\\\/product\\\/brown-newirth-diamond-wedding-ring-2\\\/\",\"url\":\"https:\\\/\\\/www.purejewels.com\\\/product\\\/brown-newirth-diamond-wedding-ring-2\\\/\",\"name\":\"Brown & Newirth Diamond Wedding Ring from PureJewels.com\",\"isPartOf\":{\"@id\":\"https:\\\/\\\/www.purejewels.com\\\/#website\"},\"primaryImageOfPage\":{\"@id\":\"https:\\\/\\\/www.purejewels.com\\\/product\\\/brown-newirth-diamond-wedding-ring-2\\\/#primaryimage\"},\"image\":{\"@id\":\"https:\\\/\\\/www.purejewels.com\\\/product\\\/brown-newirth-diamond-wedding-ring-2\\\/#primaryimage\"},\"thumbnailUrl\":\"https:\\\/\\\/static.purejewels.com\\\/wp-content\\\/uploads\\\/2017\\\/07\\\/d141_xl-2.jpg\",\"datePublished\":\"2017-07-19T12:24:47+00:00\",\"dateModified\":\"2021-12-16T17:27:36+00:00\",\"breadcrumb\":{\"@id\":\"https:\\\/\\\/www.purejewels.com\\\/product\\\/brown-newirth-diamond-wedding-ring-2\\\/#breadcrumb\"},\"inLanguage\":\"de\",\"potentialAction\":[{\"@type\":\"ReadAction\",\"target\":[\"https:\\\/\\\/www.purejewels.com\\\/product\\\/brown-newirth-diamond-wedding-ring-2\\\/\"]}]},{\"@type\":\"ImageObject\",\"inLanguage\":\"de\",\"@id\":\"https:\\\/\\\/www.purejewels.com\\\/product\\\/brown-newirth-diamond-wedding-ring-2\\\/#primaryimage\",\"url\":\"https:\\\/\\\/static.purejewels.com\\\/wp-content\\\/uploads\\\/2017\\\/07\\\/d141_xl-2.jpg\",\"contentUrl\":\"https:\\\/\\\/static.purejewels.com\\\/wp-content\\\/uploads\\\/2017\\\/07\\\/d141_xl-2.jpg\",\"width\":960,\"height\":960,\"caption\":\"d141_xl.jpg\"},{\"@type\":\"BreadcrumbList\",\"@id\":\"https:\\\/\\\/www.purejewels.com\\\/product\\\/brown-newirth-diamond-wedding-ring-2\\\/#breadcrumb\",\"itemListElement\":[{\"@type\":\"ListItem\",\"position\":1,\"name\":\"Home\",\"item\":\"https:\\\/\\\/www.purejewels.com\\\/\"},{\"@type\":\"ListItem\",\"position\":2,\"name\":\"Shop\",\"item\":\"https:\\\/\\\/www.purejewels.com\\\/shop\\\/\"},{\"@type\":\"ListItem\",\"position\":3,\"name\":\"Brown &#038; Newirth Diamond Wedding Ring\"}]},{\"@type\":\"WebSite\",\"@id\":\"https:\\\/\\\/www.purejewels.com\\\/#website\",\"url\":\"https:\\\/\\\/www.purejewels.com\\\/\",\"name\":\"PureJewels UK\",\"description\":\"Share the Love\",\"publisher\":{\"@id\":\"https:\\\/\\\/www.purejewels.com\\\/#organization\"},\"potentialAction\":[{\"@type\":\"SearchAction\",\"target\":{\"@type\":\"EntryPoint\",\"urlTemplate\":\"https:\\\/\\\/www.purejewels.com\\\/?s={search_term_string}\"},\"query-input\":{\"@type\":\"PropertyValueSpecification\",\"valueRequired\":true,\"valueName\":\"search_term_string\"}}],\"inLanguage\":\"de\"},{\"@type\":\"Organization\",\"@id\":\"https:\\\/\\\/www.purejewels.com\\\/#organization\",\"name\":\"PureJewels UK\",\"url\":\"https:\\\/\\\/www.purejewels.com\\\/\",\"logo\":{\"@type\":\"ImageObject\",\"inLanguage\":\"de\",\"@id\":\"https:\\\/\\\/www.purejewels.com\\\/#\\\/schema\\\/logo\\\/image\\\/\",\"url\":\"https:\\\/\\\/static.purejewels.com\\\/wp-content\\\/uploads\\\/2020\\\/11\\\/Logo-PJ-New-1.png\",\"contentUrl\":\"https:\\\/\\\/static.purejewels.com\\\/wp-content\\\/uploads\\\/2020\\\/11\\\/Logo-PJ-New-1.png\",\"width\":150,\"height\":80,\"caption\":\"PureJewels UK\"},\"image\":{\"@id\":\"https:\\\/\\\/www.purejewels.com\\\/#\\\/schema\\\/logo\\\/image\\\/\"}}]}<\/script>\n<!-- \/ Yoast SEO plugin. -->","yoast_head_json":{"title":"Braun &amp; Newirth Diamant Ehering von PureJewels.com","robots":{"index":"index","follow":"follow","max-snippet":"max-snippet:-1","max-image-preview":"max-image-preview:large","max-video-preview":"max-video-preview:-1"},"canonical":"https:\/\/www.purejewels.com\/de\/produkt-2\/brauner-neugeborenen-diamant-trauring-2\/","og_locale":"de_DE","og_type":"article","og_title":"Brown & Newirth Diamond Wedding Ring from PureJewels.com","og_description":"Wedding Ring  Finish: Polished Finish Stone Setting: Flush Metal: Platinum Diamonds: 0.13cts Finger Size:J Width: 3mm  Crafted with artistry for you to wear with pride... this beautiful Brown &amp; Newirth wedding ring is fashioned from strong, glossy platinum and inlaid with three diamonds that lie flush to the surface (a practical method for everyday wear). A stylish, hardwearing choice for a distinctive wedding ring. You'll want to try this on - so come along to the store any time. We are delighted to show this and other rings by Brown &amp; Newirth in our showroom in Green Street.   Brown &amp; Newirth is a jewellery workshop based in north London.  The company prides itself on hand-crafting wedding rings, and every Brown &amp; Newirth ring will pass through at least 12 pairs of hands on its journey through production. Diamonds are carefully hand-set, and rings and polished and painstakingly checked before they even arrive in our store.  Come in to discover the latest pieces from Brown &amp; Newirth, and find out why we think they're worth putting in our cabinets.","og_url":"https:\/\/www.purejewels.com\/de\/produkt-2\/brauner-neugeborenen-diamant-trauring-2\/","og_site_name":"PureJewels UK","article_modified_time":"2021-12-16T17:27:36+00:00","og_image":[{"width":960,"height":960,"url":"https:\/\/www.purejewels.com\/wp-content\/uploads\/2017\/07\/d141_xl-2.jpg","type":"image\/jpeg"}],"twitter_card":"summary_large_image","twitter_misc":{"Gesch\u00e4tzte Lesezeit":"1\u00a0Minute"},"schema":{"@context":"https:\/\/schema.org","@graph":[{"@type":["WebPage","ItemPage"],"@id":"https:\/\/www.purejewels.com\/product\/brown-newirth-diamond-wedding-ring-2\/","url":"https:\/\/www.purejewels.com\/product\/brown-newirth-diamond-wedding-ring-2\/","name":"Braun &amp; Newirth Diamant Ehering von PureJewels.com","isPartOf":{"@id":"https:\/\/www.purejewels.com\/#website"},"primaryImageOfPage":{"@id":"https:\/\/www.purejewels.com\/product\/brown-newirth-diamond-wedding-ring-2\/#primaryimage"},"image":{"@id":"https:\/\/www.purejewels.com\/product\/brown-newirth-diamond-wedding-ring-2\/#primaryimage"},"thumbnailUrl":"https:\/\/static.purejewels.com\/wp-content\/uploads\/2017\/07\/d141_xl-2.jpg","datePublished":"2017-07-19T12:24:47+00:00","dateModified":"2021-12-16T17:27:36+00:00","breadcrumb":{"@id":"https:\/\/www.purejewels.com\/product\/brown-newirth-diamond-wedding-ring-2\/#breadcrumb"},"inLanguage":"de","potentialAction":[{"@type":"ReadAction","target":["https:\/\/www.purejewels.com\/product\/brown-newirth-diamond-wedding-ring-2\/"]}]},{"@type":"ImageObject","inLanguage":"de","@id":"https:\/\/www.purejewels.com\/product\/brown-newirth-diamond-wedding-ring-2\/#primaryimage","url":"https:\/\/static.purejewels.com\/wp-content\/uploads\/2017\/07\/d141_xl-2.jpg","contentUrl":"https:\/\/static.purejewels.com\/wp-content\/uploads\/2017\/07\/d141_xl-2.jpg","width":960,"height":960,"caption":"d141_xl.jpg"},{"@type":"BreadcrumbList","@id":"https:\/\/www.purejewels.com\/product\/brown-newirth-diamond-wedding-ring-2\/#breadcrumb","itemListElement":[{"@type":"ListItem","position":1,"name":"Home","item":"https:\/\/www.purejewels.com\/"},{"@type":"ListItem","position":2,"name":"Shop","item":"https:\/\/www.purejewels.com\/shop\/"},{"@type":"ListItem","position":3,"name":"Brown &#038; Newirth Diamond Wedding Ring"}]},{"@type":"WebSite","@id":"https:\/\/www.purejewels.com\/#website","url":"https:\/\/www.purejewels.com\/","name":"PureJewels UK","description":"Teile die Liebe","publisher":{"@id":"https:\/\/www.purejewels.com\/#organization"},"potentialAction":[{"@type":"SearchAction","target":{"@type":"EntryPoint","urlTemplate":"https:\/\/www.purejewels.com\/?s={search_term_string}"},"query-input":{"@type":"PropertyValueSpecification","valueRequired":true,"valueName":"search_term_string"}}],"inLanguage":"de"},{"@type":"Organization","@id":"https:\/\/www.purejewels.com\/#organization","name":"PureJewels UK","url":"https:\/\/www.purejewels.com\/","logo":{"@type":"ImageObject","inLanguage":"de","@id":"https:\/\/www.purejewels.com\/#\/schema\/logo\/image\/","url":"https:\/\/static.purejewels.com\/wp-content\/uploads\/2020\/11\/Logo-PJ-New-1.png","contentUrl":"https:\/\/static.purejewels.com\/wp-content\/uploads\/2020\/11\/Logo-PJ-New-1.png","width":150,"height":80,"caption":"PureJewels UK"},"image":{"@id":"https:\/\/www.purejewels.com\/#\/schema\/logo\/image\/"}}]}},"_links":{"self":[{"href":"https:\/\/www.purejewels.com\/de\/wp-json\/wp\/v2\/product\/4126","targetHints":{"allow":["GET"]}}],"collection":[{"href":"https:\/\/www.purejewels.com\/de\/wp-json\/wp\/v2\/product"}],"about":[{"href":"https:\/\/www.purejewels.com\/de\/wp-json\/wp\/v2\/types\/product"}],"replies":[{"embeddable":true,"href":"https:\/\/www.purejewels.com\/de\/wp-json\/wp\/v2\/comments?post=4126"}],"version-history":[{"count":0,"href":"https:\/\/www.purejewels.com\/de\/wp-json\/wp\/v2\/product\/4126\/revisions"}],"wp:featuredmedia":[{"embeddable":true,"href":"https:\/\/www.purejewels.com\/de\/wp-json\/wp\/v2\/media\/4127"}],"wp:attachment":[{"href":"https:\/\/www.purejewels.com\/de\/wp-json\/wp\/v2\/media?parent=4126"}],"wp:term":[{"taxonomy":"product_brand","embeddable":true,"href":"https:\/\/www.purejewels.com\/de\/wp-json\/wp\/v2\/product_brand?post=4126"},{"taxonomy":"product_cat","embeddable":true,"href":"https:\/\/www.purejewels.com\/de\/wp-json\/wp\/v2\/product_cat?post=4126"},{"taxonomy":"product_tag","embeddable":true,"href":"https:\/\/www.purejewels.com\/de\/wp-json\/wp\/v2\/product_tag?post=4126"}],"curies":[{"name":"wp","href":"https:\/\/api.w.org\/{rel}","templated":true}]}}