{"id":412857,"date":"2025-07-28T05:07:30","date_gmt":"2025-07-28T04:07:30","guid":{"rendered":"https:\/\/www.purejewels.com\/?post_type=product&#038;p=412857"},"modified":"2026-02-09T10:10:59","modified_gmt":"2026-02-09T10:10:59","slug":"regentropfen-nieten-51975","status":"publish","type":"product","link":"https:\/\/www.purejewels.com\/de\/product\/raindrop-studs-51975\/","title":{"rendered":"Regentropfen-Nieten"},"content":{"rendered":"<p><span class=\"TextRun SCXW78081516 BCX0\" lang=\"EN-IN\" xml:lang=\"EN-IN\" data-contrast=\"auto\"><span class=\"NormalTextRun SCXW78081516 BCX0\">Die Raindrop Ohrstecker sind ein poetischer Ausdruck der Liebe in ihrem zartesten Stadium. Als Teil unserer Lotus-Kollektion, die die sich entwickelnde Reise der Liebe feiert, haben diese Ohrringe die Form eines weichen goldenen Blattes, das einen einzelnen Diamanten tr\u00e4gt. Die sanfte Bewegung des Steins spiegelt den Rhythmus von Verbindung und Gef\u00fchl wider. Diese leichten, symbolischen und zeitlosen Ohrstecker sind ideal, um ein pers\u00f6nliches Kapitel zu markieren oder einfach den Alltag zu versch\u00f6nern.<\/span><\/span><span class=\"EOP SCXW78081516 BCX0\" data-ccp-props=\"{}\">\u00a0<\/span><\/p>","protected":false},"excerpt":{"rendered":"<p><span class=\"EOP SCXW28731777 BCX0\" data-ccp-props=\"{}\"><span class=\"TextRun SCXW28731777 BCX0\" lang=\"EN-IN\" xml:lang=\"EN-IN\" data-contrast=\"auto\"><span class=\"NormalTextRun SCXW28731777 BCX0\">Ein anmutiger Goldtropfen h\u00e4lt einen einzelnen Diamanten, der im Licht schwingt. Diese Regentropfen-Ohrstecker aus unserer Lotus-Kollektion sind eine stille Hommage an die sich entfaltende Reise der Liebe. Elegant in der Form und reich an Bedeutung, bieten sie allt\u00e4gliche Schlichtheit mit viel Gef\u00fchl.<\/span><\/span>\u00a0 <\/span><\/p>\n<p><strong>Material:<\/strong> 22ct Sunrise Gold (91,6% reines Gold), Platin<br \/>\n<strong>Wahrzeichen:<\/strong> Britisches G\u00fctesiegel<br \/>\n<strong>Zertifizierung:<\/strong> GIA-zertifiziert<br \/>\n<strong>Stein:<\/strong> Nat\u00fcrliche Diamanten<br \/>\n<strong>Gewicht der Diamanten:<\/strong> 0,04ct (insgesamt)<br \/>\n<strong>Bruttogewicht:<\/strong>\u00a0 2.2 Gms<br \/>\n<strong>SKU: <\/strong>51975<\/p>\n<p><strong>Preis und Lieferung:<\/strong> Inklusive Mehrwertsteuer und Lieferkosten<br \/>\n<a href=\"https:\/\/www.purejewels.com\/de\/ruckgabepolitik\/\">R\u00fcckgabepolitik<\/a><\/p>","protected":false},"featured_media":412858,"comment_status":"closed","ping_status":"closed","template":"","meta":{"_eb_attr":"","_crsspst_to_jayantr4sg-hostcom":false},"product_brand":[],"product_cat":[1791,1793,1254,1229,1633,1577,1569,1574],"product_tag":[66],"class_list":{"0":"post-412857","1":"product","2":"type-product","3":"status-publish","4":"has-post-thumbnail","6":"product_cat-anniversary-gifts","7":"product_cat-diwali-gifts","8":"product_cat-gold-earrings","9":"product_cat-22ct-gold-jewellery","10":"product_cat-lotus-collections","11":"product_cat-stud-earrings","12":"product_cat-valentine-day-gifts","13":"product_cat-womens-jewellery","14":"product_tag-earrings","16":"first","17":"instock","18":"taxable","19":"shipping-taxable","20":"purchasable","21":"product-type-simple","22":"add-to-wishlist-before_image"},"yoast_head":"<!-- This site is optimized with the Yoast SEO plugin v27.5 - https:\/\/yoast.com\/product\/yoast-seo-wordpress\/ -->\n<title>Raindrop Stud Earrings | PureJewels Lotus Collection UK<\/title>\n<meta name=\"description\" content=\"Discover PureJewels Raindrop Stud Earrings from the Lotus Collection. Elegant gold and diamond studs inspired by the early stages of love and quiet beauty.\" \/>\n<meta name=\"robots\" content=\"index, follow, max-snippet:-1, max-image-preview:large, max-video-preview:-1\" \/>\n<link rel=\"canonical\" href=\"https:\/\/www.purejewels.com\/de\/produkt-2\/regentropfen-nieten-51975\/\" \/>\n<meta property=\"og:locale\" content=\"de_DE\" \/>\n<meta property=\"og:type\" content=\"article\" \/>\n<meta property=\"og:title\" content=\"Raindrop Stud Earrings | PureJewels Lotus Collection UK\" \/>\n<meta property=\"og:description\" content=\"Discover PureJewels Raindrop Stud Earrings from the Lotus Collection. Elegant gold and diamond studs inspired by the early stages of love and quiet beauty.\" \/>\n<meta property=\"og:url\" content=\"https:\/\/www.purejewels.com\/de\/produkt-2\/regentropfen-nieten-51975\/\" \/>\n<meta property=\"og:site_name\" content=\"PureJewels UK\" \/>\n<meta property=\"article:modified_time\" content=\"2026-02-09T10:10:59+00:00\" \/>\n<meta property=\"og:image\" content=\"https:\/\/static.purejewels.com\/wp-content\/uploads\/2025\/08\/Petal-Earring.jpg\" \/>\n\t<meta property=\"og:image:width\" content=\"1000\" \/>\n\t<meta property=\"og:image:height\" content=\"1000\" \/>\n\t<meta property=\"og:image:type\" content=\"image\/jpeg\" \/>\n<meta name=\"twitter:card\" content=\"summary_large_image\" \/>\n<script type=\"application\/ld+json\" class=\"yoast-schema-graph\">{\"@context\":\"https:\\\/\\\/schema.org\",\"@graph\":[{\"@type\":[\"WebPage\",\"ItemPage\"],\"@id\":\"https:\\\/\\\/www.purejewels.com\\\/product\\\/raindrop-studs-51975\\\/\",\"url\":\"https:\\\/\\\/www.purejewels.com\\\/product\\\/raindrop-studs-51975\\\/\",\"name\":\"Raindrop Stud Earrings | PureJewels Lotus Collection UK\",\"isPartOf\":{\"@id\":\"https:\\\/\\\/www.purejewels.com\\\/#website\"},\"primaryImageOfPage\":{\"@id\":\"https:\\\/\\\/www.purejewels.com\\\/product\\\/raindrop-studs-51975\\\/#primaryimage\"},\"image\":{\"@id\":\"https:\\\/\\\/www.purejewels.com\\\/product\\\/raindrop-studs-51975\\\/#primaryimage\"},\"thumbnailUrl\":\"https:\\\/\\\/static.purejewels.com\\\/wp-content\\\/uploads\\\/2025\\\/08\\\/Petal-Earring.jpg\",\"datePublished\":\"2025-07-28T04:07:30+00:00\",\"dateModified\":\"2026-02-09T10:10:59+00:00\",\"description\":\"Discover PureJewels Raindrop Stud Earrings from the Lotus Collection. Elegant gold and diamond studs inspired by the early stages of love and quiet beauty.\",\"breadcrumb\":{\"@id\":\"https:\\\/\\\/www.purejewels.com\\\/product\\\/raindrop-studs-51975\\\/#breadcrumb\"},\"inLanguage\":\"de\",\"potentialAction\":[{\"@type\":\"ReadAction\",\"target\":[\"https:\\\/\\\/www.purejewels.com\\\/product\\\/raindrop-studs-51975\\\/\"]}]},{\"@type\":\"ImageObject\",\"inLanguage\":\"de\",\"@id\":\"https:\\\/\\\/www.purejewels.com\\\/product\\\/raindrop-studs-51975\\\/#primaryimage\",\"url\":\"https:\\\/\\\/static.purejewels.com\\\/wp-content\\\/uploads\\\/2025\\\/08\\\/Petal-Earring.jpg\",\"contentUrl\":\"https:\\\/\\\/static.purejewels.com\\\/wp-content\\\/uploads\\\/2025\\\/08\\\/Petal-Earring.jpg\",\"width\":1000,\"height\":1000,\"caption\":\"Raindrop Studs\"},{\"@type\":\"BreadcrumbList\",\"@id\":\"https:\\\/\\\/www.purejewels.com\\\/product\\\/raindrop-studs-51975\\\/#breadcrumb\",\"itemListElement\":[{\"@type\":\"ListItem\",\"position\":1,\"name\":\"Home\",\"item\":\"https:\\\/\\\/www.purejewels.com\\\/\"},{\"@type\":\"ListItem\",\"position\":2,\"name\":\"Shop\",\"item\":\"https:\\\/\\\/www.purejewels.com\\\/shop\\\/\"},{\"@type\":\"ListItem\",\"position\":3,\"name\":\"Raindrop Studs\"}]},{\"@type\":\"WebSite\",\"@id\":\"https:\\\/\\\/www.purejewels.com\\\/#website\",\"url\":\"https:\\\/\\\/www.purejewels.com\\\/\",\"name\":\"PureJewels UK\",\"description\":\"Share the Love\",\"publisher\":{\"@id\":\"https:\\\/\\\/www.purejewels.com\\\/#organization\"},\"potentialAction\":[{\"@type\":\"SearchAction\",\"target\":{\"@type\":\"EntryPoint\",\"urlTemplate\":\"https:\\\/\\\/www.purejewels.com\\\/?s={search_term_string}\"},\"query-input\":{\"@type\":\"PropertyValueSpecification\",\"valueRequired\":true,\"valueName\":\"search_term_string\"}}],\"inLanguage\":\"de\"},{\"@type\":\"Organization\",\"@id\":\"https:\\\/\\\/www.purejewels.com\\\/#organization\",\"name\":\"PureJewels UK\",\"url\":\"https:\\\/\\\/www.purejewels.com\\\/\",\"logo\":{\"@type\":\"ImageObject\",\"inLanguage\":\"de\",\"@id\":\"https:\\\/\\\/www.purejewels.com\\\/#\\\/schema\\\/logo\\\/image\\\/\",\"url\":\"https:\\\/\\\/static.purejewels.com\\\/wp-content\\\/uploads\\\/2020\\\/11\\\/Logo-PJ-New-1.png\",\"contentUrl\":\"https:\\\/\\\/static.purejewels.com\\\/wp-content\\\/uploads\\\/2020\\\/11\\\/Logo-PJ-New-1.png\",\"width\":150,\"height\":80,\"caption\":\"PureJewels UK\"},\"image\":{\"@id\":\"https:\\\/\\\/www.purejewels.com\\\/#\\\/schema\\\/logo\\\/image\\\/\"}}]}<\/script>\n<!-- \/ Yoast SEO plugin. -->","yoast_head_json":{"title":"Regentropfen Ohrstecker | PureJewels Lotus Kollektion UK","description":"Entdecken Sie die PureJewels Raindrop Ohrstecker aus der Lotus Kollektion. Elegante Ohrstecker aus Gold und Diamanten, inspiriert von den Anf\u00e4ngen der Liebe und stiller Sch\u00f6nheit.","robots":{"index":"index","follow":"follow","max-snippet":"max-snippet:-1","max-image-preview":"max-image-preview:large","max-video-preview":"max-video-preview:-1"},"canonical":"https:\/\/www.purejewels.com\/de\/produkt-2\/regentropfen-nieten-51975\/","og_locale":"de_DE","og_type":"article","og_title":"Raindrop Stud Earrings | PureJewels Lotus Collection UK","og_description":"Discover PureJewels Raindrop Stud Earrings from the Lotus Collection. Elegant gold and diamond studs inspired by the early stages of love and quiet beauty.","og_url":"https:\/\/www.purejewels.com\/de\/produkt-2\/regentropfen-nieten-51975\/","og_site_name":"PureJewels UK","article_modified_time":"2026-02-09T10:10:59+00:00","og_image":[{"width":1000,"height":1000,"url":"https:\/\/static.purejewels.com\/wp-content\/uploads\/2025\/08\/Petal-Earring.jpg","type":"image\/jpeg"}],"twitter_card":"summary_large_image","schema":{"@context":"https:\/\/schema.org","@graph":[{"@type":["WebPage","ItemPage"],"@id":"https:\/\/www.purejewels.com\/product\/raindrop-studs-51975\/","url":"https:\/\/www.purejewels.com\/product\/raindrop-studs-51975\/","name":"Regentropfen Ohrstecker | PureJewels Lotus Kollektion UK","isPartOf":{"@id":"https:\/\/www.purejewels.com\/#website"},"primaryImageOfPage":{"@id":"https:\/\/www.purejewels.com\/product\/raindrop-studs-51975\/#primaryimage"},"image":{"@id":"https:\/\/www.purejewels.com\/product\/raindrop-studs-51975\/#primaryimage"},"thumbnailUrl":"https:\/\/static.purejewels.com\/wp-content\/uploads\/2025\/08\/Petal-Earring.jpg","datePublished":"2025-07-28T04:07:30+00:00","dateModified":"2026-02-09T10:10:59+00:00","description":"Entdecken Sie die PureJewels Raindrop Ohrstecker aus der Lotus Kollektion. Elegante Ohrstecker aus Gold und Diamanten, inspiriert von den Anf\u00e4ngen der Liebe und stiller Sch\u00f6nheit.","breadcrumb":{"@id":"https:\/\/www.purejewels.com\/product\/raindrop-studs-51975\/#breadcrumb"},"inLanguage":"de","potentialAction":[{"@type":"ReadAction","target":["https:\/\/www.purejewels.com\/product\/raindrop-studs-51975\/"]}]},{"@type":"ImageObject","inLanguage":"de","@id":"https:\/\/www.purejewels.com\/product\/raindrop-studs-51975\/#primaryimage","url":"https:\/\/static.purejewels.com\/wp-content\/uploads\/2025\/08\/Petal-Earring.jpg","contentUrl":"https:\/\/static.purejewels.com\/wp-content\/uploads\/2025\/08\/Petal-Earring.jpg","width":1000,"height":1000,"caption":"Raindrop Studs"},{"@type":"BreadcrumbList","@id":"https:\/\/www.purejewels.com\/product\/raindrop-studs-51975\/#breadcrumb","itemListElement":[{"@type":"ListItem","position":1,"name":"Home","item":"https:\/\/www.purejewels.com\/"},{"@type":"ListItem","position":2,"name":"Shop","item":"https:\/\/www.purejewels.com\/shop\/"},{"@type":"ListItem","position":3,"name":"Raindrop Studs"}]},{"@type":"WebSite","@id":"https:\/\/www.purejewels.com\/#website","url":"https:\/\/www.purejewels.com\/","name":"PureJewels UK","description":"Teile die Liebe","publisher":{"@id":"https:\/\/www.purejewels.com\/#organization"},"potentialAction":[{"@type":"SearchAction","target":{"@type":"EntryPoint","urlTemplate":"https:\/\/www.purejewels.com\/?s={search_term_string}"},"query-input":{"@type":"PropertyValueSpecification","valueRequired":true,"valueName":"search_term_string"}}],"inLanguage":"de"},{"@type":"Organization","@id":"https:\/\/www.purejewels.com\/#organization","name":"PureJewels UK","url":"https:\/\/www.purejewels.com\/","logo":{"@type":"ImageObject","inLanguage":"de","@id":"https:\/\/www.purejewels.com\/#\/schema\/logo\/image\/","url":"https:\/\/static.purejewels.com\/wp-content\/uploads\/2020\/11\/Logo-PJ-New-1.png","contentUrl":"https:\/\/static.purejewels.com\/wp-content\/uploads\/2020\/11\/Logo-PJ-New-1.png","width":150,"height":80,"caption":"PureJewels UK"},"image":{"@id":"https:\/\/www.purejewels.com\/#\/schema\/logo\/image\/"}}]}},"_links":{"self":[{"href":"https:\/\/www.purejewels.com\/de\/wp-json\/wp\/v2\/product\/412857","targetHints":{"allow":["GET"]}}],"collection":[{"href":"https:\/\/www.purejewels.com\/de\/wp-json\/wp\/v2\/product"}],"about":[{"href":"https:\/\/www.purejewels.com\/de\/wp-json\/wp\/v2\/types\/product"}],"replies":[{"embeddable":true,"href":"https:\/\/www.purejewels.com\/de\/wp-json\/wp\/v2\/comments?post=412857"}],"version-history":[{"count":3,"href":"https:\/\/www.purejewels.com\/de\/wp-json\/wp\/v2\/product\/412857\/revisions"}],"predecessor-version":[{"id":424433,"href":"https:\/\/www.purejewels.com\/de\/wp-json\/wp\/v2\/product\/412857\/revisions\/424433"}],"wp:featuredmedia":[{"embeddable":true,"href":"https:\/\/www.purejewels.com\/de\/wp-json\/wp\/v2\/media\/412858"}],"wp:attachment":[{"href":"https:\/\/www.purejewels.com\/de\/wp-json\/wp\/v2\/media?parent=412857"}],"wp:term":[{"taxonomy":"product_brand","embeddable":true,"href":"https:\/\/www.purejewels.com\/de\/wp-json\/wp\/v2\/product_brand?post=412857"},{"taxonomy":"product_cat","embeddable":true,"href":"https:\/\/www.purejewels.com\/de\/wp-json\/wp\/v2\/product_cat?post=412857"},{"taxonomy":"product_tag","embeddable":true,"href":"https:\/\/www.purejewels.com\/de\/wp-json\/wp\/v2\/product_tag?post=412857"}],"curies":[{"name":"wp","href":"https:\/\/api.w.org\/{rel}","templated":true}]}}