{"id":412864,"date":"2025-09-02T05:29:33","date_gmt":"2025-09-02T04:29:33","guid":{"rendered":"https:\/\/www.purejewels.com\/?post_type=product&#038;p=412864"},"modified":"2026-02-09T08:33:08","modified_gmt":"2026-02-09T08:33:08","slug":"regentropfen-armband-51977","status":"publish","type":"product","link":"https:\/\/www.purejewels.com\/de\/product\/raindrop-bracelet-51977\/","title":{"rendered":"Regentropfen-Armband"},"content":{"rendered":"<p><strong>Inspiration und Geschichte<\/strong><\/p>\n<p>Das Armband Raindrop spiegelt Emotionen in Bewegung wider und l\u00e4sst sich vom Regen inspirieren, der auf eine ruhige Oberfl\u00e4che trifft. Die tropfenf\u00f6rmigen Formen bewegen sich sanft entlang der Kette und bringen das Gleichgewicht zwischen W\u00e4rme und Licht, Pr\u00e4senz und Pause zum Ausdruck. Als Teil der Lotus-Kollektion spricht das Design von Anf\u00e4ngen, Kontinuit\u00e4t und der stillen Kraft, die in der Reise der Liebe liegt.<\/p>\n<p><strong>Material und Handwerkskunst<\/strong><\/p>\n<p>Das aus leuchtendem 22-kar\u00e4tigem Sunrise Gold gefertigte Armband ist mit in Platin gefassten Diamanten besetzt, die f\u00fcr Kontrast und raffiniertes Funkeln sorgen. Jeder Tropfen-Charm ist sorgf\u00e4ltig ausbalanciert, um eine flie\u00dfende Bewegung zu erm\u00f6glichen, w\u00e4hrend ein Tautropfen-Bl\u00fctenblatt-Charm in der N\u00e4he des Verschlusses ein subtiles Abschlussdetail darstellt. Das von Hand gefertigte und im Vereinigten K\u00f6nigreich gepunzte Schmuckst\u00fcck spiegelt durchdachte Handwerkskunst und Materialharmonie wider.<\/p>\n<p><strong>Styling &amp; Geschenkartikel<\/strong><\/p>\n<p>Das Raindrop-Armband wurde so entworfen, dass es eng am Handgelenk anliegt. Es ist bequem f\u00fcr den Alltag und l\u00e4sst sich leicht mit feinen Goldarmb\u00e4ndern oder einer schmalen Uhr kombinieren. Es kann allein getragen werden, um einen sanften, dezenten Look zu erzielen, oder als Lagenschmuck f\u00fcr zus\u00e4tzliche Textur. Es ist ein aufmerksames Geschenk f\u00fcr Jubil\u00e4en, Meilensteine oder Neuanf\u00e4nge und ein bedeutungsvolles St\u00fcck, das sich m\u00fchelos vom Tag in den Abend verwandeln l\u00e4sst.<\/p>","protected":false},"excerpt":{"rendered":"<p><span class=\"NormalTextRun SCXW244635915 BCX0\">Das Raindrop-Armband flie\u00dft mit ruhigem Rhythmus. Die modellierten Tropfen aus Sunrise Gold und die mit Platin akzentuierten Diamantfassungen erzeugen ein sanftes, lyrisches Wechselspiel der T\u00f6ne. Ein Tautropfen-Charm in der N\u00e4he des Verschlusses bietet ein letztes Fl\u00fcstern der Bedeutung, das an die zarten Anf\u00e4nge der Liebe erinnert<\/span><span class=\"NormalTextRun SCXW244635915 BCX0\">.<\/span><\/p>\n<p><strong>Material:<\/strong> 22ct Sunrise Gold (91,6% reines Gold)<br \/>\n<strong><strong>Wahrzeichen: <\/strong><\/strong>Britisches G\u00fctesiegel<strong><strong><br \/>\n<\/strong><\/strong><strong><strong>Stein: <\/strong><\/strong>Nat\u00fcrliche Diamanten\u00a0<strong><strong><br \/>\n<strong>Gewicht der Diamanten: <\/strong><\/strong><\/strong>0,15ct(Gesamt)<strong><strong><strong><br \/>\n<strong><b>Zertifizierung: <\/b><\/strong><\/strong><\/strong><\/strong>GIA-zertifiziert<strong><strong><strong><strong><strong><br \/>\n<\/strong><\/strong><\/strong><strong><strong><strong><strong><strong><strong>Bruttogewicht:\u00a0 <\/strong><\/strong><\/strong><\/strong><\/strong><\/strong><\/strong><\/strong>5,2 Gms<br \/>\n<strong>SKU:<\/strong> 51977<\/p>\n<p><strong><strong><strong><strong><strong><strong>Preis und Lieferung:<\/strong><\/strong><\/strong><\/strong><\/strong><\/strong>Inklusive Mehrwertsteuer und Lieferkosten<strong><strong><strong><strong><strong><br \/>\n<a href=\"https:\/\/www.purejewels.com\/de\/ruckgabepolitik\/\">R\u00fcckgabepolitik<\/a><\/strong><\/strong><\/strong><\/strong><\/strong><\/p>","protected":false},"featured_media":413120,"comment_status":"closed","ping_status":"closed","template":"","meta":{"_eb_attr":"","_crsspst_to_jayantr4sg-hostcom":false},"product_brand":[],"product_cat":[1791,6056,236,5462,5678,5457,1324,1229,1633,1569,1574],"product_tag":[5964,5965],"class_list":{"0":"post-412864","1":"product","2":"type-product","3":"status-publish","4":"has-post-thumbnail","6":"product_cat-anniversary-gifts","7":"product_cat-charm","8":"product_cat-collections","9":"product_cat-diamond-bracelet","10":"product_cat-diamond-bracelets-for-women","11":"product_cat-diamond-jewellery","12":"product_cat-gold-bracelet","13":"product_cat-22ct-gold-jewellery","14":"product_cat-lotus-collections","15":"product_cat-valentine-day-gifts","16":"product_cat-womens-jewellery","17":"product_tag-bracelet","18":"product_tag-diamonds","20":"first","21":"instock","22":"taxable","23":"shipping-taxable","24":"purchasable","25":"product-type-simple","26":"add-to-wishlist-before_image"},"yoast_head":"<!-- This site is optimized with the Yoast SEO plugin v27.4 - https:\/\/yoast.com\/product\/yoast-seo-wordpress\/ -->\n<title>Sunrise Gold and Platinum Raindrop Bracelet | PureJewels UK<\/title>\n<meta name=\"description\" content=\"Explore the Raindrop Bracelet from PureJewels\u2019 Lotus Collection. A lyrical blend of Sunrise Gold, platinum accents and diamond droplets with a symbolic dewdrop charm.\" \/>\n<meta name=\"robots\" content=\"index, follow, max-snippet:-1, max-image-preview:large, max-video-preview:-1\" \/>\n<link rel=\"canonical\" href=\"https:\/\/www.purejewels.com\/de\/produkt-2\/regentropfen-armband-51977\/\" \/>\n<meta property=\"og:locale\" content=\"de_DE\" \/>\n<meta property=\"og:type\" content=\"article\" \/>\n<meta property=\"og:title\" content=\"Sunrise Gold and Platinum Raindrop Bracelet | PureJewels UK\" \/>\n<meta property=\"og:description\" content=\"Explore the Raindrop Bracelet from PureJewels\u2019 Lotus Collection. A lyrical blend of Sunrise Gold, platinum accents and diamond droplets with a symbolic dewdrop charm.\" \/>\n<meta property=\"og:url\" content=\"https:\/\/www.purejewels.com\/de\/produkt-2\/regentropfen-armband-51977\/\" \/>\n<meta property=\"og:site_name\" content=\"PureJewels UK\" \/>\n<meta property=\"article:modified_time\" content=\"2026-02-09T08:33:08+00:00\" \/>\n<meta property=\"og:image\" content=\"https:\/\/static.purejewels.com\/wp-content\/uploads\/2025\/08\/Petal-Charm-Bracelet.jpg\" \/>\n\t<meta property=\"og:image:width\" content=\"1000\" \/>\n\t<meta property=\"og:image:height\" content=\"1000\" \/>\n\t<meta property=\"og:image:type\" content=\"image\/jpeg\" \/>\n<meta name=\"twitter:card\" content=\"summary_large_image\" \/>\n<meta name=\"twitter:label1\" content=\"Gesch\u00e4tzte Lesezeit\" \/>\n\t<meta name=\"twitter:data1\" content=\"1\u00a0Minute\" \/>\n<script type=\"application\/ld+json\" class=\"yoast-schema-graph\">{\"@context\":\"https:\\\/\\\/schema.org\",\"@graph\":[{\"@type\":[\"WebPage\",\"ItemPage\"],\"@id\":\"https:\\\/\\\/www.purejewels.com\\\/product\\\/raindrop-bracelet-51977\\\/\",\"url\":\"https:\\\/\\\/www.purejewels.com\\\/product\\\/raindrop-bracelet-51977\\\/\",\"name\":\"Sunrise Gold and Platinum Raindrop Bracelet | PureJewels UK\",\"isPartOf\":{\"@id\":\"https:\\\/\\\/www.purejewels.com\\\/#website\"},\"primaryImageOfPage\":{\"@id\":\"https:\\\/\\\/www.purejewels.com\\\/product\\\/raindrop-bracelet-51977\\\/#primaryimage\"},\"image\":{\"@id\":\"https:\\\/\\\/www.purejewels.com\\\/product\\\/raindrop-bracelet-51977\\\/#primaryimage\"},\"thumbnailUrl\":\"https:\\\/\\\/static.purejewels.com\\\/wp-content\\\/uploads\\\/2025\\\/08\\\/Petal-Charm-Bracelet.jpg\",\"datePublished\":\"2025-09-02T04:29:33+00:00\",\"dateModified\":\"2026-02-09T08:33:08+00:00\",\"description\":\"Explore the Raindrop Bracelet from PureJewels\u2019 Lotus Collection. A lyrical blend of Sunrise Gold, platinum accents and diamond droplets with a symbolic dewdrop charm.\",\"breadcrumb\":{\"@id\":\"https:\\\/\\\/www.purejewels.com\\\/product\\\/raindrop-bracelet-51977\\\/#breadcrumb\"},\"inLanguage\":\"de\",\"potentialAction\":[{\"@type\":\"ReadAction\",\"target\":[\"https:\\\/\\\/www.purejewels.com\\\/product\\\/raindrop-bracelet-51977\\\/\"]}]},{\"@type\":\"ImageObject\",\"inLanguage\":\"de\",\"@id\":\"https:\\\/\\\/www.purejewels.com\\\/product\\\/raindrop-bracelet-51977\\\/#primaryimage\",\"url\":\"https:\\\/\\\/static.purejewels.com\\\/wp-content\\\/uploads\\\/2025\\\/08\\\/Petal-Charm-Bracelet.jpg\",\"contentUrl\":\"https:\\\/\\\/static.purejewels.com\\\/wp-content\\\/uploads\\\/2025\\\/08\\\/Petal-Charm-Bracelet.jpg\",\"width\":1000,\"height\":1000,\"caption\":\"Raindrop Bracelet\"},{\"@type\":\"BreadcrumbList\",\"@id\":\"https:\\\/\\\/www.purejewels.com\\\/product\\\/raindrop-bracelet-51977\\\/#breadcrumb\",\"itemListElement\":[{\"@type\":\"ListItem\",\"position\":1,\"name\":\"Home\",\"item\":\"https:\\\/\\\/www.purejewels.com\\\/\"},{\"@type\":\"ListItem\",\"position\":2,\"name\":\"Shop\",\"item\":\"https:\\\/\\\/www.purejewels.com\\\/shop\\\/\"},{\"@type\":\"ListItem\",\"position\":3,\"name\":\"Raindrop Bracelet\"}]},{\"@type\":\"WebSite\",\"@id\":\"https:\\\/\\\/www.purejewels.com\\\/#website\",\"url\":\"https:\\\/\\\/www.purejewels.com\\\/\",\"name\":\"PureJewels UK\",\"description\":\"Share the Love\",\"publisher\":{\"@id\":\"https:\\\/\\\/www.purejewels.com\\\/#organization\"},\"potentialAction\":[{\"@type\":\"SearchAction\",\"target\":{\"@type\":\"EntryPoint\",\"urlTemplate\":\"https:\\\/\\\/www.purejewels.com\\\/?s={search_term_string}\"},\"query-input\":{\"@type\":\"PropertyValueSpecification\",\"valueRequired\":true,\"valueName\":\"search_term_string\"}}],\"inLanguage\":\"de\"},{\"@type\":\"Organization\",\"@id\":\"https:\\\/\\\/www.purejewels.com\\\/#organization\",\"name\":\"PureJewels UK\",\"url\":\"https:\\\/\\\/www.purejewels.com\\\/\",\"logo\":{\"@type\":\"ImageObject\",\"inLanguage\":\"de\",\"@id\":\"https:\\\/\\\/www.purejewels.com\\\/#\\\/schema\\\/logo\\\/image\\\/\",\"url\":\"https:\\\/\\\/static.purejewels.com\\\/wp-content\\\/uploads\\\/2020\\\/11\\\/Logo-PJ-New-1.png\",\"contentUrl\":\"https:\\\/\\\/static.purejewels.com\\\/wp-content\\\/uploads\\\/2020\\\/11\\\/Logo-PJ-New-1.png\",\"width\":150,\"height\":80,\"caption\":\"PureJewels UK\"},\"image\":{\"@id\":\"https:\\\/\\\/www.purejewels.com\\\/#\\\/schema\\\/logo\\\/image\\\/\"}}]}<\/script>\n<!-- \/ Yoast SEO plugin. -->","yoast_head_json":{"title":"Sunrise Gold und Platin Regentropfen Armband | PureJewels UK","description":"Entdecken Sie das Raindrop-Armband aus der Lotus-Kollektion von PureJewels. Eine lyrische Mischung aus Sunrise Gold, Platinakzenten und Diamanttropfen mit einem symbolischen Tautropfen-Anh\u00e4nger.","robots":{"index":"index","follow":"follow","max-snippet":"max-snippet:-1","max-image-preview":"max-image-preview:large","max-video-preview":"max-video-preview:-1"},"canonical":"https:\/\/www.purejewels.com\/de\/produkt-2\/regentropfen-armband-51977\/","og_locale":"de_DE","og_type":"article","og_title":"Sunrise Gold and Platinum Raindrop Bracelet | PureJewels UK","og_description":"Explore the Raindrop Bracelet from PureJewels\u2019 Lotus Collection. A lyrical blend of Sunrise Gold, platinum accents and diamond droplets with a symbolic dewdrop charm.","og_url":"https:\/\/www.purejewels.com\/de\/produkt-2\/regentropfen-armband-51977\/","og_site_name":"PureJewels UK","article_modified_time":"2026-02-09T08:33:08+00:00","og_image":[{"width":1000,"height":1000,"url":"https:\/\/static.purejewels.com\/wp-content\/uploads\/2025\/08\/Petal-Charm-Bracelet.jpg","type":"image\/jpeg"}],"twitter_card":"summary_large_image","twitter_misc":{"Gesch\u00e4tzte Lesezeit":"1\u00a0Minute"},"schema":{"@context":"https:\/\/schema.org","@graph":[{"@type":["WebPage","ItemPage"],"@id":"https:\/\/www.purejewels.com\/product\/raindrop-bracelet-51977\/","url":"https:\/\/www.purejewels.com\/product\/raindrop-bracelet-51977\/","name":"Sunrise Gold und Platin Regentropfen Armband | PureJewels UK","isPartOf":{"@id":"https:\/\/www.purejewels.com\/#website"},"primaryImageOfPage":{"@id":"https:\/\/www.purejewels.com\/product\/raindrop-bracelet-51977\/#primaryimage"},"image":{"@id":"https:\/\/www.purejewels.com\/product\/raindrop-bracelet-51977\/#primaryimage"},"thumbnailUrl":"https:\/\/static.purejewels.com\/wp-content\/uploads\/2025\/08\/Petal-Charm-Bracelet.jpg","datePublished":"2025-09-02T04:29:33+00:00","dateModified":"2026-02-09T08:33:08+00:00","description":"Entdecken Sie das Raindrop-Armband aus der Lotus-Kollektion von PureJewels. Eine lyrische Mischung aus Sunrise Gold, Platinakzenten und Diamanttropfen mit einem symbolischen Tautropfen-Anh\u00e4nger.","breadcrumb":{"@id":"https:\/\/www.purejewels.com\/product\/raindrop-bracelet-51977\/#breadcrumb"},"inLanguage":"de","potentialAction":[{"@type":"ReadAction","target":["https:\/\/www.purejewels.com\/product\/raindrop-bracelet-51977\/"]}]},{"@type":"ImageObject","inLanguage":"de","@id":"https:\/\/www.purejewels.com\/product\/raindrop-bracelet-51977\/#primaryimage","url":"https:\/\/static.purejewels.com\/wp-content\/uploads\/2025\/08\/Petal-Charm-Bracelet.jpg","contentUrl":"https:\/\/static.purejewels.com\/wp-content\/uploads\/2025\/08\/Petal-Charm-Bracelet.jpg","width":1000,"height":1000,"caption":"Raindrop Bracelet"},{"@type":"BreadcrumbList","@id":"https:\/\/www.purejewels.com\/product\/raindrop-bracelet-51977\/#breadcrumb","itemListElement":[{"@type":"ListItem","position":1,"name":"Home","item":"https:\/\/www.purejewels.com\/"},{"@type":"ListItem","position":2,"name":"Shop","item":"https:\/\/www.purejewels.com\/shop\/"},{"@type":"ListItem","position":3,"name":"Raindrop Bracelet"}]},{"@type":"WebSite","@id":"https:\/\/www.purejewels.com\/#website","url":"https:\/\/www.purejewels.com\/","name":"PureJewels UK","description":"Teile die Liebe","publisher":{"@id":"https:\/\/www.purejewels.com\/#organization"},"potentialAction":[{"@type":"SearchAction","target":{"@type":"EntryPoint","urlTemplate":"https:\/\/www.purejewels.com\/?s={search_term_string}"},"query-input":{"@type":"PropertyValueSpecification","valueRequired":true,"valueName":"search_term_string"}}],"inLanguage":"de"},{"@type":"Organization","@id":"https:\/\/www.purejewels.com\/#organization","name":"PureJewels UK","url":"https:\/\/www.purejewels.com\/","logo":{"@type":"ImageObject","inLanguage":"de","@id":"https:\/\/www.purejewels.com\/#\/schema\/logo\/image\/","url":"https:\/\/static.purejewels.com\/wp-content\/uploads\/2020\/11\/Logo-PJ-New-1.png","contentUrl":"https:\/\/static.purejewels.com\/wp-content\/uploads\/2020\/11\/Logo-PJ-New-1.png","width":150,"height":80,"caption":"PureJewels UK"},"image":{"@id":"https:\/\/www.purejewels.com\/#\/schema\/logo\/image\/"}}]}},"_links":{"self":[{"href":"https:\/\/www.purejewels.com\/de\/wp-json\/wp\/v2\/product\/412864","targetHints":{"allow":["GET"]}}],"collection":[{"href":"https:\/\/www.purejewels.com\/de\/wp-json\/wp\/v2\/product"}],"about":[{"href":"https:\/\/www.purejewels.com\/de\/wp-json\/wp\/v2\/types\/product"}],"replies":[{"embeddable":true,"href":"https:\/\/www.purejewels.com\/de\/wp-json\/wp\/v2\/comments?post=412864"}],"version-history":[{"count":3,"href":"https:\/\/www.purejewels.com\/de\/wp-json\/wp\/v2\/product\/412864\/revisions"}],"predecessor-version":[{"id":425588,"href":"https:\/\/www.purejewels.com\/de\/wp-json\/wp\/v2\/product\/412864\/revisions\/425588"}],"wp:featuredmedia":[{"embeddable":true,"href":"https:\/\/www.purejewels.com\/de\/wp-json\/wp\/v2\/media\/413120"}],"wp:attachment":[{"href":"https:\/\/www.purejewels.com\/de\/wp-json\/wp\/v2\/media?parent=412864"}],"wp:term":[{"taxonomy":"product_brand","embeddable":true,"href":"https:\/\/www.purejewels.com\/de\/wp-json\/wp\/v2\/product_brand?post=412864"},{"taxonomy":"product_cat","embeddable":true,"href":"https:\/\/www.purejewels.com\/de\/wp-json\/wp\/v2\/product_cat?post=412864"},{"taxonomy":"product_tag","embeddable":true,"href":"https:\/\/www.purejewels.com\/de\/wp-json\/wp\/v2\/product_tag?post=412864"}],"curies":[{"name":"wp","href":"https:\/\/api.w.org\/{rel}","templated":true}]}}