{"id":412869,"date":"2025-07-28T05:57:28","date_gmt":"2025-07-28T04:57:28","guid":{"rendered":"https:\/\/www.purejewels.com\/?post_type=product&#038;p=412869"},"modified":"2026-02-18T06:27:59","modified_gmt":"2026-02-18T06:27:59","slug":"monsun-armband-52518","status":"publish","type":"product","link":"https:\/\/www.purejewels.com\/de\/product\/monsoon-bracelet-52518\/","title":{"rendered":"Monsun-Armband"},"content":{"rendered":"<p><strong>Inspiration und Geschichte<\/strong><\/p>\n<p>Das Monsoon-Armband ist vom Regen inspiriert, der \u00fcber ein Lotusfeld f\u00e4llt und ein Gef\u00fchl von Bewegung, Tiefe und emotionaler Intensit\u00e4t vermittelt. Drei flie\u00dfende Ketten bewegen sich im Rhythmus zueinander und spiegeln die Art und Weise wider, wie Liebe w\u00e4chst - vielschichtig, ausdrucksstark und voller Schwung. Als Teil der Lotus-Kollektion steht das Design f\u00fcr Leidenschaft, die durch Anmut ausgeglichen wird.<\/p>\n<p><strong>Material und Handwerkskunst<\/strong><\/p>\n<p>Das aus dem f\u00fcr PureJewels charakteristischen 22-kar\u00e4tigen Sunrise Gold gefertigte Armband besteht aus drei feinen Ketten, die mit skulpturalen Lotusbl\u00fcten und nat\u00fcrlichen Diamanten in L\u00fcnettenfassung verziert sind, die bei jeder Bewegung das Licht einfangen. Ein diamantbesetzter T-Verschluss mit Tautropfen, inspiriert von Regen, der auf Seerosenbl\u00e4ttern ruht, vervollst\u00e4ndigt das Design. Das von Hand gefertigte und im Vereinigten K\u00f6nigreich gepunzte Schmuckst\u00fcck spiegelt eine sorgf\u00e4ltige Balance zwischen Details, Bewegung und St\u00e4rke wider.<\/p>\n<p><strong>Styling &amp; Geschenkartikel<\/strong><\/p>\n<p>Das Monsoon-Armband wurde so entworfen, dass es bequem am Handgelenk sitzt. Es kann als Einzelst\u00fcck getragen werden oder als Kontrast mit einem schmalen Armreif kombiniert werden. Dank seiner flexiblen Konstruktion kann es auch \u00fcber einen l\u00e4ngeren Zeitraum getragen werden und l\u00e4sst sich problemlos vom Tag zum Abend kombinieren. Es ist ein durchdachtes Geschenk f\u00fcr Jahrestage oder bedeutende Meilensteine und markiert Momente der Leidenschaft und der Verwandlung auf dem Weg der Liebe.<\/p>","protected":false},"excerpt":{"rendered":"<p>Das Monsoon Armband flie\u00dft wie eine Sinfonie des Regens \u00fcber ein Lotusfeld, mit drei feinen Ketten aus 22ct Sunrise Gold, die mit Diamanttropfen und Goldbl\u00e4ttern besetzt sind. Sein mehrschichtiges Design spiegelt die leidenschaftliche F\u00fclle eines Monsunregens wider, \u00e4hnlich wie eine bl\u00fchende Liebesgeschichte.<br \/>\nJedes Element dieses Armbands, das mit dem modernen Lilienblatt-T-Bar-Verschluss geschlossen wird, wirkt durchdacht, ausdrucksstark und best\u00e4ndig.<\/p>\n<p><strong>Material:<\/strong> 22ct Sunrise Gold (91,6% reines Gold)<br \/>\n<strong><strong>Wahrzeichen: <\/strong><\/strong>Britisches G\u00fctesiegel<strong><strong><br \/>\n<\/strong><\/strong><strong><strong>Stein: <\/strong><\/strong>Nat\u00fcrliche Diamanten\u00a0<strong><strong><br \/>\n<strong>Gewicht der Diamanten: <\/strong><\/strong><\/strong>0,24ct(Gesamt)<strong><strong><strong><br \/>\n<strong><b>Zertifizierung: <\/b><\/strong><\/strong><\/strong><\/strong>GIA-zertifiziert<strong><strong><strong><strong><strong><br \/>\n<\/strong><\/strong><\/strong><strong><strong><strong><strong><strong><strong>Bruttogewicht:\u00a0 <\/strong><\/strong><\/strong><\/strong><\/strong><\/strong><\/strong><\/strong>8.2 Gms<strong><strong><strong><strong><strong><strong><strong><br \/>\n<strong>L\u00e4nge: <\/strong><\/strong><\/strong><\/strong><\/strong><\/strong><\/strong><\/strong>6,5 Zoll<strong><strong><br \/>\n<strong>SKU: <\/strong><\/strong><\/strong>52518<\/p>\n<p><strong><strong><strong><strong><strong><strong>Preis und Lieferung:<\/strong><\/strong><\/strong><\/strong><\/strong><\/strong>Inklusive Mehrwertsteuer und Lieferkosten<strong><strong><strong><strong><strong><br \/>\n<a href=\"https:\/\/www.purejewels.com\/de\/ruckgabepolitik\/\">R\u00fcckgabepolitik<\/a><\/strong><\/strong><\/strong><\/strong><\/strong><\/p>","protected":false},"featured_media":425649,"comment_status":"closed","ping_status":"closed","template":"","meta":{"_eb_attr":"","_crsspst_to_jayantr4sg-hostcom":false},"product_brand":[],"product_cat":[1791,6056,236,5462,5678,5457,1324,1229,1633,1569,1574],"product_tag":[5964,5965],"class_list":{"0":"post-412869","1":"product","2":"type-product","3":"status-publish","4":"has-post-thumbnail","6":"product_cat-anniversary-gifts","7":"product_cat-charm","8":"product_cat-collections","9":"product_cat-diamond-bracelet","10":"product_cat-diamond-bracelets-for-women","11":"product_cat-diamond-jewellery","12":"product_cat-gold-bracelet","13":"product_cat-22ct-gold-jewellery","14":"product_cat-lotus-collections","15":"product_cat-valentine-day-gifts","16":"product_cat-womens-jewellery","17":"product_tag-bracelet","18":"product_tag-diamonds","20":"first","21":"instock","22":"taxable","23":"shipping-taxable","24":"purchasable","25":"product-type-simple","26":"add-to-wishlist-before_image"},"yoast_head":"<!-- This site is optimized with the Yoast SEO plugin v27.5 - https:\/\/yoast.com\/product\/yoast-seo-wordpress\/ -->\n<title>Sunrise Gold Monsoon Bracelet | PureJewels Lotus Collection UK<\/title>\n<meta name=\"description\" content=\"Monsoon Bracelet in 22ct Gold from our Lotus Collection. A layered triple-chain bracelet with diamond and gold droplets inspired by love\u2019s abundant rhythm.\" \/>\n<meta name=\"robots\" content=\"index, follow, max-snippet:-1, max-image-preview:large, max-video-preview:-1\" \/>\n<link rel=\"canonical\" href=\"https:\/\/www.purejewels.com\/de\/produkt-2\/monsun-armband-52518\/\" \/>\n<meta property=\"og:locale\" content=\"de_DE\" \/>\n<meta property=\"og:type\" content=\"article\" \/>\n<meta property=\"og:title\" content=\"Sunrise Gold Monsoon Bracelet | PureJewels Lotus Collection UK\" \/>\n<meta property=\"og:description\" content=\"Monsoon Bracelet in 22ct Gold from our Lotus Collection. A layered triple-chain bracelet with diamond and gold droplets inspired by love\u2019s abundant rhythm.\" \/>\n<meta property=\"og:url\" content=\"https:\/\/www.purejewels.com\/de\/produkt-2\/monsun-armband-52518\/\" \/>\n<meta property=\"og:site_name\" content=\"PureJewels UK\" \/>\n<meta property=\"article:modified_time\" content=\"2026-02-18T06:27:59+00:00\" \/>\n<meta property=\"og:image\" content=\"https:\/\/static.purejewels.com\/wp-content\/uploads\/2025\/07\/Monsoon-bracelet-1-1.jpg\" \/>\n\t<meta property=\"og:image:width\" content=\"1000\" \/>\n\t<meta property=\"og:image:height\" content=\"1000\" \/>\n\t<meta property=\"og:image:type\" content=\"image\/jpeg\" \/>\n<meta name=\"twitter:card\" content=\"summary_large_image\" \/>\n<meta name=\"twitter:label1\" content=\"Gesch\u00e4tzte Lesezeit\" \/>\n\t<meta name=\"twitter:data1\" content=\"2\u00a0Minuten\" \/>\n<script type=\"application\/ld+json\" class=\"yoast-schema-graph\">{\"@context\":\"https:\\\/\\\/schema.org\",\"@graph\":[{\"@type\":[\"WebPage\",\"ItemPage\"],\"@id\":\"https:\\\/\\\/www.purejewels.com\\\/product\\\/monsoon-bracelet-52518\\\/\",\"url\":\"https:\\\/\\\/www.purejewels.com\\\/product\\\/monsoon-bracelet-52518\\\/\",\"name\":\"Sunrise Gold Monsoon Bracelet | PureJewels Lotus Collection UK\",\"isPartOf\":{\"@id\":\"https:\\\/\\\/www.purejewels.com\\\/#website\"},\"primaryImageOfPage\":{\"@id\":\"https:\\\/\\\/www.purejewels.com\\\/product\\\/monsoon-bracelet-52518\\\/#primaryimage\"},\"image\":{\"@id\":\"https:\\\/\\\/www.purejewels.com\\\/product\\\/monsoon-bracelet-52518\\\/#primaryimage\"},\"thumbnailUrl\":\"https:\\\/\\\/static.purejewels.com\\\/wp-content\\\/uploads\\\/2025\\\/07\\\/Monsoon-bracelet-1-1.jpg\",\"datePublished\":\"2025-07-28T04:57:28+00:00\",\"dateModified\":\"2026-02-18T06:27:59+00:00\",\"description\":\"Monsoon Bracelet in 22ct Gold from our Lotus Collection. A layered triple-chain bracelet with diamond and gold droplets inspired by love\u2019s abundant rhythm.\",\"breadcrumb\":{\"@id\":\"https:\\\/\\\/www.purejewels.com\\\/product\\\/monsoon-bracelet-52518\\\/#breadcrumb\"},\"inLanguage\":\"de\",\"potentialAction\":[{\"@type\":\"ReadAction\",\"target\":[\"https:\\\/\\\/www.purejewels.com\\\/product\\\/monsoon-bracelet-52518\\\/\"]}]},{\"@type\":\"ImageObject\",\"inLanguage\":\"de\",\"@id\":\"https:\\\/\\\/www.purejewels.com\\\/product\\\/monsoon-bracelet-52518\\\/#primaryimage\",\"url\":\"https:\\\/\\\/static.purejewels.com\\\/wp-content\\\/uploads\\\/2025\\\/07\\\/Monsoon-bracelet-1-1.jpg\",\"contentUrl\":\"https:\\\/\\\/static.purejewels.com\\\/wp-content\\\/uploads\\\/2025\\\/07\\\/Monsoon-bracelet-1-1.jpg\",\"width\":1000,\"height\":1000},{\"@type\":\"BreadcrumbList\",\"@id\":\"https:\\\/\\\/www.purejewels.com\\\/product\\\/monsoon-bracelet-52518\\\/#breadcrumb\",\"itemListElement\":[{\"@type\":\"ListItem\",\"position\":1,\"name\":\"Home\",\"item\":\"https:\\\/\\\/www.purejewels.com\\\/\"},{\"@type\":\"ListItem\",\"position\":2,\"name\":\"Shop\",\"item\":\"https:\\\/\\\/www.purejewels.com\\\/shop\\\/\"},{\"@type\":\"ListItem\",\"position\":3,\"name\":\"Monsoon Bracelet\"}]},{\"@type\":\"WebSite\",\"@id\":\"https:\\\/\\\/www.purejewels.com\\\/#website\",\"url\":\"https:\\\/\\\/www.purejewels.com\\\/\",\"name\":\"PureJewels UK\",\"description\":\"Share the Love\",\"publisher\":{\"@id\":\"https:\\\/\\\/www.purejewels.com\\\/#organization\"},\"potentialAction\":[{\"@type\":\"SearchAction\",\"target\":{\"@type\":\"EntryPoint\",\"urlTemplate\":\"https:\\\/\\\/www.purejewels.com\\\/?s={search_term_string}\"},\"query-input\":{\"@type\":\"PropertyValueSpecification\",\"valueRequired\":true,\"valueName\":\"search_term_string\"}}],\"inLanguage\":\"de\"},{\"@type\":\"Organization\",\"@id\":\"https:\\\/\\\/www.purejewels.com\\\/#organization\",\"name\":\"PureJewels UK\",\"url\":\"https:\\\/\\\/www.purejewels.com\\\/\",\"logo\":{\"@type\":\"ImageObject\",\"inLanguage\":\"de\",\"@id\":\"https:\\\/\\\/www.purejewels.com\\\/#\\\/schema\\\/logo\\\/image\\\/\",\"url\":\"https:\\\/\\\/static.purejewels.com\\\/wp-content\\\/uploads\\\/2020\\\/11\\\/Logo-PJ-New-1.png\",\"contentUrl\":\"https:\\\/\\\/static.purejewels.com\\\/wp-content\\\/uploads\\\/2020\\\/11\\\/Logo-PJ-New-1.png\",\"width\":150,\"height\":80,\"caption\":\"PureJewels UK\"},\"image\":{\"@id\":\"https:\\\/\\\/www.purejewels.com\\\/#\\\/schema\\\/logo\\\/image\\\/\"}}]}<\/script>\n<!-- \/ Yoast SEO plugin. -->","yoast_head_json":{"title":"Sunrise Gold Monsoon Armband | PureJewels Lotus Kollektion UK","description":"Monsoon-Armband aus 22 Karat Gold aus unserer Lotus-Kollektion. Ein dreifach geschichtetes Kettenarmband mit Diamanten und Goldtropfen, inspiriert vom Rhythmus der Liebe.","robots":{"index":"index","follow":"follow","max-snippet":"max-snippet:-1","max-image-preview":"max-image-preview:large","max-video-preview":"max-video-preview:-1"},"canonical":"https:\/\/www.purejewels.com\/de\/produkt-2\/monsun-armband-52518\/","og_locale":"de_DE","og_type":"article","og_title":"Sunrise Gold Monsoon Bracelet | PureJewels Lotus Collection UK","og_description":"Monsoon Bracelet in 22ct Gold from our Lotus Collection. A layered triple-chain bracelet with diamond and gold droplets inspired by love\u2019s abundant rhythm.","og_url":"https:\/\/www.purejewels.com\/de\/produkt-2\/monsun-armband-52518\/","og_site_name":"PureJewels UK","article_modified_time":"2026-02-18T06:27:59+00:00","og_image":[{"width":1000,"height":1000,"url":"https:\/\/static.purejewels.com\/wp-content\/uploads\/2025\/07\/Monsoon-bracelet-1-1.jpg","type":"image\/jpeg"}],"twitter_card":"summary_large_image","twitter_misc":{"Gesch\u00e4tzte Lesezeit":"2\u00a0Minuten"},"schema":{"@context":"https:\/\/schema.org","@graph":[{"@type":["WebPage","ItemPage"],"@id":"https:\/\/www.purejewels.com\/product\/monsoon-bracelet-52518\/","url":"https:\/\/www.purejewels.com\/product\/monsoon-bracelet-52518\/","name":"Sunrise Gold Monsoon Armband | PureJewels Lotus Kollektion UK","isPartOf":{"@id":"https:\/\/www.purejewels.com\/#website"},"primaryImageOfPage":{"@id":"https:\/\/www.purejewels.com\/product\/monsoon-bracelet-52518\/#primaryimage"},"image":{"@id":"https:\/\/www.purejewels.com\/product\/monsoon-bracelet-52518\/#primaryimage"},"thumbnailUrl":"https:\/\/static.purejewels.com\/wp-content\/uploads\/2025\/07\/Monsoon-bracelet-1-1.jpg","datePublished":"2025-07-28T04:57:28+00:00","dateModified":"2026-02-18T06:27:59+00:00","description":"Monsoon-Armband aus 22 Karat Gold aus unserer Lotus-Kollektion. Ein dreifach geschichtetes Kettenarmband mit Diamanten und Goldtropfen, inspiriert vom Rhythmus der Liebe.","breadcrumb":{"@id":"https:\/\/www.purejewels.com\/product\/monsoon-bracelet-52518\/#breadcrumb"},"inLanguage":"de","potentialAction":[{"@type":"ReadAction","target":["https:\/\/www.purejewels.com\/product\/monsoon-bracelet-52518\/"]}]},{"@type":"ImageObject","inLanguage":"de","@id":"https:\/\/www.purejewels.com\/product\/monsoon-bracelet-52518\/#primaryimage","url":"https:\/\/static.purejewels.com\/wp-content\/uploads\/2025\/07\/Monsoon-bracelet-1-1.jpg","contentUrl":"https:\/\/static.purejewels.com\/wp-content\/uploads\/2025\/07\/Monsoon-bracelet-1-1.jpg","width":1000,"height":1000},{"@type":"BreadcrumbList","@id":"https:\/\/www.purejewels.com\/product\/monsoon-bracelet-52518\/#breadcrumb","itemListElement":[{"@type":"ListItem","position":1,"name":"Home","item":"https:\/\/www.purejewels.com\/"},{"@type":"ListItem","position":2,"name":"Shop","item":"https:\/\/www.purejewels.com\/shop\/"},{"@type":"ListItem","position":3,"name":"Monsoon Bracelet"}]},{"@type":"WebSite","@id":"https:\/\/www.purejewels.com\/#website","url":"https:\/\/www.purejewels.com\/","name":"PureJewels UK","description":"Teile die Liebe","publisher":{"@id":"https:\/\/www.purejewels.com\/#organization"},"potentialAction":[{"@type":"SearchAction","target":{"@type":"EntryPoint","urlTemplate":"https:\/\/www.purejewels.com\/?s={search_term_string}"},"query-input":{"@type":"PropertyValueSpecification","valueRequired":true,"valueName":"search_term_string"}}],"inLanguage":"de"},{"@type":"Organization","@id":"https:\/\/www.purejewels.com\/#organization","name":"PureJewels UK","url":"https:\/\/www.purejewels.com\/","logo":{"@type":"ImageObject","inLanguage":"de","@id":"https:\/\/www.purejewels.com\/#\/schema\/logo\/image\/","url":"https:\/\/static.purejewels.com\/wp-content\/uploads\/2020\/11\/Logo-PJ-New-1.png","contentUrl":"https:\/\/static.purejewels.com\/wp-content\/uploads\/2020\/11\/Logo-PJ-New-1.png","width":150,"height":80,"caption":"PureJewels UK"},"image":{"@id":"https:\/\/www.purejewels.com\/#\/schema\/logo\/image\/"}}]}},"_links":{"self":[{"href":"https:\/\/www.purejewels.com\/de\/wp-json\/wp\/v2\/product\/412869","targetHints":{"allow":["GET"]}}],"collection":[{"href":"https:\/\/www.purejewels.com\/de\/wp-json\/wp\/v2\/product"}],"about":[{"href":"https:\/\/www.purejewels.com\/de\/wp-json\/wp\/v2\/types\/product"}],"replies":[{"embeddable":true,"href":"https:\/\/www.purejewels.com\/de\/wp-json\/wp\/v2\/comments?post=412869"}],"version-history":[{"count":4,"href":"https:\/\/www.purejewels.com\/de\/wp-json\/wp\/v2\/product\/412869\/revisions"}],"predecessor-version":[{"id":425656,"href":"https:\/\/www.purejewels.com\/de\/wp-json\/wp\/v2\/product\/412869\/revisions\/425656"}],"wp:featuredmedia":[{"embeddable":true,"href":"https:\/\/www.purejewels.com\/de\/wp-json\/wp\/v2\/media\/425649"}],"wp:attachment":[{"href":"https:\/\/www.purejewels.com\/de\/wp-json\/wp\/v2\/media?parent=412869"}],"wp:term":[{"taxonomy":"product_brand","embeddable":true,"href":"https:\/\/www.purejewels.com\/de\/wp-json\/wp\/v2\/product_brand?post=412869"},{"taxonomy":"product_cat","embeddable":true,"href":"https:\/\/www.purejewels.com\/de\/wp-json\/wp\/v2\/product_cat?post=412869"},{"taxonomy":"product_tag","embeddable":true,"href":"https:\/\/www.purejewels.com\/de\/wp-json\/wp\/v2\/product_tag?post=412869"}],"curies":[{"name":"wp","href":"https:\/\/api.w.org\/{rel}","templated":true}]}}