{"id":412874,"date":"2025-08-31T06:04:49","date_gmt":"2025-08-31T05:04:49","guid":{"rendered":"https:\/\/www.purejewels.com\/?post_type=product&#038;p=412874"},"modified":"2026-02-09T08:33:28","modified_gmt":"2026-02-09T08:33:28","slug":"tautropfen-nieten-51967","status":"publish","type":"product","link":"https:\/\/www.purejewels.com\/de\/product\/dewdrop-studs-51967\/","title":{"rendered":"Tautropfen-Nieten"},"content":{"rendered":"<p><strong>Inspiration und Geschichte<\/strong><\/p>\n<p>Die Dewdrops Studs sind von der Stille des fr\u00fchen Morgens inspiriert, wenn der Tau leicht auf den Lotusbl\u00e4ttern ruht. Ihre bl\u00fctenblatt\u00e4hnliche Form spiegelt Momente der Erneuerung und des sanften Anfangs wider und f\u00e4ngt die Liebe in einem ruhigen und \u00fcberlegten Stadium ein. Als Teil der Lotus-Kollektion sind sie Ausdruck von Einfachheit, Ausgewogenheit und Kontinuit\u00e4t.<\/p>\n<p><strong>Material und Handwerkskunst<\/strong><\/p>\n<p>Die aus warmem 22-kar\u00e4tigem Sunrise Gold gefertigten Ohrstecker bestehen aus einem sanft geformten Bl\u00fctenblatt, das zwei pr\u00e4zise gefasste Diamanten tr\u00e4gt. Die ausgewogene Komposition erm\u00f6glicht es den Diamanten, das Licht subtil einzufangen und ein raffiniertes und minimales Profil zu erhalten. Die von Hand gefertigten und in Gro\u00dfbritannien gepunzten Ohrstecker zeugen von sorgf\u00e4ltiger Detailarbeit und durchdachter Handwerkskunst.<\/p>\n<p><strong>Styling &amp; Geschenkartikel<\/strong><\/p>\n<p>Die alltagstauglichen Dewdrops Ohrstecker liegen eng am Ohr an und lassen sich problemlos mit feinen Goldketten, zarten Armb\u00e4ndern oder zus\u00e4tzlichen Ohrpiercings kombinieren. Dank ihrer unaufdringlichen Gr\u00f6\u00dfe eignen sie sich f\u00fcr die Arbeit, f\u00fcr Reisen oder f\u00fcr den Alltag. Sie sind ein durchdachtes Geschenk f\u00fcr Geburtstage, Jahrestage oder Neuanf\u00e4nge und ein einfach zu tragendes St\u00fcck mit bleibender Bedeutung.<\/p>","protected":false},"excerpt":{"rendered":"<p><span class=\"TextRun SCXW237570570 BCX0\" lang=\"EN-IN\" xml:lang=\"EN-IN\" data-contrast=\"auto\"><span class=\"NormalTextRun SCXW237570570 BCX0\">Die Dewdrops Ohrstecker fangen die stille Intimit\u00e4t der Morgend\u00e4mmerung ein. Jeder der aus Sunrise Gold gefertigten Ohrstecker enth\u00e4lt zwei Diamanten, die wie Tropfen auf einer Lotusbl\u00fcte ruhen. Ein subtiles und doch stimmungsvolles Design aus der Lotus-Kollektion, das die <\/span><span class=\"NormalTextRun SCXW237570570 BCX0\">Die Liebe...<\/span><span class=\"NormalTextRun SCXW237570570 BCX0\"> das erste Licht.<\/span><\/span><span class=\"EOP SCXW237570570 BCX0\" data-ccp-props=\"{}\">\u00a0<\/span><\/p>\n<p><strong>Material:<\/strong> 22ct Sunrise Gold (91,6% reines Gold)<br \/>\n<strong>Wahrzeichen:<\/strong> Britisches G\u00fctesiegel<br \/>\n<strong>Zertifizierung:\u00a0<\/strong>GIA-zertifiziert<br \/>\n<strong>Stein:<\/strong>\u00a0Nat\u00fcrliche Diamanten<br \/>\n<strong>Gewicht der Diamanten:<\/strong> 0,04ct (insgesamt)<br \/>\n<strong>Bruttogewicht:<\/strong>\u00a0 1.4 Gms<br \/>\n<strong>SKU: <\/strong>51967<\/p>\n<p><strong>Preis und Lieferung:<\/strong> Inklusive Mehrwertsteuer und Lieferkosten<br \/>\n<a href=\"https:\/\/www.purejewels.com\/de\/ruckgabepolitik\/\">R\u00fcckgabepolitik<\/a><\/p>","protected":false},"featured_media":413557,"comment_status":"closed","ping_status":"closed","template":"","meta":{"_eb_attr":"","_crsspst_to_jayantr4sg-hostcom":false},"product_brand":[],"product_cat":[1791,5458,5457,1254,1229,1633,1577,6081,1569,1574],"product_tag":[66],"class_list":{"0":"post-412874","1":"product","2":"type-product","3":"status-publish","4":"has-post-thumbnail","6":"product_cat-anniversary-gifts","7":"product_cat-diamond-earring","8":"product_cat-diamond-jewellery","9":"product_cat-gold-earrings","10":"product_cat-22ct-gold-jewellery","11":"product_cat-lotus-collections","12":"product_cat-stud-earrings","13":"product_cat-sunrise-gold","14":"product_cat-valentine-day-gifts","15":"product_cat-womens-jewellery","16":"product_tag-earrings","18":"first","19":"onbackorder","20":"taxable","21":"shipping-taxable","22":"purchasable","23":"product-type-simple","24":"add-to-wishlist-before_image"},"yoast_head":"<!-- This site is optimized with the Yoast SEO plugin v27.4 - https:\/\/yoast.com\/product\/yoast-seo-wordpress\/ -->\n<title>Sunrise Dewdrops Stud Earrings with Diamonds | PureJewels UK<\/title>\n<meta name=\"description\" content=\"Discover the Dewdrops Studs in Sunrise Gold from PureJewels\u2019 Lotus Collection. Diamond-studded gold studs inspired by dew on lotus petals at dawn.\" \/>\n<meta name=\"robots\" content=\"index, follow, max-snippet:-1, max-image-preview:large, max-video-preview:-1\" \/>\n<link rel=\"canonical\" href=\"https:\/\/www.purejewels.com\/de\/produkt-2\/tautropfen-nieten-51967\/\" \/>\n<meta property=\"og:locale\" content=\"de_DE\" \/>\n<meta property=\"og:type\" content=\"article\" \/>\n<meta property=\"og:title\" content=\"Sunrise Dewdrops Stud Earrings with Diamonds | PureJewels UK\" \/>\n<meta property=\"og:description\" content=\"Discover the Dewdrops Studs in Sunrise Gold from PureJewels\u2019 Lotus Collection. Diamond-studded gold studs inspired by dew on lotus petals at dawn.\" \/>\n<meta property=\"og:url\" content=\"https:\/\/www.purejewels.com\/de\/produkt-2\/tautropfen-nieten-51967\/\" \/>\n<meta property=\"og:site_name\" content=\"PureJewels UK\" \/>\n<meta property=\"article:modified_time\" content=\"2026-02-09T08:33:28+00:00\" \/>\n<meta property=\"og:image\" content=\"https:\/\/static.purejewels.com\/wp-content\/uploads\/2025\/08\/Petal-Stud.jpg\" \/>\n\t<meta property=\"og:image:width\" content=\"1000\" \/>\n\t<meta property=\"og:image:height\" content=\"1000\" \/>\n\t<meta property=\"og:image:type\" content=\"image\/jpeg\" \/>\n<meta name=\"twitter:card\" content=\"summary_large_image\" \/>\n<meta name=\"twitter:label1\" content=\"Gesch\u00e4tzte Lesezeit\" \/>\n\t<meta name=\"twitter:data1\" content=\"1\u00a0Minute\" \/>\n<script type=\"application\/ld+json\" class=\"yoast-schema-graph\">{\"@context\":\"https:\\\/\\\/schema.org\",\"@graph\":[{\"@type\":[\"WebPage\",\"ItemPage\"],\"@id\":\"https:\\\/\\\/www.purejewels.com\\\/product\\\/dewdrop-studs-51967\\\/\",\"url\":\"https:\\\/\\\/www.purejewels.com\\\/product\\\/dewdrop-studs-51967\\\/\",\"name\":\"Sunrise Dewdrops Stud Earrings with Diamonds | PureJewels UK\",\"isPartOf\":{\"@id\":\"https:\\\/\\\/www.purejewels.com\\\/#website\"},\"primaryImageOfPage\":{\"@id\":\"https:\\\/\\\/www.purejewels.com\\\/product\\\/dewdrop-studs-51967\\\/#primaryimage\"},\"image\":{\"@id\":\"https:\\\/\\\/www.purejewels.com\\\/product\\\/dewdrop-studs-51967\\\/#primaryimage\"},\"thumbnailUrl\":\"https:\\\/\\\/static.purejewels.com\\\/wp-content\\\/uploads\\\/2025\\\/08\\\/Petal-Stud.jpg\",\"datePublished\":\"2025-08-31T05:04:49+00:00\",\"dateModified\":\"2026-02-09T08:33:28+00:00\",\"description\":\"Discover the Dewdrops Studs in Sunrise Gold from PureJewels\u2019 Lotus Collection. Diamond-studded gold studs inspired by dew on lotus petals at dawn.\",\"breadcrumb\":{\"@id\":\"https:\\\/\\\/www.purejewels.com\\\/product\\\/dewdrop-studs-51967\\\/#breadcrumb\"},\"inLanguage\":\"de\",\"potentialAction\":[{\"@type\":\"ReadAction\",\"target\":[\"https:\\\/\\\/www.purejewels.com\\\/product\\\/dewdrop-studs-51967\\\/\"]}]},{\"@type\":\"ImageObject\",\"inLanguage\":\"de\",\"@id\":\"https:\\\/\\\/www.purejewels.com\\\/product\\\/dewdrop-studs-51967\\\/#primaryimage\",\"url\":\"https:\\\/\\\/static.purejewels.com\\\/wp-content\\\/uploads\\\/2025\\\/08\\\/Petal-Stud.jpg\",\"contentUrl\":\"https:\\\/\\\/static.purejewels.com\\\/wp-content\\\/uploads\\\/2025\\\/08\\\/Petal-Stud.jpg\",\"width\":1000,\"height\":1000,\"caption\":\"Dewdrop Studs\"},{\"@type\":\"BreadcrumbList\",\"@id\":\"https:\\\/\\\/www.purejewels.com\\\/product\\\/dewdrop-studs-51967\\\/#breadcrumb\",\"itemListElement\":[{\"@type\":\"ListItem\",\"position\":1,\"name\":\"Home\",\"item\":\"https:\\\/\\\/www.purejewels.com\\\/\"},{\"@type\":\"ListItem\",\"position\":2,\"name\":\"Shop\",\"item\":\"https:\\\/\\\/www.purejewels.com\\\/shop\\\/\"},{\"@type\":\"ListItem\",\"position\":3,\"name\":\"Dewdrop Studs\"}]},{\"@type\":\"WebSite\",\"@id\":\"https:\\\/\\\/www.purejewels.com\\\/#website\",\"url\":\"https:\\\/\\\/www.purejewels.com\\\/\",\"name\":\"PureJewels UK\",\"description\":\"Share the Love\",\"publisher\":{\"@id\":\"https:\\\/\\\/www.purejewels.com\\\/#organization\"},\"potentialAction\":[{\"@type\":\"SearchAction\",\"target\":{\"@type\":\"EntryPoint\",\"urlTemplate\":\"https:\\\/\\\/www.purejewels.com\\\/?s={search_term_string}\"},\"query-input\":{\"@type\":\"PropertyValueSpecification\",\"valueRequired\":true,\"valueName\":\"search_term_string\"}}],\"inLanguage\":\"de\"},{\"@type\":\"Organization\",\"@id\":\"https:\\\/\\\/www.purejewels.com\\\/#organization\",\"name\":\"PureJewels UK\",\"url\":\"https:\\\/\\\/www.purejewels.com\\\/\",\"logo\":{\"@type\":\"ImageObject\",\"inLanguage\":\"de\",\"@id\":\"https:\\\/\\\/www.purejewels.com\\\/#\\\/schema\\\/logo\\\/image\\\/\",\"url\":\"https:\\\/\\\/static.purejewels.com\\\/wp-content\\\/uploads\\\/2020\\\/11\\\/Logo-PJ-New-1.png\",\"contentUrl\":\"https:\\\/\\\/static.purejewels.com\\\/wp-content\\\/uploads\\\/2020\\\/11\\\/Logo-PJ-New-1.png\",\"width\":150,\"height\":80,\"caption\":\"PureJewels UK\"},\"image\":{\"@id\":\"https:\\\/\\\/www.purejewels.com\\\/#\\\/schema\\\/logo\\\/image\\\/\"}}]}<\/script>\n<!-- \/ Yoast SEO plugin. -->","yoast_head_json":{"title":"Sonnenaufgang Tautropfen Ohrstecker mit Diamanten | PureJewels UK","description":"Entdecken Sie die Dewdrops Ohrstecker in Sunrise Gold aus der Lotus Kollektion von PureJewels. Diamantbesetzte Goldnieten, inspiriert vom Tau auf Lotusbl\u00e4ttern in der Morgend\u00e4mmerung.","robots":{"index":"index","follow":"follow","max-snippet":"max-snippet:-1","max-image-preview":"max-image-preview:large","max-video-preview":"max-video-preview:-1"},"canonical":"https:\/\/www.purejewels.com\/de\/produkt-2\/tautropfen-nieten-51967\/","og_locale":"de_DE","og_type":"article","og_title":"Sunrise Dewdrops Stud Earrings with Diamonds | PureJewels UK","og_description":"Discover the Dewdrops Studs in Sunrise Gold from PureJewels\u2019 Lotus Collection. Diamond-studded gold studs inspired by dew on lotus petals at dawn.","og_url":"https:\/\/www.purejewels.com\/de\/produkt-2\/tautropfen-nieten-51967\/","og_site_name":"PureJewels UK","article_modified_time":"2026-02-09T08:33:28+00:00","og_image":[{"width":1000,"height":1000,"url":"https:\/\/static.purejewels.com\/wp-content\/uploads\/2025\/08\/Petal-Stud.jpg","type":"image\/jpeg"}],"twitter_card":"summary_large_image","twitter_misc":{"Gesch\u00e4tzte Lesezeit":"1\u00a0Minute"},"schema":{"@context":"https:\/\/schema.org","@graph":[{"@type":["WebPage","ItemPage"],"@id":"https:\/\/www.purejewels.com\/product\/dewdrop-studs-51967\/","url":"https:\/\/www.purejewels.com\/product\/dewdrop-studs-51967\/","name":"Sonnenaufgang Tautropfen Ohrstecker mit Diamanten | PureJewels UK","isPartOf":{"@id":"https:\/\/www.purejewels.com\/#website"},"primaryImageOfPage":{"@id":"https:\/\/www.purejewels.com\/product\/dewdrop-studs-51967\/#primaryimage"},"image":{"@id":"https:\/\/www.purejewels.com\/product\/dewdrop-studs-51967\/#primaryimage"},"thumbnailUrl":"https:\/\/static.purejewels.com\/wp-content\/uploads\/2025\/08\/Petal-Stud.jpg","datePublished":"2025-08-31T05:04:49+00:00","dateModified":"2026-02-09T08:33:28+00:00","description":"Entdecken Sie die Dewdrops Ohrstecker in Sunrise Gold aus der Lotus Kollektion von PureJewels. Diamantbesetzte Goldnieten, inspiriert vom Tau auf Lotusbl\u00e4ttern in der Morgend\u00e4mmerung.","breadcrumb":{"@id":"https:\/\/www.purejewels.com\/product\/dewdrop-studs-51967\/#breadcrumb"},"inLanguage":"de","potentialAction":[{"@type":"ReadAction","target":["https:\/\/www.purejewels.com\/product\/dewdrop-studs-51967\/"]}]},{"@type":"ImageObject","inLanguage":"de","@id":"https:\/\/www.purejewels.com\/product\/dewdrop-studs-51967\/#primaryimage","url":"https:\/\/static.purejewels.com\/wp-content\/uploads\/2025\/08\/Petal-Stud.jpg","contentUrl":"https:\/\/static.purejewels.com\/wp-content\/uploads\/2025\/08\/Petal-Stud.jpg","width":1000,"height":1000,"caption":"Dewdrop Studs"},{"@type":"BreadcrumbList","@id":"https:\/\/www.purejewels.com\/product\/dewdrop-studs-51967\/#breadcrumb","itemListElement":[{"@type":"ListItem","position":1,"name":"Home","item":"https:\/\/www.purejewels.com\/"},{"@type":"ListItem","position":2,"name":"Shop","item":"https:\/\/www.purejewels.com\/shop\/"},{"@type":"ListItem","position":3,"name":"Dewdrop Studs"}]},{"@type":"WebSite","@id":"https:\/\/www.purejewels.com\/#website","url":"https:\/\/www.purejewels.com\/","name":"PureJewels UK","description":"Teile die Liebe","publisher":{"@id":"https:\/\/www.purejewels.com\/#organization"},"potentialAction":[{"@type":"SearchAction","target":{"@type":"EntryPoint","urlTemplate":"https:\/\/www.purejewels.com\/?s={search_term_string}"},"query-input":{"@type":"PropertyValueSpecification","valueRequired":true,"valueName":"search_term_string"}}],"inLanguage":"de"},{"@type":"Organization","@id":"https:\/\/www.purejewels.com\/#organization","name":"PureJewels UK","url":"https:\/\/www.purejewels.com\/","logo":{"@type":"ImageObject","inLanguage":"de","@id":"https:\/\/www.purejewels.com\/#\/schema\/logo\/image\/","url":"https:\/\/static.purejewels.com\/wp-content\/uploads\/2020\/11\/Logo-PJ-New-1.png","contentUrl":"https:\/\/static.purejewels.com\/wp-content\/uploads\/2020\/11\/Logo-PJ-New-1.png","width":150,"height":80,"caption":"PureJewels UK"},"image":{"@id":"https:\/\/www.purejewels.com\/#\/schema\/logo\/image\/"}}]}},"_links":{"self":[{"href":"https:\/\/www.purejewels.com\/de\/wp-json\/wp\/v2\/product\/412874","targetHints":{"allow":["GET"]}}],"collection":[{"href":"https:\/\/www.purejewels.com\/de\/wp-json\/wp\/v2\/product"}],"about":[{"href":"https:\/\/www.purejewels.com\/de\/wp-json\/wp\/v2\/types\/product"}],"replies":[{"embeddable":true,"href":"https:\/\/www.purejewels.com\/de\/wp-json\/wp\/v2\/comments?post=412874"}],"version-history":[{"count":3,"href":"https:\/\/www.purejewels.com\/de\/wp-json\/wp\/v2\/product\/412874\/revisions"}],"predecessor-version":[{"id":425590,"href":"https:\/\/www.purejewels.com\/de\/wp-json\/wp\/v2\/product\/412874\/revisions\/425590"}],"wp:featuredmedia":[{"embeddable":true,"href":"https:\/\/www.purejewels.com\/de\/wp-json\/wp\/v2\/media\/413557"}],"wp:attachment":[{"href":"https:\/\/www.purejewels.com\/de\/wp-json\/wp\/v2\/media?parent=412874"}],"wp:term":[{"taxonomy":"product_brand","embeddable":true,"href":"https:\/\/www.purejewels.com\/de\/wp-json\/wp\/v2\/product_brand?post=412874"},{"taxonomy":"product_cat","embeddable":true,"href":"https:\/\/www.purejewels.com\/de\/wp-json\/wp\/v2\/product_cat?post=412874"},{"taxonomy":"product_tag","embeddable":true,"href":"https:\/\/www.purejewels.com\/de\/wp-json\/wp\/v2\/product_tag?post=412874"}],"curies":[{"name":"wp","href":"https:\/\/api.w.org\/{rel}","templated":true}]}}