{"id":413049,"date":"2025-09-01T07:26:08","date_gmt":"2025-09-01T06:26:08","guid":{"rendered":"https:\/\/www.purejewels.com\/?post_type=product&#038;p=413049"},"modified":"2026-04-20T10:40:57","modified_gmt":"2026-04-20T09:40:57","slug":"22ct-gold-rosette-solo-blume-ring-4mm","status":"publish","type":"product","link":"https:\/\/www.purejewels.com\/de\/product\/22ct-gold-rosette-solo-flower-ring-4mm\/","title":{"rendered":"22ct Gold Rosette Solo Blume Ring | 4mm"},"content":{"rendered":"<h3>Gestaltungskonzept:<\/h3>\n<p>Die <strong>22ct Sunrise Gold Rosette Solo Blume Ring<\/strong> ist Teil der <strong>Kollektion Rosetten<\/strong> und l\u00e4sst sich von der Eleganz der Natur inspirieren. Das Highlight des Designs ist die wundersch\u00f6n geformte <strong>4mm Rosette Blume<\/strong> in der Mitte, die zarten Charme und Raffinesse verk\u00f6rpert, was sie zu einem bedeutungsvollen und vielseitigen Accessoire macht.<\/p>\n<h3>Handwerkliches K\u00f6nnen:<\/h3>\n<p>Dieser Ring wird in sorgf\u00e4ltiger Handarbeit von erfahrenen Kunsthandwerkern in <strong>22ct Sonnenaufgang Gold<\/strong> mit viel Liebe zum Detail. Das strukturierte Band kontrastiert perfekt mit dem glatten floralen Mittelst\u00fcck und schafft so ein dauerhaftes Schmuckst\u00fcck mit einem hochwertigen Finish.<\/p>\n<h3>Stil:<\/h3>\n<p>Dieser Ring wurde f\u00fcr ein vielseitiges Styling entworfen und passt sowohl zu Alltagsoutfits als auch zu besonderen Anl\u00e4ssen m\u00fchelos. Sein <strong>4mm Blumen-Mittelst\u00fcck<\/strong> verleiht einen subtilen und doch auff\u00e4lligen Hauch von Individualit\u00e4t, w\u00e4hrend das leichte Design den ganzen Tag \u00fcber f\u00fcr Komfort und Eleganz sorgt.<\/p>","protected":false},"excerpt":{"rendered":"<p>Die <strong>22ct Sunrise Gold Rosette Solo Blume Ring<\/strong> von der <strong>Kollektion Rosetten<\/strong> verf\u00fcgt \u00fcber eine charmante 4 mm gro\u00dfe Blume in der Mitte und ein schlankes, strukturiertes Band. Perfekt f\u00fcr das t\u00e4gliche Tragen oder besondere Anl\u00e4sse dieser Ring verbindet zeitlosen Charme mit feiner Handwerkskunst.<\/p>\n<p><strong>Material<\/strong>: 22ct Sunrise Gold (91,6% reines Gold)<br \/>\n<strong>Wahrzeichen<\/strong>: Britisches G\u00fctesiegel<br \/>\n<strong>Gewichtsbereich<\/strong>: 1.5 Gramm- 1.9 Gramm<br \/>\n<strong>Breite der Bl\u00fcte<\/strong>: Mitte Blume - 4mm<br \/>\n<strong>Ringgr\u00f6\u00dfe:<\/strong>\u00a0Erh\u00e4ltlich in verschiedenen Gr\u00f6\u00dfen<br \/>\nSKU: 51392, 51393,51394, 51395, 51396, 51397, 51398<\/p>\n<p><strong>Preis und Lieferung:<\/strong>\u00a0Inklusive Mehrwertsteuer und Lieferkosten<br \/>\n<a href=\"https:\/\/www.purejewels.com\/de\/ruckgabepolitik\/\"><strong>R\u00fcckgabepolitik<\/strong><\/a><\/p>","protected":false},"featured_media":392291,"comment_status":"closed","ping_status":"closed","template":"","meta":{"_eb_attr":"","_crsspst_to_jayantr4sg-hostcom":false},"product_brand":[],"product_cat":[1791,1559,236,1785,5909,1229,1235,1786,6155,1656,5276,6081,1573,1574],"product_tag":[],"class_list":{"0":"post-413049","1":"product","2":"type-product","3":"status-publish","4":"has-post-thumbnail","6":"product_cat-anniversary-gifts","7":"product_cat-birthday-gifts","8":"product_cat-collections","9":"product_cat-daily-wear-rings","10":"product_cat-flower-ring-jewelry","11":"product_cat-22ct-gold-jewellery","12":"product_cat-gold-rings","13":"product_cat-occasional-wear-rings","14":"product_cat-rosette-zariya-rings","15":"product_cat-rosettes-collections","16":"product_cat-rosettes-ring","17":"product_cat-sunrise-gold","18":"product_cat-wedding-gifts","19":"product_cat-womens-jewellery","21":"first","22":"instock","23":"taxable","24":"shipping-taxable","25":"purchasable","26":"product-type-variable","27":"add-to-wishlist-before_image"},"yoast_head":"<!-- This site is optimized with the Yoast SEO plugin v27.5 - https:\/\/yoast.com\/product\/yoast-seo-wordpress\/ -->\n<title>22ct Sunrise Gold Rosette Solo Flower Ring | Rosettes Collection<\/title>\n<meta name=\"description\" content=\"Discover the 22ct Sunrise Gold Rosette Solo Flower Ring from the Rosettes Collection designed with a delicate floral motif.\" \/>\n<meta name=\"robots\" content=\"index, follow, max-snippet:-1, max-image-preview:large, max-video-preview:-1\" \/>\n<link rel=\"canonical\" href=\"https:\/\/www.purejewels.com\/de\/produkt-2\/22ct-gold-rosette-solo-blume-ring-4mm\/\" \/>\n<meta property=\"og:locale\" content=\"de_DE\" \/>\n<meta property=\"og:type\" content=\"article\" \/>\n<meta property=\"og:title\" content=\"22ct Sunrise Gold Rosette Solo Flower Ring | Rosettes Collection\" \/>\n<meta property=\"og:description\" content=\"Discover the 22ct Sunrise Gold Rosette Solo Flower Ring from the Rosettes Collection designed with a delicate floral motif.\" \/>\n<meta property=\"og:url\" content=\"https:\/\/www.purejewels.com\/de\/produkt-2\/22ct-gold-rosette-solo-blume-ring-4mm\/\" \/>\n<meta property=\"og:site_name\" content=\"PureJewels UK\" \/>\n<meta property=\"article:modified_time\" content=\"2026-04-20T09:40:57+00:00\" \/>\n<meta property=\"og:image\" content=\"https:\/\/static.purejewels.com\/wp-content\/uploads\/2025\/04\/51394.png\" \/>\n\t<meta property=\"og:image:width\" content=\"1000\" \/>\n\t<meta property=\"og:image:height\" content=\"1000\" \/>\n\t<meta property=\"og:image:type\" content=\"image\/png\" \/>\n<meta name=\"twitter:card\" content=\"summary_large_image\" \/>\n<meta name=\"twitter:label1\" content=\"Gesch\u00e4tzte Lesezeit\" \/>\n\t<meta name=\"twitter:data1\" content=\"1\u00a0Minute\" \/>\n<script type=\"application\/ld+json\" class=\"yoast-schema-graph\">{\"@context\":\"https:\\\/\\\/schema.org\",\"@graph\":[{\"@type\":[\"WebPage\",\"ItemPage\"],\"@id\":\"https:\\\/\\\/www.purejewels.com\\\/product\\\/22ct-gold-rosette-solo-flower-ring-4mm\\\/\",\"url\":\"https:\\\/\\\/www.purejewels.com\\\/product\\\/22ct-gold-rosette-solo-flower-ring-4mm\\\/\",\"name\":\"22ct Sunrise Gold Rosette Solo Flower Ring | Rosettes Collection\",\"isPartOf\":{\"@id\":\"https:\\\/\\\/www.purejewels.com\\\/#website\"},\"primaryImageOfPage\":{\"@id\":\"https:\\\/\\\/www.purejewels.com\\\/product\\\/22ct-gold-rosette-solo-flower-ring-4mm\\\/#primaryimage\"},\"image\":{\"@id\":\"https:\\\/\\\/www.purejewels.com\\\/product\\\/22ct-gold-rosette-solo-flower-ring-4mm\\\/#primaryimage\"},\"thumbnailUrl\":\"https:\\\/\\\/static.purejewels.com\\\/wp-content\\\/uploads\\\/2025\\\/04\\\/51394.png\",\"datePublished\":\"2025-09-01T06:26:08+00:00\",\"dateModified\":\"2026-04-20T09:40:57+00:00\",\"description\":\"Discover the 22ct Sunrise Gold Rosette Solo Flower Ring from the Rosettes Collection designed with a delicate floral motif.\",\"breadcrumb\":{\"@id\":\"https:\\\/\\\/www.purejewels.com\\\/product\\\/22ct-gold-rosette-solo-flower-ring-4mm\\\/#breadcrumb\"},\"inLanguage\":\"de\",\"potentialAction\":[{\"@type\":\"ReadAction\",\"target\":[\"https:\\\/\\\/www.purejewels.com\\\/product\\\/22ct-gold-rosette-solo-flower-ring-4mm\\\/\"]}]},{\"@type\":\"ImageObject\",\"inLanguage\":\"de\",\"@id\":\"https:\\\/\\\/www.purejewels.com\\\/product\\\/22ct-gold-rosette-solo-flower-ring-4mm\\\/#primaryimage\",\"url\":\"https:\\\/\\\/static.purejewels.com\\\/wp-content\\\/uploads\\\/2025\\\/04\\\/51394.png\",\"contentUrl\":\"https:\\\/\\\/static.purejewels.com\\\/wp-content\\\/uploads\\\/2025\\\/04\\\/51394.png\",\"width\":1000,\"height\":1000,\"caption\":\"22ct Sunrise Gold Rosette Ring\"},{\"@type\":\"BreadcrumbList\",\"@id\":\"https:\\\/\\\/www.purejewels.com\\\/product\\\/22ct-gold-rosette-solo-flower-ring-4mm\\\/#breadcrumb\",\"itemListElement\":[{\"@type\":\"ListItem\",\"position\":1,\"name\":\"Home\",\"item\":\"https:\\\/\\\/www.purejewels.com\\\/\"},{\"@type\":\"ListItem\",\"position\":2,\"name\":\"Shop\",\"item\":\"https:\\\/\\\/www.purejewels.com\\\/shop\\\/\"},{\"@type\":\"ListItem\",\"position\":3,\"name\":\"22ct Gold Rosette Solo Flower Ring | 4mm\"}]},{\"@type\":\"WebSite\",\"@id\":\"https:\\\/\\\/www.purejewels.com\\\/#website\",\"url\":\"https:\\\/\\\/www.purejewels.com\\\/\",\"name\":\"PureJewels UK\",\"description\":\"Share the Love\",\"publisher\":{\"@id\":\"https:\\\/\\\/www.purejewels.com\\\/#organization\"},\"potentialAction\":[{\"@type\":\"SearchAction\",\"target\":{\"@type\":\"EntryPoint\",\"urlTemplate\":\"https:\\\/\\\/www.purejewels.com\\\/?s={search_term_string}\"},\"query-input\":{\"@type\":\"PropertyValueSpecification\",\"valueRequired\":true,\"valueName\":\"search_term_string\"}}],\"inLanguage\":\"de\"},{\"@type\":\"Organization\",\"@id\":\"https:\\\/\\\/www.purejewels.com\\\/#organization\",\"name\":\"PureJewels UK\",\"url\":\"https:\\\/\\\/www.purejewels.com\\\/\",\"logo\":{\"@type\":\"ImageObject\",\"inLanguage\":\"de\",\"@id\":\"https:\\\/\\\/www.purejewels.com\\\/#\\\/schema\\\/logo\\\/image\\\/\",\"url\":\"https:\\\/\\\/static.purejewels.com\\\/wp-content\\\/uploads\\\/2020\\\/11\\\/Logo-PJ-New-1.png\",\"contentUrl\":\"https:\\\/\\\/static.purejewels.com\\\/wp-content\\\/uploads\\\/2020\\\/11\\\/Logo-PJ-New-1.png\",\"width\":150,\"height\":80,\"caption\":\"PureJewels UK\"},\"image\":{\"@id\":\"https:\\\/\\\/www.purejewels.com\\\/#\\\/schema\\\/logo\\\/image\\\/\"}}]}<\/script>\n<!-- \/ Yoast SEO plugin. -->","yoast_head_json":{"title":"22ct Sunrise Gold Rosette Solo Blume Ring | Rosetten Kollektion","description":"Entdecken Sie den 22ct Sunrise Gold Rosette Solo Flower Ring aus der Rosetten Kollektion mit einem zarten Blumenmotiv.","robots":{"index":"index","follow":"follow","max-snippet":"max-snippet:-1","max-image-preview":"max-image-preview:large","max-video-preview":"max-video-preview:-1"},"canonical":"https:\/\/www.purejewels.com\/de\/produkt-2\/22ct-gold-rosette-solo-blume-ring-4mm\/","og_locale":"de_DE","og_type":"article","og_title":"22ct Sunrise Gold Rosette Solo Flower Ring | Rosettes Collection","og_description":"Discover the 22ct Sunrise Gold Rosette Solo Flower Ring from the Rosettes Collection designed with a delicate floral motif.","og_url":"https:\/\/www.purejewels.com\/de\/produkt-2\/22ct-gold-rosette-solo-blume-ring-4mm\/","og_site_name":"PureJewels UK","article_modified_time":"2026-04-20T09:40:57+00:00","og_image":[{"width":1000,"height":1000,"url":"https:\/\/static.purejewels.com\/wp-content\/uploads\/2025\/04\/51394.png","type":"image\/png"}],"twitter_card":"summary_large_image","twitter_misc":{"Gesch\u00e4tzte Lesezeit":"1\u00a0Minute"},"schema":{"@context":"https:\/\/schema.org","@graph":[{"@type":["WebPage","ItemPage"],"@id":"https:\/\/www.purejewels.com\/product\/22ct-gold-rosette-solo-flower-ring-4mm\/","url":"https:\/\/www.purejewels.com\/product\/22ct-gold-rosette-solo-flower-ring-4mm\/","name":"22ct Sunrise Gold Rosette Solo Blume Ring | Rosetten Kollektion","isPartOf":{"@id":"https:\/\/www.purejewels.com\/#website"},"primaryImageOfPage":{"@id":"https:\/\/www.purejewels.com\/product\/22ct-gold-rosette-solo-flower-ring-4mm\/#primaryimage"},"image":{"@id":"https:\/\/www.purejewels.com\/product\/22ct-gold-rosette-solo-flower-ring-4mm\/#primaryimage"},"thumbnailUrl":"https:\/\/static.purejewels.com\/wp-content\/uploads\/2025\/04\/51394.png","datePublished":"2025-09-01T06:26:08+00:00","dateModified":"2026-04-20T09:40:57+00:00","description":"Entdecken Sie den 22ct Sunrise Gold Rosette Solo Flower Ring aus der Rosetten Kollektion mit einem zarten Blumenmotiv.","breadcrumb":{"@id":"https:\/\/www.purejewels.com\/product\/22ct-gold-rosette-solo-flower-ring-4mm\/#breadcrumb"},"inLanguage":"de","potentialAction":[{"@type":"ReadAction","target":["https:\/\/www.purejewels.com\/product\/22ct-gold-rosette-solo-flower-ring-4mm\/"]}]},{"@type":"ImageObject","inLanguage":"de","@id":"https:\/\/www.purejewels.com\/product\/22ct-gold-rosette-solo-flower-ring-4mm\/#primaryimage","url":"https:\/\/static.purejewels.com\/wp-content\/uploads\/2025\/04\/51394.png","contentUrl":"https:\/\/static.purejewels.com\/wp-content\/uploads\/2025\/04\/51394.png","width":1000,"height":1000,"caption":"22ct Sunrise Gold Rosette Ring"},{"@type":"BreadcrumbList","@id":"https:\/\/www.purejewels.com\/product\/22ct-gold-rosette-solo-flower-ring-4mm\/#breadcrumb","itemListElement":[{"@type":"ListItem","position":1,"name":"Home","item":"https:\/\/www.purejewels.com\/"},{"@type":"ListItem","position":2,"name":"Shop","item":"https:\/\/www.purejewels.com\/shop\/"},{"@type":"ListItem","position":3,"name":"22ct Gold Rosette Solo Flower Ring | 4mm"}]},{"@type":"WebSite","@id":"https:\/\/www.purejewels.com\/#website","url":"https:\/\/www.purejewels.com\/","name":"PureJewels UK","description":"Teile die Liebe","publisher":{"@id":"https:\/\/www.purejewels.com\/#organization"},"potentialAction":[{"@type":"SearchAction","target":{"@type":"EntryPoint","urlTemplate":"https:\/\/www.purejewels.com\/?s={search_term_string}"},"query-input":{"@type":"PropertyValueSpecification","valueRequired":true,"valueName":"search_term_string"}}],"inLanguage":"de"},{"@type":"Organization","@id":"https:\/\/www.purejewels.com\/#organization","name":"PureJewels UK","url":"https:\/\/www.purejewels.com\/","logo":{"@type":"ImageObject","inLanguage":"de","@id":"https:\/\/www.purejewels.com\/#\/schema\/logo\/image\/","url":"https:\/\/static.purejewels.com\/wp-content\/uploads\/2020\/11\/Logo-PJ-New-1.png","contentUrl":"https:\/\/static.purejewels.com\/wp-content\/uploads\/2020\/11\/Logo-PJ-New-1.png","width":150,"height":80,"caption":"PureJewels UK"},"image":{"@id":"https:\/\/www.purejewels.com\/#\/schema\/logo\/image\/"}}]}},"_links":{"self":[{"href":"https:\/\/www.purejewels.com\/de\/wp-json\/wp\/v2\/product\/413049","targetHints":{"allow":["GET"]}}],"collection":[{"href":"https:\/\/www.purejewels.com\/de\/wp-json\/wp\/v2\/product"}],"about":[{"href":"https:\/\/www.purejewels.com\/de\/wp-json\/wp\/v2\/types\/product"}],"replies":[{"embeddable":true,"href":"https:\/\/www.purejewels.com\/de\/wp-json\/wp\/v2\/comments?post=413049"}],"version-history":[{"count":3,"href":"https:\/\/www.purejewels.com\/de\/wp-json\/wp\/v2\/product\/413049\/revisions"}],"predecessor-version":[{"id":417009,"href":"https:\/\/www.purejewels.com\/de\/wp-json\/wp\/v2\/product\/413049\/revisions\/417009"}],"wp:featuredmedia":[{"embeddable":true,"href":"https:\/\/www.purejewels.com\/de\/wp-json\/wp\/v2\/media\/392291"}],"wp:attachment":[{"href":"https:\/\/www.purejewels.com\/de\/wp-json\/wp\/v2\/media?parent=413049"}],"wp:term":[{"taxonomy":"product_brand","embeddable":true,"href":"https:\/\/www.purejewels.com\/de\/wp-json\/wp\/v2\/product_brand?post=413049"},{"taxonomy":"product_cat","embeddable":true,"href":"https:\/\/www.purejewels.com\/de\/wp-json\/wp\/v2\/product_cat?post=413049"},{"taxonomy":"product_tag","embeddable":true,"href":"https:\/\/www.purejewels.com\/de\/wp-json\/wp\/v2\/product_tag?post=413049"}],"curies":[{"name":"wp","href":"https:\/\/api.w.org\/{rel}","templated":true}]}}