{"id":413050,"date":"2025-07-29T07:41:02","date_gmt":"2025-07-29T06:41:02","guid":{"rendered":"https:\/\/www.purejewels.com\/?post_type=product&#038;p=413050"},"modified":"2026-02-09T08:42:48","modified_gmt":"2026-02-09T08:42:48","slug":"tautropfen-ohrringe-22ct","status":"publish","type":"product","link":"https:\/\/www.purejewels.com\/de\/product\/dewdrop-earrings-22ct\/","title":{"rendered":"Tautropfen-Ohrringe"},"content":{"rendered":"<p>Die Tautropfen-Ohrringe aus unserer Lotus-Kollektion verk\u00f6rpern die zarte Anmut der Morgend\u00e4mmerung nach einem Regenguss. Ihr Design aus strahlendem Sunrise Gold besteht aus einer Reihe bl\u00fctenblatt\u00e4hnlicher Formen, die jeweils einen oder mehrere Diamanten tragen, die wie frischer Tau auf einem Lotusblatt glitzern. Die vertikale Anordnung erzeugt einen sanften Rhythmus, der an Erneuerung und Intimit\u00e4t erinnert. Die Tautropfen-Ohrringe unterscheiden sich von den anderen Designs der Kollektion, da sie sich auf Wiederholung und Fluss konzentrieren und die Liebe nicht als einen einzelnen Moment, sondern als Kontinuum ausdr\u00fccken. Leicht in der Bewegung und doch reich an Symbolik, sind sie tragbare Poesie f\u00fcr alle, die stille Sch\u00f6nheit mit tieferer Bedeutung sch\u00e4tzen.<\/p>","protected":false},"excerpt":{"rendered":"<p>Die Dewdrop Earrings sind eine lyrische Kaskade aus bl\u00fctenblattf\u00f6rmigen Gliedern in Sunrise Gold, die jeweils mit Diamanttropfen verziert sind. Inspiriert vom Morgentau, der sich auf den Lotusbl\u00e4ttern sammelt, zelebrieren sie die zarten Momente der sich entfaltenden Reise der Liebe.<\/p>\n<p><strong>Material:<\/strong> 22ct Sonnenaufgang Gold<strong><br \/>\n<strong>Wahrzeichen: <\/strong><\/strong>Britisches G\u00fctesiegel<br \/>\n<strong>Zertifizierung:<\/strong> GLS-zertifiziert<strong><strong><br \/>\n<\/strong><\/strong><strong><strong>Stein: <\/strong><\/strong>Nat\u00fcrliche Diamanten<strong><strong><br \/>\n<strong>Gewicht der Diamanten: <\/strong><\/strong><\/strong>0,14ct (insgesamt)<strong><strong><strong><br \/>\n<\/strong><\/strong><\/strong><strong><strong><strong><strong><strong><strong>Bruttogewicht: <\/strong><\/strong><\/strong><\/strong><\/strong><\/strong>3.8 Gms<strong><strong><strong><strong><strong><br \/>\n<strong>SKU: <\/strong><\/strong><\/strong><\/strong><\/strong><\/strong>51976<\/p>\n<p><strong><strong><strong><strong><strong><strong>Preis und Lieferung:<\/strong><\/strong><\/strong><\/strong><\/strong><\/strong>Inklusive Mehrwertsteuer und Lieferkosten<strong><strong><strong><strong><strong><br \/>\n<a href=\"https:\/\/www.purejewels.com\/de\/ruckgabepolitik\/\">R\u00fcckgabepolitik<\/a><\/strong><\/strong><\/strong><\/strong><\/strong><\/p>","protected":false},"featured_media":413069,"comment_status":"closed","ping_status":"closed","template":"","meta":{"_eb_attr":"","_crsspst_to_jayantr4sg-hostcom":false},"product_brand":[],"product_cat":[1791,5458,5457,1685,1254,1229,1633,1569,1574],"product_tag":[5855,66],"class_list":{"0":"post-413050","1":"product","2":"type-product","3":"status-publish","4":"has-post-thumbnail","6":"product_cat-anniversary-gifts","7":"product_cat-diamond-earring","8":"product_cat-diamond-jewellery","9":"product_cat-drop-earrings","10":"product_cat-gold-earrings","11":"product_cat-22ct-gold-jewellery","12":"product_cat-lotus-collections","13":"product_cat-valentine-day-gifts","14":"product_cat-womens-jewellery","15":"product_tag-22ct-sunrise-gold-earrings","16":"product_tag-earrings","18":"first","19":"instock","20":"taxable","21":"shipping-taxable","22":"purchasable","23":"product-type-simple","24":"add-to-wishlist-before_image"},"yoast_head":"<!-- This site is optimized with the Yoast SEO plugin v27.4 - https:\/\/yoast.com\/product\/yoast-seo-wordpress\/ -->\n<title>Sunrise Gold Dewdrop Earrings with Diamonds | PureJewels UK<\/title>\n<meta name=\"description\" content=\"Dewdrop Earrings in Sunrise Gold with diamonds from PureJewels\u2019 Lotus Collection, inspired by dew on lotus leaves and love\u2019s gentle journey.\" \/>\n<meta name=\"robots\" content=\"index, follow, max-snippet:-1, max-image-preview:large, max-video-preview:-1\" \/>\n<link rel=\"canonical\" href=\"https:\/\/www.purejewels.com\/de\/produkt-2\/tautropfen-ohrringe-22ct\/\" \/>\n<meta property=\"og:locale\" content=\"de_DE\" \/>\n<meta property=\"og:type\" content=\"article\" \/>\n<meta property=\"og:title\" content=\"Sunrise Gold Dewdrop Earrings with Diamonds | PureJewels UK\" \/>\n<meta property=\"og:description\" content=\"Dewdrop Earrings in Sunrise Gold with diamonds from PureJewels\u2019 Lotus Collection, inspired by dew on lotus leaves and love\u2019s gentle journey.\" \/>\n<meta property=\"og:url\" content=\"https:\/\/www.purejewels.com\/de\/produkt-2\/tautropfen-ohrringe-22ct\/\" \/>\n<meta property=\"og:site_name\" content=\"PureJewels UK\" \/>\n<meta property=\"article:modified_time\" content=\"2026-02-09T08:42:48+00:00\" \/>\n<meta property=\"og:image\" content=\"https:\/\/static.purejewels.com\/wp-content\/uploads\/2025\/08\/51976-1.jpg\" \/>\n\t<meta property=\"og:image:width\" content=\"1000\" \/>\n\t<meta property=\"og:image:height\" content=\"1000\" \/>\n\t<meta property=\"og:image:type\" content=\"image\/jpeg\" \/>\n<meta name=\"twitter:card\" content=\"summary_large_image\" \/>\n<meta name=\"twitter:label1\" content=\"Gesch\u00e4tzte Lesezeit\" \/>\n\t<meta name=\"twitter:data1\" content=\"1\u00a0Minute\" \/>\n<script type=\"application\/ld+json\" class=\"yoast-schema-graph\">{\"@context\":\"https:\\\/\\\/schema.org\",\"@graph\":[{\"@type\":[\"WebPage\",\"ItemPage\"],\"@id\":\"https:\\\/\\\/www.purejewels.com\\\/product\\\/dewdrop-earrings-22ct\\\/\",\"url\":\"https:\\\/\\\/www.purejewels.com\\\/product\\\/dewdrop-earrings-22ct\\\/\",\"name\":\"Sunrise Gold Dewdrop Earrings with Diamonds | PureJewels UK\",\"isPartOf\":{\"@id\":\"https:\\\/\\\/www.purejewels.com\\\/#website\"},\"primaryImageOfPage\":{\"@id\":\"https:\\\/\\\/www.purejewels.com\\\/product\\\/dewdrop-earrings-22ct\\\/#primaryimage\"},\"image\":{\"@id\":\"https:\\\/\\\/www.purejewels.com\\\/product\\\/dewdrop-earrings-22ct\\\/#primaryimage\"},\"thumbnailUrl\":\"https:\\\/\\\/static.purejewels.com\\\/wp-content\\\/uploads\\\/2025\\\/08\\\/51976-1.jpg\",\"datePublished\":\"2025-07-29T06:41:02+00:00\",\"dateModified\":\"2026-02-09T08:42:48+00:00\",\"description\":\"Dewdrop Earrings in Sunrise Gold with diamonds from PureJewels\u2019 Lotus Collection, inspired by dew on lotus leaves and love\u2019s gentle journey.\",\"breadcrumb\":{\"@id\":\"https:\\\/\\\/www.purejewels.com\\\/product\\\/dewdrop-earrings-22ct\\\/#breadcrumb\"},\"inLanguage\":\"de\",\"potentialAction\":[{\"@type\":\"ReadAction\",\"target\":[\"https:\\\/\\\/www.purejewels.com\\\/product\\\/dewdrop-earrings-22ct\\\/\"]}]},{\"@type\":\"ImageObject\",\"inLanguage\":\"de\",\"@id\":\"https:\\\/\\\/www.purejewels.com\\\/product\\\/dewdrop-earrings-22ct\\\/#primaryimage\",\"url\":\"https:\\\/\\\/static.purejewels.com\\\/wp-content\\\/uploads\\\/2025\\\/08\\\/51976-1.jpg\",\"contentUrl\":\"https:\\\/\\\/static.purejewels.com\\\/wp-content\\\/uploads\\\/2025\\\/08\\\/51976-1.jpg\",\"width\":1000,\"height\":1000,\"caption\":\"Raindrop Earrings | Lotus Collection\"},{\"@type\":\"BreadcrumbList\",\"@id\":\"https:\\\/\\\/www.purejewels.com\\\/product\\\/dewdrop-earrings-22ct\\\/#breadcrumb\",\"itemListElement\":[{\"@type\":\"ListItem\",\"position\":1,\"name\":\"Home\",\"item\":\"https:\\\/\\\/www.purejewels.com\\\/\"},{\"@type\":\"ListItem\",\"position\":2,\"name\":\"Shop\",\"item\":\"https:\\\/\\\/www.purejewels.com\\\/shop\\\/\"},{\"@type\":\"ListItem\",\"position\":3,\"name\":\"Dewdrop Earrings\"}]},{\"@type\":\"WebSite\",\"@id\":\"https:\\\/\\\/www.purejewels.com\\\/#website\",\"url\":\"https:\\\/\\\/www.purejewels.com\\\/\",\"name\":\"PureJewels UK\",\"description\":\"Share the Love\",\"publisher\":{\"@id\":\"https:\\\/\\\/www.purejewels.com\\\/#organization\"},\"potentialAction\":[{\"@type\":\"SearchAction\",\"target\":{\"@type\":\"EntryPoint\",\"urlTemplate\":\"https:\\\/\\\/www.purejewels.com\\\/?s={search_term_string}\"},\"query-input\":{\"@type\":\"PropertyValueSpecification\",\"valueRequired\":true,\"valueName\":\"search_term_string\"}}],\"inLanguage\":\"de\"},{\"@type\":\"Organization\",\"@id\":\"https:\\\/\\\/www.purejewels.com\\\/#organization\",\"name\":\"PureJewels UK\",\"url\":\"https:\\\/\\\/www.purejewels.com\\\/\",\"logo\":{\"@type\":\"ImageObject\",\"inLanguage\":\"de\",\"@id\":\"https:\\\/\\\/www.purejewels.com\\\/#\\\/schema\\\/logo\\\/image\\\/\",\"url\":\"https:\\\/\\\/static.purejewels.com\\\/wp-content\\\/uploads\\\/2020\\\/11\\\/Logo-PJ-New-1.png\",\"contentUrl\":\"https:\\\/\\\/static.purejewels.com\\\/wp-content\\\/uploads\\\/2020\\\/11\\\/Logo-PJ-New-1.png\",\"width\":150,\"height\":80,\"caption\":\"PureJewels UK\"},\"image\":{\"@id\":\"https:\\\/\\\/www.purejewels.com\\\/#\\\/schema\\\/logo\\\/image\\\/\"}}]}<\/script>\n<!-- \/ Yoast SEO plugin. -->","yoast_head_json":{"title":"Sunrise Gold Tautropfen-Ohrringe mit Diamanten | PureJewels UK","description":"Tautropfen-Ohrringe in Sunrise Gold mit Diamanten aus der Lotus-Kollektion von PureJewels, inspiriert vom Tau auf Lotusbl\u00e4ttern und der sanften Reise der Liebe.","robots":{"index":"index","follow":"follow","max-snippet":"max-snippet:-1","max-image-preview":"max-image-preview:large","max-video-preview":"max-video-preview:-1"},"canonical":"https:\/\/www.purejewels.com\/de\/produkt-2\/tautropfen-ohrringe-22ct\/","og_locale":"de_DE","og_type":"article","og_title":"Sunrise Gold Dewdrop Earrings with Diamonds | PureJewels UK","og_description":"Dewdrop Earrings in Sunrise Gold with diamonds from PureJewels\u2019 Lotus Collection, inspired by dew on lotus leaves and love\u2019s gentle journey.","og_url":"https:\/\/www.purejewels.com\/de\/produkt-2\/tautropfen-ohrringe-22ct\/","og_site_name":"PureJewels UK","article_modified_time":"2026-02-09T08:42:48+00:00","og_image":[{"width":1000,"height":1000,"url":"https:\/\/static.purejewels.com\/wp-content\/uploads\/2025\/08\/51976-1.jpg","type":"image\/jpeg"}],"twitter_card":"summary_large_image","twitter_misc":{"Gesch\u00e4tzte Lesezeit":"1\u00a0Minute"},"schema":{"@context":"https:\/\/schema.org","@graph":[{"@type":["WebPage","ItemPage"],"@id":"https:\/\/www.purejewels.com\/product\/dewdrop-earrings-22ct\/","url":"https:\/\/www.purejewels.com\/product\/dewdrop-earrings-22ct\/","name":"Sunrise Gold Tautropfen-Ohrringe mit Diamanten | PureJewels UK","isPartOf":{"@id":"https:\/\/www.purejewels.com\/#website"},"primaryImageOfPage":{"@id":"https:\/\/www.purejewels.com\/product\/dewdrop-earrings-22ct\/#primaryimage"},"image":{"@id":"https:\/\/www.purejewels.com\/product\/dewdrop-earrings-22ct\/#primaryimage"},"thumbnailUrl":"https:\/\/static.purejewels.com\/wp-content\/uploads\/2025\/08\/51976-1.jpg","datePublished":"2025-07-29T06:41:02+00:00","dateModified":"2026-02-09T08:42:48+00:00","description":"Tautropfen-Ohrringe in Sunrise Gold mit Diamanten aus der Lotus-Kollektion von PureJewels, inspiriert vom Tau auf Lotusbl\u00e4ttern und der sanften Reise der Liebe.","breadcrumb":{"@id":"https:\/\/www.purejewels.com\/product\/dewdrop-earrings-22ct\/#breadcrumb"},"inLanguage":"de","potentialAction":[{"@type":"ReadAction","target":["https:\/\/www.purejewels.com\/product\/dewdrop-earrings-22ct\/"]}]},{"@type":"ImageObject","inLanguage":"de","@id":"https:\/\/www.purejewels.com\/product\/dewdrop-earrings-22ct\/#primaryimage","url":"https:\/\/static.purejewels.com\/wp-content\/uploads\/2025\/08\/51976-1.jpg","contentUrl":"https:\/\/static.purejewels.com\/wp-content\/uploads\/2025\/08\/51976-1.jpg","width":1000,"height":1000,"caption":"Raindrop Earrings | Lotus Collection"},{"@type":"BreadcrumbList","@id":"https:\/\/www.purejewels.com\/product\/dewdrop-earrings-22ct\/#breadcrumb","itemListElement":[{"@type":"ListItem","position":1,"name":"Home","item":"https:\/\/www.purejewels.com\/"},{"@type":"ListItem","position":2,"name":"Shop","item":"https:\/\/www.purejewels.com\/shop\/"},{"@type":"ListItem","position":3,"name":"Dewdrop Earrings"}]},{"@type":"WebSite","@id":"https:\/\/www.purejewels.com\/#website","url":"https:\/\/www.purejewels.com\/","name":"PureJewels UK","description":"Teile die Liebe","publisher":{"@id":"https:\/\/www.purejewels.com\/#organization"},"potentialAction":[{"@type":"SearchAction","target":{"@type":"EntryPoint","urlTemplate":"https:\/\/www.purejewels.com\/?s={search_term_string}"},"query-input":{"@type":"PropertyValueSpecification","valueRequired":true,"valueName":"search_term_string"}}],"inLanguage":"de"},{"@type":"Organization","@id":"https:\/\/www.purejewels.com\/#organization","name":"PureJewels UK","url":"https:\/\/www.purejewels.com\/","logo":{"@type":"ImageObject","inLanguage":"de","@id":"https:\/\/www.purejewels.com\/#\/schema\/logo\/image\/","url":"https:\/\/static.purejewels.com\/wp-content\/uploads\/2020\/11\/Logo-PJ-New-1.png","contentUrl":"https:\/\/static.purejewels.com\/wp-content\/uploads\/2020\/11\/Logo-PJ-New-1.png","width":150,"height":80,"caption":"PureJewels UK"},"image":{"@id":"https:\/\/www.purejewels.com\/#\/schema\/logo\/image\/"}}]}},"_links":{"self":[{"href":"https:\/\/www.purejewels.com\/de\/wp-json\/wp\/v2\/product\/413050","targetHints":{"allow":["GET"]}}],"collection":[{"href":"https:\/\/www.purejewels.com\/de\/wp-json\/wp\/v2\/product"}],"about":[{"href":"https:\/\/www.purejewels.com\/de\/wp-json\/wp\/v2\/types\/product"}],"replies":[{"embeddable":true,"href":"https:\/\/www.purejewels.com\/de\/wp-json\/wp\/v2\/comments?post=413050"}],"version-history":[{"count":3,"href":"https:\/\/www.purejewels.com\/de\/wp-json\/wp\/v2\/product\/413050\/revisions"}],"predecessor-version":[{"id":424434,"href":"https:\/\/www.purejewels.com\/de\/wp-json\/wp\/v2\/product\/413050\/revisions\/424434"}],"wp:featuredmedia":[{"embeddable":true,"href":"https:\/\/www.purejewels.com\/de\/wp-json\/wp\/v2\/media\/413069"}],"wp:attachment":[{"href":"https:\/\/www.purejewels.com\/de\/wp-json\/wp\/v2\/media?parent=413050"}],"wp:term":[{"taxonomy":"product_brand","embeddable":true,"href":"https:\/\/www.purejewels.com\/de\/wp-json\/wp\/v2\/product_brand?post=413050"},{"taxonomy":"product_cat","embeddable":true,"href":"https:\/\/www.purejewels.com\/de\/wp-json\/wp\/v2\/product_cat?post=413050"},{"taxonomy":"product_tag","embeddable":true,"href":"https:\/\/www.purejewels.com\/de\/wp-json\/wp\/v2\/product_tag?post=413050"}],"curies":[{"name":"wp","href":"https:\/\/api.w.org\/{rel}","templated":true}]}}