{"id":413071,"date":"2025-11-14T09:11:42","date_gmt":"2025-11-14T09:11:42","guid":{"rendered":"https:\/\/www.purejewels.com\/?post_type=product&#038;p=413071"},"modified":"2026-02-09T08:23:49","modified_gmt":"2026-02-09T08:23:49","slug":"niederschlag-lilypad-ohrringe-51974","status":"publish","type":"product","link":"https:\/\/www.purejewels.com\/de\/product\/rainfall-lilypad-earrings-51974\/","title":{"rendered":"Rainfall Lilypad-Ohrringe"},"content":{"rendered":"<p><strong>Inspiration und Geschichte<\/strong><\/p>\n<p>Die Rainfall Lilypad Earrings sind vom sanften Rhythmus des Regens in einem Lotusteich inspiriert. Die offene Form der Lilypads ist der Anker des Designs, w\u00e4hrend die kaskadenf\u00f6rmigen Elemente Bewegung und Fluss einbringen und so Erneuerung, Kontinuit\u00e4t und die sich entwickelnde Natur der Liebe widerspiegeln. Als Teil der Lotus-Kollektion bringen sie das Gleichgewicht zwischen Stille und Bewegung auf raffinierte, moderne Weise zum Ausdruck.<\/p>\n<p><strong>Material und Handwerkskunst<\/strong><\/p>\n<p>Jeder Ohrring ist aus leuchtendem 22-kar\u00e4tigem Sunrise Gold gefertigt und verf\u00fcgt \u00fcber einen lilienf\u00f6rmigen Ohrstecker, der mit zarten Diamanttropfen besetzt ist. Von der Form gehen drei schlanke Ketten ab, die mit Bl\u00fctenmotiven und Brillanten besetzt sind, die f\u00fcr Leichtigkeit und dezentes Funkeln sorgen. Jedes St\u00fcck ist sorgf\u00e4ltig ausbalanciert, damit es beweglich und bequem ist, und wird in Gro\u00dfbritannien von Hand gefertigt und gestempelt.<\/p>\n<p><strong>Styling &amp; Geschenkartikel<\/strong><\/p>\n<p>Die Rainfall Lilypad-Ohrringe sind so konzipiert, dass sie sich anmutig mit der Tr\u00e4gerin bewegen und ein elegantes Statement ohne \u00dcberma\u00df abgeben. Sie eignen sich sowohl f\u00fcr den Tag als auch f\u00fcr den Abend und bringen Weichheit und Rhythmus in das Profil. Sie sind ein durchdachtes Geschenk f\u00fcr Jahrestage oder bedeutende Meilensteine und markieren Momente der Erneuerung und des Wachstums auf einer gemeinsamen Reise.<\/p>","protected":false},"excerpt":{"rendered":"<p><span class=\"TextRun SCXW105637785 BCX0\" lang=\"EN-IN\" xml:lang=\"EN-IN\" data-contrast=\"auto\"><span class=\"NormalTextRun SCXW105637785 BCX0\">Die Rainfall Lilypad Ohrringe haben ein flie\u00dfendes Design mit mehrlagigen Ketten, die Diamanttropfen und <\/span><span class=\"NormalTextRun SpellingErrorV2Themed SCXW105637785 BCX0\">lilypad<\/span><span class=\"NormalTextRun SCXW105637785 BCX0\">-inspirierten Charms. Sie sind aus Sunrise Gold gefertigt und spiegeln die Sch\u00f6nheit des Regens wider, der sich \u00fcber Lotusbl\u00e4tter ergie\u00dft und den poetischen Rhythmus der Liebe feiert.<\/span><\/span><span class=\"EOP SCXW105637785 BCX0\" data-ccp-props=\"{}\">\u00a0<\/span><\/p>\n<p><strong>Material:<\/strong> 22ct Sonnenaufgang Gold<strong><br \/>\n<strong>Wahrzeichen: <\/strong><\/strong>Britisches G\u00fctesiegel<strong><strong><br \/>\n<\/strong><\/strong><strong><strong>Stein: <\/strong><\/strong>Nat\u00fcrliche Diamanten<strong><strong><br \/>\n<strong>Gewicht der Diamanten: <\/strong><\/strong><\/strong>0,22ct (insgesamt)<strong><strong><strong><br \/>\n<\/strong><\/strong><\/strong><strong><strong><strong><strong><strong><strong>Bruttogewicht: <\/strong><\/strong><\/strong><\/strong><\/strong><\/strong>4,60 Gramm<strong><strong><strong><strong><strong><br \/>\n<strong>SKU: <\/strong><\/strong><\/strong><\/strong><\/strong><\/strong>51974<\/p>\n<p><strong><strong><strong><strong><strong><strong>Preis und Lieferung: <\/strong><\/strong><\/strong><\/strong><\/strong><\/strong>Inklusive Mehrwertsteuer und Lieferkosten<strong><strong><strong><strong><strong><br \/>\n<a href=\"https:\/\/www.purejewels.com\/de\/ruckgabepolitik\/\">R\u00fcckgabepolitik<\/a><\/strong><\/strong><\/strong><\/strong><\/strong><\/p>","protected":false},"featured_media":413073,"comment_status":"closed","ping_status":"closed","template":"","meta":{"_eb_attr":"","_crsspst_to_jayantr4sg-hostcom":false},"product_brand":[],"product_cat":[1791,5458,5457,1685,1254,1229,1633,1569,1573,1574],"product_tag":[66],"class_list":{"0":"post-413071","1":"product","2":"type-product","3":"status-publish","4":"has-post-thumbnail","6":"product_cat-anniversary-gifts","7":"product_cat-diamond-earring","8":"product_cat-diamond-jewellery","9":"product_cat-drop-earrings","10":"product_cat-gold-earrings","11":"product_cat-22ct-gold-jewellery","12":"product_cat-lotus-collections","13":"product_cat-valentine-day-gifts","14":"product_cat-wedding-gifts","15":"product_cat-womens-jewellery","16":"product_tag-earrings","18":"first","19":"instock","20":"taxable","21":"shipping-taxable","22":"purchasable","23":"product-type-simple","24":"add-to-wishlist-before_image"},"yoast_head":"<!-- This site is optimized with the Yoast SEO plugin v27.4 - https:\/\/yoast.com\/product\/yoast-seo-wordpress\/ -->\n<title>22ct Rainfall Lilypad Earrings with Diamonds | PureJewels UK<\/title>\n<meta name=\"description\" content=\"Rainfall Lilypad Earrings in Sunrise Gold with diamonds from PureJewels\u2019 Lotus Collection, inspired by rain on lotus leaves and love\u2019s journey.\" \/>\n<meta name=\"robots\" content=\"index, follow, max-snippet:-1, max-image-preview:large, max-video-preview:-1\" \/>\n<link rel=\"canonical\" href=\"https:\/\/www.purejewels.com\/de\/produkt-2\/niederschlag-lilypad-ohrringe-51974\/\" \/>\n<meta property=\"og:locale\" content=\"de_DE\" \/>\n<meta property=\"og:type\" content=\"article\" \/>\n<meta property=\"og:title\" content=\"22ct Rainfall Lilypad Earrings with Diamonds | PureJewels UK\" \/>\n<meta property=\"og:description\" content=\"Rainfall Lilypad Earrings in Sunrise Gold with diamonds from PureJewels\u2019 Lotus Collection, inspired by rain on lotus leaves and love\u2019s journey.\" \/>\n<meta property=\"og:url\" content=\"https:\/\/www.purejewels.com\/de\/produkt-2\/niederschlag-lilypad-ohrringe-51974\/\" \/>\n<meta property=\"og:site_name\" content=\"PureJewels UK\" \/>\n<meta property=\"article:modified_time\" content=\"2026-02-09T08:23:49+00:00\" \/>\n<meta property=\"og:image\" content=\"https:\/\/static.purejewels.com\/wp-content\/uploads\/2025\/08\/51974-2.jpg\" \/>\n\t<meta property=\"og:image:width\" content=\"1000\" \/>\n\t<meta property=\"og:image:height\" content=\"1000\" \/>\n\t<meta property=\"og:image:type\" content=\"image\/jpeg\" \/>\n<meta name=\"twitter:card\" content=\"summary_large_image\" \/>\n<meta name=\"twitter:label1\" content=\"Gesch\u00e4tzte Lesezeit\" \/>\n\t<meta name=\"twitter:data1\" content=\"1\u00a0Minute\" \/>\n<script type=\"application\/ld+json\" class=\"yoast-schema-graph\">{\"@context\":\"https:\\\/\\\/schema.org\",\"@graph\":[{\"@type\":[\"WebPage\",\"ItemPage\"],\"@id\":\"https:\\\/\\\/www.purejewels.com\\\/product\\\/rainfall-lilypad-earrings-51974\\\/\",\"url\":\"https:\\\/\\\/www.purejewels.com\\\/product\\\/rainfall-lilypad-earrings-51974\\\/\",\"name\":\"22ct Rainfall Lilypad Earrings with Diamonds | PureJewels UK\",\"isPartOf\":{\"@id\":\"https:\\\/\\\/www.purejewels.com\\\/#website\"},\"primaryImageOfPage\":{\"@id\":\"https:\\\/\\\/www.purejewels.com\\\/product\\\/rainfall-lilypad-earrings-51974\\\/#primaryimage\"},\"image\":{\"@id\":\"https:\\\/\\\/www.purejewels.com\\\/product\\\/rainfall-lilypad-earrings-51974\\\/#primaryimage\"},\"thumbnailUrl\":\"https:\\\/\\\/static.purejewels.com\\\/wp-content\\\/uploads\\\/2025\\\/08\\\/51974-2.jpg\",\"datePublished\":\"2025-11-14T09:11:42+00:00\",\"dateModified\":\"2026-02-09T08:23:49+00:00\",\"description\":\"Rainfall Lilypad Earrings in Sunrise Gold with diamonds from PureJewels\u2019 Lotus Collection, inspired by rain on lotus leaves and love\u2019s journey.\",\"breadcrumb\":{\"@id\":\"https:\\\/\\\/www.purejewels.com\\\/product\\\/rainfall-lilypad-earrings-51974\\\/#breadcrumb\"},\"inLanguage\":\"de\",\"potentialAction\":[{\"@type\":\"ReadAction\",\"target\":[\"https:\\\/\\\/www.purejewels.com\\\/product\\\/rainfall-lilypad-earrings-51974\\\/\"]}]},{\"@type\":\"ImageObject\",\"inLanguage\":\"de\",\"@id\":\"https:\\\/\\\/www.purejewels.com\\\/product\\\/rainfall-lilypad-earrings-51974\\\/#primaryimage\",\"url\":\"https:\\\/\\\/static.purejewels.com\\\/wp-content\\\/uploads\\\/2025\\\/08\\\/51974-2.jpg\",\"contentUrl\":\"https:\\\/\\\/static.purejewels.com\\\/wp-content\\\/uploads\\\/2025\\\/08\\\/51974-2.jpg\",\"width\":1000,\"height\":1000,\"caption\":\"Rainfall Lilypad Earrings\"},{\"@type\":\"BreadcrumbList\",\"@id\":\"https:\\\/\\\/www.purejewels.com\\\/product\\\/rainfall-lilypad-earrings-51974\\\/#breadcrumb\",\"itemListElement\":[{\"@type\":\"ListItem\",\"position\":1,\"name\":\"Home\",\"item\":\"https:\\\/\\\/www.purejewels.com\\\/\"},{\"@type\":\"ListItem\",\"position\":2,\"name\":\"Shop\",\"item\":\"https:\\\/\\\/www.purejewels.com\\\/shop\\\/\"},{\"@type\":\"ListItem\",\"position\":3,\"name\":\"Rainfall Lilypad Earrings\"}]},{\"@type\":\"WebSite\",\"@id\":\"https:\\\/\\\/www.purejewels.com\\\/#website\",\"url\":\"https:\\\/\\\/www.purejewels.com\\\/\",\"name\":\"PureJewels UK\",\"description\":\"Share the Love\",\"publisher\":{\"@id\":\"https:\\\/\\\/www.purejewels.com\\\/#organization\"},\"potentialAction\":[{\"@type\":\"SearchAction\",\"target\":{\"@type\":\"EntryPoint\",\"urlTemplate\":\"https:\\\/\\\/www.purejewels.com\\\/?s={search_term_string}\"},\"query-input\":{\"@type\":\"PropertyValueSpecification\",\"valueRequired\":true,\"valueName\":\"search_term_string\"}}],\"inLanguage\":\"de\"},{\"@type\":\"Organization\",\"@id\":\"https:\\\/\\\/www.purejewels.com\\\/#organization\",\"name\":\"PureJewels UK\",\"url\":\"https:\\\/\\\/www.purejewels.com\\\/\",\"logo\":{\"@type\":\"ImageObject\",\"inLanguage\":\"de\",\"@id\":\"https:\\\/\\\/www.purejewels.com\\\/#\\\/schema\\\/logo\\\/image\\\/\",\"url\":\"https:\\\/\\\/static.purejewels.com\\\/wp-content\\\/uploads\\\/2020\\\/11\\\/Logo-PJ-New-1.png\",\"contentUrl\":\"https:\\\/\\\/static.purejewels.com\\\/wp-content\\\/uploads\\\/2020\\\/11\\\/Logo-PJ-New-1.png\",\"width\":150,\"height\":80,\"caption\":\"PureJewels UK\"},\"image\":{\"@id\":\"https:\\\/\\\/www.purejewels.com\\\/#\\\/schema\\\/logo\\\/image\\\/\"}}]}<\/script>\n<!-- \/ Yoast SEO plugin. -->","yoast_head_json":{"title":"22ct Rainfall Lilypad Ohrringe mit Diamanten | PureJewels UK","description":"Rainfall Lilypad-Ohrringe in Sunrise Gold mit Diamanten aus der Lotus-Kollektion von PureJewels, inspiriert von Regen auf Lotusbl\u00e4ttern und der Reise der Liebe.","robots":{"index":"index","follow":"follow","max-snippet":"max-snippet:-1","max-image-preview":"max-image-preview:large","max-video-preview":"max-video-preview:-1"},"canonical":"https:\/\/www.purejewels.com\/de\/produkt-2\/niederschlag-lilypad-ohrringe-51974\/","og_locale":"de_DE","og_type":"article","og_title":"22ct Rainfall Lilypad Earrings with Diamonds | PureJewels UK","og_description":"Rainfall Lilypad Earrings in Sunrise Gold with diamonds from PureJewels\u2019 Lotus Collection, inspired by rain on lotus leaves and love\u2019s journey.","og_url":"https:\/\/www.purejewels.com\/de\/produkt-2\/niederschlag-lilypad-ohrringe-51974\/","og_site_name":"PureJewels UK","article_modified_time":"2026-02-09T08:23:49+00:00","og_image":[{"width":1000,"height":1000,"url":"https:\/\/static.purejewels.com\/wp-content\/uploads\/2025\/08\/51974-2.jpg","type":"image\/jpeg"}],"twitter_card":"summary_large_image","twitter_misc":{"Gesch\u00e4tzte Lesezeit":"1\u00a0Minute"},"schema":{"@context":"https:\/\/schema.org","@graph":[{"@type":["WebPage","ItemPage"],"@id":"https:\/\/www.purejewels.com\/product\/rainfall-lilypad-earrings-51974\/","url":"https:\/\/www.purejewels.com\/product\/rainfall-lilypad-earrings-51974\/","name":"22ct Rainfall Lilypad Ohrringe mit Diamanten | PureJewels UK","isPartOf":{"@id":"https:\/\/www.purejewels.com\/#website"},"primaryImageOfPage":{"@id":"https:\/\/www.purejewels.com\/product\/rainfall-lilypad-earrings-51974\/#primaryimage"},"image":{"@id":"https:\/\/www.purejewels.com\/product\/rainfall-lilypad-earrings-51974\/#primaryimage"},"thumbnailUrl":"https:\/\/static.purejewels.com\/wp-content\/uploads\/2025\/08\/51974-2.jpg","datePublished":"2025-11-14T09:11:42+00:00","dateModified":"2026-02-09T08:23:49+00:00","description":"Rainfall Lilypad-Ohrringe in Sunrise Gold mit Diamanten aus der Lotus-Kollektion von PureJewels, inspiriert von Regen auf Lotusbl\u00e4ttern und der Reise der Liebe.","breadcrumb":{"@id":"https:\/\/www.purejewels.com\/product\/rainfall-lilypad-earrings-51974\/#breadcrumb"},"inLanguage":"de","potentialAction":[{"@type":"ReadAction","target":["https:\/\/www.purejewels.com\/product\/rainfall-lilypad-earrings-51974\/"]}]},{"@type":"ImageObject","inLanguage":"de","@id":"https:\/\/www.purejewels.com\/product\/rainfall-lilypad-earrings-51974\/#primaryimage","url":"https:\/\/static.purejewels.com\/wp-content\/uploads\/2025\/08\/51974-2.jpg","contentUrl":"https:\/\/static.purejewels.com\/wp-content\/uploads\/2025\/08\/51974-2.jpg","width":1000,"height":1000,"caption":"Rainfall Lilypad Earrings"},{"@type":"BreadcrumbList","@id":"https:\/\/www.purejewels.com\/product\/rainfall-lilypad-earrings-51974\/#breadcrumb","itemListElement":[{"@type":"ListItem","position":1,"name":"Home","item":"https:\/\/www.purejewels.com\/"},{"@type":"ListItem","position":2,"name":"Shop","item":"https:\/\/www.purejewels.com\/shop\/"},{"@type":"ListItem","position":3,"name":"Rainfall Lilypad Earrings"}]},{"@type":"WebSite","@id":"https:\/\/www.purejewels.com\/#website","url":"https:\/\/www.purejewels.com\/","name":"PureJewels UK","description":"Teile die Liebe","publisher":{"@id":"https:\/\/www.purejewels.com\/#organization"},"potentialAction":[{"@type":"SearchAction","target":{"@type":"EntryPoint","urlTemplate":"https:\/\/www.purejewels.com\/?s={search_term_string}"},"query-input":{"@type":"PropertyValueSpecification","valueRequired":true,"valueName":"search_term_string"}}],"inLanguage":"de"},{"@type":"Organization","@id":"https:\/\/www.purejewels.com\/#organization","name":"PureJewels UK","url":"https:\/\/www.purejewels.com\/","logo":{"@type":"ImageObject","inLanguage":"de","@id":"https:\/\/www.purejewels.com\/#\/schema\/logo\/image\/","url":"https:\/\/static.purejewels.com\/wp-content\/uploads\/2020\/11\/Logo-PJ-New-1.png","contentUrl":"https:\/\/static.purejewels.com\/wp-content\/uploads\/2020\/11\/Logo-PJ-New-1.png","width":150,"height":80,"caption":"PureJewels UK"},"image":{"@id":"https:\/\/www.purejewels.com\/#\/schema\/logo\/image\/"}}]}},"_links":{"self":[{"href":"https:\/\/www.purejewels.com\/de\/wp-json\/wp\/v2\/product\/413071","targetHints":{"allow":["GET"]}}],"collection":[{"href":"https:\/\/www.purejewels.com\/de\/wp-json\/wp\/v2\/product"}],"about":[{"href":"https:\/\/www.purejewels.com\/de\/wp-json\/wp\/v2\/types\/product"}],"replies":[{"embeddable":true,"href":"https:\/\/www.purejewels.com\/de\/wp-json\/wp\/v2\/comments?post=413071"}],"version-history":[{"count":3,"href":"https:\/\/www.purejewels.com\/de\/wp-json\/wp\/v2\/product\/413071\/revisions"}],"predecessor-version":[{"id":425578,"href":"https:\/\/www.purejewels.com\/de\/wp-json\/wp\/v2\/product\/413071\/revisions\/425578"}],"wp:featuredmedia":[{"embeddable":true,"href":"https:\/\/www.purejewels.com\/de\/wp-json\/wp\/v2\/media\/413073"}],"wp:attachment":[{"href":"https:\/\/www.purejewels.com\/de\/wp-json\/wp\/v2\/media?parent=413071"}],"wp:term":[{"taxonomy":"product_brand","embeddable":true,"href":"https:\/\/www.purejewels.com\/de\/wp-json\/wp\/v2\/product_brand?post=413071"},{"taxonomy":"product_cat","embeddable":true,"href":"https:\/\/www.purejewels.com\/de\/wp-json\/wp\/v2\/product_cat?post=413071"},{"taxonomy":"product_tag","embeddable":true,"href":"https:\/\/www.purejewels.com\/de\/wp-json\/wp\/v2\/product_tag?post=413071"}],"curies":[{"name":"wp","href":"https:\/\/api.w.org\/{rel}","templated":true}]}}