{"id":413078,"date":"2025-07-29T09:23:27","date_gmt":"2025-07-29T08:23:27","guid":{"rendered":"https:\/\/www.purejewels.com\/?post_type=product&#038;p=413078"},"modified":"2026-02-09T08:42:26","modified_gmt":"2026-02-09T08:42:26","slug":"regentropfen-lilipad-ohrringe-51973","status":"publish","type":"product","link":"https:\/\/www.purejewels.com\/de\/product\/raindrop-lilypad-earrings-51973\/","title":{"rendered":"Raindrop Lilypad-Ohrringe"},"content":{"rendered":"<p><span class=\"TextRun SCXW43702143 BCX0\" lang=\"EN-IN\" xml:lang=\"EN-IN\" data-contrast=\"auto\"><span class=\"NormalTextRun SCXW43702143 BCX0\">Die Raindrop Lilypad-Ohrringe aus unserer Lotus-Kollektion sind eine Ode an die zarte Reise der Liebe, erz\u00e4hlt durch das Bild des Regens. Jeder Ohrring aus strahlendem Sunrise Gold besteht aus einer schlanken Kette, die mit Diamanten in Kesselfassung akzentuiert ist und zu einem <\/span><span class=\"NormalTextRun SpellingErrorV2Themed SCXW43702143 BCX0\">lilypad<\/span><span class=\"NormalTextRun SCXW43702143 BCX0\">-inspirierten Motiven, die mit Glanztropfen verstreut sind. Ihre Bewegung erinnert an den Tanz des Regens, wenn er stilles Wasser ber\u00fchrt - ein Moment der Erneuerung, <\/span><span class=\"NormalTextRun SCXW43702143 BCX0\">Intimit\u00e4t<\/span><span class=\"NormalTextRun SCXW43702143 BCX0\"> und Anmut. Diese mit Zartheit und Tiefe gestalteten Ohrringe bringen Poesie und Bedeutung zu jedem Anlass und verk\u00f6rpern die Verbindung von nat\u00fcrlicher Sch\u00f6nheit und feiner <\/span><span class=\"NormalTextRun SCXW43702143 BCX0\">Handwerkskunst<\/span><span class=\"NormalTextRun SCXW43702143 BCX0\">.<\/span><\/span><span class=\"EOP SCXW43702143 BCX0\" data-ccp-props=\"{}\">\u00a0<\/span><\/p>","protected":false},"excerpt":{"rendered":"<p><span class=\"TextRun SCXW188808433 BCX0\" lang=\"EN-IN\" xml:lang=\"EN-IN\" data-contrast=\"auto\"><span class=\"NormalTextRun SCXW188808433 BCX0\">Die Raindrop Lilypad Ohrringe erinnern an den sanften Regen, der auf ein Lotosblatt f\u00e4llt. Die flie\u00dfenden Ketten aus Sunrise Gold h\u00e4ngen an diamantbesetzten <\/span><span class=\"NormalTextRun SpellingErrorV2Themed SCXW188808433 BCX0\">lilypad<\/span><span class=\"NormalTextRun SCXW188808433 BCX0\"> Motive, die wie Regentropfen glitzern. Sie stammen aus der Lotus-Kollektion und feiern den sich entfaltenden Rhythmus der Liebe.<\/span><\/span><span class=\"EOP SCXW188808433 BCX0\" data-ccp-props=\"{}\">\u00a0<\/span><\/p>\n<p><strong>Material:<\/strong> 22ct Sonnenaufgang Gold<strong><br \/>\n<strong>Wahrzeichen: <\/strong><\/strong>Britisches G\u00fctesiegel<strong><strong><br \/>\n<\/strong><\/strong><strong><strong>Stein: <\/strong><\/strong>Nat\u00fcrliche Diamanten<strong><strong><br \/>\n<strong>Gewicht der Diamanten: <\/strong><\/strong><\/strong>0,16ct<strong><strong><strong><br \/>\n<\/strong><\/strong><\/strong><strong><strong><strong><strong><strong><strong>Bruttogewicht: <\/strong><\/strong><\/strong><\/strong><\/strong><\/strong>4.10Gms<strong><strong><strong><strong><strong><br \/>\n<strong>SKU: <\/strong><\/strong><\/strong><\/strong><\/strong><\/strong>51973<\/p>\n<p><strong><strong><strong><strong><strong><strong>Preis und Lieferung:<\/strong><\/strong><\/strong><\/strong><\/strong><\/strong>Inklusive Mehrwertsteuer und Lieferkosten<strong><strong><strong><strong><strong><br \/>\n<a href=\"https:\/\/www.purejewels.com\/de\/ruckgabepolitik\/\">R\u00fcckgabepolitik<\/a><\/strong><\/strong><\/strong><\/strong><\/strong><\/p>","protected":false},"featured_media":413079,"comment_status":"closed","ping_status":"closed","template":"","meta":{"_eb_attr":"","_crsspst_to_jayantr4sg-hostcom":false},"product_brand":[],"product_cat":[1791,5458,5457,1685,1254,1229,1633,1569,1573,1574],"product_tag":[66],"class_list":{"0":"post-413078","1":"product","2":"type-product","3":"status-publish","4":"has-post-thumbnail","6":"product_cat-anniversary-gifts","7":"product_cat-diamond-earring","8":"product_cat-diamond-jewellery","9":"product_cat-drop-earrings","10":"product_cat-gold-earrings","11":"product_cat-22ct-gold-jewellery","12":"product_cat-lotus-collections","13":"product_cat-valentine-day-gifts","14":"product_cat-wedding-gifts","15":"product_cat-womens-jewellery","16":"product_tag-earrings","18":"first","19":"instock","20":"taxable","21":"shipping-taxable","22":"purchasable","23":"product-type-simple","24":"add-to-wishlist-before_image"},"yoast_head":"<!-- This site is optimized with the Yoast SEO plugin v27.4 - https:\/\/yoast.com\/product\/yoast-seo-wordpress\/ -->\n<title>Sunrise Gold Lilypad Earrings with Diamonds | PureJewels UK<\/title>\n<meta name=\"description\" content=\"Raindrop Lilypad Earrings in Sunrise Gold with diamonds from PureJewels\u2019 Lotus Collection, inspired by rainfall on lilypads and love\u2019s journey.\" \/>\n<meta name=\"robots\" content=\"index, follow, max-snippet:-1, max-image-preview:large, max-video-preview:-1\" \/>\n<link rel=\"canonical\" href=\"https:\/\/www.purejewels.com\/de\/produkt-2\/regentropfen-lilipad-ohrringe-51973\/\" \/>\n<meta property=\"og:locale\" content=\"de_DE\" \/>\n<meta property=\"og:type\" content=\"article\" \/>\n<meta property=\"og:title\" content=\"Sunrise Gold Lilypad Earrings with Diamonds | PureJewels UK\" \/>\n<meta property=\"og:description\" content=\"Raindrop Lilypad Earrings in Sunrise Gold with diamonds from PureJewels\u2019 Lotus Collection, inspired by rainfall on lilypads and love\u2019s journey.\" \/>\n<meta property=\"og:url\" content=\"https:\/\/www.purejewels.com\/de\/produkt-2\/regentropfen-lilipad-ohrringe-51973\/\" \/>\n<meta property=\"og:site_name\" content=\"PureJewels UK\" \/>\n<meta property=\"article:modified_time\" content=\"2026-02-09T08:42:26+00:00\" \/>\n<meta property=\"og:image\" content=\"https:\/\/static.purejewels.com\/wp-content\/uploads\/2025\/08\/51973-1.jpg\" \/>\n\t<meta property=\"og:image:width\" content=\"1000\" \/>\n\t<meta property=\"og:image:height\" content=\"1000\" \/>\n\t<meta property=\"og:image:type\" content=\"image\/jpeg\" \/>\n<meta name=\"twitter:card\" content=\"summary_large_image\" \/>\n<script type=\"application\/ld+json\" class=\"yoast-schema-graph\">{\"@context\":\"https:\\\/\\\/schema.org\",\"@graph\":[{\"@type\":[\"WebPage\",\"ItemPage\"],\"@id\":\"https:\\\/\\\/www.purejewels.com\\\/product\\\/raindrop-lilypad-earrings-51973\\\/\",\"url\":\"https:\\\/\\\/www.purejewels.com\\\/product\\\/raindrop-lilypad-earrings-51973\\\/\",\"name\":\"Sunrise Gold Lilypad Earrings with Diamonds | PureJewels UK\",\"isPartOf\":{\"@id\":\"https:\\\/\\\/www.purejewels.com\\\/#website\"},\"primaryImageOfPage\":{\"@id\":\"https:\\\/\\\/www.purejewels.com\\\/product\\\/raindrop-lilypad-earrings-51973\\\/#primaryimage\"},\"image\":{\"@id\":\"https:\\\/\\\/www.purejewels.com\\\/product\\\/raindrop-lilypad-earrings-51973\\\/#primaryimage\"},\"thumbnailUrl\":\"https:\\\/\\\/static.purejewels.com\\\/wp-content\\\/uploads\\\/2025\\\/08\\\/51973-1.jpg\",\"datePublished\":\"2025-07-29T08:23:27+00:00\",\"dateModified\":\"2026-02-09T08:42:26+00:00\",\"description\":\"Raindrop Lilypad Earrings in Sunrise Gold with diamonds from PureJewels\u2019 Lotus Collection, inspired by rainfall on lilypads and love\u2019s journey.\",\"breadcrumb\":{\"@id\":\"https:\\\/\\\/www.purejewels.com\\\/product\\\/raindrop-lilypad-earrings-51973\\\/#breadcrumb\"},\"inLanguage\":\"de\",\"potentialAction\":[{\"@type\":\"ReadAction\",\"target\":[\"https:\\\/\\\/www.purejewels.com\\\/product\\\/raindrop-lilypad-earrings-51973\\\/\"]}]},{\"@type\":\"ImageObject\",\"inLanguage\":\"de\",\"@id\":\"https:\\\/\\\/www.purejewels.com\\\/product\\\/raindrop-lilypad-earrings-51973\\\/#primaryimage\",\"url\":\"https:\\\/\\\/static.purejewels.com\\\/wp-content\\\/uploads\\\/2025\\\/08\\\/51973-1.jpg\",\"contentUrl\":\"https:\\\/\\\/static.purejewels.com\\\/wp-content\\\/uploads\\\/2025\\\/08\\\/51973-1.jpg\",\"width\":1000,\"height\":1000,\"caption\":\"Raindrop Lilypad Earrings\"},{\"@type\":\"BreadcrumbList\",\"@id\":\"https:\\\/\\\/www.purejewels.com\\\/product\\\/raindrop-lilypad-earrings-51973\\\/#breadcrumb\",\"itemListElement\":[{\"@type\":\"ListItem\",\"position\":1,\"name\":\"Home\",\"item\":\"https:\\\/\\\/www.purejewels.com\\\/\"},{\"@type\":\"ListItem\",\"position\":2,\"name\":\"Shop\",\"item\":\"https:\\\/\\\/www.purejewels.com\\\/shop\\\/\"},{\"@type\":\"ListItem\",\"position\":3,\"name\":\"Raindrop Lilypad Earrings\"}]},{\"@type\":\"WebSite\",\"@id\":\"https:\\\/\\\/www.purejewels.com\\\/#website\",\"url\":\"https:\\\/\\\/www.purejewels.com\\\/\",\"name\":\"PureJewels UK\",\"description\":\"Share the Love\",\"publisher\":{\"@id\":\"https:\\\/\\\/www.purejewels.com\\\/#organization\"},\"potentialAction\":[{\"@type\":\"SearchAction\",\"target\":{\"@type\":\"EntryPoint\",\"urlTemplate\":\"https:\\\/\\\/www.purejewels.com\\\/?s={search_term_string}\"},\"query-input\":{\"@type\":\"PropertyValueSpecification\",\"valueRequired\":true,\"valueName\":\"search_term_string\"}}],\"inLanguage\":\"de\"},{\"@type\":\"Organization\",\"@id\":\"https:\\\/\\\/www.purejewels.com\\\/#organization\",\"name\":\"PureJewels UK\",\"url\":\"https:\\\/\\\/www.purejewels.com\\\/\",\"logo\":{\"@type\":\"ImageObject\",\"inLanguage\":\"de\",\"@id\":\"https:\\\/\\\/www.purejewels.com\\\/#\\\/schema\\\/logo\\\/image\\\/\",\"url\":\"https:\\\/\\\/static.purejewels.com\\\/wp-content\\\/uploads\\\/2020\\\/11\\\/Logo-PJ-New-1.png\",\"contentUrl\":\"https:\\\/\\\/static.purejewels.com\\\/wp-content\\\/uploads\\\/2020\\\/11\\\/Logo-PJ-New-1.png\",\"width\":150,\"height\":80,\"caption\":\"PureJewels UK\"},\"image\":{\"@id\":\"https:\\\/\\\/www.purejewels.com\\\/#\\\/schema\\\/logo\\\/image\\\/\"}}]}<\/script>\n<!-- \/ Yoast SEO plugin. -->","yoast_head_json":{"title":"Sunrise Gold Lilypad-Ohrringe mit Diamanten | PureJewels UK","description":"Raindrop Lilypad Ohrringe in Sunrise Gold mit Diamanten aus der Lotus-Kollektion von PureJewels, inspiriert von Regenf\u00e4llen auf Seerosenbl\u00e4ttern und der Reise der Liebe.","robots":{"index":"index","follow":"follow","max-snippet":"max-snippet:-1","max-image-preview":"max-image-preview:large","max-video-preview":"max-video-preview:-1"},"canonical":"https:\/\/www.purejewels.com\/de\/produkt-2\/regentropfen-lilipad-ohrringe-51973\/","og_locale":"de_DE","og_type":"article","og_title":"Sunrise Gold Lilypad Earrings with Diamonds | PureJewels UK","og_description":"Raindrop Lilypad Earrings in Sunrise Gold with diamonds from PureJewels\u2019 Lotus Collection, inspired by rainfall on lilypads and love\u2019s journey.","og_url":"https:\/\/www.purejewels.com\/de\/produkt-2\/regentropfen-lilipad-ohrringe-51973\/","og_site_name":"PureJewels UK","article_modified_time":"2026-02-09T08:42:26+00:00","og_image":[{"width":1000,"height":1000,"url":"https:\/\/static.purejewels.com\/wp-content\/uploads\/2025\/08\/51973-1.jpg","type":"image\/jpeg"}],"twitter_card":"summary_large_image","schema":{"@context":"https:\/\/schema.org","@graph":[{"@type":["WebPage","ItemPage"],"@id":"https:\/\/www.purejewels.com\/product\/raindrop-lilypad-earrings-51973\/","url":"https:\/\/www.purejewels.com\/product\/raindrop-lilypad-earrings-51973\/","name":"Sunrise Gold Lilypad-Ohrringe mit Diamanten | PureJewels UK","isPartOf":{"@id":"https:\/\/www.purejewels.com\/#website"},"primaryImageOfPage":{"@id":"https:\/\/www.purejewels.com\/product\/raindrop-lilypad-earrings-51973\/#primaryimage"},"image":{"@id":"https:\/\/www.purejewels.com\/product\/raindrop-lilypad-earrings-51973\/#primaryimage"},"thumbnailUrl":"https:\/\/static.purejewels.com\/wp-content\/uploads\/2025\/08\/51973-1.jpg","datePublished":"2025-07-29T08:23:27+00:00","dateModified":"2026-02-09T08:42:26+00:00","description":"Raindrop Lilypad Ohrringe in Sunrise Gold mit Diamanten aus der Lotus-Kollektion von PureJewels, inspiriert von Regenf\u00e4llen auf Seerosenbl\u00e4ttern und der Reise der Liebe.","breadcrumb":{"@id":"https:\/\/www.purejewels.com\/product\/raindrop-lilypad-earrings-51973\/#breadcrumb"},"inLanguage":"de","potentialAction":[{"@type":"ReadAction","target":["https:\/\/www.purejewels.com\/product\/raindrop-lilypad-earrings-51973\/"]}]},{"@type":"ImageObject","inLanguage":"de","@id":"https:\/\/www.purejewels.com\/product\/raindrop-lilypad-earrings-51973\/#primaryimage","url":"https:\/\/static.purejewels.com\/wp-content\/uploads\/2025\/08\/51973-1.jpg","contentUrl":"https:\/\/static.purejewels.com\/wp-content\/uploads\/2025\/08\/51973-1.jpg","width":1000,"height":1000,"caption":"Raindrop Lilypad Earrings"},{"@type":"BreadcrumbList","@id":"https:\/\/www.purejewels.com\/product\/raindrop-lilypad-earrings-51973\/#breadcrumb","itemListElement":[{"@type":"ListItem","position":1,"name":"Home","item":"https:\/\/www.purejewels.com\/"},{"@type":"ListItem","position":2,"name":"Shop","item":"https:\/\/www.purejewels.com\/shop\/"},{"@type":"ListItem","position":3,"name":"Raindrop Lilypad Earrings"}]},{"@type":"WebSite","@id":"https:\/\/www.purejewels.com\/#website","url":"https:\/\/www.purejewels.com\/","name":"PureJewels UK","description":"Teile die Liebe","publisher":{"@id":"https:\/\/www.purejewels.com\/#organization"},"potentialAction":[{"@type":"SearchAction","target":{"@type":"EntryPoint","urlTemplate":"https:\/\/www.purejewels.com\/?s={search_term_string}"},"query-input":{"@type":"PropertyValueSpecification","valueRequired":true,"valueName":"search_term_string"}}],"inLanguage":"de"},{"@type":"Organization","@id":"https:\/\/www.purejewels.com\/#organization","name":"PureJewels UK","url":"https:\/\/www.purejewels.com\/","logo":{"@type":"ImageObject","inLanguage":"de","@id":"https:\/\/www.purejewels.com\/#\/schema\/logo\/image\/","url":"https:\/\/static.purejewels.com\/wp-content\/uploads\/2020\/11\/Logo-PJ-New-1.png","contentUrl":"https:\/\/static.purejewels.com\/wp-content\/uploads\/2020\/11\/Logo-PJ-New-1.png","width":150,"height":80,"caption":"PureJewels UK"},"image":{"@id":"https:\/\/www.purejewels.com\/#\/schema\/logo\/image\/"}}]}},"_links":{"self":[{"href":"https:\/\/www.purejewels.com\/de\/wp-json\/wp\/v2\/product\/413078","targetHints":{"allow":["GET"]}}],"collection":[{"href":"https:\/\/www.purejewels.com\/de\/wp-json\/wp\/v2\/product"}],"about":[{"href":"https:\/\/www.purejewels.com\/de\/wp-json\/wp\/v2\/types\/product"}],"replies":[{"embeddable":true,"href":"https:\/\/www.purejewels.com\/de\/wp-json\/wp\/v2\/comments?post=413078"}],"version-history":[{"count":3,"href":"https:\/\/www.purejewels.com\/de\/wp-json\/wp\/v2\/product\/413078\/revisions"}],"predecessor-version":[{"id":413536,"href":"https:\/\/www.purejewels.com\/de\/wp-json\/wp\/v2\/product\/413078\/revisions\/413536"}],"wp:featuredmedia":[{"embeddable":true,"href":"https:\/\/www.purejewels.com\/de\/wp-json\/wp\/v2\/media\/413079"}],"wp:attachment":[{"href":"https:\/\/www.purejewels.com\/de\/wp-json\/wp\/v2\/media?parent=413078"}],"wp:term":[{"taxonomy":"product_brand","embeddable":true,"href":"https:\/\/www.purejewels.com\/de\/wp-json\/wp\/v2\/product_brand?post=413078"},{"taxonomy":"product_cat","embeddable":true,"href":"https:\/\/www.purejewels.com\/de\/wp-json\/wp\/v2\/product_cat?post=413078"},{"taxonomy":"product_tag","embeddable":true,"href":"https:\/\/www.purejewels.com\/de\/wp-json\/wp\/v2\/product_tag?post=413078"}],"curies":[{"name":"wp","href":"https:\/\/api.w.org\/{rel}","templated":true}]}}