{"id":413086,"date":"2025-08-22T09:39:52","date_gmt":"2025-08-22T08:39:52","guid":{"rendered":"https:\/\/www.purejewels.com\/?post_type=product&#038;p=413086"},"modified":"2026-02-09T08:34:35","modified_gmt":"2026-02-09T08:34:35","slug":"lilienpolster-noppen-51972","status":"publish","type":"product","link":"https:\/\/www.purejewels.com\/de\/product\/lilypad-studs-51972\/","title":{"rendered":"Lilypad-Nieten"},"content":{"rendered":"<p><span class=\"TextRun SCXW58013224 BCX0\" lang=\"EN-IN\" xml:lang=\"EN-IN\" data-contrast=\"auto\"><span class=\"NormalTextRun SCXW58013224 BCX0\">Die Lilypad Ohrstecker aus unserer Lotus-Kollektion sind eine Ode an die vom Regen gek\u00fcsste Gelassenheit. Gefertigt aus leuchtendem Sunrise Gold, erinnert ihre organische, offene Form an einen <\/span><span class=\"NormalTextRun SpellingErrorV2Themed SCXW58013224 BCX0\">lilypad<\/span><span class=\"NormalTextRun SCXW58013224 BCX0\">mit Diamanten verziert, die wie Tropfen in einem sanften Regenschauer glitzern. Dieses Design spiegelt die Atmosph\u00e4re des Regens wider - Erneuerung, <\/span><span class=\"NormalTextRun SCXW58013224 BCX0\">Intimit\u00e4t<\/span><span class=\"NormalTextRun SCXW58013224 BCX0\"> und Ruhe - verwoben mit der sich entfaltenden Reise der Liebe. Diese subtilen und doch strahlenden Ohrstecker verk\u00f6rpern sowohl die Poesie der Natur als auch die Kunstfertigkeit der feinen <\/span><span class=\"NormalTextRun SCXW58013224 BCX0\">Handwerkskunst<\/span><span class=\"NormalTextRun SCXW58013224 BCX0\">Das macht sie zu einem zeitlosen Begleiter f\u00fcr bedeutende Momente.<\/span><\/span><span class=\"EOP SCXW58013224 BCX0\" data-ccp-props=\"{}\">\u00a0<\/span><\/p>\n<p><span data-sheets-root=\"1\">The Pure Collection UK pr\u00e4sentiert die exquisiten goldenen Lilypad Ohrstecker mit Diamant, ein atemberaubendes St\u00fcck aus der Lotus Collection. Die aus 22 Karat Sunrise Gold gefertigten Ohrringe zeigen ein einzigartiges Design, das von Seerosenbl\u00e4ttern im Regen inspiriert ist und die Sch\u00f6nheit der zarten Momente der Liebe symbolisiert. Die Diamanten, die den Tropfen auf den Seerosenbl\u00e4ttern \u00e4hneln, verleihen dem Schmuckst\u00fcck einen Hauch von Eleganz und Funkeln.<\/p>\n<p>Jeder Ohrring ist mit nat\u00fcrlichen Diamanten mit einem Gesamtgewicht von 0,12 ct verziert, die dem Design einen luxuri\u00f6sen Touch verleihen. Die Ohrringe sind GIA-zertifiziert und werden mit einer britischen Punze f\u00fcr die Echtheit geliefert. Mit einem Bruttogewicht von 3,2 Gramm sind diese Ohrringe leicht und angenehm zu tragen.<\/p>\n<p>Die goldenen Lilypad Ohrstecker sind eine zeitlose Erg\u00e4nzung f\u00fcr jede Schmucksammlung und eignen sich perfekt f\u00fcr jeden besonderen Anlass oder als aufmerksames Geschenk. Bestellen Sie jetzt und genie\u00dfen Sie kostenlose Lieferung, sichere Online-Zahlungen und eine 30-Tage-Geld-zur\u00fcck-Garantie. Umarmen Sie die Sch\u00f6nheit der Natur mit diesen exquisiten Ohrringen von PureJewels UK.<\/span><\/p>","protected":false},"excerpt":{"rendered":"<p><span class=\"TextRun SCXW232430912 BCX0\" lang=\"EN-IN\" xml:lang=\"EN-IN\" data-contrast=\"auto\"><span class=\"NormalTextRun SCXW232430912 BCX0\">Die Lilypad Ohrstecker fangen die Sch\u00f6nheit des Regens ein: Diamanten ruhen wie Tropfen auf dem skulpturalen Sunrise Gold. Inspiriert von <\/span><span class=\"NormalTextRun SpellingErrorV2Themed SCXW232430912 BCX0\">lilypads<\/span><span class=\"NormalTextRun SCXW232430912 BCX0\"> im Regen symbolisieren sie die zarten Momente der Liebe auf ihrem Weg. Ein poetisches Design aus der Lotus-Kollektion.<\/span><\/span><span class=\"EOP SCXW232430912 BCX0\" data-ccp-props=\"{}\">\u00a0<\/span><\/p>\n<p><strong>Material:<\/strong> 22ct Sunrise Gold (91,6% reines Gold)<br \/>\n<strong>Wahrzeichen:<\/strong> Britisches G\u00fctesiegel<br \/>\n<strong>Zertifizierung:<\/strong> GIA-zertifiziert<br \/>\n<strong>Stein:<\/strong> Nat\u00fcrliche Diamanten<br \/>\n<strong>Gewicht der Diamanten:<\/strong> 0,12ct (insgesamt)<br \/>\n<strong>Bruttogewicht:<\/strong>\u00a0 \u00a03.2 Gms<br \/>\n<strong>SKU: <\/strong>51972<\/p>\n<p><strong>Preis und Lieferung:<\/strong> Inklusive Mehrwertsteuer und Lieferkosten<br \/>\n<a href=\"https:\/\/www.purejewels.com\/de\/ruckgabepolitik\/\">R\u00fcckgabepolitik<\/a><\/p>","protected":false},"featured_media":413101,"comment_status":"closed","ping_status":"closed","template":"","meta":{"_eb_attr":"","_crsspst_to_jayantr4sg-hostcom":false},"product_brand":[],"product_cat":[1791,1793,1254,1229,1633,1577,1569,1574],"product_tag":[66],"class_list":{"0":"post-413086","1":"product","2":"type-product","3":"status-publish","4":"has-post-thumbnail","6":"product_cat-anniversary-gifts","7":"product_cat-diwali-gifts","8":"product_cat-gold-earrings","9":"product_cat-22ct-gold-jewellery","10":"product_cat-lotus-collections","11":"product_cat-stud-earrings","12":"product_cat-valentine-day-gifts","13":"product_cat-womens-jewellery","14":"product_tag-earrings","16":"first","17":"instock","18":"taxable","19":"shipping-taxable","20":"purchasable","21":"product-type-simple","22":"add-to-wishlist-before_image"},"yoast_head":"<!-- This site is optimized with the Yoast SEO plugin v27.5 - https:\/\/yoast.com\/product\/yoast-seo-wordpress\/ -->\n<title>Gold Lilypad Stud Earrings with Diamond | PureJewels UK<\/title>\n<meta name=\"description\" content=\"Sunrise Gold Lilypad Stud Earrings with diamonds from PureJewels\u2019 Lotus Collection, inspired by raindrops on a lilypad and love\u2019s journey.\" \/>\n<meta name=\"robots\" content=\"index, follow, max-snippet:-1, max-image-preview:large, max-video-preview:-1\" \/>\n<link rel=\"canonical\" href=\"https:\/\/www.purejewels.com\/de\/produkt-2\/lilienpolster-noppen-51972\/\" \/>\n<meta property=\"og:locale\" content=\"de_DE\" \/>\n<meta property=\"og:type\" content=\"article\" \/>\n<meta property=\"og:title\" content=\"Gold Lilypad Stud Earrings with Diamond | PureJewels UK\" \/>\n<meta property=\"og:description\" content=\"Sunrise Gold Lilypad Stud Earrings with diamonds from PureJewels\u2019 Lotus Collection, inspired by raindrops on a lilypad and love\u2019s journey.\" \/>\n<meta property=\"og:url\" content=\"https:\/\/www.purejewels.com\/de\/produkt-2\/lilienpolster-noppen-51972\/\" \/>\n<meta property=\"og:site_name\" content=\"PureJewels UK\" \/>\n<meta property=\"article:modified_time\" content=\"2026-02-09T08:34:35+00:00\" \/>\n<meta property=\"og:image\" content=\"https:\/\/static.purejewels.com\/wp-content\/uploads\/2025\/08\/51972-2.jpg\" \/>\n\t<meta property=\"og:image:width\" content=\"1000\" \/>\n\t<meta property=\"og:image:height\" content=\"1000\" \/>\n\t<meta property=\"og:image:type\" content=\"image\/jpeg\" \/>\n<meta name=\"twitter:card\" content=\"summary_large_image\" \/>\n<meta name=\"twitter:label1\" content=\"Gesch\u00e4tzte Lesezeit\" \/>\n\t<meta name=\"twitter:data1\" content=\"2\u00a0Minuten\" \/>\n<script type=\"application\/ld+json\" class=\"yoast-schema-graph\">{\"@context\":\"https:\\\/\\\/schema.org\",\"@graph\":[{\"@type\":[\"WebPage\",\"ItemPage\"],\"@id\":\"https:\\\/\\\/www.purejewels.com\\\/product\\\/lilypad-studs-51972\\\/\",\"url\":\"https:\\\/\\\/www.purejewels.com\\\/product\\\/lilypad-studs-51972\\\/\",\"name\":\"Gold Lilypad Stud Earrings with Diamond | PureJewels UK\",\"isPartOf\":{\"@id\":\"https:\\\/\\\/www.purejewels.com\\\/#website\"},\"primaryImageOfPage\":{\"@id\":\"https:\\\/\\\/www.purejewels.com\\\/product\\\/lilypad-studs-51972\\\/#primaryimage\"},\"image\":{\"@id\":\"https:\\\/\\\/www.purejewels.com\\\/product\\\/lilypad-studs-51972\\\/#primaryimage\"},\"thumbnailUrl\":\"https:\\\/\\\/static.purejewels.com\\\/wp-content\\\/uploads\\\/2025\\\/08\\\/51972-2.jpg\",\"datePublished\":\"2025-08-22T08:39:52+00:00\",\"dateModified\":\"2026-02-09T08:34:35+00:00\",\"description\":\"Sunrise Gold Lilypad Stud Earrings with diamonds from PureJewels\u2019 Lotus Collection, inspired by raindrops on a lilypad and love\u2019s journey.\",\"breadcrumb\":{\"@id\":\"https:\\\/\\\/www.purejewels.com\\\/product\\\/lilypad-studs-51972\\\/#breadcrumb\"},\"inLanguage\":\"de\",\"potentialAction\":[{\"@type\":\"ReadAction\",\"target\":[\"https:\\\/\\\/www.purejewels.com\\\/product\\\/lilypad-studs-51972\\\/\"]}]},{\"@type\":\"ImageObject\",\"inLanguage\":\"de\",\"@id\":\"https:\\\/\\\/www.purejewels.com\\\/product\\\/lilypad-studs-51972\\\/#primaryimage\",\"url\":\"https:\\\/\\\/static.purejewels.com\\\/wp-content\\\/uploads\\\/2025\\\/08\\\/51972-2.jpg\",\"contentUrl\":\"https:\\\/\\\/static.purejewels.com\\\/wp-content\\\/uploads\\\/2025\\\/08\\\/51972-2.jpg\",\"width\":1000,\"height\":1000,\"caption\":\"Lilypad studs\"},{\"@type\":\"BreadcrumbList\",\"@id\":\"https:\\\/\\\/www.purejewels.com\\\/product\\\/lilypad-studs-51972\\\/#breadcrumb\",\"itemListElement\":[{\"@type\":\"ListItem\",\"position\":1,\"name\":\"Home\",\"item\":\"https:\\\/\\\/www.purejewels.com\\\/\"},{\"@type\":\"ListItem\",\"position\":2,\"name\":\"Shop\",\"item\":\"https:\\\/\\\/www.purejewels.com\\\/shop\\\/\"},{\"@type\":\"ListItem\",\"position\":3,\"name\":\"Lilypad studs\"}]},{\"@type\":\"WebSite\",\"@id\":\"https:\\\/\\\/www.purejewels.com\\\/#website\",\"url\":\"https:\\\/\\\/www.purejewels.com\\\/\",\"name\":\"PureJewels UK\",\"description\":\"Share the Love\",\"publisher\":{\"@id\":\"https:\\\/\\\/www.purejewels.com\\\/#organization\"},\"potentialAction\":[{\"@type\":\"SearchAction\",\"target\":{\"@type\":\"EntryPoint\",\"urlTemplate\":\"https:\\\/\\\/www.purejewels.com\\\/?s={search_term_string}\"},\"query-input\":{\"@type\":\"PropertyValueSpecification\",\"valueRequired\":true,\"valueName\":\"search_term_string\"}}],\"inLanguage\":\"de\"},{\"@type\":\"Organization\",\"@id\":\"https:\\\/\\\/www.purejewels.com\\\/#organization\",\"name\":\"PureJewels UK\",\"url\":\"https:\\\/\\\/www.purejewels.com\\\/\",\"logo\":{\"@type\":\"ImageObject\",\"inLanguage\":\"de\",\"@id\":\"https:\\\/\\\/www.purejewels.com\\\/#\\\/schema\\\/logo\\\/image\\\/\",\"url\":\"https:\\\/\\\/static.purejewels.com\\\/wp-content\\\/uploads\\\/2020\\\/11\\\/Logo-PJ-New-1.png\",\"contentUrl\":\"https:\\\/\\\/static.purejewels.com\\\/wp-content\\\/uploads\\\/2020\\\/11\\\/Logo-PJ-New-1.png\",\"width\":150,\"height\":80,\"caption\":\"PureJewels UK\"},\"image\":{\"@id\":\"https:\\\/\\\/www.purejewels.com\\\/#\\\/schema\\\/logo\\\/image\\\/\"}}]}<\/script>\n<!-- \/ Yoast SEO plugin. -->","yoast_head_json":{"title":"Gold Lilypad Ohrstecker mit Diamant | PureJewels UK","description":"Sunrise Gold Lilypad Ohrstecker mit Diamanten aus der Lotus Kollektion von PureJewels, inspiriert von Regentropfen auf einem Seerosenblatt und der Reise der Liebe.","robots":{"index":"index","follow":"follow","max-snippet":"max-snippet:-1","max-image-preview":"max-image-preview:large","max-video-preview":"max-video-preview:-1"},"canonical":"https:\/\/www.purejewels.com\/de\/produkt-2\/lilienpolster-noppen-51972\/","og_locale":"de_DE","og_type":"article","og_title":"Gold Lilypad Stud Earrings with Diamond | PureJewels UK","og_description":"Sunrise Gold Lilypad Stud Earrings with diamonds from PureJewels\u2019 Lotus Collection, inspired by raindrops on a lilypad and love\u2019s journey.","og_url":"https:\/\/www.purejewels.com\/de\/produkt-2\/lilienpolster-noppen-51972\/","og_site_name":"PureJewels UK","article_modified_time":"2026-02-09T08:34:35+00:00","og_image":[{"width":1000,"height":1000,"url":"https:\/\/static.purejewels.com\/wp-content\/uploads\/2025\/08\/51972-2.jpg","type":"image\/jpeg"}],"twitter_card":"summary_large_image","twitter_misc":{"Gesch\u00e4tzte Lesezeit":"2\u00a0Minuten"},"schema":{"@context":"https:\/\/schema.org","@graph":[{"@type":["WebPage","ItemPage"],"@id":"https:\/\/www.purejewels.com\/product\/lilypad-studs-51972\/","url":"https:\/\/www.purejewels.com\/product\/lilypad-studs-51972\/","name":"Gold Lilypad Ohrstecker mit Diamant | PureJewels UK","isPartOf":{"@id":"https:\/\/www.purejewels.com\/#website"},"primaryImageOfPage":{"@id":"https:\/\/www.purejewels.com\/product\/lilypad-studs-51972\/#primaryimage"},"image":{"@id":"https:\/\/www.purejewels.com\/product\/lilypad-studs-51972\/#primaryimage"},"thumbnailUrl":"https:\/\/static.purejewels.com\/wp-content\/uploads\/2025\/08\/51972-2.jpg","datePublished":"2025-08-22T08:39:52+00:00","dateModified":"2026-02-09T08:34:35+00:00","description":"Sunrise Gold Lilypad Ohrstecker mit Diamanten aus der Lotus Kollektion von PureJewels, inspiriert von Regentropfen auf einem Seerosenblatt und der Reise der Liebe.","breadcrumb":{"@id":"https:\/\/www.purejewels.com\/product\/lilypad-studs-51972\/#breadcrumb"},"inLanguage":"de","potentialAction":[{"@type":"ReadAction","target":["https:\/\/www.purejewels.com\/product\/lilypad-studs-51972\/"]}]},{"@type":"ImageObject","inLanguage":"de","@id":"https:\/\/www.purejewels.com\/product\/lilypad-studs-51972\/#primaryimage","url":"https:\/\/static.purejewels.com\/wp-content\/uploads\/2025\/08\/51972-2.jpg","contentUrl":"https:\/\/static.purejewels.com\/wp-content\/uploads\/2025\/08\/51972-2.jpg","width":1000,"height":1000,"caption":"Lilypad studs"},{"@type":"BreadcrumbList","@id":"https:\/\/www.purejewels.com\/product\/lilypad-studs-51972\/#breadcrumb","itemListElement":[{"@type":"ListItem","position":1,"name":"Home","item":"https:\/\/www.purejewels.com\/"},{"@type":"ListItem","position":2,"name":"Shop","item":"https:\/\/www.purejewels.com\/shop\/"},{"@type":"ListItem","position":3,"name":"Lilypad studs"}]},{"@type":"WebSite","@id":"https:\/\/www.purejewels.com\/#website","url":"https:\/\/www.purejewels.com\/","name":"PureJewels UK","description":"Teile die Liebe","publisher":{"@id":"https:\/\/www.purejewels.com\/#organization"},"potentialAction":[{"@type":"SearchAction","target":{"@type":"EntryPoint","urlTemplate":"https:\/\/www.purejewels.com\/?s={search_term_string}"},"query-input":{"@type":"PropertyValueSpecification","valueRequired":true,"valueName":"search_term_string"}}],"inLanguage":"de"},{"@type":"Organization","@id":"https:\/\/www.purejewels.com\/#organization","name":"PureJewels UK","url":"https:\/\/www.purejewels.com\/","logo":{"@type":"ImageObject","inLanguage":"de","@id":"https:\/\/www.purejewels.com\/#\/schema\/logo\/image\/","url":"https:\/\/static.purejewels.com\/wp-content\/uploads\/2020\/11\/Logo-PJ-New-1.png","contentUrl":"https:\/\/static.purejewels.com\/wp-content\/uploads\/2020\/11\/Logo-PJ-New-1.png","width":150,"height":80,"caption":"PureJewels UK"},"image":{"@id":"https:\/\/www.purejewels.com\/#\/schema\/logo\/image\/"}}]}},"_links":{"self":[{"href":"https:\/\/www.purejewels.com\/de\/wp-json\/wp\/v2\/product\/413086","targetHints":{"allow":["GET"]}}],"collection":[{"href":"https:\/\/www.purejewels.com\/de\/wp-json\/wp\/v2\/product"}],"about":[{"href":"https:\/\/www.purejewels.com\/de\/wp-json\/wp\/v2\/types\/product"}],"replies":[{"embeddable":true,"href":"https:\/\/www.purejewels.com\/de\/wp-json\/wp\/v2\/comments?post=413086"}],"version-history":[{"count":3,"href":"https:\/\/www.purejewels.com\/de\/wp-json\/wp\/v2\/product\/413086\/revisions"}],"predecessor-version":[{"id":424429,"href":"https:\/\/www.purejewels.com\/de\/wp-json\/wp\/v2\/product\/413086\/revisions\/424429"}],"wp:featuredmedia":[{"embeddable":true,"href":"https:\/\/www.purejewels.com\/de\/wp-json\/wp\/v2\/media\/413101"}],"wp:attachment":[{"href":"https:\/\/www.purejewels.com\/de\/wp-json\/wp\/v2\/media?parent=413086"}],"wp:term":[{"taxonomy":"product_brand","embeddable":true,"href":"https:\/\/www.purejewels.com\/de\/wp-json\/wp\/v2\/product_brand?post=413086"},{"taxonomy":"product_cat","embeddable":true,"href":"https:\/\/www.purejewels.com\/de\/wp-json\/wp\/v2\/product_cat?post=413086"},{"taxonomy":"product_tag","embeddable":true,"href":"https:\/\/www.purejewels.com\/de\/wp-json\/wp\/v2\/product_tag?post=413086"}],"curies":[{"name":"wp","href":"https:\/\/api.w.org\/{rel}","templated":true}]}}