{"id":413104,"date":"2025-08-22T11:17:59","date_gmt":"2025-08-22T10:17:59","guid":{"rendered":"https:\/\/www.purejewels.com\/?post_type=product&#038;p=413104"},"modified":"2026-02-09T08:34:08","modified_gmt":"2026-02-09T08:34:08","slug":"niederschlag-ohrringe-51968","status":"publish","type":"product","link":"https:\/\/www.purejewels.com\/de\/product\/rainfall-earrings-51968\/","title":{"rendered":"Regenfall-Ohrringe\u00a0"},"content":{"rendered":"<p><span class=\"TextRun SCXW263643141 BCX0\" lang=\"EN-IN\" xml:lang=\"EN-IN\" data-contrast=\"auto\"><span class=\"NormalTextRun SCXW263643141 BCX0\">Die Rainfall-Ohrringe aus unserer Lotus-Kollektion sind ein lyrischer Ausdruck der Liebe in Bewegung. Jeder Ohrring aus leuchtendem Sunrise Gold besteht aus einer Reihe skulpturaler Tropfenmotive und Diamanten in Kesselfassung, die bei jeder Drehung schimmern. Ihre langgestreckte Silhouette erinnert an die Sch\u00f6nheit des Regens, der sanft und ungebrochen herabflie\u00dft und den Weg der Liebe widerspiegelt. Diese leichten und doch ausdrucksstarken Ohrringe vermitteln ein Gef\u00fchl von flie\u00dfender Eleganz und schaffen ein Gleichgewicht zwischen Poesie und <\/span><span class=\"NormalTextRun SCXW263643141 BCX0\">Handwerkskunst<\/span><span class=\"NormalTextRun SCXW263643141 BCX0\">. Eine perfekte Wahl f\u00fcr alle, die Schmuck mit <\/span><span class=\"NormalTextRun SCXW263643141 BCX0\">eine Geschichte.\u00a0<\/span><\/span><span class=\"EOP SCXW263643141 BCX0\" data-ccp-props=\"{}\">\u00a0<\/span><\/p>","protected":false},"excerpt":{"rendered":"<p><span class=\"TextRun SCXW89388187 BCX0\" lang=\"EN-IN\" xml:lang=\"EN-IN\" data-contrast=\"auto\"><span class=\"NormalTextRun SCXW89388187 BCX0\">Die Rainfall Earrings sind eine zarte Kaskade aus Sunrise Gold und Diamanten. Tropfenmotive flie\u00dfen entlang schlanker Ketten und fangen den Rhythmus des fallenden Regens ein. Sie stammen aus der Lotus-Kollektion und symbolisieren die anmutige Reise der Liebe durch Bewegung und Licht.<\/span><span class=\"NormalTextRun SCXW89388187 BCX0\">\u00a0<\/span><\/span><span class=\"EOP SCXW89388187 BCX0\" data-ccp-props=\"{}\">\u00a0<\/span><\/p>\n<p><strong>Material:<\/strong> 22ct Sonnenaufgang Gold<strong><br \/>\n<strong>Wahrzeichen: <\/strong><\/strong>Britisches G\u00fctesiegel<strong><strong><br \/>\n<\/strong><\/strong><strong><strong>Stein: <\/strong><\/strong>Nat\u00fcrliche Diamanten<strong><strong><br \/>\n<strong>Gewicht der Diamanten: <\/strong><\/strong><\/strong>0,10 ct (insgesamt)<strong><strong><strong><br \/>\n<\/strong><\/strong><\/strong><strong><strong><strong><strong><strong><strong>Bruttogewicht: <\/strong><\/strong><\/strong><\/strong><\/strong><\/strong>2,5 Gramm<strong><strong><strong><strong><strong><br \/>\n<strong>SKU: <\/strong><\/strong><\/strong><\/strong><\/strong><\/strong>51968<\/p>\n<p><strong><strong><strong><strong><strong><strong>Preis und Lieferung: <\/strong><\/strong><\/strong><\/strong><\/strong><\/strong>Inklusive Mehrwertsteuer und Lieferkosten<strong><strong><strong><strong><strong><br \/>\n<a href=\"https:\/\/www.purejewels.com\/de\/ruckgabepolitik\/\">R\u00fcckgabepolitik<\/a><\/strong><\/strong><\/strong><\/strong><\/strong><\/p>","protected":false},"featured_media":413105,"comment_status":"closed","ping_status":"closed","template":"","meta":{"_eb_attr":"","_crsspst_to_jayantr4sg-hostcom":false},"product_brand":[],"product_cat":[1791,5458,5457,1685,1254,1229,1633,1569,1573,1574],"product_tag":[66],"class_list":{"0":"post-413104","1":"product","2":"type-product","3":"status-publish","4":"has-post-thumbnail","6":"product_cat-anniversary-gifts","7":"product_cat-diamond-earring","8":"product_cat-diamond-jewellery","9":"product_cat-drop-earrings","10":"product_cat-gold-earrings","11":"product_cat-22ct-gold-jewellery","12":"product_cat-lotus-collections","13":"product_cat-valentine-day-gifts","14":"product_cat-wedding-gifts","15":"product_cat-womens-jewellery","16":"product_tag-earrings","18":"first","19":"instock","20":"taxable","21":"shipping-taxable","22":"purchasable","23":"product-type-simple","24":"add-to-wishlist-before_image"},"yoast_head":"<!-- This site is optimized with the Yoast SEO plugin v27.4 - https:\/\/yoast.com\/product\/yoast-seo-wordpress\/ -->\n<title>Sunrise Gold Rainfall Earrings with Diamonds | Purejewels UK<\/title>\n<meta name=\"description\" content=\"Discover Rainfall Earrings in Sunrise Gold with diamonds from PureJewels\u2019 Lotus Collection. Inspired by falling rain and love\u2019s journey.\" \/>\n<meta name=\"robots\" content=\"index, follow, max-snippet:-1, max-image-preview:large, max-video-preview:-1\" \/>\n<link rel=\"canonical\" href=\"https:\/\/www.purejewels.com\/de\/produkt-2\/niederschlag-ohrringe-51968\/\" \/>\n<meta property=\"og:locale\" content=\"de_DE\" \/>\n<meta property=\"og:type\" content=\"article\" \/>\n<meta property=\"og:title\" content=\"Sunrise Gold Rainfall Earrings with Diamonds | Purejewels UK\" \/>\n<meta property=\"og:description\" content=\"Discover Rainfall Earrings in Sunrise Gold with diamonds from PureJewels\u2019 Lotus Collection. Inspired by falling rain and love\u2019s journey.\" \/>\n<meta property=\"og:url\" content=\"https:\/\/www.purejewels.com\/de\/produkt-2\/niederschlag-ohrringe-51968\/\" \/>\n<meta property=\"og:site_name\" content=\"PureJewels UK\" \/>\n<meta property=\"article:modified_time\" content=\"2026-02-09T08:34:08+00:00\" \/>\n<meta property=\"og:image\" content=\"https:\/\/static.purejewels.com\/wp-content\/uploads\/2025\/08\/51968-3.jpg\" \/>\n\t<meta property=\"og:image:width\" content=\"1000\" \/>\n\t<meta property=\"og:image:height\" content=\"1000\" \/>\n\t<meta property=\"og:image:type\" content=\"image\/jpeg\" \/>\n<meta name=\"twitter:card\" content=\"summary_large_image\" \/>\n<script type=\"application\/ld+json\" class=\"yoast-schema-graph\">{\"@context\":\"https:\\\/\\\/schema.org\",\"@graph\":[{\"@type\":[\"WebPage\",\"ItemPage\"],\"@id\":\"https:\\\/\\\/www.purejewels.com\\\/product\\\/rainfall-earrings-51968\\\/\",\"url\":\"https:\\\/\\\/www.purejewels.com\\\/product\\\/rainfall-earrings-51968\\\/\",\"name\":\"Sunrise Gold Rainfall Earrings with Diamonds | Purejewels UK\",\"isPartOf\":{\"@id\":\"https:\\\/\\\/www.purejewels.com\\\/#website\"},\"primaryImageOfPage\":{\"@id\":\"https:\\\/\\\/www.purejewels.com\\\/product\\\/rainfall-earrings-51968\\\/#primaryimage\"},\"image\":{\"@id\":\"https:\\\/\\\/www.purejewels.com\\\/product\\\/rainfall-earrings-51968\\\/#primaryimage\"},\"thumbnailUrl\":\"https:\\\/\\\/static.purejewels.com\\\/wp-content\\\/uploads\\\/2025\\\/08\\\/51968-3.jpg\",\"datePublished\":\"2025-08-22T10:17:59+00:00\",\"dateModified\":\"2026-02-09T08:34:08+00:00\",\"description\":\"Discover Rainfall Earrings in Sunrise Gold with diamonds from PureJewels\u2019 Lotus Collection. Inspired by falling rain and love\u2019s journey.\",\"breadcrumb\":{\"@id\":\"https:\\\/\\\/www.purejewels.com\\\/product\\\/rainfall-earrings-51968\\\/#breadcrumb\"},\"inLanguage\":\"de\",\"potentialAction\":[{\"@type\":\"ReadAction\",\"target\":[\"https:\\\/\\\/www.purejewels.com\\\/product\\\/rainfall-earrings-51968\\\/\"]}]},{\"@type\":\"ImageObject\",\"inLanguage\":\"de\",\"@id\":\"https:\\\/\\\/www.purejewels.com\\\/product\\\/rainfall-earrings-51968\\\/#primaryimage\",\"url\":\"https:\\\/\\\/static.purejewels.com\\\/wp-content\\\/uploads\\\/2025\\\/08\\\/51968-3.jpg\",\"contentUrl\":\"https:\\\/\\\/static.purejewels.com\\\/wp-content\\\/uploads\\\/2025\\\/08\\\/51968-3.jpg\",\"width\":1000,\"height\":1000,\"caption\":\"Rainfall Earrings\"},{\"@type\":\"BreadcrumbList\",\"@id\":\"https:\\\/\\\/www.purejewels.com\\\/product\\\/rainfall-earrings-51968\\\/#breadcrumb\",\"itemListElement\":[{\"@type\":\"ListItem\",\"position\":1,\"name\":\"Home\",\"item\":\"https:\\\/\\\/www.purejewels.com\\\/\"},{\"@type\":\"ListItem\",\"position\":2,\"name\":\"Shop\",\"item\":\"https:\\\/\\\/www.purejewels.com\\\/shop\\\/\"},{\"@type\":\"ListItem\",\"position\":3,\"name\":\"Rainfall Earrings\u00a0\"}]},{\"@type\":\"WebSite\",\"@id\":\"https:\\\/\\\/www.purejewels.com\\\/#website\",\"url\":\"https:\\\/\\\/www.purejewels.com\\\/\",\"name\":\"PureJewels UK\",\"description\":\"Share the Love\",\"publisher\":{\"@id\":\"https:\\\/\\\/www.purejewels.com\\\/#organization\"},\"potentialAction\":[{\"@type\":\"SearchAction\",\"target\":{\"@type\":\"EntryPoint\",\"urlTemplate\":\"https:\\\/\\\/www.purejewels.com\\\/?s={search_term_string}\"},\"query-input\":{\"@type\":\"PropertyValueSpecification\",\"valueRequired\":true,\"valueName\":\"search_term_string\"}}],\"inLanguage\":\"de\"},{\"@type\":\"Organization\",\"@id\":\"https:\\\/\\\/www.purejewels.com\\\/#organization\",\"name\":\"PureJewels UK\",\"url\":\"https:\\\/\\\/www.purejewels.com\\\/\",\"logo\":{\"@type\":\"ImageObject\",\"inLanguage\":\"de\",\"@id\":\"https:\\\/\\\/www.purejewels.com\\\/#\\\/schema\\\/logo\\\/image\\\/\",\"url\":\"https:\\\/\\\/static.purejewels.com\\\/wp-content\\\/uploads\\\/2020\\\/11\\\/Logo-PJ-New-1.png\",\"contentUrl\":\"https:\\\/\\\/static.purejewels.com\\\/wp-content\\\/uploads\\\/2020\\\/11\\\/Logo-PJ-New-1.png\",\"width\":150,\"height\":80,\"caption\":\"PureJewels UK\"},\"image\":{\"@id\":\"https:\\\/\\\/www.purejewels.com\\\/#\\\/schema\\\/logo\\\/image\\\/\"}}]}<\/script>\n<!-- \/ Yoast SEO plugin. -->","yoast_head_json":{"title":"Sunrise Gold Rainfall Ohrringe mit Diamanten | Purejewels UK","description":"Entdecken Sie die Rainfall-Ohrringe in Sunrise Gold mit Diamanten aus der Lotus-Kollektion von PureJewels. Inspiriert von fallendem Regen und der Reise der Liebe.","robots":{"index":"index","follow":"follow","max-snippet":"max-snippet:-1","max-image-preview":"max-image-preview:large","max-video-preview":"max-video-preview:-1"},"canonical":"https:\/\/www.purejewels.com\/de\/produkt-2\/niederschlag-ohrringe-51968\/","og_locale":"de_DE","og_type":"article","og_title":"Sunrise Gold Rainfall Earrings with Diamonds | Purejewels UK","og_description":"Discover Rainfall Earrings in Sunrise Gold with diamonds from PureJewels\u2019 Lotus Collection. Inspired by falling rain and love\u2019s journey.","og_url":"https:\/\/www.purejewels.com\/de\/produkt-2\/niederschlag-ohrringe-51968\/","og_site_name":"PureJewels UK","article_modified_time":"2026-02-09T08:34:08+00:00","og_image":[{"width":1000,"height":1000,"url":"https:\/\/static.purejewels.com\/wp-content\/uploads\/2025\/08\/51968-3.jpg","type":"image\/jpeg"}],"twitter_card":"summary_large_image","schema":{"@context":"https:\/\/schema.org","@graph":[{"@type":["WebPage","ItemPage"],"@id":"https:\/\/www.purejewels.com\/product\/rainfall-earrings-51968\/","url":"https:\/\/www.purejewels.com\/product\/rainfall-earrings-51968\/","name":"Sunrise Gold Rainfall Ohrringe mit Diamanten | Purejewels UK","isPartOf":{"@id":"https:\/\/www.purejewels.com\/#website"},"primaryImageOfPage":{"@id":"https:\/\/www.purejewels.com\/product\/rainfall-earrings-51968\/#primaryimage"},"image":{"@id":"https:\/\/www.purejewels.com\/product\/rainfall-earrings-51968\/#primaryimage"},"thumbnailUrl":"https:\/\/static.purejewels.com\/wp-content\/uploads\/2025\/08\/51968-3.jpg","datePublished":"2025-08-22T10:17:59+00:00","dateModified":"2026-02-09T08:34:08+00:00","description":"Entdecken Sie die Rainfall-Ohrringe in Sunrise Gold mit Diamanten aus der Lotus-Kollektion von PureJewels. Inspiriert von fallendem Regen und der Reise der Liebe.","breadcrumb":{"@id":"https:\/\/www.purejewels.com\/product\/rainfall-earrings-51968\/#breadcrumb"},"inLanguage":"de","potentialAction":[{"@type":"ReadAction","target":["https:\/\/www.purejewels.com\/product\/rainfall-earrings-51968\/"]}]},{"@type":"ImageObject","inLanguage":"de","@id":"https:\/\/www.purejewels.com\/product\/rainfall-earrings-51968\/#primaryimage","url":"https:\/\/static.purejewels.com\/wp-content\/uploads\/2025\/08\/51968-3.jpg","contentUrl":"https:\/\/static.purejewels.com\/wp-content\/uploads\/2025\/08\/51968-3.jpg","width":1000,"height":1000,"caption":"Rainfall Earrings"},{"@type":"BreadcrumbList","@id":"https:\/\/www.purejewels.com\/product\/rainfall-earrings-51968\/#breadcrumb","itemListElement":[{"@type":"ListItem","position":1,"name":"Home","item":"https:\/\/www.purejewels.com\/"},{"@type":"ListItem","position":2,"name":"Shop","item":"https:\/\/www.purejewels.com\/shop\/"},{"@type":"ListItem","position":3,"name":"Rainfall Earrings\u00a0"}]},{"@type":"WebSite","@id":"https:\/\/www.purejewels.com\/#website","url":"https:\/\/www.purejewels.com\/","name":"PureJewels UK","description":"Teile die Liebe","publisher":{"@id":"https:\/\/www.purejewels.com\/#organization"},"potentialAction":[{"@type":"SearchAction","target":{"@type":"EntryPoint","urlTemplate":"https:\/\/www.purejewels.com\/?s={search_term_string}"},"query-input":{"@type":"PropertyValueSpecification","valueRequired":true,"valueName":"search_term_string"}}],"inLanguage":"de"},{"@type":"Organization","@id":"https:\/\/www.purejewels.com\/#organization","name":"PureJewels UK","url":"https:\/\/www.purejewels.com\/","logo":{"@type":"ImageObject","inLanguage":"de","@id":"https:\/\/www.purejewels.com\/#\/schema\/logo\/image\/","url":"https:\/\/static.purejewels.com\/wp-content\/uploads\/2020\/11\/Logo-PJ-New-1.png","contentUrl":"https:\/\/static.purejewels.com\/wp-content\/uploads\/2020\/11\/Logo-PJ-New-1.png","width":150,"height":80,"caption":"PureJewels UK"},"image":{"@id":"https:\/\/www.purejewels.com\/#\/schema\/logo\/image\/"}}]}},"_links":{"self":[{"href":"https:\/\/www.purejewels.com\/de\/wp-json\/wp\/v2\/product\/413104","targetHints":{"allow":["GET"]}}],"collection":[{"href":"https:\/\/www.purejewels.com\/de\/wp-json\/wp\/v2\/product"}],"about":[{"href":"https:\/\/www.purejewels.com\/de\/wp-json\/wp\/v2\/types\/product"}],"replies":[{"embeddable":true,"href":"https:\/\/www.purejewels.com\/de\/wp-json\/wp\/v2\/comments?post=413104"}],"version-history":[{"count":3,"href":"https:\/\/www.purejewels.com\/de\/wp-json\/wp\/v2\/product\/413104\/revisions"}],"predecessor-version":[{"id":424428,"href":"https:\/\/www.purejewels.com\/de\/wp-json\/wp\/v2\/product\/413104\/revisions\/424428"}],"wp:featuredmedia":[{"embeddable":true,"href":"https:\/\/www.purejewels.com\/de\/wp-json\/wp\/v2\/media\/413105"}],"wp:attachment":[{"href":"https:\/\/www.purejewels.com\/de\/wp-json\/wp\/v2\/media?parent=413104"}],"wp:term":[{"taxonomy":"product_brand","embeddable":true,"href":"https:\/\/www.purejewels.com\/de\/wp-json\/wp\/v2\/product_brand?post=413104"},{"taxonomy":"product_cat","embeddable":true,"href":"https:\/\/www.purejewels.com\/de\/wp-json\/wp\/v2\/product_cat?post=413104"},{"taxonomy":"product_tag","embeddable":true,"href":"https:\/\/www.purejewels.com\/de\/wp-json\/wp\/v2\/product_tag?post=413104"}],"curies":[{"name":"wp","href":"https:\/\/api.w.org\/{rel}","templated":true}]}}