{"id":413126,"date":"2025-09-03T12:31:19","date_gmt":"2025-09-03T11:31:19","guid":{"rendered":"https:\/\/www.purejewels.com\/?post_type=product&#038;p=413126"},"modified":"2026-02-09T08:28:07","modified_gmt":"2026-02-09T08:28:07","slug":"niederschlag-armband-51964","status":"publish","type":"product","link":"https:\/\/www.purejewels.com\/de\/product\/rainfall-bracelet-51964\/","title":{"rendered":"Armband Niederschlag"},"content":{"rendered":"<p><strong>Inspiration und Geschichte<\/strong><\/p>\n<p>Das Rainfall-Armband ist inspiriert vom sanften Rhythmus des Regens und der sanften Entfaltung der Liebe. Die skulpturalen Formen erinnern an sich bewegende Tropfen, w\u00e4hrend subtile Diamantakzente das Licht reflektieren wie das Wasser in einem Lotusteich. Als Teil der Lotus-Kollektion steht das Design f\u00fcr Erneuerung, Z\u00e4rtlichkeit und die fr\u00fchen Phasen einer gemeinsamen Reise.<\/p>\n<p><strong>Material und Handwerkskunst<\/strong><\/p>\n<p>Das aus strahlendem 22-kar\u00e4tigem Sunrise Gold gefertigte Armband zeichnet sich durch skulpturale Glieder aus, die mit Diamanten in Kesselfassung besetzt sind und f\u00fcr Weichheit und Ausgewogenheit sorgen. Ein tautropfenf\u00f6rmiger Bl\u00fctenanh\u00e4nger befindet sich neben dem Verschluss und ist ein stilles Designdetail mit symbolischer Bedeutung. Jedes St\u00fcck ist leicht und flie\u00dfend und wird in Gro\u00dfbritannien von Hand gefertigt und gestempelt.<\/p>\n<p><strong>Styling &amp; Geschenkartikel<\/strong><\/p>\n<p>Das Rainfall-Armband ist f\u00fcr den t\u00e4glichen Gebrauch konzipiert. Es sitzt bequem am Handgelenk und l\u00e4sst sich gut mit feinen Goldarmb\u00e4ndern oder einer schlichten Uhr kombinieren. Es kann allein getragen werden, um ein subtiles Statement zu setzen, oder als Lagenschmuck f\u00fcr zus\u00e4tzliche Textur. Ein durchdachtes Geschenk f\u00fcr Geburtstage, Jahrestage oder Neuanf\u00e4nge. Ein bedeutungsvolles St\u00fcck, das sich leicht vom Tag in den Abend verwandeln l\u00e4sst.<\/p>","protected":false},"excerpt":{"rendered":"<p><span class=\"TextRun SCXW45164235 BCX0\" lang=\"EN-IN\" xml:lang=\"EN-IN\" data-contrast=\"auto\"><span class=\"NormalTextRun SCXW45164235 BCX0\">Das Rainfall-Armband f\u00e4ngt den Rhythmus der Liebe in Bewegung ein. Tropfen aus Sunrise Gold und Diamanten schimmern entlang einer zarten Kette, w\u00e4hrend ein Tautropfen-Bl\u00fctenblatt-Charm in der N\u00e4he des Verschlusses einen letzten poetischen Akzent setzt. Das Armband aus der Lotus-Kollektion spiegelt Emotionen in ihrer reinsten Form wider.<\/span><\/span><span class=\"EOP SCXW45164235 BCX0\" data-ccp-props=\"{}\">\u00a0<\/span><\/p>\n<p><strong>Material:<\/strong> 22ct Sunrise Gold (91,6% reines Gold)<br \/>\n<strong><strong>Wahrzeichen: <\/strong><\/strong>Britisches G\u00fctesiegel<strong><strong><br \/>\n<\/strong><\/strong><strong><strong>Stein: <\/strong><\/strong>Nat\u00fcrliche Diamanten\u00a0<strong><strong><br \/>\n<strong>Gewicht der Diamanten: <\/strong><\/strong><\/strong>0,16ct(Gesamt)<strong><strong><strong><br \/>\n<strong><b>Zertifizierung: <\/b><\/strong><\/strong><\/strong><\/strong>GIA-zertifiziert<strong><strong><strong><strong><strong><br \/>\n<\/strong><\/strong><\/strong><strong><strong><strong><strong><strong><strong>Bruttogewicht:\u00a0 <\/strong><\/strong><\/strong><\/strong><\/strong><\/strong><\/strong><\/strong>4.1 Gms<br \/>\n<strong>L\u00e4nge:<\/strong>\u00a0 7,5 Zoll<br \/>\n<strong>SKU:<\/strong> 51964<\/p>\n<p><strong><strong><strong><strong><strong><strong>Preis und Lieferung:<\/strong><\/strong><\/strong><\/strong><\/strong><\/strong>Inklusive Mehrwertsteuer und Lieferkosten<strong><strong><strong><strong><strong><br \/>\n<a href=\"https:\/\/www.purejewels.com\/de\/ruckgabepolitik\/\">R\u00fcckgabepolitik<\/a><\/strong><\/strong><\/strong><\/strong><\/strong><\/p>","protected":false},"featured_media":413131,"comment_status":"closed","ping_status":"closed","template":"","meta":{"_eb_attr":"","_crsspst_to_jayantr4sg-hostcom":false},"product_brand":[],"product_cat":[1791,6056,236,5462,5678,5457,1324,1229,1633,1569,1574],"product_tag":[5964,5965],"class_list":{"0":"post-413126","1":"product","2":"type-product","3":"status-publish","4":"has-post-thumbnail","6":"product_cat-anniversary-gifts","7":"product_cat-charm","8":"product_cat-collections","9":"product_cat-diamond-bracelet","10":"product_cat-diamond-bracelets-for-women","11":"product_cat-diamond-jewellery","12":"product_cat-gold-bracelet","13":"product_cat-22ct-gold-jewellery","14":"product_cat-lotus-collections","15":"product_cat-valentine-day-gifts","16":"product_cat-womens-jewellery","17":"product_tag-bracelet","18":"product_tag-diamonds","20":"first","21":"instock","22":"taxable","23":"shipping-taxable","24":"purchasable","25":"product-type-simple","26":"add-to-wishlist-before_image"},"yoast_head":"<!-- This site is optimized with the Yoast SEO plugin v27.4 - https:\/\/yoast.com\/product\/yoast-seo-wordpress\/ -->\n<title>Sunrise Gold Bracelet with Dewdrop Charm | PureJewels Lotus UK<\/title>\n<meta name=\"description\" content=\"Shop the Rainfall Bracelet in Sunrise Gold from PureJewels\u2019 Lotus Collection. Featuring diamond droplets and a dewdrop petal charm symbolising love\u2019s tender journey.\" \/>\n<meta name=\"robots\" content=\"index, follow, max-snippet:-1, max-image-preview:large, max-video-preview:-1\" \/>\n<link rel=\"canonical\" href=\"https:\/\/www.purejewels.com\/de\/produkt-2\/niederschlag-armband-51964\/\" \/>\n<meta property=\"og:locale\" content=\"de_DE\" \/>\n<meta property=\"og:type\" content=\"article\" \/>\n<meta property=\"og:title\" content=\"Sunrise Gold Bracelet with Dewdrop Charm | PureJewels Lotus UK\" \/>\n<meta property=\"og:description\" content=\"Shop the Rainfall Bracelet in Sunrise Gold from PureJewels\u2019 Lotus Collection. Featuring diamond droplets and a dewdrop petal charm symbolising love\u2019s tender journey.\" \/>\n<meta property=\"og:url\" content=\"https:\/\/www.purejewels.com\/de\/produkt-2\/niederschlag-armband-51964\/\" \/>\n<meta property=\"og:site_name\" content=\"PureJewels UK\" \/>\n<meta property=\"article:modified_time\" content=\"2026-02-09T08:28:07+00:00\" \/>\n<meta property=\"og:image\" content=\"https:\/\/static.purejewels.com\/wp-content\/uploads\/2025\/08\/Petal-Bracelet.jpg\" \/>\n\t<meta property=\"og:image:width\" content=\"1000\" \/>\n\t<meta property=\"og:image:height\" content=\"1000\" \/>\n\t<meta property=\"og:image:type\" content=\"image\/jpeg\" \/>\n<meta name=\"twitter:card\" content=\"summary_large_image\" \/>\n<meta name=\"twitter:label1\" content=\"Gesch\u00e4tzte Lesezeit\" \/>\n\t<meta name=\"twitter:data1\" content=\"1\u00a0Minute\" \/>\n<script type=\"application\/ld+json\" class=\"yoast-schema-graph\">{\"@context\":\"https:\\\/\\\/schema.org\",\"@graph\":[{\"@type\":[\"WebPage\",\"ItemPage\"],\"@id\":\"https:\\\/\\\/www.purejewels.com\\\/product\\\/rainfall-bracelet-51964\\\/\",\"url\":\"https:\\\/\\\/www.purejewels.com\\\/product\\\/rainfall-bracelet-51964\\\/\",\"name\":\"Sunrise Gold Bracelet with Dewdrop Charm | PureJewels Lotus UK\",\"isPartOf\":{\"@id\":\"https:\\\/\\\/www.purejewels.com\\\/#website\"},\"primaryImageOfPage\":{\"@id\":\"https:\\\/\\\/www.purejewels.com\\\/product\\\/rainfall-bracelet-51964\\\/#primaryimage\"},\"image\":{\"@id\":\"https:\\\/\\\/www.purejewels.com\\\/product\\\/rainfall-bracelet-51964\\\/#primaryimage\"},\"thumbnailUrl\":\"https:\\\/\\\/static.purejewels.com\\\/wp-content\\\/uploads\\\/2025\\\/08\\\/Petal-Bracelet.jpg\",\"datePublished\":\"2025-09-03T11:31:19+00:00\",\"dateModified\":\"2026-02-09T08:28:07+00:00\",\"description\":\"Shop the Rainfall Bracelet in Sunrise Gold from PureJewels\u2019 Lotus Collection. Featuring diamond droplets and a dewdrop petal charm symbolising love\u2019s tender journey.\",\"breadcrumb\":{\"@id\":\"https:\\\/\\\/www.purejewels.com\\\/product\\\/rainfall-bracelet-51964\\\/#breadcrumb\"},\"inLanguage\":\"de\",\"potentialAction\":[{\"@type\":\"ReadAction\",\"target\":[\"https:\\\/\\\/www.purejewels.com\\\/product\\\/rainfall-bracelet-51964\\\/\"]}]},{\"@type\":\"ImageObject\",\"inLanguage\":\"de\",\"@id\":\"https:\\\/\\\/www.purejewels.com\\\/product\\\/rainfall-bracelet-51964\\\/#primaryimage\",\"url\":\"https:\\\/\\\/static.purejewels.com\\\/wp-content\\\/uploads\\\/2025\\\/08\\\/Petal-Bracelet.jpg\",\"contentUrl\":\"https:\\\/\\\/static.purejewels.com\\\/wp-content\\\/uploads\\\/2025\\\/08\\\/Petal-Bracelet.jpg\",\"width\":1000,\"height\":1000,\"caption\":\"Rainfall Bracelet\"},{\"@type\":\"BreadcrumbList\",\"@id\":\"https:\\\/\\\/www.purejewels.com\\\/product\\\/rainfall-bracelet-51964\\\/#breadcrumb\",\"itemListElement\":[{\"@type\":\"ListItem\",\"position\":1,\"name\":\"Home\",\"item\":\"https:\\\/\\\/www.purejewels.com\\\/\"},{\"@type\":\"ListItem\",\"position\":2,\"name\":\"Shop\",\"item\":\"https:\\\/\\\/www.purejewels.com\\\/shop\\\/\"},{\"@type\":\"ListItem\",\"position\":3,\"name\":\"Rainfall Bracelet\"}]},{\"@type\":\"WebSite\",\"@id\":\"https:\\\/\\\/www.purejewels.com\\\/#website\",\"url\":\"https:\\\/\\\/www.purejewels.com\\\/\",\"name\":\"PureJewels UK\",\"description\":\"Share the Love\",\"publisher\":{\"@id\":\"https:\\\/\\\/www.purejewels.com\\\/#organization\"},\"potentialAction\":[{\"@type\":\"SearchAction\",\"target\":{\"@type\":\"EntryPoint\",\"urlTemplate\":\"https:\\\/\\\/www.purejewels.com\\\/?s={search_term_string}\"},\"query-input\":{\"@type\":\"PropertyValueSpecification\",\"valueRequired\":true,\"valueName\":\"search_term_string\"}}],\"inLanguage\":\"de\"},{\"@type\":\"Organization\",\"@id\":\"https:\\\/\\\/www.purejewels.com\\\/#organization\",\"name\":\"PureJewels UK\",\"url\":\"https:\\\/\\\/www.purejewels.com\\\/\",\"logo\":{\"@type\":\"ImageObject\",\"inLanguage\":\"de\",\"@id\":\"https:\\\/\\\/www.purejewels.com\\\/#\\\/schema\\\/logo\\\/image\\\/\",\"url\":\"https:\\\/\\\/static.purejewels.com\\\/wp-content\\\/uploads\\\/2020\\\/11\\\/Logo-PJ-New-1.png\",\"contentUrl\":\"https:\\\/\\\/static.purejewels.com\\\/wp-content\\\/uploads\\\/2020\\\/11\\\/Logo-PJ-New-1.png\",\"width\":150,\"height\":80,\"caption\":\"PureJewels UK\"},\"image\":{\"@id\":\"https:\\\/\\\/www.purejewels.com\\\/#\\\/schema\\\/logo\\\/image\\\/\"}}]}<\/script>\n<!-- \/ Yoast SEO plugin. -->","yoast_head_json":{"title":"Sonnenaufgang Gold-Armband mit Tautropfen-Charme | PureJewels Lotus UK","description":"Kaufen Sie das Rainfall Armband in Sunrise Gold aus der Lotus Kollektion von PureJewels. Mit Diamanttropfen und einem Tautropfen-Bl\u00fctenblatt-Charme, der die zarte Reise der Liebe symbolisiert.","robots":{"index":"index","follow":"follow","max-snippet":"max-snippet:-1","max-image-preview":"max-image-preview:large","max-video-preview":"max-video-preview:-1"},"canonical":"https:\/\/www.purejewels.com\/de\/produkt-2\/niederschlag-armband-51964\/","og_locale":"de_DE","og_type":"article","og_title":"Sunrise Gold Bracelet with Dewdrop Charm | PureJewels Lotus UK","og_description":"Shop the Rainfall Bracelet in Sunrise Gold from PureJewels\u2019 Lotus Collection. Featuring diamond droplets and a dewdrop petal charm symbolising love\u2019s tender journey.","og_url":"https:\/\/www.purejewels.com\/de\/produkt-2\/niederschlag-armband-51964\/","og_site_name":"PureJewels UK","article_modified_time":"2026-02-09T08:28:07+00:00","og_image":[{"width":1000,"height":1000,"url":"https:\/\/static.purejewels.com\/wp-content\/uploads\/2025\/08\/Petal-Bracelet.jpg","type":"image\/jpeg"}],"twitter_card":"summary_large_image","twitter_misc":{"Gesch\u00e4tzte Lesezeit":"1\u00a0Minute"},"schema":{"@context":"https:\/\/schema.org","@graph":[{"@type":["WebPage","ItemPage"],"@id":"https:\/\/www.purejewels.com\/product\/rainfall-bracelet-51964\/","url":"https:\/\/www.purejewels.com\/product\/rainfall-bracelet-51964\/","name":"Sonnenaufgang Gold-Armband mit Tautropfen-Charme | PureJewels Lotus UK","isPartOf":{"@id":"https:\/\/www.purejewels.com\/#website"},"primaryImageOfPage":{"@id":"https:\/\/www.purejewels.com\/product\/rainfall-bracelet-51964\/#primaryimage"},"image":{"@id":"https:\/\/www.purejewels.com\/product\/rainfall-bracelet-51964\/#primaryimage"},"thumbnailUrl":"https:\/\/static.purejewels.com\/wp-content\/uploads\/2025\/08\/Petal-Bracelet.jpg","datePublished":"2025-09-03T11:31:19+00:00","dateModified":"2026-02-09T08:28:07+00:00","description":"Kaufen Sie das Rainfall Armband in Sunrise Gold aus der Lotus Kollektion von PureJewels. Mit Diamanttropfen und einem Tautropfen-Bl\u00fctenblatt-Charme, der die zarte Reise der Liebe symbolisiert.","breadcrumb":{"@id":"https:\/\/www.purejewels.com\/product\/rainfall-bracelet-51964\/#breadcrumb"},"inLanguage":"de","potentialAction":[{"@type":"ReadAction","target":["https:\/\/www.purejewels.com\/product\/rainfall-bracelet-51964\/"]}]},{"@type":"ImageObject","inLanguage":"de","@id":"https:\/\/www.purejewels.com\/product\/rainfall-bracelet-51964\/#primaryimage","url":"https:\/\/static.purejewels.com\/wp-content\/uploads\/2025\/08\/Petal-Bracelet.jpg","contentUrl":"https:\/\/static.purejewels.com\/wp-content\/uploads\/2025\/08\/Petal-Bracelet.jpg","width":1000,"height":1000,"caption":"Rainfall Bracelet"},{"@type":"BreadcrumbList","@id":"https:\/\/www.purejewels.com\/product\/rainfall-bracelet-51964\/#breadcrumb","itemListElement":[{"@type":"ListItem","position":1,"name":"Home","item":"https:\/\/www.purejewels.com\/"},{"@type":"ListItem","position":2,"name":"Shop","item":"https:\/\/www.purejewels.com\/shop\/"},{"@type":"ListItem","position":3,"name":"Rainfall Bracelet"}]},{"@type":"WebSite","@id":"https:\/\/www.purejewels.com\/#website","url":"https:\/\/www.purejewels.com\/","name":"PureJewels UK","description":"Teile die Liebe","publisher":{"@id":"https:\/\/www.purejewels.com\/#organization"},"potentialAction":[{"@type":"SearchAction","target":{"@type":"EntryPoint","urlTemplate":"https:\/\/www.purejewels.com\/?s={search_term_string}"},"query-input":{"@type":"PropertyValueSpecification","valueRequired":true,"valueName":"search_term_string"}}],"inLanguage":"de"},{"@type":"Organization","@id":"https:\/\/www.purejewels.com\/#organization","name":"PureJewels UK","url":"https:\/\/www.purejewels.com\/","logo":{"@type":"ImageObject","inLanguage":"de","@id":"https:\/\/www.purejewels.com\/#\/schema\/logo\/image\/","url":"https:\/\/static.purejewels.com\/wp-content\/uploads\/2020\/11\/Logo-PJ-New-1.png","contentUrl":"https:\/\/static.purejewels.com\/wp-content\/uploads\/2020\/11\/Logo-PJ-New-1.png","width":150,"height":80,"caption":"PureJewels UK"},"image":{"@id":"https:\/\/www.purejewels.com\/#\/schema\/logo\/image\/"}}]}},"_links":{"self":[{"href":"https:\/\/www.purejewels.com\/de\/wp-json\/wp\/v2\/product\/413126","targetHints":{"allow":["GET"]}}],"collection":[{"href":"https:\/\/www.purejewels.com\/de\/wp-json\/wp\/v2\/product"}],"about":[{"href":"https:\/\/www.purejewels.com\/de\/wp-json\/wp\/v2\/types\/product"}],"replies":[{"embeddable":true,"href":"https:\/\/www.purejewels.com\/de\/wp-json\/wp\/v2\/comments?post=413126"}],"version-history":[{"count":3,"href":"https:\/\/www.purejewels.com\/de\/wp-json\/wp\/v2\/product\/413126\/revisions"}],"predecessor-version":[{"id":425582,"href":"https:\/\/www.purejewels.com\/de\/wp-json\/wp\/v2\/product\/413126\/revisions\/425582"}],"wp:featuredmedia":[{"embeddable":true,"href":"https:\/\/www.purejewels.com\/de\/wp-json\/wp\/v2\/media\/413131"}],"wp:attachment":[{"href":"https:\/\/www.purejewels.com\/de\/wp-json\/wp\/v2\/media?parent=413126"}],"wp:term":[{"taxonomy":"product_brand","embeddable":true,"href":"https:\/\/www.purejewels.com\/de\/wp-json\/wp\/v2\/product_brand?post=413126"},{"taxonomy":"product_cat","embeddable":true,"href":"https:\/\/www.purejewels.com\/de\/wp-json\/wp\/v2\/product_cat?post=413126"},{"taxonomy":"product_tag","embeddable":true,"href":"https:\/\/www.purejewels.com\/de\/wp-json\/wp\/v2\/product_tag?post=413126"}],"curies":[{"name":"wp","href":"https:\/\/api.w.org\/{rel}","templated":true}]}}