{"id":413681,"date":"2025-08-03T07:01:12","date_gmt":"2025-08-03T06:01:12","guid":{"rendered":"https:\/\/www.purejewels.com\/?post_type=product&#038;p=413681"},"modified":"2026-02-09T08:41:01","modified_gmt":"2026-02-09T08:41:01","slug":"lotusknospen-halskette-51646","status":"publish","type":"product","link":"https:\/\/www.purejewels.com\/de\/product\/lotus-bud-necklace-51646\/","title":{"rendered":"Lotus Knospe Halskette | 18ct"},"content":{"rendered":"<p><span data-teams=\"true\">Die Lotusknospen-Halskette ist ein strahlendes Fest der Reinheit und des Erwachens. Das zarte Knospenmotiv aus 18 Karat Gold umschlie\u00dft einen seltenen gelben Diamanten, der aufgrund seiner nat\u00fcrlichen W\u00e4rme und Brillanz ausgew\u00e4hlt wurde. Wie der Lotus, der sich aus dem Wasser erhebt, um dem Licht zu begegnen, symbolisiert dieses Schmuckst\u00fcck Widerstandskraft, Hoffnung und das Aufbl\u00fchen der Liebe. Die Lotus-Knospen-Halskette, die sowohl als Talisman als auch als Schmuckst\u00fcck dient, verbindet nahtlos traditionelle Symbolik mit zeitgen\u00f6ssischer Eleganz und ist damit ein zeitloses Schmuckst\u00fcck f\u00fcr die bedeutungsvollen Kapitel des Lebens.<\/span><\/p>","protected":false},"excerpt":{"rendered":"<p><span class=\"EOP SCXW63738929 BCX0\" data-ccp-props=\"{}\"><span data-teams=\"true\">Die Lotusknospen-Halskette aus 18-kar\u00e4tigem Gold umschlie\u00dft einen seltenen gelben Diamanten im Kissenschliff von 0,55 Karat, der in der W\u00e4rme des Sonnenaufgangs leuchtet. Inspiriert von der stillen Verhei\u00dfung der Knospe, bevor sie erbl\u00fcht, zelebriert dieses St\u00fcck die zarten Anf\u00e4nge der Liebe und den Glanz neuer Reisen.<\/span> <\/span><\/p>\n<p><strong>Material:<\/strong> 22ct Sunrise Gold (91,6% reines Gold)<br \/>\n<strong><strong>Wahrzeichen: <\/strong><\/strong>Britisches G\u00fctesiegel<strong><strong><br \/>\n<\/strong><\/strong><strong><strong>Stein: <\/strong><\/strong>Nat\u00fcrlicher Diamant<br \/>\n<strong>Zertifizierung:<\/strong> GIA-zertifiziert<strong><strong><br \/>\n<strong>Gewicht der Diamanten: <\/strong><\/strong><\/strong>0,55 cts(Gesamt)<strong><strong><strong><br \/>\n<\/strong><\/strong><\/strong><strong><strong><strong><strong><strong><strong>Bruttogewicht: <\/strong><\/strong><\/strong><\/strong><\/strong><\/strong> 5.00 Gms<strong><strong><strong><strong><strong><br \/>\n<\/strong><\/strong><\/strong><\/strong><\/strong><strong>SKU: <\/strong>51646<\/p>\n<p><strong><strong><strong><strong><strong><strong>Preis und Lieferung: <\/strong><\/strong><\/strong><\/strong><\/strong><\/strong>Inklusive Mehrwertsteuer und Lieferkosten<strong><strong><strong><strong><strong><br \/>\n<a href=\"https:\/\/www.purejewels.com\/de\/ruckgabepolitik\/\">R\u00fcckgabepolitik<\/a><\/strong><\/strong><\/strong><\/strong><\/strong><\/p>","protected":false},"featured_media":420126,"comment_status":"closed","ping_status":"closed","template":"","meta":{"_eb_attr":"","_crsspst_to_jayantr4sg-hostcom":false},"product_brand":[],"product_cat":[1791,236,5457,1533,6082,1229,1253,5346,1633,1569,1574],"product_tag":[],"class_list":{"0":"post-413681","1":"product","2":"type-product","3":"status-publish","4":"has-post-thumbnail","6":"product_cat-anniversary-gifts","7":"product_cat-collections","8":"product_cat-diamond-jewellery","9":"product_cat-diamond-jewellery-set","10":"product_cat-diamond-necklace","11":"product_cat-22ct-gold-jewellery","12":"product_cat-gold-necklaces","13":"product_cat-gold-pendant-necklace","14":"product_cat-lotus-collections","15":"product_cat-valentine-day-gifts","16":"product_cat-womens-jewellery","18":"first","19":"instock","20":"taxable","21":"shipping-taxable","22":"purchasable","23":"product-type-simple","24":"add-to-wishlist-before_image"},"yoast_head":"<!-- This site is optimized with the Yoast SEO plugin v27.4 - https:\/\/yoast.com\/product\/yoast-seo-wordpress\/ -->\n<title>18ct Gold Lotus Necklace with Yellow Diamond | PureJewels UK<\/title>\n<meta name=\"description\" content=\"Discover 18ct gold Lotus Bud Necklace with a rare yellow diamond, symbolising purity and new beginnings.\" \/>\n<meta name=\"robots\" content=\"index, follow, max-snippet:-1, max-image-preview:large, max-video-preview:-1\" \/>\n<link rel=\"canonical\" href=\"https:\/\/www.purejewels.com\/de\/produkt-2\/lotusknospen-halskette-51646\/\" \/>\n<meta property=\"og:locale\" content=\"de_DE\" \/>\n<meta property=\"og:type\" content=\"article\" \/>\n<meta property=\"og:title\" content=\"18ct Gold Lotus Necklace with Yellow Diamond | PureJewels UK\" \/>\n<meta property=\"og:description\" content=\"Discover 18ct gold Lotus Bud Necklace with a rare yellow diamond, symbolising purity and new beginnings.\" \/>\n<meta property=\"og:url\" content=\"https:\/\/www.purejewels.com\/de\/produkt-2\/lotusknospen-halskette-51646\/\" \/>\n<meta property=\"og:site_name\" content=\"PureJewels UK\" \/>\n<meta property=\"article:modified_time\" content=\"2026-02-09T08:41:01+00:00\" \/>\n<meta property=\"og:image\" content=\"https:\/\/static.purejewels.com\/wp-content\/uploads\/2025\/08\/SKU-51646.jpg\" \/>\n\t<meta property=\"og:image:width\" content=\"1000\" \/>\n\t<meta property=\"og:image:height\" content=\"1000\" \/>\n\t<meta property=\"og:image:type\" content=\"image\/jpeg\" \/>\n<meta name=\"twitter:card\" content=\"summary_large_image\" \/>\n<meta name=\"twitter:label1\" content=\"Gesch\u00e4tzte Lesezeit\" \/>\n\t<meta name=\"twitter:data1\" content=\"1\u00a0Minute\" \/>\n<script type=\"application\/ld+json\" class=\"yoast-schema-graph\">{\"@context\":\"https:\\\/\\\/schema.org\",\"@graph\":[{\"@type\":[\"WebPage\",\"ItemPage\"],\"@id\":\"https:\\\/\\\/www.purejewels.com\\\/product\\\/lotus-bud-necklace-51646\\\/\",\"url\":\"https:\\\/\\\/www.purejewels.com\\\/product\\\/lotus-bud-necklace-51646\\\/\",\"name\":\"18ct Gold Lotus Necklace with Yellow Diamond | PureJewels UK\",\"isPartOf\":{\"@id\":\"https:\\\/\\\/www.purejewels.com\\\/#website\"},\"primaryImageOfPage\":{\"@id\":\"https:\\\/\\\/www.purejewels.com\\\/product\\\/lotus-bud-necklace-51646\\\/#primaryimage\"},\"image\":{\"@id\":\"https:\\\/\\\/www.purejewels.com\\\/product\\\/lotus-bud-necklace-51646\\\/#primaryimage\"},\"thumbnailUrl\":\"https:\\\/\\\/static.purejewels.com\\\/wp-content\\\/uploads\\\/2025\\\/08\\\/SKU-51646.jpg\",\"datePublished\":\"2025-08-03T06:01:12+00:00\",\"dateModified\":\"2026-02-09T08:41:01+00:00\",\"description\":\"Discover 18ct gold Lotus Bud Necklace with a rare yellow diamond, symbolising purity and new beginnings.\",\"breadcrumb\":{\"@id\":\"https:\\\/\\\/www.purejewels.com\\\/product\\\/lotus-bud-necklace-51646\\\/#breadcrumb\"},\"inLanguage\":\"de\",\"potentialAction\":[{\"@type\":\"ReadAction\",\"target\":[\"https:\\\/\\\/www.purejewels.com\\\/product\\\/lotus-bud-necklace-51646\\\/\"]}]},{\"@type\":\"ImageObject\",\"inLanguage\":\"de\",\"@id\":\"https:\\\/\\\/www.purejewels.com\\\/product\\\/lotus-bud-necklace-51646\\\/#primaryimage\",\"url\":\"https:\\\/\\\/static.purejewels.com\\\/wp-content\\\/uploads\\\/2025\\\/08\\\/SKU-51646.jpg\",\"contentUrl\":\"https:\\\/\\\/static.purejewels.com\\\/wp-content\\\/uploads\\\/2025\\\/08\\\/SKU-51646.jpg\",\"width\":1000,\"height\":1000},{\"@type\":\"BreadcrumbList\",\"@id\":\"https:\\\/\\\/www.purejewels.com\\\/product\\\/lotus-bud-necklace-51646\\\/#breadcrumb\",\"itemListElement\":[{\"@type\":\"ListItem\",\"position\":1,\"name\":\"Home\",\"item\":\"https:\\\/\\\/www.purejewels.com\\\/\"},{\"@type\":\"ListItem\",\"position\":2,\"name\":\"Shop\",\"item\":\"https:\\\/\\\/www.purejewels.com\\\/shop\\\/\"},{\"@type\":\"ListItem\",\"position\":3,\"name\":\"Lotus Bud Necklace | 18ct\"}]},{\"@type\":\"WebSite\",\"@id\":\"https:\\\/\\\/www.purejewels.com\\\/#website\",\"url\":\"https:\\\/\\\/www.purejewels.com\\\/\",\"name\":\"PureJewels UK\",\"description\":\"Share the Love\",\"publisher\":{\"@id\":\"https:\\\/\\\/www.purejewels.com\\\/#organization\"},\"potentialAction\":[{\"@type\":\"SearchAction\",\"target\":{\"@type\":\"EntryPoint\",\"urlTemplate\":\"https:\\\/\\\/www.purejewels.com\\\/?s={search_term_string}\"},\"query-input\":{\"@type\":\"PropertyValueSpecification\",\"valueRequired\":true,\"valueName\":\"search_term_string\"}}],\"inLanguage\":\"de\"},{\"@type\":\"Organization\",\"@id\":\"https:\\\/\\\/www.purejewels.com\\\/#organization\",\"name\":\"PureJewels UK\",\"url\":\"https:\\\/\\\/www.purejewels.com\\\/\",\"logo\":{\"@type\":\"ImageObject\",\"inLanguage\":\"de\",\"@id\":\"https:\\\/\\\/www.purejewels.com\\\/#\\\/schema\\\/logo\\\/image\\\/\",\"url\":\"https:\\\/\\\/static.purejewels.com\\\/wp-content\\\/uploads\\\/2020\\\/11\\\/Logo-PJ-New-1.png\",\"contentUrl\":\"https:\\\/\\\/static.purejewels.com\\\/wp-content\\\/uploads\\\/2020\\\/11\\\/Logo-PJ-New-1.png\",\"width\":150,\"height\":80,\"caption\":\"PureJewels UK\"},\"image\":{\"@id\":\"https:\\\/\\\/www.purejewels.com\\\/#\\\/schema\\\/logo\\\/image\\\/\"}}]}<\/script>\n<!-- \/ Yoast SEO plugin. -->","yoast_head_json":{"title":"18ct Gold Lotus Halskette mit gelben Diamanten | PureJewels UK","description":"Entdecken Sie die Lotusknospen-Halskette aus 18 Karat Gold mit einem seltenen gelben Diamanten, der Reinheit und Neuanfang symbolisiert.","robots":{"index":"index","follow":"follow","max-snippet":"max-snippet:-1","max-image-preview":"max-image-preview:large","max-video-preview":"max-video-preview:-1"},"canonical":"https:\/\/www.purejewels.com\/de\/produkt-2\/lotusknospen-halskette-51646\/","og_locale":"de_DE","og_type":"article","og_title":"18ct Gold Lotus Necklace with Yellow Diamond | PureJewels UK","og_description":"Discover 18ct gold Lotus Bud Necklace with a rare yellow diamond, symbolising purity and new beginnings.","og_url":"https:\/\/www.purejewels.com\/de\/produkt-2\/lotusknospen-halskette-51646\/","og_site_name":"PureJewels UK","article_modified_time":"2026-02-09T08:41:01+00:00","og_image":[{"width":1000,"height":1000,"url":"https:\/\/static.purejewels.com\/wp-content\/uploads\/2025\/08\/SKU-51646.jpg","type":"image\/jpeg"}],"twitter_card":"summary_large_image","twitter_misc":{"Gesch\u00e4tzte Lesezeit":"1\u00a0Minute"},"schema":{"@context":"https:\/\/schema.org","@graph":[{"@type":["WebPage","ItemPage"],"@id":"https:\/\/www.purejewels.com\/product\/lotus-bud-necklace-51646\/","url":"https:\/\/www.purejewels.com\/product\/lotus-bud-necklace-51646\/","name":"18ct Gold Lotus Halskette mit gelben Diamanten | PureJewels UK","isPartOf":{"@id":"https:\/\/www.purejewels.com\/#website"},"primaryImageOfPage":{"@id":"https:\/\/www.purejewels.com\/product\/lotus-bud-necklace-51646\/#primaryimage"},"image":{"@id":"https:\/\/www.purejewels.com\/product\/lotus-bud-necklace-51646\/#primaryimage"},"thumbnailUrl":"https:\/\/static.purejewels.com\/wp-content\/uploads\/2025\/08\/SKU-51646.jpg","datePublished":"2025-08-03T06:01:12+00:00","dateModified":"2026-02-09T08:41:01+00:00","description":"Entdecken Sie die Lotusknospen-Halskette aus 18 Karat Gold mit einem seltenen gelben Diamanten, der Reinheit und Neuanfang symbolisiert.","breadcrumb":{"@id":"https:\/\/www.purejewels.com\/product\/lotus-bud-necklace-51646\/#breadcrumb"},"inLanguage":"de","potentialAction":[{"@type":"ReadAction","target":["https:\/\/www.purejewels.com\/product\/lotus-bud-necklace-51646\/"]}]},{"@type":"ImageObject","inLanguage":"de","@id":"https:\/\/www.purejewels.com\/product\/lotus-bud-necklace-51646\/#primaryimage","url":"https:\/\/static.purejewels.com\/wp-content\/uploads\/2025\/08\/SKU-51646.jpg","contentUrl":"https:\/\/static.purejewels.com\/wp-content\/uploads\/2025\/08\/SKU-51646.jpg","width":1000,"height":1000},{"@type":"BreadcrumbList","@id":"https:\/\/www.purejewels.com\/product\/lotus-bud-necklace-51646\/#breadcrumb","itemListElement":[{"@type":"ListItem","position":1,"name":"Home","item":"https:\/\/www.purejewels.com\/"},{"@type":"ListItem","position":2,"name":"Shop","item":"https:\/\/www.purejewels.com\/shop\/"},{"@type":"ListItem","position":3,"name":"Lotus Bud Necklace | 18ct"}]},{"@type":"WebSite","@id":"https:\/\/www.purejewels.com\/#website","url":"https:\/\/www.purejewels.com\/","name":"PureJewels UK","description":"Teile die Liebe","publisher":{"@id":"https:\/\/www.purejewels.com\/#organization"},"potentialAction":[{"@type":"SearchAction","target":{"@type":"EntryPoint","urlTemplate":"https:\/\/www.purejewels.com\/?s={search_term_string}"},"query-input":{"@type":"PropertyValueSpecification","valueRequired":true,"valueName":"search_term_string"}}],"inLanguage":"de"},{"@type":"Organization","@id":"https:\/\/www.purejewels.com\/#organization","name":"PureJewels UK","url":"https:\/\/www.purejewels.com\/","logo":{"@type":"ImageObject","inLanguage":"de","@id":"https:\/\/www.purejewels.com\/#\/schema\/logo\/image\/","url":"https:\/\/static.purejewels.com\/wp-content\/uploads\/2020\/11\/Logo-PJ-New-1.png","contentUrl":"https:\/\/static.purejewels.com\/wp-content\/uploads\/2020\/11\/Logo-PJ-New-1.png","width":150,"height":80,"caption":"PureJewels UK"},"image":{"@id":"https:\/\/www.purejewels.com\/#\/schema\/logo\/image\/"}}]}},"_links":{"self":[{"href":"https:\/\/www.purejewels.com\/de\/wp-json\/wp\/v2\/product\/413681","targetHints":{"allow":["GET"]}}],"collection":[{"href":"https:\/\/www.purejewels.com\/de\/wp-json\/wp\/v2\/product"}],"about":[{"href":"https:\/\/www.purejewels.com\/de\/wp-json\/wp\/v2\/types\/product"}],"replies":[{"embeddable":true,"href":"https:\/\/www.purejewels.com\/de\/wp-json\/wp\/v2\/comments?post=413681"}],"version-history":[{"count":1,"href":"https:\/\/www.purejewels.com\/de\/wp-json\/wp\/v2\/product\/413681\/revisions"}],"predecessor-version":[{"id":413684,"href":"https:\/\/www.purejewels.com\/de\/wp-json\/wp\/v2\/product\/413681\/revisions\/413684"}],"wp:featuredmedia":[{"embeddable":true,"href":"https:\/\/www.purejewels.com\/de\/wp-json\/wp\/v2\/media\/420126"}],"wp:attachment":[{"href":"https:\/\/www.purejewels.com\/de\/wp-json\/wp\/v2\/media?parent=413681"}],"wp:term":[{"taxonomy":"product_brand","embeddable":true,"href":"https:\/\/www.purejewels.com\/de\/wp-json\/wp\/v2\/product_brand?post=413681"},{"taxonomy":"product_cat","embeddable":true,"href":"https:\/\/www.purejewels.com\/de\/wp-json\/wp\/v2\/product_cat?post=413681"},{"taxonomy":"product_tag","embeddable":true,"href":"https:\/\/www.purejewels.com\/de\/wp-json\/wp\/v2\/product_tag?post=413681"}],"curies":[{"name":"wp","href":"https:\/\/api.w.org\/{rel}","templated":true}]}}