{"id":413833,"date":"2025-09-01T05:16:54","date_gmt":"2025-09-01T04:16:54","guid":{"rendered":"https:\/\/www.purejewels.com\/?post_type=product&#038;p=413833"},"modified":"2026-01-06T05:33:52","modified_gmt":"2026-01-06T05:33:52","slug":"klassische-ohrstecker-aus-22-karat-gold-52738","status":"publish","type":"product","link":"https:\/\/www.purejewels.com\/de\/product\/22ct-gold-classic-stud-earrings-52738\/","title":{"rendered":"Klassische Ohrstecker aus 22 Karat Gold"},"content":{"rendered":"<p data-start=\"701\" data-end=\"966\">Entdecken Sie die Eleganz traditioneller Handwerkskunst mit unserem <strong data-start=\"758\" data-end=\"793\">Klassische Ohrstecker aus 22 Karat Gold<\/strong>. Diese mit einem zeitlosen, von Blumen inspirierten Motiv gestalteten Ohrstecker sind mit aufwendigen Perlendetails versehen, die die W\u00e4rme und den Glanz von 22-kar\u00e4tigem Gold hervorheben.<\/p>\n<p data-start=\"968\" data-end=\"1352\">Mit einem Durchmesser von 8 mm und einem Gewicht von 1,6 g bieten sie die perfekte Balance zwischen Subtilit\u00e4t und Statement. Der sichere Schraubverschluss sorgt f\u00fcr Komfort und Seelenfrieden und macht sie zur idealen Wahl f\u00fcr den Alltag. Ob als t\u00e4gliches Lieblingsst\u00fcck, zu traditioneller Kleidung oder als bedeutungsvolles Geschenk, diese Ohrringe verk\u00f6rpern den dauerhaften Charme von klassischem Goldschmuck.<\/p>\n<p data-start=\"1354\" data-end=\"1506\">Diese vielseitigen und gesch\u00e4tzten Ohrstecker sind eine Bereicherung f\u00fcr jede Schmucksammlung und spiegeln das Engagement von PureJewels f\u00fcr authentisches Design und feine Handwerkskunst wider.<\/p>\n<p data-start=\"1354\" data-end=\"1506\"><span data-sheets-root=\"1\">Diese exquisiten 22ct Gold Classic Stud Earrings von PureJewels UK sind eine zeitlose Erg\u00e4nzung f\u00fcr jede Schmucksammlung. Die mit Pr\u00e4zision und Liebe zum Detail handgefertigten Ohrringe weisen ein zartes, floral inspiriertes Muster mit feinen Perlendetails auf und verleihen jedem Outfit einen Hauch von Eleganz.<\/p>\n<p>Mit einem Gewicht von nur 1,6 g und einer Gr\u00f6\u00dfe von 8 mm sind diese Ohrringe leicht und bequem den ganzen Tag zu tragen. Der Schraubverschluss sorgt f\u00fcr einen sicheren Sitz und macht sie perfekt f\u00fcr den Alltag oder besondere Anl\u00e4sse.<\/p>\n<p>Diese Ohrringe aus 22 Karat Gold mit einem Feingehalt von 91,6% sind von h\u00f6chster Qualit\u00e4t und werden mit einer britischen Punze f\u00fcr die Echtheit geliefert.<\/p>\n<p>Mit kostenloser Lieferung, sicheren Online-Zahlungen und einer 30-t\u00e4gigen Geld-zur\u00fcck-Garantie k\u00f6nnen Sie beruhigt einkaufen. Ob Sie sich selbst verw\u00f6hnen oder das perfekte Geschenk suchen, diese klassischen Ohrstecker werden Sie sicher beeindrucken. Bestellen Sie sie noch heute und verleihen Sie Ihrem Look einen Hauch von Luxus.<\/span><\/p>","protected":false},"excerpt":{"rendered":"<p>Diese klassischen Ohrstecker aus reichhaltigem 22-kar\u00e4tigem Gold sind handgefertigt und zeigen ein zartes, von Blumen inspiriertes Muster mit feinen Perlendetails. Mit einem Gewicht von 1,6 g und einer Gr\u00f6\u00dfe von 8 mm sind sie mit einem Schraubverschluss versehen und eignen sich sowohl f\u00fcr den eleganten Alltag als auch f\u00fcr besondere Anl\u00e4sse.<\/p>\n<p><strong>Material:<\/strong>\u00a022ct Gold<br \/>\n<strong>Reinheit:<\/strong>\u00a091.6% rein<br \/>\n<strong>Wahrzeichen:<\/strong>\u00a0Britisches G\u00fctesiegel<strong><br \/>\n<\/strong><strong>Bruttogewicht: <\/strong>1,60 Gramm<br \/>\n<strong>Breite: <\/strong>8 mm<br \/>\n<strong>SKU:<\/strong> 52738<\/p>\n<p><strong>Preis und Lieferung<\/strong>: Inklusive Mehrwertsteuer und Lieferkosten<br \/>\n<a href=\"https:\/\/www.purejewels.com\/de\/ruckgabepolitik\/\">R\u00fcckgabepolitik<\/a><\/p>","protected":false},"featured_media":413835,"comment_status":"closed","ping_status":"closed","template":"","meta":{"_eb_attr":"","_crsspst_to_jayantr4sg-hostcom":true},"product_brand":[],"product_cat":[236,1793,1792,1790,1254,252,5611,5342,1570,5338,1577,1574,5349],"product_tag":[66],"class_list":{"0":"post-413833","1":"product","2":"type-product","3":"status-publish","4":"has-post-thumbnail","6":"product_cat-collections","7":"product_cat-diwali-gifts","8":"product_cat-festival-gifts","9":"product_cat-for-whom-when","10":"product_cat-gold-earrings","11":"product_cat-jali-collections","12":"product_cat-jali-earrings","13":"product_cat-jewellery-under-250","14":"product_cat-mothers-day-gifts","15":"product_cat-shop-by-price","16":"product_cat-stud-earrings","17":"product_cat-womens-jewellery","18":"product_cat-yellow-gold-jewellery","19":"product_tag-earrings","21":"first","22":"outofstock","23":"taxable","24":"shipping-taxable","25":"product-type-simple","26":"add-to-wishlist-before_image"},"yoast_head":"<!-- This site is optimized with the Yoast SEO plugin v27.4 - https:\/\/yoast.com\/product\/yoast-seo-wordpress\/ -->\n<title>22ct Gold Classic Stud Earrings | PureJewels UK<\/title>\n<meta name=\"description\" content=\"Shop 22ct Gold Classic Stud Earrings at PureJewels. Handcrafted in pure gold with intricate detailing, these timeless studs are perfect for daily wear or gifting.\" \/>\n<meta name=\"robots\" content=\"index, follow, max-snippet:-1, max-image-preview:large, max-video-preview:-1\" \/>\n<link rel=\"canonical\" href=\"https:\/\/www.purejewels.com\/de\/produkt-2\/klassische-ohrstecker-aus-22-karat-gold-52738\/\" \/>\n<meta property=\"og:locale\" content=\"de_DE\" \/>\n<meta property=\"og:type\" content=\"article\" \/>\n<meta property=\"og:title\" content=\"22ct Gold Classic Stud Earrings | PureJewels UK\" \/>\n<meta property=\"og:description\" content=\"Shop 22ct Gold Classic Stud Earrings at PureJewels. Handcrafted in pure gold with intricate detailing, these timeless studs are perfect for daily wear or gifting.\" \/>\n<meta property=\"og:url\" content=\"https:\/\/www.purejewels.com\/de\/produkt-2\/klassische-ohrstecker-aus-22-karat-gold-52738\/\" \/>\n<meta property=\"og:site_name\" content=\"PureJewels UK\" \/>\n<meta property=\"article:modified_time\" content=\"2026-01-06T05:33:52+00:00\" \/>\n<meta property=\"og:image\" content=\"https:\/\/www.purejewels.com\/wp-content\/uploads\/2025\/09\/SKU-52738.jpg\" \/>\n\t<meta property=\"og:image:width\" content=\"1000\" \/>\n\t<meta property=\"og:image:height\" content=\"1000\" \/>\n\t<meta property=\"og:image:type\" content=\"image\/jpeg\" \/>\n<meta name=\"twitter:card\" content=\"summary_large_image\" \/>\n<meta name=\"twitter:label1\" content=\"Gesch\u00e4tzte Lesezeit\" \/>\n\t<meta name=\"twitter:data1\" content=\"2\u00a0Minuten\" \/>\n<script type=\"application\/ld+json\" class=\"yoast-schema-graph\">{\"@context\":\"https:\\\/\\\/schema.org\",\"@graph\":[{\"@type\":[\"WebPage\",\"ItemPage\"],\"@id\":\"https:\\\/\\\/www.purejewels.com\\\/product\\\/22ct-gold-classic-stud-earrings-52738\\\/\",\"url\":\"https:\\\/\\\/www.purejewels.com\\\/product\\\/22ct-gold-classic-stud-earrings-52738\\\/\",\"name\":\"22ct Gold Classic Stud Earrings | PureJewels UK\",\"isPartOf\":{\"@id\":\"https:\\\/\\\/www.purejewels.com\\\/#website\"},\"primaryImageOfPage\":{\"@id\":\"https:\\\/\\\/www.purejewels.com\\\/product\\\/22ct-gold-classic-stud-earrings-52738\\\/#primaryimage\"},\"image\":{\"@id\":\"https:\\\/\\\/www.purejewels.com\\\/product\\\/22ct-gold-classic-stud-earrings-52738\\\/#primaryimage\"},\"thumbnailUrl\":\"https:\\\/\\\/static.purejewels.com\\\/wp-content\\\/uploads\\\/2025\\\/09\\\/SKU-52738.jpg\",\"datePublished\":\"2025-09-01T04:16:54+00:00\",\"dateModified\":\"2026-01-06T05:33:52+00:00\",\"description\":\"Shop 22ct Gold Classic Stud Earrings at PureJewels. Handcrafted in pure gold with intricate detailing, these timeless studs are perfect for daily wear or gifting.\",\"breadcrumb\":{\"@id\":\"https:\\\/\\\/www.purejewels.com\\\/product\\\/22ct-gold-classic-stud-earrings-52738\\\/#breadcrumb\"},\"inLanguage\":\"de\",\"potentialAction\":[{\"@type\":\"ReadAction\",\"target\":[\"https:\\\/\\\/www.purejewels.com\\\/product\\\/22ct-gold-classic-stud-earrings-52738\\\/\"]}]},{\"@type\":\"ImageObject\",\"inLanguage\":\"de\",\"@id\":\"https:\\\/\\\/www.purejewels.com\\\/product\\\/22ct-gold-classic-stud-earrings-52738\\\/#primaryimage\",\"url\":\"https:\\\/\\\/static.purejewels.com\\\/wp-content\\\/uploads\\\/2025\\\/09\\\/SKU-52738.jpg\",\"contentUrl\":\"https:\\\/\\\/static.purejewels.com\\\/wp-content\\\/uploads\\\/2025\\\/09\\\/SKU-52738.jpg\",\"width\":1000,\"height\":1000,\"caption\":\"22ct Gold Classic Stud Earrings\"},{\"@type\":\"BreadcrumbList\",\"@id\":\"https:\\\/\\\/www.purejewels.com\\\/product\\\/22ct-gold-classic-stud-earrings-52738\\\/#breadcrumb\",\"itemListElement\":[{\"@type\":\"ListItem\",\"position\":1,\"name\":\"Home\",\"item\":\"https:\\\/\\\/www.purejewels.com\\\/\"},{\"@type\":\"ListItem\",\"position\":2,\"name\":\"Shop\",\"item\":\"https:\\\/\\\/www.purejewels.com\\\/shop\\\/\"},{\"@type\":\"ListItem\",\"position\":3,\"name\":\"22ct Gold Classic Stud Earrings\"}]},{\"@type\":\"WebSite\",\"@id\":\"https:\\\/\\\/www.purejewels.com\\\/#website\",\"url\":\"https:\\\/\\\/www.purejewels.com\\\/\",\"name\":\"PureJewels UK\",\"description\":\"Share the Love\",\"publisher\":{\"@id\":\"https:\\\/\\\/www.purejewels.com\\\/#organization\"},\"potentialAction\":[{\"@type\":\"SearchAction\",\"target\":{\"@type\":\"EntryPoint\",\"urlTemplate\":\"https:\\\/\\\/www.purejewels.com\\\/?s={search_term_string}\"},\"query-input\":{\"@type\":\"PropertyValueSpecification\",\"valueRequired\":true,\"valueName\":\"search_term_string\"}}],\"inLanguage\":\"de\"},{\"@type\":\"Organization\",\"@id\":\"https:\\\/\\\/www.purejewels.com\\\/#organization\",\"name\":\"PureJewels UK\",\"url\":\"https:\\\/\\\/www.purejewels.com\\\/\",\"logo\":{\"@type\":\"ImageObject\",\"inLanguage\":\"de\",\"@id\":\"https:\\\/\\\/www.purejewels.com\\\/#\\\/schema\\\/logo\\\/image\\\/\",\"url\":\"https:\\\/\\\/static.purejewels.com\\\/wp-content\\\/uploads\\\/2020\\\/11\\\/Logo-PJ-New-1.png\",\"contentUrl\":\"https:\\\/\\\/static.purejewels.com\\\/wp-content\\\/uploads\\\/2020\\\/11\\\/Logo-PJ-New-1.png\",\"width\":150,\"height\":80,\"caption\":\"PureJewels UK\"},\"image\":{\"@id\":\"https:\\\/\\\/www.purejewels.com\\\/#\\\/schema\\\/logo\\\/image\\\/\"}}]}<\/script>\n<!-- \/ Yoast SEO plugin. -->","yoast_head_json":{"title":"22ct Gold Klassische Ohrstecker | PureJewels UK","description":"Kaufen Sie 22ct Gold Klassische Ohrstecker bei PureJewels. Handgefertigt aus reinem Gold mit aufwendigen Details, sind diese zeitlosen Ohrstecker perfekt f\u00fcr den t\u00e4glichen Gebrauch oder zum Verschenken.","robots":{"index":"index","follow":"follow","max-snippet":"max-snippet:-1","max-image-preview":"max-image-preview:large","max-video-preview":"max-video-preview:-1"},"canonical":"https:\/\/www.purejewels.com\/de\/produkt-2\/klassische-ohrstecker-aus-22-karat-gold-52738\/","og_locale":"de_DE","og_type":"article","og_title":"22ct Gold Classic Stud Earrings | PureJewels UK","og_description":"Shop 22ct Gold Classic Stud Earrings at PureJewels. Handcrafted in pure gold with intricate detailing, these timeless studs are perfect for daily wear or gifting.","og_url":"https:\/\/www.purejewels.com\/de\/produkt-2\/klassische-ohrstecker-aus-22-karat-gold-52738\/","og_site_name":"PureJewels UK","article_modified_time":"2026-01-06T05:33:52+00:00","og_image":[{"width":1000,"height":1000,"url":"https:\/\/www.purejewels.com\/wp-content\/uploads\/2025\/09\/SKU-52738.jpg","type":"image\/jpeg"}],"twitter_card":"summary_large_image","twitter_misc":{"Gesch\u00e4tzte Lesezeit":"2\u00a0Minuten"},"schema":{"@context":"https:\/\/schema.org","@graph":[{"@type":["WebPage","ItemPage"],"@id":"https:\/\/www.purejewels.com\/product\/22ct-gold-classic-stud-earrings-52738\/","url":"https:\/\/www.purejewels.com\/product\/22ct-gold-classic-stud-earrings-52738\/","name":"22ct Gold Klassische Ohrstecker | PureJewels UK","isPartOf":{"@id":"https:\/\/www.purejewels.com\/#website"},"primaryImageOfPage":{"@id":"https:\/\/www.purejewels.com\/product\/22ct-gold-classic-stud-earrings-52738\/#primaryimage"},"image":{"@id":"https:\/\/www.purejewels.com\/product\/22ct-gold-classic-stud-earrings-52738\/#primaryimage"},"thumbnailUrl":"https:\/\/static.purejewels.com\/wp-content\/uploads\/2025\/09\/SKU-52738.jpg","datePublished":"2025-09-01T04:16:54+00:00","dateModified":"2026-01-06T05:33:52+00:00","description":"Kaufen Sie 22ct Gold Klassische Ohrstecker bei PureJewels. Handgefertigt aus reinem Gold mit aufwendigen Details, sind diese zeitlosen Ohrstecker perfekt f\u00fcr den t\u00e4glichen Gebrauch oder zum Verschenken.","breadcrumb":{"@id":"https:\/\/www.purejewels.com\/product\/22ct-gold-classic-stud-earrings-52738\/#breadcrumb"},"inLanguage":"de","potentialAction":[{"@type":"ReadAction","target":["https:\/\/www.purejewels.com\/product\/22ct-gold-classic-stud-earrings-52738\/"]}]},{"@type":"ImageObject","inLanguage":"de","@id":"https:\/\/www.purejewels.com\/product\/22ct-gold-classic-stud-earrings-52738\/#primaryimage","url":"https:\/\/static.purejewels.com\/wp-content\/uploads\/2025\/09\/SKU-52738.jpg","contentUrl":"https:\/\/static.purejewels.com\/wp-content\/uploads\/2025\/09\/SKU-52738.jpg","width":1000,"height":1000,"caption":"22ct Gold Classic Stud Earrings"},{"@type":"BreadcrumbList","@id":"https:\/\/www.purejewels.com\/product\/22ct-gold-classic-stud-earrings-52738\/#breadcrumb","itemListElement":[{"@type":"ListItem","position":1,"name":"Home","item":"https:\/\/www.purejewels.com\/"},{"@type":"ListItem","position":2,"name":"Shop","item":"https:\/\/www.purejewels.com\/shop\/"},{"@type":"ListItem","position":3,"name":"22ct Gold Classic Stud Earrings"}]},{"@type":"WebSite","@id":"https:\/\/www.purejewels.com\/#website","url":"https:\/\/www.purejewels.com\/","name":"PureJewels UK","description":"Teile die Liebe","publisher":{"@id":"https:\/\/www.purejewels.com\/#organization"},"potentialAction":[{"@type":"SearchAction","target":{"@type":"EntryPoint","urlTemplate":"https:\/\/www.purejewels.com\/?s={search_term_string}"},"query-input":{"@type":"PropertyValueSpecification","valueRequired":true,"valueName":"search_term_string"}}],"inLanguage":"de"},{"@type":"Organization","@id":"https:\/\/www.purejewels.com\/#organization","name":"PureJewels UK","url":"https:\/\/www.purejewels.com\/","logo":{"@type":"ImageObject","inLanguage":"de","@id":"https:\/\/www.purejewels.com\/#\/schema\/logo\/image\/","url":"https:\/\/static.purejewels.com\/wp-content\/uploads\/2020\/11\/Logo-PJ-New-1.png","contentUrl":"https:\/\/static.purejewels.com\/wp-content\/uploads\/2020\/11\/Logo-PJ-New-1.png","width":150,"height":80,"caption":"PureJewels UK"},"image":{"@id":"https:\/\/www.purejewels.com\/#\/schema\/logo\/image\/"}}]}},"_links":{"self":[{"href":"https:\/\/www.purejewels.com\/de\/wp-json\/wp\/v2\/product\/413833","targetHints":{"allow":["GET"]}}],"collection":[{"href":"https:\/\/www.purejewels.com\/de\/wp-json\/wp\/v2\/product"}],"about":[{"href":"https:\/\/www.purejewels.com\/de\/wp-json\/wp\/v2\/types\/product"}],"replies":[{"embeddable":true,"href":"https:\/\/www.purejewels.com\/de\/wp-json\/wp\/v2\/comments?post=413833"}],"version-history":[{"count":3,"href":"https:\/\/www.purejewels.com\/de\/wp-json\/wp\/v2\/product\/413833\/revisions"}],"predecessor-version":[{"id":420074,"href":"https:\/\/www.purejewels.com\/de\/wp-json\/wp\/v2\/product\/413833\/revisions\/420074"}],"wp:featuredmedia":[{"embeddable":true,"href":"https:\/\/www.purejewels.com\/de\/wp-json\/wp\/v2\/media\/413835"}],"wp:attachment":[{"href":"https:\/\/www.purejewels.com\/de\/wp-json\/wp\/v2\/media?parent=413833"}],"wp:term":[{"taxonomy":"product_brand","embeddable":true,"href":"https:\/\/www.purejewels.com\/de\/wp-json\/wp\/v2\/product_brand?post=413833"},{"taxonomy":"product_cat","embeddable":true,"href":"https:\/\/www.purejewels.com\/de\/wp-json\/wp\/v2\/product_cat?post=413833"},{"taxonomy":"product_tag","embeddable":true,"href":"https:\/\/www.purejewels.com\/de\/wp-json\/wp\/v2\/product_tag?post=413833"}],"curies":[{"name":"wp","href":"https:\/\/api.w.org\/{rel}","templated":true}]}}