{"id":413843,"date":"2025-09-04T05:37:35","date_gmt":"2025-09-04T04:37:35","guid":{"rendered":"https:\/\/www.purejewels.com\/?post_type=product&#038;p=413843"},"modified":"2026-03-16T09:18:43","modified_gmt":"2026-03-16T09:18:43","slug":"22ct-gold-kleine-blumenstecker-52741","status":"publish","type":"product","link":"https:\/\/www.purejewels.com\/de\/product\/22ct-gold-small-flower-studs-52741\/","title":{"rendered":"22ct Gold Kleine Blume Ohrstecker"},"content":{"rendered":"<p data-start=\"80\" data-end=\"306\"><strong data-start=\"80\" data-end=\"90\">Gestaltung<\/strong><br data-start=\"90\" data-end=\"93\" \/>Zart geformt wie eine bl\u00fchende Blume, messen diese kleinen Ohrstecker 7 mm im Durchmesser und fangen ein klassisches Blumenmotiv in strahlendem 22-kar\u00e4tigem Gelbgold ein. Sie sind kompakt und dennoch detailliert und verleihen dem t\u00e4glichen Tragen einen Hauch von Anmut.<\/p>\n<p data-start=\"308\" data-end=\"545\"><strong data-start=\"308\" data-end=\"325\">Handwerkliches K\u00f6nnen<\/strong><br data-start=\"325\" data-end=\"328\" \/>Die aus reinem 22-kar\u00e4tigem Gold gegossenen und veredelten Ohrstecker sind in London gepunzt und somit authentisch. Ihr geringes Gewicht und die glatte Oberfl\u00e4che sorgen f\u00fcr Komfort und machen sie ideal f\u00fcr den regelm\u00e4\u00dfigen Gebrauch, ohne dabei auf Designdetails zu verzichten.<\/p>\n<p data-start=\"547\" data-end=\"775\"><strong data-start=\"547\" data-end=\"563\">Styling-Tipps<\/strong><br data-start=\"563\" data-end=\"566\" \/>Diese Nieten sind perfekt f\u00fcr den t\u00e4glichen Gebrauch und passen sowohl zu traditioneller Kleidung als auch zu Freizeitoutfits. Ihr dezentes florales Design macht sie auch zu vielseitigen Begleitern gr\u00f6\u00dferer Schmuckst\u00fccke, wenn sie \u00fcbereinander getragen werden.<\/p>","protected":false},"excerpt":{"rendered":"<p>Diese kleinen, aus 22-kar\u00e4tigem Gold gefertigten Blumenohrstecker bestechen durch ihr charmantes, mit feinen Details versehenes Bl\u00fctendesign. Mit einem Gewicht von 1,24 g und einer Gr\u00f6\u00dfe von 7 mm sind sie mit einem Schraubverschluss versehen, der f\u00fcr Komfort und Leichtigkeit sorgt. Perfekt f\u00fcr den Alltag, zum Verschenken oder zum Kombinieren mit traditionellen Looks.<\/p>\n<p><strong>Material:<\/strong>\u00a022ct Gold<br \/>\n<strong>Reinheit:<\/strong>\u00a091.6% rein<br \/>\n<strong>Wahrzeichen:<\/strong>\u00a0Britisches G\u00fctesiegel<strong><br \/>\n<\/strong><strong>Bruttogewicht: <\/strong>1,24 Gramm<br \/>\n<strong>Breite:<\/strong> 7 mm<br \/>\n<strong>SKU:<\/strong> 54610, 54617, 54624, 54602, 54603<\/p>\n<p><strong>Preis und Lieferung<\/strong>: Inklusive Mehrwertsteuer und Lieferkosten<br \/>\n<a href=\"https:\/\/www.purejewels.com\/de\/ruckgabepolitik\/\">R\u00fcckgabepolitik<\/a><\/p>","protected":false},"featured_media":413844,"comment_status":"closed","ping_status":"closed","template":"","meta":{"_eb_attr":"","_crsspst_to_jayantr4sg-hostcom":false},"product_brand":[],"product_cat":[236,1793,1792,1790,1254,252,5611,5343,1570,5338,1577,1574,5349],"product_tag":[66],"class_list":{"0":"post-413843","1":"product","2":"type-product","3":"status-publish","4":"has-post-thumbnail","6":"product_cat-collections","7":"product_cat-diwali-gifts","8":"product_cat-festival-gifts","9":"product_cat-for-whom-when","10":"product_cat-gold-earrings","11":"product_cat-jali-collections","12":"product_cat-jali-earrings","13":"product_cat-jewellery-under-550","14":"product_cat-mothers-day-gifts","15":"product_cat-shop-by-price","16":"product_cat-stud-earrings","17":"product_cat-womens-jewellery","18":"product_cat-yellow-gold-jewellery","19":"product_tag-earrings","21":"first","22":"instock","23":"taxable","24":"shipping-taxable","25":"purchasable","26":"product-type-simple","27":"add-to-wishlist-before_image"},"yoast_head":"<!-- This site is optimized with the Yoast SEO plugin v27.4 - https:\/\/yoast.com\/product\/yoast-seo-wordpress\/ -->\n<title>22ct Gold Filigree Studs | PureJewels UK<\/title>\n<meta name=\"description\" content=\"Shop 22ct Gold Filigree Studs at PureJewels. Handcrafted with flower detailing, these elegant gold stud earrings are your everyday favourite.\" \/>\n<meta name=\"robots\" content=\"index, follow, max-snippet:-1, max-image-preview:large, max-video-preview:-1\" \/>\n<link rel=\"canonical\" href=\"https:\/\/www.purejewels.com\/de\/produkt-2\/22ct-gold-kleine-blumenstecker-52741\/\" \/>\n<meta property=\"og:locale\" content=\"de_DE\" \/>\n<meta property=\"og:type\" content=\"article\" \/>\n<meta property=\"og:title\" content=\"22ct Gold Filigree Studs | PureJewels UK\" \/>\n<meta property=\"og:description\" content=\"Shop 22ct Gold Filigree Studs at PureJewels. Handcrafted with flower detailing, these elegant gold stud earrings are your everyday favourite.\" \/>\n<meta property=\"og:url\" content=\"https:\/\/www.purejewels.com\/de\/produkt-2\/22ct-gold-kleine-blumenstecker-52741\/\" \/>\n<meta property=\"og:site_name\" content=\"PureJewels UK\" \/>\n<meta property=\"article:modified_time\" content=\"2026-03-16T09:18:43+00:00\" \/>\n<meta property=\"og:image\" content=\"https:\/\/static.purejewels.com\/wp-content\/uploads\/2025\/09\/SKU-52741.jpg\" \/>\n\t<meta property=\"og:image:width\" content=\"1000\" \/>\n\t<meta property=\"og:image:height\" content=\"1000\" \/>\n\t<meta property=\"og:image:type\" content=\"image\/jpeg\" \/>\n<meta name=\"twitter:card\" content=\"summary_large_image\" \/>\n<meta name=\"twitter:label1\" content=\"Gesch\u00e4tzte Lesezeit\" \/>\n\t<meta name=\"twitter:data1\" content=\"1\u00a0Minute\" \/>\n<script type=\"application\/ld+json\" class=\"yoast-schema-graph\">{\"@context\":\"https:\\\/\\\/schema.org\",\"@graph\":[{\"@type\":[\"WebPage\",\"ItemPage\"],\"@id\":\"https:\\\/\\\/www.purejewels.com\\\/product\\\/22ct-gold-small-flower-studs-52741\\\/\",\"url\":\"https:\\\/\\\/www.purejewels.com\\\/product\\\/22ct-gold-small-flower-studs-52741\\\/\",\"name\":\"22ct Gold Filigree Studs | PureJewels UK\",\"isPartOf\":{\"@id\":\"https:\\\/\\\/www.purejewels.com\\\/#website\"},\"primaryImageOfPage\":{\"@id\":\"https:\\\/\\\/www.purejewels.com\\\/product\\\/22ct-gold-small-flower-studs-52741\\\/#primaryimage\"},\"image\":{\"@id\":\"https:\\\/\\\/www.purejewels.com\\\/product\\\/22ct-gold-small-flower-studs-52741\\\/#primaryimage\"},\"thumbnailUrl\":\"https:\\\/\\\/static.purejewels.com\\\/wp-content\\\/uploads\\\/2025\\\/09\\\/SKU-52741.jpg\",\"datePublished\":\"2025-09-04T04:37:35+00:00\",\"dateModified\":\"2026-03-16T09:18:43+00:00\",\"description\":\"Shop 22ct Gold Filigree Studs at PureJewels. Handcrafted with flower detailing, these elegant gold stud earrings are your everyday favourite.\",\"breadcrumb\":{\"@id\":\"https:\\\/\\\/www.purejewels.com\\\/product\\\/22ct-gold-small-flower-studs-52741\\\/#breadcrumb\"},\"inLanguage\":\"de\",\"potentialAction\":[{\"@type\":\"ReadAction\",\"target\":[\"https:\\\/\\\/www.purejewels.com\\\/product\\\/22ct-gold-small-flower-studs-52741\\\/\"]}]},{\"@type\":\"ImageObject\",\"inLanguage\":\"de\",\"@id\":\"https:\\\/\\\/www.purejewels.com\\\/product\\\/22ct-gold-small-flower-studs-52741\\\/#primaryimage\",\"url\":\"https:\\\/\\\/static.purejewels.com\\\/wp-content\\\/uploads\\\/2025\\\/09\\\/SKU-52741.jpg\",\"contentUrl\":\"https:\\\/\\\/static.purejewels.com\\\/wp-content\\\/uploads\\\/2025\\\/09\\\/SKU-52741.jpg\",\"width\":1000,\"height\":1000,\"caption\":\"22ct Gold Small Flower Studs\"},{\"@type\":\"BreadcrumbList\",\"@id\":\"https:\\\/\\\/www.purejewels.com\\\/product\\\/22ct-gold-small-flower-studs-52741\\\/#breadcrumb\",\"itemListElement\":[{\"@type\":\"ListItem\",\"position\":1,\"name\":\"Home\",\"item\":\"https:\\\/\\\/www.purejewels.com\\\/\"},{\"@type\":\"ListItem\",\"position\":2,\"name\":\"Shop\",\"item\":\"https:\\\/\\\/www.purejewels.com\\\/shop\\\/\"},{\"@type\":\"ListItem\",\"position\":3,\"name\":\"22ct Gold Small Flower Studs\"}]},{\"@type\":\"WebSite\",\"@id\":\"https:\\\/\\\/www.purejewels.com\\\/#website\",\"url\":\"https:\\\/\\\/www.purejewels.com\\\/\",\"name\":\"PureJewels UK\",\"description\":\"Share the Love\",\"publisher\":{\"@id\":\"https:\\\/\\\/www.purejewels.com\\\/#organization\"},\"potentialAction\":[{\"@type\":\"SearchAction\",\"target\":{\"@type\":\"EntryPoint\",\"urlTemplate\":\"https:\\\/\\\/www.purejewels.com\\\/?s={search_term_string}\"},\"query-input\":{\"@type\":\"PropertyValueSpecification\",\"valueRequired\":true,\"valueName\":\"search_term_string\"}}],\"inLanguage\":\"de\"},{\"@type\":\"Organization\",\"@id\":\"https:\\\/\\\/www.purejewels.com\\\/#organization\",\"name\":\"PureJewels UK\",\"url\":\"https:\\\/\\\/www.purejewels.com\\\/\",\"logo\":{\"@type\":\"ImageObject\",\"inLanguage\":\"de\",\"@id\":\"https:\\\/\\\/www.purejewels.com\\\/#\\\/schema\\\/logo\\\/image\\\/\",\"url\":\"https:\\\/\\\/static.purejewels.com\\\/wp-content\\\/uploads\\\/2020\\\/11\\\/Logo-PJ-New-1.png\",\"contentUrl\":\"https:\\\/\\\/static.purejewels.com\\\/wp-content\\\/uploads\\\/2020\\\/11\\\/Logo-PJ-New-1.png\",\"width\":150,\"height\":80,\"caption\":\"PureJewels UK\"},\"image\":{\"@id\":\"https:\\\/\\\/www.purejewels.com\\\/#\\\/schema\\\/logo\\\/image\\\/\"}}]}<\/script>\n<!-- \/ Yoast SEO plugin. -->","yoast_head_json":{"title":"22ct Gold Filigrane Ohrstecker | PureJewels UK","description":"Kaufen Sie filigrane 22ct Gold Ohrstecker bei PureJewels. Handgefertigt mit Blumendetails, sind diese eleganten goldenen Ohrstecker Ihr t\u00e4glicher Favorit.","robots":{"index":"index","follow":"follow","max-snippet":"max-snippet:-1","max-image-preview":"max-image-preview:large","max-video-preview":"max-video-preview:-1"},"canonical":"https:\/\/www.purejewels.com\/de\/produkt-2\/22ct-gold-kleine-blumenstecker-52741\/","og_locale":"de_DE","og_type":"article","og_title":"22ct Gold Filigree Studs | PureJewels UK","og_description":"Shop 22ct Gold Filigree Studs at PureJewels. Handcrafted with flower detailing, these elegant gold stud earrings are your everyday favourite.","og_url":"https:\/\/www.purejewels.com\/de\/produkt-2\/22ct-gold-kleine-blumenstecker-52741\/","og_site_name":"PureJewels UK","article_modified_time":"2026-03-16T09:18:43+00:00","og_image":[{"width":1000,"height":1000,"url":"https:\/\/static.purejewels.com\/wp-content\/uploads\/2025\/09\/SKU-52741.jpg","type":"image\/jpeg"}],"twitter_card":"summary_large_image","twitter_misc":{"Gesch\u00e4tzte Lesezeit":"1\u00a0Minute"},"schema":{"@context":"https:\/\/schema.org","@graph":[{"@type":["WebPage","ItemPage"],"@id":"https:\/\/www.purejewels.com\/product\/22ct-gold-small-flower-studs-52741\/","url":"https:\/\/www.purejewels.com\/product\/22ct-gold-small-flower-studs-52741\/","name":"22ct Gold Filigrane Ohrstecker | PureJewels UK","isPartOf":{"@id":"https:\/\/www.purejewels.com\/#website"},"primaryImageOfPage":{"@id":"https:\/\/www.purejewels.com\/product\/22ct-gold-small-flower-studs-52741\/#primaryimage"},"image":{"@id":"https:\/\/www.purejewels.com\/product\/22ct-gold-small-flower-studs-52741\/#primaryimage"},"thumbnailUrl":"https:\/\/static.purejewels.com\/wp-content\/uploads\/2025\/09\/SKU-52741.jpg","datePublished":"2025-09-04T04:37:35+00:00","dateModified":"2026-03-16T09:18:43+00:00","description":"Kaufen Sie filigrane 22ct Gold Ohrstecker bei PureJewels. Handgefertigt mit Blumendetails, sind diese eleganten goldenen Ohrstecker Ihr t\u00e4glicher Favorit.","breadcrumb":{"@id":"https:\/\/www.purejewels.com\/product\/22ct-gold-small-flower-studs-52741\/#breadcrumb"},"inLanguage":"de","potentialAction":[{"@type":"ReadAction","target":["https:\/\/www.purejewels.com\/product\/22ct-gold-small-flower-studs-52741\/"]}]},{"@type":"ImageObject","inLanguage":"de","@id":"https:\/\/www.purejewels.com\/product\/22ct-gold-small-flower-studs-52741\/#primaryimage","url":"https:\/\/static.purejewels.com\/wp-content\/uploads\/2025\/09\/SKU-52741.jpg","contentUrl":"https:\/\/static.purejewels.com\/wp-content\/uploads\/2025\/09\/SKU-52741.jpg","width":1000,"height":1000,"caption":"22ct Gold Small Flower Studs"},{"@type":"BreadcrumbList","@id":"https:\/\/www.purejewels.com\/product\/22ct-gold-small-flower-studs-52741\/#breadcrumb","itemListElement":[{"@type":"ListItem","position":1,"name":"Home","item":"https:\/\/www.purejewels.com\/"},{"@type":"ListItem","position":2,"name":"Shop","item":"https:\/\/www.purejewels.com\/shop\/"},{"@type":"ListItem","position":3,"name":"22ct Gold Small Flower Studs"}]},{"@type":"WebSite","@id":"https:\/\/www.purejewels.com\/#website","url":"https:\/\/www.purejewels.com\/","name":"PureJewels UK","description":"Teile die Liebe","publisher":{"@id":"https:\/\/www.purejewels.com\/#organization"},"potentialAction":[{"@type":"SearchAction","target":{"@type":"EntryPoint","urlTemplate":"https:\/\/www.purejewels.com\/?s={search_term_string}"},"query-input":{"@type":"PropertyValueSpecification","valueRequired":true,"valueName":"search_term_string"}}],"inLanguage":"de"},{"@type":"Organization","@id":"https:\/\/www.purejewels.com\/#organization","name":"PureJewels UK","url":"https:\/\/www.purejewels.com\/","logo":{"@type":"ImageObject","inLanguage":"de","@id":"https:\/\/www.purejewels.com\/#\/schema\/logo\/image\/","url":"https:\/\/static.purejewels.com\/wp-content\/uploads\/2020\/11\/Logo-PJ-New-1.png","contentUrl":"https:\/\/static.purejewels.com\/wp-content\/uploads\/2020\/11\/Logo-PJ-New-1.png","width":150,"height":80,"caption":"PureJewels UK"},"image":{"@id":"https:\/\/www.purejewels.com\/#\/schema\/logo\/image\/"}}]}},"_links":{"self":[{"href":"https:\/\/www.purejewels.com\/de\/wp-json\/wp\/v2\/product\/413843","targetHints":{"allow":["GET"]}}],"collection":[{"href":"https:\/\/www.purejewels.com\/de\/wp-json\/wp\/v2\/product"}],"about":[{"href":"https:\/\/www.purejewels.com\/de\/wp-json\/wp\/v2\/types\/product"}],"replies":[{"embeddable":true,"href":"https:\/\/www.purejewels.com\/de\/wp-json\/wp\/v2\/comments?post=413843"}],"version-history":[{"count":6,"href":"https:\/\/www.purejewels.com\/de\/wp-json\/wp\/v2\/product\/413843\/revisions"}],"predecessor-version":[{"id":427034,"href":"https:\/\/www.purejewels.com\/de\/wp-json\/wp\/v2\/product\/413843\/revisions\/427034"}],"wp:featuredmedia":[{"embeddable":true,"href":"https:\/\/www.purejewels.com\/de\/wp-json\/wp\/v2\/media\/413844"}],"wp:attachment":[{"href":"https:\/\/www.purejewels.com\/de\/wp-json\/wp\/v2\/media?parent=413843"}],"wp:term":[{"taxonomy":"product_brand","embeddable":true,"href":"https:\/\/www.purejewels.com\/de\/wp-json\/wp\/v2\/product_brand?post=413843"},{"taxonomy":"product_cat","embeddable":true,"href":"https:\/\/www.purejewels.com\/de\/wp-json\/wp\/v2\/product_cat?post=413843"},{"taxonomy":"product_tag","embeddable":true,"href":"https:\/\/www.purejewels.com\/de\/wp-json\/wp\/v2\/product_tag?post=413843"}],"curies":[{"name":"wp","href":"https:\/\/api.w.org\/{rel}","templated":true}]}}